{"id":34302,"date":"2015-06-25T12:15:21","date_gmt":"2015-06-25T10:15:21","guid":{"rendered":"http:\/\/www.serbia.com\/?page_id=34302"},"modified":"2024-06-06T10:40:46","modified_gmt":"2024-06-06T08:40:46","slug":"erski-humor","status":"publish","type":"page","link":"https:\/\/serbia.com\/srpski\/o-srbiji\/kultura\/nematerijalno-kulturno-nasledje-srbije\/nematerijalno-kulturno-naslede-kao-cuvar-srpskog-identiteta\/erski-humor\/","title":{"rendered":"Erski humor"},"content":{"rendered":"<h2><a href=\"https:\/\/staging.serbia.com\/srpski\/posetite-srbiju\/prirodne-lepote\/planine\/zlatibor-ukras-na-1-000-metara-visine\/\">Zlatibor<\/a> je ve\u0107ini ljudi poznat kao urbana planina za odmor, skijanje i dobar provod. Mnogi su za njega \u010duli i zbog odli\u010dne doma\u0107e pr\u0161ute, <a href=\"https:\/\/staging.serbia.com\/srpski\/kajmak-nezamenljivo-dobar-3\/\">kajmaka<\/a>, slanine i <a href=\"https:\/\/staging.serbia.com\/srpski\/njeno-visocanstvo-komplet-lepinja\/\">komplet lepinje<\/a>. Ali, koliko ljudi je upoznato sa neobi\u010dnim humorom koji je karakteristi\u010dan upravo za ovu regiju?<\/h2>\n<p>Prelepi prostrani vidici, pa\u0161njaci, \u010dist vazduh, ali i te\u017eak \u017eivot i surovi uslovi opstanka, uticali su na oblikovanje karaktera i mentaliteta ljudi iz zlatiborske regije. Neprestena borba za pre\u017eivljavanje, veseo duh i prostodu\u0161nost, podarili su ljudima sa ovog prostora <strong>neobi\u010dan i slobodno se mo\u017ee re\u0107i jedinstven smisao za \u0161ale i dosetke.<\/strong><\/p>\n<p>Me\u0111utim, humor je mnogo vi\u0161e od zanimljivih pri\u010da koje kod ljudi izazivaju smeh. <strong>Humor je stanje duha, i va\u017ean segment \u017eivljenja ljudi.<\/strong> On je pokazatelj intelektualne osobenosti naroda koji ga stvara, interpretira i prenosi na generacije koje dolaze. Zbog svega toga, mo\u017ee se re\u0107i da je <strong>erski humor istinska kulturna i dru\u0161tvena posebnost ljudi iz <a title=\"Zlatibor, ukras na 1.000 metara visine\" href=\"http:\/\/www.serbia.com\/srpski\/posetite-srbiju\/sta-videti\/prirodne-lepote\/planine\/zlatibor-ukras-na-1-000-metara-visine\/\">zlatiborske<\/a> regije.<\/strong><\/p>\n<p><strong>Pri\u010de pro\u017eete erskim humorom ispunjene su mudro\u0161\u0107u, pronicljivo\u0161\u0107u, vispreno\u0161\u0107u i re\u010dito\u0161\u0107u<\/strong>. To su komi\u010dne dosetke u kojima se ljudi ovog kraja na \u0161aljiv na\u010din kriti\u010dki obra\u010dunavaju sa vlastodr\u0161cima, sve\u0161tenicima, trgovcima , u\u010diteljima\u2026 Izra\u017eavanjem svojevrsnog narodnog bunta oni se zapravo bore za svoja prava, vrednosti i pravdu.<\/p>\n<p><em>Mladi Rade je za 1000 eura kupio konja od gazde sa imanja. Gazda je obe\u0107ao isporuku slede\u0107i dan. Sutradan je gazda do\u0161ao i rekao: \u201e\u017dao mi je mom\u010de, konj je crkao\u201c. -\u201eDobro, vratite mi moj novac\u201c, re\u010de Rade. -\u201e\u017dao mi je, ve\u0107 sam to potro\u0161io\u201c. -\u201eOnda mi donesite crknutog konja\u201c, re\u010de Rade. -\u201eDobro, a za\u0161to?\u201c upita gazda.\u00a0 -\u201eRaspisa\u0107u lutriju. Nagrada \u0107e biti konj, a Vas gazda molim , samo \u0107utite i ne govorite nikom da je konj uginuo\u201c. Mesec dana kasnije gazda sretne Rada i upita ga \u0161ta je bilo sa njim. Rade re\u010de gazdi: \u201eNi\u0161ta posebno. Raspisao sam lutriju. Uplatni listi\u0107 je bio 5 eura. Prodao sam 2000 listi\u0107a i zaradio 10 000 eura\u201c.\u00a0 -\u201eZar se niko nije \u017ealio?\u201c upita gazda. -\u201eDa, samo tip koji je dobio glavni dobitak. Vratio sam mu njegovih 5 eura i pokazao crknutog konja. Nije se bunio!!!\u201c<\/em><\/p>\n<p><em>RADE SADA RADI U BANCI I MO\u017dDA RADI VAS. A BANKE SAMO RADE SVOJ POSAO I UVEK NA\u0110U NOVE KONjE.<\/em><\/p>\n<p><em>Zabele\u017eeno 6. marta 2013. godine. Ispri\u010dao Relja Radovi\u0107, radnik \u010cigote.<\/em><\/p>\n<p>Svakodnevni \u017eivot, tu\u017eni i sme\u0161ni doga\u0111aji inspirisali su ljude sa ovog podneblja da ih zabele\u017ee i prepri\u010daju na specifi\u010dan na\u010din. Obojene humorom, dosetljivo\u0161\u0107u i mudro\u0161\u010du <strong>ove pri\u010de se bave va\u017enim dru\u0161tvenim temama, problemima o kojima se neretko \u0107uti, kao i promocijom pravilnih dru\u0161tvenih vrednosti i stavova.<\/strong><\/p>\n<p>Mnogobrojni putopisci i istra\u017eiva\u010di koji su prolazili zlatiborskim krajem, uo\u010dili su ovu osobinu naroda koji je odrastao i \u017eiveo u njemu. Ovim \u201efenomenom\u201c kasnije su se bavili i razni nau\u010dni radnici i sakuplja\u010di \u201eerskih narodnih mudrolija\u201c, \u0161to dodatno govori o zna\u010daju, zna\u010denju i tradiciji koji erski humor ima u kulturnoj ba\u0161tini srpskog naroda.<\/p>\n<p><em>Letnji uli\u010dni erski kabare<\/em><\/p>\n<p><em>U \u010cajetini i na Zlatiboru se par godina za redom odr\u017eava tradicionalna manifestacija koja ima za cilj promociju lokalnog, specifi\u010dnog erskog humora po kome su poznati stanovnici zlatiborskog okruga. Niz de\u0161avanja ispunjenih \u0161armom, prefinjeno\u0161\u0107u i smehom oraspolo\u017ei\u0107e vas, nasmejati i upoznati sa autenti\u010dnim humorom \u010dija \u0107e vas neposrednost i mudrost odu\u0161eviti.<\/em><\/p>\n<p>Zna\u010daj erskog humora kao dela kulturnog identiteta srpskog naroda, prepoznat je i od strane Nacionalnog komiteta za\u00a0<a title=\"Nematerijalno kulturno nasle\u0111e Srbije\" href=\"http:\/\/www.serbia.com\/srpski\/o-srbiji\/kultura\/nematerijalno-kulturno-nasledje-srbije\/\"><strong>nematerijalno kulturno nasle\u0111e Srbije<\/strong><\/a>. Tako je 18. juna 2012. godine zajedno sa dvadeset i \u0161est elemenata, upisan na Listu nematerijalnog kulturnog nasle\u0111a Republike Srbije.<\/p>\n<h4>Erske dosetke se prepri\u010davaju i u dijaspori<\/h4>\n<p>Erski humor, \u0161ale i pri\u010de dospele su mnogo dalje od granica Srbije. Naime, <strong>ljude koje napuste mati\u010dnu dr\u017eavu ni\u0161ta ne spre\u010dava da nastave da prepri\u010davaju dosetke koje su poneli iz svog kraja.<\/strong> Jedan od njih je i Boban Boba Simonovi\u0107, poljoprivrednik sa Zlatibora koji u\u017eiva da zasmejava ljude u okru\u017eenju. Pored pri\u010danja viceva, Simonovi\u0107 obo\u017eava da ljude iznenadi i zasmeje nekom erskom mudrolijom.<\/p>\n<p><em>\u201cNajpoznatija erska pri\u010da je definitivno Ero s\u2019 ovog sveta.\u00a0 Me\u0111utim, postoje mnoge druge zanimljive dosetke koje su u narodu manje poznate. Meni su omiljene pri\u010de o \u010cajetincima koje rado ispri\u010dam na nekom okupljanju. U Slova\u010dkoj je ljudima interesantno da slu\u0161aju i da se smeju mojim \u0161alama\u201d<\/em>, ka\u017ee Boba Simonovi\u0107 koji pet godina \u017eivi i radi u Slova\u010dkoj.<\/p>\n","protected":false},"excerpt":{"rendered":"<p>Zlatibor je ve\u0107ini ljudi poznat kao urbana planina za odmor, skijanje i dobar provod. Mnogi su za njega \u010duli i zbog odli\u010dne doma\u0107e pr\u0161ute, kajmaka, slanine i komplet lepinje. Ali, [&hellip;]<\/p>\n","protected":false},"author":27,"featured_media":53365,"parent":34018,"menu_order":0,"comment_status":"closed","ping_status":"closed","template":"","meta":{"_acf_changed":false,"inline_featured_image":false,"_monsterinsights_skip_tracking":false,"_monsterinsights_sitenote_active":false,"_monsterinsights_sitenote_note":"","_monsterinsights_sitenote_category":0,"footnotes":""},"categories":[973],"tags":[],"class_list":["post-34302","page","type-page","status-publish","has-post-thumbnail","hentry","category-etno-nasledje"],"acf":[],"yoast_head":"<!-- This site is optimized with the Yoast SEO plugin v23.8 - https:\/\/yoast.com\/wordpress\/plugins\/seo\/ -->\n<title>Erski humor - Serbia.com<\/title>\n<meta name=\"robots\" content=\"index, follow, max-snippet:-1, max-image-preview:large, max-video-preview:-1\" \/>\n<link rel=\"canonical\" href=\"https:\/\/serbia.com\/srpski\/o-srbiji\/kultura\/nematerijalno-kulturno-nasledje-srbije\/nematerijalno-kulturno-naslede-kao-cuvar-srpskog-identiteta\/erski-humor\/\" \/>\n<meta property=\"og:locale\" content=\"en_US\" \/>\n<meta property=\"og:type\" content=\"article\" \/>\n<meta property=\"og:title\" content=\"Erski humor - Serbia.com\" \/>\n<meta property=\"og:description\" content=\"Zlatibor je ve\u0107ini ljudi poznat kao urbana planina za odmor, skijanje i dobar provod. Mnogi su za njega \u010duli i zbog odli\u010dne doma\u0107e pr\u0161ute, kajmaka, slanine i komplet lepinje. Ali, [&hellip;]\" \/>\n<meta property=\"og:url\" content=\"https:\/\/serbia.com\/srpski\/o-srbiji\/kultura\/nematerijalno-kulturno-nasledje-srbije\/nematerijalno-kulturno-naslede-kao-cuvar-srpskog-identiteta\/erski-humor\/\" \/>\n<meta property=\"og:site_name\" content=\"Serbia.com\" \/>\n<meta property=\"article:modified_time\" content=\"2024-06-06T08:40:46+00:00\" \/>\n<meta property=\"og:image\" content=\"https:\/\/serbia.com\/wp-content\/uploads\/2024\/06\/img_0017.jpg\" \/>\n\t<meta property=\"og:image:width\" content=\"2084\" \/>\n\t<meta property=\"og:image:height\" content=\"1480\" \/>\n\t<meta property=\"og:image:type\" content=\"image\/jpeg\" \/>\n<meta name=\"twitter:label1\" content=\"Est. reading time\" \/>\n\t<meta name=\"twitter:data1\" content=\"4 minutes\" \/>\n<script type=\"application\/ld+json\" class=\"yoast-schema-graph\">{\"@context\":\"https:\/\/schema.org\",\"@graph\":[{\"@type\":\"WebPage\",\"@id\":\"https:\/\/serbia.com\/srpski\/o-srbiji\/kultura\/nematerijalno-kulturno-nasledje-srbije\/nematerijalno-kulturno-naslede-kao-cuvar-srpskog-identiteta\/erski-humor\/\",\"url\":\"https:\/\/serbia.com\/srpski\/o-srbiji\/kultura\/nematerijalno-kulturno-nasledje-srbije\/nematerijalno-kulturno-naslede-kao-cuvar-srpskog-identiteta\/erski-humor\/\",\"name\":\"Erski humor - Serbia.com\",\"isPartOf\":{\"@id\":\"https:\/\/serbia.com\/#website\"},\"primaryImageOfPage\":{\"@id\":\"https:\/\/serbia.com\/srpski\/o-srbiji\/kultura\/nematerijalno-kulturno-nasledje-srbije\/nematerijalno-kulturno-naslede-kao-cuvar-srpskog-identiteta\/erski-humor\/#primaryimage\"},\"image\":{\"@id\":\"https:\/\/serbia.com\/srpski\/o-srbiji\/kultura\/nematerijalno-kulturno-nasledje-srbije\/nematerijalno-kulturno-naslede-kao-cuvar-srpskog-identiteta\/erski-humor\/#primaryimage\"},\"thumbnailUrl\":\"https:\/\/serbia.com\/wp-content\/uploads\/2024\/06\/img_0017.jpg\",\"datePublished\":\"2015-06-25T10:15:21+00:00\",\"dateModified\":\"2024-06-06T08:40:46+00:00\",\"breadcrumb\":{\"@id\":\"https:\/\/serbia.com\/srpski\/o-srbiji\/kultura\/nematerijalno-kulturno-nasledje-srbije\/nematerijalno-kulturno-naslede-kao-cuvar-srpskog-identiteta\/erski-humor\/#breadcrumb\"},\"inLanguage\":\"srpski\",\"potentialAction\":[{\"@type\":\"ReadAction\",\"target\":[\"https:\/\/serbia.com\/srpski\/o-srbiji\/kultura\/nematerijalno-kulturno-nasledje-srbije\/nematerijalno-kulturno-naslede-kao-cuvar-srpskog-identiteta\/erski-humor\/\"]}]},{\"@type\":\"ImageObject\",\"inLanguage\":\"srpski\",\"@id\":\"https:\/\/serbia.com\/srpski\/o-srbiji\/kultura\/nematerijalno-kulturno-nasledje-srbije\/nematerijalno-kulturno-naslede-kao-cuvar-srpskog-identiteta\/erski-humor\/#primaryimage\",\"url\":\"https:\/\/serbia.com\/wp-content\/uploads\/2024\/06\/img_0017.jpg\",\"contentUrl\":\"https:\/\/serbia.com\/wp-content\/uploads\/2024\/06\/img_0017.jpg\",\"width\":2084,\"height\":1480},{\"@type\":\"BreadcrumbList\",\"@id\":\"https:\/\/serbia.com\/srpski\/o-srbiji\/kultura\/nematerijalno-kulturno-nasledje-srbije\/nematerijalno-kulturno-naslede-kao-cuvar-srpskog-identiteta\/erski-humor\/#breadcrumb\",\"itemListElement\":[{\"@type\":\"ListItem\",\"position\":1,\"name\":\"Home\",\"item\":\"https:\/\/serbia.com\/srpski\/\"},{\"@type\":\"ListItem\",\"position\":2,\"name\":\"O Srbiji\",\"item\":\"https:\/\/serbia.com\/srpski\/o-srbiji\/\"},{\"@type\":\"ListItem\",\"position\":3,\"name\":\"Kultura\",\"item\":\"https:\/\/serbia.com\/srpski\/o-srbiji\/kultura\/\"},{\"@type\":\"ListItem\",\"position\":4,\"name\":\"Nematerijalno kulturno nasle\u0111e Srbije\",\"item\":\"https:\/\/serbia.com\/srpski\/o-srbiji\/kultura\/nematerijalno-kulturno-nasledje-srbije\/\"},{\"@type\":\"ListItem\",\"position\":5,\"name\":\"Nematerijalno kulturno nasle\u0111e kao \u010duvar srpskog identiteta\",\"item\":\"https:\/\/serbia.com\/srpski\/o-srbiji\/kultura\/nematerijalno-kulturno-nasledje-srbije\/nematerijalno-kulturno-naslede-kao-cuvar-srpskog-identiteta\/\"},{\"@type\":\"ListItem\",\"position\":6,\"name\":\"Erski humor\"}]},{\"@type\":\"WebSite\",\"@id\":\"https:\/\/serbia.com\/#website\",\"url\":\"https:\/\/serbia.com\/\",\"name\":\"Serbia.com\",\"description\":\"Your Gateway to Serbia\",\"potentialAction\":[{\"@type\":\"SearchAction\",\"target\":{\"@type\":\"EntryPoint\",\"urlTemplate\":\"https:\/\/serbia.com\/?s={search_term_string}\"},\"query-input\":{\"@type\":\"PropertyValueSpecification\",\"valueRequired\":true,\"valueName\":\"search_term_string\"}}],\"inLanguage\":\"srpski\"}]}<\/script>\n<!-- \/ Yoast SEO plugin. -->","yoast_head_json":{"title":"Erski humor - Serbia.com","robots":{"index":"index","follow":"follow","max-snippet":"max-snippet:-1","max-image-preview":"max-image-preview:large","max-video-preview":"max-video-preview:-1"},"canonical":"https:\/\/serbia.com\/srpski\/o-srbiji\/kultura\/nematerijalno-kulturno-nasledje-srbije\/nematerijalno-kulturno-naslede-kao-cuvar-srpskog-identiteta\/erski-humor\/","og_locale":"en_US","og_type":"article","og_title":"Erski humor - Serbia.com","og_description":"Zlatibor je ve\u0107ini ljudi poznat kao urbana planina za odmor, skijanje i dobar provod. Mnogi su za njega \u010duli i zbog odli\u010dne doma\u0107e pr\u0161ute, kajmaka, slanine i komplet lepinje. Ali, [&hellip;]","og_url":"https:\/\/serbia.com\/srpski\/o-srbiji\/kultura\/nematerijalno-kulturno-nasledje-srbije\/nematerijalno-kulturno-naslede-kao-cuvar-srpskog-identiteta\/erski-humor\/","og_site_name":"Serbia.com","article_modified_time":"2024-06-06T08:40:46+00:00","og_image":[{"width":2084,"height":1480,"url":"https:\/\/serbia.com\/wp-content\/uploads\/2024\/06\/img_0017.jpg","type":"image\/jpeg"}],"twitter_misc":{"Est. reading time":"4 minutes"},"schema":{"@context":"https:\/\/schema.org","@graph":[{"@type":"WebPage","@id":"https:\/\/serbia.com\/srpski\/o-srbiji\/kultura\/nematerijalno-kulturno-nasledje-srbije\/nematerijalno-kulturno-naslede-kao-cuvar-srpskog-identiteta\/erski-humor\/","url":"https:\/\/serbia.com\/srpski\/o-srbiji\/kultura\/nematerijalno-kulturno-nasledje-srbije\/nematerijalno-kulturno-naslede-kao-cuvar-srpskog-identiteta\/erski-humor\/","name":"Erski humor - Serbia.com","isPartOf":{"@id":"https:\/\/serbia.com\/#website"},"primaryImageOfPage":{"@id":"https:\/\/serbia.com\/srpski\/o-srbiji\/kultura\/nematerijalno-kulturno-nasledje-srbije\/nematerijalno-kulturno-naslede-kao-cuvar-srpskog-identiteta\/erski-humor\/#primaryimage"},"image":{"@id":"https:\/\/serbia.com\/srpski\/o-srbiji\/kultura\/nematerijalno-kulturno-nasledje-srbije\/nematerijalno-kulturno-naslede-kao-cuvar-srpskog-identiteta\/erski-humor\/#primaryimage"},"thumbnailUrl":"https:\/\/serbia.com\/wp-content\/uploads\/2024\/06\/img_0017.jpg","datePublished":"2015-06-25T10:15:21+00:00","dateModified":"2024-06-06T08:40:46+00:00","breadcrumb":{"@id":"https:\/\/serbia.com\/srpski\/o-srbiji\/kultura\/nematerijalno-kulturno-nasledje-srbije\/nematerijalno-kulturno-naslede-kao-cuvar-srpskog-identiteta\/erski-humor\/#breadcrumb"},"inLanguage":"srpski","potentialAction":[{"@type":"ReadAction","target":["https:\/\/serbia.com\/srpski\/o-srbiji\/kultura\/nematerijalno-kulturno-nasledje-srbije\/nematerijalno-kulturno-naslede-kao-cuvar-srpskog-identiteta\/erski-humor\/"]}]},{"@type":"ImageObject","inLanguage":"srpski","@id":"https:\/\/serbia.com\/srpski\/o-srbiji\/kultura\/nematerijalno-kulturno-nasledje-srbije\/nematerijalno-kulturno-naslede-kao-cuvar-srpskog-identiteta\/erski-humor\/#primaryimage","url":"https:\/\/serbia.com\/wp-content\/uploads\/2024\/06\/img_0017.jpg","contentUrl":"https:\/\/serbia.com\/wp-content\/uploads\/2024\/06\/img_0017.jpg","width":2084,"height":1480},{"@type":"BreadcrumbList","@id":"https:\/\/serbia.com\/srpski\/o-srbiji\/kultura\/nematerijalno-kulturno-nasledje-srbije\/nematerijalno-kulturno-naslede-kao-cuvar-srpskog-identiteta\/erski-humor\/#breadcrumb","itemListElement":[{"@type":"ListItem","position":1,"name":"Home","item":"https:\/\/serbia.com\/srpski\/"},{"@type":"ListItem","position":2,"name":"O Srbiji","item":"https:\/\/serbia.com\/srpski\/o-srbiji\/"},{"@type":"ListItem","position":3,"name":"Kultura","item":"https:\/\/serbia.com\/srpski\/o-srbiji\/kultura\/"},{"@type":"ListItem","position":4,"name":"Nematerijalno kulturno nasle\u0111e Srbije","item":"https:\/\/serbia.com\/srpski\/o-srbiji\/kultura\/nematerijalno-kulturno-nasledje-srbije\/"},{"@type":"ListItem","position":5,"name":"Nematerijalno kulturno nasle\u0111e kao \u010duvar srpskog identiteta","item":"https:\/\/serbia.com\/srpski\/o-srbiji\/kultura\/nematerijalno-kulturno-nasledje-srbije\/nematerijalno-kulturno-naslede-kao-cuvar-srpskog-identiteta\/"},{"@type":"ListItem","position":6,"name":"Erski humor"}]},{"@type":"WebSite","@id":"https:\/\/serbia.com\/#website","url":"https:\/\/serbia.com\/","name":"Serbia.com","description":"Your Gateway to Serbia","potentialAction":[{"@type":"SearchAction","target":{"@type":"EntryPoint","urlTemplate":"https:\/\/serbia.com\/?s={search_term_string}"},"query-input":{"@type":"PropertyValueSpecification","valueRequired":true,"valueName":"search_term_string"}}],"inLanguage":"srpski"}]}},"_links":{"self":[{"href":"https:\/\/serbia.com\/srpski\/wp-json\/wp\/v2\/pages\/34302"}],"collection":[{"href":"https:\/\/serbia.com\/srpski\/wp-json\/wp\/v2\/pages"}],"about":[{"href":"https:\/\/serbia.com\/srpski\/wp-json\/wp\/v2\/types\/page"}],"author":[{"embeddable":true,"href":"https:\/\/serbia.com\/srpski\/wp-json\/wp\/v2\/users\/27"}],"replies":[{"embeddable":true,"href":"https:\/\/serbia.com\/srpski\/wp-json\/wp\/v2\/comments?post=34302"}],"version-history":[{"count":1,"href":"https:\/\/serbia.com\/srpski\/wp-json\/wp\/v2\/pages\/34302\/revisions"}],"predecessor-version":[{"id":53369,"href":"https:\/\/serbia.com\/srpski\/wp-json\/wp\/v2\/pages\/34302\/revisions\/53369"}],"up":[{"embeddable":true,"href":"https:\/\/serbia.com\/srpski\/wp-json\/wp\/v2\/pages\/34018"}],"wp:featuredmedia":[{"embeddable":true,"href":"https:\/\/serbia.com\/srpski\/wp-json\/wp\/v2\/media\/53365"}],"wp:attachment":[{"href":"https:\/\/serbia.com\/srpski\/wp-json\/wp\/v2\/media?parent=34302"}],"wp:term":[{"taxonomy":"category","embeddable":true,"href":"https:\/\/serbia.com\/srpski\/wp-json\/wp\/v2\/categories?post=34302"},{"taxonomy":"post_tag","embeddable":true,"href":"https:\/\/serbia.com\/srpski\/wp-json\/wp\/v2\/tags?post=34302"}],"curies":[{"name":"wp","href":"https:\/\/api.w.org\/{rel}","templated":true}]}}