{"id":34291,"date":"2015-06-25T11:35:11","date_gmt":"2015-06-25T09:35:11","guid":{"rendered":"http:\/\/www.serbia.com\/?page_id=34291"},"modified":"2024-06-05T13:43:58","modified_gmt":"2024-06-05T11:43:58","slug":"sviranje-na-gajdama","status":"publish","type":"page","link":"https:\/\/serbia.com\/srpski\/o-srbiji\/kultura\/nematerijalno-kulturno-nasledje-srbije\/nematerijalno-kulturno-naslede-kao-cuvar-srpskog-identiteta\/sviranje-na-gajdama\/","title":{"rendered":"Sviranje na gajdama"},"content":{"rendered":"<h2>Uprkos tome \u0161to vi\u0161evekovnu tradiciju \u201egajdanja\u201c danas u Srbiji \u010duva svega desetak nosilaca ove kulturne ve\u0161tine, gajde i dalje \u017eive.<\/h2>\n<p>Setni zvuci vra\u0107aju u pro\u0161lost, u pastirske dane kada su se na livadi dok ovce pasu pevale pesme, igrale narodne igre i ru\u010dno izra\u0111ivali stari instrumenti.<\/p>\n<p><a title=\"Zaje\u010dar, doma\u0107in najstarijeg rok festivala u Srbiji\" href=\"http:\/\/www.serbia.com\/srpski\/posetite-srbiju\/sta-videti\/gradovi\/zajecar-domacin-najstarijeg-rok-festivala-u-srbiji\/\"><strong>Zaje\u010dar<\/strong><\/a>, <a href=\"https:\/\/staging.serbia.com\/srpski\/24-sata-u-pancevu\/\"><strong>Pan\u010devo<\/strong><\/a>, <a href=\"https:\/\/staging.serbia.com\/srpski\/kikinda-najvece-zimsko-staniste-sova-usara-na-planeti\/\"><strong>Kikinda<\/strong><\/a>, <strong>Svrljig<\/strong> i <strong>Lebane<\/strong> mesta su u kojima se sviranje na gajdama najvi\u0161e o\u010duvalo. Ovde se zvuci<a title=\"Narodni instrumenti\" href=\"http:\/\/www.serbia.com\/srpski\/narodni-instrumenti-2\/\">tradicionalnog instrumenta<\/a> naj\u010de\u0161\u010de mogu \u010duti na okupljanjima u malim selima i zaseocima. Uz gajde, <a title=\"Tradicionalna kuhinja\" href=\"http:\/\/www.serbia.com\/srpski\/o-srbiji\/tradicionalna-kuhinja\/\">srpsku tradicionalnu kuhinju<\/a> i pi\u0107e, obnavlja se i \u010duva bogatstvo nematerijalnog kulturnog nasle\u0111a koje se sa generacije na generaciju godinama unazad prenosi.<\/p>\n<p>Postoji nekoliko vrsta gajdi koje se izra\u0111uju i sviraju na ovim prostorima. Najpoznatiji je svakako <strong>ju\u017enomoravsko-makedonski tip<\/strong>, koji se svira od okoline <a title=\"Od svitanja do svitanja u Ni\u0161u\" href=\"http:\/\/www.serbia.com\/srpski\/posetite-srbiju\/sta-videti\/gradovi\/od-svitanja-do-svitanja-u-nisu\/\">Ni\u0161a<\/a> pa sve do juga Makedonije. Pored njih \u010desto se mo\u017ee nai\u0107i i na <strong>svrlji\u0161ke<\/strong>,<strong>erske<\/strong>, <strong>banatske<\/strong> ili <strong>mokrinske<\/strong> i <strong>vojvo\u0111anske gajde<\/strong>. Razlike su pre svega u metodama izrade, delovima od kojih se sastoje, ali i podru\u010dijima i na\u010dinima na koje se sviraju.<\/p>\n<p><em>Gajde se sastoje od nekoliko elemenata: gajdenice (dela koji daje zvuk i koji se naj\u010de\u0161\u0107e pravi od drveta \u0161im\u0161ira, jorgovana, drena i \u0161ljive), piska od koga umnogome zavisi \u0161tim gajdi, me\u0161ine koja se pravi od ko\u017ee jareta ili jagnjeta koja se su\u0161i, glav\u010dine ili prstenova, i prdala (velike duga\u010dke cevi koja daje dubok ton). Ceo instrument ma\u017ee se lojem ili voskom, a me\u0161ina svinjskom ma\u0161\u0107u kako bi se \u0161to bolje o\u010duvala.<\/em><\/p>\n<p><img loading=\"lazy\" decoding=\"async\" class=\"alignleft size-medium wp-image-32084\" src=\"http:\/\/www.serbia.com\/wp-content\/uploads\/2015\/05\/gajde-228x300.jpg\" alt=\"gajde\" width=\"228\" height=\"300\" srcset=\"https:\/\/serbia.com\/wp-content\/uploads\/2015\/05\/gajde-228x300.jpg 228w, https:\/\/serbia.com\/wp-content\/uploads\/2015\/05\/gajde.jpg 625w\" sizes=\"(max-width: 228px) 100vw, 228px\" \/>Vremenom su gajde postale sastavni deo neofolk i neovizantijskih sastava, kao i svih grupa koje se bave arhai\u010dnom muzikom. <strong>Prava dragocenost je \u010dinjenica da se na Balkanu i danas prave primitivni tipovi gajdi koje su nekada davno svirali na\u0161i preci.<\/strong> Sam zvuk koji proizvode vodi duboko u pro\u0161lost, u vreme kada su se na gajdama svirala kola i kada su ih pastirili ru\u010dno pravili idu\u0107i za ovcama.<\/p>\n<p>U svrlji\u0161kom kraju na gajdama su se najvi\u0161e svirala narodna kola poznata po imenom \u2013 <em>devla<\/em>, <em>sitan i krupan \u010da\u010dak<\/em>, <em>dunda<\/em>, <em>sitnica<\/em>, <em>rumenka<\/em>, <em>dun\u0111eranka<\/em>\u2026 A poznati gajda\u0161i ovog kraja iz polovine \u0161ezdesetih godina pro\u0161log veka su Vidoje Ili\u0107, Radoje \u0110or\u0111evi\u0107, Vukoslav Todorovi\u0107, Radosav Stevanovi\u0107, Cvetko Radovanovi\u0107, Borivoje Kostadinovi\u0107 i mnogi drugi.<\/p>\n<p>Vremenom su promene u dru\u0161tvu i kulturnim modelima dovele do potiskivanja tradicionalnih instrumenata. Mesto gajdi zauzele su <a title=\"Harmonika, mo\u0107na kao \u010ditav orkestar\" href=\"http:\/\/www.serbia.com\/srpski\/harmonika-mocna-kao-citav-orkestar\/\">harmonike<\/a>, a sve manji broj ljudi nastavio se interesovati za sviranje. Prema re\u010dima dr Rastka Jakovljevi\u0107a iz Muzikolo\u0161kog instituta SANU, obja\u0161njenje za ovu pojavu le\u017ei u verovanju da ovi instrumenti simbolizuju ruralnu kulturu od koje je dru\u0161tvo htelo da se ogradi.<\/p>\n<p>Zbog \u010dinjenice da sviranje na gajdama pripada starim i gotovo nestaju\u0107im tradicionalnim praksama Srbije, uklju\u010divanje ovog elementa na <a title=\"Nematerijalno kulturno nasle\u0111e Srbije\" href=\"http:\/\/www.serbia.com\/srpski\/o-srbiji\/kultura\/nematerijalno-kulturno-nasledje-srbije\/\">listu nematerijalnog kulturnog nasle\u0111a<\/a> je od izuzetnog zna\u010daja. Pored ovog starog obi\u010daja, na listi se na\u0161lo jo\u0161 dvadeset i \u0161est elemenata me\u0111u kojima su: <a title=\"Krsna slava kao \u010duvar srpskog identiteta\" href=\"http:\/\/www.serbia.com\/srpski\/krsna-slava-kao-cuvar-srpskog-identiteta\/\">Krsna slava<\/a>, <a title=\"Pirotsko \u0107ilimarstvo kao \u010duvar srpskog identiteta\" href=\"http:\/\/www.serbia.com\/srpski\/pirotsko-cilimarstvo-kao-cuvar-srpskog-identiteta\/\">Pirotsko \u0107ilimarstvo<\/a>, <a title=\"Vranjska gradska pesma\" href=\"http:\/\/www.serbia.com\/srpski\/vranjska-gradska-pesma\/\">Vranjska gradska pesma<\/a>, <a title=\"Tragovima naivnog slikarstva Slovaka\" href=\"http:\/\/www.serbia.com\/srpski\/tragovima-naivnog-slikarstva-slovaka\/\">Naivno slikarstvo Slovaka<\/a>, <a title=\"Tragovima novopazarskih mantija\" href=\"http:\/\/www.serbia.com\/srpski\/tragovima-novopazarskih-mantija\/\">Novopazarske mantije<\/a> itd.<\/p>\n<p><em>O va\u017enosti i prisutnosti gajda u pro\u0161losti, svedo\u010di i zanimljiva pri\u010da o srpskom vojniku i gajda\u0161u iz Prvog svetskog rata. Naime, Petar Milenkovi\u0107 je u rat krenuo sa tri konja i gajdama na kojima je svirao i u vreme golgote u Albaniji. Zvuk starog instrumenta vojnicima je u najte\u017eim trenucima bio podsetnik da jo\u0161 ima \u017eivota i da ne smeju odustati, a gajde su zajedno sa Milenkovi\u0107em pre\u017eivele rat i pobedonosno do\u010dekale povratak ku\u0107i.<\/em><\/p>\n<p>Kako bi se vekovna praksa sviranja na gajdama nastavila, <strong>neophodna je sistemaska podr\u0161ka i rad na obu\u010davanju mladih u gradnji i sviranju ovog instrumenta<\/strong>. Kulturne i dr\u017eavne institucije imaju odgovornost da \u0161tite prepoznatljivost ove umetnosti, a svaki pojedinac mora da shvati zna\u010daj tradicije i njenog negovanja, kako bismo sa\u010duvali se\u0107anje na kulturu na\u0161eg podneblja.<\/p>\n<p>Foto: www.radiodunav.com<\/p>\n","protected":false},"excerpt":{"rendered":"<p>Uprkos tome \u0161to vi\u0161evekovnu tradiciju \u201egajdanja\u201c danas u Srbiji \u010duva svega desetak nosilaca ove kulturne ve\u0161tine, gajde i dalje \u017eive. Setni zvuci vra\u0107aju u pro\u0161lost, u pastirske dane kada su [&hellip;]<\/p>\n","protected":false},"author":27,"featured_media":34283,"parent":34018,"menu_order":0,"comment_status":"closed","ping_status":"closed","template":"","meta":{"_acf_changed":false,"inline_featured_image":false,"_monsterinsights_skip_tracking":false,"_monsterinsights_sitenote_active":false,"_monsterinsights_sitenote_note":"","_monsterinsights_sitenote_category":0,"footnotes":""},"categories":[977],"tags":[3464,3463],"class_list":["post-34291","page","type-page","status-publish","has-post-thumbnail","hentry","category-muzika-kultura-otkrijte-srbiju","tag-gajde","tag-sviranje-na-gajdama"],"acf":[],"yoast_head":"<!-- This site is optimized with the Yoast SEO plugin v23.8 - https:\/\/yoast.com\/wordpress\/plugins\/seo\/ -->\n<title>Sviranje na gajdama - Serbia.com<\/title>\n<meta name=\"robots\" content=\"index, follow, max-snippet:-1, max-image-preview:large, max-video-preview:-1\" \/>\n<link rel=\"canonical\" href=\"https:\/\/serbia.com\/srpski\/o-srbiji\/kultura\/nematerijalno-kulturno-nasledje-srbije\/nematerijalno-kulturno-naslede-kao-cuvar-srpskog-identiteta\/sviranje-na-gajdama\/\" \/>\n<meta property=\"og:locale\" content=\"en_US\" \/>\n<meta property=\"og:type\" content=\"article\" \/>\n<meta property=\"og:title\" content=\"Sviranje na gajdama - Serbia.com\" \/>\n<meta property=\"og:description\" content=\"Uprkos tome \u0161to vi\u0161evekovnu tradiciju \u201egajdanja\u201c danas u Srbiji \u010duva svega desetak nosilaca ove kulturne ve\u0161tine, gajde i dalje \u017eive. Setni zvuci vra\u0107aju u pro\u0161lost, u pastirske dane kada su [&hellip;]\" \/>\n<meta property=\"og:url\" content=\"https:\/\/serbia.com\/srpski\/o-srbiji\/kultura\/nematerijalno-kulturno-nasledje-srbije\/nematerijalno-kulturno-naslede-kao-cuvar-srpskog-identiteta\/sviranje-na-gajdama\/\" \/>\n<meta property=\"og:site_name\" content=\"Serbia.com\" \/>\n<meta property=\"article:modified_time\" content=\"2024-06-05T11:43:58+00:00\" \/>\n<meta property=\"og:image\" content=\"https:\/\/serbia.com\/wp-content\/uploads\/2015\/06\/gajdas.jpg\" \/>\n\t<meta property=\"og:image:width\" content=\"1414\" \/>\n\t<meta property=\"og:image:height\" content=\"805\" \/>\n\t<meta property=\"og:image:type\" content=\"image\/jpeg\" \/>\n<meta name=\"twitter:label1\" content=\"Est. reading time\" \/>\n\t<meta name=\"twitter:data1\" content=\"4 minutes\" \/>\n<script type=\"application\/ld+json\" class=\"yoast-schema-graph\">{\"@context\":\"https:\/\/schema.org\",\"@graph\":[{\"@type\":\"WebPage\",\"@id\":\"https:\/\/serbia.com\/srpski\/o-srbiji\/kultura\/nematerijalno-kulturno-nasledje-srbije\/nematerijalno-kulturno-naslede-kao-cuvar-srpskog-identiteta\/sviranje-na-gajdama\/\",\"url\":\"https:\/\/serbia.com\/srpski\/o-srbiji\/kultura\/nematerijalno-kulturno-nasledje-srbije\/nematerijalno-kulturno-naslede-kao-cuvar-srpskog-identiteta\/sviranje-na-gajdama\/\",\"name\":\"Sviranje na gajdama - Serbia.com\",\"isPartOf\":{\"@id\":\"https:\/\/serbia.com\/#website\"},\"primaryImageOfPage\":{\"@id\":\"https:\/\/serbia.com\/srpski\/o-srbiji\/kultura\/nematerijalno-kulturno-nasledje-srbije\/nematerijalno-kulturno-naslede-kao-cuvar-srpskog-identiteta\/sviranje-na-gajdama\/#primaryimage\"},\"image\":{\"@id\":\"https:\/\/serbia.com\/srpski\/o-srbiji\/kultura\/nematerijalno-kulturno-nasledje-srbije\/nematerijalno-kulturno-naslede-kao-cuvar-srpskog-identiteta\/sviranje-na-gajdama\/#primaryimage\"},\"thumbnailUrl\":\"https:\/\/serbia.com\/wp-content\/uploads\/2015\/06\/gajdas.jpg\",\"datePublished\":\"2015-06-25T09:35:11+00:00\",\"dateModified\":\"2024-06-05T11:43:58+00:00\",\"breadcrumb\":{\"@id\":\"https:\/\/serbia.com\/srpski\/o-srbiji\/kultura\/nematerijalno-kulturno-nasledje-srbije\/nematerijalno-kulturno-naslede-kao-cuvar-srpskog-identiteta\/sviranje-na-gajdama\/#breadcrumb\"},\"inLanguage\":\"srpski\",\"potentialAction\":[{\"@type\":\"ReadAction\",\"target\":[\"https:\/\/serbia.com\/srpski\/o-srbiji\/kultura\/nematerijalno-kulturno-nasledje-srbije\/nematerijalno-kulturno-naslede-kao-cuvar-srpskog-identiteta\/sviranje-na-gajdama\/\"]}]},{\"@type\":\"ImageObject\",\"inLanguage\":\"srpski\",\"@id\":\"https:\/\/serbia.com\/srpski\/o-srbiji\/kultura\/nematerijalno-kulturno-nasledje-srbije\/nematerijalno-kulturno-naslede-kao-cuvar-srpskog-identiteta\/sviranje-na-gajdama\/#primaryimage\",\"url\":\"https:\/\/serbia.com\/wp-content\/uploads\/2015\/06\/gajdas.jpg\",\"contentUrl\":\"https:\/\/serbia.com\/wp-content\/uploads\/2015\/06\/gajdas.jpg\",\"width\":1414,\"height\":805},{\"@type\":\"BreadcrumbList\",\"@id\":\"https:\/\/serbia.com\/srpski\/o-srbiji\/kultura\/nematerijalno-kulturno-nasledje-srbije\/nematerijalno-kulturno-naslede-kao-cuvar-srpskog-identiteta\/sviranje-na-gajdama\/#breadcrumb\",\"itemListElement\":[{\"@type\":\"ListItem\",\"position\":1,\"name\":\"Home\",\"item\":\"https:\/\/serbia.com\/srpski\/\"},{\"@type\":\"ListItem\",\"position\":2,\"name\":\"O Srbiji\",\"item\":\"https:\/\/serbia.com\/srpski\/o-srbiji\/\"},{\"@type\":\"ListItem\",\"position\":3,\"name\":\"Kultura\",\"item\":\"https:\/\/serbia.com\/srpski\/o-srbiji\/kultura\/\"},{\"@type\":\"ListItem\",\"position\":4,\"name\":\"Nematerijalno kulturno nasle\u0111e Srbije\",\"item\":\"https:\/\/serbia.com\/srpski\/o-srbiji\/kultura\/nematerijalno-kulturno-nasledje-srbije\/\"},{\"@type\":\"ListItem\",\"position\":5,\"name\":\"Nematerijalno kulturno nasle\u0111e kao \u010duvar srpskog identiteta\",\"item\":\"https:\/\/serbia.com\/srpski\/o-srbiji\/kultura\/nematerijalno-kulturno-nasledje-srbije\/nematerijalno-kulturno-naslede-kao-cuvar-srpskog-identiteta\/\"},{\"@type\":\"ListItem\",\"position\":6,\"name\":\"Sviranje na gajdama\"}]},{\"@type\":\"WebSite\",\"@id\":\"https:\/\/serbia.com\/#website\",\"url\":\"https:\/\/serbia.com\/\",\"name\":\"Serbia.com\",\"description\":\"Your Gateway to Serbia\",\"potentialAction\":[{\"@type\":\"SearchAction\",\"target\":{\"@type\":\"EntryPoint\",\"urlTemplate\":\"https:\/\/serbia.com\/?s={search_term_string}\"},\"query-input\":{\"@type\":\"PropertyValueSpecification\",\"valueRequired\":true,\"valueName\":\"search_term_string\"}}],\"inLanguage\":\"srpski\"}]}<\/script>\n<!-- \/ Yoast SEO plugin. -->","yoast_head_json":{"title":"Sviranje na gajdama - Serbia.com","robots":{"index":"index","follow":"follow","max-snippet":"max-snippet:-1","max-image-preview":"max-image-preview:large","max-video-preview":"max-video-preview:-1"},"canonical":"https:\/\/serbia.com\/srpski\/o-srbiji\/kultura\/nematerijalno-kulturno-nasledje-srbije\/nematerijalno-kulturno-naslede-kao-cuvar-srpskog-identiteta\/sviranje-na-gajdama\/","og_locale":"en_US","og_type":"article","og_title":"Sviranje na gajdama - Serbia.com","og_description":"Uprkos tome \u0161to vi\u0161evekovnu tradiciju \u201egajdanja\u201c danas u Srbiji \u010duva svega desetak nosilaca ove kulturne ve\u0161tine, gajde i dalje \u017eive. Setni zvuci vra\u0107aju u pro\u0161lost, u pastirske dane kada su [&hellip;]","og_url":"https:\/\/serbia.com\/srpski\/o-srbiji\/kultura\/nematerijalno-kulturno-nasledje-srbije\/nematerijalno-kulturno-naslede-kao-cuvar-srpskog-identiteta\/sviranje-na-gajdama\/","og_site_name":"Serbia.com","article_modified_time":"2024-06-05T11:43:58+00:00","og_image":[{"width":1414,"height":805,"url":"https:\/\/serbia.com\/wp-content\/uploads\/2015\/06\/gajdas.jpg","type":"image\/jpeg"}],"twitter_misc":{"Est. reading time":"4 minutes"},"schema":{"@context":"https:\/\/schema.org","@graph":[{"@type":"WebPage","@id":"https:\/\/serbia.com\/srpski\/o-srbiji\/kultura\/nematerijalno-kulturno-nasledje-srbije\/nematerijalno-kulturno-naslede-kao-cuvar-srpskog-identiteta\/sviranje-na-gajdama\/","url":"https:\/\/serbia.com\/srpski\/o-srbiji\/kultura\/nematerijalno-kulturno-nasledje-srbije\/nematerijalno-kulturno-naslede-kao-cuvar-srpskog-identiteta\/sviranje-na-gajdama\/","name":"Sviranje na gajdama - Serbia.com","isPartOf":{"@id":"https:\/\/serbia.com\/#website"},"primaryImageOfPage":{"@id":"https:\/\/serbia.com\/srpski\/o-srbiji\/kultura\/nematerijalno-kulturno-nasledje-srbije\/nematerijalno-kulturno-naslede-kao-cuvar-srpskog-identiteta\/sviranje-na-gajdama\/#primaryimage"},"image":{"@id":"https:\/\/serbia.com\/srpski\/o-srbiji\/kultura\/nematerijalno-kulturno-nasledje-srbije\/nematerijalno-kulturno-naslede-kao-cuvar-srpskog-identiteta\/sviranje-na-gajdama\/#primaryimage"},"thumbnailUrl":"https:\/\/serbia.com\/wp-content\/uploads\/2015\/06\/gajdas.jpg","datePublished":"2015-06-25T09:35:11+00:00","dateModified":"2024-06-05T11:43:58+00:00","breadcrumb":{"@id":"https:\/\/serbia.com\/srpski\/o-srbiji\/kultura\/nematerijalno-kulturno-nasledje-srbije\/nematerijalno-kulturno-naslede-kao-cuvar-srpskog-identiteta\/sviranje-na-gajdama\/#breadcrumb"},"inLanguage":"srpski","potentialAction":[{"@type":"ReadAction","target":["https:\/\/serbia.com\/srpski\/o-srbiji\/kultura\/nematerijalno-kulturno-nasledje-srbije\/nematerijalno-kulturno-naslede-kao-cuvar-srpskog-identiteta\/sviranje-na-gajdama\/"]}]},{"@type":"ImageObject","inLanguage":"srpski","@id":"https:\/\/serbia.com\/srpski\/o-srbiji\/kultura\/nematerijalno-kulturno-nasledje-srbije\/nematerijalno-kulturno-naslede-kao-cuvar-srpskog-identiteta\/sviranje-na-gajdama\/#primaryimage","url":"https:\/\/serbia.com\/wp-content\/uploads\/2015\/06\/gajdas.jpg","contentUrl":"https:\/\/serbia.com\/wp-content\/uploads\/2015\/06\/gajdas.jpg","width":1414,"height":805},{"@type":"BreadcrumbList","@id":"https:\/\/serbia.com\/srpski\/o-srbiji\/kultura\/nematerijalno-kulturno-nasledje-srbije\/nematerijalno-kulturno-naslede-kao-cuvar-srpskog-identiteta\/sviranje-na-gajdama\/#breadcrumb","itemListElement":[{"@type":"ListItem","position":1,"name":"Home","item":"https:\/\/serbia.com\/srpski\/"},{"@type":"ListItem","position":2,"name":"O Srbiji","item":"https:\/\/serbia.com\/srpski\/o-srbiji\/"},{"@type":"ListItem","position":3,"name":"Kultura","item":"https:\/\/serbia.com\/srpski\/o-srbiji\/kultura\/"},{"@type":"ListItem","position":4,"name":"Nematerijalno kulturno nasle\u0111e Srbije","item":"https:\/\/serbia.com\/srpski\/o-srbiji\/kultura\/nematerijalno-kulturno-nasledje-srbije\/"},{"@type":"ListItem","position":5,"name":"Nematerijalno kulturno nasle\u0111e kao \u010duvar srpskog identiteta","item":"https:\/\/serbia.com\/srpski\/o-srbiji\/kultura\/nematerijalno-kulturno-nasledje-srbije\/nematerijalno-kulturno-naslede-kao-cuvar-srpskog-identiteta\/"},{"@type":"ListItem","position":6,"name":"Sviranje na gajdama"}]},{"@type":"WebSite","@id":"https:\/\/serbia.com\/#website","url":"https:\/\/serbia.com\/","name":"Serbia.com","description":"Your Gateway to Serbia","potentialAction":[{"@type":"SearchAction","target":{"@type":"EntryPoint","urlTemplate":"https:\/\/serbia.com\/?s={search_term_string}"},"query-input":{"@type":"PropertyValueSpecification","valueRequired":true,"valueName":"search_term_string"}}],"inLanguage":"srpski"}]}},"_links":{"self":[{"href":"https:\/\/serbia.com\/srpski\/wp-json\/wp\/v2\/pages\/34291"}],"collection":[{"href":"https:\/\/serbia.com\/srpski\/wp-json\/wp\/v2\/pages"}],"about":[{"href":"https:\/\/serbia.com\/srpski\/wp-json\/wp\/v2\/types\/page"}],"author":[{"embeddable":true,"href":"https:\/\/serbia.com\/srpski\/wp-json\/wp\/v2\/users\/27"}],"replies":[{"embeddable":true,"href":"https:\/\/serbia.com\/srpski\/wp-json\/wp\/v2\/comments?post=34291"}],"version-history":[{"count":1,"href":"https:\/\/serbia.com\/srpski\/wp-json\/wp\/v2\/pages\/34291\/revisions"}],"predecessor-version":[{"id":53301,"href":"https:\/\/serbia.com\/srpski\/wp-json\/wp\/v2\/pages\/34291\/revisions\/53301"}],"up":[{"embeddable":true,"href":"https:\/\/serbia.com\/srpski\/wp-json\/wp\/v2\/pages\/34018"}],"wp:featuredmedia":[{"embeddable":true,"href":"https:\/\/serbia.com\/srpski\/wp-json\/wp\/v2\/media\/34283"}],"wp:attachment":[{"href":"https:\/\/serbia.com\/srpski\/wp-json\/wp\/v2\/media?parent=34291"}],"wp:term":[{"taxonomy":"category","embeddable":true,"href":"https:\/\/serbia.com\/srpski\/wp-json\/wp\/v2\/categories?post=34291"},{"taxonomy":"post_tag","embeddable":true,"href":"https:\/\/serbia.com\/srpski\/wp-json\/wp\/v2\/tags?post=34291"}],"curies":[{"name":"wp","href":"https:\/\/api.w.org\/{rel}","templated":true}]}}