{"id":34244,"date":"2015-06-24T16:15:02","date_gmt":"2015-06-24T14:15:02","guid":{"rendered":"http:\/\/www.serbia.com\/?page_id=34244"},"modified":"2024-06-06T09:38:56","modified_gmt":"2024-06-06T07:38:56","slug":"drvene-cuture","status":"publish","type":"page","link":"https:\/\/serbia.com\/srpski\/o-srbiji\/kultura\/nematerijalno-kulturno-nasledje-srbije\/nematerijalno-kulturno-naslede-kao-cuvar-srpskog-identiteta\/drvene-cuture\/","title":{"rendered":"Drvene \u010duture"},"content":{"rendered":"<h2>Dvesta godina se u malom selu nadomak Bajine Ba\u0161te nastavlja dugo\u010duvana porodi\u010dna tradicija. Od javorovog drveta sa Tare, u dve male zanatske radionice, sedma generacija porodice Radovanovi\u0107 izra\u0111uje \u010duture, \u010danke, ka\u010dice i ka\u0161ike od drveta.<\/h2>\n<p><strong>Od 1810. godine pa sve do danas, neobi\u010dan zanat izrade obi\u010dnih \u010dutura i drugih drvenih proizvoda odr\u017eao se u porodici Radovanovi\u0107<\/strong>. Ova familija postala je svetski poznata po ume\u0107u obrade i ukra\u0161avanja drveta, a njihovi proizvodi tra\u017eeni su u Kanadi, Sjedinjenim Ameri\u010dkim Dr\u017eavama, Australiji i zapadnoj Evropi.<\/p>\n<p><strong>Razni duborezi<\/strong>, <strong>pejza\u017ei<\/strong>, <strong>natpisi<\/strong>, <strong>likovi svetaca<\/strong> i <strong>slike krase \u010duture razli\u010ditih veli\u010dina<\/strong>. Od \u017eelje kupca zavise izgled i dimenzije drvenog proizvoda, a godi\u0161nje iz radionice Radovanovi\u0107 iza\u0111e i proda se oko pet hiljada unikatnih \u010dutura. Na taj na\u010din, <strong>vekovna srpska narodna tradicija da se na svadbe gosti pozivaju sa \u010duturom, i dalje \u017eivi<\/strong>.<\/p>\n<p><em>Od jezgra zrele bukve, javora ili vrbe, koje se prethodno pripremi za obradu, ve\u0161te ruke majstora naprave \u010duturu od \u00bc do 2 litra, a i ve\u0107u. Na gotove \u010duture se, zatim, utiskuju likovi svetaca, pejza\u017ei, slike crkava, a sve po \u017eelji naru\u010dioca. Proizvo\u0111a\u010di posebno isti\u010du bogato,rezbarenjem drveta,\u00a0ukra\u0161ene \u010duture.<\/em><\/p>\n<p>Preci Milorada Radovanovi\u0107a koji je danas glavni majstor, drvene posude su pravili ru\u010dno koriste\u0107i takozvanu stru\u017enicu na no\u017eni pogon, a kao materijal vrbino drvo. Na taj na\u010din dnevno su uspevali da izrade svega pet, \u0161est \u010dutura. Iako je Miloradu poznat i taj na\u010din izrade, on kod ku\u0107e sve vi\u0161e radi ma\u0161inski, koriste\u0107i javorovo drvo.<\/p>\n<p><img loading=\"lazy\" decoding=\"async\" class=\"alignleft size-medium wp-image-29730\" src=\"https:\/\/staging.serbia.com\/wp-content\/uploads\/2015\/03\/cutura1serb-300x225.jpg\" alt=\"\" width=\"300\" height=\"225\" srcset=\"https:\/\/serbia.com\/wp-content\/uploads\/2015\/03\/cutura1serb-300x225.jpg 300w, https:\/\/serbia.com\/wp-content\/uploads\/2015\/03\/cutura1serb.jpg 600w\" sizes=\"(max-width: 300px) 100vw, 300px\" \/>Ipak, <strong>tradicionalni izgled i oblik \u010dutura je sa\u010duvan<\/strong>. Javorovo drvo se koristi jer je pogodnije i trajnije od vrbinog, a <strong>sve drvene \u010duture se prave od potpuno prirodnih materijala, bez lepka i metala, a unutra su za\u0161ti\u0107ene voskom<\/strong>. To im osim originalnog izgleda, daje dodatnu vrednost koja se u moderno doba sve vi\u0161e tra\u017ei i ceni.<\/p>\n<p>Iako se vremenom zanat usavr\u0161avao savremenijim alatima, proizvodi su ostali isti. Ono \u0161to se promenilo u odnosu na davna vremena je njihova namena. <strong>Nekada nezaobilazni predmeti koji su se koristili u svakodnevnom \u017eivotu, danas su prevashodno suveniri<\/strong>. Mnogi ljudi koji kupe \u010duturu, \u010danak ili ka\u010dicu, \u00a0koriste ih kao ukrase kojima ulep\u0161avaju stambeni prostor.<\/p>\n<p>Bez obzira na namenu, vrednost ovih proizvoda je velika. <strong>Njihovom izradom ne samo da se \u010duvaju stari zanati, ve\u0107 i srpska tradicija i duhovnost<\/strong>. Zna\u010daj ove stare tehnike izrade drvenih \u010dutura, prepoznat je i od strane Republike Srbije,\u00a0 pa je ovaj stari zanat priznat i na <a title=\"Nematerijalno kulturno nasledje Srbije\" href=\"http:\/\/www.serbia.com\/srpski\/o-srbiji\/kultura\/nematerijalno-kulturno-nasledje-srbije\/\">Listi nematerijalnog kulturnog nasle\u0111a<\/a>.<\/p>\n<p><strong>Potomci porodice Radovanovi\u0107 aktivno u\u010destvuju u porodi\u010dnom biznisu, i planiraju da nastave stopama dvovekovnog obi\u010daja koji se u njihovoj familiji \u010duva<\/strong>. Na taj na\u010din, ne samo da \u0107e se dugo preno\u0161ena tehnika izrade drvenih proizvoda nastaviti, ve\u0107 \u0107e se jo\u0161 jedan stari zanat, kojih je u moderno doba sve manje, o\u010duvati.<\/p>\n<h4>Drvene \u010duture popularne u Evropi, Australiji i Americi<\/h4>\n<p>Kupaca drvenih \u010dutura ima i u Kanadi, Australiji, Americi i Evropi. <strong>Naj\u010de\u0161\u0107e su to Srbi iz dijaspore koji \u017eele da o\u010duvaju vekovnu narodnu tradiciju da na svadbu pozivaju goste sa \u010duturom<\/strong>. Pored toga, predmeti koji su izra\u0111eni na stari na\u010din, od drveta sa <a title=\"Tara, planinski dom staroslovenskih bogova\" href=\"http:\/\/www.serbia.com\/srpski\/tara-dom-staroslovenskih-bogova-2\/\">planine Tare<\/a> i ru\u010dno oslikavani, tra\u017eeni su zbog jedinstvenosti i lepote slika, \u0161ara i duboreza koji se na njima nalaze.<\/p>\n<p>Mnogi turisti i stranci za Radovanovi\u0107e i njihovu dvovekovnu tradiciju izrade drvenih \u010dutura, \u010duli su putem Interneta. Oni ove ru\u010dno pravljene proizvode prevashodno kupuju kao ukras, ali i zbog \u010dinjenice da sami mogu da odlu\u010de \u0161ta \u0107e se na\u0107i na njihovoj \u010duturi. Na taj na\u010din, dobijaju jedinstven proizvod koji nema duplikat.<\/p>\n<p><strong>Radovanovi\u0107i planiraju da u budu\u0107nosti dodatno unapede proizvodnju, kako bi mogli da udovolje potrebama kupaca<\/strong>. Drvene \u010duture se mogu kuputi na njihovom \u0161tandu na Tari, kao i u <a title=\"Beograd\" href=\"http:\/\/www.serbia.com\/srpski\/posetite-srbiju\/sta-videti\/gradovi\/beograd\/\">Beogradu<\/a>, na Vra\u010daru, gde je op\u0161tina u tr\u017enom centru dala prostor na kori\u0161\u0107enje za dvadesetak proizvo\u0111a\u010da koji se bave starim zanatima.<\/p>\n","protected":false},"excerpt":{"rendered":"<p>Dvesta godina se u malom selu nadomak Bajine Ba\u0161te nastavlja dugo\u010duvana porodi\u010dna tradicija. Od javorovog drveta sa Tare, u dve male zanatske radionice, sedma generacija porodice Radovanovi\u0107 izra\u0111uje \u010duture, \u010danke, [&hellip;]<\/p>\n","protected":false},"author":27,"featured_media":34242,"parent":34018,"menu_order":0,"comment_status":"closed","ping_status":"closed","template":"","meta":{"_acf_changed":false,"inline_featured_image":false,"_monsterinsights_skip_tracking":false,"_monsterinsights_sitenote_active":false,"_monsterinsights_sitenote_note":"","_monsterinsights_sitenote_category":0,"footnotes":""},"categories":[3352],"tags":[],"class_list":["post-34244","page","type-page","status-publish","has-post-thumbnail","hentry","category-nematerijalno-kulturno-naslede"],"acf":[],"yoast_head":"<!-- This site is optimized with the Yoast SEO plugin v23.8 - https:\/\/yoast.com\/wordpress\/plugins\/seo\/ -->\n<title>Drvene \u010duture - Serbia.com<\/title>\n<meta name=\"robots\" content=\"index, follow, max-snippet:-1, max-image-preview:large, max-video-preview:-1\" \/>\n<link rel=\"canonical\" href=\"https:\/\/serbia.com\/srpski\/o-srbiji\/kultura\/nematerijalno-kulturno-nasledje-srbije\/nematerijalno-kulturno-naslede-kao-cuvar-srpskog-identiteta\/drvene-cuture\/\" \/>\n<meta property=\"og:locale\" content=\"en_US\" \/>\n<meta property=\"og:type\" content=\"article\" \/>\n<meta property=\"og:title\" content=\"Drvene \u010duture - Serbia.com\" \/>\n<meta property=\"og:description\" content=\"Dvesta godina se u malom selu nadomak Bajine Ba\u0161te nastavlja dugo\u010duvana porodi\u010dna tradicija. Od javorovog drveta sa Tare, u dve male zanatske radionice, sedma generacija porodice Radovanovi\u0107 izra\u0111uje \u010duture, \u010danke, [&hellip;]\" \/>\n<meta property=\"og:url\" content=\"https:\/\/serbia.com\/srpski\/o-srbiji\/kultura\/nematerijalno-kulturno-nasledje-srbije\/nematerijalno-kulturno-naslede-kao-cuvar-srpskog-identiteta\/drvene-cuture\/\" \/>\n<meta property=\"og:site_name\" content=\"Serbia.com\" \/>\n<meta property=\"article:modified_time\" content=\"2024-06-06T07:38:56+00:00\" \/>\n<meta property=\"og:image\" content=\"https:\/\/serbia.com\/wp-content\/uploads\/2015\/06\/cutura333.jpg\" \/>\n\t<meta property=\"og:image:width\" content=\"1443\" \/>\n\t<meta property=\"og:image:height\" content=\"843\" \/>\n\t<meta property=\"og:image:type\" content=\"image\/jpeg\" \/>\n<meta name=\"twitter:label1\" content=\"Est. reading time\" \/>\n\t<meta name=\"twitter:data1\" content=\"4 minutes\" \/>\n<script type=\"application\/ld+json\" class=\"yoast-schema-graph\">{\"@context\":\"https:\/\/schema.org\",\"@graph\":[{\"@type\":\"WebPage\",\"@id\":\"https:\/\/serbia.com\/srpski\/o-srbiji\/kultura\/nematerijalno-kulturno-nasledje-srbije\/nematerijalno-kulturno-naslede-kao-cuvar-srpskog-identiteta\/drvene-cuture\/\",\"url\":\"https:\/\/serbia.com\/srpski\/o-srbiji\/kultura\/nematerijalno-kulturno-nasledje-srbije\/nematerijalno-kulturno-naslede-kao-cuvar-srpskog-identiteta\/drvene-cuture\/\",\"name\":\"Drvene \u010duture - Serbia.com\",\"isPartOf\":{\"@id\":\"https:\/\/serbia.com\/#website\"},\"primaryImageOfPage\":{\"@id\":\"https:\/\/serbia.com\/srpski\/o-srbiji\/kultura\/nematerijalno-kulturno-nasledje-srbije\/nematerijalno-kulturno-naslede-kao-cuvar-srpskog-identiteta\/drvene-cuture\/#primaryimage\"},\"image\":{\"@id\":\"https:\/\/serbia.com\/srpski\/o-srbiji\/kultura\/nematerijalno-kulturno-nasledje-srbije\/nematerijalno-kulturno-naslede-kao-cuvar-srpskog-identiteta\/drvene-cuture\/#primaryimage\"},\"thumbnailUrl\":\"https:\/\/serbia.com\/wp-content\/uploads\/2015\/06\/cutura333.jpg\",\"datePublished\":\"2015-06-24T14:15:02+00:00\",\"dateModified\":\"2024-06-06T07:38:56+00:00\",\"breadcrumb\":{\"@id\":\"https:\/\/serbia.com\/srpski\/o-srbiji\/kultura\/nematerijalno-kulturno-nasledje-srbije\/nematerijalno-kulturno-naslede-kao-cuvar-srpskog-identiteta\/drvene-cuture\/#breadcrumb\"},\"inLanguage\":\"srpski\",\"potentialAction\":[{\"@type\":\"ReadAction\",\"target\":[\"https:\/\/serbia.com\/srpski\/o-srbiji\/kultura\/nematerijalno-kulturno-nasledje-srbije\/nematerijalno-kulturno-naslede-kao-cuvar-srpskog-identiteta\/drvene-cuture\/\"]}]},{\"@type\":\"ImageObject\",\"inLanguage\":\"srpski\",\"@id\":\"https:\/\/serbia.com\/srpski\/o-srbiji\/kultura\/nematerijalno-kulturno-nasledje-srbije\/nematerijalno-kulturno-naslede-kao-cuvar-srpskog-identiteta\/drvene-cuture\/#primaryimage\",\"url\":\"https:\/\/serbia.com\/wp-content\/uploads\/2015\/06\/cutura333.jpg\",\"contentUrl\":\"https:\/\/serbia.com\/wp-content\/uploads\/2015\/06\/cutura333.jpg\",\"width\":1443,\"height\":843},{\"@type\":\"BreadcrumbList\",\"@id\":\"https:\/\/serbia.com\/srpski\/o-srbiji\/kultura\/nematerijalno-kulturno-nasledje-srbije\/nematerijalno-kulturno-naslede-kao-cuvar-srpskog-identiteta\/drvene-cuture\/#breadcrumb\",\"itemListElement\":[{\"@type\":\"ListItem\",\"position\":1,\"name\":\"Home\",\"item\":\"https:\/\/serbia.com\/srpski\/\"},{\"@type\":\"ListItem\",\"position\":2,\"name\":\"O Srbiji\",\"item\":\"https:\/\/serbia.com\/srpski\/o-srbiji\/\"},{\"@type\":\"ListItem\",\"position\":3,\"name\":\"Kultura\",\"item\":\"https:\/\/serbia.com\/srpski\/o-srbiji\/kultura\/\"},{\"@type\":\"ListItem\",\"position\":4,\"name\":\"Nematerijalno kulturno nasle\u0111e Srbije\",\"item\":\"https:\/\/serbia.com\/srpski\/o-srbiji\/kultura\/nematerijalno-kulturno-nasledje-srbije\/\"},{\"@type\":\"ListItem\",\"position\":5,\"name\":\"Nematerijalno kulturno nasle\u0111e kao \u010duvar srpskog identiteta\",\"item\":\"https:\/\/serbia.com\/srpski\/o-srbiji\/kultura\/nematerijalno-kulturno-nasledje-srbije\/nematerijalno-kulturno-naslede-kao-cuvar-srpskog-identiteta\/\"},{\"@type\":\"ListItem\",\"position\":6,\"name\":\"Drvene \u010duture\"}]},{\"@type\":\"WebSite\",\"@id\":\"https:\/\/serbia.com\/#website\",\"url\":\"https:\/\/serbia.com\/\",\"name\":\"Serbia.com\",\"description\":\"Your Gateway to Serbia\",\"potentialAction\":[{\"@type\":\"SearchAction\",\"target\":{\"@type\":\"EntryPoint\",\"urlTemplate\":\"https:\/\/serbia.com\/?s={search_term_string}\"},\"query-input\":{\"@type\":\"PropertyValueSpecification\",\"valueRequired\":true,\"valueName\":\"search_term_string\"}}],\"inLanguage\":\"srpski\"}]}<\/script>\n<!-- \/ Yoast SEO plugin. -->","yoast_head_json":{"title":"Drvene \u010duture - Serbia.com","robots":{"index":"index","follow":"follow","max-snippet":"max-snippet:-1","max-image-preview":"max-image-preview:large","max-video-preview":"max-video-preview:-1"},"canonical":"https:\/\/serbia.com\/srpski\/o-srbiji\/kultura\/nematerijalno-kulturno-nasledje-srbije\/nematerijalno-kulturno-naslede-kao-cuvar-srpskog-identiteta\/drvene-cuture\/","og_locale":"en_US","og_type":"article","og_title":"Drvene \u010duture - Serbia.com","og_description":"Dvesta godina se u malom selu nadomak Bajine Ba\u0161te nastavlja dugo\u010duvana porodi\u010dna tradicija. Od javorovog drveta sa Tare, u dve male zanatske radionice, sedma generacija porodice Radovanovi\u0107 izra\u0111uje \u010duture, \u010danke, [&hellip;]","og_url":"https:\/\/serbia.com\/srpski\/o-srbiji\/kultura\/nematerijalno-kulturno-nasledje-srbije\/nematerijalno-kulturno-naslede-kao-cuvar-srpskog-identiteta\/drvene-cuture\/","og_site_name":"Serbia.com","article_modified_time":"2024-06-06T07:38:56+00:00","og_image":[{"width":1443,"height":843,"url":"https:\/\/serbia.com\/wp-content\/uploads\/2015\/06\/cutura333.jpg","type":"image\/jpeg"}],"twitter_misc":{"Est. reading time":"4 minutes"},"schema":{"@context":"https:\/\/schema.org","@graph":[{"@type":"WebPage","@id":"https:\/\/serbia.com\/srpski\/o-srbiji\/kultura\/nematerijalno-kulturno-nasledje-srbije\/nematerijalno-kulturno-naslede-kao-cuvar-srpskog-identiteta\/drvene-cuture\/","url":"https:\/\/serbia.com\/srpski\/o-srbiji\/kultura\/nematerijalno-kulturno-nasledje-srbije\/nematerijalno-kulturno-naslede-kao-cuvar-srpskog-identiteta\/drvene-cuture\/","name":"Drvene \u010duture - Serbia.com","isPartOf":{"@id":"https:\/\/serbia.com\/#website"},"primaryImageOfPage":{"@id":"https:\/\/serbia.com\/srpski\/o-srbiji\/kultura\/nematerijalno-kulturno-nasledje-srbije\/nematerijalno-kulturno-naslede-kao-cuvar-srpskog-identiteta\/drvene-cuture\/#primaryimage"},"image":{"@id":"https:\/\/serbia.com\/srpski\/o-srbiji\/kultura\/nematerijalno-kulturno-nasledje-srbije\/nematerijalno-kulturno-naslede-kao-cuvar-srpskog-identiteta\/drvene-cuture\/#primaryimage"},"thumbnailUrl":"https:\/\/serbia.com\/wp-content\/uploads\/2015\/06\/cutura333.jpg","datePublished":"2015-06-24T14:15:02+00:00","dateModified":"2024-06-06T07:38:56+00:00","breadcrumb":{"@id":"https:\/\/serbia.com\/srpski\/o-srbiji\/kultura\/nematerijalno-kulturno-nasledje-srbije\/nematerijalno-kulturno-naslede-kao-cuvar-srpskog-identiteta\/drvene-cuture\/#breadcrumb"},"inLanguage":"srpski","potentialAction":[{"@type":"ReadAction","target":["https:\/\/serbia.com\/srpski\/o-srbiji\/kultura\/nematerijalno-kulturno-nasledje-srbije\/nematerijalno-kulturno-naslede-kao-cuvar-srpskog-identiteta\/drvene-cuture\/"]}]},{"@type":"ImageObject","inLanguage":"srpski","@id":"https:\/\/serbia.com\/srpski\/o-srbiji\/kultura\/nematerijalno-kulturno-nasledje-srbije\/nematerijalno-kulturno-naslede-kao-cuvar-srpskog-identiteta\/drvene-cuture\/#primaryimage","url":"https:\/\/serbia.com\/wp-content\/uploads\/2015\/06\/cutura333.jpg","contentUrl":"https:\/\/serbia.com\/wp-content\/uploads\/2015\/06\/cutura333.jpg","width":1443,"height":843},{"@type":"BreadcrumbList","@id":"https:\/\/serbia.com\/srpski\/o-srbiji\/kultura\/nematerijalno-kulturno-nasledje-srbije\/nematerijalno-kulturno-naslede-kao-cuvar-srpskog-identiteta\/drvene-cuture\/#breadcrumb","itemListElement":[{"@type":"ListItem","position":1,"name":"Home","item":"https:\/\/serbia.com\/srpski\/"},{"@type":"ListItem","position":2,"name":"O Srbiji","item":"https:\/\/serbia.com\/srpski\/o-srbiji\/"},{"@type":"ListItem","position":3,"name":"Kultura","item":"https:\/\/serbia.com\/srpski\/o-srbiji\/kultura\/"},{"@type":"ListItem","position":4,"name":"Nematerijalno kulturno nasle\u0111e Srbije","item":"https:\/\/serbia.com\/srpski\/o-srbiji\/kultura\/nematerijalno-kulturno-nasledje-srbije\/"},{"@type":"ListItem","position":5,"name":"Nematerijalno kulturno nasle\u0111e kao \u010duvar srpskog identiteta","item":"https:\/\/serbia.com\/srpski\/o-srbiji\/kultura\/nematerijalno-kulturno-nasledje-srbije\/nematerijalno-kulturno-naslede-kao-cuvar-srpskog-identiteta\/"},{"@type":"ListItem","position":6,"name":"Drvene \u010duture"}]},{"@type":"WebSite","@id":"https:\/\/serbia.com\/#website","url":"https:\/\/serbia.com\/","name":"Serbia.com","description":"Your Gateway to Serbia","potentialAction":[{"@type":"SearchAction","target":{"@type":"EntryPoint","urlTemplate":"https:\/\/serbia.com\/?s={search_term_string}"},"query-input":{"@type":"PropertyValueSpecification","valueRequired":true,"valueName":"search_term_string"}}],"inLanguage":"srpski"}]}},"_links":{"self":[{"href":"https:\/\/serbia.com\/srpski\/wp-json\/wp\/v2\/pages\/34244"}],"collection":[{"href":"https:\/\/serbia.com\/srpski\/wp-json\/wp\/v2\/pages"}],"about":[{"href":"https:\/\/serbia.com\/srpski\/wp-json\/wp\/v2\/types\/page"}],"author":[{"embeddable":true,"href":"https:\/\/serbia.com\/srpski\/wp-json\/wp\/v2\/users\/27"}],"replies":[{"embeddable":true,"href":"https:\/\/serbia.com\/srpski\/wp-json\/wp\/v2\/comments?post=34244"}],"version-history":[{"count":1,"href":"https:\/\/serbia.com\/srpski\/wp-json\/wp\/v2\/pages\/34244\/revisions"}],"predecessor-version":[{"id":53344,"href":"https:\/\/serbia.com\/srpski\/wp-json\/wp\/v2\/pages\/34244\/revisions\/53344"}],"up":[{"embeddable":true,"href":"https:\/\/serbia.com\/srpski\/wp-json\/wp\/v2\/pages\/34018"}],"wp:featuredmedia":[{"embeddable":true,"href":"https:\/\/serbia.com\/srpski\/wp-json\/wp\/v2\/media\/34242"}],"wp:attachment":[{"href":"https:\/\/serbia.com\/srpski\/wp-json\/wp\/v2\/media?parent=34244"}],"wp:term":[{"taxonomy":"category","embeddable":true,"href":"https:\/\/serbia.com\/srpski\/wp-json\/wp\/v2\/categories?post=34244"},{"taxonomy":"post_tag","embeddable":true,"href":"https:\/\/serbia.com\/srpski\/wp-json\/wp\/v2\/tags?post=34244"}],"curies":[{"name":"wp","href":"https:\/\/api.w.org\/{rel}","templated":true}]}}