{"id":34228,"date":"2015-06-24T15:39:54","date_gmt":"2015-06-24T13:39:54","guid":{"rendered":"http:\/\/www.serbia.com\/?page_id=34228"},"modified":"2024-06-05T11:13:42","modified_gmt":"2024-06-05T09:13:42","slug":"pirotski-kackavalj","status":"publish","type":"page","link":"https:\/\/serbia.com\/srpski\/o-srbiji\/kultura\/nematerijalno-kulturno-nasledje-srbije\/nematerijalno-kulturno-naslede-kao-cuvar-srpskog-identiteta\/pirotski-kackavalj\/","title":{"rendered":"Pirotski ka\u010dkavalj"},"content":{"rendered":"<h4>Uz pomo\u0107 originalne recepture stare vi\u0161e od dva veka i sna\u017enih ruku iskusnih majstora, izra\u0111uje se \u010duveni srpski delikates \u2013 pirotski ka\u010dkavalj. \u010cisto staroplaninsko mleko i so osnovni su sastojci ovog specijaliteta, a ru\u010dna proizvodnja i vi\u0161emese\u010dno zrenje na ujedna\u010denoj temperaturi, glavne tajne njegovog prepoznatljivog ukusa.<\/h4>\n<p><strong>Ov\u010diji, kravlji ili me\u0161anac? Ukusi su razli\u010diti, ali jedno je sigurno \u2013 ko jednom proba pirotski ka\u010dkavalj ne\u0107e ostati ravnodu\u0161an.<\/strong> Bogat, specifi\u010dan ukus dobijen ru\u010dnim me\u0161anjem i dosoljavanjem, \u010dini ovaj delikates koji je krasio trpeze mnogih Amerikanaca, Arapa, Grka i \u00a0Italijana, zaista posebnim.<\/p>\n<p><strong><img loading=\"lazy\" decoding=\"async\" class=\"alignleft size-full wp-image-29616\" src=\"http:\/\/www.serbia.com\/wp-content\/uploads\/2015\/03\/rep-pirot-kackavalj-U-TEKST.jpg\" alt=\"rep-pirot-kackavalj-U-TEKST\" width=\"300\" height=\"400\" srcset=\"https:\/\/serbia.com\/wp-content\/uploads\/2015\/03\/rep-pirot-kackavalj-U-TEKST.jpg 300w, https:\/\/serbia.com\/wp-content\/uploads\/2015\/03\/rep-pirot-kackavalj-U-TEKST-225x300.jpg 225w\" sizes=\"(max-width: 300px) 100vw, 300px\" \/>Od 1946. godine u Mlekarskoj \u0161koli u Pirotu na izradi ka\u010dkavalja rade stari iskusni majstori, ali i mnogobrojni srednjo\u0161kolci koji poha\u0111aju tu \u0161kolu<\/strong>.<\/p>\n<p>Upravo na ovom mestu u\u010de teoriju, ali i sve tajne zanata za koji su se opredelili. \u0110aka danas ima iz cele Srbije, a pored izrade zahtevnog pirotskog ka\u010dkavalja, u\u010de i kako da prera\u0111uju mleko, prave vo\u0107ni jogurt, sir i ostale proizvode od doma\u0107eg staroplaniskog mleka.<\/p>\n<p>\u010cesto se govori da su staroplaninski pa\u0161njaci i \u010dist vazduh stvorili pirotski ka\u010dkavalj. I tu definitivno ima istine. <strong>Ovce koje se hrane na bogatim, travnatim obroncima <a title=\"Stara planina, prirodni rezervat u dve dr\u017eave\" href=\"http:\/\/www.serbia.com\/srpski\/stara-planina-prirodni-rezervat-u-dve-drzave\/\">Stare planine<\/a> daju najkvalitetnije doma\u0107e mleko od kojeg se po jedinstvenom receptu pravi srpski brend.<\/strong><\/p>\n<p>Na\u017ealost, <strong>iako je receptura ostala ista kao i pre 200 godina, ovaca je znatno manje.<\/strong><\/p>\n<p>U pojedinim selima na Staroj planini nekada se \u010duvalo i do 22.000 ovaca, a danas njihov broj iznosi svega 500-600. Glavni uzrok nesta\u0161ice mleka su opustela sela, ali i \u010dinjenica da su jaganjci postali turisti\u010dka atrakcija na obroncima ove planine.<\/p>\n<p><em>Za kilogram ka\u010dkavalja potrebno je najmanje 12 litara mleka, so, odre\u0111ena temperatura i kalupi. Najpre se ru\u010dno pravi baskija, zatim ide me\u0161enje i ujedna\u010davanje. Sve to odstoji pa se postupak ponavlja nekoliko puta, a zatim se stavlja u kalup. Potrebno je zrenje na ujedna\u010denoj temperaturi od nekoliko meseci i povremeno okretanje poga\u010da.<\/em><\/p>\n<p><strong>Godi\u0161nje se u Mlekarskoj \u0161koli u Pirotu proizvede oko stotinak tona pravog pirotskog ka\u010dkavalja, a upravo po receptu koji je na ovom mestu davno nastao, specijalitet je dobio geografsku za\u0161titu porekla<\/strong>. Zbog tradicionalne recepture i slo\u017eene izrade, pirotski ka\u010dkvalj uvr\u0161\u0107en je i na <a title=\"Nematerijalno kulturno nasledje Srbije\" href=\"http:\/\/www.serbia.com\/srpski\/o-srbiji\/kultura\/nematerijalno-kulturno-nasledje-srbije\/\">Listu nematerijalnog kulturnog nasle\u0111a Republike Srbije<\/a>.<\/p>\n<p><em>Tehnologiju pravljenja ka\u010dkavalja stanovnicima pirotskog kraja preneli su tzv. Crnovunci \u2013 A\u0161ani ili Kucovlasi, nomadski sto\u010dari, balkanski starosedeoci, koji su vreme od prole\u0107a do jeseni provodili na Staroj planini, napasaju\u0107i svoja brojna stada ovaca. Vekovi nisu menjali na\u010din njegove proizvodnje. Nakon oslobo\u0111enja ovih krajeva od Turaka, ov\u010darstvo postaje osnovna sto\u010darska delatnost, a proizvodnja ka\u010dkavalja dosti\u017ee svoj vrhunac do kraja Kraljevine Jugoslavije i po\u010detka Narodne Republike Jugoslavije.<\/em><\/p>\n<p>Pored ka\u010dkavalja, <strong><a href=\"https:\/\/staging.serbia.com\/srpski\/posetite-srbiju\/gradovi\/pirot-mali-grad-sa-dva-velika-srpska-brenda\/\">Pirot<\/a> <\/strong>je poznat i po izradi <strong><a title=\"Pirotsko \u0107ilimarstvo kao \u010duvar srpskog identiteta\" href=\"http:\/\/www.serbia.com\/srpski\/pirotsko-cilimarstvo-kao-cuvar-srpskog-identiteta\/\">\u0107ilima<\/a><\/strong> i <strong>peglane kobasice<\/strong>. Ukoliko posetite ovaj mali grad na jugu Srbije, ne samo da \u0107ete imati prililku da se upoznate sa nekim od najve\u0107ih srpskih brendova, ve\u0107 i da u\u017eivate u lepoti okolne prirode i \u010darima kulturnog bogatstva.<\/p>\n<h4>Pirotski ka\u010dkvalj omiljen \u0161irom sveta<\/h4>\n<p><strong>Me\u0161tani Pirota \u010desto u \u0161ali umeju da ka\u017eu kako nikoga ko ne proba ka\u010dkavalj ne pu\u0161taju da ode iz grada<\/strong>. Za nagovaranjem i nema previ\u0161e potrebe. Svako ko je jednom probao ovaj delikates, po\u017eeleo je da ponese koji kilogram vi\u0161ka sa sobom.<\/p>\n<p><img loading=\"lazy\" decoding=\"async\" class=\"alignleft wp-image-29623 size-medium\" src=\"http:\/\/www.serbia.com\/wp-content\/uploads\/2015\/03\/kackavalj_pirot-300x243.jpg\" alt=\"kackavalj_pirot\" width=\"300\" height=\"243\" srcset=\"https:\/\/serbia.com\/wp-content\/uploads\/2015\/03\/kackavalj_pirot-300x243.jpg 300w, https:\/\/serbia.com\/wp-content\/uploads\/2015\/03\/kackavalj_pirot.jpg 449w\" sizes=\"(max-width: 300px) 100vw, 300px\" \/>Naj\u010de\u0161\u0107i kupci pirotskog specijaliteta su stanovnici Pirota i okoline. <strong>Potra\u017enja postoji i u drugim gradovima Srbije, a ka\u010dkavalj sve vi\u0161e kupuju i Srbi koji su iz nekog razloga morali da napuste mati\u010dnu dr\u017eavu, ali i turisti<\/strong>.<\/p>\n<p>S\u2019 obzirom da ka\u010dkavalj ima rok trajanja koji je \u010desto du\u017ei i od dve godine, oni ga sa zadovoljstvom nose i pripremeju u svojim domovima.<\/p>\n<p>Tako\u0111e, interesovanje i potra\u017enja za doma\u0107im, autenti\u010dnim i ru\u010dno pravljenim proizvodima, sve se vi\u0161e ceni u modernizovanim dr\u017eavama \u0161irom sveta. <strong>Pirotski ka\u010dkavalj tra\u017een je i u mnogim arapskim zemljama, a interesovanje postoji i na evropskom i ameri\u010dkom tr\u017ei\u0161tu<\/strong>.<\/p>\n","protected":false},"excerpt":{"rendered":"<p>Uz pomo\u0107 originalne recepture stare vi\u0161e od dva veka i sna\u017enih ruku iskusnih majstora, izra\u0111uje se \u010duveni srpski delikates \u2013 pirotski ka\u010dkavalj. \u010cisto staroplaninsko mleko i so osnovni su sastojci [&hellip;]<\/p>\n","protected":false},"author":27,"featured_media":34016,"parent":34018,"menu_order":0,"comment_status":"closed","ping_status":"closed","template":"","meta":{"_acf_changed":false,"inline_featured_image":false,"_monsterinsights_skip_tracking":false,"_monsterinsights_sitenote_active":false,"_monsterinsights_sitenote_note":"","_monsterinsights_sitenote_category":0,"footnotes":""},"categories":[3352],"tags":[3368,2657,3401],"class_list":["post-34228","page","type-page","status-publish","has-post-thumbnail","hentry","category-nematerijalno-kulturno-naslede","tag-nematerijalno-kulturno-naslede-srbije","tag-pirot-srpski","tag-pirotski-kackavalj"],"acf":[],"yoast_head":"<!-- This site is optimized with the Yoast SEO plugin v23.8 - https:\/\/yoast.com\/wordpress\/plugins\/seo\/ -->\n<title>Pirotski ka\u010dkavalj - Serbia.com<\/title>\n<meta name=\"robots\" content=\"index, follow, max-snippet:-1, max-image-preview:large, max-video-preview:-1\" \/>\n<link rel=\"canonical\" href=\"https:\/\/serbia.com\/srpski\/o-srbiji\/kultura\/nematerijalno-kulturno-nasledje-srbije\/nematerijalno-kulturno-naslede-kao-cuvar-srpskog-identiteta\/pirotski-kackavalj\/\" \/>\n<meta property=\"og:locale\" content=\"en_US\" \/>\n<meta property=\"og:type\" content=\"article\" \/>\n<meta property=\"og:title\" content=\"Pirotski ka\u010dkavalj - Serbia.com\" \/>\n<meta property=\"og:description\" content=\"Uz pomo\u0107 originalne recepture stare vi\u0161e od dva veka i sna\u017enih ruku iskusnih majstora, izra\u0111uje se \u010duveni srpski delikates \u2013 pirotski ka\u010dkavalj. \u010cisto staroplaninsko mleko i so osnovni su sastojci [&hellip;]\" \/>\n<meta property=\"og:url\" content=\"https:\/\/serbia.com\/srpski\/o-srbiji\/kultura\/nematerijalno-kulturno-nasledje-srbije\/nematerijalno-kulturno-naslede-kao-cuvar-srpskog-identiteta\/pirotski-kackavalj\/\" \/>\n<meta property=\"og:site_name\" content=\"Serbia.com\" \/>\n<meta property=\"article:modified_time\" content=\"2024-06-05T09:13:42+00:00\" \/>\n<meta property=\"og:image\" content=\"https:\/\/serbia.com\/wp-content\/uploads\/2015\/06\/kackavalj3333.jpg\" \/>\n\t<meta property=\"og:image:width\" content=\"1600\" \/>\n\t<meta property=\"og:image:height\" content=\"743\" \/>\n\t<meta property=\"og:image:type\" content=\"image\/jpeg\" \/>\n<meta name=\"twitter:label1\" content=\"Est. reading time\" \/>\n\t<meta name=\"twitter:data1\" content=\"4 minutes\" \/>\n<script type=\"application\/ld+json\" class=\"yoast-schema-graph\">{\"@context\":\"https:\/\/schema.org\",\"@graph\":[{\"@type\":\"WebPage\",\"@id\":\"https:\/\/serbia.com\/srpski\/o-srbiji\/kultura\/nematerijalno-kulturno-nasledje-srbije\/nematerijalno-kulturno-naslede-kao-cuvar-srpskog-identiteta\/pirotski-kackavalj\/\",\"url\":\"https:\/\/serbia.com\/srpski\/o-srbiji\/kultura\/nematerijalno-kulturno-nasledje-srbije\/nematerijalno-kulturno-naslede-kao-cuvar-srpskog-identiteta\/pirotski-kackavalj\/\",\"name\":\"Pirotski ka\u010dkavalj - Serbia.com\",\"isPartOf\":{\"@id\":\"https:\/\/serbia.com\/#website\"},\"primaryImageOfPage\":{\"@id\":\"https:\/\/serbia.com\/srpski\/o-srbiji\/kultura\/nematerijalno-kulturno-nasledje-srbije\/nematerijalno-kulturno-naslede-kao-cuvar-srpskog-identiteta\/pirotski-kackavalj\/#primaryimage\"},\"image\":{\"@id\":\"https:\/\/serbia.com\/srpski\/o-srbiji\/kultura\/nematerijalno-kulturno-nasledje-srbije\/nematerijalno-kulturno-naslede-kao-cuvar-srpskog-identiteta\/pirotski-kackavalj\/#primaryimage\"},\"thumbnailUrl\":\"https:\/\/serbia.com\/wp-content\/uploads\/2015\/06\/kackavalj3333.jpg\",\"datePublished\":\"2015-06-24T13:39:54+00:00\",\"dateModified\":\"2024-06-05T09:13:42+00:00\",\"breadcrumb\":{\"@id\":\"https:\/\/serbia.com\/srpski\/o-srbiji\/kultura\/nematerijalno-kulturno-nasledje-srbije\/nematerijalno-kulturno-naslede-kao-cuvar-srpskog-identiteta\/pirotski-kackavalj\/#breadcrumb\"},\"inLanguage\":\"srpski\",\"potentialAction\":[{\"@type\":\"ReadAction\",\"target\":[\"https:\/\/serbia.com\/srpski\/o-srbiji\/kultura\/nematerijalno-kulturno-nasledje-srbije\/nematerijalno-kulturno-naslede-kao-cuvar-srpskog-identiteta\/pirotski-kackavalj\/\"]}]},{\"@type\":\"ImageObject\",\"inLanguage\":\"srpski\",\"@id\":\"https:\/\/serbia.com\/srpski\/o-srbiji\/kultura\/nematerijalno-kulturno-nasledje-srbije\/nematerijalno-kulturno-naslede-kao-cuvar-srpskog-identiteta\/pirotski-kackavalj\/#primaryimage\",\"url\":\"https:\/\/serbia.com\/wp-content\/uploads\/2015\/06\/kackavalj3333.jpg\",\"contentUrl\":\"https:\/\/serbia.com\/wp-content\/uploads\/2015\/06\/kackavalj3333.jpg\",\"width\":1600,\"height\":743},{\"@type\":\"BreadcrumbList\",\"@id\":\"https:\/\/serbia.com\/srpski\/o-srbiji\/kultura\/nematerijalno-kulturno-nasledje-srbije\/nematerijalno-kulturno-naslede-kao-cuvar-srpskog-identiteta\/pirotski-kackavalj\/#breadcrumb\",\"itemListElement\":[{\"@type\":\"ListItem\",\"position\":1,\"name\":\"Home\",\"item\":\"https:\/\/serbia.com\/srpski\/\"},{\"@type\":\"ListItem\",\"position\":2,\"name\":\"O Srbiji\",\"item\":\"https:\/\/serbia.com\/srpski\/o-srbiji\/\"},{\"@type\":\"ListItem\",\"position\":3,\"name\":\"Kultura\",\"item\":\"https:\/\/serbia.com\/srpski\/o-srbiji\/kultura\/\"},{\"@type\":\"ListItem\",\"position\":4,\"name\":\"Nematerijalno kulturno nasle\u0111e Srbije\",\"item\":\"https:\/\/serbia.com\/srpski\/o-srbiji\/kultura\/nematerijalno-kulturno-nasledje-srbije\/\"},{\"@type\":\"ListItem\",\"position\":5,\"name\":\"Nematerijalno kulturno nasle\u0111e kao \u010duvar srpskog identiteta\",\"item\":\"https:\/\/serbia.com\/srpski\/o-srbiji\/kultura\/nematerijalno-kulturno-nasledje-srbije\/nematerijalno-kulturno-naslede-kao-cuvar-srpskog-identiteta\/\"},{\"@type\":\"ListItem\",\"position\":6,\"name\":\"Pirotski ka\u010dkavalj\"}]},{\"@type\":\"WebSite\",\"@id\":\"https:\/\/serbia.com\/#website\",\"url\":\"https:\/\/serbia.com\/\",\"name\":\"Serbia.com\",\"description\":\"Your Gateway to Serbia\",\"potentialAction\":[{\"@type\":\"SearchAction\",\"target\":{\"@type\":\"EntryPoint\",\"urlTemplate\":\"https:\/\/serbia.com\/?s={search_term_string}\"},\"query-input\":{\"@type\":\"PropertyValueSpecification\",\"valueRequired\":true,\"valueName\":\"search_term_string\"}}],\"inLanguage\":\"srpski\"}]}<\/script>\n<!-- \/ Yoast SEO plugin. -->","yoast_head_json":{"title":"Pirotski ka\u010dkavalj - Serbia.com","robots":{"index":"index","follow":"follow","max-snippet":"max-snippet:-1","max-image-preview":"max-image-preview:large","max-video-preview":"max-video-preview:-1"},"canonical":"https:\/\/serbia.com\/srpski\/o-srbiji\/kultura\/nematerijalno-kulturno-nasledje-srbije\/nematerijalno-kulturno-naslede-kao-cuvar-srpskog-identiteta\/pirotski-kackavalj\/","og_locale":"en_US","og_type":"article","og_title":"Pirotski ka\u010dkavalj - Serbia.com","og_description":"Uz pomo\u0107 originalne recepture stare vi\u0161e od dva veka i sna\u017enih ruku iskusnih majstora, izra\u0111uje se \u010duveni srpski delikates \u2013 pirotski ka\u010dkavalj. \u010cisto staroplaninsko mleko i so osnovni su sastojci [&hellip;]","og_url":"https:\/\/serbia.com\/srpski\/o-srbiji\/kultura\/nematerijalno-kulturno-nasledje-srbije\/nematerijalno-kulturno-naslede-kao-cuvar-srpskog-identiteta\/pirotski-kackavalj\/","og_site_name":"Serbia.com","article_modified_time":"2024-06-05T09:13:42+00:00","og_image":[{"width":1600,"height":743,"url":"https:\/\/serbia.com\/wp-content\/uploads\/2015\/06\/kackavalj3333.jpg","type":"image\/jpeg"}],"twitter_misc":{"Est. reading time":"4 minutes"},"schema":{"@context":"https:\/\/schema.org","@graph":[{"@type":"WebPage","@id":"https:\/\/serbia.com\/srpski\/o-srbiji\/kultura\/nematerijalno-kulturno-nasledje-srbije\/nematerijalno-kulturno-naslede-kao-cuvar-srpskog-identiteta\/pirotski-kackavalj\/","url":"https:\/\/serbia.com\/srpski\/o-srbiji\/kultura\/nematerijalno-kulturno-nasledje-srbije\/nematerijalno-kulturno-naslede-kao-cuvar-srpskog-identiteta\/pirotski-kackavalj\/","name":"Pirotski ka\u010dkavalj - Serbia.com","isPartOf":{"@id":"https:\/\/serbia.com\/#website"},"primaryImageOfPage":{"@id":"https:\/\/serbia.com\/srpski\/o-srbiji\/kultura\/nematerijalno-kulturno-nasledje-srbije\/nematerijalno-kulturno-naslede-kao-cuvar-srpskog-identiteta\/pirotski-kackavalj\/#primaryimage"},"image":{"@id":"https:\/\/serbia.com\/srpski\/o-srbiji\/kultura\/nematerijalno-kulturno-nasledje-srbije\/nematerijalno-kulturno-naslede-kao-cuvar-srpskog-identiteta\/pirotski-kackavalj\/#primaryimage"},"thumbnailUrl":"https:\/\/serbia.com\/wp-content\/uploads\/2015\/06\/kackavalj3333.jpg","datePublished":"2015-06-24T13:39:54+00:00","dateModified":"2024-06-05T09:13:42+00:00","breadcrumb":{"@id":"https:\/\/serbia.com\/srpski\/o-srbiji\/kultura\/nematerijalno-kulturno-nasledje-srbije\/nematerijalno-kulturno-naslede-kao-cuvar-srpskog-identiteta\/pirotski-kackavalj\/#breadcrumb"},"inLanguage":"srpski","potentialAction":[{"@type":"ReadAction","target":["https:\/\/serbia.com\/srpski\/o-srbiji\/kultura\/nematerijalno-kulturno-nasledje-srbije\/nematerijalno-kulturno-naslede-kao-cuvar-srpskog-identiteta\/pirotski-kackavalj\/"]}]},{"@type":"ImageObject","inLanguage":"srpski","@id":"https:\/\/serbia.com\/srpski\/o-srbiji\/kultura\/nematerijalno-kulturno-nasledje-srbije\/nematerijalno-kulturno-naslede-kao-cuvar-srpskog-identiteta\/pirotski-kackavalj\/#primaryimage","url":"https:\/\/serbia.com\/wp-content\/uploads\/2015\/06\/kackavalj3333.jpg","contentUrl":"https:\/\/serbia.com\/wp-content\/uploads\/2015\/06\/kackavalj3333.jpg","width":1600,"height":743},{"@type":"BreadcrumbList","@id":"https:\/\/serbia.com\/srpski\/o-srbiji\/kultura\/nematerijalno-kulturno-nasledje-srbije\/nematerijalno-kulturno-naslede-kao-cuvar-srpskog-identiteta\/pirotski-kackavalj\/#breadcrumb","itemListElement":[{"@type":"ListItem","position":1,"name":"Home","item":"https:\/\/serbia.com\/srpski\/"},{"@type":"ListItem","position":2,"name":"O Srbiji","item":"https:\/\/serbia.com\/srpski\/o-srbiji\/"},{"@type":"ListItem","position":3,"name":"Kultura","item":"https:\/\/serbia.com\/srpski\/o-srbiji\/kultura\/"},{"@type":"ListItem","position":4,"name":"Nematerijalno kulturno nasle\u0111e Srbije","item":"https:\/\/serbia.com\/srpski\/o-srbiji\/kultura\/nematerijalno-kulturno-nasledje-srbije\/"},{"@type":"ListItem","position":5,"name":"Nematerijalno kulturno nasle\u0111e kao \u010duvar srpskog identiteta","item":"https:\/\/serbia.com\/srpski\/o-srbiji\/kultura\/nematerijalno-kulturno-nasledje-srbije\/nematerijalno-kulturno-naslede-kao-cuvar-srpskog-identiteta\/"},{"@type":"ListItem","position":6,"name":"Pirotski ka\u010dkavalj"}]},{"@type":"WebSite","@id":"https:\/\/serbia.com\/#website","url":"https:\/\/serbia.com\/","name":"Serbia.com","description":"Your Gateway to Serbia","potentialAction":[{"@type":"SearchAction","target":{"@type":"EntryPoint","urlTemplate":"https:\/\/serbia.com\/?s={search_term_string}"},"query-input":{"@type":"PropertyValueSpecification","valueRequired":true,"valueName":"search_term_string"}}],"inLanguage":"srpski"}]}},"_links":{"self":[{"href":"https:\/\/serbia.com\/srpski\/wp-json\/wp\/v2\/pages\/34228"}],"collection":[{"href":"https:\/\/serbia.com\/srpski\/wp-json\/wp\/v2\/pages"}],"about":[{"href":"https:\/\/serbia.com\/srpski\/wp-json\/wp\/v2\/types\/page"}],"author":[{"embeddable":true,"href":"https:\/\/serbia.com\/srpski\/wp-json\/wp\/v2\/users\/27"}],"replies":[{"embeddable":true,"href":"https:\/\/serbia.com\/srpski\/wp-json\/wp\/v2\/comments?post=34228"}],"version-history":[{"count":2,"href":"https:\/\/serbia.com\/srpski\/wp-json\/wp\/v2\/pages\/34228\/revisions"}],"predecessor-version":[{"id":53269,"href":"https:\/\/serbia.com\/srpski\/wp-json\/wp\/v2\/pages\/34228\/revisions\/53269"}],"up":[{"embeddable":true,"href":"https:\/\/serbia.com\/srpski\/wp-json\/wp\/v2\/pages\/34018"}],"wp:featuredmedia":[{"embeddable":true,"href":"https:\/\/serbia.com\/srpski\/wp-json\/wp\/v2\/media\/34016"}],"wp:attachment":[{"href":"https:\/\/serbia.com\/srpski\/wp-json\/wp\/v2\/media?parent=34228"}],"wp:term":[{"taxonomy":"category","embeddable":true,"href":"https:\/\/serbia.com\/srpski\/wp-json\/wp\/v2\/categories?post=34228"},{"taxonomy":"post_tag","embeddable":true,"href":"https:\/\/serbia.com\/srpski\/wp-json\/wp\/v2\/tags?post=34228"}],"curies":[{"name":"wp","href":"https:\/\/api.w.org\/{rel}","templated":true}]}}