{"id":34215,"date":"2015-06-24T15:19:04","date_gmt":"2015-06-24T13:19:04","guid":{"rendered":"http:\/\/www.serbia.com\/?page_id=34215"},"modified":"2024-06-06T10:26:36","modified_gmt":"2024-06-06T08:26:36","slug":"pirotski-cilim","status":"publish","type":"page","link":"https:\/\/serbia.com\/srpski\/o-srbiji\/kultura\/nematerijalno-kulturno-nasledje-srbije\/nematerijalno-kulturno-naslede-kao-cuvar-srpskog-identiteta\/pirotski-cilim\/","title":{"rendered":"Pirotski \u0107ilim"},"content":{"rendered":"<h2>Bogate \u0161are i ornamenti, dva identi\u010dna lica, raznovrsna simbolika koju nose i kvalitetna vuna sa Stare planine od koje se prave, odlike su jednog od najpoznatijih srpskih brendova \u2013 pirotskih \u0107ilima.<\/h2>\n<p>U dugotrajnom i slo\u017eenom procesu izrade, tkalje ne samo da prave \u0107ilime vrhunskog kvaliteta, ve\u0107 i svojevrsna umetni\u010dka dela \u010dija su lepota i rasko\u0161nost postali prepoznatljivi svuda u svetu.<\/p>\n<p>Mali grad na jugu Srbije oduvek je bio poznat po izradi \u0107ilima, \u010dija je tradicija starija od \u010detristo\u00a0godina. <strong>U Pirotu se nekada ovim starim zanatom bavilo preko dve i po hiljade\u00a0\u017eena, a ru\u010dni rad kojim su se dobijali proizvodi bio je cenjen i dobro pla\u0107en<\/strong>.<\/p>\n<p>Danas se \u0107ilimarstvom bavi svega njih tridesetak, \u0107ilimi su sve manje tra\u017eeni a zarada je sve ni\u017ea. Zbog svega toga, <strong>bavljenje ovim zanatom u moderno doba predstavlja isklju\u010divo ljubav i posve\u0107enost prema izradi najstarijeg, najlep\u0161eg i naj\u010distijeg narodnog proizvoda<\/strong>.<\/p>\n<p><img loading=\"lazy\" decoding=\"async\" class=\"alignleft wp-image-29533 size-medium\" src=\"https:\/\/staging.serbia.com\/wp-content\/uploads\/2015\/02\/tkalja1-300x225.jpg\" alt=\"tkalja1\" width=\"300\" height=\"225\" srcset=\"https:\/\/serbia.com\/wp-content\/uploads\/2015\/02\/tkalja1-300x225.jpg 300w, https:\/\/serbia.com\/wp-content\/uploads\/2015\/02\/tkalja1.jpg 600w\" sizes=\"(max-width: 300px) 100vw, 300px\" \/><\/p>\n<p>\u017delja da se sa\u010duva porodi\u010dna tradicija i da se iskustvo i znanje prenese na nove generacije, kod onih najistrajnijih je ipak prevagnula. <strong>Tkalje koje danas izra\u0111uju \u0107ilime, vreme provode u malim radionicama, okru\u017eene razbojima i vunom, gde u prijatnoj atmosferi rade ono \u0161to najvi\u0161e vole<\/strong>. Uz pomo\u0107 spretnih prstiju i znanja koje nose u glavi, \u0107ilimarke tkaju proizvode kojima se pripisuju i \u010dudotvorne mo\u0107i.<\/p>\n<p>Osim znatno manje potra\u017enje i minimalne modernizacije alatki koje koriste, u tkanju pirotskih \u0107ilima ni\u0161ta se nije promenilo. <strong>I dalje se \u0107ilimi izra\u0111uju uz pomo\u0107 razboja, vune, alatke tupice i vrednih ruku tkalja<\/strong>. Ru\u010dnim radom koji podrazumeva ne samo spretnost i ve\u0161tinu, ve\u0107 i veliko iskustvo i znanje, dobijaju se \u0107ilimi vrhunskog kvaliteta i lepote koja osvaja.<\/p>\n<p><em>Elaboratom o pirotskim \u0107ilimima za\u0161ti\u0107eni su 95 \u0161ara i 122 ornamenta. Simboli i zna\u010denja koja nose \u0107ilimi su mnogobrojna, pa samim tim i legende i verovanja koja prate simbol grada Pirota. Postoje \u0107ilimi za zdravlje, sre\u0107u, mir i blagostanje u ku\u0107i, finansijski boljitak, za mu\u0161karce i \u017eene, otklanjanje negativne energije, uroka i mnogi drugi.<\/em><\/p>\n<p>Dugotrajan i slo\u017een postupak izrade \u0107ilima \u00a0po\u010dinje <strong><em>\u201csnovanjem\u201d<\/em><\/strong>, u kome tkalje ru\u010dno broje niti. <strong>Sve niti moraju biti iste du\u017eine, a samo godine iskustva omogu\u0107avaju tkalji da ih bez metra precizno izbroji<\/strong>. Do finalnog proizvoda \u0107ilim dele mnogobrojni postupci, u kome neretko u\u010destvuju dve, tri i vi\u0161e tkalja. Iz tog razloga su timski rad i saradnja veoma va\u017eni.<\/p>\n<p><iframe loading=\"lazy\" src=\"https:\/\/www.youtube.com\/embed\/LPXFKsH03E0?feature=oembed\" width=\"1200\" height=\"675\" frameborder=\"0\" allowfullscreen=\"allowfullscreen\"><\/iframe><\/p>\n<p>Kada su niti raspore\u0111ene, izbrojane i zavezane po utvr\u0111enim pravilima, osnova se prebacuje na razboj, na kome po\u010dinje izrada \u0107ilima. Pa\u017eljivim postupcima niti se dalje obra\u0111uju, a \u0107ilim polako po\u010dinje da dobija svoj oblik i izgled. <strong>Ono \u0161to je karakteristi\u010dno za pirotske \u0107ilime je da nemaju nali\u010dje, ve\u010d dva identi\u010dna lica<\/strong>. Pored toga, bogatstvo, boje i simbolika \u0161ara i ornamenata koje ih krase, u\u010dinili su da \u0107ilimi iz Pirota postanu svetski poznati.<\/p>\n<p><em>Pored izrade, tkalje se bave i restauracijom \u0107ilima. Ovakav postupak se najpre primenjuje kod starih i o\u0161te\u0107enih \u0107ilima. Da bi sa\u010duvali porodi\u010dno nasle\u0111e, mnogi ljudi donose \u0107ilime \u010diji je \u017eivotni vek \u010desto du\u017ei i od 100 godina. Takvim \u0107ilimima se posebnim postupkom vra\u0107aju prvobitna boja i izgled, a izuzetna vrednost je i u \u010dinjenici da se tradcija na taj na\u010din \u010duva od zaborava.<\/em><\/p>\n<p><strong>Op\u0161tina Pirot je 2002. godine izvr\u0161ila i za\u0161titu geografske oznake imena porekla, \u0161to zna\u010di da se pirotski \u0107ilim mo\u017ee tkati isklju\u010divo u Pirotu<\/strong>. Samo \u0107ilimi koji su izra\u0111eni po utvr\u0111enim pravilima, koji imaju autenti\u010dne \u0161are ovog kraja i koji se prave od vune ovaca sa <a title=\"Stara planina, prirodni rezervat u dve dr\u017eave\" href=\"http:\/\/www.serbia.com\/srpski\/stara-planina-prirodni-rezervat-u-dve-drzave\/\">Stare planine<\/a>, smatraju se pravim pirotskim \u0107ilimima. Pri kupovini ovog proizvoda, veoma je va\u017eno da obratite pa\u017enju na deklaraciju koju nosi.<\/p>\n<p>Izradom ovog autenti\u010dnog srpskog proizvoda prenose se narodni obi\u010daji i duhovnost, a tradicija se nastavlja. Iako u znatnom manjem broju, nove generacije usvajaju stare zanatske ve\u0161tine i trude se da ih sa\u010duvaju od modernizacije. Ipak, <strong>da bi se proizvodnja jednog od najve\u0107ih srpskih brendova pobolj\u0161ala, o \u0107ilimarstvu se mora vi\u0161e pri\u010dati i znati, a \u0107ilimi se vi\u0161e ceniti i kupovati<\/strong>.<\/p>\n<h4>Kupite \u0107ilim, i uvek imajte deo Srbije sa sobom!<\/h4>\n<p>Ako po\u017eelite da negde, daleko od otad\u017ebine, dodirnete va\u0161 deo Srbije obavezno ponesite jedan pirotski \u0107ilim sa sobom. <strong>Verovanje ka\u017ee da \u0107ete na taj na\u010din poneti i jedan deo zemlje, koji \u0107e vas uvek podse\u0107ati na sve ono \u0161to ste do\u017eiveli u Srbiji<\/strong>. Najbolje bi bilo da \u0107ilim dobijete na poklon od drage osobe.<\/p>\n<p><em>\u201cSvi Piro\u0107anci koji \u017eive van Pirota u belom svetu, bez izuzetka imaju pirotski \u0107ilim kod sebe. Oni dovode u Pirot svoje gazde kod kojih rade, pretpostavljene \u0161efove , poslovne prijatelje koji obavezno kupuju male \u0107ilim\u010di\u0107e za poklon strancima tamo gde \u017eive i rade\u201d<\/em>, ka\u017ee Slavica \u0106iri\u0107, direktorka zanatske zadruge Damsko srce u Pirotu.<\/p>\n<p><strong>Srbi koji \u017eive u inostranstvu, ali i stranci koji \u017eele da imaju uspomenu iz Srbije, naj\u010de\u0161\u0107i su kupci \u0107ilima<\/strong>. Oni ih naru\u010duju i kupuju putem Interneta, a kada \u0107ilim bude gotov po\u0161tom se \u0161alje na \u017eeljenu adresu. Na taj na\u010din, bez obzira na to gde se nalaze, uvek imaju svoj deo Srbije sa sobom!<\/p>\n","protected":false},"excerpt":{"rendered":"<p>Bogate \u0161are i ornamenti, dva identi\u010dna lica, raznovrsna simbolika koju nose i kvalitetna vuna sa Stare planine od koje se prave, odlike su jednog od najpoznatijih srpskih brendova \u2013 pirotskih [&hellip;]<\/p>\n","protected":false},"author":27,"featured_media":34210,"parent":34018,"menu_order":0,"comment_status":"closed","ping_status":"closed","template":"","meta":{"_acf_changed":false,"inline_featured_image":false,"_monsterinsights_skip_tracking":false,"_monsterinsights_sitenote_active":false,"_monsterinsights_sitenote_note":"","_monsterinsights_sitenote_category":0,"footnotes":""},"categories":[973],"tags":[],"class_list":["post-34215","page","type-page","status-publish","has-post-thumbnail","hentry","category-etno-nasledje"],"acf":[],"yoast_head":"<!-- This site is optimized with the Yoast SEO plugin v23.8 - https:\/\/yoast.com\/wordpress\/plugins\/seo\/ -->\n<title>Pirotski \u0107ilim - Serbia.com<\/title>\n<meta name=\"robots\" content=\"index, follow, max-snippet:-1, max-image-preview:large, max-video-preview:-1\" \/>\n<link rel=\"canonical\" href=\"https:\/\/serbia.com\/srpski\/o-srbiji\/kultura\/nematerijalno-kulturno-nasledje-srbije\/nematerijalno-kulturno-naslede-kao-cuvar-srpskog-identiteta\/pirotski-cilim\/\" \/>\n<meta property=\"og:locale\" content=\"en_US\" \/>\n<meta property=\"og:type\" content=\"article\" \/>\n<meta property=\"og:title\" content=\"Pirotski \u0107ilim - Serbia.com\" \/>\n<meta property=\"og:description\" content=\"Bogate \u0161are i ornamenti, dva identi\u010dna lica, raznovrsna simbolika koju nose i kvalitetna vuna sa Stare planine od koje se prave, odlike su jednog od najpoznatijih srpskih brendova \u2013 pirotskih [&hellip;]\" \/>\n<meta property=\"og:url\" content=\"https:\/\/serbia.com\/srpski\/o-srbiji\/kultura\/nematerijalno-kulturno-nasledje-srbije\/nematerijalno-kulturno-naslede-kao-cuvar-srpskog-identiteta\/pirotski-cilim\/\" \/>\n<meta property=\"og:site_name\" content=\"Serbia.com\" \/>\n<meta property=\"article:modified_time\" content=\"2024-06-06T08:26:36+00:00\" \/>\n<meta property=\"og:image\" content=\"https:\/\/serbia.com\/wp-content\/uploads\/2015\/06\/cilim111.jpg\" \/>\n\t<meta property=\"og:image:width\" content=\"1634\" \/>\n\t<meta property=\"og:image:height\" content=\"1000\" \/>\n\t<meta property=\"og:image:type\" content=\"image\/jpeg\" \/>\n<meta name=\"twitter:label1\" content=\"Est. reading time\" \/>\n\t<meta name=\"twitter:data1\" content=\"4 minutes\" \/>\n<script type=\"application\/ld+json\" class=\"yoast-schema-graph\">{\"@context\":\"https:\/\/schema.org\",\"@graph\":[{\"@type\":\"WebPage\",\"@id\":\"https:\/\/serbia.com\/srpski\/o-srbiji\/kultura\/nematerijalno-kulturno-nasledje-srbije\/nematerijalno-kulturno-naslede-kao-cuvar-srpskog-identiteta\/pirotski-cilim\/\",\"url\":\"https:\/\/serbia.com\/srpski\/o-srbiji\/kultura\/nematerijalno-kulturno-nasledje-srbije\/nematerijalno-kulturno-naslede-kao-cuvar-srpskog-identiteta\/pirotski-cilim\/\",\"name\":\"Pirotski \u0107ilim - Serbia.com\",\"isPartOf\":{\"@id\":\"https:\/\/serbia.com\/#website\"},\"primaryImageOfPage\":{\"@id\":\"https:\/\/serbia.com\/srpski\/o-srbiji\/kultura\/nematerijalno-kulturno-nasledje-srbije\/nematerijalno-kulturno-naslede-kao-cuvar-srpskog-identiteta\/pirotski-cilim\/#primaryimage\"},\"image\":{\"@id\":\"https:\/\/serbia.com\/srpski\/o-srbiji\/kultura\/nematerijalno-kulturno-nasledje-srbije\/nematerijalno-kulturno-naslede-kao-cuvar-srpskog-identiteta\/pirotski-cilim\/#primaryimage\"},\"thumbnailUrl\":\"https:\/\/serbia.com\/wp-content\/uploads\/2015\/06\/cilim111.jpg\",\"datePublished\":\"2015-06-24T13:19:04+00:00\",\"dateModified\":\"2024-06-06T08:26:36+00:00\",\"breadcrumb\":{\"@id\":\"https:\/\/serbia.com\/srpski\/o-srbiji\/kultura\/nematerijalno-kulturno-nasledje-srbije\/nematerijalno-kulturno-naslede-kao-cuvar-srpskog-identiteta\/pirotski-cilim\/#breadcrumb\"},\"inLanguage\":\"srpski\",\"potentialAction\":[{\"@type\":\"ReadAction\",\"target\":[\"https:\/\/serbia.com\/srpski\/o-srbiji\/kultura\/nematerijalno-kulturno-nasledje-srbije\/nematerijalno-kulturno-naslede-kao-cuvar-srpskog-identiteta\/pirotski-cilim\/\"]}]},{\"@type\":\"ImageObject\",\"inLanguage\":\"srpski\",\"@id\":\"https:\/\/serbia.com\/srpski\/o-srbiji\/kultura\/nematerijalno-kulturno-nasledje-srbije\/nematerijalno-kulturno-naslede-kao-cuvar-srpskog-identiteta\/pirotski-cilim\/#primaryimage\",\"url\":\"https:\/\/serbia.com\/wp-content\/uploads\/2015\/06\/cilim111.jpg\",\"contentUrl\":\"https:\/\/serbia.com\/wp-content\/uploads\/2015\/06\/cilim111.jpg\",\"width\":1634,\"height\":1000},{\"@type\":\"BreadcrumbList\",\"@id\":\"https:\/\/serbia.com\/srpski\/o-srbiji\/kultura\/nematerijalno-kulturno-nasledje-srbije\/nematerijalno-kulturno-naslede-kao-cuvar-srpskog-identiteta\/pirotski-cilim\/#breadcrumb\",\"itemListElement\":[{\"@type\":\"ListItem\",\"position\":1,\"name\":\"Home\",\"item\":\"https:\/\/serbia.com\/srpski\/\"},{\"@type\":\"ListItem\",\"position\":2,\"name\":\"O Srbiji\",\"item\":\"https:\/\/serbia.com\/srpski\/o-srbiji\/\"},{\"@type\":\"ListItem\",\"position\":3,\"name\":\"Kultura\",\"item\":\"https:\/\/serbia.com\/srpski\/o-srbiji\/kultura\/\"},{\"@type\":\"ListItem\",\"position\":4,\"name\":\"Nematerijalno kulturno nasle\u0111e Srbije\",\"item\":\"https:\/\/serbia.com\/srpski\/o-srbiji\/kultura\/nematerijalno-kulturno-nasledje-srbije\/\"},{\"@type\":\"ListItem\",\"position\":5,\"name\":\"Nematerijalno kulturno nasle\u0111e kao \u010duvar srpskog identiteta\",\"item\":\"https:\/\/serbia.com\/srpski\/o-srbiji\/kultura\/nematerijalno-kulturno-nasledje-srbije\/nematerijalno-kulturno-naslede-kao-cuvar-srpskog-identiteta\/\"},{\"@type\":\"ListItem\",\"position\":6,\"name\":\"Pirotski \u0107ilim\"}]},{\"@type\":\"WebSite\",\"@id\":\"https:\/\/serbia.com\/#website\",\"url\":\"https:\/\/serbia.com\/\",\"name\":\"Serbia.com\",\"description\":\"Your Gateway to Serbia\",\"potentialAction\":[{\"@type\":\"SearchAction\",\"target\":{\"@type\":\"EntryPoint\",\"urlTemplate\":\"https:\/\/serbia.com\/?s={search_term_string}\"},\"query-input\":{\"@type\":\"PropertyValueSpecification\",\"valueRequired\":true,\"valueName\":\"search_term_string\"}}],\"inLanguage\":\"srpski\"}]}<\/script>\n<!-- \/ Yoast SEO plugin. -->","yoast_head_json":{"title":"Pirotski \u0107ilim - Serbia.com","robots":{"index":"index","follow":"follow","max-snippet":"max-snippet:-1","max-image-preview":"max-image-preview:large","max-video-preview":"max-video-preview:-1"},"canonical":"https:\/\/serbia.com\/srpski\/o-srbiji\/kultura\/nematerijalno-kulturno-nasledje-srbije\/nematerijalno-kulturno-naslede-kao-cuvar-srpskog-identiteta\/pirotski-cilim\/","og_locale":"en_US","og_type":"article","og_title":"Pirotski \u0107ilim - Serbia.com","og_description":"Bogate \u0161are i ornamenti, dva identi\u010dna lica, raznovrsna simbolika koju nose i kvalitetna vuna sa Stare planine od koje se prave, odlike su jednog od najpoznatijih srpskih brendova \u2013 pirotskih [&hellip;]","og_url":"https:\/\/serbia.com\/srpski\/o-srbiji\/kultura\/nematerijalno-kulturno-nasledje-srbije\/nematerijalno-kulturno-naslede-kao-cuvar-srpskog-identiteta\/pirotski-cilim\/","og_site_name":"Serbia.com","article_modified_time":"2024-06-06T08:26:36+00:00","og_image":[{"width":1634,"height":1000,"url":"https:\/\/serbia.com\/wp-content\/uploads\/2015\/06\/cilim111.jpg","type":"image\/jpeg"}],"twitter_misc":{"Est. reading time":"4 minutes"},"schema":{"@context":"https:\/\/schema.org","@graph":[{"@type":"WebPage","@id":"https:\/\/serbia.com\/srpski\/o-srbiji\/kultura\/nematerijalno-kulturno-nasledje-srbije\/nematerijalno-kulturno-naslede-kao-cuvar-srpskog-identiteta\/pirotski-cilim\/","url":"https:\/\/serbia.com\/srpski\/o-srbiji\/kultura\/nematerijalno-kulturno-nasledje-srbije\/nematerijalno-kulturno-naslede-kao-cuvar-srpskog-identiteta\/pirotski-cilim\/","name":"Pirotski \u0107ilim - Serbia.com","isPartOf":{"@id":"https:\/\/serbia.com\/#website"},"primaryImageOfPage":{"@id":"https:\/\/serbia.com\/srpski\/o-srbiji\/kultura\/nematerijalno-kulturno-nasledje-srbije\/nematerijalno-kulturno-naslede-kao-cuvar-srpskog-identiteta\/pirotski-cilim\/#primaryimage"},"image":{"@id":"https:\/\/serbia.com\/srpski\/o-srbiji\/kultura\/nematerijalno-kulturno-nasledje-srbije\/nematerijalno-kulturno-naslede-kao-cuvar-srpskog-identiteta\/pirotski-cilim\/#primaryimage"},"thumbnailUrl":"https:\/\/serbia.com\/wp-content\/uploads\/2015\/06\/cilim111.jpg","datePublished":"2015-06-24T13:19:04+00:00","dateModified":"2024-06-06T08:26:36+00:00","breadcrumb":{"@id":"https:\/\/serbia.com\/srpski\/o-srbiji\/kultura\/nematerijalno-kulturno-nasledje-srbije\/nematerijalno-kulturno-naslede-kao-cuvar-srpskog-identiteta\/pirotski-cilim\/#breadcrumb"},"inLanguage":"srpski","potentialAction":[{"@type":"ReadAction","target":["https:\/\/serbia.com\/srpski\/o-srbiji\/kultura\/nematerijalno-kulturno-nasledje-srbije\/nematerijalno-kulturno-naslede-kao-cuvar-srpskog-identiteta\/pirotski-cilim\/"]}]},{"@type":"ImageObject","inLanguage":"srpski","@id":"https:\/\/serbia.com\/srpski\/o-srbiji\/kultura\/nematerijalno-kulturno-nasledje-srbije\/nematerijalno-kulturno-naslede-kao-cuvar-srpskog-identiteta\/pirotski-cilim\/#primaryimage","url":"https:\/\/serbia.com\/wp-content\/uploads\/2015\/06\/cilim111.jpg","contentUrl":"https:\/\/serbia.com\/wp-content\/uploads\/2015\/06\/cilim111.jpg","width":1634,"height":1000},{"@type":"BreadcrumbList","@id":"https:\/\/serbia.com\/srpski\/o-srbiji\/kultura\/nematerijalno-kulturno-nasledje-srbije\/nematerijalno-kulturno-naslede-kao-cuvar-srpskog-identiteta\/pirotski-cilim\/#breadcrumb","itemListElement":[{"@type":"ListItem","position":1,"name":"Home","item":"https:\/\/serbia.com\/srpski\/"},{"@type":"ListItem","position":2,"name":"O Srbiji","item":"https:\/\/serbia.com\/srpski\/o-srbiji\/"},{"@type":"ListItem","position":3,"name":"Kultura","item":"https:\/\/serbia.com\/srpski\/o-srbiji\/kultura\/"},{"@type":"ListItem","position":4,"name":"Nematerijalno kulturno nasle\u0111e Srbije","item":"https:\/\/serbia.com\/srpski\/o-srbiji\/kultura\/nematerijalno-kulturno-nasledje-srbije\/"},{"@type":"ListItem","position":5,"name":"Nematerijalno kulturno nasle\u0111e kao \u010duvar srpskog identiteta","item":"https:\/\/serbia.com\/srpski\/o-srbiji\/kultura\/nematerijalno-kulturno-nasledje-srbije\/nematerijalno-kulturno-naslede-kao-cuvar-srpskog-identiteta\/"},{"@type":"ListItem","position":6,"name":"Pirotski \u0107ilim"}]},{"@type":"WebSite","@id":"https:\/\/serbia.com\/#website","url":"https:\/\/serbia.com\/","name":"Serbia.com","description":"Your Gateway to Serbia","potentialAction":[{"@type":"SearchAction","target":{"@type":"EntryPoint","urlTemplate":"https:\/\/serbia.com\/?s={search_term_string}"},"query-input":{"@type":"PropertyValueSpecification","valueRequired":true,"valueName":"search_term_string"}}],"inLanguage":"srpski"}]}},"_links":{"self":[{"href":"https:\/\/serbia.com\/srpski\/wp-json\/wp\/v2\/pages\/34215"}],"collection":[{"href":"https:\/\/serbia.com\/srpski\/wp-json\/wp\/v2\/pages"}],"about":[{"href":"https:\/\/serbia.com\/srpski\/wp-json\/wp\/v2\/types\/page"}],"author":[{"embeddable":true,"href":"https:\/\/serbia.com\/srpski\/wp-json\/wp\/v2\/users\/27"}],"replies":[{"embeddable":true,"href":"https:\/\/serbia.com\/srpski\/wp-json\/wp\/v2\/comments?post=34215"}],"version-history":[{"count":1,"href":"https:\/\/serbia.com\/srpski\/wp-json\/wp\/v2\/pages\/34215\/revisions"}],"predecessor-version":[{"id":53358,"href":"https:\/\/serbia.com\/srpski\/wp-json\/wp\/v2\/pages\/34215\/revisions\/53358"}],"up":[{"embeddable":true,"href":"https:\/\/serbia.com\/srpski\/wp-json\/wp\/v2\/pages\/34018"}],"wp:featuredmedia":[{"embeddable":true,"href":"https:\/\/serbia.com\/srpski\/wp-json\/wp\/v2\/media\/34210"}],"wp:attachment":[{"href":"https:\/\/serbia.com\/srpski\/wp-json\/wp\/v2\/media?parent=34215"}],"wp:term":[{"taxonomy":"category","embeddable":true,"href":"https:\/\/serbia.com\/srpski\/wp-json\/wp\/v2\/categories?post=34215"},{"taxonomy":"post_tag","embeddable":true,"href":"https:\/\/serbia.com\/srpski\/wp-json\/wp\/v2\/tags?post=34215"}],"curies":[{"name":"wp","href":"https:\/\/api.w.org\/{rel}","templated":true}]}}