{"id":34184,"date":"2015-06-24T14:38:18","date_gmt":"2015-06-24T12:38:18","guid":{"rendered":"http:\/\/www.serbia.com\/?page_id=34184"},"modified":"2024-06-06T10:31:42","modified_gmt":"2024-06-06T08:31:42","slug":"slava","status":"publish","type":"page","link":"https:\/\/serbia.com\/srpski\/o-srbiji\/kultura\/nematerijalno-kulturno-nasledje-srbije\/nematerijalno-kulturno-naslede-kao-cuvar-srpskog-identiteta\/slava\/","title":{"rendered":"Slava"},"content":{"rendered":"<h2 style=\"text-align: justify;\">U dobru i zlu, miru i ratu, bogatstvu ili siroma\u0161tvu, srpski narod nikada nije odustao od prastarog narodnog obi\u010daja proslave doma\u0107eg za\u0161titnika.<\/h2>\n<p style=\"text-align: justify;\">Uz ikonu, slavski kola\u010d, vino, \u017eito i sve\u0107u, gotovo svaka porodica slavi hri\u0161\u0107anskog za\u0161titnika ku\u0107e i porodice se\u0107aju\u0107i se predaka. Preno\u0161ena sa generacije na generaciju, krsna slava je danas okosnica porekla i identiteta, kroz koju se godinama \u010duvaju vera i tradicija.<\/p>\n<p style=\"text-align: justify;\">Menjali su se obi\u010daji, verovanja, vrednosti i vlasti, ali je za obele\u017eavanje <a title=\"Slava, srpska posebnost od davnina\" href=\"http:\/\/www.serbia.com\/srpski\/slava-srpska-posebnost-od-davnina-2\/\">krsne slave<\/a> srpski narod uvek nalazio volje i novca. \u010cak ni za vreme petovekovne vladavine Turaka, buna i ratova, Srbi se nisu odrekli najve\u0107e svetinje njihovog naroda. <strong>Slavilo se na bojnim poljima, u logorima i \u0161atorima, u muci i bedi, u razli\u010ditim delovima sveta, ali uvek sa verom u sveca koji treba da za\u0161titi porodi\u010dno ognji\u0161te.<\/strong><\/p>\n<p><em>Pre primanja hri\u0161\u0107anstva Srbi su bili mnogobo\u017ea\u010dki narod. Pored vrhovnog boga Peruna, koga su svi po\u0161tovali, svaki dom je imao i svoje doma\u0107e bo\u017eanstvo. Po prirodi sentimentalni i vezani za doma\u0107e navike i obi\u010daje, u susretu sa hri\u0161\u0107anstvom, Srbi su se najte\u017ee odricali doma\u0107ih bo\u017eanstava. <a title=\"Sveti Sava \u2013 princ, arhiepiskop, svetitelj\" href=\"http:\/\/www.serbia.com\/srpski\/sveti-sava-princ-arhiepiskop-svetitelj\/\">Sveti Sava<\/a> je mnogobo\u017ea\u010dke kumire i idole, zamenio velikim svetiteljima Crkve Hristove, koji postado\u0161e za\u0161titnici i pomo\u0107nici srpskih domova, crkava, manastira i porodica. Legenda ka\u017ee da je na taj na\u010din nastala slava.<\/em><\/p>\n<p style=\"text-align: justify;\">Tako je ostalo sve do dana\u0161njih dana. <strong>Svaka ku\u0107a ima sveca za\u0161titnika kojeg na dan krsne slave uz molitvu i obrede proslavlja, i odaje mu \u010dast<\/strong>. Na taj na\u010din \u010duva se nematerijalno kulturno nasle\u0111e Srbije, a tradicionalni obi\u010daji se verodostojno prenose na nove nara\u0161taje.<\/p>\n<p style=\"text-align: justify;\"><em><strong>Kako se slavi krsna slava?<\/strong><\/em><\/p>\n<p style=\"text-align: justify;\"><strong>Nekoliko dana pre krsne slave sve\u0161tenik pose\u0107uje domove onih koji proslavljaju, kako bi uz molitvu osve\u0161tao vodicu<\/strong>. Obi\u010daj je da deo svete vode popiju uku\u0107ani, a da od ostatka doma\u0107ica napravi slavski kola\u010d. Kao simbol Hristovog tela, slavski kola\u010d se kada osvane dan slave nosi u crkvu, gde ga zajedno sa \u017eitom sve\u0161tenik osve\u0107uje i preliva crvenim vinom, koje simbolizuje krv iz Hristovih rana.<\/p>\n<p style=\"text-align: justify;\"><img loading=\"lazy\" decoding=\"async\" class=\"alignleft wp-image-29404 size-medium\" src=\"https:\/\/staging.serbia.com\/wp-content\/uploads\/2015\/01\/100-slava-patron-saint-day-zerb-300x200.jpg\" alt=\"\" width=\"300\" height=\"200\" srcset=\"https:\/\/serbia.com\/wp-content\/uploads\/2015\/01\/100-slava-patron-saint-day-zerb-300x200.jpg 300w, https:\/\/serbia.com\/wp-content\/uploads\/2015\/01\/100-slava-patron-saint-day-zerb.jpg 600w\" sizes=\"(max-width: 300px) 100vw, 300px\" \/><\/p>\n<p style=\"text-align: justify;\"><strong>Uz sve\u0107u, \u017eito, slavski kola\u010d i vino, doma\u0107in pristupa postupku koji se u srpskom narodu naziva \u201edizanje slave\u201c. Uz izgovaranje molitive slavski kola\u010de se okre\u0107e, i lomi<\/strong>. Nakon toga se prisutni slu\u017ee \u017eitom osve\u0107enim u crkvi, i u zavisnosti od obi\u010daja ku\u0107e i crvenim vinom. U ve\u0107ini doma\u0107instava pravi se slavski ru\u010dak, koji se porodici i gostima slu\u017ei nakon podizanja slave.<\/p>\n<p><em>Kod Srba postoji \u010dak <strong>78 slava<\/strong>, a najve\u0107i broj porodica\u00a0slavi Svetog Nikolu \u2013\u00a0<strong>Nikoljdan<\/strong>. Zatim, po broju sve\u010dara koji ih slave, dolaze: Sveti Georgije \u2013 <strong>\u0110ur\u0111evdan<\/strong>, <strong>\u0110ur\u0111ic<\/strong>, Sveti Arhan\u0111el Mihailo \u2013 <strong>Aran\u0111elovdan<\/strong>,\u00a0 Sveti Jovan \u2013 <strong>Jovanjdan<\/strong>, Sveti Dimitrije \u2013 <strong>Mitrovdan<\/strong>, Sveta Petka- <strong>Petkova\u010da<\/strong>, Sveti Luka \u2013 <strong>Lu\u010dindan<\/strong>, Sveti Trifun \u2013 <strong>Trifundan<\/strong>, Sveti Andrija \u2013 <strong>Andrijevdan<\/strong>\u2026<\/em><\/p>\n<p style=\"text-align: justify;\">Jo\u0161 jedan obi\u010daj koji se u nekim delovima Srbije zadr\u017eao je \u201e<em><strong>dvorenje slave<\/strong><\/em>\u201c. <strong>Doma\u0107in goste do\u010dekuje sve\u010dano obu\u010den i vedar, i ceo dan ne seda dok sve\u0107a gori. Na taj na\u010din se iskazuje po\u0161tovanje prema svetitelju koga toga dana slavi<\/strong>. Pred ku\u0107om ili na pragu svoga doma, doma\u0107in srda\u010dnim re\u010dima \u201eDobro do\u0161li\u201c do\u010dekuje goste, koji se po starom obi\u010daju ne pozivaju na slavu.<\/p>\n<h4 style=\"text-align: justify;\">Mitrovdan u Kanadi<\/h4>\n<p style=\"text-align: justify;\"><strong>Da je krsna slava najkarakteristi\u010dnija osobina duhovnog i porodi\u010dnog \u017eivota Srba, pokazuju i mnogobrojne porodice koje napuste Srbiju, a nastave da praktikuju ovaj obi\u010daj negde u svetu<\/strong>. Jedna od njih je i <strong>porodica Markovi\u0107<\/strong>, koja se u Kanadu odselila pre vi\u0161e od 60 godina. Hiljade kilometara koje ih dele od rodne zemlje, nisu ih spre\u010dili da svake godine proslave ku\u0107nog za\u0161titnika \u00a0Sv. Dimitrija.<\/p>\n<p style=\"text-align: justify;\">\u201c<em>Po dolasku u Kanadu, moja baka je dobila podstrek od nove zajednice da nastavi sa srpskom tradicijom, te je ona nastavila da slavi slavu<\/em>\u201d, ka\u017ee Petar Markovi\u0107 koji je iako ro\u0111en u Kanadi, odli\u010dno upoznat sa srpskim obi\u010dajima. Uz bogatu trpezu ispunjenu specijalitetima koji predstavljaju me\u0161avinu srpske i Severno ameri\u010dke kuhinje, Markovi\u0107i ve\u0107 godinama proslavlaju Mitrovdan.<\/p>\n<p style=\"text-align: justify;\"><img loading=\"lazy\" decoding=\"async\" class=\"aligncenter wp-image-29408 size-full\" src=\"http:\/\/www.serbia.com\/wp-content\/uploads\/2015\/01\/slavski-sto-serbia.jpg\" alt=\"\" width=\"600\" height=\"449\" srcset=\"https:\/\/serbia.com\/wp-content\/uploads\/2015\/01\/slavski-sto-serbia.jpg 600w, https:\/\/serbia.com\/wp-content\/uploads\/2015\/01\/slavski-sto-serbia-300x224.jpg 300w\" sizes=\"(max-width: 600px) 100vw, 600px\" \/><\/p>\n<p style=\"text-align: justify;\">Na slavu, ka\u017eu, zovu svakoga ko \u017eeli da im se pridru\u017ei. Srpsku tradiciju koju godinama \u010duvaju i nastavljaju u ovoj porodici, ne\u0107e prekinuti ni Petar. \u201c<strong><em>Otkad sam ja ro\u0111en, nije pro\u0161la niti jedna godina a da nismo proslavili krsnu slavu. Ja \u0107u rado nastaviti ovaj porodi\u010dni obi\u010daj, koji je jedan od mojih omiljenih doga\u0111aja tokom cele godine<\/em><\/strong>\u201d.<\/p>\n","protected":false},"excerpt":{"rendered":"<p>U dobru i zlu, miru i ratu, bogatstvu ili siroma\u0161tvu, srpski narod nikada nije odustao od prastarog narodnog obi\u010daja proslave doma\u0107eg za\u0161titnika. Uz ikonu, slavski kola\u010d, vino, \u017eito i sve\u0107u, [&hellip;]<\/p>\n","protected":false},"author":27,"featured_media":34179,"parent":34018,"menu_order":0,"comment_status":"closed","ping_status":"closed","template":"","meta":{"_acf_changed":false,"inline_featured_image":false,"_monsterinsights_skip_tracking":false,"_monsterinsights_sitenote_active":false,"_monsterinsights_sitenote_note":"","_monsterinsights_sitenote_category":0,"footnotes":""},"categories":[975],"tags":[],"class_list":["post-34184","page","type-page","status-publish","has-post-thumbnail","hentry","category-kultura-otkrijte-srbiju"],"acf":[],"yoast_head":"<!-- This site is optimized with the Yoast SEO plugin v23.8 - https:\/\/yoast.com\/wordpress\/plugins\/seo\/ -->\n<title>Slava - Serbia.com<\/title>\n<meta name=\"robots\" content=\"index, follow, max-snippet:-1, max-image-preview:large, max-video-preview:-1\" \/>\n<link rel=\"canonical\" href=\"https:\/\/serbia.com\/srpski\/o-srbiji\/kultura\/nematerijalno-kulturno-nasledje-srbije\/nematerijalno-kulturno-naslede-kao-cuvar-srpskog-identiteta\/slava\/\" \/>\n<meta property=\"og:locale\" content=\"en_US\" \/>\n<meta property=\"og:type\" content=\"article\" \/>\n<meta property=\"og:title\" content=\"Slava - Serbia.com\" \/>\n<meta property=\"og:description\" content=\"U dobru i zlu, miru i ratu, bogatstvu ili siroma\u0161tvu, srpski narod nikada nije odustao od prastarog narodnog obi\u010daja proslave doma\u0107eg za\u0161titnika. Uz ikonu, slavski kola\u010d, vino, \u017eito i sve\u0107u, [&hellip;]\" \/>\n<meta property=\"og:url\" content=\"https:\/\/serbia.com\/srpski\/o-srbiji\/kultura\/nematerijalno-kulturno-nasledje-srbije\/nematerijalno-kulturno-naslede-kao-cuvar-srpskog-identiteta\/slava\/\" \/>\n<meta property=\"og:site_name\" content=\"Serbia.com\" \/>\n<meta property=\"article:modified_time\" content=\"2024-06-06T08:31:42+00:00\" \/>\n<meta property=\"og:image\" content=\"https:\/\/serbia.com\/wp-content\/uploads\/2015\/06\/slavskikolac1.jpg\" \/>\n\t<meta property=\"og:image:width\" content=\"1600\" \/>\n\t<meta property=\"og:image:height\" content=\"1200\" \/>\n\t<meta property=\"og:image:type\" content=\"image\/jpeg\" \/>\n<meta name=\"twitter:label1\" content=\"Est. reading time\" \/>\n\t<meta name=\"twitter:data1\" content=\"4 minutes\" \/>\n<script type=\"application\/ld+json\" class=\"yoast-schema-graph\">{\"@context\":\"https:\/\/schema.org\",\"@graph\":[{\"@type\":\"WebPage\",\"@id\":\"https:\/\/serbia.com\/srpski\/o-srbiji\/kultura\/nematerijalno-kulturno-nasledje-srbije\/nematerijalno-kulturno-naslede-kao-cuvar-srpskog-identiteta\/slava\/\",\"url\":\"https:\/\/serbia.com\/srpski\/o-srbiji\/kultura\/nematerijalno-kulturno-nasledje-srbije\/nematerijalno-kulturno-naslede-kao-cuvar-srpskog-identiteta\/slava\/\",\"name\":\"Slava - Serbia.com\",\"isPartOf\":{\"@id\":\"https:\/\/serbia.com\/#website\"},\"primaryImageOfPage\":{\"@id\":\"https:\/\/serbia.com\/srpski\/o-srbiji\/kultura\/nematerijalno-kulturno-nasledje-srbije\/nematerijalno-kulturno-naslede-kao-cuvar-srpskog-identiteta\/slava\/#primaryimage\"},\"image\":{\"@id\":\"https:\/\/serbia.com\/srpski\/o-srbiji\/kultura\/nematerijalno-kulturno-nasledje-srbije\/nematerijalno-kulturno-naslede-kao-cuvar-srpskog-identiteta\/slava\/#primaryimage\"},\"thumbnailUrl\":\"https:\/\/serbia.com\/wp-content\/uploads\/2015\/06\/slavskikolac1.jpg\",\"datePublished\":\"2015-06-24T12:38:18+00:00\",\"dateModified\":\"2024-06-06T08:31:42+00:00\",\"breadcrumb\":{\"@id\":\"https:\/\/serbia.com\/srpski\/o-srbiji\/kultura\/nematerijalno-kulturno-nasledje-srbije\/nematerijalno-kulturno-naslede-kao-cuvar-srpskog-identiteta\/slava\/#breadcrumb\"},\"inLanguage\":\"srpski\",\"potentialAction\":[{\"@type\":\"ReadAction\",\"target\":[\"https:\/\/serbia.com\/srpski\/o-srbiji\/kultura\/nematerijalno-kulturno-nasledje-srbije\/nematerijalno-kulturno-naslede-kao-cuvar-srpskog-identiteta\/slava\/\"]}]},{\"@type\":\"ImageObject\",\"inLanguage\":\"srpski\",\"@id\":\"https:\/\/serbia.com\/srpski\/o-srbiji\/kultura\/nematerijalno-kulturno-nasledje-srbije\/nematerijalno-kulturno-naslede-kao-cuvar-srpskog-identiteta\/slava\/#primaryimage\",\"url\":\"https:\/\/serbia.com\/wp-content\/uploads\/2015\/06\/slavskikolac1.jpg\",\"contentUrl\":\"https:\/\/serbia.com\/wp-content\/uploads\/2015\/06\/slavskikolac1.jpg\",\"width\":1600,\"height\":1200},{\"@type\":\"BreadcrumbList\",\"@id\":\"https:\/\/serbia.com\/srpski\/o-srbiji\/kultura\/nematerijalno-kulturno-nasledje-srbije\/nematerijalno-kulturno-naslede-kao-cuvar-srpskog-identiteta\/slava\/#breadcrumb\",\"itemListElement\":[{\"@type\":\"ListItem\",\"position\":1,\"name\":\"Home\",\"item\":\"https:\/\/serbia.com\/srpski\/\"},{\"@type\":\"ListItem\",\"position\":2,\"name\":\"O Srbiji\",\"item\":\"https:\/\/serbia.com\/srpski\/o-srbiji\/\"},{\"@type\":\"ListItem\",\"position\":3,\"name\":\"Kultura\",\"item\":\"https:\/\/serbia.com\/srpski\/o-srbiji\/kultura\/\"},{\"@type\":\"ListItem\",\"position\":4,\"name\":\"Nematerijalno kulturno nasle\u0111e Srbije\",\"item\":\"https:\/\/serbia.com\/srpski\/o-srbiji\/kultura\/nematerijalno-kulturno-nasledje-srbije\/\"},{\"@type\":\"ListItem\",\"position\":5,\"name\":\"Nematerijalno kulturno nasle\u0111e kao \u010duvar srpskog identiteta\",\"item\":\"https:\/\/serbia.com\/srpski\/o-srbiji\/kultura\/nematerijalno-kulturno-nasledje-srbije\/nematerijalno-kulturno-naslede-kao-cuvar-srpskog-identiteta\/\"},{\"@type\":\"ListItem\",\"position\":6,\"name\":\"Slava\"}]},{\"@type\":\"WebSite\",\"@id\":\"https:\/\/serbia.com\/#website\",\"url\":\"https:\/\/serbia.com\/\",\"name\":\"Serbia.com\",\"description\":\"Your Gateway to Serbia\",\"potentialAction\":[{\"@type\":\"SearchAction\",\"target\":{\"@type\":\"EntryPoint\",\"urlTemplate\":\"https:\/\/serbia.com\/?s={search_term_string}\"},\"query-input\":{\"@type\":\"PropertyValueSpecification\",\"valueRequired\":true,\"valueName\":\"search_term_string\"}}],\"inLanguage\":\"srpski\"}]}<\/script>\n<!-- \/ Yoast SEO plugin. -->","yoast_head_json":{"title":"Slava - Serbia.com","robots":{"index":"index","follow":"follow","max-snippet":"max-snippet:-1","max-image-preview":"max-image-preview:large","max-video-preview":"max-video-preview:-1"},"canonical":"https:\/\/serbia.com\/srpski\/o-srbiji\/kultura\/nematerijalno-kulturno-nasledje-srbije\/nematerijalno-kulturno-naslede-kao-cuvar-srpskog-identiteta\/slava\/","og_locale":"en_US","og_type":"article","og_title":"Slava - Serbia.com","og_description":"U dobru i zlu, miru i ratu, bogatstvu ili siroma\u0161tvu, srpski narod nikada nije odustao od prastarog narodnog obi\u010daja proslave doma\u0107eg za\u0161titnika. Uz ikonu, slavski kola\u010d, vino, \u017eito i sve\u0107u, [&hellip;]","og_url":"https:\/\/serbia.com\/srpski\/o-srbiji\/kultura\/nematerijalno-kulturno-nasledje-srbije\/nematerijalno-kulturno-naslede-kao-cuvar-srpskog-identiteta\/slava\/","og_site_name":"Serbia.com","article_modified_time":"2024-06-06T08:31:42+00:00","og_image":[{"width":1600,"height":1200,"url":"https:\/\/serbia.com\/wp-content\/uploads\/2015\/06\/slavskikolac1.jpg","type":"image\/jpeg"}],"twitter_misc":{"Est. reading time":"4 minutes"},"schema":{"@context":"https:\/\/schema.org","@graph":[{"@type":"WebPage","@id":"https:\/\/serbia.com\/srpski\/o-srbiji\/kultura\/nematerijalno-kulturno-nasledje-srbije\/nematerijalno-kulturno-naslede-kao-cuvar-srpskog-identiteta\/slava\/","url":"https:\/\/serbia.com\/srpski\/o-srbiji\/kultura\/nematerijalno-kulturno-nasledje-srbije\/nematerijalno-kulturno-naslede-kao-cuvar-srpskog-identiteta\/slava\/","name":"Slava - Serbia.com","isPartOf":{"@id":"https:\/\/serbia.com\/#website"},"primaryImageOfPage":{"@id":"https:\/\/serbia.com\/srpski\/o-srbiji\/kultura\/nematerijalno-kulturno-nasledje-srbije\/nematerijalno-kulturno-naslede-kao-cuvar-srpskog-identiteta\/slava\/#primaryimage"},"image":{"@id":"https:\/\/serbia.com\/srpski\/o-srbiji\/kultura\/nematerijalno-kulturno-nasledje-srbije\/nematerijalno-kulturno-naslede-kao-cuvar-srpskog-identiteta\/slava\/#primaryimage"},"thumbnailUrl":"https:\/\/serbia.com\/wp-content\/uploads\/2015\/06\/slavskikolac1.jpg","datePublished":"2015-06-24T12:38:18+00:00","dateModified":"2024-06-06T08:31:42+00:00","breadcrumb":{"@id":"https:\/\/serbia.com\/srpski\/o-srbiji\/kultura\/nematerijalno-kulturno-nasledje-srbije\/nematerijalno-kulturno-naslede-kao-cuvar-srpskog-identiteta\/slava\/#breadcrumb"},"inLanguage":"srpski","potentialAction":[{"@type":"ReadAction","target":["https:\/\/serbia.com\/srpski\/o-srbiji\/kultura\/nematerijalno-kulturno-nasledje-srbije\/nematerijalno-kulturno-naslede-kao-cuvar-srpskog-identiteta\/slava\/"]}]},{"@type":"ImageObject","inLanguage":"srpski","@id":"https:\/\/serbia.com\/srpski\/o-srbiji\/kultura\/nematerijalno-kulturno-nasledje-srbije\/nematerijalno-kulturno-naslede-kao-cuvar-srpskog-identiteta\/slava\/#primaryimage","url":"https:\/\/serbia.com\/wp-content\/uploads\/2015\/06\/slavskikolac1.jpg","contentUrl":"https:\/\/serbia.com\/wp-content\/uploads\/2015\/06\/slavskikolac1.jpg","width":1600,"height":1200},{"@type":"BreadcrumbList","@id":"https:\/\/serbia.com\/srpski\/o-srbiji\/kultura\/nematerijalno-kulturno-nasledje-srbije\/nematerijalno-kulturno-naslede-kao-cuvar-srpskog-identiteta\/slava\/#breadcrumb","itemListElement":[{"@type":"ListItem","position":1,"name":"Home","item":"https:\/\/serbia.com\/srpski\/"},{"@type":"ListItem","position":2,"name":"O Srbiji","item":"https:\/\/serbia.com\/srpski\/o-srbiji\/"},{"@type":"ListItem","position":3,"name":"Kultura","item":"https:\/\/serbia.com\/srpski\/o-srbiji\/kultura\/"},{"@type":"ListItem","position":4,"name":"Nematerijalno kulturno nasle\u0111e Srbije","item":"https:\/\/serbia.com\/srpski\/o-srbiji\/kultura\/nematerijalno-kulturno-nasledje-srbije\/"},{"@type":"ListItem","position":5,"name":"Nematerijalno kulturno nasle\u0111e kao \u010duvar srpskog identiteta","item":"https:\/\/serbia.com\/srpski\/o-srbiji\/kultura\/nematerijalno-kulturno-nasledje-srbije\/nematerijalno-kulturno-naslede-kao-cuvar-srpskog-identiteta\/"},{"@type":"ListItem","position":6,"name":"Slava"}]},{"@type":"WebSite","@id":"https:\/\/serbia.com\/#website","url":"https:\/\/serbia.com\/","name":"Serbia.com","description":"Your Gateway to Serbia","potentialAction":[{"@type":"SearchAction","target":{"@type":"EntryPoint","urlTemplate":"https:\/\/serbia.com\/?s={search_term_string}"},"query-input":{"@type":"PropertyValueSpecification","valueRequired":true,"valueName":"search_term_string"}}],"inLanguage":"srpski"}]}},"_links":{"self":[{"href":"https:\/\/serbia.com\/srpski\/wp-json\/wp\/v2\/pages\/34184"}],"collection":[{"href":"https:\/\/serbia.com\/srpski\/wp-json\/wp\/v2\/pages"}],"about":[{"href":"https:\/\/serbia.com\/srpski\/wp-json\/wp\/v2\/types\/page"}],"author":[{"embeddable":true,"href":"https:\/\/serbia.com\/srpski\/wp-json\/wp\/v2\/users\/27"}],"replies":[{"embeddable":true,"href":"https:\/\/serbia.com\/srpski\/wp-json\/wp\/v2\/comments?post=34184"}],"version-history":[{"count":1,"href":"https:\/\/serbia.com\/srpski\/wp-json\/wp\/v2\/pages\/34184\/revisions"}],"predecessor-version":[{"id":53362,"href":"https:\/\/serbia.com\/srpski\/wp-json\/wp\/v2\/pages\/34184\/revisions\/53362"}],"up":[{"embeddable":true,"href":"https:\/\/serbia.com\/srpski\/wp-json\/wp\/v2\/pages\/34018"}],"wp:featuredmedia":[{"embeddable":true,"href":"https:\/\/serbia.com\/srpski\/wp-json\/wp\/v2\/media\/34179"}],"wp:attachment":[{"href":"https:\/\/serbia.com\/srpski\/wp-json\/wp\/v2\/media?parent=34184"}],"wp:term":[{"taxonomy":"category","embeddable":true,"href":"https:\/\/serbia.com\/srpski\/wp-json\/wp\/v2\/categories?post=34184"},{"taxonomy":"post_tag","embeddable":true,"href":"https:\/\/serbia.com\/srpski\/wp-json\/wp\/v2\/tags?post=34184"}],"curies":[{"name":"wp","href":"https:\/\/api.w.org\/{rel}","templated":true}]}}