{"id":34123,"date":"2015-06-23T15:03:45","date_gmt":"2015-06-23T13:03:45","guid":{"rendered":"http:\/\/www.serbia.com\/?page_id=34123"},"modified":"2024-06-05T10:08:48","modified_gmt":"2024-06-05T08:08:48","slug":"krsna-slava","status":"publish","type":"page","link":"https:\/\/serbia.com\/srpski\/o-srbiji\/kultura\/etno-naslede\/narodni-obicaji\/krsna-slava\/","title":{"rendered":"Krsna Slava"},"content":{"rendered":"<h2>Kao najva\u017eniji porodi\u010dni praznik, okosnica porekla i identiteta, slava je univerzalna, ali pre svega verska i tradicionalna odrednica Srba.<\/h2>\n<p>Stranac koji se zadesi u Srbiji po\u010detkom jeseni, a ne poznaje srpske <a title=\"Obi\u010daji u Srbiji: rituali od pre Hrista\" href=\"http:\/\/serbia.com\/srpski\/etno-naslede-srbije-rituali-od-pre-hrista\/\">obi\u010daje<\/a>, sigurno \u0107e pomisliti da se sprema vanredno stanje ili iznenadna nesta\u0161ica hrane. Gu\u017eve u prodavnicama, prepuni supermarketi i kolone ljudi koji nose ogromne koli\u010dine hrane, samo su znak da u Srbiji po\u010dinje sezona <strong><a href=\"http:\/\/www.serbia.com\/srpski\/krsna-slava-kao-cuvar-srpskog-identiteta\/\">slava<\/a><\/strong>.<\/p>\n<p>Taj narodno-crkveni obi\u010daj je za Srbe, posle <strong>Bo\u017ei\u0107a<\/strong>, najva\u017eniji porodi\u010dni <strong>praznik<\/strong> i najkarektiristi\u010dnija osobina duhovnog i porodi\u010dnog \u017eivota.<\/p>\n<p>Srbi su, naime, jedini hri\u0161\u0107anski narod koji <strong>slavi slavu<\/strong>. Kada slave krsnu slavu, Srbi slave hri\u0161\u0107anskog sveca-za\u0161titnika ku\u0107e i porodice.<\/p>\n<p>Re\u010d je dakle, o porodi\u010dnom prazniku kada se uz molitvu i obrede uku\u0107ani se\u0107aju svojih predaka koji su proslavljali istog\u00a0<strong>svetitelja<\/strong>.<\/p>\n<p>Za razliku od ve\u0107ine obi\u010daja koji su zajedni\u010dki za ceo narod, svaka porodica odvojeno slavi svog <strong>sveca<\/strong>.<\/p>\n<p>Sveca sinovi nasle\u0111uju od glave porodice \u2013 obi\u010dno oca, dok k\u0107erke nasle\u0111uju slavu samo ako ostanu u ku\u0107i, dok udate \u017eene obi\u010dno slave mu\u017eevljevu slavu.<\/p>\n<p><img loading=\"lazy\" decoding=\"async\" class=\"alignleft size-medium wp-image-34119\" src=\"http:\/\/www.serbia.com\/wp-content\/uploads\/2015\/06\/slavski-kolac111-300x213.jpg\" alt=\"slavski kolac111\" width=\"300\" height=\"213\" srcset=\"https:\/\/serbia.com\/wp-content\/uploads\/2015\/06\/slavski-kolac111-300x213.jpg 300w, https:\/\/serbia.com\/wp-content\/uploads\/2015\/06\/slavski-kolac111-1024x726.jpg 1024w, https:\/\/serbia.com\/wp-content\/uploads\/2015\/06\/slavski-kolac111.jpg 1600w\" sizes=\"(max-width: 300px) 100vw, 300px\" \/>Glavni elementi slave su <strong>ikona<\/strong>, sve\u0107a, <strong>slavski kola\u010d<\/strong>, \u017eito i <strong>vino<\/strong>. Slavski obred u najva\u017enijem smislu predstavlja crkvena molitva uz sve\u0107enje slavskog kola\u010da, \u017eita i vina.<\/p>\n<p>To su darovi koji predstavljaju beskrvnu \u017ertvu spremljenu u slavu boga, u \u010dast sveca, zatim za pokoj du\u0161a umrlih \u010dlanova porodice i za zdravlje i napredak onih koji su slavu spremili.<\/p>\n<p>Kod Srba postoji \u010dak 78 slava, a najve\u0107i broj porodica <strong>slavi Svetog Nikolu<\/strong> 19. decembra, \u2013 <strong>Nikoljdan<\/strong> (oko polovina).<\/p>\n<p>Zatim, po broju sve\u010dara koji ih slave, dolaze: Sveti Georgije (<strong>\u0110ur\u0111evdan<\/strong>, 6. maj, i <strong>\u0110ur\u0111ic<\/strong>, 16. novembar), Sveti Arhan\u0111el Mihailo (<strong>Aran\u0111elovdan<\/strong>, 21. novembar), Sveti Jovan (Jovanjdan, 20. januar), Sveti Dimitrije (<strong>Mitrovdan<\/strong>, 8. novembar), Sveta Petka (Petkova\u010da, 27. oktobar), Sveti Luka (Lu\u010dindan, 31. oktobar), Sveti Trifun (Trifundan, 14. februar), Sveti Kuzma i Damnjan (Vra\u010devi, 14. novembar), Sveti Andrija (Andrijevdan, 13. decembar) \u2026<\/p>\n<p>Pretpostavlja se da je slava u Srba ostatak slovenskog paganizma koji je imao veliki broj bogova pre usvajanja hri\u0161\u0107anstva. Po\u0161to su Sloveni imali razvijen kult predaka, obi\u010daj slavljenja slave najverovatnije predstavlja zamenu porodi\u010dnog, odnosno rodovskog, paganskog za\u0161titnika, hri\u0161\u0107anskim svetiteljem za\u0161titnikom.<\/p>\n<p>U to vreme politeizma, svaka porodica ili ku\u0107na zajednica imala je svog bo\u017eanskog za\u0161titnika kome je pridavala posebnu va\u017enost.<\/p>\n<p>Obred slave u praksu je uveo osniva\u010d srpske pravoslavne crkve Sveti Sava, od \u010dijeg vremena se taj obred i obi\u010daji koji ga prate postepeno \u0161irio i formirao dok nije dostigao dana\u0161nju formu koju je kona\u010dno uobli\u010dio mitropolit Srbije Mihailo 1862. godine.<\/p>\n<p>Slavski obi\u010daji variraju u zavisnosti od kraja do kraja Srbije, ali u osnovi za slavu se uvek priprema \u017eito, slavski kola\u010d i pali se slavska sve\u0107a. Na <a title=\"Srpska tradicionalna kuhinja\" href=\"http:\/\/serbia.com\/srpski\/srpska-tradicionalna-kuhinja\/\">sve\u010dani ru\u010dak<\/a> ili, u novije doba, ve\u010deru, dolaze ro\u0111aci i prijatelji, a hrana na stolu mo\u017ee biti posna ili mrsna, u zavisnosti od toga da li slava pada u vreme crkvenog posta ili van njega.<\/p>\n","protected":false},"excerpt":{"rendered":"<p>Kao najva\u017eniji porodi\u010dni praznik, okosnica porekla i identiteta, slava je univerzalna, ali pre svega verska i tradicionalna odrednica Srba. Stranac koji se zadesi u Srbiji po\u010detkom jeseni, a ne poznaje [&hellip;]<\/p>\n","protected":false},"author":27,"featured_media":34011,"parent":34059,"menu_order":0,"comment_status":"closed","ping_status":"closed","template":"","meta":{"_acf_changed":false,"inline_featured_image":false,"_monsterinsights_skip_tracking":false,"_monsterinsights_sitenote_active":false,"_monsterinsights_sitenote_note":"","_monsterinsights_sitenote_category":0,"footnotes":""},"categories":[973,3352],"tags":[],"class_list":["post-34123","page","type-page","status-publish","has-post-thumbnail","hentry","category-etno-nasledje","category-nematerijalno-kulturno-naslede"],"acf":[],"yoast_head":"<!-- This site is optimized with the Yoast SEO plugin v23.8 - https:\/\/yoast.com\/wordpress\/plugins\/seo\/ -->\n<title>Krsna Slava - Serbia.com<\/title>\n<meta name=\"description\" content=\"Kao najva\u017eniji porodi\u010dni praznik, okosnica porekla i identiteta, slava je univerzalna, ali pre svega verska i tradicionalna odrednica Srba.Stranac koji se zadesi u Srbiji po\u010detkom jeseni, a ne poznaje srpske obi\u010daje, sigurno \u0107e pomisliti da se sprema vanredno stanje ili iznenadna nesta\u0161ica hrane. Gu\u017eve u prodavnicama, prepuni supermarketi i kolone ljudi koji nose ogromne koli\u010dine hrane, samo su znak da u Srbiji po\u010dinje sezona slava.\" \/>\n<meta name=\"robots\" content=\"index, follow, max-snippet:-1, max-image-preview:large, max-video-preview:-1\" \/>\n<link rel=\"canonical\" href=\"https:\/\/serbia.com\/srpski\/o-srbiji\/kultura\/etno-naslede\/narodni-obicaji\/krsna-slava\/\" \/>\n<meta property=\"og:locale\" content=\"en_US\" \/>\n<meta property=\"og:type\" content=\"article\" \/>\n<meta property=\"og:title\" content=\"Krsna Slava - Serbia.com\" \/>\n<meta property=\"og:description\" content=\"Kao najva\u017eniji porodi\u010dni praznik, okosnica porekla i identiteta, slava je univerzalna, ali pre svega verska i tradicionalna odrednica Srba.Stranac koji se zadesi u Srbiji po\u010detkom jeseni, a ne poznaje srpske obi\u010daje, sigurno \u0107e pomisliti da se sprema vanredno stanje ili iznenadna nesta\u0161ica hrane. Gu\u017eve u prodavnicama, prepuni supermarketi i kolone ljudi koji nose ogromne koli\u010dine hrane, samo su znak da u Srbiji po\u010dinje sezona slava.\" \/>\n<meta property=\"og:url\" content=\"https:\/\/serbia.com\/srpski\/o-srbiji\/kultura\/etno-naslede\/narodni-obicaji\/krsna-slava\/\" \/>\n<meta property=\"og:site_name\" content=\"Serbia.com\" \/>\n<meta property=\"article:modified_time\" content=\"2024-06-05T08:08:48+00:00\" \/>\n<meta property=\"og:image\" content=\"https:\/\/serbia.com\/wp-content\/uploads\/2015\/06\/Serbian-Traditional-Bread.jpg\" \/>\n\t<meta property=\"og:image:width\" content=\"1200\" \/>\n\t<meta property=\"og:image:height\" content=\"599\" \/>\n\t<meta property=\"og:image:type\" content=\"image\/jpeg\" \/>\n<meta name=\"twitter:label1\" content=\"Est. reading time\" \/>\n\t<meta name=\"twitter:data1\" content=\"3 minutes\" \/>\n<script type=\"application\/ld+json\" class=\"yoast-schema-graph\">{\"@context\":\"https:\/\/schema.org\",\"@graph\":[{\"@type\":\"WebPage\",\"@id\":\"https:\/\/serbia.com\/srpski\/o-srbiji\/kultura\/etno-naslede\/narodni-obicaji\/krsna-slava\/\",\"url\":\"https:\/\/serbia.com\/srpski\/o-srbiji\/kultura\/etno-naslede\/narodni-obicaji\/krsna-slava\/\",\"name\":\"Krsna Slava - Serbia.com\",\"isPartOf\":{\"@id\":\"https:\/\/serbia.com\/#website\"},\"primaryImageOfPage\":{\"@id\":\"https:\/\/serbia.com\/srpski\/o-srbiji\/kultura\/etno-naslede\/narodni-obicaji\/krsna-slava\/#primaryimage\"},\"image\":{\"@id\":\"https:\/\/serbia.com\/srpski\/o-srbiji\/kultura\/etno-naslede\/narodni-obicaji\/krsna-slava\/#primaryimage\"},\"thumbnailUrl\":\"https:\/\/serbia.com\/wp-content\/uploads\/2015\/06\/Serbian-Traditional-Bread.jpg\",\"datePublished\":\"2015-06-23T13:03:45+00:00\",\"dateModified\":\"2024-06-05T08:08:48+00:00\",\"description\":\"Kao najva\u017eniji porodi\u010dni praznik, okosnica porekla i identiteta, slava je univerzalna, ali pre svega verska i tradicionalna odrednica Srba.Stranac koji se zadesi u Srbiji po\u010detkom jeseni, a ne poznaje srpske obi\u010daje, sigurno \u0107e pomisliti da se sprema vanredno stanje ili iznenadna nesta\u0161ica hrane. Gu\u017eve u prodavnicama, prepuni supermarketi i kolone ljudi koji nose ogromne koli\u010dine hrane, samo su znak da u Srbiji po\u010dinje sezona slava.\",\"breadcrumb\":{\"@id\":\"https:\/\/serbia.com\/srpski\/o-srbiji\/kultura\/etno-naslede\/narodni-obicaji\/krsna-slava\/#breadcrumb\"},\"inLanguage\":\"srpski\",\"potentialAction\":[{\"@type\":\"ReadAction\",\"target\":[\"https:\/\/serbia.com\/srpski\/o-srbiji\/kultura\/etno-naslede\/narodni-obicaji\/krsna-slava\/\"]}]},{\"@type\":\"ImageObject\",\"inLanguage\":\"srpski\",\"@id\":\"https:\/\/serbia.com\/srpski\/o-srbiji\/kultura\/etno-naslede\/narodni-obicaji\/krsna-slava\/#primaryimage\",\"url\":\"https:\/\/serbia.com\/wp-content\/uploads\/2015\/06\/Serbian-Traditional-Bread.jpg\",\"contentUrl\":\"https:\/\/serbia.com\/wp-content\/uploads\/2015\/06\/Serbian-Traditional-Bread.jpg\",\"width\":1200,\"height\":599},{\"@type\":\"BreadcrumbList\",\"@id\":\"https:\/\/serbia.com\/srpski\/o-srbiji\/kultura\/etno-naslede\/narodni-obicaji\/krsna-slava\/#breadcrumb\",\"itemListElement\":[{\"@type\":\"ListItem\",\"position\":1,\"name\":\"Home\",\"item\":\"https:\/\/serbia.com\/srpski\/\"},{\"@type\":\"ListItem\",\"position\":2,\"name\":\"O Srbiji\",\"item\":\"https:\/\/serbia.com\/srpski\/o-srbiji\/\"},{\"@type\":\"ListItem\",\"position\":3,\"name\":\"Kultura\",\"item\":\"https:\/\/serbia.com\/srpski\/o-srbiji\/kultura\/\"},{\"@type\":\"ListItem\",\"position\":4,\"name\":\"Etno nasle\u0111e\",\"item\":\"https:\/\/serbia.com\/srpski\/o-srbiji\/kultura\/etno-naslede\/\"},{\"@type\":\"ListItem\",\"position\":5,\"name\":\"Narodni obi\u010daji\",\"item\":\"https:\/\/serbia.com\/srpski\/o-srbiji\/kultura\/etno-naslede\/narodni-obicaji\/\"},{\"@type\":\"ListItem\",\"position\":6,\"name\":\"Krsna Slava\"}]},{\"@type\":\"WebSite\",\"@id\":\"https:\/\/serbia.com\/#website\",\"url\":\"https:\/\/serbia.com\/\",\"name\":\"Serbia.com\",\"description\":\"Your Gateway to Serbia\",\"potentialAction\":[{\"@type\":\"SearchAction\",\"target\":{\"@type\":\"EntryPoint\",\"urlTemplate\":\"https:\/\/serbia.com\/?s={search_term_string}\"},\"query-input\":{\"@type\":\"PropertyValueSpecification\",\"valueRequired\":true,\"valueName\":\"search_term_string\"}}],\"inLanguage\":\"srpski\"}]}<\/script>\n<!-- \/ Yoast SEO plugin. -->","yoast_head_json":{"title":"Krsna Slava - Serbia.com","description":"Kao najva\u017eniji porodi\u010dni praznik, okosnica porekla i identiteta, slava je univerzalna, ali pre svega verska i tradicionalna odrednica Srba.Stranac koji se zadesi u Srbiji po\u010detkom jeseni, a ne poznaje srpske obi\u010daje, sigurno \u0107e pomisliti da se sprema vanredno stanje ili iznenadna nesta\u0161ica hrane. Gu\u017eve u prodavnicama, prepuni supermarketi i kolone ljudi koji nose ogromne koli\u010dine hrane, samo su znak da u Srbiji po\u010dinje sezona slava.","robots":{"index":"index","follow":"follow","max-snippet":"max-snippet:-1","max-image-preview":"max-image-preview:large","max-video-preview":"max-video-preview:-1"},"canonical":"https:\/\/serbia.com\/srpski\/o-srbiji\/kultura\/etno-naslede\/narodni-obicaji\/krsna-slava\/","og_locale":"en_US","og_type":"article","og_title":"Krsna Slava - Serbia.com","og_description":"Kao najva\u017eniji porodi\u010dni praznik, okosnica porekla i identiteta, slava je univerzalna, ali pre svega verska i tradicionalna odrednica Srba.Stranac koji se zadesi u Srbiji po\u010detkom jeseni, a ne poznaje srpske obi\u010daje, sigurno \u0107e pomisliti da se sprema vanredno stanje ili iznenadna nesta\u0161ica hrane. Gu\u017eve u prodavnicama, prepuni supermarketi i kolone ljudi koji nose ogromne koli\u010dine hrane, samo su znak da u Srbiji po\u010dinje sezona slava.","og_url":"https:\/\/serbia.com\/srpski\/o-srbiji\/kultura\/etno-naslede\/narodni-obicaji\/krsna-slava\/","og_site_name":"Serbia.com","article_modified_time":"2024-06-05T08:08:48+00:00","og_image":[{"width":1200,"height":599,"url":"https:\/\/serbia.com\/wp-content\/uploads\/2015\/06\/Serbian-Traditional-Bread.jpg","type":"image\/jpeg"}],"twitter_misc":{"Est. reading time":"3 minutes"},"schema":{"@context":"https:\/\/schema.org","@graph":[{"@type":"WebPage","@id":"https:\/\/serbia.com\/srpski\/o-srbiji\/kultura\/etno-naslede\/narodni-obicaji\/krsna-slava\/","url":"https:\/\/serbia.com\/srpski\/o-srbiji\/kultura\/etno-naslede\/narodni-obicaji\/krsna-slava\/","name":"Krsna Slava - Serbia.com","isPartOf":{"@id":"https:\/\/serbia.com\/#website"},"primaryImageOfPage":{"@id":"https:\/\/serbia.com\/srpski\/o-srbiji\/kultura\/etno-naslede\/narodni-obicaji\/krsna-slava\/#primaryimage"},"image":{"@id":"https:\/\/serbia.com\/srpski\/o-srbiji\/kultura\/etno-naslede\/narodni-obicaji\/krsna-slava\/#primaryimage"},"thumbnailUrl":"https:\/\/serbia.com\/wp-content\/uploads\/2015\/06\/Serbian-Traditional-Bread.jpg","datePublished":"2015-06-23T13:03:45+00:00","dateModified":"2024-06-05T08:08:48+00:00","description":"Kao najva\u017eniji porodi\u010dni praznik, okosnica porekla i identiteta, slava je univerzalna, ali pre svega verska i tradicionalna odrednica Srba.Stranac koji se zadesi u Srbiji po\u010detkom jeseni, a ne poznaje srpske obi\u010daje, sigurno \u0107e pomisliti da se sprema vanredno stanje ili iznenadna nesta\u0161ica hrane. Gu\u017eve u prodavnicama, prepuni supermarketi i kolone ljudi koji nose ogromne koli\u010dine hrane, samo su znak da u Srbiji po\u010dinje sezona slava.","breadcrumb":{"@id":"https:\/\/serbia.com\/srpski\/o-srbiji\/kultura\/etno-naslede\/narodni-obicaji\/krsna-slava\/#breadcrumb"},"inLanguage":"srpski","potentialAction":[{"@type":"ReadAction","target":["https:\/\/serbia.com\/srpski\/o-srbiji\/kultura\/etno-naslede\/narodni-obicaji\/krsna-slava\/"]}]},{"@type":"ImageObject","inLanguage":"srpski","@id":"https:\/\/serbia.com\/srpski\/o-srbiji\/kultura\/etno-naslede\/narodni-obicaji\/krsna-slava\/#primaryimage","url":"https:\/\/serbia.com\/wp-content\/uploads\/2015\/06\/Serbian-Traditional-Bread.jpg","contentUrl":"https:\/\/serbia.com\/wp-content\/uploads\/2015\/06\/Serbian-Traditional-Bread.jpg","width":1200,"height":599},{"@type":"BreadcrumbList","@id":"https:\/\/serbia.com\/srpski\/o-srbiji\/kultura\/etno-naslede\/narodni-obicaji\/krsna-slava\/#breadcrumb","itemListElement":[{"@type":"ListItem","position":1,"name":"Home","item":"https:\/\/serbia.com\/srpski\/"},{"@type":"ListItem","position":2,"name":"O Srbiji","item":"https:\/\/serbia.com\/srpski\/o-srbiji\/"},{"@type":"ListItem","position":3,"name":"Kultura","item":"https:\/\/serbia.com\/srpski\/o-srbiji\/kultura\/"},{"@type":"ListItem","position":4,"name":"Etno nasle\u0111e","item":"https:\/\/serbia.com\/srpski\/o-srbiji\/kultura\/etno-naslede\/"},{"@type":"ListItem","position":5,"name":"Narodni obi\u010daji","item":"https:\/\/serbia.com\/srpski\/o-srbiji\/kultura\/etno-naslede\/narodni-obicaji\/"},{"@type":"ListItem","position":6,"name":"Krsna Slava"}]},{"@type":"WebSite","@id":"https:\/\/serbia.com\/#website","url":"https:\/\/serbia.com\/","name":"Serbia.com","description":"Your Gateway to Serbia","potentialAction":[{"@type":"SearchAction","target":{"@type":"EntryPoint","urlTemplate":"https:\/\/serbia.com\/?s={search_term_string}"},"query-input":{"@type":"PropertyValueSpecification","valueRequired":true,"valueName":"search_term_string"}}],"inLanguage":"srpski"}]}},"_links":{"self":[{"href":"https:\/\/serbia.com\/srpski\/wp-json\/wp\/v2\/pages\/34123"}],"collection":[{"href":"https:\/\/serbia.com\/srpski\/wp-json\/wp\/v2\/pages"}],"about":[{"href":"https:\/\/serbia.com\/srpski\/wp-json\/wp\/v2\/types\/page"}],"author":[{"embeddable":true,"href":"https:\/\/serbia.com\/srpski\/wp-json\/wp\/v2\/users\/27"}],"replies":[{"embeddable":true,"href":"https:\/\/serbia.com\/srpski\/wp-json\/wp\/v2\/comments?post=34123"}],"version-history":[{"count":1,"href":"https:\/\/serbia.com\/srpski\/wp-json\/wp\/v2\/pages\/34123\/revisions"}],"predecessor-version":[{"id":53254,"href":"https:\/\/serbia.com\/srpski\/wp-json\/wp\/v2\/pages\/34123\/revisions\/53254"}],"up":[{"embeddable":true,"href":"https:\/\/serbia.com\/srpski\/wp-json\/wp\/v2\/pages\/34059"}],"wp:featuredmedia":[{"embeddable":true,"href":"https:\/\/serbia.com\/srpski\/wp-json\/wp\/v2\/media\/34011"}],"wp:attachment":[{"href":"https:\/\/serbia.com\/srpski\/wp-json\/wp\/v2\/media?parent=34123"}],"wp:term":[{"taxonomy":"category","embeddable":true,"href":"https:\/\/serbia.com\/srpski\/wp-json\/wp\/v2\/categories?post=34123"},{"taxonomy":"post_tag","embeddable":true,"href":"https:\/\/serbia.com\/srpski\/wp-json\/wp\/v2\/tags?post=34123"}],"curies":[{"name":"wp","href":"https:\/\/api.w.org\/{rel}","templated":true}]}}