{"id":34110,"date":"2015-06-23T14:51:14","date_gmt":"2015-06-23T12:51:14","guid":{"rendered":"http:\/\/www.serbia.com\/?page_id=34110"},"modified":"2015-06-23T14:51:14","modified_gmt":"2015-06-23T12:51:14","slug":"velika-hoca-miholjdan","status":"publish","type":"page","link":"https:\/\/serbia.com\/srpski\/o-srbiji\/kultura\/etno-naslede\/narodni-obicaji\/velika-hoca-miholjdan\/","title":{"rendered":"Velika Ho\u010da, Miholjdan"},"content":{"rendered":"<h4>Miholjdan, slava Velike Ho\u010de, jednog od najlep\u0161ih metohijskih sela, vinogradarskog i kulturnog bisera Metohije, proslavljena je svetom liturgijom u Crkvi svetog Stefana, u subotu, 12. oktobra. Ujedno, obele\u017een je i zavr\u0161etak berbe gro\u017e\u0111a, zbog \u010dega je veliki broj kosovskih Srba posetio ovu srpsku enklavu.<\/h4>\n<p>[doptg id=&#8221;23&#8243;]<\/p>\n<p>Velika Ho\u010da se nalazi na udaljenosti 6 km jugoisto\u010dno od Orahovca i oko 25 km od <strong><a href=\"http:\/\/www.serbia.com\/srpski\/posetite-srbiju\/sta-videti\/gradovi\/prizren-srpski-carigrad\/\">Prizrena<\/a><\/strong>. Jedno je od najstarijih naselja u Metohiji koje se pominje jo\u0161 u poveljama Nemanji\u0107a. <a href=\"http:\/\/www.serbia.com\/srpski\/pomoc-nemackom-caru-2\/\">Stefan Nemanja<\/a> je Veliku Ho\u010du prilo\u017eio kao dar manastiru Hilandar.<\/p>\n<p>Pominjanje ovog malog naselja uglavnom je bilo u vezi sa vinogradarstvom. Zbog blagorodne klime pogodne za uzgajanje vinove loze, velikog broja sun\u010danih dana u godini, Stanovni\u0161tvo ovog kraja se jo\u0161 u doba Rimskog carstva bavilo vinogradarstvom. To je potvr\u0111eno kada je otkriven kerami\u010dki vr\u010d kapaciteta 300 do 400 litara, prilikom iskopavanja temelja za vinski podrum u <strong>mestu Vrelo<\/strong>.<\/p>\n<p>I danas stanovnici ovog malog sela \u017eive od vinogradarstva. Najpoznatija vinica ovog kraja je<strong> De\u010danska vinica<\/strong>, u kojoj monasi manastira De\u010dani prave vino. U selu ima i privatnih vinica u kojima se mo\u017ee probati i kupiti najlep\u0161e metohijsko vino.<\/p>\n<p>Osim bogatog vinogorja, ovo selo je poznato i po ogromnom kulturnom nasle\u0111u. Naime, u njemu se nalazi 13 crkava iz srednjeg veka. Zbog toga Veliku Ho\u010du \u010desto nazivaju <em>\u201cselo-muzej\u201d<\/em>.<\/p>\n<p>&nbsp;<\/p>\n","protected":false},"excerpt":{"rendered":"<p>Miholjdan, slava Velike Ho\u010de, jednog od najlep\u0161ih metohijskih sela, vinogradarskog i kulturnog bisera Metohije, proslavljena je svetom liturgijom u Crkvi svetog Stefana, u subotu, 12. oktobra. Ujedno, obele\u017een je i [&hellip;]<\/p>\n","protected":false},"author":27,"featured_media":34108,"parent":34059,"menu_order":0,"comment_status":"closed","ping_status":"closed","template":"","meta":{"_acf_changed":false,"inline_featured_image":false,"_monsterinsights_skip_tracking":false,"_monsterinsights_sitenote_active":false,"_monsterinsights_sitenote_note":"","_monsterinsights_sitenote_category":0,"footnotes":""},"categories":[973],"tags":[],"class_list":["post-34110","page","type-page","status-publish","has-post-thumbnail","hentry","category-etno-nasledje"],"acf":[],"yoast_head":"<!-- This site is optimized with the Yoast SEO plugin v23.8 - https:\/\/yoast.com\/wordpress\/plugins\/seo\/ -->\n<title>Velika Ho\u010da, Miholjdan - Serbia.com<\/title>\n<meta name=\"robots\" content=\"index, follow, max-snippet:-1, max-image-preview:large, max-video-preview:-1\" \/>\n<link rel=\"canonical\" href=\"https:\/\/serbia.com\/srpski\/o-srbiji\/kultura\/etno-naslede\/narodni-obicaji\/velika-hoca-miholjdan\/\" \/>\n<meta property=\"og:locale\" content=\"en_US\" \/>\n<meta property=\"og:type\" content=\"article\" \/>\n<meta property=\"og:title\" content=\"Velika Ho\u010da, Miholjdan - Serbia.com\" \/>\n<meta property=\"og:description\" content=\"Miholjdan, slava Velike Ho\u010de, jednog od najlep\u0161ih metohijskih sela, vinogradarskog i kulturnog bisera Metohije, proslavljena je svetom liturgijom u Crkvi svetog Stefana, u subotu, 12. oktobra. Ujedno, obele\u017een je i [&hellip;]\" \/>\n<meta property=\"og:url\" content=\"https:\/\/serbia.com\/srpski\/o-srbiji\/kultura\/etno-naslede\/narodni-obicaji\/velika-hoca-miholjdan\/\" \/>\n<meta property=\"og:site_name\" content=\"Serbia.com\" \/>\n<meta property=\"og:image\" content=\"https:\/\/serbia.com\/wp-content\/uploads\/2015\/06\/miholjdan333.jpg\" \/>\n\t<meta property=\"og:image:width\" content=\"1600\" \/>\n\t<meta property=\"og:image:height\" content=\"803\" \/>\n\t<meta property=\"og:image:type\" content=\"image\/jpeg\" \/>\n<meta name=\"twitter:label1\" content=\"Est. reading time\" \/>\n\t<meta name=\"twitter:data1\" content=\"1 minute\" \/>\n<script type=\"application\/ld+json\" class=\"yoast-schema-graph\">{\"@context\":\"https:\/\/schema.org\",\"@graph\":[{\"@type\":\"WebPage\",\"@id\":\"https:\/\/serbia.com\/srpski\/o-srbiji\/kultura\/etno-naslede\/narodni-obicaji\/velika-hoca-miholjdan\/\",\"url\":\"https:\/\/serbia.com\/srpski\/o-srbiji\/kultura\/etno-naslede\/narodni-obicaji\/velika-hoca-miholjdan\/\",\"name\":\"Velika Ho\u010da, Miholjdan - Serbia.com\",\"isPartOf\":{\"@id\":\"https:\/\/serbia.com\/#website\"},\"primaryImageOfPage\":{\"@id\":\"https:\/\/serbia.com\/srpski\/o-srbiji\/kultura\/etno-naslede\/narodni-obicaji\/velika-hoca-miholjdan\/#primaryimage\"},\"image\":{\"@id\":\"https:\/\/serbia.com\/srpski\/o-srbiji\/kultura\/etno-naslede\/narodni-obicaji\/velika-hoca-miholjdan\/#primaryimage\"},\"thumbnailUrl\":\"https:\/\/serbia.com\/wp-content\/uploads\/2015\/06\/miholjdan333.jpg\",\"datePublished\":\"2015-06-23T12:51:14+00:00\",\"dateModified\":\"2015-06-23T12:51:14+00:00\",\"breadcrumb\":{\"@id\":\"https:\/\/serbia.com\/srpski\/o-srbiji\/kultura\/etno-naslede\/narodni-obicaji\/velika-hoca-miholjdan\/#breadcrumb\"},\"inLanguage\":\"srpski\",\"potentialAction\":[{\"@type\":\"ReadAction\",\"target\":[\"https:\/\/serbia.com\/srpski\/o-srbiji\/kultura\/etno-naslede\/narodni-obicaji\/velika-hoca-miholjdan\/\"]}]},{\"@type\":\"ImageObject\",\"inLanguage\":\"srpski\",\"@id\":\"https:\/\/serbia.com\/srpski\/o-srbiji\/kultura\/etno-naslede\/narodni-obicaji\/velika-hoca-miholjdan\/#primaryimage\",\"url\":\"https:\/\/serbia.com\/wp-content\/uploads\/2015\/06\/miholjdan333.jpg\",\"contentUrl\":\"https:\/\/serbia.com\/wp-content\/uploads\/2015\/06\/miholjdan333.jpg\",\"width\":1600,\"height\":803},{\"@type\":\"BreadcrumbList\",\"@id\":\"https:\/\/serbia.com\/srpski\/o-srbiji\/kultura\/etno-naslede\/narodni-obicaji\/velika-hoca-miholjdan\/#breadcrumb\",\"itemListElement\":[{\"@type\":\"ListItem\",\"position\":1,\"name\":\"Home\",\"item\":\"https:\/\/serbia.com\/srpski\/\"},{\"@type\":\"ListItem\",\"position\":2,\"name\":\"O Srbiji\",\"item\":\"https:\/\/serbia.com\/srpski\/o-srbiji\/\"},{\"@type\":\"ListItem\",\"position\":3,\"name\":\"Kultura\",\"item\":\"https:\/\/serbia.com\/srpski\/o-srbiji\/kultura\/\"},{\"@type\":\"ListItem\",\"position\":4,\"name\":\"Etno nasle\u0111e\",\"item\":\"https:\/\/serbia.com\/srpski\/o-srbiji\/kultura\/etno-naslede\/\"},{\"@type\":\"ListItem\",\"position\":5,\"name\":\"Narodni obi\u010daji\",\"item\":\"https:\/\/serbia.com\/srpski\/o-srbiji\/kultura\/etno-naslede\/narodni-obicaji\/\"},{\"@type\":\"ListItem\",\"position\":6,\"name\":\"Velika Ho\u010da, Miholjdan\"}]},{\"@type\":\"WebSite\",\"@id\":\"https:\/\/serbia.com\/#website\",\"url\":\"https:\/\/serbia.com\/\",\"name\":\"Serbia.com\",\"description\":\"Your Gateway to Serbia\",\"potentialAction\":[{\"@type\":\"SearchAction\",\"target\":{\"@type\":\"EntryPoint\",\"urlTemplate\":\"https:\/\/serbia.com\/?s={search_term_string}\"},\"query-input\":{\"@type\":\"PropertyValueSpecification\",\"valueRequired\":true,\"valueName\":\"search_term_string\"}}],\"inLanguage\":\"srpski\"}]}<\/script>\n<!-- \/ Yoast SEO plugin. -->","yoast_head_json":{"title":"Velika Ho\u010da, Miholjdan - Serbia.com","robots":{"index":"index","follow":"follow","max-snippet":"max-snippet:-1","max-image-preview":"max-image-preview:large","max-video-preview":"max-video-preview:-1"},"canonical":"https:\/\/serbia.com\/srpski\/o-srbiji\/kultura\/etno-naslede\/narodni-obicaji\/velika-hoca-miholjdan\/","og_locale":"en_US","og_type":"article","og_title":"Velika Ho\u010da, Miholjdan - Serbia.com","og_description":"Miholjdan, slava Velike Ho\u010de, jednog od najlep\u0161ih metohijskih sela, vinogradarskog i kulturnog bisera Metohije, proslavljena je svetom liturgijom u Crkvi svetog Stefana, u subotu, 12. oktobra. Ujedno, obele\u017een je i [&hellip;]","og_url":"https:\/\/serbia.com\/srpski\/o-srbiji\/kultura\/etno-naslede\/narodni-obicaji\/velika-hoca-miholjdan\/","og_site_name":"Serbia.com","og_image":[{"width":1600,"height":803,"url":"https:\/\/serbia.com\/wp-content\/uploads\/2015\/06\/miholjdan333.jpg","type":"image\/jpeg"}],"twitter_misc":{"Est. reading time":"1 minute"},"schema":{"@context":"https:\/\/schema.org","@graph":[{"@type":"WebPage","@id":"https:\/\/serbia.com\/srpski\/o-srbiji\/kultura\/etno-naslede\/narodni-obicaji\/velika-hoca-miholjdan\/","url":"https:\/\/serbia.com\/srpski\/o-srbiji\/kultura\/etno-naslede\/narodni-obicaji\/velika-hoca-miholjdan\/","name":"Velika Ho\u010da, Miholjdan - Serbia.com","isPartOf":{"@id":"https:\/\/serbia.com\/#website"},"primaryImageOfPage":{"@id":"https:\/\/serbia.com\/srpski\/o-srbiji\/kultura\/etno-naslede\/narodni-obicaji\/velika-hoca-miholjdan\/#primaryimage"},"image":{"@id":"https:\/\/serbia.com\/srpski\/o-srbiji\/kultura\/etno-naslede\/narodni-obicaji\/velika-hoca-miholjdan\/#primaryimage"},"thumbnailUrl":"https:\/\/serbia.com\/wp-content\/uploads\/2015\/06\/miholjdan333.jpg","datePublished":"2015-06-23T12:51:14+00:00","dateModified":"2015-06-23T12:51:14+00:00","breadcrumb":{"@id":"https:\/\/serbia.com\/srpski\/o-srbiji\/kultura\/etno-naslede\/narodni-obicaji\/velika-hoca-miholjdan\/#breadcrumb"},"inLanguage":"srpski","potentialAction":[{"@type":"ReadAction","target":["https:\/\/serbia.com\/srpski\/o-srbiji\/kultura\/etno-naslede\/narodni-obicaji\/velika-hoca-miholjdan\/"]}]},{"@type":"ImageObject","inLanguage":"srpski","@id":"https:\/\/serbia.com\/srpski\/o-srbiji\/kultura\/etno-naslede\/narodni-obicaji\/velika-hoca-miholjdan\/#primaryimage","url":"https:\/\/serbia.com\/wp-content\/uploads\/2015\/06\/miholjdan333.jpg","contentUrl":"https:\/\/serbia.com\/wp-content\/uploads\/2015\/06\/miholjdan333.jpg","width":1600,"height":803},{"@type":"BreadcrumbList","@id":"https:\/\/serbia.com\/srpski\/o-srbiji\/kultura\/etno-naslede\/narodni-obicaji\/velika-hoca-miholjdan\/#breadcrumb","itemListElement":[{"@type":"ListItem","position":1,"name":"Home","item":"https:\/\/serbia.com\/srpski\/"},{"@type":"ListItem","position":2,"name":"O Srbiji","item":"https:\/\/serbia.com\/srpski\/o-srbiji\/"},{"@type":"ListItem","position":3,"name":"Kultura","item":"https:\/\/serbia.com\/srpski\/o-srbiji\/kultura\/"},{"@type":"ListItem","position":4,"name":"Etno nasle\u0111e","item":"https:\/\/serbia.com\/srpski\/o-srbiji\/kultura\/etno-naslede\/"},{"@type":"ListItem","position":5,"name":"Narodni obi\u010daji","item":"https:\/\/serbia.com\/srpski\/o-srbiji\/kultura\/etno-naslede\/narodni-obicaji\/"},{"@type":"ListItem","position":6,"name":"Velika Ho\u010da, Miholjdan"}]},{"@type":"WebSite","@id":"https:\/\/serbia.com\/#website","url":"https:\/\/serbia.com\/","name":"Serbia.com","description":"Your Gateway to Serbia","potentialAction":[{"@type":"SearchAction","target":{"@type":"EntryPoint","urlTemplate":"https:\/\/serbia.com\/?s={search_term_string}"},"query-input":{"@type":"PropertyValueSpecification","valueRequired":true,"valueName":"search_term_string"}}],"inLanguage":"srpski"}]}},"_links":{"self":[{"href":"https:\/\/serbia.com\/srpski\/wp-json\/wp\/v2\/pages\/34110"}],"collection":[{"href":"https:\/\/serbia.com\/srpski\/wp-json\/wp\/v2\/pages"}],"about":[{"href":"https:\/\/serbia.com\/srpski\/wp-json\/wp\/v2\/types\/page"}],"author":[{"embeddable":true,"href":"https:\/\/serbia.com\/srpski\/wp-json\/wp\/v2\/users\/27"}],"replies":[{"embeddable":true,"href":"https:\/\/serbia.com\/srpski\/wp-json\/wp\/v2\/comments?post=34110"}],"version-history":[{"count":0,"href":"https:\/\/serbia.com\/srpski\/wp-json\/wp\/v2\/pages\/34110\/revisions"}],"up":[{"embeddable":true,"href":"https:\/\/serbia.com\/srpski\/wp-json\/wp\/v2\/pages\/34059"}],"wp:featuredmedia":[{"embeddable":true,"href":"https:\/\/serbia.com\/srpski\/wp-json\/wp\/v2\/media\/34108"}],"wp:attachment":[{"href":"https:\/\/serbia.com\/srpski\/wp-json\/wp\/v2\/media?parent=34110"}],"wp:term":[{"taxonomy":"category","embeddable":true,"href":"https:\/\/serbia.com\/srpski\/wp-json\/wp\/v2\/categories?post=34110"},{"taxonomy":"post_tag","embeddable":true,"href":"https:\/\/serbia.com\/srpski\/wp-json\/wp\/v2\/tags?post=34110"}],"curies":[{"name":"wp","href":"https:\/\/api.w.org\/{rel}","templated":true}]}}