{"id":34088,"date":"2015-06-23T14:07:30","date_gmt":"2015-06-23T12:07:30","guid":{"rendered":"http:\/\/www.serbia.com\/?page_id=34088"},"modified":"2024-09-12T14:49:16","modified_gmt":"2024-09-12T12:49:16","slug":"narodna-igra","status":"publish","type":"page","link":"https:\/\/serbia.com\/srpski\/o-srbiji\/kultura\/etno-naslede\/narodna-igra\/","title":{"rendered":"Narodna igra"},"content":{"rendered":"<h4>Folklor, kao umetnost koja je od davnina preno\u0161ena \u201csa kolena na koleno\u201d, slikovito predstavlja duhovnu i kulturnu pro\u0161lost srpskog naroda.<\/h4>\n<p>Folklor je uop\u0161teno ime za umetnost koja, u ustaljenim tradicionalnim oblicima, \u017eivi u narodu i, kao posebna forma se prenosi sa generacije na generaciju, sa starijih na mla\u0111e. Kroz folklor se mo\u017ee rekonstruisati duhovna i kulturna pro\u0161lost jednog naroda.<\/p>\n<p>Tokom vekova, srpski folklor je evoluirao \u0161to je uticalo i na preno\u0161enje originalnosti narodnih tvorevina. Ovo se u muzici lako uo\u010dava na pesmama sa istim tekstom koje se u udaljenim krajevima pevaju na razli\u010dite na\u010dine.<\/p>\n<p>Isto se de\u0161ava i sa narodnim igrama \u2013 narodna kola danas i ona od pre pedeset godina, iako sa istim imenima i nazivima, pokazuju primetne razlike. Narodni duh, najsna\u017eniji pokreta\u010d svih ideja u umetnosti, nikada ne miruje. Narod obavezno i uvek stvara svoju umetnost, sa svojom etikom i posebnom karakteristikom.<\/p>\n<p>Ne mo\u017ee se sa sigurno\u0161\u0107u utvrditi iz kojeg perioda datiraju odre\u0111ene igre i pesme, ali njihovo prikupljanje po\u010dinje krajem 19. veka, pa se mo\u017ee pretpostaviti da neke od njih poti\u010du i iz 18. veka.<\/p>\n<p>Narodne igre i pesme nemaju kompozitora ve\u0107 su zapisane direktno od ljudi iz naroda koji su znali ili su se se\u0107ali starih pesama i igara. Srpski folklor je veoma raznolik po pitanju ritma, koraka, na\u010dina igre, muzike, ali i po pitanju <a title=\"Narodna no\u0161nja, oznaka identiteta i pripadnosti\" href=\"http:\/\/serbia.com\/srpski\/narodna-nosnja-oznaka-identiteta-i-pripadnosti-2\/\">narodnih no\u0161nji<\/a>.<\/p>\n<p>Muzi\u010dki folklor prenosi se predanjem i pokazuje narodno stvarala\u0161tvo pro\u0161lih epoha. Srpska narodna muzika se deli na vokalnu, vokalno-instrumentalnu i instrumentalnu.<\/p>\n<p>Kao najstarija, vokalna muzika je nau\u010dno najzanimljivija, vokalno-instrumentalna nalazi svoju primenu u epsko-poetskoj kategoriji, dok se \u010disto instrumentalna muzika upotrebljava uglavnom kao pratnja narodnih igara, mada se praktikovala i nezavisno od njih.<\/p>\n<p>Epske pesme su se naj\u010de\u0161\u0107e pevale uz gusle, veoma stari slovenski <a title=\"Narodni instrumenti\" href=\"http:\/\/serbia.com\/srpski\/narodni-instrumenti-2\/\">narodni instrument<\/a>, dok se najvi\u0161e igralo uz pratnju pesme, uz <em><a href=\"http:\/\/www.serbia.com\/srpski\/sviranje-na-gajdama\/\">gajde<\/a><\/em> ili <em>svirale<\/em>. Dvojnice su pastirski ili putni\u010dki instrument, a orkestarsko muziciranje u Srbiji je sasvim novijeg datuma.<\/p>\n<p>Tipi\u010dan oblik srpskog narodnog igranja je<em> igranje u kolu<\/em>. To je lanac me\u0111usobno povezanih igra\u010da koji se kre\u0107e po kru\u017enoj, a re\u0111e po krivudavoj liniji. Posle kola javlja se lesa \u2014 lanac igra\u010da postavljenih u pravoj liniji ili u dve naspramne vrste sa pravcem kretanja levo i desno, napred i nazad.<\/p>\n<p><strong>S<\/strong>olo igranje ili igranje u parovima retkost je u sredi\u0161nim delovima Srbije. Javlja se uglavnom u obrednim igrama (dodole, lazarice, kraljice). Te su igre veoma stare i trag su paganskih obreda za plodnost, ki\u0161u ili predstavljaju trag starinskih obreda sa igrom povodom ro\u0111enja, inicijacije, svadbe ili smrti.<\/p>\n<p>Igre i pesme spadaju me\u0111u najstarije narodne umetnosti i zauzimale su istaknuto mesto u \u017eivotima ljudi. Mnogi va\u017eni doga\u0111aji kao \u0161to su ro\u0111enje, svadba, smrt, pobeda u borbi, uspeh u lovu ili obavljanje obreda, bili su pra\u0107eni igrama i pesmama. Nastanak igre se ne mo\u017ee ta\u010dno odrediti ali nema nikakve sumnje da se ona javlja jo\u0161 u najdubljoj pro\u0161losti.<\/p>\n<p>Najstariji likovni izvori dokumentuju igru jo\u0161 u pe\u0107inskom slikarstvu starijeg kamenog doba. Od tada su se igre stalno usavr\u0161avale, doterivale i menjale, sve dok dugim hodom kroz vekove nisu dospele do svojih sada\u0161njih oblika.<\/p>\n","protected":false},"excerpt":{"rendered":"<p>Folklor, kao umetnost koja je od davnina preno\u0161ena \u201csa kolena na koleno\u201d, slikovito predstavlja duhovnu i kulturnu pro\u0161lost srpskog naroda. Folklor je uop\u0161teno ime za umetnost koja, u ustaljenim tradicionalnim [&hellip;]<\/p>\n","protected":false},"author":27,"featured_media":34082,"parent":20162,"menu_order":0,"comment_status":"closed","ping_status":"closed","template":"","meta":{"_acf_changed":false,"inline_featured_image":false,"_monsterinsights_skip_tracking":false,"_monsterinsights_sitenote_active":false,"_monsterinsights_sitenote_note":"","_monsterinsights_sitenote_category":0,"footnotes":""},"categories":[977],"tags":[],"class_list":["post-34088","page","type-page","status-publish","has-post-thumbnail","hentry","category-muzika-kultura-otkrijte-srbiju"],"acf":[],"yoast_head":"<!-- This site is optimized with the Yoast SEO plugin v27.4 - https:\/\/yoast.com\/product\/yoast-seo-wordpress\/ -->\n<title>Narodna igra - Serbia.com<\/title>\n<meta name=\"robots\" content=\"index, follow, max-snippet:-1, max-image-preview:large, max-video-preview:-1\" \/>\n<link rel=\"canonical\" href=\"https:\/\/serbia.com\/srpski\/o-srbiji\/kultura\/etno-naslede\/narodna-igra\/\" \/>\n<meta property=\"og:locale\" content=\"en_US\" \/>\n<meta property=\"og:type\" content=\"article\" \/>\n<meta property=\"og:title\" content=\"Narodna igra - Serbia.com\" \/>\n<meta property=\"og:description\" content=\"Folklor, kao umetnost koja je od davnina preno\u0161ena \u201csa kolena na koleno\u201d, slikovito predstavlja duhovnu i kulturnu pro\u0161lost srpskog naroda. Folklor je uop\u0161teno ime za umetnost koja, u ustaljenim tradicionalnim [&hellip;]\" \/>\n<meta property=\"og:url\" content=\"https:\/\/serbia.com\/srpski\/o-srbiji\/kultura\/etno-naslede\/narodna-igra\/\" \/>\n<meta property=\"og:site_name\" content=\"Serbia.com\" \/>\n<meta property=\"article:modified_time\" content=\"2024-09-12T12:49:16+00:00\" \/>\n<meta property=\"og:image\" content=\"https:\/\/serbia.com\/wp-content\/uploads\/2015\/06\/folklor.jpg\" \/>\n\t<meta property=\"og:image:width\" content=\"1600\" \/>\n\t<meta property=\"og:image:height\" content=\"693\" \/>\n\t<meta property=\"og:image:type\" content=\"image\/jpeg\" \/>\n<meta name=\"twitter:label1\" content=\"Est. reading time\" \/>\n\t<meta name=\"twitter:data1\" content=\"3 minutes\" \/>\n<script type=\"application\/ld+json\" class=\"yoast-schema-graph\">{\"@context\":\"https:\\\/\\\/schema.org\",\"@graph\":[{\"@type\":\"WebPage\",\"@id\":\"https:\\\/\\\/serbia.com\\\/srpski\\\/o-srbiji\\\/kultura\\\/etno-naslede\\\/narodna-igra\\\/\",\"url\":\"https:\\\/\\\/serbia.com\\\/srpski\\\/o-srbiji\\\/kultura\\\/etno-naslede\\\/narodna-igra\\\/\",\"name\":\"Narodna igra - Serbia.com\",\"isPartOf\":{\"@id\":\"https:\\\/\\\/serbia.com\\\/#website\"},\"primaryImageOfPage\":{\"@id\":\"https:\\\/\\\/serbia.com\\\/srpski\\\/o-srbiji\\\/kultura\\\/etno-naslede\\\/narodna-igra\\\/#primaryimage\"},\"image\":{\"@id\":\"https:\\\/\\\/serbia.com\\\/srpski\\\/o-srbiji\\\/kultura\\\/etno-naslede\\\/narodna-igra\\\/#primaryimage\"},\"thumbnailUrl\":\"https:\\\/\\\/serbia.com\\\/wp-content\\\/uploads\\\/2015\\\/06\\\/folklor.jpg\",\"datePublished\":\"2015-06-23T12:07:30+00:00\",\"dateModified\":\"2024-09-12T12:49:16+00:00\",\"breadcrumb\":{\"@id\":\"https:\\\/\\\/serbia.com\\\/srpski\\\/o-srbiji\\\/kultura\\\/etno-naslede\\\/narodna-igra\\\/#breadcrumb\"},\"inLanguage\":\"srpski\",\"potentialAction\":[{\"@type\":\"ReadAction\",\"target\":[\"https:\\\/\\\/serbia.com\\\/srpski\\\/o-srbiji\\\/kultura\\\/etno-naslede\\\/narodna-igra\\\/\"]}]},{\"@type\":\"ImageObject\",\"inLanguage\":\"srpski\",\"@id\":\"https:\\\/\\\/serbia.com\\\/srpski\\\/o-srbiji\\\/kultura\\\/etno-naslede\\\/narodna-igra\\\/#primaryimage\",\"url\":\"https:\\\/\\\/serbia.com\\\/wp-content\\\/uploads\\\/2015\\\/06\\\/folklor.jpg\",\"contentUrl\":\"https:\\\/\\\/serbia.com\\\/wp-content\\\/uploads\\\/2015\\\/06\\\/folklor.jpg\",\"width\":1600,\"height\":693},{\"@type\":\"BreadcrumbList\",\"@id\":\"https:\\\/\\\/serbia.com\\\/srpski\\\/o-srbiji\\\/kultura\\\/etno-naslede\\\/narodna-igra\\\/#breadcrumb\",\"itemListElement\":[{\"@type\":\"ListItem\",\"position\":1,\"name\":\"Home\",\"item\":\"https:\\\/\\\/serbia.com\\\/srpski\\\/srbija\\\/\"},{\"@type\":\"ListItem\",\"position\":2,\"name\":\"O Srbiji\",\"item\":\"https:\\\/\\\/serbia.com\\\/srpski\\\/o-srbiji\\\/\"},{\"@type\":\"ListItem\",\"position\":3,\"name\":\"Kultura\",\"item\":\"https:\\\/\\\/serbia.com\\\/srpski\\\/o-srbiji\\\/kultura\\\/\"},{\"@type\":\"ListItem\",\"position\":4,\"name\":\"Etno nasle\u0111e\",\"item\":\"https:\\\/\\\/serbia.com\\\/srpski\\\/o-srbiji\\\/kultura\\\/etno-naslede\\\/\"},{\"@type\":\"ListItem\",\"position\":5,\"name\":\"Narodna igra\"}]},{\"@type\":\"WebSite\",\"@id\":\"https:\\\/\\\/serbia.com\\\/#website\",\"url\":\"https:\\\/\\\/serbia.com\\\/\",\"name\":\"Serbia.com\",\"description\":\"Your Gateway to Serbia\",\"potentialAction\":[{\"@type\":\"SearchAction\",\"target\":{\"@type\":\"EntryPoint\",\"urlTemplate\":\"https:\\\/\\\/serbia.com\\\/?s={search_term_string}\"},\"query-input\":{\"@type\":\"PropertyValueSpecification\",\"valueRequired\":true,\"valueName\":\"search_term_string\"}}],\"inLanguage\":\"srpski\"}]}<\/script>\n<!-- \/ Yoast SEO plugin. -->","yoast_head_json":{"title":"Narodna igra - Serbia.com","robots":{"index":"index","follow":"follow","max-snippet":"max-snippet:-1","max-image-preview":"max-image-preview:large","max-video-preview":"max-video-preview:-1"},"canonical":"https:\/\/serbia.com\/srpski\/o-srbiji\/kultura\/etno-naslede\/narodna-igra\/","og_locale":"en_US","og_type":"article","og_title":"Narodna igra - Serbia.com","og_description":"Folklor, kao umetnost koja je od davnina preno\u0161ena \u201csa kolena na koleno\u201d, slikovito predstavlja duhovnu i kulturnu pro\u0161lost srpskog naroda. Folklor je uop\u0161teno ime za umetnost koja, u ustaljenim tradicionalnim [&hellip;]","og_url":"https:\/\/serbia.com\/srpski\/o-srbiji\/kultura\/etno-naslede\/narodna-igra\/","og_site_name":"Serbia.com","article_modified_time":"2024-09-12T12:49:16+00:00","og_image":[{"width":1600,"height":693,"url":"https:\/\/serbia.com\/wp-content\/uploads\/2015\/06\/folklor.jpg","type":"image\/jpeg"}],"twitter_misc":{"Est. reading time":"3 minutes"},"schema":{"@context":"https:\/\/schema.org","@graph":[{"@type":"WebPage","@id":"https:\/\/serbia.com\/srpski\/o-srbiji\/kultura\/etno-naslede\/narodna-igra\/","url":"https:\/\/serbia.com\/srpski\/o-srbiji\/kultura\/etno-naslede\/narodna-igra\/","name":"Narodna igra - Serbia.com","isPartOf":{"@id":"https:\/\/serbia.com\/#website"},"primaryImageOfPage":{"@id":"https:\/\/serbia.com\/srpski\/o-srbiji\/kultura\/etno-naslede\/narodna-igra\/#primaryimage"},"image":{"@id":"https:\/\/serbia.com\/srpski\/o-srbiji\/kultura\/etno-naslede\/narodna-igra\/#primaryimage"},"thumbnailUrl":"https:\/\/serbia.com\/wp-content\/uploads\/2015\/06\/folklor.jpg","datePublished":"2015-06-23T12:07:30+00:00","dateModified":"2024-09-12T12:49:16+00:00","breadcrumb":{"@id":"https:\/\/serbia.com\/srpski\/o-srbiji\/kultura\/etno-naslede\/narodna-igra\/#breadcrumb"},"inLanguage":"srpski","potentialAction":[{"@type":"ReadAction","target":["https:\/\/serbia.com\/srpski\/o-srbiji\/kultura\/etno-naslede\/narodna-igra\/"]}]},{"@type":"ImageObject","inLanguage":"srpski","@id":"https:\/\/serbia.com\/srpski\/o-srbiji\/kultura\/etno-naslede\/narodna-igra\/#primaryimage","url":"https:\/\/serbia.com\/wp-content\/uploads\/2015\/06\/folklor.jpg","contentUrl":"https:\/\/serbia.com\/wp-content\/uploads\/2015\/06\/folklor.jpg","width":1600,"height":693},{"@type":"BreadcrumbList","@id":"https:\/\/serbia.com\/srpski\/o-srbiji\/kultura\/etno-naslede\/narodna-igra\/#breadcrumb","itemListElement":[{"@type":"ListItem","position":1,"name":"Home","item":"https:\/\/serbia.com\/srpski\/srbija\/"},{"@type":"ListItem","position":2,"name":"O Srbiji","item":"https:\/\/serbia.com\/srpski\/o-srbiji\/"},{"@type":"ListItem","position":3,"name":"Kultura","item":"https:\/\/serbia.com\/srpski\/o-srbiji\/kultura\/"},{"@type":"ListItem","position":4,"name":"Etno nasle\u0111e","item":"https:\/\/serbia.com\/srpski\/o-srbiji\/kultura\/etno-naslede\/"},{"@type":"ListItem","position":5,"name":"Narodna igra"}]},{"@type":"WebSite","@id":"https:\/\/serbia.com\/#website","url":"https:\/\/serbia.com\/","name":"Serbia.com","description":"Your Gateway to Serbia","potentialAction":[{"@type":"SearchAction","target":{"@type":"EntryPoint","urlTemplate":"https:\/\/serbia.com\/?s={search_term_string}"},"query-input":{"@type":"PropertyValueSpecification","valueRequired":true,"valueName":"search_term_string"}}],"inLanguage":"srpski"}]}},"brizy_media":[],"_links":{"self":[{"href":"https:\/\/serbia.com\/srpski\/wp-json\/wp\/v2\/pages\/34088","targetHints":{"allow":["GET"]}}],"collection":[{"href":"https:\/\/serbia.com\/srpski\/wp-json\/wp\/v2\/pages"}],"about":[{"href":"https:\/\/serbia.com\/srpski\/wp-json\/wp\/v2\/types\/page"}],"author":[{"embeddable":true,"href":"https:\/\/serbia.com\/srpski\/wp-json\/wp\/v2\/users\/27"}],"replies":[{"embeddable":true,"href":"https:\/\/serbia.com\/srpski\/wp-json\/wp\/v2\/comments?post=34088"}],"version-history":[{"count":2,"href":"https:\/\/serbia.com\/srpski\/wp-json\/wp\/v2\/pages\/34088\/revisions"}],"predecessor-version":[{"id":54661,"href":"https:\/\/serbia.com\/srpski\/wp-json\/wp\/v2\/pages\/34088\/revisions\/54661"}],"up":[{"embeddable":true,"href":"https:\/\/serbia.com\/srpski\/wp-json\/wp\/v2\/pages\/20162"}],"wp:featuredmedia":[{"embeddable":true,"href":"https:\/\/serbia.com\/srpski\/wp-json\/wp\/v2\/media\/34082"}],"wp:attachment":[{"href":"https:\/\/serbia.com\/srpski\/wp-json\/wp\/v2\/media?parent=34088"}],"wp:term":[{"taxonomy":"category","embeddable":true,"href":"https:\/\/serbia.com\/srpski\/wp-json\/wp\/v2\/categories?post=34088"},{"taxonomy":"post_tag","embeddable":true,"href":"https:\/\/serbia.com\/srpski\/wp-json\/wp\/v2\/tags?post=34088"}],"curies":[{"name":"wp","href":"https:\/\/api.w.org\/{rel}","templated":true}]}}