{"id":34075,"date":"2015-06-23T13:23:00","date_gmt":"2015-06-23T11:23:00","guid":{"rendered":"http:\/\/www.serbia.com\/?page_id=34075"},"modified":"2025-12-03T12:20:45","modified_gmt":"2025-12-03T11:20:45","slug":"34075-2","status":"publish","type":"page","link":"https:\/\/serbia.com\/srpski\/o-srbiji\/kultura\/etno-naslede\/34075-2\/","title":{"rendered":"Narodna no\u0161nja"},"content":{"rendered":"<h4 style=\"text-align: justify;\">Narodna no\u0161nja, nekada svakodnevna ode\u0107a, glavna je oznaka etni\u010dke pripadnosti kojom su se Srbi razlikovali od stranaca i mo\u0107nih osvaja\u010da<\/h4>\n<p style=\"text-align: justify;\">Srpska narodna no\u0161nja zauzima istaknuto mesto u <a href=\"http:\/\/www.serbia.com\/srpski\/o-srbiji\/kultura\/\">kulturi<\/a> i tradiciji srpskog naroda. Njena uloga kroz <a title=\"Ku\u0107a na razme\u0111i\" href=\"http:\/\/serbia.com\/srpski\/kuca-na-razmedi-2\/\">istoriju<\/a> je veoma bitna kao simbol etni\u010dkog identiteta, a isti\u010de se i po likovnim i estetskim vrednostima. Do danas su uglavnom sa\u010duvane odevne celine iz 19. i prve decenije 20. veka, sa raznolikim oblicima i ukrasima kako u \u017eenskim, tako i u mu\u0161kim no\u0161njama.<\/p>\n<p style=\"text-align: justify;\">Svaku oblast koju su nastanjivali Srbi kroz istoriju, karakterisala je posebna narodna no\u0161nja. Po na\u010dinu odevanja prepoznavalo se ne samo odakle je ko nego, naro\u010dito u me\u0161ovitim etni\u010dkim sredinama, i kojoj etni\u010dkoj, odnosno nacionalnoj zajednici pripada.<\/p>\n<p style=\"text-align: justify;\">U svom istorijskom razvoju, narodna no\u0161nja je imala vi\u0161estruka zna\u010denja u \u017eivotu naroda, ali su raznovrsne no\u0161nje bile izlo\u017eene i mnogobrojnim uticajima izme\u0111u razli\u010ditih etnosa. Tako su, osim obele\u017eja vremena u kome su rukotvorene i no\u0161ene, u njima sadr\u017eani i drugi elementi iz proteklih vremena.<\/p>\n<p style=\"text-align: justify;\"><img loading=\"lazy\" decoding=\"async\" class=\"alignleft wp-image-34133 size-full\" src=\"http:\/\/www.serbia.com\/wp-content\/uploads\/2015\/06\/narodna-nosnja.jpg\" alt=\"narodna nosnja\" width=\"529\" height=\"431\" srcset=\"https:\/\/serbia.com\/wp-content\/uploads\/2015\/06\/narodna-nosnja.jpg 529w, https:\/\/serbia.com\/wp-content\/uploads\/2015\/06\/narodna-nosnja-300x244.jpg 300w\" sizes=\"(max-width: 529px) 100vw, 529px\" \/><\/p>\n<p style=\"text-align: justify;\">Na formiranje odevnih osobina, pored kulturno-istorijskih \u010dinilaca, znatno su uticali priroda tla i klimatski uslovi koji su pru\u017eali odre\u0111ene pogodnosti za razvoj jednog ili vi\u0161e na\u010dina privre\u0111ivanja, \u010diji su proizvodi \u010dinili osnov \u017eivota i svih prate\u0107ih elemenata.<\/p>\n<p style=\"text-align: justify;\">Prema ustaljenoj podeli rada, osim pojedinih odevnih oblika i nakita koji su bili proizvod zanatlija, ode\u0107u su gotovo u potpunosti rukotvorile \u017eene za svoje uku\u0107ane.<\/p>\n<p style=\"text-align: justify;\">Njihov posao obuhvatao je radove oko gajenja i obrade tekstilnih sirovina, bojenje, tkanje platnenih i vunenih tkanina, pletenje, krojenje, \u0161ivenje, ukra\u0161avanje vezom, \u010dipkom i drugim apliciranim ukrasima. Iskustvo i ume\u0107e prenosilo se sa starijih na mla\u0111e, s kolena na koleno, a narodnja no\u0161nja je vremenom postajala za\u0161titni znak srpske tradicije.<\/p>\n<p style=\"text-align: justify;\">Delovi ode\u0107e koji se nosili u 19. veku u Srbiji, a danas su uglavnom deo <a href=\"http:\/\/www.serbia.com\/srpski\/folklor-vekovna-narodna-umetnost-2\/\">folklornih igara<\/a> i nastupa su: <em>\u0161ajka\u010da<\/em>, <em>anterija, zubun, tkanica (vrsta pojasa), \u010dak\u0161ire, dolama, d\u017eemadan, jelek, libada, fistan, \u0161alvare, \u010darape i opanci.<\/em><\/p>\n<p style=\"text-align: justify;\">Opanak, koji je vremenom postao jedan od simbola Srbije i \u010dest <a title=\"Suveniri iz Srbije, poklon od srca\" href=\"http:\/\/serbia.com\/srpski\/suveniri-iz-srbije-poklon-od-srca\/\">suvenir<\/a> koji turisti sa sobom ponesu odavde, predstavlja tradicionalnu obu\u0107u kori\u0161\u0107enu u srednjovekovnoj Srbiji.<\/p>\n<p style=\"text-align: justify;\">Izra\u0111uje se od ko\u017ee, bez mnogo vezica ili pertli, dugo traje, \u0161iljatog je oblika, koji se zavr\u0161ava na prstima. Oblik \u0161iljatog zavr\u0161etka opanka ozna\u010dava deo Srbije iz koga poti\u010de, a naziv datira od rumunske re\u010di \u201capinci\u201d.<\/p>\n<p style=\"text-align: justify;\">Po ulozi u svakodnevnom \u017eivotu i zna\u010denju etni\u010dkog identiteta, kao i po likovnim i estetskim vrednostima, narodna no\u0161nja i sve njene varijante poznate su uglavnom na osnovu sa\u010duvanih odevnih celina iz 19. i po\u010detka 20. veka.<\/p>\n<p style=\"text-align: justify;\">Ode\u0107a je pokazivala i razliku izme\u0111u gradskog i seoskog stanovni\u0161tva, pa se tako gra\u0111anska ode\u0107a razvijala pod tursko-orijentalnim, ali i pod evropskim uticajima, dok su seoske no\u0161nje bile prete\u017eno proizvod doma\u0107e, ku\u0107ne i seoske radinosti.<\/p>\n<p><strong>Ukoliko \u017eelite da imate deo srpske tradicionalne no\u0161nje uvek sa sobom ili ga poklonite nekoj dragoj osobi, kliknite <a href=\"https:\/\/www.malasrpskaprodavnica.com\/user\/narodne-nosnje\/4_231_1_0_0\/category?utm_source=www.malasrpskaprodavnica.com\">ovde<\/a>. <\/strong><\/p>\n","protected":false},"excerpt":{"rendered":"<p>Narodna no\u0161nja, nekada svakodnevna ode\u0107a, glavna je oznaka etni\u010dke pripadnosti kojom su se Srbi razlikovali od stranaca i mo\u0107nih osvaja\u010da Srpska narodna no\u0161nja zauzima istaknuto mesto u kulturi i tradiciji [&hellip;]<\/p>\n","protected":false},"author":27,"featured_media":34073,"parent":20162,"menu_order":0,"comment_status":"closed","ping_status":"closed","template":"","meta":{"_acf_changed":false,"inline_featured_image":false,"_monsterinsights_skip_tracking":false,"_monsterinsights_sitenote_active":false,"_monsterinsights_sitenote_note":"","_monsterinsights_sitenote_category":0,"footnotes":""},"categories":[973,3352],"tags":[],"class_list":["post-34075","page","type-page","status-publish","has-post-thumbnail","hentry","category-etno-nasledje","category-nematerijalno-kulturno-naslede"],"acf":[],"yoast_head":"<!-- This site is optimized with the Yoast SEO plugin v23.8 - https:\/\/yoast.com\/wordpress\/plugins\/seo\/ -->\n<title>Narodna no\u0161nja - Serbia.com<\/title>\n<meta name=\"robots\" content=\"index, follow, max-snippet:-1, max-image-preview:large, max-video-preview:-1\" \/>\n<link rel=\"canonical\" href=\"https:\/\/serbia.com\/srpski\/o-srbiji\/kultura\/etno-naslede\/34075-2\/\" \/>\n<meta property=\"og:locale\" content=\"en_US\" \/>\n<meta property=\"og:type\" content=\"article\" \/>\n<meta property=\"og:title\" content=\"Narodna no\u0161nja - Serbia.com\" \/>\n<meta property=\"og:description\" content=\"Narodna no\u0161nja, nekada svakodnevna ode\u0107a, glavna je oznaka etni\u010dke pripadnosti kojom su se Srbi razlikovali od stranaca i mo\u0107nih osvaja\u010da Srpska narodna no\u0161nja zauzima istaknuto mesto u kulturi i tradiciji [&hellip;]\" \/>\n<meta property=\"og:url\" content=\"https:\/\/serbia.com\/srpski\/o-srbiji\/kultura\/etno-naslede\/34075-2\/\" \/>\n<meta property=\"og:site_name\" content=\"Serbia.com\" \/>\n<meta property=\"article:modified_time\" content=\"2025-12-03T11:20:45+00:00\" \/>\n<meta property=\"og:image\" content=\"https:\/\/serbia.com\/wp-content\/uploads\/2015\/06\/nosnja333.jpg\" \/>\n\t<meta property=\"og:image:width\" content=\"1556\" \/>\n\t<meta property=\"og:image:height\" content=\"781\" \/>\n\t<meta property=\"og:image:type\" content=\"image\/jpeg\" \/>\n<meta name=\"twitter:label1\" content=\"Est. reading time\" \/>\n\t<meta name=\"twitter:data1\" content=\"3 minutes\" \/>\n<script type=\"application\/ld+json\" class=\"yoast-schema-graph\">{\"@context\":\"https:\/\/schema.org\",\"@graph\":[{\"@type\":\"WebPage\",\"@id\":\"https:\/\/serbia.com\/srpski\/o-srbiji\/kultura\/etno-naslede\/34075-2\/\",\"url\":\"https:\/\/serbia.com\/srpski\/o-srbiji\/kultura\/etno-naslede\/34075-2\/\",\"name\":\"Narodna no\u0161nja - Serbia.com\",\"isPartOf\":{\"@id\":\"https:\/\/serbia.com\/#website\"},\"primaryImageOfPage\":{\"@id\":\"https:\/\/serbia.com\/srpski\/o-srbiji\/kultura\/etno-naslede\/34075-2\/#primaryimage\"},\"image\":{\"@id\":\"https:\/\/serbia.com\/srpski\/o-srbiji\/kultura\/etno-naslede\/34075-2\/#primaryimage\"},\"thumbnailUrl\":\"https:\/\/serbia.com\/wp-content\/uploads\/2015\/06\/nosnja333.jpg\",\"datePublished\":\"2015-06-23T11:23:00+00:00\",\"dateModified\":\"2025-12-03T11:20:45+00:00\",\"breadcrumb\":{\"@id\":\"https:\/\/serbia.com\/srpski\/o-srbiji\/kultura\/etno-naslede\/34075-2\/#breadcrumb\"},\"inLanguage\":\"srpski\",\"potentialAction\":[{\"@type\":\"ReadAction\",\"target\":[\"https:\/\/serbia.com\/srpski\/o-srbiji\/kultura\/etno-naslede\/34075-2\/\"]}]},{\"@type\":\"ImageObject\",\"inLanguage\":\"srpski\",\"@id\":\"https:\/\/serbia.com\/srpski\/o-srbiji\/kultura\/etno-naslede\/34075-2\/#primaryimage\",\"url\":\"https:\/\/serbia.com\/wp-content\/uploads\/2015\/06\/nosnja333.jpg\",\"contentUrl\":\"https:\/\/serbia.com\/wp-content\/uploads\/2015\/06\/nosnja333.jpg\",\"width\":1556,\"height\":781},{\"@type\":\"BreadcrumbList\",\"@id\":\"https:\/\/serbia.com\/srpski\/o-srbiji\/kultura\/etno-naslede\/34075-2\/#breadcrumb\",\"itemListElement\":[{\"@type\":\"ListItem\",\"position\":1,\"name\":\"Home\",\"item\":\"https:\/\/serbia.com\/srpski\/\"},{\"@type\":\"ListItem\",\"position\":2,\"name\":\"O Srbiji\",\"item\":\"https:\/\/serbia.com\/srpski\/o-srbiji\/\"},{\"@type\":\"ListItem\",\"position\":3,\"name\":\"Kultura\",\"item\":\"https:\/\/serbia.com\/srpski\/o-srbiji\/kultura\/\"},{\"@type\":\"ListItem\",\"position\":4,\"name\":\"Etno nasle\u0111e\",\"item\":\"https:\/\/serbia.com\/srpski\/o-srbiji\/kultura\/etno-naslede\/\"},{\"@type\":\"ListItem\",\"position\":5,\"name\":\"Narodna no\u0161nja\"}]},{\"@type\":\"WebSite\",\"@id\":\"https:\/\/serbia.com\/#website\",\"url\":\"https:\/\/serbia.com\/\",\"name\":\"Serbia.com\",\"description\":\"Your Gateway to Serbia\",\"potentialAction\":[{\"@type\":\"SearchAction\",\"target\":{\"@type\":\"EntryPoint\",\"urlTemplate\":\"https:\/\/serbia.com\/?s={search_term_string}\"},\"query-input\":{\"@type\":\"PropertyValueSpecification\",\"valueRequired\":true,\"valueName\":\"search_term_string\"}}],\"inLanguage\":\"srpski\"}]}<\/script>\n<!-- \/ Yoast SEO plugin. -->","yoast_head_json":{"title":"Narodna no\u0161nja - Serbia.com","robots":{"index":"index","follow":"follow","max-snippet":"max-snippet:-1","max-image-preview":"max-image-preview:large","max-video-preview":"max-video-preview:-1"},"canonical":"https:\/\/serbia.com\/srpski\/o-srbiji\/kultura\/etno-naslede\/34075-2\/","og_locale":"en_US","og_type":"article","og_title":"Narodna no\u0161nja - Serbia.com","og_description":"Narodna no\u0161nja, nekada svakodnevna ode\u0107a, glavna je oznaka etni\u010dke pripadnosti kojom su se Srbi razlikovali od stranaca i mo\u0107nih osvaja\u010da Srpska narodna no\u0161nja zauzima istaknuto mesto u kulturi i tradiciji [&hellip;]","og_url":"https:\/\/serbia.com\/srpski\/o-srbiji\/kultura\/etno-naslede\/34075-2\/","og_site_name":"Serbia.com","article_modified_time":"2025-12-03T11:20:45+00:00","og_image":[{"width":1556,"height":781,"url":"https:\/\/serbia.com\/wp-content\/uploads\/2015\/06\/nosnja333.jpg","type":"image\/jpeg"}],"twitter_misc":{"Est. reading time":"3 minutes"},"schema":{"@context":"https:\/\/schema.org","@graph":[{"@type":"WebPage","@id":"https:\/\/serbia.com\/srpski\/o-srbiji\/kultura\/etno-naslede\/34075-2\/","url":"https:\/\/serbia.com\/srpski\/o-srbiji\/kultura\/etno-naslede\/34075-2\/","name":"Narodna no\u0161nja - Serbia.com","isPartOf":{"@id":"https:\/\/serbia.com\/#website"},"primaryImageOfPage":{"@id":"https:\/\/serbia.com\/srpski\/o-srbiji\/kultura\/etno-naslede\/34075-2\/#primaryimage"},"image":{"@id":"https:\/\/serbia.com\/srpski\/o-srbiji\/kultura\/etno-naslede\/34075-2\/#primaryimage"},"thumbnailUrl":"https:\/\/serbia.com\/wp-content\/uploads\/2015\/06\/nosnja333.jpg","datePublished":"2015-06-23T11:23:00+00:00","dateModified":"2025-12-03T11:20:45+00:00","breadcrumb":{"@id":"https:\/\/serbia.com\/srpski\/o-srbiji\/kultura\/etno-naslede\/34075-2\/#breadcrumb"},"inLanguage":"srpski","potentialAction":[{"@type":"ReadAction","target":["https:\/\/serbia.com\/srpski\/o-srbiji\/kultura\/etno-naslede\/34075-2\/"]}]},{"@type":"ImageObject","inLanguage":"srpski","@id":"https:\/\/serbia.com\/srpski\/o-srbiji\/kultura\/etno-naslede\/34075-2\/#primaryimage","url":"https:\/\/serbia.com\/wp-content\/uploads\/2015\/06\/nosnja333.jpg","contentUrl":"https:\/\/serbia.com\/wp-content\/uploads\/2015\/06\/nosnja333.jpg","width":1556,"height":781},{"@type":"BreadcrumbList","@id":"https:\/\/serbia.com\/srpski\/o-srbiji\/kultura\/etno-naslede\/34075-2\/#breadcrumb","itemListElement":[{"@type":"ListItem","position":1,"name":"Home","item":"https:\/\/serbia.com\/srpski\/"},{"@type":"ListItem","position":2,"name":"O Srbiji","item":"https:\/\/serbia.com\/srpski\/o-srbiji\/"},{"@type":"ListItem","position":3,"name":"Kultura","item":"https:\/\/serbia.com\/srpski\/o-srbiji\/kultura\/"},{"@type":"ListItem","position":4,"name":"Etno nasle\u0111e","item":"https:\/\/serbia.com\/srpski\/o-srbiji\/kultura\/etno-naslede\/"},{"@type":"ListItem","position":5,"name":"Narodna no\u0161nja"}]},{"@type":"WebSite","@id":"https:\/\/serbia.com\/#website","url":"https:\/\/serbia.com\/","name":"Serbia.com","description":"Your Gateway to Serbia","potentialAction":[{"@type":"SearchAction","target":{"@type":"EntryPoint","urlTemplate":"https:\/\/serbia.com\/?s={search_term_string}"},"query-input":{"@type":"PropertyValueSpecification","valueRequired":true,"valueName":"search_term_string"}}],"inLanguage":"srpski"}]}},"_links":{"self":[{"href":"https:\/\/serbia.com\/srpski\/wp-json\/wp\/v2\/pages\/34075"}],"collection":[{"href":"https:\/\/serbia.com\/srpski\/wp-json\/wp\/v2\/pages"}],"about":[{"href":"https:\/\/serbia.com\/srpski\/wp-json\/wp\/v2\/types\/page"}],"author":[{"embeddable":true,"href":"https:\/\/serbia.com\/srpski\/wp-json\/wp\/v2\/users\/27"}],"replies":[{"embeddable":true,"href":"https:\/\/serbia.com\/srpski\/wp-json\/wp\/v2\/comments?post=34075"}],"version-history":[{"count":3,"href":"https:\/\/serbia.com\/srpski\/wp-json\/wp\/v2\/pages\/34075\/revisions"}],"predecessor-version":[{"id":64088,"href":"https:\/\/serbia.com\/srpski\/wp-json\/wp\/v2\/pages\/34075\/revisions\/64088"}],"up":[{"embeddable":true,"href":"https:\/\/serbia.com\/srpski\/wp-json\/wp\/v2\/pages\/20162"}],"wp:featuredmedia":[{"embeddable":true,"href":"https:\/\/serbia.com\/srpski\/wp-json\/wp\/v2\/media\/34073"}],"wp:attachment":[{"href":"https:\/\/serbia.com\/srpski\/wp-json\/wp\/v2\/media?parent=34075"}],"wp:term":[{"taxonomy":"category","embeddable":true,"href":"https:\/\/serbia.com\/srpski\/wp-json\/wp\/v2\/categories?post=34075"},{"taxonomy":"post_tag","embeddable":true,"href":"https:\/\/serbia.com\/srpski\/wp-json\/wp\/v2\/tags?post=34075"}],"curies":[{"name":"wp","href":"https:\/\/api.w.org\/{rel}","templated":true}]}}