{"id":34059,"date":"2015-06-23T12:45:23","date_gmt":"2015-06-23T10:45:23","guid":{"rendered":"http:\/\/www.serbia.com\/?page_id=34059"},"modified":"2024-06-04T16:15:51","modified_gmt":"2024-06-04T14:15:51","slug":"narodni-obicaji","status":"publish","type":"page","link":"https:\/\/serbia.com\/srpski\/o-srbiji\/kultura\/etno-naslede\/narodni-obicaji\/","title":{"rendered":"Narodni obi\u010daji"},"content":{"rendered":"<h2>Srpski obi\u010daji, pra\u0107eni stotinama godina starim ritualima i obredima, uz izvesne izmene i danas imaju gotovo istu snagu i va\u017enost.<\/h2>\n<p>Srpski narodni <strong>obi\u010daji<\/strong> <strong>poti\u010du iz davnih vremena i iz starih, prehri\u0161\u0107anskih verovanja<\/strong> koja su opstala do danas. Narodne obi\u010daje \u010desto prate razni obredi i rituali koji se izvode u odre\u0111enim prilikama i iz razli\u010ditih namera, uz verovanje da \u0107e to doneti pomo\u0107 i korist.<\/p>\n<p>Narodni obi\u010daji imaju razli\u010dite namene: To mogu biti za\u0161tita zdravlja uku\u0107ana, o\u010duvanje i uve\u0107anje poroda i imovine, prizivanje ki\u0161e, suzbijanje gradonosnih oblaka, pridobijanje voljene osobe, izle\u010denje bolesnika\u2026<strong> Obi\u010daji su vezani za odre\u0111ene doga\u0111aje, praznike, prilike i neprilike<\/strong> i u narodu su se dosta mno\u017eili, menjali i dopunjavali.<\/p>\n<p>Velike seobe naroda kroz vekove, osvaja\u010dki pohodi, brojni ratovi, i sve to pra\u0107eno voljnim ili nevoljnim me\u0161anjem naroda, u\u010dinili su da su se i narodi i njihovi obi\u010daji \u010desto me\u0161ali. Me\u0111utim, malo je naroda koji su tokom svoje istorije toliko puta bili primorani da se sele kao \u0161to je to bio slu\u010daj sa srpskim narodom. Od dolaska na Balkansko poluostrvo, pre mnogo vekova, pa sve do seoba u poslednjoj deceniji 20. veka, pritisnuti raznim nevoljama, Srbi su se selili sa svojih ognji\u0161ta, ali su sa sobom uvek nosili i svoje obi\u010daje.<\/p>\n","protected":false},"excerpt":{"rendered":"<p>Srpski obi\u010daji, pra\u0107eni stotinama godina starim ritualima i obredima, uz izvesne izmene i danas imaju gotovo istu snagu i va\u017enost. Srpski narodni obi\u010daji poti\u010du iz davnih vremena i iz starih, [&hellip;]<\/p>\n","protected":false},"author":27,"featured_media":16510,"parent":20162,"menu_order":0,"comment_status":"closed","ping_status":"closed","template":"","meta":{"_acf_changed":false,"inline_featured_image":false,"_monsterinsights_skip_tracking":false,"_monsterinsights_sitenote_active":false,"_monsterinsights_sitenote_note":"","_monsterinsights_sitenote_category":0,"footnotes":""},"categories":[973,975,3352],"tags":[],"class_list":["post-34059","page","type-page","status-publish","has-post-thumbnail","hentry","category-etno-nasledje","category-kultura-otkrijte-srbiju","category-nematerijalno-kulturno-naslede"],"acf":[],"brizy_media":[],"_links":{"self":[{"href":"https:\/\/serbia.com\/srpski\/wp-json\/wp\/v2\/pages\/34059","targetHints":{"allow":["GET"]}}],"collection":[{"href":"https:\/\/serbia.com\/srpski\/wp-json\/wp\/v2\/pages"}],"about":[{"href":"https:\/\/serbia.com\/srpski\/wp-json\/wp\/v2\/types\/page"}],"author":[{"embeddable":true,"href":"https:\/\/serbia.com\/srpski\/wp-json\/wp\/v2\/users\/27"}],"replies":[{"embeddable":true,"href":"https:\/\/serbia.com\/srpski\/wp-json\/wp\/v2\/comments?post=34059"}],"version-history":[{"count":1,"href":"https:\/\/serbia.com\/srpski\/wp-json\/wp\/v2\/pages\/34059\/revisions"}],"predecessor-version":[{"id":53250,"href":"https:\/\/serbia.com\/srpski\/wp-json\/wp\/v2\/pages\/34059\/revisions\/53250"}],"up":[{"embeddable":true,"href":"https:\/\/serbia.com\/srpski\/wp-json\/wp\/v2\/pages\/20162"}],"wp:featuredmedia":[{"embeddable":true,"href":"https:\/\/serbia.com\/srpski\/wp-json\/wp\/v2\/media\/16510"}],"wp:attachment":[{"href":"https:\/\/serbia.com\/srpski\/wp-json\/wp\/v2\/media?parent=34059"}],"wp:term":[{"taxonomy":"category","embeddable":true,"href":"https:\/\/serbia.com\/srpski\/wp-json\/wp\/v2\/categories?post=34059"},{"taxonomy":"post_tag","embeddable":true,"href":"https:\/\/serbia.com\/srpski\/wp-json\/wp\/v2\/tags?post=34059"}],"curies":[{"name":"wp","href":"https:\/\/api.w.org\/{rel}","templated":true}]}}