{"id":34018,"date":"2015-06-19T16:36:11","date_gmt":"2015-06-19T14:36:11","guid":{"rendered":"http:\/\/www.serbia.com\/?page_id=34018"},"modified":"2024-06-05T11:01:48","modified_gmt":"2024-06-05T09:01:48","slug":"nematerijalno-kulturno-naslede-kao-cuvar-srpskog-identiteta","status":"publish","type":"page","link":"https:\/\/serbia.com\/srpski\/o-srbiji\/kultura\/nematerijalno-kulturno-nasledje-srbije\/nematerijalno-kulturno-naslede-kao-cuvar-srpskog-identiteta\/","title":{"rendered":"Nematerijalno kulturno nasle\u0111e kao \u010duvar srpskog identiteta"},"content":{"rendered":"<h2 style=\"text-align: justify;\">Projekat &#8220;Nematerijalno kulturno nasle\u0111e kao \u010duvar srpskog identiteta&#8221; realizovan je u saradnji sa Ministarstvom spoljnih poslova i Upravom za saradnju s dijasporom i Srbima u regionu.<\/h2>\n<p style=\"text-align: justify;\">Kroz dvadeset i sedam tekstova detaljno \u0107e se obraditi svaki element iz Nacionalnog registra. Poseban akcenat u ovim tekstovima stavljen je na nastavljanje i \u010duvanje nematerijalnog kulturnog nasle\u0111a, i kada se napusti dr\u017eava matica.<\/p>\n<p style=\"text-align: justify;\">Odr\u017eavanjem \u201c\u017eive kulturne\u201d ba\u0161tine bilo gde u svetu, stvara se ose\u0107aj identiteta, kontinuiteta i posebnosti koje \u010dine jedan narod. Isticanjem kohezivne i mobilizatorske spone koju \u010duvanje, preno\u0161enje i praktikovanje srpske tradicije kao dela nematerijalne kulturne ba\u0161tine ima, ja\u010da se i veza izme\u0111u mati\u010dne dr\u017eave i dijaspore.<\/p>\n<p style=\"text-align: justify;\">Zna\u010daj starih zanata, <a title=\"Obi\u010daji u Srbiji: rituali od pre Hrista\" href=\"http:\/\/www.serbia.com\/srpski\/etno-naslede-srbije-rituali-od-pre-hrista\/\">obi\u010daja<\/a> koji se odavnina neguju i <a title=\"Festivali i manifestacije\" href=\"http:\/\/www.serbia.com\/srpski\/posetite-srbiju\/sta-raditi\/festivali-i-manifestacije\/\">manifestacija<\/a> kojima se \u010duva <a title=\"Istorija\" href=\"http:\/\/www.serbia.com\/srpski\/o-srbiji\/istorija\/\">istorija<\/a>, <a title=\"Kultura\" href=\"http:\/\/www.serbia.com\/srpski\/o-srbiji\/kultura\/\">kultura<\/a> i tradicija, ozvani\u010den je 18. juna 2012. godine kada je usvojena Lista elemenata nematerijalnog kulturnog nasle\u0111a Republike Srbije. Na Listi se trenutno nalazi dvadeset i sedam elemenata, a u budu\u0107nosti se o\u010dekuje usvajanje novih.<\/p>\n<blockquote><p>Nacionalni registar Republike Srbije: <a title=\"Krsna slava kao \u010duvar srpskog identiteta\" href=\"http:\/\/www.serbia.com\/srpski\/krsna-slava-kao-cuvar-srpskog-identiteta\/\">Krsna slava<\/a>, <a href=\"http:\/\/www.serbia.com\/srpski\/o-srbiji\/kultura\/nematerijalno-kulturno-nasledje-srbije\/nematerijalno-kulturno-naslede-kao-cuvar-srpskog-identiteta\/molitva-durdevdanski-obred\/\">Molitva, \u0111ur\u0111evdanski obred<\/a>, <a title=\"Belmu\u017e kao \u010duvar srpskog identiteta\" href=\"http:\/\/www.serbia.com\/srpski\/belmuz-kao-cuvar-srpskog-identiteta\/\">Belmu\u017e<\/a>, <a href=\"http:\/\/www.serbia.com\/srpski\/o-srbiji\/kultura\/nematerijalno-kulturno-nasledje-srbije\/nematerijalno-kulturno-naslede-kao-cuvar-srpskog-identiteta\/obicaj-izlivanja-i-paljenja-ratarskih-sveca\/\">Obi\u010daji zlivanja i paljenja ratarskih sve\u0107a<\/a>, <a title=\"Pirotski ka\u010dkavalj kao \u010duvar srpskog identiteta\" href=\"http:\/\/www.serbia.com\/srpski\/pirotski-kackavalj-kao-cuvar-srpskog-identiteta\/\">Izrada pirotskog ka\u010dkavalj<\/a>a, <a title=\"Tragovima pirotskog \u0107ilimarstva\" href=\"http:\/\/www.serbia.com\/srpski\/tragovima-pirotskog-cilimarstva\/\">Pirotsko \u0107ilimarstvo<\/a>, <a title=\"Tragovima filigrantskog zanata\" href=\"http:\/\/www.serbia.com\/srpski\/tragovima-filingranskog-zanata\/\">Filigranski zanat<\/a>, Klesarski zanat, <a title=\"Tragovima novopazarskih mantija\" href=\"http:\/\/www.serbia.com\/srpski\/tragovima-novopazarskih-mantija\/\">Pazarske mantije<\/a>, <a title=\"Zlakuska lon\u010darija kao \u010duvar srpskog identiteta\" href=\"http:\/\/www.serbia.com\/srpski\/zlakuska-loncarija-kao-cuvar-srpskog-identiteta\/\">Zlakuska lon\u010darija<\/a>, Kosovski vez, Pevanje uz gusle, Groktalica, Pevanje iz vika, <a href=\"http:\/\/www.serbia.com\/srpski\/erski-humor-kao-cuvar-srpskog-identiteta\/\">Erski humor<\/a>, Kolo, kolo u tri, kolo u \u0161est, Rumenka,\u00a0<a href=\"http:\/\/www.serbia.com\/srpski\/sviranje-na-gajdama\/\">Sviranje na gajdama<\/a>, <a href=\"http:\/\/www.serbia.com\/srpski\/o-srbiji\/kultura\/nematerijalno-kulturno-nasledje-srbije\/nematerijalno-kulturno-naslede-kao-cuvar-srpskog-identiteta\/frulaska-praksa\/\">Frula\u0161ka praksa<\/a>, Sviranje na kavalu, <a title=\"Tragovima naivnog slikarstva Slovaka\" href=\"http:\/\/www.serbia.com\/srpski\/tragovima-naivnog-slikarstva-slovaka\/\">Naivno slikarstvo Slovaka<\/a>, Lazarice u Sirini\u0107koj \u017eupi, <a title=\"Izrada drvenih \u010durura u selu Pilica\" href=\"http:\/\/www.serbia.com\/srpski\/izrada-drvenih-curura-u-selu-pilica\/\">Izrada drvenih \u010dutura u selu Pilica<\/a>, <a title=\"Tragovima Vukovog sabora\" href=\"http:\/\/www.serbia.com\/srpski\/tragovima-vukovog-sabora\/\">Vukov sabor<\/a>, <a title=\"Tragovima ojka\u010de\" href=\"http:\/\/www.serbia.com\/srpski\/tragovima-ojkace\/\">Ojka\u010da<\/a>, <a href=\"http:\/\/www.serbia.com\/srpski\/vranjska-gradska-pesma\/\">\u201eVranjska gradska pesma\u201c<\/a>, <a href=\"http:\/\/www.serbia.com\/srpski\/o-srbiji\/kultura\/nematerijalno-kulturno-nasledje-srbije\/nematerijalno-kulturno-naslede-kao-cuvar-srpskog-identiteta\/cuvanje-hristovog-groba\/\">\u010cuvanje Hristovog Groba<\/a>.<\/p><\/blockquote>\n<p style=\"text-align: justify;\">Kulturna raznolikost, multikonfensionalnost ali i duga\u010dka tradicija odr\u017eavanja autenti\u010dne kulturne ba\u0161tine, iznedrili su specifi\u010dno nematerijalno nale\u0111e koje Srbija danas ima. Kroz manifestacije, stare zanate, rituale i umetnost, u Srbiji se ovo nasle\u0111e i danas odr\u017eava i \u010duva, ali u znatno manjoj meri. Nedovoljno dobra prezentacija i promocija, lo\u0161i uslovi za rad, ali i malo interesovanje ljudi, u\u010dinili su da se nematerijalno kulturno nasle\u0111e poslednjih godina na\u0111e na dru\u0161tvenoj margini.<\/p>\n<p style=\"text-align: justify;\">Upoznavanje doma\u0107e i strane javnosti sa radom, trudom, posve\u0107eno\u0161\u0107u, ali i preprekama sa kojima se ljudi koji neguju nematerijalno kultuno nasle\u0111e danas susre\u0107u, va\u017ean je korak ka o\u010duvanju autenti\u010dne kulturne ba\u0161tine. Samo razumevanjem, praktikovanjem, promocijom i preno\u0161enjem znanja sa generacije na generaciju, nematrijalno kulturno nasle\u0111e mo\u017ee da opstane i da se o\u010duva u budu\u0107nosti.<\/p>\n","protected":false},"excerpt":{"rendered":"<p>Projekat &#8220;Nematerijalno kulturno nasle\u0111e kao \u010duvar srpskog identiteta&#8221; realizovan je u saradnji sa Ministarstvom spoljnih poslova i Upravom za saradnju s dijasporom i Srbima u regionu. Kroz dvadeset i sedam [&hellip;]<\/p>\n","protected":false},"author":27,"featured_media":35210,"parent":29499,"menu_order":0,"comment_status":"closed","ping_status":"closed","template":"","meta":{"_acf_changed":false,"inline_featured_image":false,"_monsterinsights_skip_tracking":false,"_monsterinsights_sitenote_active":false,"_monsterinsights_sitenote_note":"","_monsterinsights_sitenote_category":0,"footnotes":""},"categories":[3352],"tags":[],"class_list":["post-34018","page","type-page","status-publish","has-post-thumbnail","hentry","category-nematerijalno-kulturno-naslede"],"acf":[],"yoast_head":"<!-- This site is optimized with the Yoast SEO plugin v23.8 - https:\/\/yoast.com\/wordpress\/plugins\/seo\/ -->\n<title>Nematerijalno kulturno nasle\u0111e kao \u010duvar srpskog identiteta - Serbia.com<\/title>\n<meta name=\"robots\" content=\"index, follow, max-snippet:-1, max-image-preview:large, max-video-preview:-1\" \/>\n<link rel=\"canonical\" href=\"https:\/\/serbia.com\/srpski\/o-srbiji\/kultura\/nematerijalno-kulturno-nasledje-srbije\/nematerijalno-kulturno-naslede-kao-cuvar-srpskog-identiteta\/\" \/>\n<meta property=\"og:locale\" content=\"en_US\" \/>\n<meta property=\"og:type\" content=\"article\" \/>\n<meta property=\"og:title\" content=\"Nematerijalno kulturno nasle\u0111e kao \u010duvar srpskog identiteta - Serbia.com\" \/>\n<meta property=\"og:description\" content=\"Projekat &#8220;Nematerijalno kulturno nasle\u0111e kao \u010duvar srpskog identiteta&#8221; realizovan je u saradnji sa Ministarstvom spoljnih poslova i Upravom za saradnju s dijasporom i Srbima u regionu. Kroz dvadeset i sedam [&hellip;]\" \/>\n<meta property=\"og:url\" content=\"https:\/\/serbia.com\/srpski\/o-srbiji\/kultura\/nematerijalno-kulturno-nasledje-srbije\/nematerijalno-kulturno-naslede-kao-cuvar-srpskog-identiteta\/\" \/>\n<meta property=\"og:site_name\" content=\"Serbia.com\" \/>\n<meta property=\"article:modified_time\" content=\"2024-06-05T09:01:48+00:00\" \/>\n<meta property=\"og:image\" content=\"https:\/\/serbia.com\/wp-content\/uploads\/2015\/07\/PicMonkey-Collage-ssssss.jpg\" \/>\n\t<meta property=\"og:image:width\" content=\"1600\" \/>\n\t<meta property=\"og:image:height\" content=\"385\" \/>\n\t<meta property=\"og:image:type\" content=\"image\/jpeg\" \/>\n<meta name=\"twitter:label1\" content=\"Est. reading time\" \/>\n\t<meta name=\"twitter:data1\" content=\"2 minutes\" \/>\n<script type=\"application\/ld+json\" class=\"yoast-schema-graph\">{\"@context\":\"https:\/\/schema.org\",\"@graph\":[{\"@type\":\"WebPage\",\"@id\":\"https:\/\/serbia.com\/srpski\/o-srbiji\/kultura\/nematerijalno-kulturno-nasledje-srbije\/nematerijalno-kulturno-naslede-kao-cuvar-srpskog-identiteta\/\",\"url\":\"https:\/\/serbia.com\/srpski\/o-srbiji\/kultura\/nematerijalno-kulturno-nasledje-srbije\/nematerijalno-kulturno-naslede-kao-cuvar-srpskog-identiteta\/\",\"name\":\"Nematerijalno kulturno nasle\u0111e kao \u010duvar srpskog identiteta - Serbia.com\",\"isPartOf\":{\"@id\":\"https:\/\/serbia.com\/#website\"},\"primaryImageOfPage\":{\"@id\":\"https:\/\/serbia.com\/srpski\/o-srbiji\/kultura\/nematerijalno-kulturno-nasledje-srbije\/nematerijalno-kulturno-naslede-kao-cuvar-srpskog-identiteta\/#primaryimage\"},\"image\":{\"@id\":\"https:\/\/serbia.com\/srpski\/o-srbiji\/kultura\/nematerijalno-kulturno-nasledje-srbije\/nematerijalno-kulturno-naslede-kao-cuvar-srpskog-identiteta\/#primaryimage\"},\"thumbnailUrl\":\"https:\/\/serbia.com\/wp-content\/uploads\/2015\/07\/PicMonkey-Collage-ssssss.jpg\",\"datePublished\":\"2015-06-19T14:36:11+00:00\",\"dateModified\":\"2024-06-05T09:01:48+00:00\",\"breadcrumb\":{\"@id\":\"https:\/\/serbia.com\/srpski\/o-srbiji\/kultura\/nematerijalno-kulturno-nasledje-srbije\/nematerijalno-kulturno-naslede-kao-cuvar-srpskog-identiteta\/#breadcrumb\"},\"inLanguage\":\"srpski\",\"potentialAction\":[{\"@type\":\"ReadAction\",\"target\":[\"https:\/\/serbia.com\/srpski\/o-srbiji\/kultura\/nematerijalno-kulturno-nasledje-srbije\/nematerijalno-kulturno-naslede-kao-cuvar-srpskog-identiteta\/\"]}]},{\"@type\":\"ImageObject\",\"inLanguage\":\"srpski\",\"@id\":\"https:\/\/serbia.com\/srpski\/o-srbiji\/kultura\/nematerijalno-kulturno-nasledje-srbije\/nematerijalno-kulturno-naslede-kao-cuvar-srpskog-identiteta\/#primaryimage\",\"url\":\"https:\/\/serbia.com\/wp-content\/uploads\/2015\/07\/PicMonkey-Collage-ssssss.jpg\",\"contentUrl\":\"https:\/\/serbia.com\/wp-content\/uploads\/2015\/07\/PicMonkey-Collage-ssssss.jpg\",\"width\":1600,\"height\":385},{\"@type\":\"BreadcrumbList\",\"@id\":\"https:\/\/serbia.com\/srpski\/o-srbiji\/kultura\/nematerijalno-kulturno-nasledje-srbije\/nematerijalno-kulturno-naslede-kao-cuvar-srpskog-identiteta\/#breadcrumb\",\"itemListElement\":[{\"@type\":\"ListItem\",\"position\":1,\"name\":\"Home\",\"item\":\"https:\/\/serbia.com\/srpski\/\"},{\"@type\":\"ListItem\",\"position\":2,\"name\":\"O Srbiji\",\"item\":\"https:\/\/serbia.com\/srpski\/o-srbiji\/\"},{\"@type\":\"ListItem\",\"position\":3,\"name\":\"Kultura\",\"item\":\"https:\/\/serbia.com\/srpski\/o-srbiji\/kultura\/\"},{\"@type\":\"ListItem\",\"position\":4,\"name\":\"Nematerijalno kulturno nasle\u0111e Srbije\",\"item\":\"https:\/\/serbia.com\/srpski\/o-srbiji\/kultura\/nematerijalno-kulturno-nasledje-srbije\/\"},{\"@type\":\"ListItem\",\"position\":5,\"name\":\"Nematerijalno kulturno nasle\u0111e kao \u010duvar srpskog identiteta\"}]},{\"@type\":\"WebSite\",\"@id\":\"https:\/\/serbia.com\/#website\",\"url\":\"https:\/\/serbia.com\/\",\"name\":\"Serbia.com\",\"description\":\"Your Gateway to Serbia\",\"potentialAction\":[{\"@type\":\"SearchAction\",\"target\":{\"@type\":\"EntryPoint\",\"urlTemplate\":\"https:\/\/serbia.com\/?s={search_term_string}\"},\"query-input\":{\"@type\":\"PropertyValueSpecification\",\"valueRequired\":true,\"valueName\":\"search_term_string\"}}],\"inLanguage\":\"srpski\"}]}<\/script>\n<!-- \/ Yoast SEO plugin. -->","yoast_head_json":{"title":"Nematerijalno kulturno nasle\u0111e kao \u010duvar srpskog identiteta - Serbia.com","robots":{"index":"index","follow":"follow","max-snippet":"max-snippet:-1","max-image-preview":"max-image-preview:large","max-video-preview":"max-video-preview:-1"},"canonical":"https:\/\/serbia.com\/srpski\/o-srbiji\/kultura\/nematerijalno-kulturno-nasledje-srbije\/nematerijalno-kulturno-naslede-kao-cuvar-srpskog-identiteta\/","og_locale":"en_US","og_type":"article","og_title":"Nematerijalno kulturno nasle\u0111e kao \u010duvar srpskog identiteta - Serbia.com","og_description":"Projekat &#8220;Nematerijalno kulturno nasle\u0111e kao \u010duvar srpskog identiteta&#8221; realizovan je u saradnji sa Ministarstvom spoljnih poslova i Upravom za saradnju s dijasporom i Srbima u regionu. Kroz dvadeset i sedam [&hellip;]","og_url":"https:\/\/serbia.com\/srpski\/o-srbiji\/kultura\/nematerijalno-kulturno-nasledje-srbije\/nematerijalno-kulturno-naslede-kao-cuvar-srpskog-identiteta\/","og_site_name":"Serbia.com","article_modified_time":"2024-06-05T09:01:48+00:00","og_image":[{"width":1600,"height":385,"url":"https:\/\/serbia.com\/wp-content\/uploads\/2015\/07\/PicMonkey-Collage-ssssss.jpg","type":"image\/jpeg"}],"twitter_misc":{"Est. reading time":"2 minutes"},"schema":{"@context":"https:\/\/schema.org","@graph":[{"@type":"WebPage","@id":"https:\/\/serbia.com\/srpski\/o-srbiji\/kultura\/nematerijalno-kulturno-nasledje-srbije\/nematerijalno-kulturno-naslede-kao-cuvar-srpskog-identiteta\/","url":"https:\/\/serbia.com\/srpski\/o-srbiji\/kultura\/nematerijalno-kulturno-nasledje-srbije\/nematerijalno-kulturno-naslede-kao-cuvar-srpskog-identiteta\/","name":"Nematerijalno kulturno nasle\u0111e kao \u010duvar srpskog identiteta - Serbia.com","isPartOf":{"@id":"https:\/\/serbia.com\/#website"},"primaryImageOfPage":{"@id":"https:\/\/serbia.com\/srpski\/o-srbiji\/kultura\/nematerijalno-kulturno-nasledje-srbije\/nematerijalno-kulturno-naslede-kao-cuvar-srpskog-identiteta\/#primaryimage"},"image":{"@id":"https:\/\/serbia.com\/srpski\/o-srbiji\/kultura\/nematerijalno-kulturno-nasledje-srbije\/nematerijalno-kulturno-naslede-kao-cuvar-srpskog-identiteta\/#primaryimage"},"thumbnailUrl":"https:\/\/serbia.com\/wp-content\/uploads\/2015\/07\/PicMonkey-Collage-ssssss.jpg","datePublished":"2015-06-19T14:36:11+00:00","dateModified":"2024-06-05T09:01:48+00:00","breadcrumb":{"@id":"https:\/\/serbia.com\/srpski\/o-srbiji\/kultura\/nematerijalno-kulturno-nasledje-srbije\/nematerijalno-kulturno-naslede-kao-cuvar-srpskog-identiteta\/#breadcrumb"},"inLanguage":"srpski","potentialAction":[{"@type":"ReadAction","target":["https:\/\/serbia.com\/srpski\/o-srbiji\/kultura\/nematerijalno-kulturno-nasledje-srbije\/nematerijalno-kulturno-naslede-kao-cuvar-srpskog-identiteta\/"]}]},{"@type":"ImageObject","inLanguage":"srpski","@id":"https:\/\/serbia.com\/srpski\/o-srbiji\/kultura\/nematerijalno-kulturno-nasledje-srbije\/nematerijalno-kulturno-naslede-kao-cuvar-srpskog-identiteta\/#primaryimage","url":"https:\/\/serbia.com\/wp-content\/uploads\/2015\/07\/PicMonkey-Collage-ssssss.jpg","contentUrl":"https:\/\/serbia.com\/wp-content\/uploads\/2015\/07\/PicMonkey-Collage-ssssss.jpg","width":1600,"height":385},{"@type":"BreadcrumbList","@id":"https:\/\/serbia.com\/srpski\/o-srbiji\/kultura\/nematerijalno-kulturno-nasledje-srbije\/nematerijalno-kulturno-naslede-kao-cuvar-srpskog-identiteta\/#breadcrumb","itemListElement":[{"@type":"ListItem","position":1,"name":"Home","item":"https:\/\/serbia.com\/srpski\/"},{"@type":"ListItem","position":2,"name":"O Srbiji","item":"https:\/\/serbia.com\/srpski\/o-srbiji\/"},{"@type":"ListItem","position":3,"name":"Kultura","item":"https:\/\/serbia.com\/srpski\/o-srbiji\/kultura\/"},{"@type":"ListItem","position":4,"name":"Nematerijalno kulturno nasle\u0111e Srbije","item":"https:\/\/serbia.com\/srpski\/o-srbiji\/kultura\/nematerijalno-kulturno-nasledje-srbije\/"},{"@type":"ListItem","position":5,"name":"Nematerijalno kulturno nasle\u0111e kao \u010duvar srpskog identiteta"}]},{"@type":"WebSite","@id":"https:\/\/serbia.com\/#website","url":"https:\/\/serbia.com\/","name":"Serbia.com","description":"Your Gateway to Serbia","potentialAction":[{"@type":"SearchAction","target":{"@type":"EntryPoint","urlTemplate":"https:\/\/serbia.com\/?s={search_term_string}"},"query-input":{"@type":"PropertyValueSpecification","valueRequired":true,"valueName":"search_term_string"}}],"inLanguage":"srpski"}]}},"_links":{"self":[{"href":"https:\/\/serbia.com\/srpski\/wp-json\/wp\/v2\/pages\/34018"}],"collection":[{"href":"https:\/\/serbia.com\/srpski\/wp-json\/wp\/v2\/pages"}],"about":[{"href":"https:\/\/serbia.com\/srpski\/wp-json\/wp\/v2\/types\/page"}],"author":[{"embeddable":true,"href":"https:\/\/serbia.com\/srpski\/wp-json\/wp\/v2\/users\/27"}],"replies":[{"embeddable":true,"href":"https:\/\/serbia.com\/srpski\/wp-json\/wp\/v2\/comments?post=34018"}],"version-history":[{"count":1,"href":"https:\/\/serbia.com\/srpski\/wp-json\/wp\/v2\/pages\/34018\/revisions"}],"predecessor-version":[{"id":53258,"href":"https:\/\/serbia.com\/srpski\/wp-json\/wp\/v2\/pages\/34018\/revisions\/53258"}],"up":[{"embeddable":true,"href":"https:\/\/serbia.com\/srpski\/wp-json\/wp\/v2\/pages\/29499"}],"wp:featuredmedia":[{"embeddable":true,"href":"https:\/\/serbia.com\/srpski\/wp-json\/wp\/v2\/media\/35210"}],"wp:attachment":[{"href":"https:\/\/serbia.com\/srpski\/wp-json\/wp\/v2\/media?parent=34018"}],"wp:term":[{"taxonomy":"category","embeddable":true,"href":"https:\/\/serbia.com\/srpski\/wp-json\/wp\/v2\/categories?post=34018"},{"taxonomy":"post_tag","embeddable":true,"href":"https:\/\/serbia.com\/srpski\/wp-json\/wp\/v2\/tags?post=34018"}],"curies":[{"name":"wp","href":"https:\/\/api.w.org\/{rel}","templated":true}]}}