{"id":33609,"date":"2015-06-04T17:52:42","date_gmt":"2015-06-04T15:52:42","guid":{"rendered":"http:\/\/www.serbia.com\/?page_id=33609"},"modified":"2024-10-20T20:41:07","modified_gmt":"2024-10-20T18:41:07","slug":"otkrijte-srbiju-u-kajak-i-kanu-avanturi","status":"publish","type":"page","link":"https:\/\/serbia.com\/srpski\/posetite-srbiju\/provedi-se\/rekreacija\/otkrijte-srbiju-u-kajak-i-kanu-avanturi\/","title":{"rendered":"Otkrijte Srbiju u kajak i kanu avanturi"},"content":{"rendered":"<h4 style=\"text-align: justify;\">Ako \u017eelite da dodirnete prirodu ne\u010dujno, tako da ne remetite njen mir a vidite najlep\u0161e skrivene predele, kanjone, pe\u0107ine, susretnete se sa o\u010dima \u0161umskih i vodenih bi\u0107a, sedite u kajak ili kanu i kliznite niz smaragdne talase reka i jezera Srbije.<\/h4>\n<p style=\"text-align: justify;\"><strong>Sesti u kajak ili kanu i zaploviti<\/strong> te\u0161ko dostupnim rekama i jezerima samo je jedan od mnogo na\u010dina da se oseti priroda kroz zabavu, ali je to na\u010din koji \u0107e izabrati avanturisti. Uz blago savladavanje prepreka brzih i sporih voda Srbije mogu\u0107e je vratiti se u one bezbri\u017ene de\u010dije dane kada smo kroz avanturu otkrivali prirodu.<\/p>\n<p style=\"text-align: justify;\">\u0160irom Srbije, u divlju ili mirnu pustolovinu na ovim plovilima mo\u017eete se upustiti na mnogim lepim <a href=\"http:\/\/www.serbia.com\/srpski\/posetite-srbiju\/prirodne-lepote\/reke-i-jezera\/\" target=\"_blank\" rel=\"noopener\">rekama i jezerima<\/a> pa \u010dak iako nemate nikakvog iskustva u takvoj vrsti rekreacije.<\/p>\n<p style=\"text-align: justify;\">Po\u010dnimo od prestonice Srbije.<\/p>\n<p style=\"text-align: justify;\">Divne reke <a href=\"http:\/\/www.serbia.com\/srpski\/posetite-srbiju\/gradovi\/beograd\/\" target=\"_blank\" rel=\"noopener\">Beograda<\/a> pru\u017eaju neverovatnu mogu\u0107nost da se zabavite i zavirite u sve one uvalice koje znati\u017eeljno posmatrate sa gradskih mostova.<\/p>\n<p style=\"text-align: justify;\"><strong><a title=\"Vo\u017enja kajakom: potpuno novi do\u017eivljaj Beograda\" href=\"http:\/\/serbia.com\/srpski\/voznja-kajakom-potpuno-novi-dozivljaj-beograda\/\">Vo\u017enja kajaka u Beogradu<\/a> najpopularnija je oko Velikog ratnog ostrva<\/strong> gde \u0107e vam dru\u0161tvo na vodi praviti \u010daplje, a pogled na Beograd iz te perspektive je neprocenjiv.<\/p>\n<p style=\"text-align: justify;\">Na manje od 30 kilometara od glavnog grada mirna reka <strong>Kolubara<\/strong> pru\u017ea uto\u010di\u0161te svima koji \u017eele da \u010duju samo zvuke i \u0161umove netaknute prirode dok lagano veslaju niz nju.<\/p>\n<p style=\"text-align: justify;\">A ako ste ljubitelj divljine, malo opasnijih reka i jezera, uputi\u0107ete se na zapad Srbije gde se nalazi 60 m duboko jezero <a title=\"Peru\u0107ac, raj za pecaro\u0161e\" href=\"http:\/\/www.serbia.com\/srpski\/posetite-srbiju\/prirodne-lepote\/reke-i-jezera\/perucac-raj-za-pecarose\/\" target=\"_blank\" rel=\"noopener\"><strong>Peru\u0107ac<\/strong><\/a>, nastalo pregra\u0111ivanjem reke <a title=\"Drina, divlja smaragdna lepotica\" href=\"http:\/\/www.serbia.com\/srpski\/posetite-srbiju\/prirodne-lepote\/reke-i-jezera\/drina-divlja-smaragdna-lepotica\/\" target=\"_blank\" rel=\"noopener\"><strong>Drine<\/strong><\/a>.<\/p>\n<p style=\"text-align: justify;\">Dok prolazite njenim kanjonom, najve\u0107im u Srbiji, impresionira\u0107e vas litice visoke \u010ditav kilometar, a ako provu\u010dete ruku kroz vodu na sredini, \u201edodirnu\u0107ete\u201c prirodnu granicu sa Bosnom i Hercegovinom.<\/p>\n<blockquote>\n<h4><em>Kajak i kanu \u2013 kako ih razlikovati?<\/em><\/h4>\n<p><em>Razlika izme\u0111u kajaka i kanua je u tome \u0161to kajak ima pokrivenu celu gornju povr\u0161inu sa izuze\u0107em prostora za sedenje najvi\u0161e dva voza\u010da, dok je kanu celim svojim gornjim delom otvoren pa u njemu mo\u017ee sedeti vi\u0161e osoba.<\/em><\/p>\n<p><em>Kajak pokre\u0107e vesla\u010d koji sedi na dnu plovila i vesla veslima sa dve lopatice dok u kanuu postoje klupice za vi\u0161e osoba i vesla\u010di mogu sedeti ili kle\u010dati veslaju\u0107i kratkim veslima sa jednom lopaticom.<\/em><\/p><\/blockquote>\n<p style=\"text-align: justify;\">Ako pak u sred vrelog leta po\u017eelite da se ohladite u debelom hladu pe\u0107ine kojoj se mo\u017ee pri\u0107i samo iz vode, zaputite se do <strong>Nove Varo\u0161i<\/strong> i <a href=\"https:\/\/serbia.com\/srpski\/istrazite-sjenicu-srpski-sibir-zadivljujucih-pejzaza-i-bogatog-nasleda\/\"><strong>Sjenice<\/strong><\/a> gde je u Pe\u0161terskoj visoravni sme\u0161ten <a href=\"http:\/\/www.serbia.com\/srpski\/posetite-srbiju\/prirodne-lepote\/jedinstvena-priroda\/uvac-remek-delo-prirode\/\" target=\"_blank\" rel=\"noopener\"><strong>specijalni rezervat prirode Uvac<\/strong><\/a>.<\/p>\n<p style=\"text-align: justify;\">Ovo prostranstvo beskrajnog zelenila, kroz koje proti\u010du bistre i hladne vode reka <a href=\"https:\/\/serbia.com\/srpski\/posetite-srbiju\/prirodne-lepote\/jedinstvena-priroda\/uvac-remek-delo-prirode\/\"><strong>Uvac<\/strong><\/a>,<strong> Vapa<\/strong>, <strong>Jablanica<\/strong>, <strong>Dubo\u010dica<\/strong> koje na samom kraju toka formiraju tri prelepa jezera Uva\u010dko, Zlatarsko i Sjeni\u010dko, mnogi zbog lepote nazivaju \u201cKoloradom\u201d.<\/p>\n<p style=\"text-align: justify;\">Zbog toga je plovidba niz krivudavi Uvac veliki izazov za avanturiste, ljubitelje divlje prirode koji se ne\u0107e upla\u0161iti kada ih upravo nad ovom rekom nadleti Beloglavi sup, orao sa rasponom krila od oko tri metra.<\/p>\n<p style=\"text-align: justify;\">Osim na ovim najprivla\u010dnijim destinacijama, mogu\u0107nosti za ovakav vid rekreacije u Srbiji ima gotovo na svakoj ve\u0107oj reci i jezeru koji u\u0161u\u0161kani u ti\u0161inu bajkovitih predela jo\u0161 uvek \u010dekaju da ih istra\u017eite!<\/p>\n<h4 style=\"text-align: justify;\">Olimpijski sportovi<\/h4>\n<p style=\"text-align: justify;\">Prve kanue su kao prevozno sredstvo izradili i koristili Indijanci u Severnoj Americi, dok su kajake, za istu namenu, prvi konstruisali Eskimi.<\/p>\n<p style=\"text-align: justify;\">Po uzoru na njihova plovila, \u0161kotski pravnik i pustolov D\u017eon Mekgregor je u 19. veku napravio prvi sportski kajak.<\/p>\n<p style=\"text-align: justify;\">Mekgregor je 1866. osnovao Kraljevski kanu klub, a dve godine kasnije organizovao je i prvo zvani\u010dno takmi\u010denje.<\/p>\n<p style=\"text-align: justify;\">Takmi\u010denja u vo\u017enji kajaka i kanua su se na programu Olimpijskih igara prvi put pojavili u Berlinu 1936. godine, a od OI u Londonu 1948. u ovim sportovima takmi\u010de se i \u017eene.<\/p>\n<h4 style=\"text-align: justify;\">Kako sti\u0107i do najboljih destinacija za kajak i kanu avanture?<\/h4>\n<p style=\"text-align: justify;\">Ukoliko \u017eelite da se upustite u samostalnu avanturu \u2013 za sve ve\u0107e gradove koji okru\u017euju ova jezera i reke postoje autobuski polasci sa Beogradske autobuske stanice, a kada tamo stignete, potra\u017eite lokalne autobuse ili taxi prevoznike do odredi\u0161ta.<\/p>\n<p style=\"text-align: justify;\">Mi preporu\u010dujemo ture koje organizuju klubovi i agencije iz <a href=\"http:\/\/www.serbia.com\/srpski\/posetite-srbiju\/gradovi\/beograd\/\" target=\"_blank\" rel=\"noopener\">Beograda<\/a> i <a title=\"Novi Sad, dom najboljeg festivala u regionu\" href=\"http:\/\/www.serbia.com\/srpski\/posetite-srbiju\/gradovi\/novi-sad\/\" target=\"_blank\" rel=\"noopener\">Novog Sada<\/a> a koje uklju\u010duju preno\u0107i\u0161te, opremu i obuku.<\/p>\n","protected":false},"excerpt":{"rendered":"<p>Ako \u017eelite da dodirnete prirodu ne\u010dujno, tako da ne remetite njen mir a vidite najlep\u0161e skrivene predele, kanjone, pe\u0107ine, susretnete se sa o\u010dima \u0161umskih i vodenih bi\u0107a, sedite u kajak [&hellip;]<\/p>\n","protected":false},"author":27,"featured_media":33607,"parent":20413,"menu_order":0,"comment_status":"closed","ping_status":"closed","template":"","meta":{"_acf_changed":false,"inline_featured_image":false,"_monsterinsights_skip_tracking":false,"_monsterinsights_sitenote_active":false,"_monsterinsights_sitenote_note":"","_monsterinsights_sitenote_category":0,"footnotes":""},"categories":[2118],"tags":[],"class_list":["post-33609","page","type-page","status-publish","has-post-thumbnail","hentry","category-rekreacija-provedi-se"],"acf":[],"yoast_head":"<!-- This site is optimized with the Yoast SEO plugin v27.4 - https:\/\/yoast.com\/product\/yoast-seo-wordpress\/ -->\n<title>Otkrijte Srbiju u kajak i kanu avanturi - Serbia.com<\/title>\n<meta name=\"robots\" content=\"index, follow, max-snippet:-1, max-image-preview:large, max-video-preview:-1\" \/>\n<link rel=\"canonical\" href=\"https:\/\/serbia.com\/srpski\/posetite-srbiju\/provedi-se\/rekreacija\/otkrijte-srbiju-u-kajak-i-kanu-avanturi\/\" \/>\n<meta property=\"og:locale\" content=\"en_US\" \/>\n<meta property=\"og:type\" content=\"article\" \/>\n<meta property=\"og:title\" content=\"Otkrijte Srbiju u kajak i kanu avanturi - Serbia.com\" \/>\n<meta property=\"og:description\" content=\"Ako \u017eelite da dodirnete prirodu ne\u010dujno, tako da ne remetite njen mir a vidite najlep\u0161e skrivene predele, kanjone, pe\u0107ine, susretnete se sa o\u010dima \u0161umskih i vodenih bi\u0107a, sedite u kajak [&hellip;]\" \/>\n<meta property=\"og:url\" content=\"https:\/\/serbia.com\/srpski\/posetite-srbiju\/provedi-se\/rekreacija\/otkrijte-srbiju-u-kajak-i-kanu-avanturi\/\" \/>\n<meta property=\"og:site_name\" content=\"Serbia.com\" \/>\n<meta property=\"article:modified_time\" content=\"2024-10-20T18:41:07+00:00\" \/>\n<meta property=\"og:image\" content=\"https:\/\/serbia.com\/wp-content\/uploads\/2015\/06\/kajak444.jpg\" \/>\n\t<meta property=\"og:image:width\" content=\"1600\" \/>\n\t<meta property=\"og:image:height\" content=\"596\" \/>\n\t<meta property=\"og:image:type\" content=\"image\/jpeg\" \/>\n<meta name=\"twitter:label1\" content=\"Est. reading time\" \/>\n\t<meta name=\"twitter:data1\" content=\"3 minutes\" \/>\n<script type=\"application\/ld+json\" class=\"yoast-schema-graph\">{\"@context\":\"https:\\\/\\\/schema.org\",\"@graph\":[{\"@type\":\"WebPage\",\"@id\":\"https:\\\/\\\/serbia.com\\\/srpski\\\/posetite-srbiju\\\/provedi-se\\\/rekreacija\\\/otkrijte-srbiju-u-kajak-i-kanu-avanturi\\\/\",\"url\":\"https:\\\/\\\/serbia.com\\\/srpski\\\/posetite-srbiju\\\/provedi-se\\\/rekreacija\\\/otkrijte-srbiju-u-kajak-i-kanu-avanturi\\\/\",\"name\":\"Otkrijte Srbiju u kajak i kanu avanturi - Serbia.com\",\"isPartOf\":{\"@id\":\"https:\\\/\\\/serbia.com\\\/#website\"},\"primaryImageOfPage\":{\"@id\":\"https:\\\/\\\/serbia.com\\\/srpski\\\/posetite-srbiju\\\/provedi-se\\\/rekreacija\\\/otkrijte-srbiju-u-kajak-i-kanu-avanturi\\\/#primaryimage\"},\"image\":{\"@id\":\"https:\\\/\\\/serbia.com\\\/srpski\\\/posetite-srbiju\\\/provedi-se\\\/rekreacija\\\/otkrijte-srbiju-u-kajak-i-kanu-avanturi\\\/#primaryimage\"},\"thumbnailUrl\":\"https:\\\/\\\/serbia.com\\\/wp-content\\\/uploads\\\/2015\\\/06\\\/kajak444.jpg\",\"datePublished\":\"2015-06-04T15:52:42+00:00\",\"dateModified\":\"2024-10-20T18:41:07+00:00\",\"breadcrumb\":{\"@id\":\"https:\\\/\\\/serbia.com\\\/srpski\\\/posetite-srbiju\\\/provedi-se\\\/rekreacija\\\/otkrijte-srbiju-u-kajak-i-kanu-avanturi\\\/#breadcrumb\"},\"inLanguage\":\"srpski\",\"potentialAction\":[{\"@type\":\"ReadAction\",\"target\":[\"https:\\\/\\\/serbia.com\\\/srpski\\\/posetite-srbiju\\\/provedi-se\\\/rekreacija\\\/otkrijte-srbiju-u-kajak-i-kanu-avanturi\\\/\"]}]},{\"@type\":\"ImageObject\",\"inLanguage\":\"srpski\",\"@id\":\"https:\\\/\\\/serbia.com\\\/srpski\\\/posetite-srbiju\\\/provedi-se\\\/rekreacija\\\/otkrijte-srbiju-u-kajak-i-kanu-avanturi\\\/#primaryimage\",\"url\":\"https:\\\/\\\/serbia.com\\\/wp-content\\\/uploads\\\/2015\\\/06\\\/kajak444.jpg\",\"contentUrl\":\"https:\\\/\\\/serbia.com\\\/wp-content\\\/uploads\\\/2015\\\/06\\\/kajak444.jpg\",\"width\":1600,\"height\":596},{\"@type\":\"BreadcrumbList\",\"@id\":\"https:\\\/\\\/serbia.com\\\/srpski\\\/posetite-srbiju\\\/provedi-se\\\/rekreacija\\\/otkrijte-srbiju-u-kajak-i-kanu-avanturi\\\/#breadcrumb\",\"itemListElement\":[{\"@type\":\"ListItem\",\"position\":1,\"name\":\"Home\",\"item\":\"https:\\\/\\\/serbia.com\\\/srpski\\\/srbija\\\/\"},{\"@type\":\"ListItem\",\"position\":2,\"name\":\"Poseti Srbiju\",\"item\":\"https:\\\/\\\/serbia.com\\\/srpski\\\/posetite-srbiju\\\/\"},{\"@type\":\"ListItem\",\"position\":3,\"name\":\"Provedi se\",\"item\":\"https:\\\/\\\/serbia.com\\\/srpski\\\/posetite-srbiju\\\/provedi-se\\\/\"},{\"@type\":\"ListItem\",\"position\":4,\"name\":\"Rekreacija\",\"item\":\"https:\\\/\\\/serbia.com\\\/srpski\\\/posetite-srbiju\\\/provedi-se\\\/rekreacija\\\/\"},{\"@type\":\"ListItem\",\"position\":5,\"name\":\"Otkrijte Srbiju u kajak i kanu avanturi\"}]},{\"@type\":\"WebSite\",\"@id\":\"https:\\\/\\\/serbia.com\\\/#website\",\"url\":\"https:\\\/\\\/serbia.com\\\/\",\"name\":\"Serbia.com\",\"description\":\"Your Gateway to Serbia\",\"potentialAction\":[{\"@type\":\"SearchAction\",\"target\":{\"@type\":\"EntryPoint\",\"urlTemplate\":\"https:\\\/\\\/serbia.com\\\/?s={search_term_string}\"},\"query-input\":{\"@type\":\"PropertyValueSpecification\",\"valueRequired\":true,\"valueName\":\"search_term_string\"}}],\"inLanguage\":\"srpski\"}]}<\/script>\n<!-- \/ Yoast SEO plugin. -->","yoast_head_json":{"title":"Otkrijte Srbiju u kajak i kanu avanturi - Serbia.com","robots":{"index":"index","follow":"follow","max-snippet":"max-snippet:-1","max-image-preview":"max-image-preview:large","max-video-preview":"max-video-preview:-1"},"canonical":"https:\/\/serbia.com\/srpski\/posetite-srbiju\/provedi-se\/rekreacija\/otkrijte-srbiju-u-kajak-i-kanu-avanturi\/","og_locale":"en_US","og_type":"article","og_title":"Otkrijte Srbiju u kajak i kanu avanturi - Serbia.com","og_description":"Ako \u017eelite da dodirnete prirodu ne\u010dujno, tako da ne remetite njen mir a vidite najlep\u0161e skrivene predele, kanjone, pe\u0107ine, susretnete se sa o\u010dima \u0161umskih i vodenih bi\u0107a, sedite u kajak [&hellip;]","og_url":"https:\/\/serbia.com\/srpski\/posetite-srbiju\/provedi-se\/rekreacija\/otkrijte-srbiju-u-kajak-i-kanu-avanturi\/","og_site_name":"Serbia.com","article_modified_time":"2024-10-20T18:41:07+00:00","og_image":[{"width":1600,"height":596,"url":"https:\/\/serbia.com\/wp-content\/uploads\/2015\/06\/kajak444.jpg","type":"image\/jpeg"}],"twitter_misc":{"Est. reading time":"3 minutes"},"schema":{"@context":"https:\/\/schema.org","@graph":[{"@type":"WebPage","@id":"https:\/\/serbia.com\/srpski\/posetite-srbiju\/provedi-se\/rekreacija\/otkrijte-srbiju-u-kajak-i-kanu-avanturi\/","url":"https:\/\/serbia.com\/srpski\/posetite-srbiju\/provedi-se\/rekreacija\/otkrijte-srbiju-u-kajak-i-kanu-avanturi\/","name":"Otkrijte Srbiju u kajak i kanu avanturi - Serbia.com","isPartOf":{"@id":"https:\/\/serbia.com\/#website"},"primaryImageOfPage":{"@id":"https:\/\/serbia.com\/srpski\/posetite-srbiju\/provedi-se\/rekreacija\/otkrijte-srbiju-u-kajak-i-kanu-avanturi\/#primaryimage"},"image":{"@id":"https:\/\/serbia.com\/srpski\/posetite-srbiju\/provedi-se\/rekreacija\/otkrijte-srbiju-u-kajak-i-kanu-avanturi\/#primaryimage"},"thumbnailUrl":"https:\/\/serbia.com\/wp-content\/uploads\/2015\/06\/kajak444.jpg","datePublished":"2015-06-04T15:52:42+00:00","dateModified":"2024-10-20T18:41:07+00:00","breadcrumb":{"@id":"https:\/\/serbia.com\/srpski\/posetite-srbiju\/provedi-se\/rekreacija\/otkrijte-srbiju-u-kajak-i-kanu-avanturi\/#breadcrumb"},"inLanguage":"srpski","potentialAction":[{"@type":"ReadAction","target":["https:\/\/serbia.com\/srpski\/posetite-srbiju\/provedi-se\/rekreacija\/otkrijte-srbiju-u-kajak-i-kanu-avanturi\/"]}]},{"@type":"ImageObject","inLanguage":"srpski","@id":"https:\/\/serbia.com\/srpski\/posetite-srbiju\/provedi-se\/rekreacija\/otkrijte-srbiju-u-kajak-i-kanu-avanturi\/#primaryimage","url":"https:\/\/serbia.com\/wp-content\/uploads\/2015\/06\/kajak444.jpg","contentUrl":"https:\/\/serbia.com\/wp-content\/uploads\/2015\/06\/kajak444.jpg","width":1600,"height":596},{"@type":"BreadcrumbList","@id":"https:\/\/serbia.com\/srpski\/posetite-srbiju\/provedi-se\/rekreacija\/otkrijte-srbiju-u-kajak-i-kanu-avanturi\/#breadcrumb","itemListElement":[{"@type":"ListItem","position":1,"name":"Home","item":"https:\/\/serbia.com\/srpski\/srbija\/"},{"@type":"ListItem","position":2,"name":"Poseti Srbiju","item":"https:\/\/serbia.com\/srpski\/posetite-srbiju\/"},{"@type":"ListItem","position":3,"name":"Provedi se","item":"https:\/\/serbia.com\/srpski\/posetite-srbiju\/provedi-se\/"},{"@type":"ListItem","position":4,"name":"Rekreacija","item":"https:\/\/serbia.com\/srpski\/posetite-srbiju\/provedi-se\/rekreacija\/"},{"@type":"ListItem","position":5,"name":"Otkrijte Srbiju u kajak i kanu avanturi"}]},{"@type":"WebSite","@id":"https:\/\/serbia.com\/#website","url":"https:\/\/serbia.com\/","name":"Serbia.com","description":"Your Gateway to Serbia","potentialAction":[{"@type":"SearchAction","target":{"@type":"EntryPoint","urlTemplate":"https:\/\/serbia.com\/?s={search_term_string}"},"query-input":{"@type":"PropertyValueSpecification","valueRequired":true,"valueName":"search_term_string"}}],"inLanguage":"srpski"}]}},"brizy_media":[],"_links":{"self":[{"href":"https:\/\/serbia.com\/srpski\/wp-json\/wp\/v2\/pages\/33609","targetHints":{"allow":["GET"]}}],"collection":[{"href":"https:\/\/serbia.com\/srpski\/wp-json\/wp\/v2\/pages"}],"about":[{"href":"https:\/\/serbia.com\/srpski\/wp-json\/wp\/v2\/types\/page"}],"author":[{"embeddable":true,"href":"https:\/\/serbia.com\/srpski\/wp-json\/wp\/v2\/users\/27"}],"replies":[{"embeddable":true,"href":"https:\/\/serbia.com\/srpski\/wp-json\/wp\/v2\/comments?post=33609"}],"version-history":[{"count":1,"href":"https:\/\/serbia.com\/srpski\/wp-json\/wp\/v2\/pages\/33609\/revisions"}],"predecessor-version":[{"id":55784,"href":"https:\/\/serbia.com\/srpski\/wp-json\/wp\/v2\/pages\/33609\/revisions\/55784"}],"up":[{"embeddable":true,"href":"https:\/\/serbia.com\/srpski\/wp-json\/wp\/v2\/pages\/20413"}],"wp:featuredmedia":[{"embeddable":true,"href":"https:\/\/serbia.com\/srpski\/wp-json\/wp\/v2\/media\/33607"}],"wp:attachment":[{"href":"https:\/\/serbia.com\/srpski\/wp-json\/wp\/v2\/media?parent=33609"}],"wp:term":[{"taxonomy":"category","embeddable":true,"href":"https:\/\/serbia.com\/srpski\/wp-json\/wp\/v2\/categories?post=33609"},{"taxonomy":"post_tag","embeddable":true,"href":"https:\/\/serbia.com\/srpski\/wp-json\/wp\/v2\/tags?post=33609"}],"curies":[{"name":"wp","href":"https:\/\/api.w.org\/{rel}","templated":true}]}}