{"id":33592,"date":"2015-06-04T17:02:25","date_gmt":"2015-06-04T15:02:25","guid":{"rendered":"http:\/\/www.serbia.com\/?page_id=33592"},"modified":"2024-10-20T20:39:49","modified_gmt":"2024-10-20T18:39:49","slug":"ronjenje-otkrivanje-novih-svetova","status":"publish","type":"page","link":"https:\/\/serbia.com\/srpski\/posetite-srbiju\/provedi-se\/rekreacija\/ronjenje-otkrivanje-novih-svetova\/","title":{"rendered":"Ronjenje: otkrivanje novih svetova"},"content":{"rendered":"<h4 style=\"text-align: justify;\">Aktivnost koja u sebi nosi dozu otkrivanja novih svetova i blagu dozu straha od nepoznatog, ronjenje je pravo osve\u017eenje u odnosu na atmosferu kancelarije.<\/h4>\n<p style=\"text-align: justify;\">\u0160ta bi za nas, obi\u010dne ljude ophrvane obavezama i poslom u prenetrpanim i zagu\u0161ljivim kancelarijama, zna\u010dio izlazak na neku reku, jezero, more ili okean? Ali dobro, da ne preterujemo sa velikim vodama \u2013 \u0161ta bi nam zna\u010dilo da posle radne nedelje jednog vikenda, na primer, odemo na ronjenje? Navu\u010demo ronila\u010dko odelo, stavimo bocu sa kiseonikom, bu\u0107nemo u jezerce i zaronimo, zaronimo, zaronimo\u2026<\/p>\n<p style=\"text-align: justify;\">I \u0161ta bi za nas moglo da bude ronjenje \u2013 ako verujete u Darvina mogao bi to da bude povratak u pro\u0161lost, jer mo\u017eete da poku\u0161ate da odete u praiskon i vratite se tamo odakle je \u017eivot do\u0161ao \u2013 ispod povr\u0161ine vode; ako, pak, verujete u Boga, onda u vodi ne\u0107ete tra\u017eiti svoje prapretke, pa \u0107e ronjenje biti samo avantura.<\/p>\n<p style=\"text-align: justify;\">U \u0161ta god verovali, u jedno mo\u017eete biti sigurni \u2013 <strong>u ronjenju \u0107ete u\u017eivate.<\/strong><\/p>\n<p style=\"text-align: justify;\">Naravno, mo\u017eete vi da probate i ronjenje na dah, ali zaron sa bocom i daleko du\u017ee ostajanje u plavetnilu vode, to je ipak poseban ose\u0107aj<\/p>\n<p style=\"text-align: justify;\">Rekreacija koja u sebi nosi dozu otkrivanja novih svetova, dozu isklju\u010denosti od spolja\u0161nih uticaja, ali i blagu dozu straha od nepoznatog, \u0161to svemu daje onaj treperavi ose\u0107aj u stomaku zbog kojeg i isprobavamo nove stvari \u2013 e to je rekreacija kojoj se treba prepu\u0161tati \u0161to \u010de\u0161\u0107e. <strong>Jer, nije to samo odmor od posla, to je i hrana za du\u0161u\u2026<\/strong><\/p>\n<p style=\"text-align: justify;\">Upravo zbog toga mo\u017eete da shvatite za\u0161to je jednostavno opijaju\u0107e biti ronilac. Dodu\u0161e, da biste se bavili rekreativnim ronjenjem, mora\u0107ete i da ulo\u017eite u sebe. Ne samo novca, nego i vremena, s obzirom na to da je obavezno da zavr\u0161ite obuku za rekreativno ronjenje. A pre po\u010detka obuke obavezan je i lekarski pregled.<\/p>\n<p style=\"text-align: justify;\"><strong>Kad zavr\u0161ite obuku, dobijate diplomu, ronila\u010dku karticu i karnet<\/strong> (ronila\u010dka knji\u017eica u koju se upisiju zaroni, napredovanja na vi\u0161e kategorije i medicinski pregledi). To vam omogu\u0107ava da se pridru\u017eite nekom od ronila\u010dkih centara i ronite bilo gde u svetu.<\/p>\n<p style=\"text-align: justify;\">Ina\u010de, za ronjenje se u Srbiji koriste skoro svi vodeni tokovi \u2013 reke: <a href=\"http:\/\/www.serbia.com\/srpski\/posetite-srbiju\/prirodne-lepote\/reke-i-jezera\/dunav-mesto-spajanja-i-razdvajanja\/\" target=\"_blank\" rel=\"noopener\"><strong>Dunav<\/strong><\/a>, <a href=\"http:\/\/www.serbia.com\/srpski\/posetite-srbiju\/prirodne-lepote\/reke-i-jezera\/reka-sava-ispomoc-zevsu\/\" target=\"_blank\" rel=\"noopener\"><strong>Sava<\/strong><\/a>, <strong>Tisa<\/strong>, <a href=\"http:\/\/www.serbia.com\/srpski\/posetite-srbiju\/prirodne-lepote\/reke-i-jezera\/morava-kolevka-srpske-drzave\/\" target=\"_blank\" rel=\"noopener\"><strong>Morava<\/strong><\/a>; jezera \u2013 bilo da su prirodna ili ve\u0161ta\u010dka; i kanali: <strong>Veliki ba\u010dki<\/strong> i <strong>kanal DTD<\/strong>. Jedini uslov je \u010dista voda i dobar prilaz sa obale. Beogradski klubovi dosta zarona prave i na <a href=\"http:\/\/www.serbia.com\/srpski\/posetite-srbiju\/prirodne-lepote\/reke-i-jezera\/ada-ciganlija-beogradsko-more\/\" target=\"_blank\" rel=\"noopener\"><strong>Adi Ciganliji<\/strong><\/a>.<\/p>\n<p style=\"text-align: justify;\">Ako \u017eelite da idete i dalje od osnovne obuke, pogledajte samo nazive specijalisti\u010dkih kurseva koji ulaze u sastav naprednog kursa: no\u0107no ronjenje, navigacija, ronilac olupina, dubinsko ronjenje, ronilac spasilac&#8230; Kakve sve mogu\u0107nosti, a krenuli smo od \u017eelje da pobegnemo iz kancelarije i malo se rekreiramo!<\/p>\n<h4 style=\"text-align: justify;\">Pravila \u2013 korisno za du\u017ei \u017eivot<\/h4>\n<p style=\"text-align: justify;\">U ronjenju postoji dosta pravila i ona su tu zarad bezbednosti. Ta pravila se odnose na pona\u0161anje polaznika na obuci, na bazenu, ronilaca u \u010damcu, na vodi, u ronjenju na dah\u2026 Mi vam ovde predstavljamo neka osnovna pravila (mada su sva zna\u010dajna), uz \u010dije po\u0161tovanje \u0107ete \u017eiveti du\u017ee ako se bavite ronjenjem:<\/p>\n<p style=\"text-align: justify;\"><strong>Pre ronjenja<\/strong><\/p>\n<p style=\"text-align: justify;\">* Dva sata pre ronjenja ne treba jesti<\/p>\n<p style=\"text-align: justify;\">* Na zaron treba i\u0107i odmoran, naspavan i raspolo\u017een<\/p>\n<p style=\"text-align: justify;\">* Obavestiti se o planu ronjenja<\/p>\n<p style=\"text-align: justify;\">* Proveriti svoju opremu<\/p>\n<p style=\"text-align: justify;\">* Upoznati se sa opremom para<\/p>\n<p style=\"text-align: justify;\"><strong>Tokom ronjenja<\/strong><\/p>\n<p style=\"text-align: justify;\">* Ne roniti sami<\/p>\n<p style=\"text-align: justify;\">* Dr\u017eati se para\/grupe<\/p>\n<p style=\"text-align: justify;\">* Obavestiti para o bilo kakvom problemu<\/p>\n<p style=\"text-align: justify;\">* Tempo ronjenja prilagoditi grupi\/paru<\/p>\n<p style=\"text-align: justify;\"><strong>Posle ronjenja<\/strong><\/p>\n<p style=\"text-align: justify;\">* Piti dosta te\u010dnosti (negazirane)<\/p>\n<p style=\"text-align: justify;\">* Isprati opremu slatkom vodom<\/p>\n<p style=\"text-align: justify;\">* Spremiti opremu na, za to, predvi\u0111eno mesto<\/p>\n<p style=\"text-align: justify;\">* Ubele\u017eiti ronjenje<\/p>\n<h4 style=\"text-align: justify;\">\u201cDive Serbia\u201d<\/h4>\n<p style=\"text-align: justify;\">Projekat <strong>\u201cRonila\u010dki karavan \u2013 Dive Serbia\u201d<\/strong> pokrenut je 2008. godine, a za cilj ima upoznavanje ronilaca sa mogu\u0107nostima ronjenja na jezerima u Srbiji.<\/p>\n<p style=\"text-align: justify;\">Od tada, \u201ckaravan\u201d je obi\u0161ao veliki broj ronila\u010dkih lokacija i akcija jo\u0161 uvek traje.<\/p>\n","protected":false},"excerpt":{"rendered":"<p>Aktivnost koja u sebi nosi dozu otkrivanja novih svetova i blagu dozu straha od nepoznatog, ronjenje je pravo osve\u017eenje u odnosu na atmosferu kancelarije. \u0160ta bi za nas, obi\u010dne ljude [&hellip;]<\/p>\n","protected":false},"author":27,"featured_media":33589,"parent":20413,"menu_order":0,"comment_status":"closed","ping_status":"closed","template":"","meta":{"_acf_changed":false,"inline_featured_image":false,"_monsterinsights_skip_tracking":false,"_monsterinsights_sitenote_active":false,"_monsterinsights_sitenote_note":"","_monsterinsights_sitenote_category":0,"footnotes":""},"categories":[2118],"tags":[],"class_list":["post-33592","page","type-page","status-publish","has-post-thumbnail","hentry","category-rekreacija-provedi-se"],"acf":[],"yoast_head":"<!-- This site is optimized with the Yoast SEO plugin v23.8 - https:\/\/yoast.com\/wordpress\/plugins\/seo\/ -->\n<title>Ronjenje: otkrivanje novih svetova - Serbia.com<\/title>\n<meta name=\"robots\" content=\"index, follow, max-snippet:-1, max-image-preview:large, max-video-preview:-1\" \/>\n<link rel=\"canonical\" href=\"https:\/\/serbia.com\/srpski\/posetite-srbiju\/provedi-se\/rekreacija\/ronjenje-otkrivanje-novih-svetova\/\" \/>\n<meta property=\"og:locale\" content=\"en_US\" \/>\n<meta property=\"og:type\" content=\"article\" \/>\n<meta property=\"og:title\" content=\"Ronjenje: otkrivanje novih svetova - Serbia.com\" \/>\n<meta property=\"og:description\" content=\"Aktivnost koja u sebi nosi dozu otkrivanja novih svetova i blagu dozu straha od nepoznatog, ronjenje je pravo osve\u017eenje u odnosu na atmosferu kancelarije. \u0160ta bi za nas, obi\u010dne ljude [&hellip;]\" \/>\n<meta property=\"og:url\" content=\"https:\/\/serbia.com\/srpski\/posetite-srbiju\/provedi-se\/rekreacija\/ronjenje-otkrivanje-novih-svetova\/\" \/>\n<meta property=\"og:site_name\" content=\"Serbia.com\" \/>\n<meta property=\"article:modified_time\" content=\"2024-10-20T18:39:49+00:00\" \/>\n<meta property=\"og:image\" content=\"https:\/\/serbia.com\/wp-content\/uploads\/2015\/06\/diving3.jpg\" \/>\n\t<meta property=\"og:image:width\" content=\"1601\" \/>\n\t<meta property=\"og:image:height\" content=\"740\" \/>\n\t<meta property=\"og:image:type\" content=\"image\/jpeg\" \/>\n<meta name=\"twitter:label1\" content=\"Est. reading time\" \/>\n\t<meta name=\"twitter:data1\" content=\"3 minutes\" \/>\n<script type=\"application\/ld+json\" class=\"yoast-schema-graph\">{\"@context\":\"https:\/\/schema.org\",\"@graph\":[{\"@type\":\"WebPage\",\"@id\":\"https:\/\/serbia.com\/srpski\/posetite-srbiju\/provedi-se\/rekreacija\/ronjenje-otkrivanje-novih-svetova\/\",\"url\":\"https:\/\/serbia.com\/srpski\/posetite-srbiju\/provedi-se\/rekreacija\/ronjenje-otkrivanje-novih-svetova\/\",\"name\":\"Ronjenje: otkrivanje novih svetova - Serbia.com\",\"isPartOf\":{\"@id\":\"https:\/\/serbia.com\/#website\"},\"primaryImageOfPage\":{\"@id\":\"https:\/\/serbia.com\/srpski\/posetite-srbiju\/provedi-se\/rekreacija\/ronjenje-otkrivanje-novih-svetova\/#primaryimage\"},\"image\":{\"@id\":\"https:\/\/serbia.com\/srpski\/posetite-srbiju\/provedi-se\/rekreacija\/ronjenje-otkrivanje-novih-svetova\/#primaryimage\"},\"thumbnailUrl\":\"https:\/\/serbia.com\/wp-content\/uploads\/2015\/06\/diving3.jpg\",\"datePublished\":\"2015-06-04T15:02:25+00:00\",\"dateModified\":\"2024-10-20T18:39:49+00:00\",\"breadcrumb\":{\"@id\":\"https:\/\/serbia.com\/srpski\/posetite-srbiju\/provedi-se\/rekreacija\/ronjenje-otkrivanje-novih-svetova\/#breadcrumb\"},\"inLanguage\":\"srpski\",\"potentialAction\":[{\"@type\":\"ReadAction\",\"target\":[\"https:\/\/serbia.com\/srpski\/posetite-srbiju\/provedi-se\/rekreacija\/ronjenje-otkrivanje-novih-svetova\/\"]}]},{\"@type\":\"ImageObject\",\"inLanguage\":\"srpski\",\"@id\":\"https:\/\/serbia.com\/srpski\/posetite-srbiju\/provedi-se\/rekreacija\/ronjenje-otkrivanje-novih-svetova\/#primaryimage\",\"url\":\"https:\/\/serbia.com\/wp-content\/uploads\/2015\/06\/diving3.jpg\",\"contentUrl\":\"https:\/\/serbia.com\/wp-content\/uploads\/2015\/06\/diving3.jpg\",\"width\":1601,\"height\":740},{\"@type\":\"BreadcrumbList\",\"@id\":\"https:\/\/serbia.com\/srpski\/posetite-srbiju\/provedi-se\/rekreacija\/ronjenje-otkrivanje-novih-svetova\/#breadcrumb\",\"itemListElement\":[{\"@type\":\"ListItem\",\"position\":1,\"name\":\"Home\",\"item\":\"https:\/\/serbia.com\/srpski\/\"},{\"@type\":\"ListItem\",\"position\":2,\"name\":\"Poseti Srbiju\",\"item\":\"https:\/\/serbia.com\/srpski\/posetite-srbiju\/\"},{\"@type\":\"ListItem\",\"position\":3,\"name\":\"Provedi se\",\"item\":\"https:\/\/serbia.com\/srpski\/posetite-srbiju\/provedi-se\/\"},{\"@type\":\"ListItem\",\"position\":4,\"name\":\"Rekreacija\",\"item\":\"https:\/\/serbia.com\/srpski\/posetite-srbiju\/provedi-se\/rekreacija\/\"},{\"@type\":\"ListItem\",\"position\":5,\"name\":\"Ronjenje: otkrivanje novih svetova\"}]},{\"@type\":\"WebSite\",\"@id\":\"https:\/\/serbia.com\/#website\",\"url\":\"https:\/\/serbia.com\/\",\"name\":\"Serbia.com\",\"description\":\"Your Gateway to Serbia\",\"potentialAction\":[{\"@type\":\"SearchAction\",\"target\":{\"@type\":\"EntryPoint\",\"urlTemplate\":\"https:\/\/serbia.com\/?s={search_term_string}\"},\"query-input\":{\"@type\":\"PropertyValueSpecification\",\"valueRequired\":true,\"valueName\":\"search_term_string\"}}],\"inLanguage\":\"srpski\"}]}<\/script>\n<!-- \/ Yoast SEO plugin. -->","yoast_head_json":{"title":"Ronjenje: otkrivanje novih svetova - Serbia.com","robots":{"index":"index","follow":"follow","max-snippet":"max-snippet:-1","max-image-preview":"max-image-preview:large","max-video-preview":"max-video-preview:-1"},"canonical":"https:\/\/serbia.com\/srpski\/posetite-srbiju\/provedi-se\/rekreacija\/ronjenje-otkrivanje-novih-svetova\/","og_locale":"en_US","og_type":"article","og_title":"Ronjenje: otkrivanje novih svetova - Serbia.com","og_description":"Aktivnost koja u sebi nosi dozu otkrivanja novih svetova i blagu dozu straha od nepoznatog, ronjenje je pravo osve\u017eenje u odnosu na atmosferu kancelarije. \u0160ta bi za nas, obi\u010dne ljude [&hellip;]","og_url":"https:\/\/serbia.com\/srpski\/posetite-srbiju\/provedi-se\/rekreacija\/ronjenje-otkrivanje-novih-svetova\/","og_site_name":"Serbia.com","article_modified_time":"2024-10-20T18:39:49+00:00","og_image":[{"width":1601,"height":740,"url":"https:\/\/serbia.com\/wp-content\/uploads\/2015\/06\/diving3.jpg","type":"image\/jpeg"}],"twitter_misc":{"Est. reading time":"3 minutes"},"schema":{"@context":"https:\/\/schema.org","@graph":[{"@type":"WebPage","@id":"https:\/\/serbia.com\/srpski\/posetite-srbiju\/provedi-se\/rekreacija\/ronjenje-otkrivanje-novih-svetova\/","url":"https:\/\/serbia.com\/srpski\/posetite-srbiju\/provedi-se\/rekreacija\/ronjenje-otkrivanje-novih-svetova\/","name":"Ronjenje: otkrivanje novih svetova - Serbia.com","isPartOf":{"@id":"https:\/\/serbia.com\/#website"},"primaryImageOfPage":{"@id":"https:\/\/serbia.com\/srpski\/posetite-srbiju\/provedi-se\/rekreacija\/ronjenje-otkrivanje-novih-svetova\/#primaryimage"},"image":{"@id":"https:\/\/serbia.com\/srpski\/posetite-srbiju\/provedi-se\/rekreacija\/ronjenje-otkrivanje-novih-svetova\/#primaryimage"},"thumbnailUrl":"https:\/\/serbia.com\/wp-content\/uploads\/2015\/06\/diving3.jpg","datePublished":"2015-06-04T15:02:25+00:00","dateModified":"2024-10-20T18:39:49+00:00","breadcrumb":{"@id":"https:\/\/serbia.com\/srpski\/posetite-srbiju\/provedi-se\/rekreacija\/ronjenje-otkrivanje-novih-svetova\/#breadcrumb"},"inLanguage":"srpski","potentialAction":[{"@type":"ReadAction","target":["https:\/\/serbia.com\/srpski\/posetite-srbiju\/provedi-se\/rekreacija\/ronjenje-otkrivanje-novih-svetova\/"]}]},{"@type":"ImageObject","inLanguage":"srpski","@id":"https:\/\/serbia.com\/srpski\/posetite-srbiju\/provedi-se\/rekreacija\/ronjenje-otkrivanje-novih-svetova\/#primaryimage","url":"https:\/\/serbia.com\/wp-content\/uploads\/2015\/06\/diving3.jpg","contentUrl":"https:\/\/serbia.com\/wp-content\/uploads\/2015\/06\/diving3.jpg","width":1601,"height":740},{"@type":"BreadcrumbList","@id":"https:\/\/serbia.com\/srpski\/posetite-srbiju\/provedi-se\/rekreacija\/ronjenje-otkrivanje-novih-svetova\/#breadcrumb","itemListElement":[{"@type":"ListItem","position":1,"name":"Home","item":"https:\/\/serbia.com\/srpski\/"},{"@type":"ListItem","position":2,"name":"Poseti Srbiju","item":"https:\/\/serbia.com\/srpski\/posetite-srbiju\/"},{"@type":"ListItem","position":3,"name":"Provedi se","item":"https:\/\/serbia.com\/srpski\/posetite-srbiju\/provedi-se\/"},{"@type":"ListItem","position":4,"name":"Rekreacija","item":"https:\/\/serbia.com\/srpski\/posetite-srbiju\/provedi-se\/rekreacija\/"},{"@type":"ListItem","position":5,"name":"Ronjenje: otkrivanje novih svetova"}]},{"@type":"WebSite","@id":"https:\/\/serbia.com\/#website","url":"https:\/\/serbia.com\/","name":"Serbia.com","description":"Your Gateway to Serbia","potentialAction":[{"@type":"SearchAction","target":{"@type":"EntryPoint","urlTemplate":"https:\/\/serbia.com\/?s={search_term_string}"},"query-input":{"@type":"PropertyValueSpecification","valueRequired":true,"valueName":"search_term_string"}}],"inLanguage":"srpski"}]}},"_links":{"self":[{"href":"https:\/\/serbia.com\/srpski\/wp-json\/wp\/v2\/pages\/33592"}],"collection":[{"href":"https:\/\/serbia.com\/srpski\/wp-json\/wp\/v2\/pages"}],"about":[{"href":"https:\/\/serbia.com\/srpski\/wp-json\/wp\/v2\/types\/page"}],"author":[{"embeddable":true,"href":"https:\/\/serbia.com\/srpski\/wp-json\/wp\/v2\/users\/27"}],"replies":[{"embeddable":true,"href":"https:\/\/serbia.com\/srpski\/wp-json\/wp\/v2\/comments?post=33592"}],"version-history":[{"count":1,"href":"https:\/\/serbia.com\/srpski\/wp-json\/wp\/v2\/pages\/33592\/revisions"}],"predecessor-version":[{"id":55783,"href":"https:\/\/serbia.com\/srpski\/wp-json\/wp\/v2\/pages\/33592\/revisions\/55783"}],"up":[{"embeddable":true,"href":"https:\/\/serbia.com\/srpski\/wp-json\/wp\/v2\/pages\/20413"}],"wp:featuredmedia":[{"embeddable":true,"href":"https:\/\/serbia.com\/srpski\/wp-json\/wp\/v2\/media\/33589"}],"wp:attachment":[{"href":"https:\/\/serbia.com\/srpski\/wp-json\/wp\/v2\/media?parent=33592"}],"wp:term":[{"taxonomy":"category","embeddable":true,"href":"https:\/\/serbia.com\/srpski\/wp-json\/wp\/v2\/categories?post=33592"},{"taxonomy":"post_tag","embeddable":true,"href":"https:\/\/serbia.com\/srpski\/wp-json\/wp\/v2\/tags?post=33592"}],"curies":[{"name":"wp","href":"https:\/\/api.w.org\/{rel}","templated":true}]}}