{"id":33578,"date":"2015-06-04T16:35:06","date_gmt":"2015-06-04T14:35:06","guid":{"rendered":"http:\/\/www.serbia.com\/?page_id=33578"},"modified":"2024-10-20T20:39:10","modified_gmt":"2024-10-20T18:39:10","slug":"biciklizam-mali-napor-za-veliki-uzitak","status":"publish","type":"page","link":"https:\/\/serbia.com\/srpski\/posetite-srbiju\/provedi-se\/rekreacija\/biciklizam-mali-napor-za-veliki-uzitak\/","title":{"rendered":"Biciklizam: mali napor za veliki u\u017eitak"},"content":{"rendered":"<h4 style=\"text-align: justify;\">Biciklizam vas mo\u017ee odvesti preko \u010ditave Srbije uzdu\u017e i popreko. A gde god da vas put nanese, mo\u0107i \u0107ete da u\u017eivate u pejza\u017eima predivne prirode<\/h4>\n<p style=\"text-align: justify;\">Uz malo slobodnog vremena, dobru volju, bicikl i odgovaraju\u0107u opremu, rekreativni biciklizam \u0107e vam omogu\u0107iti da upoznate Srbiju na zdrav, za dana\u0161nje doba nesvakida\u0161nji na\u010din, i zavirite u maltene svaki kutak ove zemlje.<\/p>\n<p style=\"text-align: justify;\">A \u0161ta obi\u0107i u Srbiji? A mo\u017eda je bolje da se pitate \u2013 \u0161ta NE obi\u0107i?<\/p>\n<p style=\"text-align: justify;\">Ako izaberete centralnu Srbiju, na\u0161u \u0160umadiju, izabra\u0107ete niske i gusto naseljene planine na severu, koje se klanjaju stamenim planinskim masivima ju\u017eno od <a href=\"http:\/\/www.serbia.com\/srpski\/posetite-srbiju\/gradovi\/kraljevo-grad-sedam-kraljeva\/\" target=\"_blank\" rel=\"noopener\">Kraljeva<\/a>.<\/p>\n<p style=\"text-align: justify;\">Mre\u017ea asfaltnih puteva u centralnoj Srbiji je gusta, \u0161to pedaliranje po drumovima mo\u017ee da u\u010dini pomalo napornim, \u010dak i opasnim zbog saobra\u0107aja. Ali, uz poneku alternativnu rutu, biciklizam ovde ne bi trebalo da predstavlja problem za nekoga da obi\u0111e <a href=\"http:\/\/www.serbia.com\/srpski\/posetite-srbiju\/prirodne-lepote\/planine\/planina-avala-pogled-na-beograd-iz-oblaka\/\" target=\"_blank\" rel=\"noopener\"><strong>Avalu<\/strong><\/a>,<a href=\"https:\/\/serbia.com\/srpski\/planinska-avantura-na-kosmaju-ideje-za-obilaske-aktivnosti-i-odmor\/\"><strong> Kosmaj<\/strong><\/a>, <strong>Rudnik<\/strong>, <strong>Jastrebac<\/strong>, <strong><a href=\"http:\/\/www.serbia.com\/srpski\/37789\/\" target=\"_blank\" rel=\"noopener\">Go\u010d<\/a><\/strong>, <a href=\"http:\/\/www.serbia.com\/srpski\/posetite-srbiju\/prirodne-lepote\/planine\/kopaonik-suncana-planina-puna-srebra\/\" target=\"_blank\" rel=\"noopener\"><strong>Kopaonik<\/strong><\/a> \u2026<\/p>\n<p style=\"text-align: justify;\">Na jugu Srbije, pak, ne\u0107ete se susresti sa takvim problemom. \u010cekaju vas slab saobra\u0107aj, visoke planine i puno prostora za istra\u017eivanje i u\u017eivanje. Divne \u0161ume, mirni pa\u0161njaci, prazni putevi\u2026 Na jugu Srbije treba obi\u0107i podru\u010dje<a href=\"http:\/\/www.serbia.com\/srpski\/posetite-srbiju\/prirodne-lepote\/reke-i-jezera\/vlasinsko-jezero-otkrijte-plutajuca-ostrva\/\" target=\"_blank\" rel=\"noopener\"><strong> Vlasinskog jezera<\/strong><\/a>, masive <strong>\u010cemernika<\/strong>, <strong>Vardenika<\/strong> i <strong>Dukata<\/strong>, pa zatim <strong>Suvu planinu<\/strong>, <strong>Besnu kobilu<\/strong> ili <strong>Kukavicu<\/strong> \u2026<\/p>\n<p style=\"text-align: justify;\">Zapadna Srbija je tako\u0111e dobro mesto za biciklizam, \u0161to zbog \u010dinjenice da su tu <strong>nacionalni park <a href=\"http:\/\/www.serbia.com\/srpski\/posetite-srbiju\/prirodne-lepote\/planine\/tara-planinski-dom-staroslovenskih-bogova\/\" target=\"_blank\" rel=\"noopener\">Tara<\/a><\/strong>, <strong>rezervat <a href=\"http:\/\/www.serbia.com\/srpski\/posetite-srbiju\/prirodne-lepote\/jedinstvena-priroda\/uvac-remek-delo-prirode\/\" target=\"_blank\" rel=\"noopener\">Uvac<\/a><\/strong>, <strong>park prirode <a href=\"http:\/\/www.serbia.com\/srpski\/planina-golija-nestvarno-sumsko-carstvo\/\">Golija<\/a><\/strong>, mnoge planine, reke i kanjoni, uz razvijenu mre\u017eu puteva \u2013 zapadnu Srbiju biciklom mo\u017eete da obi\u0111ete brzo i kvalitetno. Naravno, izbegnite prometnije puteve i gu\u0161\u0107i saobra\u0107aj i izaberete svoju alternativnu.<\/p>\n<p style=\"text-align: justify;\">A isto\u010dna Srbija? Mistika i magija\u2026 I usamljenost i bekstvo od civilizacije. U nekim delovima srpskog istoka jo\u0161 nema mobilnog dometa, pa ako se zavu\u010dete u tu divljnu\u2026 mo\u017eda pobegnete i sami od sebe, a kamoli od drugih ljudi! A zatim pusti, \u0161umski makadami\u2026<\/p>\n<p style=\"text-align: justify;\">Istok Srbije je maltene neistra\u017eeno podneblje u srcu Evrope i sjajna destinacija za biciklizam. Provozajte se niz <a href=\"http:\/\/www.serbia.com\/srpski\/posetite-srbiju\/prirodne-lepote\/reke-i-jezera\/dunav-mesto-spajanja-i-razdvajanja\/\" target=\"_blank\" rel=\"noopener\"><strong>Dunav<\/strong><\/a> do <a href=\"http:\/\/www.serbia.com\/srpski\/posetite-srbiju\/prirodne-lepote\/reke-i-jezera\/derdap-magicni-spoj-prirode-i-kulture\/\" target=\"_blank\" rel=\"noopener\"><strong>\u0110erdapa<\/strong><\/a> ili do <a href=\"http:\/\/www.serbia.com\/srpski\/posetite-srbiju\/prirodne-lepote\/planine\/stara-planina-prirodni-rezervat-u-dve-drzave\/\" target=\"_blank\" rel=\"noopener\"><strong>Stare planine<\/strong><\/a>\u2026<\/p>\n<p style=\"text-align: justify;\">A jo\u0161 ako verujete u misti\u010dna predanja, ako vas zanimaju <a href=\"http:\/\/www.serbia.com\/srpski\/mitovi-i-legende-mesavina-tradicija-2\/\">mitovi i legende<\/a> ili \u017eelite da vidite magijske rituale, a nadate se da \u0107e iz \u0161ume da isko\u010di neki <em><strong>drekavac<\/strong><\/em>, ili da \u0107e vas vila potap\u0161ati po ramenu \u2013 onda ne smete da zaobi\u0111ete ovaj kraj Srbije (na bicikli, naravno, da biste mogli da pobegnete od svih ovih \u010dudesa).<\/p>\n<p style=\"text-align: justify;\">Ako, pak, ne \u017eelite preterano da se umarate na bicikli, <strong>Vojvodina<\/strong> je sjajan izbor. Dosta puteva, ravnica, pogled vam puca u nedogled\u2026 Pa ba\u0161 i ako vam dosadi \u0161to nema uspona, vi onda otpedalirajte do <a href=\"http:\/\/www.serbia.com\/srpski\/posetite-srbiju\/prirodne-lepote\/planine\/fruska-gora-nekada-ostrvo-danas-planina\/\" target=\"_blank\" rel=\"noopener\"><strong>Fru\u0161ke gore<\/strong><\/a> ili <strong>Vr\u0161a\u010dkih planina<\/strong> i zagrejte mi\u0161i\u0107e \u2013 spust sa bilo koje od tih lokacija u ravnicu mo\u017ee da bude jedan lep i prijatan put nazad.<\/p>\n<h4 style=\"text-align: justify;\">I Evropa voli srpske staze<\/h4>\n<p style=\"text-align: justify;\">Brojni evropski biciklisti\u010dki turoperatori u svoje rute obavezno uvrste i Srbiju.<\/p>\n<p style=\"text-align: justify;\">Izme\u0111u ostalog, <strong>kroz Srbiju prolazi Dunavska biciklisti\u010dka ruta koja nosi oznaku Euro Velo 6<\/strong>, \u0161to zna\u010di da se nalazi na trasi Atlantik \u2013 Crno more Evropske biciklisti\u010dke federacije (ECF).<\/p>\n<p style=\"text-align: justify;\">Raznovrsnost reljefa Srbije, pored rekreacije za bicikliste amatere, dobra je i za <strong>Me\u0111unarodnu biciklisti\u010dku \u201cTrku kroz Srbiju\u201d (Tour d\u2019Serbie)<\/strong>, osnovanu 1939. godine.<\/p>\n","protected":false},"excerpt":{"rendered":"<p>Biciklizam vas mo\u017ee odvesti preko \u010ditave Srbije uzdu\u017e i popreko. A gde god da vas put nanese, mo\u0107i \u0107ete da u\u017eivate u pejza\u017eima predivne prirode Uz malo slobodnog vremena, dobru [&hellip;]<\/p>\n","protected":false},"author":27,"featured_media":30309,"parent":20413,"menu_order":0,"comment_status":"closed","ping_status":"closed","template":"","meta":{"_acf_changed":false,"inline_featured_image":false,"_monsterinsights_skip_tracking":false,"_monsterinsights_sitenote_active":false,"_monsterinsights_sitenote_note":"","_monsterinsights_sitenote_category":0,"footnotes":""},"categories":[2118],"tags":[],"region":[],"class_list":["post-33578","page","type-page","status-publish","has-post-thumbnail","hentry","category-rekreacija-provedi-se"],"acf":[],"yoast_head":"<!-- This site is optimized with the Yoast SEO plugin v27.5 - https:\/\/yoast.com\/product\/yoast-seo-wordpress\/ -->\n<title>Biciklizam: mali napor za veliki u\u017eitak - Serbia.com<\/title>\n<meta name=\"robots\" content=\"index, follow, max-snippet:-1, max-image-preview:large, max-video-preview:-1\" \/>\n<link rel=\"canonical\" href=\"https:\/\/serbia.com\/srpski\/posetite-srbiju\/provedi-se\/rekreacija\/biciklizam-mali-napor-za-veliki-uzitak\/\" \/>\n<meta property=\"og:locale\" content=\"en_US\" \/>\n<meta property=\"og:type\" content=\"article\" \/>\n<meta property=\"og:title\" content=\"Biciklizam: mali napor za veliki u\u017eitak - Serbia.com\" \/>\n<meta property=\"og:description\" content=\"Biciklizam vas mo\u017ee odvesti preko \u010ditave Srbije uzdu\u017e i popreko. A gde god da vas put nanese, mo\u0107i \u0107ete da u\u017eivate u pejza\u017eima predivne prirode Uz malo slobodnog vremena, dobru [&hellip;]\" \/>\n<meta property=\"og:url\" content=\"https:\/\/serbia.com\/srpski\/posetite-srbiju\/provedi-se\/rekreacija\/biciklizam-mali-napor-za-veliki-uzitak\/\" \/>\n<meta property=\"og:site_name\" content=\"Serbia.com\" \/>\n<meta property=\"article:modified_time\" content=\"2024-10-20T18:39:10+00:00\" \/>\n<meta property=\"og:image\" content=\"https:\/\/serbia.com\/wp-content\/uploads\/2015\/03\/Biciklizam111.jpg\" \/>\n\t<meta property=\"og:image:width\" content=\"1601\" \/>\n\t<meta property=\"og:image:height\" content=\"716\" \/>\n\t<meta property=\"og:image:type\" content=\"image\/jpeg\" \/>\n<meta name=\"twitter:label1\" content=\"Est. reading time\" \/>\n\t<meta name=\"twitter:data1\" content=\"3 minutes\" \/>\n<script type=\"application\/ld+json\" class=\"yoast-schema-graph\">{\"@context\":\"https:\\\/\\\/schema.org\",\"@graph\":[{\"@type\":\"WebPage\",\"@id\":\"https:\\\/\\\/serbia.com\\\/srpski\\\/posetite-srbiju\\\/provedi-se\\\/rekreacija\\\/biciklizam-mali-napor-za-veliki-uzitak\\\/\",\"url\":\"https:\\\/\\\/serbia.com\\\/srpski\\\/posetite-srbiju\\\/provedi-se\\\/rekreacija\\\/biciklizam-mali-napor-za-veliki-uzitak\\\/\",\"name\":\"Biciklizam: mali napor za veliki u\u017eitak - Serbia.com\",\"isPartOf\":{\"@id\":\"https:\\\/\\\/serbia.com\\\/#website\"},\"primaryImageOfPage\":{\"@id\":\"https:\\\/\\\/serbia.com\\\/srpski\\\/posetite-srbiju\\\/provedi-se\\\/rekreacija\\\/biciklizam-mali-napor-za-veliki-uzitak\\\/#primaryimage\"},\"image\":{\"@id\":\"https:\\\/\\\/serbia.com\\\/srpski\\\/posetite-srbiju\\\/provedi-se\\\/rekreacija\\\/biciklizam-mali-napor-za-veliki-uzitak\\\/#primaryimage\"},\"thumbnailUrl\":\"https:\\\/\\\/serbia.com\\\/wp-content\\\/uploads\\\/2015\\\/03\\\/Biciklizam111.jpg\",\"datePublished\":\"2015-06-04T14:35:06+00:00\",\"dateModified\":\"2024-10-20T18:39:10+00:00\",\"breadcrumb\":{\"@id\":\"https:\\\/\\\/serbia.com\\\/srpski\\\/posetite-srbiju\\\/provedi-se\\\/rekreacija\\\/biciklizam-mali-napor-za-veliki-uzitak\\\/#breadcrumb\"},\"inLanguage\":\"srpski\",\"potentialAction\":[{\"@type\":\"ReadAction\",\"target\":[\"https:\\\/\\\/serbia.com\\\/srpski\\\/posetite-srbiju\\\/provedi-se\\\/rekreacija\\\/biciklizam-mali-napor-za-veliki-uzitak\\\/\"]}]},{\"@type\":\"ImageObject\",\"inLanguage\":\"srpski\",\"@id\":\"https:\\\/\\\/serbia.com\\\/srpski\\\/posetite-srbiju\\\/provedi-se\\\/rekreacija\\\/biciklizam-mali-napor-za-veliki-uzitak\\\/#primaryimage\",\"url\":\"https:\\\/\\\/serbia.com\\\/wp-content\\\/uploads\\\/2015\\\/03\\\/Biciklizam111.jpg\",\"contentUrl\":\"https:\\\/\\\/serbia.com\\\/wp-content\\\/uploads\\\/2015\\\/03\\\/Biciklizam111.jpg\",\"width\":1601,\"height\":716},{\"@type\":\"BreadcrumbList\",\"@id\":\"https:\\\/\\\/serbia.com\\\/srpski\\\/posetite-srbiju\\\/provedi-se\\\/rekreacija\\\/biciklizam-mali-napor-za-veliki-uzitak\\\/#breadcrumb\",\"itemListElement\":[{\"@type\":\"ListItem\",\"position\":1,\"name\":\"Home\",\"item\":\"https:\\\/\\\/serbia.com\\\/srpski\\\/\"},{\"@type\":\"ListItem\",\"position\":2,\"name\":\"Poseti Srbiju\",\"item\":\"https:\\\/\\\/serbia.com\\\/srpski\\\/posetite-srbiju\\\/\"},{\"@type\":\"ListItem\",\"position\":3,\"name\":\"Provedi se\",\"item\":\"https:\\\/\\\/serbia.com\\\/srpski\\\/posetite-srbiju\\\/provedi-se\\\/\"},{\"@type\":\"ListItem\",\"position\":4,\"name\":\"Rekreacija\",\"item\":\"https:\\\/\\\/serbia.com\\\/srpski\\\/posetite-srbiju\\\/provedi-se\\\/rekreacija\\\/\"},{\"@type\":\"ListItem\",\"position\":5,\"name\":\"Biciklizam: mali napor za veliki u\u017eitak\"}]},{\"@type\":\"WebSite\",\"@id\":\"https:\\\/\\\/serbia.com\\\/#website\",\"url\":\"https:\\\/\\\/serbia.com\\\/\",\"name\":\"Serbia.com\",\"description\":\"Your Gateway to Serbia\",\"potentialAction\":[{\"@type\":\"SearchAction\",\"target\":{\"@type\":\"EntryPoint\",\"urlTemplate\":\"https:\\\/\\\/serbia.com\\\/?s={search_term_string}\"},\"query-input\":{\"@type\":\"PropertyValueSpecification\",\"valueRequired\":true,\"valueName\":\"search_term_string\"}}],\"inLanguage\":\"srpski\"}]}<\/script>\n<!-- \/ Yoast SEO plugin. -->","yoast_head_json":{"title":"Biciklizam: mali napor za veliki u\u017eitak - Serbia.com","robots":{"index":"index","follow":"follow","max-snippet":"max-snippet:-1","max-image-preview":"max-image-preview:large","max-video-preview":"max-video-preview:-1"},"canonical":"https:\/\/serbia.com\/srpski\/posetite-srbiju\/provedi-se\/rekreacija\/biciklizam-mali-napor-za-veliki-uzitak\/","og_locale":"en_US","og_type":"article","og_title":"Biciklizam: mali napor za veliki u\u017eitak - Serbia.com","og_description":"Biciklizam vas mo\u017ee odvesti preko \u010ditave Srbije uzdu\u017e i popreko. A gde god da vas put nanese, mo\u0107i \u0107ete da u\u017eivate u pejza\u017eima predivne prirode Uz malo slobodnog vremena, dobru [&hellip;]","og_url":"https:\/\/serbia.com\/srpski\/posetite-srbiju\/provedi-se\/rekreacija\/biciklizam-mali-napor-za-veliki-uzitak\/","og_site_name":"Serbia.com","article_modified_time":"2024-10-20T18:39:10+00:00","og_image":[{"width":1601,"height":716,"url":"https:\/\/serbia.com\/wp-content\/uploads\/2015\/03\/Biciklizam111.jpg","type":"image\/jpeg"}],"twitter_misc":{"Est. reading time":"3 minutes"},"schema":{"@context":"https:\/\/schema.org","@graph":[{"@type":"WebPage","@id":"https:\/\/serbia.com\/srpski\/posetite-srbiju\/provedi-se\/rekreacija\/biciklizam-mali-napor-za-veliki-uzitak\/","url":"https:\/\/serbia.com\/srpski\/posetite-srbiju\/provedi-se\/rekreacija\/biciklizam-mali-napor-za-veliki-uzitak\/","name":"Biciklizam: mali napor za veliki u\u017eitak - Serbia.com","isPartOf":{"@id":"https:\/\/serbia.com\/#website"},"primaryImageOfPage":{"@id":"https:\/\/serbia.com\/srpski\/posetite-srbiju\/provedi-se\/rekreacija\/biciklizam-mali-napor-za-veliki-uzitak\/#primaryimage"},"image":{"@id":"https:\/\/serbia.com\/srpski\/posetite-srbiju\/provedi-se\/rekreacija\/biciklizam-mali-napor-za-veliki-uzitak\/#primaryimage"},"thumbnailUrl":"https:\/\/serbia.com\/wp-content\/uploads\/2015\/03\/Biciklizam111.jpg","datePublished":"2015-06-04T14:35:06+00:00","dateModified":"2024-10-20T18:39:10+00:00","breadcrumb":{"@id":"https:\/\/serbia.com\/srpski\/posetite-srbiju\/provedi-se\/rekreacija\/biciklizam-mali-napor-za-veliki-uzitak\/#breadcrumb"},"inLanguage":"srpski","potentialAction":[{"@type":"ReadAction","target":["https:\/\/serbia.com\/srpski\/posetite-srbiju\/provedi-se\/rekreacija\/biciklizam-mali-napor-za-veliki-uzitak\/"]}]},{"@type":"ImageObject","inLanguage":"srpski","@id":"https:\/\/serbia.com\/srpski\/posetite-srbiju\/provedi-se\/rekreacija\/biciklizam-mali-napor-za-veliki-uzitak\/#primaryimage","url":"https:\/\/serbia.com\/wp-content\/uploads\/2015\/03\/Biciklizam111.jpg","contentUrl":"https:\/\/serbia.com\/wp-content\/uploads\/2015\/03\/Biciklizam111.jpg","width":1601,"height":716},{"@type":"BreadcrumbList","@id":"https:\/\/serbia.com\/srpski\/posetite-srbiju\/provedi-se\/rekreacija\/biciklizam-mali-napor-za-veliki-uzitak\/#breadcrumb","itemListElement":[{"@type":"ListItem","position":1,"name":"Home","item":"https:\/\/serbia.com\/srpski\/"},{"@type":"ListItem","position":2,"name":"Poseti Srbiju","item":"https:\/\/serbia.com\/srpski\/posetite-srbiju\/"},{"@type":"ListItem","position":3,"name":"Provedi se","item":"https:\/\/serbia.com\/srpski\/posetite-srbiju\/provedi-se\/"},{"@type":"ListItem","position":4,"name":"Rekreacija","item":"https:\/\/serbia.com\/srpski\/posetite-srbiju\/provedi-se\/rekreacija\/"},{"@type":"ListItem","position":5,"name":"Biciklizam: mali napor za veliki u\u017eitak"}]},{"@type":"WebSite","@id":"https:\/\/serbia.com\/#website","url":"https:\/\/serbia.com\/","name":"Serbia.com","description":"Your Gateway to Serbia","potentialAction":[{"@type":"SearchAction","target":{"@type":"EntryPoint","urlTemplate":"https:\/\/serbia.com\/?s={search_term_string}"},"query-input":{"@type":"PropertyValueSpecification","valueRequired":true,"valueName":"search_term_string"}}],"inLanguage":"srpski"}]}},"brizy_media":[],"_links":{"self":[{"href":"https:\/\/serbia.com\/srpski\/wp-json\/wp\/v2\/pages\/33578","targetHints":{"allow":["GET"]}}],"collection":[{"href":"https:\/\/serbia.com\/srpski\/wp-json\/wp\/v2\/pages"}],"about":[{"href":"https:\/\/serbia.com\/srpski\/wp-json\/wp\/v2\/types\/page"}],"author":[{"embeddable":true,"href":"https:\/\/serbia.com\/srpski\/wp-json\/wp\/v2\/users\/27"}],"replies":[{"embeddable":true,"href":"https:\/\/serbia.com\/srpski\/wp-json\/wp\/v2\/comments?post=33578"}],"version-history":[{"count":1,"href":"https:\/\/serbia.com\/srpski\/wp-json\/wp\/v2\/pages\/33578\/revisions"}],"predecessor-version":[{"id":55782,"href":"https:\/\/serbia.com\/srpski\/wp-json\/wp\/v2\/pages\/33578\/revisions\/55782"}],"up":[{"embeddable":true,"href":"https:\/\/serbia.com\/srpski\/wp-json\/wp\/v2\/pages\/20413"}],"wp:featuredmedia":[{"embeddable":true,"href":"https:\/\/serbia.com\/srpski\/wp-json\/wp\/v2\/media\/30309"}],"wp:attachment":[{"href":"https:\/\/serbia.com\/srpski\/wp-json\/wp\/v2\/media?parent=33578"}],"wp:term":[{"taxonomy":"category","embeddable":true,"href":"https:\/\/serbia.com\/srpski\/wp-json\/wp\/v2\/categories?post=33578"},{"taxonomy":"post_tag","embeddable":true,"href":"https:\/\/serbia.com\/srpski\/wp-json\/wp\/v2\/tags?post=33578"},{"taxonomy":"region","embeddable":true,"href":"https:\/\/serbia.com\/srpski\/wp-json\/wp\/v2\/region?post=33578"}],"curies":[{"name":"wp","href":"https:\/\/api.w.org\/{rel}","templated":true}]}}