{"id":33538,"date":"2015-06-04T15:03:19","date_gmt":"2015-06-04T13:03:19","guid":{"rendered":"http:\/\/www.serbia.com\/?page_id=33538"},"modified":"2024-10-20T20:36:52","modified_gmt":"2024-10-20T18:36:52","slug":"paraglajding-tako-blizu-sna-o-letenju","status":"publish","type":"page","link":"https:\/\/serbia.com\/srpski\/posetite-srbiju\/provedi-se\/ekstremni-sport\/paraglajding-tako-blizu-sna-o-letenju\/","title":{"rendered":"Paraglajding: tako blizu sna o letenju"},"content":{"rendered":"<h4 style=\"text-align: justify;\">Ostvarite \u010dovekov vekovni san o letenju i pre\u017eivite da pri\u010date o tome. Otkrijte paraglajding, slobodno sanjarite i zavolite Srbiju iz vazduha<\/h4>\n<p style=\"text-align: justify;\">Spakujete vi tako ranac, popnete se na brdo, raspakujete ranac, zaletite se i skok \u2013 sa brda u provaliju!\u00a0Ovo je samo po\u010detak pri\u010de o tome kako da ostvarite jedan od snova \u2013 kako da letite, a da, pre svega, to i pre\u017eivite \u2013 pri\u010de o tome kako je opijaju\u0107e jedrenje padobranom i za\u0161to na prvi ose\u0107aj mo\u017eete da se zaljubite u paraglajding.<\/p>\n<p style=\"text-align: justify;\">Da se vratimo na brdo s po\u010detka pri\u010de \u2013 sko\u010dite, razvije se to krilo izdu\u017eeno-elipsastog oblika, zavalite se u va\u0161e sedi\u0161te i poletite tako srpskim nebom\u2026<\/p>\n<p style=\"text-align: justify;\">S va\u0161e leve strane proplanci i \u0161ume, s desne se u daljini nazire reka. Vetar \u0107arlija, pa po nebu klizite polako, a sunce taman kakvo treba da bude \u2013 \u010dini da se voda daleko pod va\u0161im nogama svetluca i da kro\u0161nje drve\u0107a blje\u0161te zelenom bojom, pri tome ne pr\u017ee\u0107i svojom vrelinom\u2026<\/p>\n<p style=\"text-align: justify;\">Mo\u017eda se u toku leta kraj vas stvore i ptice, pa neko vreme letite sa njima zajedno\u2026 Mo\u017eete \u010dak, dok vam prave dru\u0161tvo, i da probate da ih pozdravite, ili da vi\u010dete na njih. Sami sa njima, na nebu, pa ko mo\u017ee da vas \u010duje?<\/p>\n<h4 style=\"text-align: justify;\">A kako do\u0107i do jedinstvenog ose\u0107aja slobode koji nudi paraglajding, kao jedan od najjednostavnijih na\u010dina da \u010dovek ostvari vekovni san o letenju?<\/h4>\n<p style=\"text-align: justify;\">U Srbiji to mo\u017eete da uradite ako odete na nekoliko mesta \u2013 na <strong>Vr\u0161a\u010dku kulu<\/strong>, do koje se sti\u017ee iz <a href=\"http:\/\/www.serbia.com\/srpski\/posetite-srbiju\/gradovi\/vrsac-lepa-varos\/\" target=\"_blank\" rel=\"noopener\"><strong>Vr\u0161ca<\/strong><\/a>; na <strong>Crni vrh<\/strong>, 15 kilometara zapadno od <strong><a href=\"http:\/\/www.serbia.com\/srpski\/24-sata-u-boru\/\" target=\"_blank\" rel=\"noopener\">Bora<\/a><\/strong>; na <strong>Gli\u0161ovske livade<\/strong>, 22 kilometra od <a href=\"http:\/\/www.serbia.com\/srpski\/posetite-srbiju\/gradovi\/kraljevo-grad-sedam-kraljeva\/\" target=\"_blank\" rel=\"noopener\"><strong>Kraljeva<\/strong><\/a>; u <strong><a href=\"http:\/\/www.serbia.com\/srpski\/posetite-srbiju\/prirodne-lepote\/banje\/niska-banja\/\" target=\"_blank\" rel=\"noopener\">Ni\u0161ku banju<\/a><\/strong>, u <strong><a href=\"http:\/\/www.serbia.com\/srpski\/posetite-srbiju\/kulturne-atrakcije\/arheoloska-nalazista\/vinca-kolevka-evropske-civilizacije\/\" target=\"_blank\" rel=\"noopener\">Vin\u010du<\/a><\/strong>, na <a href=\"http:\/\/www.serbia.com\/srpski\/posetite-srbiju\/prirodne-lepote\/planine\/kopaonik-suncana-planina-puna-srebra\/\" target=\"_blank\" rel=\"noopener\"><strong>Kopaonik<\/strong><\/a>, <strong>Rajac<\/strong>, <strong>Si\u0107evo<\/strong>, <strong>Rudnik<\/strong>, <a href=\"http:\/\/www.serbia.com\/srpski\/posetite-srbiju\/prirodne-lepote\/planine\/rtanj-misteriozna-lepotica-piramidalnog-oblika\/\" target=\"_blank\" rel=\"noopener\"><strong>Rtanj<\/strong><\/a>, <strong><a href=\"http:\/\/www.serbia.com\/srpski\/ovcarsko-kablarska-klisura-srpska-sveta-gora\/\">Ov\u010dar<\/a><\/strong>\u2026<\/p>\n<p style=\"text-align: justify;\"><img loading=\"lazy\" decoding=\"async\" class=\"alignleft wp-image-33531\" src=\"http:\/\/www.serbia.com\/wp-content\/uploads\/2015\/06\/paraglajding4-1024x449.jpg\" alt=\"paraglajding4\" width=\"450\" height=\"197\" srcset=\"https:\/\/serbia.com\/wp-content\/uploads\/2015\/06\/paraglajding4-1024x449.jpg 1024w, https:\/\/serbia.com\/wp-content\/uploads\/2015\/06\/paraglajding4-300x132.jpg 300w, https:\/\/serbia.com\/wp-content\/uploads\/2015\/06\/paraglajding4.jpg 1600w\" sizes=\"auto, (max-width: 450px) 100vw, 450px\" \/>Ono \u0161to je bitno za paraglajding je i \u010dinjenica da se u ovom sportu ne iska\u010de iz aviona.<\/p>\n<p style=\"text-align: justify;\">Potrebna oprema se lako pakuje u jedan ranac, te\u017eine od oko 15 kilograma, a potreban je neki vid prevoza do najbli\u017eeg pogodnog brda.<\/p>\n<p style=\"text-align: justify;\">Kada se prona\u0111e odgovaraju\u0107a lokacija, potrebno je manje od deset minuta za pripremu. Posle nekoliko koraka zaleta du\u017e padine brda i uz povoljna strujanja vazduha mo\u017ee se poleteti odmah.<\/p>\n<p style=\"text-align: justify;\">Dakle, ne trebaju vam aerodromi, skupe letelice ili bilo \u0161ta sli\u010dno \u2013 jednostavno, ne postoji lak\u0161i na\u010din za poletanje nego baviti se paraglajdingom.<\/p>\n<p style=\"text-align: justify;\"><strong>OBRATITE PA\u017dNJU:<\/strong> Poletanje bez kvalitetne teoretske pripreme i prakti\u010dne obuke, pod kontrolom instruktora, je velika \u0161ansa za nesre\u0107u. Zbog male brzine leta, svaka promena vetra i turbulencija mogu da ugroze bezbednost.<\/p>\n<p style=\"text-align: justify;\">Zato je dugotrajna i sistematska obuka jedini na\u010din da se \u0161to bezbednije i du\u017ee u\u017eiva u jedrenju padobranom i to do\u017eivi kao ne\u0161to \u0161to se nikada ne zaboravlja.<\/p>\n<h4 style=\"text-align: justify;\">Na svetskoj \u201cparaglajding mapi\u201d<\/h4>\n<p style=\"text-align: justify;\"><strong>U Srbiji su organizovana i neka od najpresti\u017enijih paraglajding takmi\u010denja<\/strong> \u2013 <strong>Svetski kup u paraglajdingu na Vi\u0161egradu<\/strong>, iznad sela Si\u0107eva (PWC-Si\u0107evo 2005), <strong>tre\u0107e Svetsko prvenstvo u preciznom sletanju<\/strong> na Koritnjaku, zatim <strong>Svetski kup u preciznom sletanju u Vr\u0161cu<\/strong>\u2026<\/p>\n<p style=\"text-align: justify;\">Naro\u010dito je zna\u010dajno da je kod nas odr\u017eano i <strong>Prvo evropsko prvenstvo u paraglajdingu<\/strong> u preciznom sletanju u Ni\u0161koj Banji \u2013 tada je <strong>srpska reprezetnacija postala ekipni \u0161ampion Evrope!<\/strong><\/p>\n","protected":false},"excerpt":{"rendered":"<p>Ostvarite \u010dovekov vekovni san o letenju i pre\u017eivite da pri\u010date o tome. Otkrijte paraglajding, slobodno sanjarite i zavolite Srbiju iz vazduha Spakujete vi tako ranac, popnete se na brdo, raspakujete [&hellip;]<\/p>\n","protected":false},"author":27,"featured_media":33531,"parent":20410,"menu_order":0,"comment_status":"closed","ping_status":"closed","template":"","meta":{"_acf_changed":false,"inline_featured_image":false,"_monsterinsights_skip_tracking":false,"_monsterinsights_sitenote_active":false,"_monsterinsights_sitenote_note":"","_monsterinsights_sitenote_category":0,"footnotes":""},"categories":[2192],"tags":[],"class_list":["post-33538","page","type-page","status-publish","has-post-thumbnail","hentry","category-ekstremni-sport-provedi-se"],"acf":[],"yoast_head":"<!-- This site is optimized with the Yoast SEO plugin v27.4 - https:\/\/yoast.com\/product\/yoast-seo-wordpress\/ -->\n<title>Paraglajding: tako blizu sna o letenju - Serbia.com<\/title>\n<meta name=\"robots\" content=\"index, follow, max-snippet:-1, max-image-preview:large, max-video-preview:-1\" \/>\n<link rel=\"canonical\" href=\"https:\/\/serbia.com\/srpski\/posetite-srbiju\/provedi-se\/ekstremni-sport\/paraglajding-tako-blizu-sna-o-letenju\/\" \/>\n<meta property=\"og:locale\" content=\"en_US\" \/>\n<meta property=\"og:type\" content=\"article\" \/>\n<meta property=\"og:title\" content=\"Paraglajding: tako blizu sna o letenju - Serbia.com\" \/>\n<meta property=\"og:description\" content=\"Ostvarite \u010dovekov vekovni san o letenju i pre\u017eivite da pri\u010date o tome. Otkrijte paraglajding, slobodno sanjarite i zavolite Srbiju iz vazduha Spakujete vi tako ranac, popnete se na brdo, raspakujete [&hellip;]\" \/>\n<meta property=\"og:url\" content=\"https:\/\/serbia.com\/srpski\/posetite-srbiju\/provedi-se\/ekstremni-sport\/paraglajding-tako-blizu-sna-o-letenju\/\" \/>\n<meta property=\"og:site_name\" content=\"Serbia.com\" \/>\n<meta property=\"article:modified_time\" content=\"2024-10-20T18:36:52+00:00\" \/>\n<meta property=\"og:image\" content=\"https:\/\/serbia.com\/wp-content\/uploads\/2015\/06\/paraglajding4.jpg\" \/>\n\t<meta property=\"og:image:width\" content=\"1600\" \/>\n\t<meta property=\"og:image:height\" content=\"702\" \/>\n\t<meta property=\"og:image:type\" content=\"image\/jpeg\" \/>\n<meta name=\"twitter:label1\" content=\"Est. reading time\" \/>\n\t<meta name=\"twitter:data1\" content=\"3 minutes\" \/>\n<script type=\"application\/ld+json\" class=\"yoast-schema-graph\">{\"@context\":\"https:\\\/\\\/schema.org\",\"@graph\":[{\"@type\":\"WebPage\",\"@id\":\"https:\\\/\\\/serbia.com\\\/srpski\\\/posetite-srbiju\\\/provedi-se\\\/ekstremni-sport\\\/paraglajding-tako-blizu-sna-o-letenju\\\/\",\"url\":\"https:\\\/\\\/serbia.com\\\/srpski\\\/posetite-srbiju\\\/provedi-se\\\/ekstremni-sport\\\/paraglajding-tako-blizu-sna-o-letenju\\\/\",\"name\":\"Paraglajding: tako blizu sna o letenju - Serbia.com\",\"isPartOf\":{\"@id\":\"https:\\\/\\\/serbia.com\\\/#website\"},\"primaryImageOfPage\":{\"@id\":\"https:\\\/\\\/serbia.com\\\/srpski\\\/posetite-srbiju\\\/provedi-se\\\/ekstremni-sport\\\/paraglajding-tako-blizu-sna-o-letenju\\\/#primaryimage\"},\"image\":{\"@id\":\"https:\\\/\\\/serbia.com\\\/srpski\\\/posetite-srbiju\\\/provedi-se\\\/ekstremni-sport\\\/paraglajding-tako-blizu-sna-o-letenju\\\/#primaryimage\"},\"thumbnailUrl\":\"https:\\\/\\\/serbia.com\\\/wp-content\\\/uploads\\\/2015\\\/06\\\/paraglajding4.jpg\",\"datePublished\":\"2015-06-04T13:03:19+00:00\",\"dateModified\":\"2024-10-20T18:36:52+00:00\",\"breadcrumb\":{\"@id\":\"https:\\\/\\\/serbia.com\\\/srpski\\\/posetite-srbiju\\\/provedi-se\\\/ekstremni-sport\\\/paraglajding-tako-blizu-sna-o-letenju\\\/#breadcrumb\"},\"inLanguage\":\"srpski\",\"potentialAction\":[{\"@type\":\"ReadAction\",\"target\":[\"https:\\\/\\\/serbia.com\\\/srpski\\\/posetite-srbiju\\\/provedi-se\\\/ekstremni-sport\\\/paraglajding-tako-blizu-sna-o-letenju\\\/\"]}]},{\"@type\":\"ImageObject\",\"inLanguage\":\"srpski\",\"@id\":\"https:\\\/\\\/serbia.com\\\/srpski\\\/posetite-srbiju\\\/provedi-se\\\/ekstremni-sport\\\/paraglajding-tako-blizu-sna-o-letenju\\\/#primaryimage\",\"url\":\"https:\\\/\\\/serbia.com\\\/wp-content\\\/uploads\\\/2015\\\/06\\\/paraglajding4.jpg\",\"contentUrl\":\"https:\\\/\\\/serbia.com\\\/wp-content\\\/uploads\\\/2015\\\/06\\\/paraglajding4.jpg\",\"width\":1600,\"height\":702},{\"@type\":\"BreadcrumbList\",\"@id\":\"https:\\\/\\\/serbia.com\\\/srpski\\\/posetite-srbiju\\\/provedi-se\\\/ekstremni-sport\\\/paraglajding-tako-blizu-sna-o-letenju\\\/#breadcrumb\",\"itemListElement\":[{\"@type\":\"ListItem\",\"position\":1,\"name\":\"Home\",\"item\":\"https:\\\/\\\/serbia.com\\\/srpski\\\/srbija\\\/\"},{\"@type\":\"ListItem\",\"position\":2,\"name\":\"Poseti Srbiju\",\"item\":\"https:\\\/\\\/serbia.com\\\/srpski\\\/posetite-srbiju\\\/\"},{\"@type\":\"ListItem\",\"position\":3,\"name\":\"Provedi se\",\"item\":\"https:\\\/\\\/serbia.com\\\/srpski\\\/posetite-srbiju\\\/provedi-se\\\/\"},{\"@type\":\"ListItem\",\"position\":4,\"name\":\"Ekstremni sportovi\",\"item\":\"https:\\\/\\\/serbia.com\\\/srpski\\\/posetite-srbiju\\\/provedi-se\\\/ekstremni-sport\\\/\"},{\"@type\":\"ListItem\",\"position\":5,\"name\":\"Paraglajding: tako blizu sna o letenju\"}]},{\"@type\":\"WebSite\",\"@id\":\"https:\\\/\\\/serbia.com\\\/#website\",\"url\":\"https:\\\/\\\/serbia.com\\\/\",\"name\":\"Serbia.com\",\"description\":\"Your Gateway to Serbia\",\"potentialAction\":[{\"@type\":\"SearchAction\",\"target\":{\"@type\":\"EntryPoint\",\"urlTemplate\":\"https:\\\/\\\/serbia.com\\\/?s={search_term_string}\"},\"query-input\":{\"@type\":\"PropertyValueSpecification\",\"valueRequired\":true,\"valueName\":\"search_term_string\"}}],\"inLanguage\":\"srpski\"}]}<\/script>\n<!-- \/ Yoast SEO plugin. -->","yoast_head_json":{"title":"Paraglajding: tako blizu sna o letenju - Serbia.com","robots":{"index":"index","follow":"follow","max-snippet":"max-snippet:-1","max-image-preview":"max-image-preview:large","max-video-preview":"max-video-preview:-1"},"canonical":"https:\/\/serbia.com\/srpski\/posetite-srbiju\/provedi-se\/ekstremni-sport\/paraglajding-tako-blizu-sna-o-letenju\/","og_locale":"en_US","og_type":"article","og_title":"Paraglajding: tako blizu sna o letenju - Serbia.com","og_description":"Ostvarite \u010dovekov vekovni san o letenju i pre\u017eivite da pri\u010date o tome. Otkrijte paraglajding, slobodno sanjarite i zavolite Srbiju iz vazduha Spakujete vi tako ranac, popnete se na brdo, raspakujete [&hellip;]","og_url":"https:\/\/serbia.com\/srpski\/posetite-srbiju\/provedi-se\/ekstremni-sport\/paraglajding-tako-blizu-sna-o-letenju\/","og_site_name":"Serbia.com","article_modified_time":"2024-10-20T18:36:52+00:00","og_image":[{"width":1600,"height":702,"url":"https:\/\/serbia.com\/wp-content\/uploads\/2015\/06\/paraglajding4.jpg","type":"image\/jpeg"}],"twitter_misc":{"Est. reading time":"3 minutes"},"schema":{"@context":"https:\/\/schema.org","@graph":[{"@type":"WebPage","@id":"https:\/\/serbia.com\/srpski\/posetite-srbiju\/provedi-se\/ekstremni-sport\/paraglajding-tako-blizu-sna-o-letenju\/","url":"https:\/\/serbia.com\/srpski\/posetite-srbiju\/provedi-se\/ekstremni-sport\/paraglajding-tako-blizu-sna-o-letenju\/","name":"Paraglajding: tako blizu sna o letenju - Serbia.com","isPartOf":{"@id":"https:\/\/serbia.com\/#website"},"primaryImageOfPage":{"@id":"https:\/\/serbia.com\/srpski\/posetite-srbiju\/provedi-se\/ekstremni-sport\/paraglajding-tako-blizu-sna-o-letenju\/#primaryimage"},"image":{"@id":"https:\/\/serbia.com\/srpski\/posetite-srbiju\/provedi-se\/ekstremni-sport\/paraglajding-tako-blizu-sna-o-letenju\/#primaryimage"},"thumbnailUrl":"https:\/\/serbia.com\/wp-content\/uploads\/2015\/06\/paraglajding4.jpg","datePublished":"2015-06-04T13:03:19+00:00","dateModified":"2024-10-20T18:36:52+00:00","breadcrumb":{"@id":"https:\/\/serbia.com\/srpski\/posetite-srbiju\/provedi-se\/ekstremni-sport\/paraglajding-tako-blizu-sna-o-letenju\/#breadcrumb"},"inLanguage":"srpski","potentialAction":[{"@type":"ReadAction","target":["https:\/\/serbia.com\/srpski\/posetite-srbiju\/provedi-se\/ekstremni-sport\/paraglajding-tako-blizu-sna-o-letenju\/"]}]},{"@type":"ImageObject","inLanguage":"srpski","@id":"https:\/\/serbia.com\/srpski\/posetite-srbiju\/provedi-se\/ekstremni-sport\/paraglajding-tako-blizu-sna-o-letenju\/#primaryimage","url":"https:\/\/serbia.com\/wp-content\/uploads\/2015\/06\/paraglajding4.jpg","contentUrl":"https:\/\/serbia.com\/wp-content\/uploads\/2015\/06\/paraglajding4.jpg","width":1600,"height":702},{"@type":"BreadcrumbList","@id":"https:\/\/serbia.com\/srpski\/posetite-srbiju\/provedi-se\/ekstremni-sport\/paraglajding-tako-blizu-sna-o-letenju\/#breadcrumb","itemListElement":[{"@type":"ListItem","position":1,"name":"Home","item":"https:\/\/serbia.com\/srpski\/srbija\/"},{"@type":"ListItem","position":2,"name":"Poseti Srbiju","item":"https:\/\/serbia.com\/srpski\/posetite-srbiju\/"},{"@type":"ListItem","position":3,"name":"Provedi se","item":"https:\/\/serbia.com\/srpski\/posetite-srbiju\/provedi-se\/"},{"@type":"ListItem","position":4,"name":"Ekstremni sportovi","item":"https:\/\/serbia.com\/srpski\/posetite-srbiju\/provedi-se\/ekstremni-sport\/"},{"@type":"ListItem","position":5,"name":"Paraglajding: tako blizu sna o letenju"}]},{"@type":"WebSite","@id":"https:\/\/serbia.com\/#website","url":"https:\/\/serbia.com\/","name":"Serbia.com","description":"Your Gateway to Serbia","potentialAction":[{"@type":"SearchAction","target":{"@type":"EntryPoint","urlTemplate":"https:\/\/serbia.com\/?s={search_term_string}"},"query-input":{"@type":"PropertyValueSpecification","valueRequired":true,"valueName":"search_term_string"}}],"inLanguage":"srpski"}]}},"brizy_media":[],"_links":{"self":[{"href":"https:\/\/serbia.com\/srpski\/wp-json\/wp\/v2\/pages\/33538","targetHints":{"allow":["GET"]}}],"collection":[{"href":"https:\/\/serbia.com\/srpski\/wp-json\/wp\/v2\/pages"}],"about":[{"href":"https:\/\/serbia.com\/srpski\/wp-json\/wp\/v2\/types\/page"}],"author":[{"embeddable":true,"href":"https:\/\/serbia.com\/srpski\/wp-json\/wp\/v2\/users\/27"}],"replies":[{"embeddable":true,"href":"https:\/\/serbia.com\/srpski\/wp-json\/wp\/v2\/comments?post=33538"}],"version-history":[{"count":1,"href":"https:\/\/serbia.com\/srpski\/wp-json\/wp\/v2\/pages\/33538\/revisions"}],"predecessor-version":[{"id":55780,"href":"https:\/\/serbia.com\/srpski\/wp-json\/wp\/v2\/pages\/33538\/revisions\/55780"}],"up":[{"embeddable":true,"href":"https:\/\/serbia.com\/srpski\/wp-json\/wp\/v2\/pages\/20410"}],"wp:featuredmedia":[{"embeddable":true,"href":"https:\/\/serbia.com\/srpski\/wp-json\/wp\/v2\/media\/33531"}],"wp:attachment":[{"href":"https:\/\/serbia.com\/srpski\/wp-json\/wp\/v2\/media?parent=33538"}],"wp:term":[{"taxonomy":"category","embeddable":true,"href":"https:\/\/serbia.com\/srpski\/wp-json\/wp\/v2\/categories?post=33538"},{"taxonomy":"post_tag","embeddable":true,"href":"https:\/\/serbia.com\/srpski\/wp-json\/wp\/v2\/tags?post=33538"}],"curies":[{"name":"wp","href":"https:\/\/api.w.org\/{rel}","templated":true}]}}