{"id":33516,"date":"2015-06-04T14:31:46","date_gmt":"2015-06-04T12:31:46","guid":{"rendered":"http:\/\/www.serbia.com\/?page_id=33516"},"modified":"2024-10-20T20:36:15","modified_gmt":"2024-10-20T18:36:15","slug":"padobranstvo-bezbednije-od-svakodnevnice","status":"publish","type":"page","link":"https:\/\/serbia.com\/srpski\/posetite-srbiju\/provedi-se\/ekstremni-sport\/padobranstvo-bezbednije-od-svakodnevnice\/","title":{"rendered":"Padobranstvo: bezbednije od svakodnevnice"},"content":{"rendered":"<h4 style=\"text-align: justify;\">Pobedite strah od visine i u\u010dinite da vam\u00a0se telo kre\u0107e br\u017ee od automobilia. Otkrijte padobranstvo!<\/h4>\n<p style=\"text-align: justify;\"><strong>Ako \u017eelite da pri\u0111ete vrlo blizu ostvarenju ve\u010dnog ljudskog sna o letenju<\/strong> iako \u0107ete pri tome prkositi smrti, <strong>ako \u017eelite da osetite kako izgleda kada vam se telo kre\u0107e br\u017ee od ve\u0107ine automobila<\/strong> (180 do 200 km\/h ako letite stomakom okrenuti ka zemlji, a \u010dak i vi\u0161e od 350 km\/h ako se ustremite glavom ili nogama ka tlu), onda je padobranstvo pravi sport za vas.<\/p>\n<p style=\"text-align: justify;\">Ali treba da imate u vidu da padobranstvo nije jeftin sport \u2013 naro\u010dito ako \u017eelite da kupite kompletnu opremu ili dobijete dozvolu sportskog padobranca \u201cA\u201d.<\/p>\n<p style=\"text-align: justify;\"><img loading=\"lazy\" decoding=\"async\" class=\"alignleft wp-image-16853\" src=\"http:\/\/www.serbia.com\/wp-content\/uploads\/2012\/12\/padobranstvo.jpg\" alt=\"padobranstvo 11\" width=\"400\" height=\"300\" srcset=\"https:\/\/serbia.com\/wp-content\/uploads\/2012\/12\/padobranstvo.jpg 640w, https:\/\/serbia.com\/wp-content\/uploads\/2012\/12\/padobranstvo-300x225.jpg 300w\" sizes=\"(max-width: 400px) 100vw, 400px\" \/>Ali, ako vam je mnogo da platite klasi\u010dnu obuku, ako vas mukotrpna i dugotrajna obuka zamara, mrzi vas da \u010dekate lekarsko uverenje, <strong>tandem skok<\/strong> je idealno re\u0161enje.<\/p>\n<p style=\"text-align: justify;\">To je, u stvari, padobranski skok koji se izvodi sa tandem masterom \u2013 specijalno obu\u010denim, iskusnim padobracem i putnikom kroz vazduh.<\/p>\n<p style=\"text-align: justify;\">Dodu\u0161e, postoje uslovi za izvo\u0111enje ovog skoka, u zavisnosti od padobranskog kluba \u2013 morate da imate bar 13 ili 16 godina i da se ose\u0107ate sposobnim za skok.<\/p>\n<p style=\"text-align: justify;\">I jo\u0161 ne\u0161to \u2013 ne smete da budete elegantno popunjeni, odnosno buca \u2013 morate da imate manje od 100 kilograma (u nekim klubovima 110).<\/p>\n<p style=\"text-align: justify;\">Padobranstvo, dakle, mo\u017ee da bude i dodatan podsticaj za pobolj\u0161anje va\u0161eg zdravlja ako prelazite ovu granicu \u2013 vo\u0111enjem ra\u010duna o telesnoj te\u017eini u\u010dini\u0107ete uslugu i svom srcu i ostatku tela, a mo\u0107i \u0107ete da ispunite svoj san \u2013 da <strong>iskusite avanturu slobodnog pada!<\/strong><\/p>\n<p style=\"text-align: justify;\">Tandem skokovi se izvode na sportskom aerodromu<strong> Lisi\u010diji Jarak<\/strong> pokraj <a href=\"http:\/\/www.serbia.com\/srpski\/posetite-srbiju\/gradovi\/beograd\/\" target=\"_blank\" rel=\"noopener\">Beograda<\/a>, na putu Beograd-Zrenjanin, na aerodromu E\u010dka u <a href=\"http:\/\/www.serbia.com\/srpski\/posetite-srbiju\/gradovi\/zrenjanin-multikulturalni-grad-buducnosti\/\" target=\"_blank\" rel=\"noopener\">Zrenjaninu<\/a>, sportskim aerodromima u <a href=\"http:\/\/www.serbia.com\/srpski\/posetite-srbiju\/gradovi\/novi-sad\/\" target=\"_blank\" rel=\"noopener\">Novom Sadu<\/a>, Kikindi, <a href=\"http:\/\/www.serbia.com\/srpski\/posetite-srbiju\/gradovi\/subotica\/\" target=\"_blank\" rel=\"noopener\">Subotici<\/a>\u2026<\/p>\n<p style=\"text-align: justify;\">U slobodnom padu mo\u017eete da radite sve \u0161to i ptice, osim da letite nagore.<\/p>\n<h4 style=\"text-align: justify;\">Prvi padobranci \u2013 mu\u017e i \u017eena<\/h4>\n<p style=\"text-align: justify;\">Istoriju padobranstva po\u010deo je da ispisuje <strong>Francuz Andre-\u017dak Garneran<\/strong> (1769-1823), <strong>sko\u010div\u0161i iz balona 22. oktobra 1797. godine u Parizu.<\/strong><\/p>\n<p style=\"text-align: justify;\">Garneran je sa oko 900 metara visine sko\u010dio sa svilenim padobranom, a ina\u010de je poznat i kao izumitelj prvog padobrana bez okvira (od nekrutih materijala).<\/p>\n<p style=\"text-align: justify;\"><strong>Njegova supruga \u017dan-\u017denevjev, poznata je kao prva \u017eena padobranac<\/strong>. Ona je iz balona sko\u010dila 11. oktobra 1802. godine.<\/p>\n<p style=\"text-align: justify;\">Andre-\u017dak Garneren je umro u nesre\u0107i dok je pravio balon kada ga je udarila greda.<\/p>\n","protected":false},"excerpt":{"rendered":"<p>Pobedite strah od visine i u\u010dinite da vam\u00a0se telo kre\u0107e br\u017ee od automobilia. Otkrijte padobranstvo! Ako \u017eelite da pri\u0111ete vrlo blizu ostvarenju ve\u010dnog ljudskog sna o letenju iako \u0107ete pri [&hellip;]<\/p>\n","protected":false},"author":27,"featured_media":33508,"parent":20410,"menu_order":0,"comment_status":"closed","ping_status":"closed","template":"","meta":{"_acf_changed":false,"inline_featured_image":false,"_monsterinsights_skip_tracking":false,"_monsterinsights_sitenote_active":false,"_monsterinsights_sitenote_note":"","_monsterinsights_sitenote_category":0,"footnotes":""},"categories":[2192],"tags":[],"class_list":["post-33516","page","type-page","status-publish","has-post-thumbnail","hentry","category-ekstremni-sport-provedi-se"],"acf":[],"yoast_head":"<!-- This site is optimized with the Yoast SEO plugin v23.8 - https:\/\/yoast.com\/wordpress\/plugins\/seo\/ -->\n<title>Padobranstvo: bezbednije od svakodnevnice - Serbia.com<\/title>\n<meta name=\"robots\" content=\"index, follow, max-snippet:-1, max-image-preview:large, max-video-preview:-1\" \/>\n<link rel=\"canonical\" href=\"https:\/\/serbia.com\/srpski\/posetite-srbiju\/provedi-se\/ekstremni-sport\/padobranstvo-bezbednije-od-svakodnevnice\/\" \/>\n<meta property=\"og:locale\" content=\"en_US\" \/>\n<meta property=\"og:type\" content=\"article\" \/>\n<meta property=\"og:title\" content=\"Padobranstvo: bezbednije od svakodnevnice - Serbia.com\" \/>\n<meta property=\"og:description\" content=\"Pobedite strah od visine i u\u010dinite da vam\u00a0se telo kre\u0107e br\u017ee od automobilia. Otkrijte padobranstvo! Ako \u017eelite da pri\u0111ete vrlo blizu ostvarenju ve\u010dnog ljudskog sna o letenju iako \u0107ete pri [&hellip;]\" \/>\n<meta property=\"og:url\" content=\"https:\/\/serbia.com\/srpski\/posetite-srbiju\/provedi-se\/ekstremni-sport\/padobranstvo-bezbednije-od-svakodnevnice\/\" \/>\n<meta property=\"og:site_name\" content=\"Serbia.com\" \/>\n<meta property=\"article:modified_time\" content=\"2024-10-20T18:36:15+00:00\" \/>\n<meta property=\"og:image\" content=\"https:\/\/serbia.com\/wp-content\/uploads\/2015\/06\/padobranstvo3.jpg\" \/>\n\t<meta property=\"og:image:width\" content=\"1600\" \/>\n\t<meta property=\"og:image:height\" content=\"674\" \/>\n\t<meta property=\"og:image:type\" content=\"image\/jpeg\" \/>\n<meta name=\"twitter:label1\" content=\"Est. reading time\" \/>\n\t<meta name=\"twitter:data1\" content=\"2 minutes\" \/>\n<script type=\"application\/ld+json\" class=\"yoast-schema-graph\">{\"@context\":\"https:\/\/schema.org\",\"@graph\":[{\"@type\":\"WebPage\",\"@id\":\"https:\/\/serbia.com\/srpski\/posetite-srbiju\/provedi-se\/ekstremni-sport\/padobranstvo-bezbednije-od-svakodnevnice\/\",\"url\":\"https:\/\/serbia.com\/srpski\/posetite-srbiju\/provedi-se\/ekstremni-sport\/padobranstvo-bezbednije-od-svakodnevnice\/\",\"name\":\"Padobranstvo: bezbednije od svakodnevnice - Serbia.com\",\"isPartOf\":{\"@id\":\"https:\/\/serbia.com\/#website\"},\"primaryImageOfPage\":{\"@id\":\"https:\/\/serbia.com\/srpski\/posetite-srbiju\/provedi-se\/ekstremni-sport\/padobranstvo-bezbednije-od-svakodnevnice\/#primaryimage\"},\"image\":{\"@id\":\"https:\/\/serbia.com\/srpski\/posetite-srbiju\/provedi-se\/ekstremni-sport\/padobranstvo-bezbednije-od-svakodnevnice\/#primaryimage\"},\"thumbnailUrl\":\"https:\/\/serbia.com\/wp-content\/uploads\/2015\/06\/padobranstvo3.jpg\",\"datePublished\":\"2015-06-04T12:31:46+00:00\",\"dateModified\":\"2024-10-20T18:36:15+00:00\",\"breadcrumb\":{\"@id\":\"https:\/\/serbia.com\/srpski\/posetite-srbiju\/provedi-se\/ekstremni-sport\/padobranstvo-bezbednije-od-svakodnevnice\/#breadcrumb\"},\"inLanguage\":\"srpski\",\"potentialAction\":[{\"@type\":\"ReadAction\",\"target\":[\"https:\/\/serbia.com\/srpski\/posetite-srbiju\/provedi-se\/ekstremni-sport\/padobranstvo-bezbednije-od-svakodnevnice\/\"]}]},{\"@type\":\"ImageObject\",\"inLanguage\":\"srpski\",\"@id\":\"https:\/\/serbia.com\/srpski\/posetite-srbiju\/provedi-se\/ekstremni-sport\/padobranstvo-bezbednije-od-svakodnevnice\/#primaryimage\",\"url\":\"https:\/\/serbia.com\/wp-content\/uploads\/2015\/06\/padobranstvo3.jpg\",\"contentUrl\":\"https:\/\/serbia.com\/wp-content\/uploads\/2015\/06\/padobranstvo3.jpg\",\"width\":1600,\"height\":674},{\"@type\":\"BreadcrumbList\",\"@id\":\"https:\/\/serbia.com\/srpski\/posetite-srbiju\/provedi-se\/ekstremni-sport\/padobranstvo-bezbednije-od-svakodnevnice\/#breadcrumb\",\"itemListElement\":[{\"@type\":\"ListItem\",\"position\":1,\"name\":\"Home\",\"item\":\"https:\/\/serbia.com\/srpski\/\"},{\"@type\":\"ListItem\",\"position\":2,\"name\":\"Poseti Srbiju\",\"item\":\"https:\/\/serbia.com\/srpski\/posetite-srbiju\/\"},{\"@type\":\"ListItem\",\"position\":3,\"name\":\"Provedi se\",\"item\":\"https:\/\/serbia.com\/srpski\/posetite-srbiju\/provedi-se\/\"},{\"@type\":\"ListItem\",\"position\":4,\"name\":\"Ekstremni sportovi\",\"item\":\"https:\/\/serbia.com\/srpski\/posetite-srbiju\/provedi-se\/ekstremni-sport\/\"},{\"@type\":\"ListItem\",\"position\":5,\"name\":\"Padobranstvo: bezbednije od svakodnevnice\"}]},{\"@type\":\"WebSite\",\"@id\":\"https:\/\/serbia.com\/#website\",\"url\":\"https:\/\/serbia.com\/\",\"name\":\"Serbia.com\",\"description\":\"Your Gateway to Serbia\",\"potentialAction\":[{\"@type\":\"SearchAction\",\"target\":{\"@type\":\"EntryPoint\",\"urlTemplate\":\"https:\/\/serbia.com\/?s={search_term_string}\"},\"query-input\":{\"@type\":\"PropertyValueSpecification\",\"valueRequired\":true,\"valueName\":\"search_term_string\"}}],\"inLanguage\":\"srpski\"}]}<\/script>\n<!-- \/ Yoast SEO plugin. -->","yoast_head_json":{"title":"Padobranstvo: bezbednije od svakodnevnice - Serbia.com","robots":{"index":"index","follow":"follow","max-snippet":"max-snippet:-1","max-image-preview":"max-image-preview:large","max-video-preview":"max-video-preview:-1"},"canonical":"https:\/\/serbia.com\/srpski\/posetite-srbiju\/provedi-se\/ekstremni-sport\/padobranstvo-bezbednije-od-svakodnevnice\/","og_locale":"en_US","og_type":"article","og_title":"Padobranstvo: bezbednije od svakodnevnice - Serbia.com","og_description":"Pobedite strah od visine i u\u010dinite da vam\u00a0se telo kre\u0107e br\u017ee od automobilia. Otkrijte padobranstvo! Ako \u017eelite da pri\u0111ete vrlo blizu ostvarenju ve\u010dnog ljudskog sna o letenju iako \u0107ete pri [&hellip;]","og_url":"https:\/\/serbia.com\/srpski\/posetite-srbiju\/provedi-se\/ekstremni-sport\/padobranstvo-bezbednije-od-svakodnevnice\/","og_site_name":"Serbia.com","article_modified_time":"2024-10-20T18:36:15+00:00","og_image":[{"width":1600,"height":674,"url":"https:\/\/serbia.com\/wp-content\/uploads\/2015\/06\/padobranstvo3.jpg","type":"image\/jpeg"}],"twitter_misc":{"Est. reading time":"2 minutes"},"schema":{"@context":"https:\/\/schema.org","@graph":[{"@type":"WebPage","@id":"https:\/\/serbia.com\/srpski\/posetite-srbiju\/provedi-se\/ekstremni-sport\/padobranstvo-bezbednije-od-svakodnevnice\/","url":"https:\/\/serbia.com\/srpski\/posetite-srbiju\/provedi-se\/ekstremni-sport\/padobranstvo-bezbednije-od-svakodnevnice\/","name":"Padobranstvo: bezbednije od svakodnevnice - Serbia.com","isPartOf":{"@id":"https:\/\/serbia.com\/#website"},"primaryImageOfPage":{"@id":"https:\/\/serbia.com\/srpski\/posetite-srbiju\/provedi-se\/ekstremni-sport\/padobranstvo-bezbednije-od-svakodnevnice\/#primaryimage"},"image":{"@id":"https:\/\/serbia.com\/srpski\/posetite-srbiju\/provedi-se\/ekstremni-sport\/padobranstvo-bezbednije-od-svakodnevnice\/#primaryimage"},"thumbnailUrl":"https:\/\/serbia.com\/wp-content\/uploads\/2015\/06\/padobranstvo3.jpg","datePublished":"2015-06-04T12:31:46+00:00","dateModified":"2024-10-20T18:36:15+00:00","breadcrumb":{"@id":"https:\/\/serbia.com\/srpski\/posetite-srbiju\/provedi-se\/ekstremni-sport\/padobranstvo-bezbednije-od-svakodnevnice\/#breadcrumb"},"inLanguage":"srpski","potentialAction":[{"@type":"ReadAction","target":["https:\/\/serbia.com\/srpski\/posetite-srbiju\/provedi-se\/ekstremni-sport\/padobranstvo-bezbednije-od-svakodnevnice\/"]}]},{"@type":"ImageObject","inLanguage":"srpski","@id":"https:\/\/serbia.com\/srpski\/posetite-srbiju\/provedi-se\/ekstremni-sport\/padobranstvo-bezbednije-od-svakodnevnice\/#primaryimage","url":"https:\/\/serbia.com\/wp-content\/uploads\/2015\/06\/padobranstvo3.jpg","contentUrl":"https:\/\/serbia.com\/wp-content\/uploads\/2015\/06\/padobranstvo3.jpg","width":1600,"height":674},{"@type":"BreadcrumbList","@id":"https:\/\/serbia.com\/srpski\/posetite-srbiju\/provedi-se\/ekstremni-sport\/padobranstvo-bezbednije-od-svakodnevnice\/#breadcrumb","itemListElement":[{"@type":"ListItem","position":1,"name":"Home","item":"https:\/\/serbia.com\/srpski\/"},{"@type":"ListItem","position":2,"name":"Poseti Srbiju","item":"https:\/\/serbia.com\/srpski\/posetite-srbiju\/"},{"@type":"ListItem","position":3,"name":"Provedi se","item":"https:\/\/serbia.com\/srpski\/posetite-srbiju\/provedi-se\/"},{"@type":"ListItem","position":4,"name":"Ekstremni sportovi","item":"https:\/\/serbia.com\/srpski\/posetite-srbiju\/provedi-se\/ekstremni-sport\/"},{"@type":"ListItem","position":5,"name":"Padobranstvo: bezbednije od svakodnevnice"}]},{"@type":"WebSite","@id":"https:\/\/serbia.com\/#website","url":"https:\/\/serbia.com\/","name":"Serbia.com","description":"Your Gateway to Serbia","potentialAction":[{"@type":"SearchAction","target":{"@type":"EntryPoint","urlTemplate":"https:\/\/serbia.com\/?s={search_term_string}"},"query-input":{"@type":"PropertyValueSpecification","valueRequired":true,"valueName":"search_term_string"}}],"inLanguage":"srpski"}]}},"_links":{"self":[{"href":"https:\/\/serbia.com\/srpski\/wp-json\/wp\/v2\/pages\/33516"}],"collection":[{"href":"https:\/\/serbia.com\/srpski\/wp-json\/wp\/v2\/pages"}],"about":[{"href":"https:\/\/serbia.com\/srpski\/wp-json\/wp\/v2\/types\/page"}],"author":[{"embeddable":true,"href":"https:\/\/serbia.com\/srpski\/wp-json\/wp\/v2\/users\/27"}],"replies":[{"embeddable":true,"href":"https:\/\/serbia.com\/srpski\/wp-json\/wp\/v2\/comments?post=33516"}],"version-history":[{"count":1,"href":"https:\/\/serbia.com\/srpski\/wp-json\/wp\/v2\/pages\/33516\/revisions"}],"predecessor-version":[{"id":55779,"href":"https:\/\/serbia.com\/srpski\/wp-json\/wp\/v2\/pages\/33516\/revisions\/55779"}],"up":[{"embeddable":true,"href":"https:\/\/serbia.com\/srpski\/wp-json\/wp\/v2\/pages\/20410"}],"wp:featuredmedia":[{"embeddable":true,"href":"https:\/\/serbia.com\/srpski\/wp-json\/wp\/v2\/media\/33508"}],"wp:attachment":[{"href":"https:\/\/serbia.com\/srpski\/wp-json\/wp\/v2\/media?parent=33516"}],"wp:term":[{"taxonomy":"category","embeddable":true,"href":"https:\/\/serbia.com\/srpski\/wp-json\/wp\/v2\/categories?post=33516"},{"taxonomy":"post_tag","embeddable":true,"href":"https:\/\/serbia.com\/srpski\/wp-json\/wp\/v2\/tags?post=33516"}],"curies":[{"name":"wp","href":"https:\/\/api.w.org\/{rel}","templated":true}]}}