{"id":33493,"date":"2015-06-04T13:19:31","date_gmt":"2015-06-04T11:19:31","guid":{"rendered":"http:\/\/www.serbia.com\/?page_id=33493"},"modified":"2024-10-20T20:35:32","modified_gmt":"2024-10-20T18:35:32","slug":"rafting-spust-niz-divlje-reke","status":"publish","type":"page","link":"https:\/\/serbia.com\/srpski\/posetite-srbiju\/provedi-se\/ekstremni-sport\/rafting-spust-niz-divlje-reke\/","title":{"rendered":"Rafting: Spust niz divlje reke"},"content":{"rendered":"<h4 style=\"text-align: justify;\">Prepustite se brzim srpskim rekama i vo\u0111stvu iskusnih skipera \u2013 Ibar, Lim, Ni\u0161ava ili Drina, svejedno \u2013 rafting \u0107e vas ostaviti bez daha.<\/h4>\n<p style=\"text-align: justify;\">Mo\u017eda se ne\u0107ete ba\u0161 vratiti u praistoriju pa da hvatate ribe golim rukama, ali ako se odlu\u010dite da rafting divljim srpskim rekama, sigurno \u0107ete osetiti bar deli\u0107 navale adrenalina koji su ose\u0107ali na\u0161i preci kad bi, dr\u017ee\u0107i se za balvan, poku\u0161ali da se spuste niz brze vode.<\/p>\n<p style=\"text-align: justify;\">Danas, kada se takvo splavarenje, poznato i kao rafting, sprovodi u kontrolisanijim uslovima i uz opremu i tehnologije koje u praistoriji nisu bile dostupne, <strong>uzbu\u0111enje koje \u0107ete do\u017eiveti spu\u0161taju\u0107i se Ibrom, Limom, Ni\u0161avom ili <a href=\"http:\/\/www.serbia.com\/srpski\/posetite-srbiju\/prirodne-lepote\/reke-i-jezera\/drina-divlja-smaragdna-lepotica\/\" target=\"_blank\" rel=\"noopener\">Drinom<\/a>, bi\u0107e avantura koja se ne zaboravlja\u2026<\/strong><\/p>\n<p style=\"text-align: justify;\">Ose\u0107aj borbe protiv prirode i pobeda \u2013 kad pro\u0111ete neki od brzaka posle mahnitog veslanja i u\u0111ete u mirnu vodu \u2013 ravan je ose\u0107aju koji imate kad vam sve stvari u \u017eivotu idu kao pod konac.<\/p>\n<p style=\"text-align: justify;\">Slo\u017ei\u0107ete se, to se u \u017eivotu retko de\u0161ava, i zato je <strong>odlazak na splavarenje jedna od boljih stvari koje mo\u017eete sebi da priredite.<\/strong><\/p>\n<p style=\"text-align: justify;\">Odmah da znate \u2013 to \u0161to ste pobedili prirodu \u2013 to nije zato \u0161to ste mnogo jaki, ve\u0107 zato \u0161to su iskusni vodi\u010di procenili da nema opasnosti da pro\u0111ete brzake neke reke, jer bezbednost je ovde na prvom mestu, po\u010dev od gumenih \u010damaca, preko opreme \u2013 neoprenskih odela i obu\u0107e, kaciga, sigurnosnih prsluka\u2026<\/p>\n<p style=\"text-align: justify;\">A sa vama \u0107e u \u010damcu uvek veslati i neko od veterana i vodi\u010di, koje jo\u0161 zovu i skiperi, koji \u0107e sa \u201dzadnjeg sedi\u0161ta\u201d upravljati \u010damcem tako da ne morate preterano da brinete o bezbednosti.<\/p>\n<p style=\"text-align: justify;\">Na rafting mo\u017eete da odete na dan ili dva, ali dobra strana odlaska na \u201dprodu\u017eeni rafting\u201d, preko vikenda je<strong> boravak u rafting kampu \u2013 uz no\u0107enje, hranu iz kampa i obavezne logorske vatre uz muziku i pesmu<\/strong>.<\/p>\n<p style=\"text-align: justify;\">Zna\u010di, ako re\u0161ite da provedete vikend ne spavaju\u0107i, ako niste samo ljubitelj prirode i avanture, nego i dobrog zalogaja, dobre kapljice i, prete\u017eno, dobrih nota i fal\u0161 pevanja (te\u0161ko je uhvatiti tonalitet posle splavarenja, pa jagnjetine ispod sa\u010da, pa <a href=\"http:\/\/www.serbia.com\/srpski\/sljivovica-kraljica-srpskih-rakija\/\">doma\u0107e rakijice<\/a> ili ponekog piva), onda je ovo savr\u0161en provod za vas!<\/p>\n<p style=\"text-align: justify;\">S druge strane, ako \u017eelite ba\u0161 da se odmorite, rafting kampovi vam nude i apartmane, udaljene od buke, u kojima \u0107ete mo\u0107i da se opustite i pripremite se za novo spu\u0161tanje niz neku od divljih srpskih reka.<\/p>\n<h4 style=\"text-align: justify;\">Veseli spust<\/h4>\n<p style=\"text-align: justify;\">U svom toku od <strong>srednjovekovnog grada <a href=\"https:\/\/serbia.com\/srpski\/posetite-srbiju\/kulturne-atrakcije\/dvorci-i-tvrdave\/tvrdava-maglic-misteriozni-vremeplov-iz-13-veka\/\">Magli\u010da<\/a><\/strong> do <a href=\"http:\/\/www.serbia.com\/srpski\/posetite-srbiju\/gradovi\/kraljevo-grad-sedam-kraljeva\/\" target=\"_blank\" rel=\"noopener\"><strong>Kraljeva<\/strong><\/a>, na trasi duga\u010dkoj 25 kilometara, dotad mirni Ibar kao da se razgoropadi. Ba\u0161 tim tokom, od 1990. godine, vozi se takozvani <strong>\u201dVeseli spust\u201d<\/strong> \u2013 sportsko-turisti\u010dka manifestacija koja se tradicionalno odr\u017eava svake poslednje nedelje u junu.<\/p>\n<p style=\"text-align: justify;\">Na prvom \u201dVeselom spustu\u201d jedva se okupilo oko 150 ljudi sa 20 najrazli\u010ditijih plovila, <strong>a danas ne do\u0111e manje od 10.000 doma\u0107ih i stranih u\u010desnika!<\/strong> Skup prakti\u010dno traje nekoliko dana, jer kamperi dolaze tokom cele poslednje sedmice juna, ali u sam dan, nedelju, Ibrom zaplovi hiljade svim i sva\u010dim ukra\u0161enih \u010damaca i najrazli\u010ditijih plovila sa veselim posadama.<\/p>\n<p style=\"text-align: justify;\">Splavarenje Ibrom se na kratko prekida u Mataru\u0161koj banji, gde se za u\u010desnike regate tradicionalno priprema pasulj. Ko \u017eeli, mo\u017ee da nastavi do krajnje odrednice \u2013 Kraljeva, a ko je \u201dumoran\u201d od previ\u0161e piva ili \u0161ljivovice, mo\u017ee da ostane usidren i u\u017eiva.<\/p>\n","protected":false},"excerpt":{"rendered":"<p>Prepustite se brzim srpskim rekama i vo\u0111stvu iskusnih skipera \u2013 Ibar, Lim, Ni\u0161ava ili Drina, svejedno \u2013 rafting \u0107e vas ostaviti bez daha. Mo\u017eda se ne\u0107ete ba\u0161 vratiti u praistoriju [&hellip;]<\/p>\n","protected":false},"author":27,"featured_media":51118,"parent":20410,"menu_order":0,"comment_status":"closed","ping_status":"closed","template":"","meta":{"_acf_changed":false,"inline_featured_image":false,"_monsterinsights_skip_tracking":false,"_monsterinsights_sitenote_active":false,"_monsterinsights_sitenote_note":"","_monsterinsights_sitenote_category":0,"footnotes":""},"categories":[2192],"tags":[],"class_list":["post-33493","page","type-page","status-publish","has-post-thumbnail","hentry","category-ekstremni-sport-provedi-se"],"acf":[],"yoast_head":"<!-- This site is optimized with the Yoast SEO plugin v27.4 - https:\/\/yoast.com\/product\/yoast-seo-wordpress\/ -->\n<title>Rafting: Spust niz divlje reke - Serbia.com<\/title>\n<meta name=\"robots\" content=\"index, follow, max-snippet:-1, max-image-preview:large, max-video-preview:-1\" \/>\n<link rel=\"canonical\" href=\"https:\/\/serbia.com\/srpski\/posetite-srbiju\/provedi-se\/ekstremni-sport\/rafting-spust-niz-divlje-reke\/\" \/>\n<meta property=\"og:locale\" content=\"en_US\" \/>\n<meta property=\"og:type\" content=\"article\" \/>\n<meta property=\"og:title\" content=\"Rafting: Spust niz divlje reke - Serbia.com\" \/>\n<meta property=\"og:description\" content=\"Prepustite se brzim srpskim rekama i vo\u0111stvu iskusnih skipera \u2013 Ibar, Lim, Ni\u0161ava ili Drina, svejedno \u2013 rafting \u0107e vas ostaviti bez daha. Mo\u017eda se ne\u0107ete ba\u0161 vratiti u praistoriju [&hellip;]\" \/>\n<meta property=\"og:url\" content=\"https:\/\/serbia.com\/srpski\/posetite-srbiju\/provedi-se\/ekstremni-sport\/rafting-spust-niz-divlje-reke\/\" \/>\n<meta property=\"og:site_name\" content=\"Serbia.com\" \/>\n<meta property=\"article:modified_time\" content=\"2024-10-20T18:35:32+00:00\" \/>\n<meta property=\"og:image\" content=\"https:\/\/serbia.com\/wp-content\/uploads\/2016\/04\/rafting-tara-slajder.jpg\" \/>\n\t<meta property=\"og:image:width\" content=\"1600\" \/>\n\t<meta property=\"og:image:height\" content=\"684\" \/>\n\t<meta property=\"og:image:type\" content=\"image\/jpeg\" \/>\n<meta name=\"twitter:label1\" content=\"Est. reading time\" \/>\n\t<meta name=\"twitter:data1\" content=\"3 minutes\" \/>\n<script type=\"application\/ld+json\" class=\"yoast-schema-graph\">{\"@context\":\"https:\\\/\\\/schema.org\",\"@graph\":[{\"@type\":\"WebPage\",\"@id\":\"https:\\\/\\\/serbia.com\\\/srpski\\\/posetite-srbiju\\\/provedi-se\\\/ekstremni-sport\\\/rafting-spust-niz-divlje-reke\\\/\",\"url\":\"https:\\\/\\\/serbia.com\\\/srpski\\\/posetite-srbiju\\\/provedi-se\\\/ekstremni-sport\\\/rafting-spust-niz-divlje-reke\\\/\",\"name\":\"Rafting: Spust niz divlje reke - Serbia.com\",\"isPartOf\":{\"@id\":\"https:\\\/\\\/serbia.com\\\/#website\"},\"primaryImageOfPage\":{\"@id\":\"https:\\\/\\\/serbia.com\\\/srpski\\\/posetite-srbiju\\\/provedi-se\\\/ekstremni-sport\\\/rafting-spust-niz-divlje-reke\\\/#primaryimage\"},\"image\":{\"@id\":\"https:\\\/\\\/serbia.com\\\/srpski\\\/posetite-srbiju\\\/provedi-se\\\/ekstremni-sport\\\/rafting-spust-niz-divlje-reke\\\/#primaryimage\"},\"thumbnailUrl\":\"https:\\\/\\\/serbia.com\\\/wp-content\\\/uploads\\\/2016\\\/04\\\/rafting-tara-slajder.jpg\",\"datePublished\":\"2015-06-04T11:19:31+00:00\",\"dateModified\":\"2024-10-20T18:35:32+00:00\",\"breadcrumb\":{\"@id\":\"https:\\\/\\\/serbia.com\\\/srpski\\\/posetite-srbiju\\\/provedi-se\\\/ekstremni-sport\\\/rafting-spust-niz-divlje-reke\\\/#breadcrumb\"},\"inLanguage\":\"srpski\",\"potentialAction\":[{\"@type\":\"ReadAction\",\"target\":[\"https:\\\/\\\/serbia.com\\\/srpski\\\/posetite-srbiju\\\/provedi-se\\\/ekstremni-sport\\\/rafting-spust-niz-divlje-reke\\\/\"]}]},{\"@type\":\"ImageObject\",\"inLanguage\":\"srpski\",\"@id\":\"https:\\\/\\\/serbia.com\\\/srpski\\\/posetite-srbiju\\\/provedi-se\\\/ekstremni-sport\\\/rafting-spust-niz-divlje-reke\\\/#primaryimage\",\"url\":\"https:\\\/\\\/serbia.com\\\/wp-content\\\/uploads\\\/2016\\\/04\\\/rafting-tara-slajder.jpg\",\"contentUrl\":\"https:\\\/\\\/serbia.com\\\/wp-content\\\/uploads\\\/2016\\\/04\\\/rafting-tara-slajder.jpg\",\"width\":1600,\"height\":684},{\"@type\":\"BreadcrumbList\",\"@id\":\"https:\\\/\\\/serbia.com\\\/srpski\\\/posetite-srbiju\\\/provedi-se\\\/ekstremni-sport\\\/rafting-spust-niz-divlje-reke\\\/#breadcrumb\",\"itemListElement\":[{\"@type\":\"ListItem\",\"position\":1,\"name\":\"Home\",\"item\":\"https:\\\/\\\/serbia.com\\\/srpski\\\/srbija\\\/\"},{\"@type\":\"ListItem\",\"position\":2,\"name\":\"Poseti Srbiju\",\"item\":\"https:\\\/\\\/serbia.com\\\/srpski\\\/posetite-srbiju\\\/\"},{\"@type\":\"ListItem\",\"position\":3,\"name\":\"Provedi se\",\"item\":\"https:\\\/\\\/serbia.com\\\/srpski\\\/posetite-srbiju\\\/provedi-se\\\/\"},{\"@type\":\"ListItem\",\"position\":4,\"name\":\"Ekstremni sportovi\",\"item\":\"https:\\\/\\\/serbia.com\\\/srpski\\\/posetite-srbiju\\\/provedi-se\\\/ekstremni-sport\\\/\"},{\"@type\":\"ListItem\",\"position\":5,\"name\":\"Rafting: Spust niz divlje reke\"}]},{\"@type\":\"WebSite\",\"@id\":\"https:\\\/\\\/serbia.com\\\/#website\",\"url\":\"https:\\\/\\\/serbia.com\\\/\",\"name\":\"Serbia.com\",\"description\":\"Your Gateway to Serbia\",\"potentialAction\":[{\"@type\":\"SearchAction\",\"target\":{\"@type\":\"EntryPoint\",\"urlTemplate\":\"https:\\\/\\\/serbia.com\\\/?s={search_term_string}\"},\"query-input\":{\"@type\":\"PropertyValueSpecification\",\"valueRequired\":true,\"valueName\":\"search_term_string\"}}],\"inLanguage\":\"srpski\"}]}<\/script>\n<!-- \/ Yoast SEO plugin. -->","yoast_head_json":{"title":"Rafting: Spust niz divlje reke - Serbia.com","robots":{"index":"index","follow":"follow","max-snippet":"max-snippet:-1","max-image-preview":"max-image-preview:large","max-video-preview":"max-video-preview:-1"},"canonical":"https:\/\/serbia.com\/srpski\/posetite-srbiju\/provedi-se\/ekstremni-sport\/rafting-spust-niz-divlje-reke\/","og_locale":"en_US","og_type":"article","og_title":"Rafting: Spust niz divlje reke - Serbia.com","og_description":"Prepustite se brzim srpskim rekama i vo\u0111stvu iskusnih skipera \u2013 Ibar, Lim, Ni\u0161ava ili Drina, svejedno \u2013 rafting \u0107e vas ostaviti bez daha. Mo\u017eda se ne\u0107ete ba\u0161 vratiti u praistoriju [&hellip;]","og_url":"https:\/\/serbia.com\/srpski\/posetite-srbiju\/provedi-se\/ekstremni-sport\/rafting-spust-niz-divlje-reke\/","og_site_name":"Serbia.com","article_modified_time":"2024-10-20T18:35:32+00:00","og_image":[{"width":1600,"height":684,"url":"https:\/\/serbia.com\/wp-content\/uploads\/2016\/04\/rafting-tara-slajder.jpg","type":"image\/jpeg"}],"twitter_misc":{"Est. reading time":"3 minutes"},"schema":{"@context":"https:\/\/schema.org","@graph":[{"@type":"WebPage","@id":"https:\/\/serbia.com\/srpski\/posetite-srbiju\/provedi-se\/ekstremni-sport\/rafting-spust-niz-divlje-reke\/","url":"https:\/\/serbia.com\/srpski\/posetite-srbiju\/provedi-se\/ekstremni-sport\/rafting-spust-niz-divlje-reke\/","name":"Rafting: Spust niz divlje reke - Serbia.com","isPartOf":{"@id":"https:\/\/serbia.com\/#website"},"primaryImageOfPage":{"@id":"https:\/\/serbia.com\/srpski\/posetite-srbiju\/provedi-se\/ekstremni-sport\/rafting-spust-niz-divlje-reke\/#primaryimage"},"image":{"@id":"https:\/\/serbia.com\/srpski\/posetite-srbiju\/provedi-se\/ekstremni-sport\/rafting-spust-niz-divlje-reke\/#primaryimage"},"thumbnailUrl":"https:\/\/serbia.com\/wp-content\/uploads\/2016\/04\/rafting-tara-slajder.jpg","datePublished":"2015-06-04T11:19:31+00:00","dateModified":"2024-10-20T18:35:32+00:00","breadcrumb":{"@id":"https:\/\/serbia.com\/srpski\/posetite-srbiju\/provedi-se\/ekstremni-sport\/rafting-spust-niz-divlje-reke\/#breadcrumb"},"inLanguage":"srpski","potentialAction":[{"@type":"ReadAction","target":["https:\/\/serbia.com\/srpski\/posetite-srbiju\/provedi-se\/ekstremni-sport\/rafting-spust-niz-divlje-reke\/"]}]},{"@type":"ImageObject","inLanguage":"srpski","@id":"https:\/\/serbia.com\/srpski\/posetite-srbiju\/provedi-se\/ekstremni-sport\/rafting-spust-niz-divlje-reke\/#primaryimage","url":"https:\/\/serbia.com\/wp-content\/uploads\/2016\/04\/rafting-tara-slajder.jpg","contentUrl":"https:\/\/serbia.com\/wp-content\/uploads\/2016\/04\/rafting-tara-slajder.jpg","width":1600,"height":684},{"@type":"BreadcrumbList","@id":"https:\/\/serbia.com\/srpski\/posetite-srbiju\/provedi-se\/ekstremni-sport\/rafting-spust-niz-divlje-reke\/#breadcrumb","itemListElement":[{"@type":"ListItem","position":1,"name":"Home","item":"https:\/\/serbia.com\/srpski\/srbija\/"},{"@type":"ListItem","position":2,"name":"Poseti Srbiju","item":"https:\/\/serbia.com\/srpski\/posetite-srbiju\/"},{"@type":"ListItem","position":3,"name":"Provedi se","item":"https:\/\/serbia.com\/srpski\/posetite-srbiju\/provedi-se\/"},{"@type":"ListItem","position":4,"name":"Ekstremni sportovi","item":"https:\/\/serbia.com\/srpski\/posetite-srbiju\/provedi-se\/ekstremni-sport\/"},{"@type":"ListItem","position":5,"name":"Rafting: Spust niz divlje reke"}]},{"@type":"WebSite","@id":"https:\/\/serbia.com\/#website","url":"https:\/\/serbia.com\/","name":"Serbia.com","description":"Your Gateway to Serbia","potentialAction":[{"@type":"SearchAction","target":{"@type":"EntryPoint","urlTemplate":"https:\/\/serbia.com\/?s={search_term_string}"},"query-input":{"@type":"PropertyValueSpecification","valueRequired":true,"valueName":"search_term_string"}}],"inLanguage":"srpski"}]}},"brizy_media":[],"_links":{"self":[{"href":"https:\/\/serbia.com\/srpski\/wp-json\/wp\/v2\/pages\/33493","targetHints":{"allow":["GET"]}}],"collection":[{"href":"https:\/\/serbia.com\/srpski\/wp-json\/wp\/v2\/pages"}],"about":[{"href":"https:\/\/serbia.com\/srpski\/wp-json\/wp\/v2\/types\/page"}],"author":[{"embeddable":true,"href":"https:\/\/serbia.com\/srpski\/wp-json\/wp\/v2\/users\/27"}],"replies":[{"embeddable":true,"href":"https:\/\/serbia.com\/srpski\/wp-json\/wp\/v2\/comments?post=33493"}],"version-history":[{"count":1,"href":"https:\/\/serbia.com\/srpski\/wp-json\/wp\/v2\/pages\/33493\/revisions"}],"predecessor-version":[{"id":55778,"href":"https:\/\/serbia.com\/srpski\/wp-json\/wp\/v2\/pages\/33493\/revisions\/55778"}],"up":[{"embeddable":true,"href":"https:\/\/serbia.com\/srpski\/wp-json\/wp\/v2\/pages\/20410"}],"wp:featuredmedia":[{"embeddable":true,"href":"https:\/\/serbia.com\/srpski\/wp-json\/wp\/v2\/media\/51118"}],"wp:attachment":[{"href":"https:\/\/serbia.com\/srpski\/wp-json\/wp\/v2\/media?parent=33493"}],"wp:term":[{"taxonomy":"category","embeddable":true,"href":"https:\/\/serbia.com\/srpski\/wp-json\/wp\/v2\/categories?post=33493"},{"taxonomy":"post_tag","embeddable":true,"href":"https:\/\/serbia.com\/srpski\/wp-json\/wp\/v2\/tags?post=33493"}],"curies":[{"name":"wp","href":"https:\/\/api.w.org\/{rel}","templated":true}]}}