{"id":33469,"date":"2015-06-03T17:44:55","date_gmt":"2015-06-03T15:44:55","guid":{"rendered":"http:\/\/www.serbia.com\/?page_id=33469"},"modified":"2024-10-20T21:01:33","modified_gmt":"2024-10-20T19:01:33","slug":"kafana-centar-zivota-u-srbiji","status":"publish","type":"page","link":"https:\/\/serbia.com\/srpski\/posetite-srbiju\/provedi-se\/nocni-zivot\/kafana-centar-zivota-u-srbiji\/","title":{"rendered":"Kafana, centar \u017eivota u Srbiji"},"content":{"rendered":"<h4 style=\"text-align: justify;\">Prva kafana u Evropi otvorena je pre vi\u0161e od 400 godina u Beogradu, gde je od mesta za ispijanje kafe postala centar svakodnevnog \u017eivota.<\/h4>\n<p style=\"text-align: justify;\"><strong>Prva kafana na evropskom kontinentu, sude\u0107i prema istorijskim spisima, otvorena je u 16. veku u <a href=\"http:\/\/www.serbia.com\/srpski\/posetite-srbiju\/sta-videti\/gradovi\/beograd\/\">Beogradu<\/a><\/strong>, mnogo pre nego \u0161to se to desilo u Londonu, Parizu i Be\u010du. Te 1522. godine Turci su na Dor\u0107olu otvorili ugostiteljsku radnju u kojoj su slu\u017eili kafu.<\/p>\n<p style=\"text-align: justify;\">U Srbiji je naziv kafana po\u010deo da se koristi dva veka kasnije, ta\u010dnije posle 1738. godine, kada su Turci ponovo do\u0161li u Beograd.<\/p>\n<p style=\"text-align: justify;\">Kafana je od tada vremenom <strong>postala centar kulturnog, zabavnog, privrednog, dru\u0161tvenog i politi\u010dkog \u017eivota, mesto zabave i dokolice, poroka i strasti, spletkarenja, kovanja zavera&#8230;<\/strong><\/p>\n<p style=\"text-align: justify;\">U njoj su igrane pozori\u0161ne predstave, odr\u017eavani koncerti, sastanci politi\u010dkih stranaka, esnafa, odr\u017eavane sednice Narodne skup\u0161tine, ure\u0111ivane novine, pisane pesme&#8230; A tako je, uglavnom, i danas.<\/p>\n<p style=\"text-align: justify;\">Posebni duh Beograda i taj <em>&#8220;kult obo\u017eavanja kafane&#8221;<\/em>, francuski pisac Luj \u017dedoen je 1624. opisao re\u010dima da u toj bogatoj varo\u0161i <em>&#8220;ima svega do preteranosti&#8221;<\/em>. O u\u017eivanju u kafanskim \u010darima i preterivanju i danas svedo\u010de zadivljeni turisti, \u010dak i kada u Beogradu provedu samo nekoliko sati, neizostavno se prepu\u0161taju\u0107i kafanskim zadovoljstvima.<\/p>\n<p style=\"text-align: justify;\">Prve kafane u Beogradu nastale su iz du\u0107an\u010di\u0107a u kojima se pekla kafa i raznosila po \u010dar\u0161iji. U njih u po\u010detku nisu smeli da zalaze hri\u0161\u0107ani, niti se u tu slu\u017eilo \u0161ta drugo sem kafe, ratluka i vode sa \u010desme.<\/p>\n<p style=\"text-align: justify;\">Prve kafanice, gde se po\u010dela uz kafu to\u010diti i <a href=\"http:\/\/www.serbia.com\/srpski\/sljivovica-kraljica-srpskih-rakija\/\"><strong>rakija<\/strong><\/a>, nikle su u hri\u0161\u0107anskim delovima varo\u0161i, na <strong>Varo\u0161-kapiji<\/strong> i na <strong>Dor\u0107olu<\/strong>. One su nosile imena po gazdama zgrada ili radnji: <strong>Kolarac<\/strong>, <strong>Pan\u0111elova<\/strong>, <strong>Had\u017ei-Maksimova<\/strong>, <strong>\u0160i\u0161kova<\/strong>, <strong>Petka ba\u0161tovana<\/strong>&#8230;<\/p>\n<figure id=\"attachment_18654\" aria-describedby=\"caption-attachment-18654\" style=\"width: 300px\" class=\"wp-caption alignleft\"><img loading=\"lazy\" decoding=\"async\" class=\"wp-image-18654 size-medium\" src=\"http:\/\/www.serbia.com\/wp-content\/uploads\/2012\/11\/tri-sesira1-300x209.jpg\" alt=\"tri sesira\" width=\"300\" height=\"209\" srcset=\"https:\/\/serbia.com\/wp-content\/uploads\/2012\/11\/tri-sesira1-300x209.jpg 300w, https:\/\/serbia.com\/wp-content\/uploads\/2012\/11\/tri-sesira1.jpg 600w\" sizes=\"(max-width: 300px) 100vw, 300px\" \/><figcaption id=\"caption-attachment-18654\" class=\"wp-caption-text\">Kafana &#8220;Tri \u0161e\u0161ira&#8221; i njeni gosti, 1904. godine<\/figcaption><\/figure>\n<p style=\"text-align: justify;\">Beogradom i danas kru\u017ei legenda o &#8220;Bermudskom trouglu&#8221;, koji ne predstavlja misteriozno mesto u Atlanskom okeanu koje u svom viru guta sve pred sobom, ve\u0107 lokaciju koju su \u010dinile nekada kultne kafane u centru srpske prestonice &#8211; <strong>&#8220;\u0160umatovac&#8221;<\/strong>, <strong>&#8220;Pod lipom&#8221;<\/strong> i <strong>&#8220;Grme\u010d&#8221;<\/strong>. Predanje ka\u017ee kako je tu &#8220;potonulo&#8221; najvi\u0161e srpskih slikara, pisaca, novinara i mnogih drugih boema.<\/p>\n<p style=\"text-align: justify;\">Postoji pri\u010da da se pri kraju beogradske Ulice Kneza Milo\u0161a, kod dana\u0161nje Mostarske petlje, nekada nalazila kafana <strong>&#8220;Kod pocepanih ga\u0107a&#8221;<\/strong>, a zbog tako neprimerenog naziva kafane svojevremeno se pobunila i <strong>Draga Obrenovi\u0107<\/strong>, poslednja srpska kraljica iz ove dinastije. Vlasnik je, naravno, br\u017ee-bolje promenio ime lokala.<\/p>\n<p style=\"text-align: justify;\">Verovatno <strong>najpoznatija kafana, koja je u\u0161la u beogradsku legendu je &#8220;Dardaneli&#8221;<\/strong>. Bila je sme\u0161tena na dana\u0161njem Trgu Republike koji se nekada zvao &#8220;Pozori\u0161ni trg&#8221;. Radila je do 1901. godine i bila \u010duveno sastajali\u0161te beogradskih boema, me\u0111u kojima su bili i slavni Vojislav Ili\u0107, Branislav Nu\u0161i\u0107, Gustav Mato\u0161, Stevan Sremac &#8230; Nu\u0161i\u0107 je goste kafane opisao kao <em>&#8220;vedre, vesele i duhovite ljude, ponesene, pa pu\u0161tene&#8230;&#8221;<\/em><\/p>\n<p style=\"text-align: justify;\">I danas, uprkos pojavi brojnih modernih kafea i klubova, kafana u kojoj se peva, pla\u010de, sva\u0111a, debatuje, prislu\u0161kuje i stvara, ostaje glavno mesto na koje svaki gra\u0111anin Srbije najradije vodi svoje goste. To je i na\u0161a preporuka <strong>za sve one koji \u017eele da osete deo duha i du\u0161e Srbije.<\/strong><\/p>\n","protected":false},"excerpt":{"rendered":"<p>Prva kafana u Evropi otvorena je pre vi\u0161e od 400 godina u Beogradu, gde je od mesta za ispijanje kafe postala centar svakodnevnog \u017eivota. Prva kafana na evropskom kontinentu, sude\u0107i [&hellip;]<\/p>\n","protected":false},"author":27,"featured_media":33461,"parent":20424,"menu_order":0,"comment_status":"closed","ping_status":"closed","template":"","meta":{"_acf_changed":false,"inline_featured_image":false,"_monsterinsights_skip_tracking":false,"_monsterinsights_sitenote_active":false,"_monsterinsights_sitenote_note":"","_monsterinsights_sitenote_category":0,"footnotes":""},"categories":[1691,2828],"tags":[],"class_list":["post-33469","page","type-page","status-publish","has-post-thumbnail","hentry","category-nocni-zivot","category-nocni-zivot-beograd"],"acf":[],"yoast_head":"<!-- This site is optimized with the Yoast SEO plugin v23.8 - https:\/\/yoast.com\/wordpress\/plugins\/seo\/ -->\n<title>Kafana, centar \u017eivota u Srbiji - Serbia.com<\/title>\n<meta name=\"robots\" content=\"index, follow, max-snippet:-1, max-image-preview:large, max-video-preview:-1\" \/>\n<link rel=\"canonical\" href=\"https:\/\/serbia.com\/srpski\/posetite-srbiju\/provedi-se\/nocni-zivot\/kafana-centar-zivota-u-srbiji\/\" \/>\n<meta property=\"og:locale\" content=\"en_US\" \/>\n<meta property=\"og:type\" content=\"article\" \/>\n<meta property=\"og:title\" content=\"Kafana, centar \u017eivota u Srbiji - Serbia.com\" \/>\n<meta property=\"og:description\" content=\"Prva kafana u Evropi otvorena je pre vi\u0161e od 400 godina u Beogradu, gde je od mesta za ispijanje kafe postala centar svakodnevnog \u017eivota. Prva kafana na evropskom kontinentu, sude\u0107i [&hellip;]\" \/>\n<meta property=\"og:url\" content=\"https:\/\/serbia.com\/srpski\/posetite-srbiju\/provedi-se\/nocni-zivot\/kafana-centar-zivota-u-srbiji\/\" \/>\n<meta property=\"og:site_name\" content=\"Serbia.com\" \/>\n<meta property=\"article:modified_time\" content=\"2024-10-20T19:01:33+00:00\" \/>\n<meta property=\"og:image\" content=\"https:\/\/serbia.com\/wp-content\/uploads\/2015\/06\/kafana111.jpg\" \/>\n\t<meta property=\"og:image:width\" content=\"1600\" \/>\n\t<meta property=\"og:image:height\" content=\"762\" \/>\n\t<meta property=\"og:image:type\" content=\"image\/jpeg\" \/>\n<meta name=\"twitter:label1\" content=\"Est. reading time\" \/>\n\t<meta name=\"twitter:data1\" content=\"3 minutes\" \/>\n<script type=\"application\/ld+json\" class=\"yoast-schema-graph\">{\"@context\":\"https:\/\/schema.org\",\"@graph\":[{\"@type\":\"WebPage\",\"@id\":\"https:\/\/serbia.com\/srpski\/posetite-srbiju\/provedi-se\/nocni-zivot\/kafana-centar-zivota-u-srbiji\/\",\"url\":\"https:\/\/serbia.com\/srpski\/posetite-srbiju\/provedi-se\/nocni-zivot\/kafana-centar-zivota-u-srbiji\/\",\"name\":\"Kafana, centar \u017eivota u Srbiji - Serbia.com\",\"isPartOf\":{\"@id\":\"https:\/\/serbia.com\/#website\"},\"primaryImageOfPage\":{\"@id\":\"https:\/\/serbia.com\/srpski\/posetite-srbiju\/provedi-se\/nocni-zivot\/kafana-centar-zivota-u-srbiji\/#primaryimage\"},\"image\":{\"@id\":\"https:\/\/serbia.com\/srpski\/posetite-srbiju\/provedi-se\/nocni-zivot\/kafana-centar-zivota-u-srbiji\/#primaryimage\"},\"thumbnailUrl\":\"https:\/\/serbia.com\/wp-content\/uploads\/2015\/06\/kafana111.jpg\",\"datePublished\":\"2015-06-03T15:44:55+00:00\",\"dateModified\":\"2024-10-20T19:01:33+00:00\",\"breadcrumb\":{\"@id\":\"https:\/\/serbia.com\/srpski\/posetite-srbiju\/provedi-se\/nocni-zivot\/kafana-centar-zivota-u-srbiji\/#breadcrumb\"},\"inLanguage\":\"srpski\",\"potentialAction\":[{\"@type\":\"ReadAction\",\"target\":[\"https:\/\/serbia.com\/srpski\/posetite-srbiju\/provedi-se\/nocni-zivot\/kafana-centar-zivota-u-srbiji\/\"]}]},{\"@type\":\"ImageObject\",\"inLanguage\":\"srpski\",\"@id\":\"https:\/\/serbia.com\/srpski\/posetite-srbiju\/provedi-se\/nocni-zivot\/kafana-centar-zivota-u-srbiji\/#primaryimage\",\"url\":\"https:\/\/serbia.com\/wp-content\/uploads\/2015\/06\/kafana111.jpg\",\"contentUrl\":\"https:\/\/serbia.com\/wp-content\/uploads\/2015\/06\/kafana111.jpg\",\"width\":1600,\"height\":762},{\"@type\":\"BreadcrumbList\",\"@id\":\"https:\/\/serbia.com\/srpski\/posetite-srbiju\/provedi-se\/nocni-zivot\/kafana-centar-zivota-u-srbiji\/#breadcrumb\",\"itemListElement\":[{\"@type\":\"ListItem\",\"position\":1,\"name\":\"Home\",\"item\":\"https:\/\/serbia.com\/srpski\/\"},{\"@type\":\"ListItem\",\"position\":2,\"name\":\"Poseti Srbiju\",\"item\":\"https:\/\/serbia.com\/srpski\/posetite-srbiju\/\"},{\"@type\":\"ListItem\",\"position\":3,\"name\":\"Provedi se\",\"item\":\"https:\/\/serbia.com\/srpski\/posetite-srbiju\/provedi-se\/\"},{\"@type\":\"ListItem\",\"position\":4,\"name\":\"No\u0107ni \u017eivot\",\"item\":\"https:\/\/serbia.com\/srpski\/posetite-srbiju\/provedi-se\/nocni-zivot\/\"},{\"@type\":\"ListItem\",\"position\":5,\"name\":\"Kafana, centar \u017eivota u Srbiji\"}]},{\"@type\":\"WebSite\",\"@id\":\"https:\/\/serbia.com\/#website\",\"url\":\"https:\/\/serbia.com\/\",\"name\":\"Serbia.com\",\"description\":\"Your Gateway to Serbia\",\"potentialAction\":[{\"@type\":\"SearchAction\",\"target\":{\"@type\":\"EntryPoint\",\"urlTemplate\":\"https:\/\/serbia.com\/?s={search_term_string}\"},\"query-input\":{\"@type\":\"PropertyValueSpecification\",\"valueRequired\":true,\"valueName\":\"search_term_string\"}}],\"inLanguage\":\"srpski\"}]}<\/script>\n<!-- \/ Yoast SEO plugin. -->","yoast_head_json":{"title":"Kafana, centar \u017eivota u Srbiji - Serbia.com","robots":{"index":"index","follow":"follow","max-snippet":"max-snippet:-1","max-image-preview":"max-image-preview:large","max-video-preview":"max-video-preview:-1"},"canonical":"https:\/\/serbia.com\/srpski\/posetite-srbiju\/provedi-se\/nocni-zivot\/kafana-centar-zivota-u-srbiji\/","og_locale":"en_US","og_type":"article","og_title":"Kafana, centar \u017eivota u Srbiji - Serbia.com","og_description":"Prva kafana u Evropi otvorena je pre vi\u0161e od 400 godina u Beogradu, gde je od mesta za ispijanje kafe postala centar svakodnevnog \u017eivota. Prva kafana na evropskom kontinentu, sude\u0107i [&hellip;]","og_url":"https:\/\/serbia.com\/srpski\/posetite-srbiju\/provedi-se\/nocni-zivot\/kafana-centar-zivota-u-srbiji\/","og_site_name":"Serbia.com","article_modified_time":"2024-10-20T19:01:33+00:00","og_image":[{"width":1600,"height":762,"url":"https:\/\/serbia.com\/wp-content\/uploads\/2015\/06\/kafana111.jpg","type":"image\/jpeg"}],"twitter_misc":{"Est. reading time":"3 minutes"},"schema":{"@context":"https:\/\/schema.org","@graph":[{"@type":"WebPage","@id":"https:\/\/serbia.com\/srpski\/posetite-srbiju\/provedi-se\/nocni-zivot\/kafana-centar-zivota-u-srbiji\/","url":"https:\/\/serbia.com\/srpski\/posetite-srbiju\/provedi-se\/nocni-zivot\/kafana-centar-zivota-u-srbiji\/","name":"Kafana, centar \u017eivota u Srbiji - Serbia.com","isPartOf":{"@id":"https:\/\/serbia.com\/#website"},"primaryImageOfPage":{"@id":"https:\/\/serbia.com\/srpski\/posetite-srbiju\/provedi-se\/nocni-zivot\/kafana-centar-zivota-u-srbiji\/#primaryimage"},"image":{"@id":"https:\/\/serbia.com\/srpski\/posetite-srbiju\/provedi-se\/nocni-zivot\/kafana-centar-zivota-u-srbiji\/#primaryimage"},"thumbnailUrl":"https:\/\/serbia.com\/wp-content\/uploads\/2015\/06\/kafana111.jpg","datePublished":"2015-06-03T15:44:55+00:00","dateModified":"2024-10-20T19:01:33+00:00","breadcrumb":{"@id":"https:\/\/serbia.com\/srpski\/posetite-srbiju\/provedi-se\/nocni-zivot\/kafana-centar-zivota-u-srbiji\/#breadcrumb"},"inLanguage":"srpski","potentialAction":[{"@type":"ReadAction","target":["https:\/\/serbia.com\/srpski\/posetite-srbiju\/provedi-se\/nocni-zivot\/kafana-centar-zivota-u-srbiji\/"]}]},{"@type":"ImageObject","inLanguage":"srpski","@id":"https:\/\/serbia.com\/srpski\/posetite-srbiju\/provedi-se\/nocni-zivot\/kafana-centar-zivota-u-srbiji\/#primaryimage","url":"https:\/\/serbia.com\/wp-content\/uploads\/2015\/06\/kafana111.jpg","contentUrl":"https:\/\/serbia.com\/wp-content\/uploads\/2015\/06\/kafana111.jpg","width":1600,"height":762},{"@type":"BreadcrumbList","@id":"https:\/\/serbia.com\/srpski\/posetite-srbiju\/provedi-se\/nocni-zivot\/kafana-centar-zivota-u-srbiji\/#breadcrumb","itemListElement":[{"@type":"ListItem","position":1,"name":"Home","item":"https:\/\/serbia.com\/srpski\/"},{"@type":"ListItem","position":2,"name":"Poseti Srbiju","item":"https:\/\/serbia.com\/srpski\/posetite-srbiju\/"},{"@type":"ListItem","position":3,"name":"Provedi se","item":"https:\/\/serbia.com\/srpski\/posetite-srbiju\/provedi-se\/"},{"@type":"ListItem","position":4,"name":"No\u0107ni \u017eivot","item":"https:\/\/serbia.com\/srpski\/posetite-srbiju\/provedi-se\/nocni-zivot\/"},{"@type":"ListItem","position":5,"name":"Kafana, centar \u017eivota u Srbiji"}]},{"@type":"WebSite","@id":"https:\/\/serbia.com\/#website","url":"https:\/\/serbia.com\/","name":"Serbia.com","description":"Your Gateway to Serbia","potentialAction":[{"@type":"SearchAction","target":{"@type":"EntryPoint","urlTemplate":"https:\/\/serbia.com\/?s={search_term_string}"},"query-input":{"@type":"PropertyValueSpecification","valueRequired":true,"valueName":"search_term_string"}}],"inLanguage":"srpski"}]}},"_links":{"self":[{"href":"https:\/\/serbia.com\/srpski\/wp-json\/wp\/v2\/pages\/33469"}],"collection":[{"href":"https:\/\/serbia.com\/srpski\/wp-json\/wp\/v2\/pages"}],"about":[{"href":"https:\/\/serbia.com\/srpski\/wp-json\/wp\/v2\/types\/page"}],"author":[{"embeddable":true,"href":"https:\/\/serbia.com\/srpski\/wp-json\/wp\/v2\/users\/27"}],"replies":[{"embeddable":true,"href":"https:\/\/serbia.com\/srpski\/wp-json\/wp\/v2\/comments?post=33469"}],"version-history":[{"count":1,"href":"https:\/\/serbia.com\/srpski\/wp-json\/wp\/v2\/pages\/33469\/revisions"}],"predecessor-version":[{"id":55791,"href":"https:\/\/serbia.com\/srpski\/wp-json\/wp\/v2\/pages\/33469\/revisions\/55791"}],"up":[{"embeddable":true,"href":"https:\/\/serbia.com\/srpski\/wp-json\/wp\/v2\/pages\/20424"}],"wp:featuredmedia":[{"embeddable":true,"href":"https:\/\/serbia.com\/srpski\/wp-json\/wp\/v2\/media\/33461"}],"wp:attachment":[{"href":"https:\/\/serbia.com\/srpski\/wp-json\/wp\/v2\/media?parent=33469"}],"wp:term":[{"taxonomy":"category","embeddable":true,"href":"https:\/\/serbia.com\/srpski\/wp-json\/wp\/v2\/categories?post=33469"},{"taxonomy":"post_tag","embeddable":true,"href":"https:\/\/serbia.com\/srpski\/wp-json\/wp\/v2\/tags?post=33469"}],"curies":[{"name":"wp","href":"https:\/\/api.w.org\/{rel}","templated":true}]}}