{"id":33454,"date":"2015-06-03T16:15:38","date_gmt":"2015-06-03T14:15:38","guid":{"rendered":"http:\/\/www.serbia.com\/?page_id=33454"},"modified":"2024-10-20T21:00:56","modified_gmt":"2024-10-20T19:00:56","slug":"splavovi-epicentri-dobrog-provoda","status":"publish","type":"page","link":"https:\/\/serbia.com\/srpski\/posetite-srbiju\/provedi-se\/nocni-zivot\/splavovi-epicentri-dobrog-provoda\/","title":{"rendered":"Splavovi, epicentri dobrog provoda"},"content":{"rendered":"<h4 style=\"text-align: justify;\">Svojevrsne \u201cdiskoteke na vodi\u201d, splavovi \u0161irom Srbije postali su obavezna destinacija na kojoj je zagrantovan nezaboravan provod<\/h4>\n<p style=\"text-align: justify;\">Splavovi su od prostora za opu\u0161tanje i odmor prerasli u kulturolo\u0161ki fenomen poznat \u0161irom sveta i postali<strong> jedna od obaveznih destinacija svima koji pose\u0107uju Srbiju<\/strong>. Ovakav vid zabave postao je simbol ove zemlje, a pre svega <a href=\"http:\/\/www.serbia.com\/srpski\/posetite-srbiju\/sta-videti\/gradovi\/beograd\/\"><strong>Beograda<\/strong><\/a>.<\/p>\n<p style=\"text-align: justify;\">Splavovi su velikim delom zaslu\u017eni za to \u0161to <strong>srpska prestonica va\u017ei za grad koji ima najbolji provod u Evropi<\/strong>, a ove \u201cdiskoteke na vodi\u201d postale su toliko poznate da je i sama re\u010d \u201csplav\u201d dobila me\u0111unarodni karater i vi\u0161e se ne prevodi u mnogim jezicima sveta. Do\u0111ite i proverite za\u0161to!<\/p>\n<p style=\"text-align: justify;\">Iako \u010desto kritikovani i osporavani, splavovi su postali simbol razuzdane zabave koja budi sva \u010dula i omogu\u0107ava da im se potpuno prepustite. Za razuzdani provod zadu\u017eene su i izazovno odevene folk peva\u010dice, a vreloj atmosferi na nekim splavovima doprinose i go-go igra\u010dice.<strong> Glasna muzika, masa u kojoj se kre\u0107ete, mnogo alkohola i \u017eurka bez prestanka<\/strong>, \u010dine ostalo. I tako do zore!<\/p>\n<p style=\"text-align: justify;\">Pre \u201990-ih godina \u201cimati splav\u201d u Srbiji je zna\u010dilo imati mesto gde mo\u017eete da sa prijateljima odete, malo se opustite i u\u017eivate u miru koji pru\u017eaju reke i jezera. Oni su bili mesta okupljanja, pre svega, uskog kruga prijatelja koji su na njima prire\u0111ivali privatne zabave i dru\u017eenja. Kasnije splavovi prerastaju u ne\u0161to vi\u0161e, a na njima svoj vrhunac dosti\u017ee i tada nova vrsta muzike \u2013 turbo folk \u2026<\/p>\n<p style=\"text-align: justify;\">Splavovi tada postaju mesta okupljanja nove srpske \u201celite\u201d. Tu su za no\u0107 tro\u0161ene ogromne koli\u010dine novca, a formula za dobar provod glasila: \u201cpotro\u0161iti \u0161to vi\u0161e, obu\u0107i se \u0161to provokativnije i pevati \u0161to glasnije\u201d.<\/p>\n<p style=\"text-align: justify;\"><img loading=\"lazy\" decoding=\"async\" class=\"aligncenter size-full wp-image-33451\" src=\"http:\/\/www.serbia.com\/wp-content\/uploads\/2015\/06\/splav444.jpg\" alt=\"splav444\" width=\"800\" height=\"307\" srcset=\"https:\/\/serbia.com\/wp-content\/uploads\/2015\/06\/splav444.jpg 800w, https:\/\/serbia.com\/wp-content\/uploads\/2015\/06\/splav444-300x115.jpg 300w\" sizes=\"(max-width: 800px) 100vw, 800px\" \/><\/p>\n<p style=\"text-align: justify;\">Na splavove su odlazili svi koji su \u017eeleli da vide i budu vi\u0111eni. Beograd je mesto u kome su nastali prvi splavovi ove vrste, a zbog \u010dinjenice da se srpska prestonica nalazi na dve reke, njihov broj je sa godinama postajao sve ve\u0107i. Fenomen turbo-folk muzike nastajao je paralelno sa nastankom ove nove vrste no\u0107nog provoda.<\/p>\n<p style=\"text-align: justify;\">Tokom dugih letnjih dana splavovi su idealno mesto da pobegnete od vreline i u\u017eivate u blagom povetarcu sa reka.<\/p>\n<p style=\"text-align: justify;\">Danas se na splavove u Srbiji izlaze najrazli\u010ditiji ljudi i slu\u0161a se \u017eanrovski mnogo raznovrsnija muzika, iako je turbo-folk ostao njihov za\u0161titni znak. I dalje ih najvi\u0161e ih ima u Beogradu. Najbolji provod je vikendom, ali kako u Srbiji ne postoji poseban \u201cdan za izlaske\u201d, ve\u0107ina splavova radi preko cele nedelje.<\/p>\n<p style=\"text-align: justify;\"><strong>Svako ko ih poseti do\u017eivi jedno potpuno jedinstveno iskustvo koje, naro\u010dito gostima iz inostranstva, mo\u017ee izgledati potpuno nadrealno, magi\u010dno i neverovatno.<\/strong> Do\u0111ite i do\u017eivite nezaboravni provod, dru\u017eenje i \u017eurku koja ne prestaje do zore!<\/p>\n","protected":false},"excerpt":{"rendered":"<p>Svojevrsne \u201cdiskoteke na vodi\u201d, splavovi \u0161irom Srbije postali su obavezna destinacija na kojoj je zagrantovan nezaboravan provod Splavovi su od prostora za opu\u0161tanje i odmor prerasli u kulturolo\u0161ki fenomen poznat [&hellip;]<\/p>\n","protected":false},"author":27,"featured_media":53061,"parent":20424,"menu_order":0,"comment_status":"closed","ping_status":"closed","template":"","meta":{"_acf_changed":false,"inline_featured_image":false,"_monsterinsights_skip_tracking":false,"_monsterinsights_sitenote_active":false,"_monsterinsights_sitenote_note":"","_monsterinsights_sitenote_category":0,"footnotes":""},"categories":[1691,2828],"tags":[],"class_list":["post-33454","page","type-page","status-publish","has-post-thumbnail","hentry","category-nocni-zivot","category-nocni-zivot-beograd"],"acf":[],"yoast_head":"<!-- This site is optimized with the Yoast SEO plugin v23.8 - https:\/\/yoast.com\/wordpress\/plugins\/seo\/ -->\n<title>Splavovi, epicentri dobrog provoda - Serbia.com<\/title>\n<meta name=\"robots\" content=\"index, follow, max-snippet:-1, max-image-preview:large, max-video-preview:-1\" \/>\n<link rel=\"canonical\" href=\"https:\/\/serbia.com\/srpski\/posetite-srbiju\/provedi-se\/nocni-zivot\/splavovi-epicentri-dobrog-provoda\/\" \/>\n<meta property=\"og:locale\" content=\"en_US\" \/>\n<meta property=\"og:type\" content=\"article\" \/>\n<meta property=\"og:title\" content=\"Splavovi, epicentri dobrog provoda - Serbia.com\" \/>\n<meta property=\"og:description\" content=\"Svojevrsne \u201cdiskoteke na vodi\u201d, splavovi \u0161irom Srbije postali su obavezna destinacija na kojoj je zagrantovan nezaboravan provod Splavovi su od prostora za opu\u0161tanje i odmor prerasli u kulturolo\u0161ki fenomen poznat [&hellip;]\" \/>\n<meta property=\"og:url\" content=\"https:\/\/serbia.com\/srpski\/posetite-srbiju\/provedi-se\/nocni-zivot\/splavovi-epicentri-dobrog-provoda\/\" \/>\n<meta property=\"og:site_name\" content=\"Serbia.com\" \/>\n<meta property=\"article:modified_time\" content=\"2024-10-20T19:00:56+00:00\" \/>\n<meta property=\"og:image\" content=\"https:\/\/serbia.com\/wp-content\/uploads\/2024\/05\/belgrade-by-night-4576220_1920-e1717147793662.jpg\" \/>\n\t<meta property=\"og:image:width\" content=\"1920\" \/>\n\t<meta property=\"og:image:height\" content=\"1280\" \/>\n\t<meta property=\"og:image:type\" content=\"image\/jpeg\" \/>\n<meta name=\"twitter:label1\" content=\"Est. reading time\" \/>\n\t<meta name=\"twitter:data1\" content=\"3 minutes\" \/>\n<script type=\"application\/ld+json\" class=\"yoast-schema-graph\">{\"@context\":\"https:\/\/schema.org\",\"@graph\":[{\"@type\":\"WebPage\",\"@id\":\"https:\/\/serbia.com\/srpski\/posetite-srbiju\/provedi-se\/nocni-zivot\/splavovi-epicentri-dobrog-provoda\/\",\"url\":\"https:\/\/serbia.com\/srpski\/posetite-srbiju\/provedi-se\/nocni-zivot\/splavovi-epicentri-dobrog-provoda\/\",\"name\":\"Splavovi, epicentri dobrog provoda - Serbia.com\",\"isPartOf\":{\"@id\":\"https:\/\/serbia.com\/#website\"},\"primaryImageOfPage\":{\"@id\":\"https:\/\/serbia.com\/srpski\/posetite-srbiju\/provedi-se\/nocni-zivot\/splavovi-epicentri-dobrog-provoda\/#primaryimage\"},\"image\":{\"@id\":\"https:\/\/serbia.com\/srpski\/posetite-srbiju\/provedi-se\/nocni-zivot\/splavovi-epicentri-dobrog-provoda\/#primaryimage\"},\"thumbnailUrl\":\"https:\/\/serbia.com\/wp-content\/uploads\/2024\/05\/belgrade-by-night-4576220_1920-e1717147793662.jpg\",\"datePublished\":\"2015-06-03T14:15:38+00:00\",\"dateModified\":\"2024-10-20T19:00:56+00:00\",\"breadcrumb\":{\"@id\":\"https:\/\/serbia.com\/srpski\/posetite-srbiju\/provedi-se\/nocni-zivot\/splavovi-epicentri-dobrog-provoda\/#breadcrumb\"},\"inLanguage\":\"srpski\",\"potentialAction\":[{\"@type\":\"ReadAction\",\"target\":[\"https:\/\/serbia.com\/srpski\/posetite-srbiju\/provedi-se\/nocni-zivot\/splavovi-epicentri-dobrog-provoda\/\"]}]},{\"@type\":\"ImageObject\",\"inLanguage\":\"srpski\",\"@id\":\"https:\/\/serbia.com\/srpski\/posetite-srbiju\/provedi-se\/nocni-zivot\/splavovi-epicentri-dobrog-provoda\/#primaryimage\",\"url\":\"https:\/\/serbia.com\/wp-content\/uploads\/2024\/05\/belgrade-by-night-4576220_1920-e1717147793662.jpg\",\"contentUrl\":\"https:\/\/serbia.com\/wp-content\/uploads\/2024\/05\/belgrade-by-night-4576220_1920-e1717147793662.jpg\",\"width\":1920,\"height\":1280},{\"@type\":\"BreadcrumbList\",\"@id\":\"https:\/\/serbia.com\/srpski\/posetite-srbiju\/provedi-se\/nocni-zivot\/splavovi-epicentri-dobrog-provoda\/#breadcrumb\",\"itemListElement\":[{\"@type\":\"ListItem\",\"position\":1,\"name\":\"Home\",\"item\":\"https:\/\/serbia.com\/srpski\/\"},{\"@type\":\"ListItem\",\"position\":2,\"name\":\"Poseti Srbiju\",\"item\":\"https:\/\/serbia.com\/srpski\/posetite-srbiju\/\"},{\"@type\":\"ListItem\",\"position\":3,\"name\":\"Provedi se\",\"item\":\"https:\/\/serbia.com\/srpski\/posetite-srbiju\/provedi-se\/\"},{\"@type\":\"ListItem\",\"position\":4,\"name\":\"No\u0107ni \u017eivot\",\"item\":\"https:\/\/serbia.com\/srpski\/posetite-srbiju\/provedi-se\/nocni-zivot\/\"},{\"@type\":\"ListItem\",\"position\":5,\"name\":\"Splavovi, epicentri dobrog provoda\"}]},{\"@type\":\"WebSite\",\"@id\":\"https:\/\/serbia.com\/#website\",\"url\":\"https:\/\/serbia.com\/\",\"name\":\"Serbia.com\",\"description\":\"Your Gateway to Serbia\",\"potentialAction\":[{\"@type\":\"SearchAction\",\"target\":{\"@type\":\"EntryPoint\",\"urlTemplate\":\"https:\/\/serbia.com\/?s={search_term_string}\"},\"query-input\":{\"@type\":\"PropertyValueSpecification\",\"valueRequired\":true,\"valueName\":\"search_term_string\"}}],\"inLanguage\":\"srpski\"}]}<\/script>\n<!-- \/ Yoast SEO plugin. -->","yoast_head_json":{"title":"Splavovi, epicentri dobrog provoda - Serbia.com","robots":{"index":"index","follow":"follow","max-snippet":"max-snippet:-1","max-image-preview":"max-image-preview:large","max-video-preview":"max-video-preview:-1"},"canonical":"https:\/\/serbia.com\/srpski\/posetite-srbiju\/provedi-se\/nocni-zivot\/splavovi-epicentri-dobrog-provoda\/","og_locale":"en_US","og_type":"article","og_title":"Splavovi, epicentri dobrog provoda - Serbia.com","og_description":"Svojevrsne \u201cdiskoteke na vodi\u201d, splavovi \u0161irom Srbije postali su obavezna destinacija na kojoj je zagrantovan nezaboravan provod Splavovi su od prostora za opu\u0161tanje i odmor prerasli u kulturolo\u0161ki fenomen poznat [&hellip;]","og_url":"https:\/\/serbia.com\/srpski\/posetite-srbiju\/provedi-se\/nocni-zivot\/splavovi-epicentri-dobrog-provoda\/","og_site_name":"Serbia.com","article_modified_time":"2024-10-20T19:00:56+00:00","og_image":[{"width":1920,"height":1280,"url":"https:\/\/serbia.com\/wp-content\/uploads\/2024\/05\/belgrade-by-night-4576220_1920-e1717147793662.jpg","type":"image\/jpeg"}],"twitter_misc":{"Est. reading time":"3 minutes"},"schema":{"@context":"https:\/\/schema.org","@graph":[{"@type":"WebPage","@id":"https:\/\/serbia.com\/srpski\/posetite-srbiju\/provedi-se\/nocni-zivot\/splavovi-epicentri-dobrog-provoda\/","url":"https:\/\/serbia.com\/srpski\/posetite-srbiju\/provedi-se\/nocni-zivot\/splavovi-epicentri-dobrog-provoda\/","name":"Splavovi, epicentri dobrog provoda - Serbia.com","isPartOf":{"@id":"https:\/\/serbia.com\/#website"},"primaryImageOfPage":{"@id":"https:\/\/serbia.com\/srpski\/posetite-srbiju\/provedi-se\/nocni-zivot\/splavovi-epicentri-dobrog-provoda\/#primaryimage"},"image":{"@id":"https:\/\/serbia.com\/srpski\/posetite-srbiju\/provedi-se\/nocni-zivot\/splavovi-epicentri-dobrog-provoda\/#primaryimage"},"thumbnailUrl":"https:\/\/serbia.com\/wp-content\/uploads\/2024\/05\/belgrade-by-night-4576220_1920-e1717147793662.jpg","datePublished":"2015-06-03T14:15:38+00:00","dateModified":"2024-10-20T19:00:56+00:00","breadcrumb":{"@id":"https:\/\/serbia.com\/srpski\/posetite-srbiju\/provedi-se\/nocni-zivot\/splavovi-epicentri-dobrog-provoda\/#breadcrumb"},"inLanguage":"srpski","potentialAction":[{"@type":"ReadAction","target":["https:\/\/serbia.com\/srpski\/posetite-srbiju\/provedi-se\/nocni-zivot\/splavovi-epicentri-dobrog-provoda\/"]}]},{"@type":"ImageObject","inLanguage":"srpski","@id":"https:\/\/serbia.com\/srpski\/posetite-srbiju\/provedi-se\/nocni-zivot\/splavovi-epicentri-dobrog-provoda\/#primaryimage","url":"https:\/\/serbia.com\/wp-content\/uploads\/2024\/05\/belgrade-by-night-4576220_1920-e1717147793662.jpg","contentUrl":"https:\/\/serbia.com\/wp-content\/uploads\/2024\/05\/belgrade-by-night-4576220_1920-e1717147793662.jpg","width":1920,"height":1280},{"@type":"BreadcrumbList","@id":"https:\/\/serbia.com\/srpski\/posetite-srbiju\/provedi-se\/nocni-zivot\/splavovi-epicentri-dobrog-provoda\/#breadcrumb","itemListElement":[{"@type":"ListItem","position":1,"name":"Home","item":"https:\/\/serbia.com\/srpski\/"},{"@type":"ListItem","position":2,"name":"Poseti Srbiju","item":"https:\/\/serbia.com\/srpski\/posetite-srbiju\/"},{"@type":"ListItem","position":3,"name":"Provedi se","item":"https:\/\/serbia.com\/srpski\/posetite-srbiju\/provedi-se\/"},{"@type":"ListItem","position":4,"name":"No\u0107ni \u017eivot","item":"https:\/\/serbia.com\/srpski\/posetite-srbiju\/provedi-se\/nocni-zivot\/"},{"@type":"ListItem","position":5,"name":"Splavovi, epicentri dobrog provoda"}]},{"@type":"WebSite","@id":"https:\/\/serbia.com\/#website","url":"https:\/\/serbia.com\/","name":"Serbia.com","description":"Your Gateway to Serbia","potentialAction":[{"@type":"SearchAction","target":{"@type":"EntryPoint","urlTemplate":"https:\/\/serbia.com\/?s={search_term_string}"},"query-input":{"@type":"PropertyValueSpecification","valueRequired":true,"valueName":"search_term_string"}}],"inLanguage":"srpski"}]}},"_links":{"self":[{"href":"https:\/\/serbia.com\/srpski\/wp-json\/wp\/v2\/pages\/33454"}],"collection":[{"href":"https:\/\/serbia.com\/srpski\/wp-json\/wp\/v2\/pages"}],"about":[{"href":"https:\/\/serbia.com\/srpski\/wp-json\/wp\/v2\/types\/page"}],"author":[{"embeddable":true,"href":"https:\/\/serbia.com\/srpski\/wp-json\/wp\/v2\/users\/27"}],"replies":[{"embeddable":true,"href":"https:\/\/serbia.com\/srpski\/wp-json\/wp\/v2\/comments?post=33454"}],"version-history":[{"count":1,"href":"https:\/\/serbia.com\/srpski\/wp-json\/wp\/v2\/pages\/33454\/revisions"}],"predecessor-version":[{"id":55790,"href":"https:\/\/serbia.com\/srpski\/wp-json\/wp\/v2\/pages\/33454\/revisions\/55790"}],"up":[{"embeddable":true,"href":"https:\/\/serbia.com\/srpski\/wp-json\/wp\/v2\/pages\/20424"}],"wp:featuredmedia":[{"embeddable":true,"href":"https:\/\/serbia.com\/srpski\/wp-json\/wp\/v2\/media\/53061"}],"wp:attachment":[{"href":"https:\/\/serbia.com\/srpski\/wp-json\/wp\/v2\/media?parent=33454"}],"wp:term":[{"taxonomy":"category","embeddable":true,"href":"https:\/\/serbia.com\/srpski\/wp-json\/wp\/v2\/categories?post=33454"},{"taxonomy":"post_tag","embeddable":true,"href":"https:\/\/serbia.com\/srpski\/wp-json\/wp\/v2\/tags?post=33454"}],"curies":[{"name":"wp","href":"https:\/\/api.w.org\/{rel}","templated":true}]}}