{"id":33432,"date":"2015-06-03T15:06:50","date_gmt":"2015-06-03T13:06:50","guid":{"rendered":"http:\/\/www.serbia.com\/?page_id=33432"},"modified":"2024-10-20T21:00:19","modified_gmt":"2024-10-20T19:00:19","slug":"nocni-klubovi","status":"publish","type":"page","link":"https:\/\/serbia.com\/srpski\/posetite-srbiju\/provedi-se\/nocni-zivot\/nocni-klubovi\/","title":{"rendered":"No\u0107ni klubovi"},"content":{"rendered":"<h4 style=\"text-align: justify;\">Kao i danas, Beograd i njegovi no\u0107ni klubovi na tronu prestoni\u010dkih provoda bili su i pre vi\u0161e od 40 godina, kada su diskoteke postojale jo\u0161 samo u Parizu, Londonu i Milanu.<\/h4>\n<p style=\"text-align: justify;\">Srbija va\u017ei za mesto sa najboljim no\u0107nim \u017eivotom u ovom delu Ervope, a <a href=\"http:\/\/www.serbia.com\/srpski\/posetite-srbiju\/gradovi\/beograd\/\" target=\"_blank\" rel=\"noopener\">Beograd<\/a> za centar tog provoda. Ovde <strong>nema posebnog dana za izlaske ve\u0107 u dobru zabavu mo\u017eete krenuti uvek \u2013 va\u0161a je svaka no\u0107!<\/strong> Klubovi i diskoteke mesta su okupljanja, pre svega, mladih ljudi \u017eeljnih dobre muzike, igre i provoda. Najve\u0107i broj ovih objekata se nalazi u Beogradu, ali su i neke diskoteke u unutra\u0161njosti izgradile \u201cimid\u017e\u201d kao mesta \u201clude zabave i provoda\u201d.<\/p>\n<p style=\"text-align: justify;\">U Srbiji je uobi\u010dajno da se za jednu no\u0107 obi\u0111e vi\u0161e lokala. Ve\u010de obi\u010dno po\u010dinje u <a href=\"http:\/\/www.serbia.com\/srpski\/posetite-srbiju\/provedi-se\/restorani-i-barovi\/\" target=\"_blank\" rel=\"noopener\">barovima<\/a> \u2013 da se situacija malo \u201czagreje\u201d, a zavr\u0161ava u klubovima u ranim jutarnjim \u010dasovima. No\u0107ni klubovi se razlikuju pre svega, po vrsti muzike koja se u njima slu\u0161a, pa je potrebno samo da se raspitate gde mo\u017eete da prona\u0111ete ono \u0161to vas zanima. Sigurni smo da \u0107e klubovi i diskoteke Srbije ispuniti va\u0161a muzi\u010dka o\u010dekivanja.<\/p>\n<p style=\"text-align: justify;\">U zemlji <a href=\"http:\/\/www.serbia.com\/srpski\/posetite-srbiju\/kulturne-atrakcije\/festivali-i-manifestacije\/guca-festival-trube-i-dobrog-provoda\/\" target=\"_blank\" rel=\"noopener\"><strong>Gu\u010de<\/strong><\/a> i <a href=\"http:\/\/www.serbia.com\/srpski\/posetite-srbiju\/kulturne-atrakcije\/festivali-i-manifestacije\/exit-festival-najbolji-u-regionu\/\" target=\"_blank\" rel=\"noopener\"><strong>EXIT-a<\/strong><\/a>, no\u0107ni klubovi nude <strong>muziku svih vrsta<\/strong> \u2013 od turbo folk muzike koja je postala jedan od simbola Srbije, do elektro i tehno muzike koju pu\u0161taju poznati svetski i doma\u0107i DJ-evi. Ve\u0107ina ovakvih mesta ima i \u201c\u017eivu\u201d muziku odre\u0111enim danima u nedelji, pa se mo\u017eete uveriti i u kvalitet mladih, neafirmisanih bendova koji ovde nastupaju.<\/p>\n<p style=\"text-align: justify;\">Redovni posetioci klubova i diskoteka u Srbiji \u0107e vam re\u0107i da su se zauvek zaljubili u njihovu gu\u017evu, graju i ambijent u kome se svi, pre svega, dobro zabavljaju. U dru\u0161tvu, veseloj atmosferi, uz alkohol, pesmu i igru koje mogu potrajati do zore \u2013 <strong>zabava je zagarantovana<\/strong>, a boravak u ovim lokalima mo\u017ee biti i prilika za neko novu dru\u017eenje i poznanstvo.<\/p>\n<p style=\"text-align: justify;\"><img loading=\"lazy\" decoding=\"async\" class=\"aligncenter wp-image-16720 size-full\" src=\"http:\/\/www.serbia.com\/wp-content\/uploads\/2012\/11\/nightlife.jpg\" alt=\"nightlife\" width=\"800\" height=\"533\" srcset=\"https:\/\/serbia.com\/wp-content\/uploads\/2012\/11\/nightlife.jpg 800w, https:\/\/serbia.com\/wp-content\/uploads\/2012\/11\/nightlife-300x199.jpg 300w\" sizes=\"auto, (max-width: 800px) 100vw, 800px\" \/><\/p>\n<p style=\"text-align: justify;\">Iako je najpoznatiji svetski turisti\u010dki vodi\u010d <strong>\u201cLonely Planet\u201d<\/strong> nedavno <strong>preporu\u010dio Beograd kao najbolju destinaciju za provod<\/strong>, malo je poznato da je Beograd na tronu prestoni\u010dkih provoda bio jo\u0161 pre vi\u0161e od 40 godina.<\/p>\n<p style=\"text-align: justify;\">Naime, <strong>prva diskoteka na potezu od Trsta do Vladivostoka otvorena je u beogradskoj ulici Lole Ribara 17<\/strong>. Te daleke 1967. godine u Evropi su diskoteke postojale samo u Parizu, Londonu, Milanu i \u2013 Beogradu.<\/p>\n<p style=\"text-align: justify;\">Prvi disko u Beogradu, ali i na Balkanu, otvoren je odmah pored prestoni\u010dkog pozori\u0161ta Atelje 212, u podrumu ku\u0107e u dana\u0161njoj Svetogorskoj 17, koja je pripadala \u010duvenom srpskom ministru i politi\u010daru Jevremu Gruji\u0107u.<\/p>\n<p style=\"text-align: justify;\">Neverovatno zvu\u010di da su diskotekom <strong>\u201cKod Laze \u0160e\u0107era\u201d<\/strong>, kako je nazvana po njenom vlasniku, \u010dukun \u010dukun unuku Jevrema Gruji\u0107a, prodefilovali jedan <strong>\u0160arl Aznavur<\/strong>, <strong>Alen Delon<\/strong>,<strong> Omar \u0160arif<\/strong>, <strong>D\u017euli Kristi<\/strong>, <strong>D\u017eudi Den\u010d<\/strong> i mnoge druge holivudske i evropske zvezde.<\/p>\n<p style=\"text-align: justify;\">Bila je napravljena po ugledu na \u010duvenu parisku diskoteku \u201cKastel\u201d, koja i danas postoji i koja je jedno od najekskluzivnijih mesta u samom centru Pariza.<\/p>\n<p style=\"text-align: justify;\">Beogradska diskoteka je bila pretpla\u0107ena na najnovije plo\u010de iz Londona i Pariza, radila je od 18.30 do pola sata iza pono\u0107i, a bila je otvorena \u201cpod pokroviteljstvom\u201d Ko\u0161arka\u0161kog kluba \u201cCrvena zvezda\u201d jer privatnog vlasni\u0161tva u to vreme nije bilo. Posle godinu dana rada diskoteka je zatvorena jer je \u201ckvarila naprednu socijalisti\u010dku omladinu\u201d, kako su pisale tada\u0161nje novine.<\/p>\n","protected":false},"excerpt":{"rendered":"<p>Kao i danas, Beograd i njegovi no\u0107ni klubovi na tronu prestoni\u010dkih provoda bili su i pre vi\u0161e od 40 godina, kada su diskoteke postojale jo\u0161 samo u Parizu, Londonu i [&hellip;]<\/p>\n","protected":false},"author":27,"featured_media":33430,"parent":20424,"menu_order":0,"comment_status":"closed","ping_status":"closed","template":"","meta":{"_acf_changed":false,"inline_featured_image":false,"_monsterinsights_skip_tracking":false,"_monsterinsights_sitenote_active":false,"_monsterinsights_sitenote_note":"","_monsterinsights_sitenote_category":0,"footnotes":""},"categories":[1691],"tags":[],"class_list":["post-33432","page","type-page","status-publish","has-post-thumbnail","hentry","category-nocni-zivot"],"acf":[],"yoast_head":"<!-- This site is optimized with the Yoast SEO plugin v27.4 - https:\/\/yoast.com\/product\/yoast-seo-wordpress\/ -->\n<title>No\u0107ni klubovi - Serbia.com<\/title>\n<meta name=\"robots\" content=\"index, follow, max-snippet:-1, max-image-preview:large, max-video-preview:-1\" \/>\n<link rel=\"canonical\" href=\"https:\/\/serbia.com\/srpski\/posetite-srbiju\/provedi-se\/nocni-zivot\/nocni-klubovi\/\" \/>\n<meta property=\"og:locale\" content=\"en_US\" \/>\n<meta property=\"og:type\" content=\"article\" \/>\n<meta property=\"og:title\" content=\"No\u0107ni klubovi - Serbia.com\" \/>\n<meta property=\"og:description\" content=\"Kao i danas, Beograd i njegovi no\u0107ni klubovi na tronu prestoni\u010dkih provoda bili su i pre vi\u0161e od 40 godina, kada su diskoteke postojale jo\u0161 samo u Parizu, Londonu i [&hellip;]\" \/>\n<meta property=\"og:url\" content=\"https:\/\/serbia.com\/srpski\/posetite-srbiju\/provedi-se\/nocni-zivot\/nocni-klubovi\/\" \/>\n<meta property=\"og:site_name\" content=\"Serbia.com\" \/>\n<meta property=\"article:modified_time\" content=\"2024-10-20T19:00:19+00:00\" \/>\n<meta property=\"og:image\" content=\"https:\/\/serbia.com\/wp-content\/uploads\/2015\/06\/bgnocu7.jpg\" \/>\n\t<meta property=\"og:image:width\" content=\"1600\" \/>\n\t<meta property=\"og:image:height\" content=\"775\" \/>\n\t<meta property=\"og:image:type\" content=\"image\/jpeg\" \/>\n<meta name=\"twitter:label1\" content=\"Est. reading time\" \/>\n\t<meta name=\"twitter:data1\" content=\"3 minutes\" \/>\n<script type=\"application\/ld+json\" class=\"yoast-schema-graph\">{\"@context\":\"https:\\\/\\\/schema.org\",\"@graph\":[{\"@type\":\"WebPage\",\"@id\":\"https:\\\/\\\/serbia.com\\\/srpski\\\/posetite-srbiju\\\/provedi-se\\\/nocni-zivot\\\/nocni-klubovi\\\/\",\"url\":\"https:\\\/\\\/serbia.com\\\/srpski\\\/posetite-srbiju\\\/provedi-se\\\/nocni-zivot\\\/nocni-klubovi\\\/\",\"name\":\"No\u0107ni klubovi - Serbia.com\",\"isPartOf\":{\"@id\":\"https:\\\/\\\/serbia.com\\\/#website\"},\"primaryImageOfPage\":{\"@id\":\"https:\\\/\\\/serbia.com\\\/srpski\\\/posetite-srbiju\\\/provedi-se\\\/nocni-zivot\\\/nocni-klubovi\\\/#primaryimage\"},\"image\":{\"@id\":\"https:\\\/\\\/serbia.com\\\/srpski\\\/posetite-srbiju\\\/provedi-se\\\/nocni-zivot\\\/nocni-klubovi\\\/#primaryimage\"},\"thumbnailUrl\":\"https:\\\/\\\/serbia.com\\\/wp-content\\\/uploads\\\/2015\\\/06\\\/bgnocu7.jpg\",\"datePublished\":\"2015-06-03T13:06:50+00:00\",\"dateModified\":\"2024-10-20T19:00:19+00:00\",\"breadcrumb\":{\"@id\":\"https:\\\/\\\/serbia.com\\\/srpski\\\/posetite-srbiju\\\/provedi-se\\\/nocni-zivot\\\/nocni-klubovi\\\/#breadcrumb\"},\"inLanguage\":\"srpski\",\"potentialAction\":[{\"@type\":\"ReadAction\",\"target\":[\"https:\\\/\\\/serbia.com\\\/srpski\\\/posetite-srbiju\\\/provedi-se\\\/nocni-zivot\\\/nocni-klubovi\\\/\"]}]},{\"@type\":\"ImageObject\",\"inLanguage\":\"srpski\",\"@id\":\"https:\\\/\\\/serbia.com\\\/srpski\\\/posetite-srbiju\\\/provedi-se\\\/nocni-zivot\\\/nocni-klubovi\\\/#primaryimage\",\"url\":\"https:\\\/\\\/serbia.com\\\/wp-content\\\/uploads\\\/2015\\\/06\\\/bgnocu7.jpg\",\"contentUrl\":\"https:\\\/\\\/serbia.com\\\/wp-content\\\/uploads\\\/2015\\\/06\\\/bgnocu7.jpg\",\"width\":1600,\"height\":775},{\"@type\":\"BreadcrumbList\",\"@id\":\"https:\\\/\\\/serbia.com\\\/srpski\\\/posetite-srbiju\\\/provedi-se\\\/nocni-zivot\\\/nocni-klubovi\\\/#breadcrumb\",\"itemListElement\":[{\"@type\":\"ListItem\",\"position\":1,\"name\":\"Home\",\"item\":\"https:\\\/\\\/serbia.com\\\/srpski\\\/srbija\\\/\"},{\"@type\":\"ListItem\",\"position\":2,\"name\":\"Poseti Srbiju\",\"item\":\"https:\\\/\\\/serbia.com\\\/srpski\\\/posetite-srbiju\\\/\"},{\"@type\":\"ListItem\",\"position\":3,\"name\":\"Provedi se\",\"item\":\"https:\\\/\\\/serbia.com\\\/srpski\\\/posetite-srbiju\\\/provedi-se\\\/\"},{\"@type\":\"ListItem\",\"position\":4,\"name\":\"No\u0107ni \u017eivot\",\"item\":\"https:\\\/\\\/serbia.com\\\/srpski\\\/posetite-srbiju\\\/provedi-se\\\/nocni-zivot\\\/\"},{\"@type\":\"ListItem\",\"position\":5,\"name\":\"No\u0107ni klubovi\"}]},{\"@type\":\"WebSite\",\"@id\":\"https:\\\/\\\/serbia.com\\\/#website\",\"url\":\"https:\\\/\\\/serbia.com\\\/\",\"name\":\"Serbia.com\",\"description\":\"Your Gateway to Serbia\",\"potentialAction\":[{\"@type\":\"SearchAction\",\"target\":{\"@type\":\"EntryPoint\",\"urlTemplate\":\"https:\\\/\\\/serbia.com\\\/?s={search_term_string}\"},\"query-input\":{\"@type\":\"PropertyValueSpecification\",\"valueRequired\":true,\"valueName\":\"search_term_string\"}}],\"inLanguage\":\"srpski\"}]}<\/script>\n<!-- \/ Yoast SEO plugin. -->","yoast_head_json":{"title":"No\u0107ni klubovi - Serbia.com","robots":{"index":"index","follow":"follow","max-snippet":"max-snippet:-1","max-image-preview":"max-image-preview:large","max-video-preview":"max-video-preview:-1"},"canonical":"https:\/\/serbia.com\/srpski\/posetite-srbiju\/provedi-se\/nocni-zivot\/nocni-klubovi\/","og_locale":"en_US","og_type":"article","og_title":"No\u0107ni klubovi - Serbia.com","og_description":"Kao i danas, Beograd i njegovi no\u0107ni klubovi na tronu prestoni\u010dkih provoda bili su i pre vi\u0161e od 40 godina, kada su diskoteke postojale jo\u0161 samo u Parizu, Londonu i [&hellip;]","og_url":"https:\/\/serbia.com\/srpski\/posetite-srbiju\/provedi-se\/nocni-zivot\/nocni-klubovi\/","og_site_name":"Serbia.com","article_modified_time":"2024-10-20T19:00:19+00:00","og_image":[{"width":1600,"height":775,"url":"https:\/\/serbia.com\/wp-content\/uploads\/2015\/06\/bgnocu7.jpg","type":"image\/jpeg"}],"twitter_misc":{"Est. reading time":"3 minutes"},"schema":{"@context":"https:\/\/schema.org","@graph":[{"@type":"WebPage","@id":"https:\/\/serbia.com\/srpski\/posetite-srbiju\/provedi-se\/nocni-zivot\/nocni-klubovi\/","url":"https:\/\/serbia.com\/srpski\/posetite-srbiju\/provedi-se\/nocni-zivot\/nocni-klubovi\/","name":"No\u0107ni klubovi - Serbia.com","isPartOf":{"@id":"https:\/\/serbia.com\/#website"},"primaryImageOfPage":{"@id":"https:\/\/serbia.com\/srpski\/posetite-srbiju\/provedi-se\/nocni-zivot\/nocni-klubovi\/#primaryimage"},"image":{"@id":"https:\/\/serbia.com\/srpski\/posetite-srbiju\/provedi-se\/nocni-zivot\/nocni-klubovi\/#primaryimage"},"thumbnailUrl":"https:\/\/serbia.com\/wp-content\/uploads\/2015\/06\/bgnocu7.jpg","datePublished":"2015-06-03T13:06:50+00:00","dateModified":"2024-10-20T19:00:19+00:00","breadcrumb":{"@id":"https:\/\/serbia.com\/srpski\/posetite-srbiju\/provedi-se\/nocni-zivot\/nocni-klubovi\/#breadcrumb"},"inLanguage":"srpski","potentialAction":[{"@type":"ReadAction","target":["https:\/\/serbia.com\/srpski\/posetite-srbiju\/provedi-se\/nocni-zivot\/nocni-klubovi\/"]}]},{"@type":"ImageObject","inLanguage":"srpski","@id":"https:\/\/serbia.com\/srpski\/posetite-srbiju\/provedi-se\/nocni-zivot\/nocni-klubovi\/#primaryimage","url":"https:\/\/serbia.com\/wp-content\/uploads\/2015\/06\/bgnocu7.jpg","contentUrl":"https:\/\/serbia.com\/wp-content\/uploads\/2015\/06\/bgnocu7.jpg","width":1600,"height":775},{"@type":"BreadcrumbList","@id":"https:\/\/serbia.com\/srpski\/posetite-srbiju\/provedi-se\/nocni-zivot\/nocni-klubovi\/#breadcrumb","itemListElement":[{"@type":"ListItem","position":1,"name":"Home","item":"https:\/\/serbia.com\/srpski\/srbija\/"},{"@type":"ListItem","position":2,"name":"Poseti Srbiju","item":"https:\/\/serbia.com\/srpski\/posetite-srbiju\/"},{"@type":"ListItem","position":3,"name":"Provedi se","item":"https:\/\/serbia.com\/srpski\/posetite-srbiju\/provedi-se\/"},{"@type":"ListItem","position":4,"name":"No\u0107ni \u017eivot","item":"https:\/\/serbia.com\/srpski\/posetite-srbiju\/provedi-se\/nocni-zivot\/"},{"@type":"ListItem","position":5,"name":"No\u0107ni klubovi"}]},{"@type":"WebSite","@id":"https:\/\/serbia.com\/#website","url":"https:\/\/serbia.com\/","name":"Serbia.com","description":"Your Gateway to Serbia","potentialAction":[{"@type":"SearchAction","target":{"@type":"EntryPoint","urlTemplate":"https:\/\/serbia.com\/?s={search_term_string}"},"query-input":{"@type":"PropertyValueSpecification","valueRequired":true,"valueName":"search_term_string"}}],"inLanguage":"srpski"}]}},"brizy_media":[],"_links":{"self":[{"href":"https:\/\/serbia.com\/srpski\/wp-json\/wp\/v2\/pages\/33432","targetHints":{"allow":["GET"]}}],"collection":[{"href":"https:\/\/serbia.com\/srpski\/wp-json\/wp\/v2\/pages"}],"about":[{"href":"https:\/\/serbia.com\/srpski\/wp-json\/wp\/v2\/types\/page"}],"author":[{"embeddable":true,"href":"https:\/\/serbia.com\/srpski\/wp-json\/wp\/v2\/users\/27"}],"replies":[{"embeddable":true,"href":"https:\/\/serbia.com\/srpski\/wp-json\/wp\/v2\/comments?post=33432"}],"version-history":[{"count":2,"href":"https:\/\/serbia.com\/srpski\/wp-json\/wp\/v2\/pages\/33432\/revisions"}],"predecessor-version":[{"id":55789,"href":"https:\/\/serbia.com\/srpski\/wp-json\/wp\/v2\/pages\/33432\/revisions\/55789"}],"up":[{"embeddable":true,"href":"https:\/\/serbia.com\/srpski\/wp-json\/wp\/v2\/pages\/20424"}],"wp:featuredmedia":[{"embeddable":true,"href":"https:\/\/serbia.com\/srpski\/wp-json\/wp\/v2\/media\/33430"}],"wp:attachment":[{"href":"https:\/\/serbia.com\/srpski\/wp-json\/wp\/v2\/media?parent=33432"}],"wp:term":[{"taxonomy":"category","embeddable":true,"href":"https:\/\/serbia.com\/srpski\/wp-json\/wp\/v2\/categories?post=33432"},{"taxonomy":"post_tag","embeddable":true,"href":"https:\/\/serbia.com\/srpski\/wp-json\/wp\/v2\/tags?post=33432"}],"curies":[{"name":"wp","href":"https:\/\/api.w.org\/{rel}","templated":true}]}}