{"id":33366,"date":"2015-06-03T12:01:44","date_gmt":"2015-06-03T10:01:44","guid":{"rendered":"http:\/\/www.serbia.com\/?page_id=33366"},"modified":"2024-10-20T20:33:31","modified_gmt":"2024-10-20T18:33:31","slug":"vinski-put-palic","status":"publish","type":"page","link":"https:\/\/serbia.com\/srpski\/posetite-srbiju\/provedi-se\/vinski-putevi\/vinski-put-palic\/","title":{"rendered":"Vinski put Pali\u0107"},"content":{"rendered":"<h4 style=\"text-align: justify;\">Ako \u017eelite da otkrijete ne\u017ena \u201cvina sa peska\u201d i probate specijalitete srpske, ma\u0111arske i bunjeva\u010dke kuhinje, vinski put Pali\u0107 prava je destinacija za vas.<\/h4>\n<p style=\"text-align: justify;\">Kada se povuklo sa ovih prostora, praistorijsko Panonsko more ostavilo je za sobom peskovite terene i <a href=\"http:\/\/www.serbia.com\/srpski\/posetite-srbiju\/prirodne-lepote\/reke-i-jezera\/palic-jezero-napravljeno-od-suza\/\" target=\"_blank\" rel=\"noopener\">jezero Pali\u0107<\/a> koje je danas <strong>jedna od najlep\u0161ih turisti\u010dkih atrakcija Srbije<\/strong>. Na ovoj pe\u0161\u010dari je u suboti\u010dkom kraju ucrtan vinski put Pali\u0107 na kome se tradicionalno gaje pojedine izuzetno stare sorte vinove loze.<\/p>\n<p style=\"text-align: justify;\">Osim <strong>kadarke<\/strong> \u010diji ukus podse\u0107a na ukus tre\u0161nje, ovde se velika pa\u017enja posve\u0107uje <strong>kevedinki<\/strong> i <strong>muskat krokanu<\/strong> od koga se dobija suvo belo vino.<\/p>\n<p style=\"text-align: justify;\">Ipak, vinski put Pali\u0107 nije ostao zatvoren za nove vinograde, u kojima se najvi\u0161e neguju bele sorte: <strong>italijanski rizling<\/strong>, zatim <strong>rajnski rizling<\/strong>, <strong>beli burgundac<\/strong>, <strong>ezerjo<\/strong> i <strong>\u0161ardone<\/strong>.<\/p>\n<p style=\"text-align: justify;\">Kada je filoksera uni\u0161tavala evropske vinograde po\u010detkom 18. veka, ovaj region ostao je o\u010duvan i privukao pa\u017enju evropskih vinogradara. U to vreme su osnovani <strong>Vinarija \u010coka<\/strong> i <strong>podrum Pali\u0107<\/strong> koji do danas ostaju nosioci razvoja vinarstva ove regije.<\/p>\n<p style=\"text-align: justify;\">Za vinaruju \u010coka vezuje se interesantna pri\u010da o tome kako je njen osniva\u010d grof Lederer zakazivao kartanje u buretu zapremine 67 hiljada litara. I danas se pri\u010da o ovom \u010duvenom kartanju uz muziku i vino koje je moglo da potraje danima.<\/p>\n<figure id=\"attachment_33363\" aria-describedby=\"caption-attachment-33363\" style=\"width: 800px\" class=\"wp-caption aligncenter\"><img loading=\"lazy\" decoding=\"async\" class=\"wp-image-33363 size-full\" src=\"http:\/\/www.serbia.com\/wp-content\/uploads\/2015\/06\/palic4.jpg\" alt=\"palic4\" width=\"800\" height=\"470\" srcset=\"https:\/\/serbia.com\/wp-content\/uploads\/2015\/06\/palic4.jpg 800w, https:\/\/serbia.com\/wp-content\/uploads\/2015\/06\/palic4-300x176.jpg 300w\" sizes=\"(max-width: 800px) 100vw, 800px\" \/><figcaption id=\"caption-attachment-33363\" class=\"wp-caption-text\">Vinogradi Zvonko Bogdan<\/figcaption><\/figure>\n<p style=\"text-align: justify;\">Ina\u010de, njen <strong>podrum koji je osnovan 1903. godine predstavlja rasko\u0161ni spomenik vinske kulture<\/strong>. Podrum ima rusti\u010dan ambijent, sedam vinskih ulica na povr\u0161ini od 6 hiljada kvadratnih metara, koje su \u010dak \u010detiri metra ni\u017ee od nivoa obli\u017enje reke Stare Tise.<\/p>\n<p style=\"text-align: justify;\">U mestu Biserno ostrvo, krajem 19. veka grof Lipot Rohonci sagradio je dvorac sa vinskim podrumom koji i danas posrtoji, i sadio specijalnu sortu gro\u017e\u0111a muskat krokan. Danas njegov unuk poku\u0161ava da vrati dvorcu stari sjaj i nastavi sa proizvodnjom dedinog \u010duvenog vina koje se prodavalo u Budimpe\u0161ti, Londonu i drugim tr\u017ei\u0161tima Evrope.<\/p>\n<p style=\"text-align: justify;\">Na samom Pali\u0107u najpoznatije vinarije su <strong>WOW Winery<\/strong> i <strong>Dibonis<\/strong>, u <a href=\"http:\/\/www.serbia.com\/srpski\/posetite-srbiju\/gradovi\/subotica\/\" target=\"_blank\" rel=\"noopener\">Subotici<\/a> <strong>vinski sala\u0161 \u201c\u010cuvardi\u0107<\/strong>\u201d, a u okolini <strong>Vinski dvor<\/strong> u Hajdukovu i <strong>Vinum Lodi<\/strong> u Feketi\u0107u.<\/p>\n<p style=\"text-align: justify;\">Mo\u017eda \u0107e vas iznenaditi, ali vinski put Pali\u0107 je mesto na kome \u0107ete verovatno sresti mladi\u0107e obu\u010dene u vite\u0161ka odela sa kr\u010dazima vina u rukama. Oni su posebna atrakcija ovog kraja i predstavljaju <strong>vite\u0161ki red \u201cArena Sabatkienze<\/strong>\u201d. Ovi vitezovi vra\u0107aju vreme unazad i \u0161ire kulturu pijenja vina na na\u010din na koji su se ona nekada pila i obo\u017eavala.<\/p>\n<p style=\"text-align: justify;\">Vinski put Pali\u0107 nalazi se nadomak granice sa Ma\u0111arskom, a samo jezero na svega 8 kilometara severno od Subotice. Hoteli na jezeru izgra\u0111eni su u stilu secesije, a sme\u0161teni su u baroknim parkovima. \u010cudesan mir u spoju sa savr\u0161enom prirodom, pla\u017eama i \u0161etali\u0161tima \u010dine ovo jezero<strong> idealnim mestom za odmor, ali i idealnim ambijentom za u\u017eivanje u kvalitetnim vinima<\/strong>.<\/p>\n","protected":false},"excerpt":{"rendered":"<p>Ako \u017eelite da otkrijete ne\u017ena \u201cvina sa peska\u201d i probate specijalitete srpske, ma\u0111arske i bunjeva\u010dke kuhinje, vinski put Pali\u0107 prava je destinacija za vas. Kada se povuklo sa ovih prostora, [&hellip;]<\/p>\n","protected":false},"author":27,"featured_media":33360,"parent":20473,"menu_order":0,"comment_status":"closed","ping_status":"closed","template":"","meta":{"_acf_changed":false,"inline_featured_image":false,"_monsterinsights_skip_tracking":false,"_monsterinsights_sitenote_active":false,"_monsterinsights_sitenote_note":"","_monsterinsights_sitenote_category":0,"footnotes":""},"categories":[1678],"tags":[],"class_list":["post-33366","page","type-page","status-publish","has-post-thumbnail","hentry","category-vinski-putevi"],"acf":[],"yoast_head":"<!-- This site is optimized with the Yoast SEO plugin v23.8 - https:\/\/yoast.com\/wordpress\/plugins\/seo\/ -->\n<title>Vinski put Pali\u0107 - Serbia.com<\/title>\n<meta name=\"robots\" content=\"index, follow, max-snippet:-1, max-image-preview:large, max-video-preview:-1\" \/>\n<link rel=\"canonical\" href=\"https:\/\/serbia.com\/srpski\/posetite-srbiju\/provedi-se\/vinski-putevi\/vinski-put-palic\/\" \/>\n<meta property=\"og:locale\" content=\"en_US\" \/>\n<meta property=\"og:type\" content=\"article\" \/>\n<meta property=\"og:title\" content=\"Vinski put Pali\u0107 - Serbia.com\" \/>\n<meta property=\"og:description\" content=\"Ako \u017eelite da otkrijete ne\u017ena \u201cvina sa peska\u201d i probate specijalitete srpske, ma\u0111arske i bunjeva\u010dke kuhinje, vinski put Pali\u0107 prava je destinacija za vas. Kada se povuklo sa ovih prostora, [&hellip;]\" \/>\n<meta property=\"og:url\" content=\"https:\/\/serbia.com\/srpski\/posetite-srbiju\/provedi-se\/vinski-putevi\/vinski-put-palic\/\" \/>\n<meta property=\"og:site_name\" content=\"Serbia.com\" \/>\n<meta property=\"article:modified_time\" content=\"2024-10-20T18:33:31+00:00\" \/>\n<meta property=\"og:image\" content=\"https:\/\/serbia.com\/wp-content\/uploads\/2015\/06\/palic-vino333.jpg\" \/>\n\t<meta property=\"og:image:width\" content=\"1600\" \/>\n\t<meta property=\"og:image:height\" content=\"626\" \/>\n\t<meta property=\"og:image:type\" content=\"image\/jpeg\" \/>\n<meta name=\"twitter:label1\" content=\"Est. reading time\" \/>\n\t<meta name=\"twitter:data1\" content=\"3 minutes\" \/>\n<script type=\"application\/ld+json\" class=\"yoast-schema-graph\">{\"@context\":\"https:\/\/schema.org\",\"@graph\":[{\"@type\":\"WebPage\",\"@id\":\"https:\/\/serbia.com\/srpski\/posetite-srbiju\/provedi-se\/vinski-putevi\/vinski-put-palic\/\",\"url\":\"https:\/\/serbia.com\/srpski\/posetite-srbiju\/provedi-se\/vinski-putevi\/vinski-put-palic\/\",\"name\":\"Vinski put Pali\u0107 - Serbia.com\",\"isPartOf\":{\"@id\":\"https:\/\/serbia.com\/#website\"},\"primaryImageOfPage\":{\"@id\":\"https:\/\/serbia.com\/srpski\/posetite-srbiju\/provedi-se\/vinski-putevi\/vinski-put-palic\/#primaryimage\"},\"image\":{\"@id\":\"https:\/\/serbia.com\/srpski\/posetite-srbiju\/provedi-se\/vinski-putevi\/vinski-put-palic\/#primaryimage\"},\"thumbnailUrl\":\"https:\/\/serbia.com\/wp-content\/uploads\/2015\/06\/palic-vino333.jpg\",\"datePublished\":\"2015-06-03T10:01:44+00:00\",\"dateModified\":\"2024-10-20T18:33:31+00:00\",\"breadcrumb\":{\"@id\":\"https:\/\/serbia.com\/srpski\/posetite-srbiju\/provedi-se\/vinski-putevi\/vinski-put-palic\/#breadcrumb\"},\"inLanguage\":\"srpski\",\"potentialAction\":[{\"@type\":\"ReadAction\",\"target\":[\"https:\/\/serbia.com\/srpski\/posetite-srbiju\/provedi-se\/vinski-putevi\/vinski-put-palic\/\"]}]},{\"@type\":\"ImageObject\",\"inLanguage\":\"srpski\",\"@id\":\"https:\/\/serbia.com\/srpski\/posetite-srbiju\/provedi-se\/vinski-putevi\/vinski-put-palic\/#primaryimage\",\"url\":\"https:\/\/serbia.com\/wp-content\/uploads\/2015\/06\/palic-vino333.jpg\",\"contentUrl\":\"https:\/\/serbia.com\/wp-content\/uploads\/2015\/06\/palic-vino333.jpg\",\"width\":1600,\"height\":626},{\"@type\":\"BreadcrumbList\",\"@id\":\"https:\/\/serbia.com\/srpski\/posetite-srbiju\/provedi-se\/vinski-putevi\/vinski-put-palic\/#breadcrumb\",\"itemListElement\":[{\"@type\":\"ListItem\",\"position\":1,\"name\":\"Home\",\"item\":\"https:\/\/serbia.com\/srpski\/\"},{\"@type\":\"ListItem\",\"position\":2,\"name\":\"Poseti Srbiju\",\"item\":\"https:\/\/serbia.com\/srpski\/posetite-srbiju\/\"},{\"@type\":\"ListItem\",\"position\":3,\"name\":\"Provedi se\",\"item\":\"https:\/\/serbia.com\/srpski\/posetite-srbiju\/provedi-se\/\"},{\"@type\":\"ListItem\",\"position\":4,\"name\":\"Vinski putevi\",\"item\":\"https:\/\/serbia.com\/srpski\/posetite-srbiju\/provedi-se\/vinski-putevi\/\"},{\"@type\":\"ListItem\",\"position\":5,\"name\":\"Vinski put Pali\u0107\"}]},{\"@type\":\"WebSite\",\"@id\":\"https:\/\/serbia.com\/#website\",\"url\":\"https:\/\/serbia.com\/\",\"name\":\"Serbia.com\",\"description\":\"Your Gateway to Serbia\",\"potentialAction\":[{\"@type\":\"SearchAction\",\"target\":{\"@type\":\"EntryPoint\",\"urlTemplate\":\"https:\/\/serbia.com\/?s={search_term_string}\"},\"query-input\":{\"@type\":\"PropertyValueSpecification\",\"valueRequired\":true,\"valueName\":\"search_term_string\"}}],\"inLanguage\":\"srpski\"}]}<\/script>\n<!-- \/ Yoast SEO plugin. -->","yoast_head_json":{"title":"Vinski put Pali\u0107 - Serbia.com","robots":{"index":"index","follow":"follow","max-snippet":"max-snippet:-1","max-image-preview":"max-image-preview:large","max-video-preview":"max-video-preview:-1"},"canonical":"https:\/\/serbia.com\/srpski\/posetite-srbiju\/provedi-se\/vinski-putevi\/vinski-put-palic\/","og_locale":"en_US","og_type":"article","og_title":"Vinski put Pali\u0107 - Serbia.com","og_description":"Ako \u017eelite da otkrijete ne\u017ena \u201cvina sa peska\u201d i probate specijalitete srpske, ma\u0111arske i bunjeva\u010dke kuhinje, vinski put Pali\u0107 prava je destinacija za vas. Kada se povuklo sa ovih prostora, [&hellip;]","og_url":"https:\/\/serbia.com\/srpski\/posetite-srbiju\/provedi-se\/vinski-putevi\/vinski-put-palic\/","og_site_name":"Serbia.com","article_modified_time":"2024-10-20T18:33:31+00:00","og_image":[{"width":1600,"height":626,"url":"https:\/\/serbia.com\/wp-content\/uploads\/2015\/06\/palic-vino333.jpg","type":"image\/jpeg"}],"twitter_misc":{"Est. reading time":"3 minutes"},"schema":{"@context":"https:\/\/schema.org","@graph":[{"@type":"WebPage","@id":"https:\/\/serbia.com\/srpski\/posetite-srbiju\/provedi-se\/vinski-putevi\/vinski-put-palic\/","url":"https:\/\/serbia.com\/srpski\/posetite-srbiju\/provedi-se\/vinski-putevi\/vinski-put-palic\/","name":"Vinski put Pali\u0107 - Serbia.com","isPartOf":{"@id":"https:\/\/serbia.com\/#website"},"primaryImageOfPage":{"@id":"https:\/\/serbia.com\/srpski\/posetite-srbiju\/provedi-se\/vinski-putevi\/vinski-put-palic\/#primaryimage"},"image":{"@id":"https:\/\/serbia.com\/srpski\/posetite-srbiju\/provedi-se\/vinski-putevi\/vinski-put-palic\/#primaryimage"},"thumbnailUrl":"https:\/\/serbia.com\/wp-content\/uploads\/2015\/06\/palic-vino333.jpg","datePublished":"2015-06-03T10:01:44+00:00","dateModified":"2024-10-20T18:33:31+00:00","breadcrumb":{"@id":"https:\/\/serbia.com\/srpski\/posetite-srbiju\/provedi-se\/vinski-putevi\/vinski-put-palic\/#breadcrumb"},"inLanguage":"srpski","potentialAction":[{"@type":"ReadAction","target":["https:\/\/serbia.com\/srpski\/posetite-srbiju\/provedi-se\/vinski-putevi\/vinski-put-palic\/"]}]},{"@type":"ImageObject","inLanguage":"srpski","@id":"https:\/\/serbia.com\/srpski\/posetite-srbiju\/provedi-se\/vinski-putevi\/vinski-put-palic\/#primaryimage","url":"https:\/\/serbia.com\/wp-content\/uploads\/2015\/06\/palic-vino333.jpg","contentUrl":"https:\/\/serbia.com\/wp-content\/uploads\/2015\/06\/palic-vino333.jpg","width":1600,"height":626},{"@type":"BreadcrumbList","@id":"https:\/\/serbia.com\/srpski\/posetite-srbiju\/provedi-se\/vinski-putevi\/vinski-put-palic\/#breadcrumb","itemListElement":[{"@type":"ListItem","position":1,"name":"Home","item":"https:\/\/serbia.com\/srpski\/"},{"@type":"ListItem","position":2,"name":"Poseti Srbiju","item":"https:\/\/serbia.com\/srpski\/posetite-srbiju\/"},{"@type":"ListItem","position":3,"name":"Provedi se","item":"https:\/\/serbia.com\/srpski\/posetite-srbiju\/provedi-se\/"},{"@type":"ListItem","position":4,"name":"Vinski putevi","item":"https:\/\/serbia.com\/srpski\/posetite-srbiju\/provedi-se\/vinski-putevi\/"},{"@type":"ListItem","position":5,"name":"Vinski put Pali\u0107"}]},{"@type":"WebSite","@id":"https:\/\/serbia.com\/#website","url":"https:\/\/serbia.com\/","name":"Serbia.com","description":"Your Gateway to Serbia","potentialAction":[{"@type":"SearchAction","target":{"@type":"EntryPoint","urlTemplate":"https:\/\/serbia.com\/?s={search_term_string}"},"query-input":{"@type":"PropertyValueSpecification","valueRequired":true,"valueName":"search_term_string"}}],"inLanguage":"srpski"}]}},"_links":{"self":[{"href":"https:\/\/serbia.com\/srpski\/wp-json\/wp\/v2\/pages\/33366"}],"collection":[{"href":"https:\/\/serbia.com\/srpski\/wp-json\/wp\/v2\/pages"}],"about":[{"href":"https:\/\/serbia.com\/srpski\/wp-json\/wp\/v2\/types\/page"}],"author":[{"embeddable":true,"href":"https:\/\/serbia.com\/srpski\/wp-json\/wp\/v2\/users\/27"}],"replies":[{"embeddable":true,"href":"https:\/\/serbia.com\/srpski\/wp-json\/wp\/v2\/comments?post=33366"}],"version-history":[{"count":1,"href":"https:\/\/serbia.com\/srpski\/wp-json\/wp\/v2\/pages\/33366\/revisions"}],"predecessor-version":[{"id":55776,"href":"https:\/\/serbia.com\/srpski\/wp-json\/wp\/v2\/pages\/33366\/revisions\/55776"}],"up":[{"embeddable":true,"href":"https:\/\/serbia.com\/srpski\/wp-json\/wp\/v2\/pages\/20473"}],"wp:featuredmedia":[{"embeddable":true,"href":"https:\/\/serbia.com\/srpski\/wp-json\/wp\/v2\/media\/33360"}],"wp:attachment":[{"href":"https:\/\/serbia.com\/srpski\/wp-json\/wp\/v2\/media?parent=33366"}],"wp:term":[{"taxonomy":"category","embeddable":true,"href":"https:\/\/serbia.com\/srpski\/wp-json\/wp\/v2\/categories?post=33366"},{"taxonomy":"post_tag","embeddable":true,"href":"https:\/\/serbia.com\/srpski\/wp-json\/wp\/v2\/tags?post=33366"}],"curies":[{"name":"wp","href":"https:\/\/api.w.org\/{rel}","templated":true}]}}