{"id":33251,"date":"2015-06-02T12:35:44","date_gmt":"2015-06-02T10:35:44","guid":{"rendered":"http:\/\/www.serbia.com\/?page_id=33251"},"modified":"2024-10-20T20:17:10","modified_gmt":"2024-10-20T18:17:10","slug":"deliblatska-pescara-evropska-sahara","status":"publish","type":"page","link":"https:\/\/serbia.com\/srpski\/posetite-srbiju\/prirodne-lepote\/jedinstvena-priroda\/deliblatska-pescara-evropska-sahara\/","title":{"rendered":"Deliblatska pe\u0161\u010dara \u2013 evropska Sahara"},"content":{"rendered":"<h4 style=\"text-align: justify;\">Jedna od poslednjih pustinja u Evropi, Deliblatska pe\u0161\u010dara je nastala od peska koji je nanosio vetar i prote\u017ee se na 300 kvadratnih kilometara.<\/h4>\n<p style=\"text-align: justify;\">Ako po\u017eelite da pro\u0161etate jednom od <strong>poslednjih pustinja u Evropi<\/strong>, Deliblatska pe\u0161\u010dara je mesto za vas. Oni odva\u017eniji, mogli bi da se pohvale i da su u njoj u\u010destvovali u lovu na vukove, dok bi oni miroljubiviji pri\u010dali o prelepoj prirodi i pokazivali fotografije predela koji kao da se nalaze u dalekoj Africi, a ne u sredi\u0161tu Evrope.<\/p>\n<p style=\"text-align: justify;\">Jedinstveni fenomen u ovom delu sveta ili <em>\u201cEvropska Sahara\u201d<\/em> kako je jo\u0161 zovu, Deliblatska pe\u0161\u010dara je mesto koje, ako dolazite u Srbiju, ne smete propustiti! Nastala je delovanjem vetra koji je nanosio pesak i stvorio pravi pustinjski reljef. Nepregledna ravnica Vojvodine je u\u010dinila ostalo.<\/p>\n<p style=\"text-align: justify;\">Dnevno-no\u0107ne promene temperature su velike, a sli\u010dno je i sa smenama godi\u0161njih doba. Kao u pravoj pustinji, povr\u0161inskih vodotokova u Deliblatskoj pe\u0161\u010dari nema, a Ko\u0161ava duva \u010desto uraganskom brzinom (do 180km na sat).<\/p>\n<p style=\"text-align: justify;\">Zbog svoje raznovrsne flore i faune ovo podru\u010dje je <strong>progla\u0161eno za specijalni rezervat prirode<\/strong>.<\/p>\n<p style=\"text-align: justify;\">Povr\u0161ina pe\u0161\u010dare je oko 300km2, a mase peska su okru\u017eene plodnim lesnim povr\u0161inama na kojima \u017eive mnogobrojne biljne i \u017eivotinjske vrste. Ovo je zbog toga pravi <strong>raj za sve istra\u017eiva\u010de prirode, \u017eeljne avanture i boravka u jednom zaista jedinstvenom ekosistemu<\/strong>.\u00a0Ovde raste oko <strong>900 vrsta biljaka<\/strong>, a banatski i stepski bo\u017eur, pan\u010di\u0107ev pelen i jo\u0161 neke retke vrste mogu\u0107e je na\u0107i samo u Deliblatskoj pe\u0161\u010dari.<\/p>\n<p style=\"text-align: justify;\">Svojom lepotom pa\u017enju privla\u010di i <strong>20 vrsta orhideja<\/strong>, a to najbolje znaju ljubitelji cve\u0107a iz celog sveta koji, s prole\u0107a, ve\u0107 dugi niz godina dolaze ovde da u\u017eivaju u prirodi koja se tek budi.<\/p>\n<p style=\"text-align: justify;\">Najve\u0107i broj \u017eivotinja koje \u017eive u ovoj pustinji spadaju me\u0111u prirodne retkosti u ostatku Evrope. To su uglavnom vrste sa stepskih stani\u0161ta koje su beg od savremenog sveta potra\u017eile upravo u ovoj pe\u0161\u010dari \u2013 pustinjski mravi, mravlji lav, banatski soko, orao krsta\u0161, stepski sko\u010dimi\u0161, stepski tvor\u2026 Za neke od njih, Deliblatska pe\u0161\u010dara je jedino ili jedno od malobrojnih preostalih stani\u0161ta u Srbiji.<\/p>\n<p style=\"text-align: justify;\">Specifi\u010dnost ovog mesta je i <strong>stalna populacija vukova<\/strong>, pa \u0107ete prilikom boravka ovde imati ose\u0107aj da ste u pravoj divljini.\u00a0Deliblatska pe\u0161\u010dara je lokalitet na kome se nalazi i poznato mesto za lov na koje ve\u0107 godinama dolaze lovci iz celog sveta. Dozvoljen je lov na srne i divlje svinje, a odva\u017eniji mogu da se u nekim mesecima tokom godine oprobaju i u lovu na vukove. Uz odgovaraju\u0107e dozvole, svoje trofeje mo\u017eete poneti ku\u0107i, a posle ih svima pokazivati i pri\u010dati va\u0161e \u201elova\u010dke pri\u010de\u201c.<\/p>\n<p style=\"text-align: justify;\">Deliblatska pe\u0161\u010dara nekada je imala ogroman problem sa nevezanim peskom koji se pod dejstvom ko\u0161ave razvejavao \u0161irokim prostorima Panonske nizije. Promene u reljefu i delovanje ljudi od ovoga su napravile samo pri\u010du iz davnih vremena. Ipak, ime je ostalo \u2013 Deliblatska pe\u0161\u010dara postala je \u201cEvropska Sahara\u201d i \u201cnajstarija pustinja u Evropi\u201d. A da li zaista li\u010di na pravu pustinju, prepu\u0161tamo vama da ocenite.<\/p>\n<h4 style=\"text-align: justify;\">Gde je Deliblatska pe\u0161\u010dara i kako do nje do\u0107i?<\/h4>\n<p style=\"text-align: justify;\">Deliblatska pe\u0161\u010dara se nalazi na oko 100 km od <a href=\"http:\/\/www.serbia.com\/srpski\/posetite-srbiju\/gradovi\/beograd\/\" target=\"_blank\" rel=\"noopener\">Beograda<\/a>, a najbolje je po\u0107i putem <a href=\"http:\/\/www.serbia.com\/srpski\/24-sata-u-pancevu\/\" target=\"_blank\" rel=\"noopener\">Pan\u010devo<\/a>-Kovin-<a href=\"http:\/\/www.serbia.com\/srpski\/bela-crkva-vojvodanska-venecija\/\" target=\"_blank\" rel=\"noopener\">Bela Crkva<\/a>. Sa beogradske autobuske stanice \u010desto saobra\u0107aju autobusi ka Beloj Crkvi.<\/p>\n<p style=\"text-align: justify;\">Iz Centralne Srbije do ovog kraja mo\u017eete sti\u0107i iz pravca Kovina preko Smederevskog mosta i Deliblatske pe\u0161\u010dare. Ukoliko kre\u0107ete iz Vojvodine, krenite ka Beloj Crkvi preko Vr\u0161ca.<\/p>\n<h4 style=\"text-align: justify;\">Kada ste ovde, ne propustite\u2026<\/h4>\n<p style=\"text-align: justify;\">Da pro\u0161etate svakom varo\u0161icom na koju nai\u0111ete na putu sve do <a href=\"http:\/\/www.serbia.com\/srpski\/posetite-srbiju\/gradovi\/vrsac-lepa-varos\/\" target=\"_blank\" rel=\"noopener\"><strong>Vr\u0161ca<\/strong><\/a> jer \u0107ete tako mo\u0107i da se upoznate sa specifi\u010dnim vojvo\u0111anskim mentalitetom, da vidite brojne \u017eivopisne crkve izgra\u0111ene u baroknom stilu, probate vojvo\u0111ansku kuhinju.<\/p>\n<p style=\"text-align: justify;\">Ako dolazite u letnjem periodu, ponesite kupa\u0107i kostim jer \u0107ete nai\u0107i na mnogo divnih pla\u017ea na <a href=\"http:\/\/www.serbia.com\/srpski\/posetite-srbiju\/prirodne-lepote\/reke-i-jezera\/dunav-mesto-spajanja-i-razdvajanja\/\" target=\"_blank\" rel=\"noopener\">Dunavu<\/a>. Na samo 65 km od Beograda, u selu Gaj, skrenite desno i uskoro \u0107ete sti\u0107i do jedne od najlep\u0161ih pla\u017ea odakle se splavovima mo\u017eete odvesti do Viminacijuma (rimski vojni logor i grad), a gliserom do Srebrnog jezera.<\/p>\n<p style=\"text-align: justify;\">Nezaboravan do\u017eivljaj Deliblatske pe\u0161\u010dare upotpunjuje mogu\u0107nost da na samo nekoliko metara od vas, na pojili\u0161tima, ugledate jelene, srne, divlje svinje\u2026<\/p>\n<p style=\"text-align: justify;\">Vr\u0161ac, jedan od najlep\u0161ih gradova Srbije sa svojim znamenitostima \u010deka da ga otkrijete.<\/p>\n<p style=\"text-align: justify;\">U ovom delu zemlje se nalazi \u201cVinski put Vr\u0161ac\u201c, pa vas bez \u010da\u0161e bo\u017eanskog pi\u0107a iz banatskih vinograda, doma\u0107ini ne\u0107e pustiti da odete. A ako se ovde na\u0111ete tre\u0107eg vikenda u septembru, ne propustite manifestaciju \u201cDani berbe\u201c, na kojoj mo\u017eete da probate najlep\u0161a vina ovog kraja.<\/p>\n","protected":false},"excerpt":{"rendered":"<p>Jedna od poslednjih pustinja u Evropi, Deliblatska pe\u0161\u010dara je nastala od peska koji je nanosio vetar i prote\u017ee se na 300 kvadratnih kilometara. Ako po\u017eelite da pro\u0161etate jednom od poslednjih [&hellip;]<\/p>\n","protected":false},"author":27,"featured_media":33246,"parent":20470,"menu_order":0,"comment_status":"closed","ping_status":"closed","template":"","meta":{"_acf_changed":false,"inline_featured_image":false,"_monsterinsights_skip_tracking":false,"_monsterinsights_sitenote_active":false,"_monsterinsights_sitenote_note":"","_monsterinsights_sitenote_category":0,"footnotes":""},"categories":[1661],"tags":[],"class_list":["post-33251","page","type-page","status-publish","has-post-thumbnail","hentry","category-jedinstvena-priroda-prirodne-lepote-sta-posetiti"],"acf":[],"yoast_head":"<!-- This site is optimized with the Yoast SEO plugin v27.4 - https:\/\/yoast.com\/product\/yoast-seo-wordpress\/ -->\n<title>Deliblatska pe\u0161\u010dara \u2013 evropska Sahara - Serbia.com<\/title>\n<meta name=\"robots\" content=\"index, follow, max-snippet:-1, max-image-preview:large, max-video-preview:-1\" \/>\n<link rel=\"canonical\" href=\"https:\/\/serbia.com\/srpski\/posetite-srbiju\/prirodne-lepote\/jedinstvena-priroda\/deliblatska-pescara-evropska-sahara\/\" \/>\n<meta property=\"og:locale\" content=\"en_US\" \/>\n<meta property=\"og:type\" content=\"article\" \/>\n<meta property=\"og:title\" content=\"Deliblatska pe\u0161\u010dara \u2013 evropska Sahara - Serbia.com\" \/>\n<meta property=\"og:description\" content=\"Jedna od poslednjih pustinja u Evropi, Deliblatska pe\u0161\u010dara je nastala od peska koji je nanosio vetar i prote\u017ee se na 300 kvadratnih kilometara. Ako po\u017eelite da pro\u0161etate jednom od poslednjih [&hellip;]\" \/>\n<meta property=\"og:url\" content=\"https:\/\/serbia.com\/srpski\/posetite-srbiju\/prirodne-lepote\/jedinstvena-priroda\/deliblatska-pescara-evropska-sahara\/\" \/>\n<meta property=\"og:site_name\" content=\"Serbia.com\" \/>\n<meta property=\"article:modified_time\" content=\"2024-10-20T18:17:10+00:00\" \/>\n<meta property=\"og:image\" content=\"https:\/\/serbia.com\/wp-content\/uploads\/2015\/06\/deliblatska333.jpg\" \/>\n\t<meta property=\"og:image:width\" content=\"1600\" \/>\n\t<meta property=\"og:image:height\" content=\"697\" \/>\n\t<meta property=\"og:image:type\" content=\"image\/jpeg\" \/>\n<meta name=\"twitter:label1\" content=\"Est. reading time\" \/>\n\t<meta name=\"twitter:data1\" content=\"4 minutes\" \/>\n<script type=\"application\/ld+json\" class=\"yoast-schema-graph\">{\"@context\":\"https:\\\/\\\/schema.org\",\"@graph\":[{\"@type\":\"WebPage\",\"@id\":\"https:\\\/\\\/serbia.com\\\/srpski\\\/posetite-srbiju\\\/prirodne-lepote\\\/jedinstvena-priroda\\\/deliblatska-pescara-evropska-sahara\\\/\",\"url\":\"https:\\\/\\\/serbia.com\\\/srpski\\\/posetite-srbiju\\\/prirodne-lepote\\\/jedinstvena-priroda\\\/deliblatska-pescara-evropska-sahara\\\/\",\"name\":\"Deliblatska pe\u0161\u010dara \u2013 evropska Sahara - Serbia.com\",\"isPartOf\":{\"@id\":\"https:\\\/\\\/serbia.com\\\/#website\"},\"primaryImageOfPage\":{\"@id\":\"https:\\\/\\\/serbia.com\\\/srpski\\\/posetite-srbiju\\\/prirodne-lepote\\\/jedinstvena-priroda\\\/deliblatska-pescara-evropska-sahara\\\/#primaryimage\"},\"image\":{\"@id\":\"https:\\\/\\\/serbia.com\\\/srpski\\\/posetite-srbiju\\\/prirodne-lepote\\\/jedinstvena-priroda\\\/deliblatska-pescara-evropska-sahara\\\/#primaryimage\"},\"thumbnailUrl\":\"https:\\\/\\\/serbia.com\\\/wp-content\\\/uploads\\\/2015\\\/06\\\/deliblatska333.jpg\",\"datePublished\":\"2015-06-02T10:35:44+00:00\",\"dateModified\":\"2024-10-20T18:17:10+00:00\",\"breadcrumb\":{\"@id\":\"https:\\\/\\\/serbia.com\\\/srpski\\\/posetite-srbiju\\\/prirodne-lepote\\\/jedinstvena-priroda\\\/deliblatska-pescara-evropska-sahara\\\/#breadcrumb\"},\"inLanguage\":\"srpski\",\"potentialAction\":[{\"@type\":\"ReadAction\",\"target\":[\"https:\\\/\\\/serbia.com\\\/srpski\\\/posetite-srbiju\\\/prirodne-lepote\\\/jedinstvena-priroda\\\/deliblatska-pescara-evropska-sahara\\\/\"]}]},{\"@type\":\"ImageObject\",\"inLanguage\":\"srpski\",\"@id\":\"https:\\\/\\\/serbia.com\\\/srpski\\\/posetite-srbiju\\\/prirodne-lepote\\\/jedinstvena-priroda\\\/deliblatska-pescara-evropska-sahara\\\/#primaryimage\",\"url\":\"https:\\\/\\\/serbia.com\\\/wp-content\\\/uploads\\\/2015\\\/06\\\/deliblatska333.jpg\",\"contentUrl\":\"https:\\\/\\\/serbia.com\\\/wp-content\\\/uploads\\\/2015\\\/06\\\/deliblatska333.jpg\",\"width\":1600,\"height\":697},{\"@type\":\"BreadcrumbList\",\"@id\":\"https:\\\/\\\/serbia.com\\\/srpski\\\/posetite-srbiju\\\/prirodne-lepote\\\/jedinstvena-priroda\\\/deliblatska-pescara-evropska-sahara\\\/#breadcrumb\",\"itemListElement\":[{\"@type\":\"ListItem\",\"position\":1,\"name\":\"Home\",\"item\":\"https:\\\/\\\/serbia.com\\\/srpski\\\/srbija\\\/\"},{\"@type\":\"ListItem\",\"position\":2,\"name\":\"Poseti Srbiju\",\"item\":\"https:\\\/\\\/serbia.com\\\/srpski\\\/posetite-srbiju\\\/\"},{\"@type\":\"ListItem\",\"position\":3,\"name\":\"Prirodne lepote\",\"item\":\"https:\\\/\\\/serbia.com\\\/srpski\\\/posetite-srbiju\\\/prirodne-lepote\\\/\"},{\"@type\":\"ListItem\",\"position\":4,\"name\":\"Jedinstvena priroda\",\"item\":\"https:\\\/\\\/serbia.com\\\/srpski\\\/posetite-srbiju\\\/prirodne-lepote\\\/jedinstvena-priroda\\\/\"},{\"@type\":\"ListItem\",\"position\":5,\"name\":\"Deliblatska pe\u0161\u010dara \u2013 evropska Sahara\"}]},{\"@type\":\"WebSite\",\"@id\":\"https:\\\/\\\/serbia.com\\\/#website\",\"url\":\"https:\\\/\\\/serbia.com\\\/\",\"name\":\"Serbia.com\",\"description\":\"Your Gateway to Serbia\",\"potentialAction\":[{\"@type\":\"SearchAction\",\"target\":{\"@type\":\"EntryPoint\",\"urlTemplate\":\"https:\\\/\\\/serbia.com\\\/?s={search_term_string}\"},\"query-input\":{\"@type\":\"PropertyValueSpecification\",\"valueRequired\":true,\"valueName\":\"search_term_string\"}}],\"inLanguage\":\"srpski\"}]}<\/script>\n<!-- \/ Yoast SEO plugin. -->","yoast_head_json":{"title":"Deliblatska pe\u0161\u010dara \u2013 evropska Sahara - Serbia.com","robots":{"index":"index","follow":"follow","max-snippet":"max-snippet:-1","max-image-preview":"max-image-preview:large","max-video-preview":"max-video-preview:-1"},"canonical":"https:\/\/serbia.com\/srpski\/posetite-srbiju\/prirodne-lepote\/jedinstvena-priroda\/deliblatska-pescara-evropska-sahara\/","og_locale":"en_US","og_type":"article","og_title":"Deliblatska pe\u0161\u010dara \u2013 evropska Sahara - Serbia.com","og_description":"Jedna od poslednjih pustinja u Evropi, Deliblatska pe\u0161\u010dara je nastala od peska koji je nanosio vetar i prote\u017ee se na 300 kvadratnih kilometara. Ako po\u017eelite da pro\u0161etate jednom od poslednjih [&hellip;]","og_url":"https:\/\/serbia.com\/srpski\/posetite-srbiju\/prirodne-lepote\/jedinstvena-priroda\/deliblatska-pescara-evropska-sahara\/","og_site_name":"Serbia.com","article_modified_time":"2024-10-20T18:17:10+00:00","og_image":[{"width":1600,"height":697,"url":"https:\/\/serbia.com\/wp-content\/uploads\/2015\/06\/deliblatska333.jpg","type":"image\/jpeg"}],"twitter_misc":{"Est. reading time":"4 minutes"},"schema":{"@context":"https:\/\/schema.org","@graph":[{"@type":"WebPage","@id":"https:\/\/serbia.com\/srpski\/posetite-srbiju\/prirodne-lepote\/jedinstvena-priroda\/deliblatska-pescara-evropska-sahara\/","url":"https:\/\/serbia.com\/srpski\/posetite-srbiju\/prirodne-lepote\/jedinstvena-priroda\/deliblatska-pescara-evropska-sahara\/","name":"Deliblatska pe\u0161\u010dara \u2013 evropska Sahara - Serbia.com","isPartOf":{"@id":"https:\/\/serbia.com\/#website"},"primaryImageOfPage":{"@id":"https:\/\/serbia.com\/srpski\/posetite-srbiju\/prirodne-lepote\/jedinstvena-priroda\/deliblatska-pescara-evropska-sahara\/#primaryimage"},"image":{"@id":"https:\/\/serbia.com\/srpski\/posetite-srbiju\/prirodne-lepote\/jedinstvena-priroda\/deliblatska-pescara-evropska-sahara\/#primaryimage"},"thumbnailUrl":"https:\/\/serbia.com\/wp-content\/uploads\/2015\/06\/deliblatska333.jpg","datePublished":"2015-06-02T10:35:44+00:00","dateModified":"2024-10-20T18:17:10+00:00","breadcrumb":{"@id":"https:\/\/serbia.com\/srpski\/posetite-srbiju\/prirodne-lepote\/jedinstvena-priroda\/deliblatska-pescara-evropska-sahara\/#breadcrumb"},"inLanguage":"srpski","potentialAction":[{"@type":"ReadAction","target":["https:\/\/serbia.com\/srpski\/posetite-srbiju\/prirodne-lepote\/jedinstvena-priroda\/deliblatska-pescara-evropska-sahara\/"]}]},{"@type":"ImageObject","inLanguage":"srpski","@id":"https:\/\/serbia.com\/srpski\/posetite-srbiju\/prirodne-lepote\/jedinstvena-priroda\/deliblatska-pescara-evropska-sahara\/#primaryimage","url":"https:\/\/serbia.com\/wp-content\/uploads\/2015\/06\/deliblatska333.jpg","contentUrl":"https:\/\/serbia.com\/wp-content\/uploads\/2015\/06\/deliblatska333.jpg","width":1600,"height":697},{"@type":"BreadcrumbList","@id":"https:\/\/serbia.com\/srpski\/posetite-srbiju\/prirodne-lepote\/jedinstvena-priroda\/deliblatska-pescara-evropska-sahara\/#breadcrumb","itemListElement":[{"@type":"ListItem","position":1,"name":"Home","item":"https:\/\/serbia.com\/srpski\/srbija\/"},{"@type":"ListItem","position":2,"name":"Poseti Srbiju","item":"https:\/\/serbia.com\/srpski\/posetite-srbiju\/"},{"@type":"ListItem","position":3,"name":"Prirodne lepote","item":"https:\/\/serbia.com\/srpski\/posetite-srbiju\/prirodne-lepote\/"},{"@type":"ListItem","position":4,"name":"Jedinstvena priroda","item":"https:\/\/serbia.com\/srpski\/posetite-srbiju\/prirodne-lepote\/jedinstvena-priroda\/"},{"@type":"ListItem","position":5,"name":"Deliblatska pe\u0161\u010dara \u2013 evropska Sahara"}]},{"@type":"WebSite","@id":"https:\/\/serbia.com\/#website","url":"https:\/\/serbia.com\/","name":"Serbia.com","description":"Your Gateway to Serbia","potentialAction":[{"@type":"SearchAction","target":{"@type":"EntryPoint","urlTemplate":"https:\/\/serbia.com\/?s={search_term_string}"},"query-input":{"@type":"PropertyValueSpecification","valueRequired":true,"valueName":"search_term_string"}}],"inLanguage":"srpski"}]}},"brizy_media":[],"_links":{"self":[{"href":"https:\/\/serbia.com\/srpski\/wp-json\/wp\/v2\/pages\/33251","targetHints":{"allow":["GET"]}}],"collection":[{"href":"https:\/\/serbia.com\/srpski\/wp-json\/wp\/v2\/pages"}],"about":[{"href":"https:\/\/serbia.com\/srpski\/wp-json\/wp\/v2\/types\/page"}],"author":[{"embeddable":true,"href":"https:\/\/serbia.com\/srpski\/wp-json\/wp\/v2\/users\/27"}],"replies":[{"embeddable":true,"href":"https:\/\/serbia.com\/srpski\/wp-json\/wp\/v2\/comments?post=33251"}],"version-history":[{"count":1,"href":"https:\/\/serbia.com\/srpski\/wp-json\/wp\/v2\/pages\/33251\/revisions"}],"predecessor-version":[{"id":55761,"href":"https:\/\/serbia.com\/srpski\/wp-json\/wp\/v2\/pages\/33251\/revisions\/55761"}],"up":[{"embeddable":true,"href":"https:\/\/serbia.com\/srpski\/wp-json\/wp\/v2\/pages\/20470"}],"wp:featuredmedia":[{"embeddable":true,"href":"https:\/\/serbia.com\/srpski\/wp-json\/wp\/v2\/media\/33246"}],"wp:attachment":[{"href":"https:\/\/serbia.com\/srpski\/wp-json\/wp\/v2\/media?parent=33251"}],"wp:term":[{"taxonomy":"category","embeddable":true,"href":"https:\/\/serbia.com\/srpski\/wp-json\/wp\/v2\/categories?post=33251"},{"taxonomy":"post_tag","embeddable":true,"href":"https:\/\/serbia.com\/srpski\/wp-json\/wp\/v2\/tags?post=33251"}],"curies":[{"name":"wp","href":"https:\/\/api.w.org\/{rel}","templated":true}]}}