{"id":33236,"date":"2015-06-01T16:10:14","date_gmt":"2015-06-01T14:10:14","guid":{"rendered":"http:\/\/www.serbia.com\/?page_id=33236"},"modified":"2026-03-23T23:14:16","modified_gmt":"2026-03-23T22:14:16","slug":"davolja-varos","status":"publish","type":"page","link":"https:\/\/serbia.com\/srpski\/posetite-srbiju\/prirodne-lepote\/jedinstvena-priroda\/davolja-varos\/","title":{"rendered":"\u0110avolja varo\u0161"},"content":{"rendered":"<h4>\u0110avolja varo\u0161 i njene visoke zemljane kupe, koje su po predanju okamenjeni svatovi, bile su kandidat za jedno od sedam novih svetskih \u010duda prirode<\/h4>\n<p>Bilo da su okamenjeni svatovi koji su, po nalogu \u0111avola po\u0161li da ven\u010daju brata i sestru, ili ljudi koje je ve\u0161tica okamenila zbog neispunjenih obe\u0107anja, visoke zemljane kupe na planini Radan na jugu Srbije ne\u0107e vas ostaviti ravnodu\u0161nima. Kao veoma redak prirodni fenomen, <strong>\u0110avolja varo\u0161 je bila kandidat za jedno od sedam novih svetskih \u010duda prirode.<\/strong><\/p>\n<p>Nalazi se na jugu Srbije, na <strong>planini <a href=\"https:\/\/serbia.com\/srpski\/planina-radan-skriveni-dragulj-prirode-i-legendi\/\">Radan<\/a><\/strong> nedaleko od <strong>Kur\u0161umlije<\/strong>, a \u010dini je<strong> skup vi\u0161e od 200 zemljanih formacija, visokih od 2 do 15 metara i \u0161irokih do 3 metra, na \u010dijim se vrhovima nalaze kamene kupe.<\/strong><\/p>\n<p>Lokalitet \u0110avolja varo\u0161 pripada selu \u010dudnog imena \u0110ake, koja poti\u010de od albanske re\u010di \u201cgjak\u201d \u2013 krv, a nalazi se izme\u0111u 660 i 700 metara nadmorske visine. Ovo neobi\u010dno i misti\u010dno mesto, \u010diji naziv uliva dozu jeze i strave, podeljeno na dve jaruge podjednako zloslutnih imena \u2013 <strong>\u0110avolju<\/strong> i <strong>Paklenu.<\/strong><\/p>\n<p>U neposrednoj blizini su i <strong>\u017dito vrele<\/strong> i<strong> \u0110avolja voda<\/strong>, <strong>izvori velike kiselosti i u narodu poznatih \u010dudotvornih svojstva<\/strong>. Do samih kula dolazi se pe\u0161a\u010dkom stazom, a oko njih postoje ure\u0111eni vidikovci sa kojih se pru\u017ea predivan pogled na okolinu.<\/p>\n<p>\u0110avolja varo\u0161 sastoji se iz dva, u svetu retka, prirodna fenomena: <strong>zemljane figure,<\/strong> kao specifi\u010dni oblici reljefa koji u prostoru deluju vrlo atraktivno, i <strong>dva izvora jako kisele vode sa visokom mineralizacijom<\/strong>.<\/p>\n<p>Zbog svoje jedinstvenosti, jer iako sli\u010dni fenomeni postoje u svetu nigde nisu ovako visoki i nema ih u ovolikom broju, \u0110avolja varo\u0161 je bila u naju\u017eem krugu da u\u0111e me\u0111u novih sedam svetskih \u010duda prirode. Iako nije izabrana, poslednjih godina privla\u010di veliki broj turista \u017eeljnih avanture i originalnog do\u017eivljaja.<\/p>\n<figure id=\"attachment_57680\" aria-describedby=\"caption-attachment-57680\" style=\"width: 1599px\" class=\"wp-caption alignnone\"><img loading=\"lazy\" decoding=\"async\" class=\"wp-image-57680 size-full\" src=\"https:\/\/serbia.com\/wp-content\/uploads\/2025\/01\/Djavolja_varos-Srbija_-_panoramio_2.jpg\" alt=\"\" width=\"1599\" height=\"1066\" srcset=\"https:\/\/serbia.com\/wp-content\/uploads\/2025\/01\/Djavolja_varos-Srbija_-_panoramio_2.jpg 1599w, https:\/\/serbia.com\/wp-content\/uploads\/2025\/01\/Djavolja_varos-Srbija_-_panoramio_2-300x200.jpg 300w, https:\/\/serbia.com\/wp-content\/uploads\/2025\/01\/Djavolja_varos-Srbija_-_panoramio_2-1280x853.jpg 1280w, https:\/\/serbia.com\/wp-content\/uploads\/2025\/01\/Djavolja_varos-Srbija_-_panoramio_2-768x512.jpg 768w, https:\/\/serbia.com\/wp-content\/uploads\/2025\/01\/Djavolja_varos-Srbija_-_panoramio_2-1536x1024.jpg 1536w, https:\/\/serbia.com\/wp-content\/uploads\/2025\/01\/Djavolja_varos-Srbija_-_panoramio_2-760x507.jpg 760w, https:\/\/serbia.com\/wp-content\/uploads\/2025\/01\/Djavolja_varos-Srbija_-_panoramio_2-1500x1000.jpg 1500w, https:\/\/serbia.com\/wp-content\/uploads\/2025\/01\/Djavolja_varos-Srbija_-_panoramio_2-750x500.jpg 750w\" sizes=\"(max-width: 1599px) 100vw, 1599px\" \/><figcaption id=\"caption-attachment-57680\" class=\"wp-caption-text\">\u0110avolja Varo\u0161, foto: Dragan Jankovic Faza\u2026, CC BY-SA 3.0 &lt;https:\/\/creativecommons.org\/licenses\/by-sa\/3.0&gt;, via Wikimedia Commons<\/figcaption><\/figure>\n<p>Tokom vekova, narod je o nastanku ovog mesta stvorio brojne <a href=\"http:\/\/www.serbia.com\/srpski\/mitovi-i-legende-mesavina-tradicija-2\/\">legende<\/a>. Prema jednoj, re\u010d je o okamenjenim svatovima koji su, po nalogu \u0111avola, krenuli da ven\u010daju sestru i brata, pa ih je Bog za kaznu okamenio da zauvek podse\u0107aju da nijedan greh ne prolazi neka\u017enjeno.<\/p>\n<p>Drugo predanje ka\u017ee da je na tim prostorima nekada \u017eivela ve\u0161tica koja je ispunjavala \u017eelje ljudima u zamenu za obe\u0107anje da \u0107e joj dati \u0161ta god jednom od njih zatra\u017ei. Ove 202 kamene kupe su oni koji nisu ispunili obe\u0107anje dato ve\u0161tici ili su poku\u0161ali da je prevare.<\/p>\n<p>Nauka ne nudi tako ma\u0161tovito obja\u0161njenje \u2013 \u0110avolja varo\u0161 posledica je erozije zemlji\u0161ta koje je ovde veoma rastresito, ali \u010dvrsto. Uni\u0161tavaju\u0107i \u0161ume, \u010dovek je otvorio put razornom dejstvu vode. Vetar, ki\u0161a i sunce u\u010dinili su ostalo, mada se i nau\u010dnici sla\u017eu da je oblik nekih kupa, kao i \u010dinjenica da vrh od 20-30 cm dr\u017ei te\u017einu od po nekoliko stotina kilograma \u201c\u010dudesno\u201d.<\/p>\n<p>Koja god verzija pri\u010de da Vam je dra\u017ea, \u0110avolja varo\u0161 je mesto koje morate da posetite.<\/p>\n<p>Danju grandiozne i pomalo prete\u0107e kule, no\u0107u divno osvetljene i potpuno misti\u010dne, lokalitet su koji \u0107ete pamtiti zauvek. A ako usput popijete vodu sa nekog od izvora, tvrdi legenda, sigurno \u0107ete se ovamo vratiti.<\/p>\n<h4>Gde je \u0110avolja varo\u0161 i kako do nje do\u0107i?<\/h4>\n<p>Ako dolazite automobilom, do \u0110avolje varo\u0161i mozete do\u0107i tako \u0161to sa puta <a href=\"http:\/\/www.serbia.com\/srpski\/posetite-srbiju\/gradovi\/nis\/\" target=\"_blank\" rel=\"noopener\">Ni\u0161<\/a> \u2013 Pri\u0161tina skrenete na osamdesetom kilometru (8 km posle skretanja za Prolom Banju) levo, prema Dobrom Dolu. Nakon 6 km vo\u017enje u selu Zebice ponovo skrenite levo i posle pre\u0111enih 3 km novog asfaltnog puta sti\u017eete do ovog neobi\u010dnog spomenika prirode.<\/p>\n<p>Djavolja Varo\u0161 je od <a href=\"http:\/\/www.serbia.com\/srpski\/posetite-srbiju\/gradovi\/beograd\/\" target=\"_blank\" rel=\"noopener\">Beograda<\/a> udaljena 288 km a od Ni\u0161a 89 km. Na 10 km od nje, nalazi se Kur\u0161umlija, do koje ima redovnih autobuskih polazaka iz svih ve\u0107ih gradova, a odatle preporu\u010dujemo taksi prevoz do \u0110avolje Varo\u0161i.<\/p>\n<p>Ukoliko ste raspolo\u017eeni za \u0161etnju i planinarenje, do \u0110avolje varo\u0161i mo\u017eete do\u0107i pe\u0161ke od Prolom banje, \u201cstazom zdravlja\u201d, preko Prolomske planine, u du\u017eini od 9 kilometara, za dva i po sata hoda.<\/p>\n<h4>Kada ste ve\u0107 ovde, ne propustite\u2026<\/h4>\n<p>\u2026da se posle obilaska \u0110avolje varo\u0161i opustite u tri okolne banje \u2013 <a href=\"http:\/\/www.serbia.com\/srpski\/posetite-srbiju\/prirodne-lepote\/banje\/prolom-banja\/\" target=\"_blank\" rel=\"noopener\"><strong>Prolom<\/strong><\/a>, <strong>Lukovskoj<\/strong> i <strong>Kur\u0161umlijskoj banji<\/strong>, a sve tri su poznate po prirodnim lepotama i lekovitim svojstvima, idealnim za odmor, <a href=\"http:\/\/www.serbia.com\/srpski\/posetite-srbiju\/provedi-se\/rekreacija\/\" target=\"_blank\" rel=\"noopener\">rekreaciju<\/a> i le\u010denje.<\/p>\n","protected":false},"excerpt":{"rendered":"<p>\u0110avolja varo\u0161 i njene visoke zemljane kupe, koje su po predanju okamenjeni svatovi, bile su kandidat za jedno od sedam novih svetskih \u010duda prirode Bilo da su okamenjeni svatovi koji [&hellip;]<\/p>\n","protected":false},"author":27,"featured_media":33228,"parent":20470,"menu_order":0,"comment_status":"closed","ping_status":"closed","template":"","meta":{"_acf_changed":false,"inline_featured_image":false,"_monsterinsights_skip_tracking":false,"_monsterinsights_sitenote_active":false,"_monsterinsights_sitenote_note":"","_monsterinsights_sitenote_category":0,"footnotes":""},"categories":[1661],"tags":[],"class_list":["post-33236","page","type-page","status-publish","has-post-thumbnail","hentry","category-jedinstvena-priroda-prirodne-lepote-sta-posetiti"],"acf":[],"yoast_head":"<!-- This site is optimized with the Yoast SEO plugin v23.8 - https:\/\/yoast.com\/wordpress\/plugins\/seo\/ -->\n<title>\u0110avolja varo\u0161 - Serbia.com<\/title>\n<meta name=\"description\" content=\"Otkrijte \u0110avolju varo\u0161 - jedinstven prirodni fenomen u Srbiji poznat po neobi\u010dnim kamenim formacijama i legendama koje ga prate.\" \/>\n<meta name=\"robots\" content=\"index, follow, max-snippet:-1, max-image-preview:large, max-video-preview:-1\" \/>\n<link rel=\"canonical\" href=\"https:\/\/serbia.com\/srpski\/posetite-srbiju\/prirodne-lepote\/jedinstvena-priroda\/davolja-varos\/\" \/>\n<meta property=\"og:locale\" content=\"en_US\" \/>\n<meta property=\"og:type\" content=\"article\" \/>\n<meta property=\"og:title\" content=\"\u0110avolja varo\u0161 - Serbia.com\" \/>\n<meta property=\"og:description\" content=\"Otkrijte \u0110avolju varo\u0161 - jedinstven prirodni fenomen u Srbiji poznat po neobi\u010dnim kamenim formacijama i legendama koje ga prate.\" \/>\n<meta property=\"og:url\" content=\"https:\/\/serbia.com\/srpski\/posetite-srbiju\/prirodne-lepote\/jedinstvena-priroda\/davolja-varos\/\" \/>\n<meta property=\"og:site_name\" content=\"Serbia.com\" \/>\n<meta property=\"article:modified_time\" content=\"2026-03-23T22:14:16+00:00\" \/>\n<meta property=\"og:image\" content=\"https:\/\/serbia.com\/wp-content\/uploads\/2015\/06\/djavolja.jpg\" \/>\n\t<meta property=\"og:image:width\" content=\"1600\" \/>\n\t<meta property=\"og:image:height\" content=\"788\" \/>\n\t<meta property=\"og:image:type\" content=\"image\/jpeg\" \/>\n<meta name=\"twitter:label1\" content=\"Est. reading time\" \/>\n\t<meta name=\"twitter:data1\" content=\"4 minutes\" \/>\n<script type=\"application\/ld+json\" class=\"yoast-schema-graph\">{\"@context\":\"https:\/\/schema.org\",\"@graph\":[{\"@type\":\"WebPage\",\"@id\":\"https:\/\/serbia.com\/srpski\/posetite-srbiju\/prirodne-lepote\/jedinstvena-priroda\/davolja-varos\/\",\"url\":\"https:\/\/serbia.com\/srpski\/posetite-srbiju\/prirodne-lepote\/jedinstvena-priroda\/davolja-varos\/\",\"name\":\"\u0110avolja varo\u0161 - Serbia.com\",\"isPartOf\":{\"@id\":\"https:\/\/serbia.com\/#website\"},\"primaryImageOfPage\":{\"@id\":\"https:\/\/serbia.com\/srpski\/posetite-srbiju\/prirodne-lepote\/jedinstvena-priroda\/davolja-varos\/#primaryimage\"},\"image\":{\"@id\":\"https:\/\/serbia.com\/srpski\/posetite-srbiju\/prirodne-lepote\/jedinstvena-priroda\/davolja-varos\/#primaryimage\"},\"thumbnailUrl\":\"https:\/\/serbia.com\/wp-content\/uploads\/2015\/06\/djavolja.jpg\",\"datePublished\":\"2015-06-01T14:10:14+00:00\",\"dateModified\":\"2026-03-23T22:14:16+00:00\",\"description\":\"Otkrijte \u0110avolju varo\u0161 - jedinstven prirodni fenomen u Srbiji poznat po neobi\u010dnim kamenim formacijama i legendama koje ga prate.\",\"breadcrumb\":{\"@id\":\"https:\/\/serbia.com\/srpski\/posetite-srbiju\/prirodne-lepote\/jedinstvena-priroda\/davolja-varos\/#breadcrumb\"},\"inLanguage\":\"srpski\",\"potentialAction\":[{\"@type\":\"ReadAction\",\"target\":[\"https:\/\/serbia.com\/srpski\/posetite-srbiju\/prirodne-lepote\/jedinstvena-priroda\/davolja-varos\/\"]}]},{\"@type\":\"ImageObject\",\"inLanguage\":\"srpski\",\"@id\":\"https:\/\/serbia.com\/srpski\/posetite-srbiju\/prirodne-lepote\/jedinstvena-priroda\/davolja-varos\/#primaryimage\",\"url\":\"https:\/\/serbia.com\/wp-content\/uploads\/2015\/06\/djavolja.jpg\",\"contentUrl\":\"https:\/\/serbia.com\/wp-content\/uploads\/2015\/06\/djavolja.jpg\",\"width\":1600,\"height\":788},{\"@type\":\"BreadcrumbList\",\"@id\":\"https:\/\/serbia.com\/srpski\/posetite-srbiju\/prirodne-lepote\/jedinstvena-priroda\/davolja-varos\/#breadcrumb\",\"itemListElement\":[{\"@type\":\"ListItem\",\"position\":1,\"name\":\"Home\",\"item\":\"https:\/\/serbia.com\/srpski\/\"},{\"@type\":\"ListItem\",\"position\":2,\"name\":\"Poseti Srbiju\",\"item\":\"https:\/\/serbia.com\/srpski\/posetite-srbiju\/\"},{\"@type\":\"ListItem\",\"position\":3,\"name\":\"Prirodne lepote\",\"item\":\"https:\/\/serbia.com\/srpski\/posetite-srbiju\/prirodne-lepote\/\"},{\"@type\":\"ListItem\",\"position\":4,\"name\":\"Jedinstvena priroda\",\"item\":\"https:\/\/serbia.com\/srpski\/posetite-srbiju\/prirodne-lepote\/jedinstvena-priroda\/\"},{\"@type\":\"ListItem\",\"position\":5,\"name\":\"\u0110avolja varo\u0161\"}]},{\"@type\":\"WebSite\",\"@id\":\"https:\/\/serbia.com\/#website\",\"url\":\"https:\/\/serbia.com\/\",\"name\":\"Serbia.com\",\"description\":\"Your Gateway to Serbia\",\"potentialAction\":[{\"@type\":\"SearchAction\",\"target\":{\"@type\":\"EntryPoint\",\"urlTemplate\":\"https:\/\/serbia.com\/?s={search_term_string}\"},\"query-input\":{\"@type\":\"PropertyValueSpecification\",\"valueRequired\":true,\"valueName\":\"search_term_string\"}}],\"inLanguage\":\"srpski\"}]}<\/script>\n<!-- \/ Yoast SEO plugin. -->","yoast_head_json":{"title":"\u0110avolja varo\u0161 - Serbia.com","description":"Otkrijte \u0110avolju varo\u0161 - jedinstven prirodni fenomen u Srbiji poznat po neobi\u010dnim kamenim formacijama i legendama koje ga prate.","robots":{"index":"index","follow":"follow","max-snippet":"max-snippet:-1","max-image-preview":"max-image-preview:large","max-video-preview":"max-video-preview:-1"},"canonical":"https:\/\/serbia.com\/srpski\/posetite-srbiju\/prirodne-lepote\/jedinstvena-priroda\/davolja-varos\/","og_locale":"en_US","og_type":"article","og_title":"\u0110avolja varo\u0161 - Serbia.com","og_description":"Otkrijte \u0110avolju varo\u0161 - jedinstven prirodni fenomen u Srbiji poznat po neobi\u010dnim kamenim formacijama i legendama koje ga prate.","og_url":"https:\/\/serbia.com\/srpski\/posetite-srbiju\/prirodne-lepote\/jedinstvena-priroda\/davolja-varos\/","og_site_name":"Serbia.com","article_modified_time":"2026-03-23T22:14:16+00:00","og_image":[{"width":1600,"height":788,"url":"https:\/\/serbia.com\/wp-content\/uploads\/2015\/06\/djavolja.jpg","type":"image\/jpeg"}],"twitter_misc":{"Est. reading time":"4 minutes"},"schema":{"@context":"https:\/\/schema.org","@graph":[{"@type":"WebPage","@id":"https:\/\/serbia.com\/srpski\/posetite-srbiju\/prirodne-lepote\/jedinstvena-priroda\/davolja-varos\/","url":"https:\/\/serbia.com\/srpski\/posetite-srbiju\/prirodne-lepote\/jedinstvena-priroda\/davolja-varos\/","name":"\u0110avolja varo\u0161 - Serbia.com","isPartOf":{"@id":"https:\/\/serbia.com\/#website"},"primaryImageOfPage":{"@id":"https:\/\/serbia.com\/srpski\/posetite-srbiju\/prirodne-lepote\/jedinstvena-priroda\/davolja-varos\/#primaryimage"},"image":{"@id":"https:\/\/serbia.com\/srpski\/posetite-srbiju\/prirodne-lepote\/jedinstvena-priroda\/davolja-varos\/#primaryimage"},"thumbnailUrl":"https:\/\/serbia.com\/wp-content\/uploads\/2015\/06\/djavolja.jpg","datePublished":"2015-06-01T14:10:14+00:00","dateModified":"2026-03-23T22:14:16+00:00","description":"Otkrijte \u0110avolju varo\u0161 - jedinstven prirodni fenomen u Srbiji poznat po neobi\u010dnim kamenim formacijama i legendama koje ga prate.","breadcrumb":{"@id":"https:\/\/serbia.com\/srpski\/posetite-srbiju\/prirodne-lepote\/jedinstvena-priroda\/davolja-varos\/#breadcrumb"},"inLanguage":"srpski","potentialAction":[{"@type":"ReadAction","target":["https:\/\/serbia.com\/srpski\/posetite-srbiju\/prirodne-lepote\/jedinstvena-priroda\/davolja-varos\/"]}]},{"@type":"ImageObject","inLanguage":"srpski","@id":"https:\/\/serbia.com\/srpski\/posetite-srbiju\/prirodne-lepote\/jedinstvena-priroda\/davolja-varos\/#primaryimage","url":"https:\/\/serbia.com\/wp-content\/uploads\/2015\/06\/djavolja.jpg","contentUrl":"https:\/\/serbia.com\/wp-content\/uploads\/2015\/06\/djavolja.jpg","width":1600,"height":788},{"@type":"BreadcrumbList","@id":"https:\/\/serbia.com\/srpski\/posetite-srbiju\/prirodne-lepote\/jedinstvena-priroda\/davolja-varos\/#breadcrumb","itemListElement":[{"@type":"ListItem","position":1,"name":"Home","item":"https:\/\/serbia.com\/srpski\/"},{"@type":"ListItem","position":2,"name":"Poseti Srbiju","item":"https:\/\/serbia.com\/srpski\/posetite-srbiju\/"},{"@type":"ListItem","position":3,"name":"Prirodne lepote","item":"https:\/\/serbia.com\/srpski\/posetite-srbiju\/prirodne-lepote\/"},{"@type":"ListItem","position":4,"name":"Jedinstvena priroda","item":"https:\/\/serbia.com\/srpski\/posetite-srbiju\/prirodne-lepote\/jedinstvena-priroda\/"},{"@type":"ListItem","position":5,"name":"\u0110avolja varo\u0161"}]},{"@type":"WebSite","@id":"https:\/\/serbia.com\/#website","url":"https:\/\/serbia.com\/","name":"Serbia.com","description":"Your Gateway to Serbia","potentialAction":[{"@type":"SearchAction","target":{"@type":"EntryPoint","urlTemplate":"https:\/\/serbia.com\/?s={search_term_string}"},"query-input":{"@type":"PropertyValueSpecification","valueRequired":true,"valueName":"search_term_string"}}],"inLanguage":"srpski"}]}},"_links":{"self":[{"href":"https:\/\/serbia.com\/srpski\/wp-json\/wp\/v2\/pages\/33236"}],"collection":[{"href":"https:\/\/serbia.com\/srpski\/wp-json\/wp\/v2\/pages"}],"about":[{"href":"https:\/\/serbia.com\/srpski\/wp-json\/wp\/v2\/types\/page"}],"author":[{"embeddable":true,"href":"https:\/\/serbia.com\/srpski\/wp-json\/wp\/v2\/users\/27"}],"replies":[{"embeddable":true,"href":"https:\/\/serbia.com\/srpski\/wp-json\/wp\/v2\/comments?post=33236"}],"version-history":[{"count":2,"href":"https:\/\/serbia.com\/srpski\/wp-json\/wp\/v2\/pages\/33236\/revisions"}],"predecessor-version":[{"id":66033,"href":"https:\/\/serbia.com\/srpski\/wp-json\/wp\/v2\/pages\/33236\/revisions\/66033"}],"up":[{"embeddable":true,"href":"https:\/\/serbia.com\/srpski\/wp-json\/wp\/v2\/pages\/20470"}],"wp:featuredmedia":[{"embeddable":true,"href":"https:\/\/serbia.com\/srpski\/wp-json\/wp\/v2\/media\/33228"}],"wp:attachment":[{"href":"https:\/\/serbia.com\/srpski\/wp-json\/wp\/v2\/media?parent=33236"}],"wp:term":[{"taxonomy":"category","embeddable":true,"href":"https:\/\/serbia.com\/srpski\/wp-json\/wp\/v2\/categories?post=33236"},{"taxonomy":"post_tag","embeddable":true,"href":"https:\/\/serbia.com\/srpski\/wp-json\/wp\/v2\/tags?post=33236"}],"curies":[{"name":"wp","href":"https:\/\/api.w.org\/{rel}","templated":true}]}}