{"id":33220,"date":"2015-06-01T15:29:12","date_gmt":"2015-06-01T13:29:12","guid":{"rendered":"http:\/\/www.serbia.com\/?page_id=33220"},"modified":"2024-10-20T20:15:08","modified_gmt":"2024-10-20T18:15:08","slug":"dolina-jorgovana-dokaz-ljubavi","status":"publish","type":"page","link":"https:\/\/serbia.com\/srpski\/posetite-srbiju\/prirodne-lepote\/jedinstvena-priroda\/dolina-jorgovana-dokaz-ljubavi\/","title":{"rendered":"Dolina jorgovana: Dokaz ljubavi"},"content":{"rendered":"<h4>Cvetno drve\u0107e, koje je za nezaboravan do\u010dek francuske princeze Jelene An\u017eujske posa\u0111eno dolinom Ibra, danas je poznato kao Dolina jorgovana<\/h4>\n<p>Ve\u0107 sedam vekova Dolina jorgovana i reke Ibar ispunjena je zanosnim mirisom ovog cve\u0107a koje neprestano podse\u0107a na <strong>romanti\u010dnu pri\u010du o francuskoj princezi, kasnije srpskoj kraljici, Jeleni An\u017eujskoj.<\/strong><\/p>\n<p>Naime, srpski kralj Uro\u0161 I Nemanji\u0107 je \u017eeleo da na poseban na\u010din do\u010deka svoju budu\u0107u suprugu, pa je naredio da se pre njenog dolaska du\u017e nepristupa\u010dne doline Ibra posadi prelepo cvetno drve\u0107e kako bi je predeo podse\u0107ao na njenu rodnu Provansu.<\/p>\n<p>U dolini reke <strong>Ibra<\/strong> i <strong>Ra\u0161ke<\/strong>, od <a href=\"http:\/\/www.serbia.com\/srpski\/posetite-srbiju\/gradovi\/kraljevo-grad-sedam-kraljeva\/\" target=\"_blank\" rel=\"noopener\"><strong>Kraljeva<\/strong><\/a> pa na jug do ispod <a href=\"http:\/\/www.serbia.com\/srpski\/posetite-srbiju\/gradovi\/novi-pazar-neobican-spoj-istoka-i-zapada\/\" target=\"_blank\" rel=\"noopener\"><strong>Novog Pazara<\/strong><\/a>, ro\u0111ena je srpska srednjovekovna dr\u017eava.<\/p>\n<p>Sure litice doline Ibra sakrili su veliki grozdasti cvetovi ljubi\u010daste boje, a taj stenovit kraj postao je prili\u010dno pitom. Dolina jorgovana i njeni cvetovi vekovima opstaju ozna\u010davaju\u0107i ljubav i po\u0161tovanje koje je narod gajio prema plemenitoj kraljici, \u010duvenoj po svojoj mudrosti i obrazovanju.<\/p>\n<p>Jelena An\u017eujska doprinela je zna\u010dajno kulturnom usponu srednjevekovne srpske dr\u017eave, na dvoru je imala prvu biblioteku i podsticala je prepisivanje knjiga u <a href=\"http:\/\/www.serbia.com\/srpski\/posetite-srbiju\/kulturne-atrakcije\/manastiri-i-crkve\/\" target=\"_blank\" rel=\"noopener\">manastirima<\/a>.<\/p>\n<p>U braku sa kraljem Uro\u0161em, tre\u0107im sinom Stefana Prvoven\u010danog, Jelena je rodila dva sina, Dragutina i Milutina. Crkva ju je posle smrti kanonizovala kao sveticu, a u njenu \u010dast se ve\u0107 deset godina po\u010detkom maja odr\u017eava me\u0111unarodna manifestacija <strong>&#8220;Dani jorgovana&#8221;<\/strong> kada, osim Kraljeva, o\u017eive i <strong>srednjovekovni <a href=\"https:\/\/serbia.com\/srpski\/posetite-srbiju\/kulturne-atrakcije\/dvorci-i-tvrdave\/tvrdava-maglic-misteriozni-vremeplov-iz-13-veka\/\">grad Magli\u010d<\/a><\/strong> i <strong><a href=\"http:\/\/www.serbia.com\/srpski\/manastir-zica-pet-dobrih-razloga-zbog-kojih-je-treba-posetiti\/\" target=\"_blank\" rel=\"noopener\">manastir \u017di\u010da<\/a><\/strong>.<\/p>\n<figure id=\"attachment_18906\" aria-describedby=\"caption-attachment-18906\" style=\"width: 800px\" class=\"wp-caption aligncenter\"><img loading=\"lazy\" decoding=\"async\" class=\"wp-image-18906\" src=\"http:\/\/www.serbia.com\/wp-content\/uploads\/2013\/01\/mglic1.jpg\" alt=\"mglic\" width=\"800\" height=\"600\" srcset=\"https:\/\/serbia.com\/wp-content\/uploads\/2013\/01\/mglic1.jpg 640w, https:\/\/serbia.com\/wp-content\/uploads\/2013\/01\/mglic1-300x225.jpg 300w\" sizes=\"auto, (max-width: 800px) 100vw, 800px\" \/><figcaption id=\"caption-attachment-18906\" class=\"wp-caption-text\">Tvr\u0111ava Magli\u010d<\/figcaption><\/figure>\n<p>Srednjovekovni grad-tvr\u0111ava Magli\u010d uzdi\u017ee se strmoj litici nad Ibrom, a pretpostavlja se da je naziv dobio po magli koja se \u010desto spusti ispod njegovih temelja i prekrva celu dolinu. Nije poznato ko ga je podigao, a prvi pisani podaci o njemu poti\u010du iz 14. veka. Svih sedam kula grada, \u010diji je za\u0161titinik Sveti \u0110or\u0111e, sa\u010duvane su do danas.<\/p>\n<p>Magli\u010d je podignut na strmoj litici, 150 metara iznad nivoa Ibra, na krajnje nepristupa\u010dnom terenu sa tri strane okru\u017een rekom. Izuzetan je po tome \u0161to predstavlja klasi\u010dan primer srpske srednjovekovne vojne arhitekture.<\/p>\n<p>Za pe\u0161ake je pristupa\u010dan samo sa zapadne strane, pa penjanje do stare tvr\u0111ave krivudavim stazama i prelazak preko vise\u0107eg mosta uvek predstavlja pravu avanturu.<\/p>\n<p>Dolina jorgovana u blizini Magli\u010da skriva neke od najlep\u0161ih srpskih manastira, a \u017di\u010da, koju je podigao Stefan Prvoven\u010dani gde je i krunisan za prvog srpskog kralja, pleni nadaleko svojom lepotom.<\/p>\n<p>Po legendi, u toj crkvi je krunisano sedam srpskih kraljeva za koje su otvarana po jedna vrata, a zatim zazidana. Stoga, u narodu je zovu i <em>&#8220;sedmovratom \u017di\u010dom&#8221;<\/em>.<\/p>\n<p>Dolina jorgovana po\u010dinje kod grada Kraljeva, jednog od znamenitih gradova centralne Srbije, koji je dana\u0161nje ime dobio 1882. godine posle progla\u0161enja Srbije za kraljevinu i krunisanja <a href=\"http:\/\/www.serbia.com\/srpski\/o-srbiji\/poznati-srbi\/istorijske-licnosti\/kralj-milan-obrenovic\/\" target=\"_blank\" rel=\"noopener\">kralja Milana Obrenovi\u0107a<\/a> u manastiru \u017di\u010da.<\/p>\n<h4>Gde je dolina jorgovana i kako do nje sti\u0107i?<\/h4>\n<p>Dolina jorgovana okru\u017euje stari grad Magli\u010d koji se nalazi u centralnoj Srbiji, na oko 30 km jugozapadno od Kraljeva. Ako dolazite iz pravca <a href=\"http:\/\/www.serbia.com\/srpski\/posetite-srbiju\/gradovi\/beograd\/\" target=\"_blank\" rel=\"noopener\">Beograda<\/a>, trebalo bi da pre\u0111ete oko 200 km, a mo\u017eete i\u0107i Ibarskom magistralom Beograd-Ljig-<a href=\"http:\/\/www.serbia.com\/srpski\/posetite-srbiju\/gradovi\/cacak-grad-u-pokretu\/\" target=\"_blank\" rel=\"noopener\">\u010ca\u010dak<\/a>-Kraljevo-Ra\u0161ka ili auto-putem E-75 Beograd-<a href=\"http:\/\/www.serbia.com\/srpski\/posetite-srbiju\/gradovi\/nis\/\" target=\"_blank\" rel=\"noopener\">Ni\u0161<\/a>, odakle se odvajaju dva pravca do Kraljeva: Bato\u010dina-<a href=\"http:\/\/www.serbia.com\/srpski\/posetite-srbiju\/gradovi\/kragujevac-zavicaj-moderne-srbije\/\" target=\"_blank\" rel=\"noopener\">Kragujevac<\/a>-Kraljevo i Pojate-<a href=\"http:\/\/www.serbia.com\/srpski\/posetite-srbiju\/gradovi\/krusevac-grad-kneza-lazara-okruzen-drevnim-manastirima\/\" target=\"_blank\" rel=\"noopener\">Kru\u0161evac<\/a>&#8211;<a href=\"http:\/\/www.serbia.com\/srpski\/posetite-srbiju\/prirodne-lepote\/banje\/vrnjacka-banja\/\" target=\"_blank\" rel=\"noopener\">Vrnja\u010dka Banja<\/a>-Kraljevo.<\/p>\n<p>Iz Ni\u0161a je potrebno oko 160 km do Magli\u010da, a iz Novog Sada oko 270km.<\/p>\n<p>Autobuski polasci do Kraljeva su \u010desti iz svih ve\u0107ih gradova Srbije, a od Kraljeva do Magli\u010da savetujemo lokalni prevoz ili taksi.<\/p>\n<p>Ako vam Dolina jorgovana sa svojim plavim i ljubi\u010dastim poljima ne bude dovoljna ve\u0107 po\u017eelite da se popnete i u stari grad Magli\u010d, spremite se za avanturu jer je to mogu\u0107e jedino je sa zapadne strane kroz krivudave puteve i litice.<\/p>\n<h4>Kada ste ovde, ne propustite&#8230;<\/h4>\n<p>Da obi\u0111ete manastire <strong><a href=\"http:\/\/www.serbia.com\/srpski\/manastir-zica-pet-dobrih-razloga-zbog-kojih-je-treba-posetiti\/\" target=\"_blank\" rel=\"noopener\">\u017di\u010du<\/a><\/strong>, <a href=\"http:\/\/www.serbia.com\/srpski\/posetite-srbiju\/kulturne-atrakcije\/manastiri-i-crkve\/studenica-manastir-dragocenih-fresaka\/\" target=\"_blank\" rel=\"noopener\"><strong>Studenicu<\/strong><\/a> i <strong>Ljubostinju<\/strong>.<\/p>\n<p>\u017di\u010du je podigao kralj Stefan Prvoven\u010dani sa svojim bratom <a href=\"http:\/\/www.serbia.com\/srpski\/sveti-sava-princ-arhiepiskop-svetitelj\/\" target=\"_blank\" rel=\"noopener\">Svetim Savom<\/a> po\u010detkom 13. veka, Studenica je zadu\u017ebina velikog srpskog \u017eupana <a href=\"http:\/\/www.serbia.com\/srpski\/pomoc-nemackom-caru-2\/\" target=\"_blank\" rel=\"noopener\">Stefana Nemanje<\/a>, a Ljubostinja je zadu\u017ebina kneginje Milice, koja je prema legendi podigla hram na mestu gde je prvi put srela Kneza Lazara, svog supruga.<\/p>\n<p>Ako do\u0111ete u ovaj kraj na prole\u0107e ili leto, trebalo bi da iskusite<strong> <a href=\"http:\/\/www.serbia.com\/srpski\/rafting-spust-niz-divlje-reke\/\" target=\"_blank\" rel=\"noopener\">rafting<\/a>\u00a0Ibrom<\/strong>. Polazna ta\u010dka splavarenja nalazi se na 200 kilometara od Beograda, na mestu U\u0161\u0107e.<\/p>\n<p>Po\u010detkom jula ne propustite manifestaciju <strong>&#8220;Veseli spust&#8221;<\/strong>, celodnevno splavarenje Ibrom improvizovanim plovilima.<\/p>\n<p>Po\u010detkom jula se proveselite u karnevalskoj atmosferi <a href=\"http:\/\/www.serbia.com\/srpski\/posetite-srbiju\/kulturne-atrakcije\/festivali-i-manifestacije\/vrnjacki-karneval\/\" target=\"_blank\" rel=\"noopener\"><strong>Vrnja\u010dkog karnevala<\/strong><\/a> u <a href=\"http:\/\/www.serbia.com\/srpski\/posetite-srbiju\/prirodne-lepote\/banje\/vrnjacka-banja\/\" target=\"_blank\" rel=\"noopener\"><strong>Vrnja\u010dkoj Banji<\/strong><\/a>, a u februaru se, na Sv. Trifuna ili Dan zaljubljenih, takmi\u010dite u ljubljenju na manifestaciji<strong> &#8220;Poljubi me&#8221;<\/strong>.<\/p>\n<p>Zimi posetite<strong> <a href=\"http:\/\/www.serbia.com\/srpski\/37789\/\" target=\"_blank\" rel=\"noopener\">planinu Go\u010d<\/a><\/strong> koja nudi i odli\u010dnu zabavu uz no\u0107no skijanje, ali i kvalitetan odmor.<\/p>\n","protected":false},"excerpt":{"rendered":"<p>Cvetno drve\u0107e, koje je za nezaboravan do\u010dek francuske princeze Jelene An\u017eujske posa\u0111eno dolinom Ibra, danas je poznato kao Dolina jorgovana Ve\u0107 sedam vekova Dolina jorgovana i reke Ibar ispunjena je [&hellip;]<\/p>\n","protected":false},"author":27,"featured_media":53004,"parent":20470,"menu_order":0,"comment_status":"closed","ping_status":"closed","template":"","meta":{"_acf_changed":false,"inline_featured_image":false,"_monsterinsights_skip_tracking":false,"_monsterinsights_sitenote_active":false,"_monsterinsights_sitenote_note":"","_monsterinsights_sitenote_category":0,"footnotes":""},"categories":[1661],"tags":[],"class_list":["post-33220","page","type-page","status-publish","has-post-thumbnail","hentry","category-jedinstvena-priroda-prirodne-lepote-sta-posetiti"],"acf":[],"yoast_head":"<!-- This site is optimized with the Yoast SEO plugin v27.4 - https:\/\/yoast.com\/product\/yoast-seo-wordpress\/ -->\n<title>Dolina jorgovana: Dokaz ljubavi - Serbia.com<\/title>\n<meta name=\"robots\" content=\"index, follow, max-snippet:-1, max-image-preview:large, max-video-preview:-1\" \/>\n<link rel=\"canonical\" href=\"https:\/\/serbia.com\/srpski\/posetite-srbiju\/prirodne-lepote\/jedinstvena-priroda\/dolina-jorgovana-dokaz-ljubavi\/\" \/>\n<meta property=\"og:locale\" content=\"en_US\" \/>\n<meta property=\"og:type\" content=\"article\" \/>\n<meta property=\"og:title\" content=\"Dolina jorgovana: Dokaz ljubavi - Serbia.com\" \/>\n<meta property=\"og:description\" content=\"Cvetno drve\u0107e, koje je za nezaboravan do\u010dek francuske princeze Jelene An\u017eujske posa\u0111eno dolinom Ibra, danas je poznato kao Dolina jorgovana Ve\u0107 sedam vekova Dolina jorgovana i reke Ibar ispunjena je [&hellip;]\" \/>\n<meta property=\"og:url\" content=\"https:\/\/serbia.com\/srpski\/posetite-srbiju\/prirodne-lepote\/jedinstvena-priroda\/dolina-jorgovana-dokaz-ljubavi\/\" \/>\n<meta property=\"og:site_name\" content=\"Serbia.com\" \/>\n<meta property=\"article:modified_time\" content=\"2024-10-20T18:15:08+00:00\" \/>\n<meta property=\"og:image\" content=\"https:\/\/serbia.com\/wp-content\/uploads\/2024\/05\/Prica-o-jorgovanu-i-dolini-koja-7-vekova-simbolizuje-ljubav2.jpg\" \/>\n\t<meta property=\"og:image:width\" content=\"1200\" \/>\n\t<meta property=\"og:image:height\" content=\"843\" \/>\n\t<meta property=\"og:image:type\" content=\"image\/jpeg\" \/>\n<meta name=\"twitter:label1\" content=\"Est. reading time\" \/>\n\t<meta name=\"twitter:data1\" content=\"4 minutes\" \/>\n<script type=\"application\/ld+json\" class=\"yoast-schema-graph\">{\"@context\":\"https:\\\/\\\/schema.org\",\"@graph\":[{\"@type\":\"WebPage\",\"@id\":\"https:\\\/\\\/serbia.com\\\/srpski\\\/posetite-srbiju\\\/prirodne-lepote\\\/jedinstvena-priroda\\\/dolina-jorgovana-dokaz-ljubavi\\\/\",\"url\":\"https:\\\/\\\/serbia.com\\\/srpski\\\/posetite-srbiju\\\/prirodne-lepote\\\/jedinstvena-priroda\\\/dolina-jorgovana-dokaz-ljubavi\\\/\",\"name\":\"Dolina jorgovana: Dokaz ljubavi - Serbia.com\",\"isPartOf\":{\"@id\":\"https:\\\/\\\/serbia.com\\\/#website\"},\"primaryImageOfPage\":{\"@id\":\"https:\\\/\\\/serbia.com\\\/srpski\\\/posetite-srbiju\\\/prirodne-lepote\\\/jedinstvena-priroda\\\/dolina-jorgovana-dokaz-ljubavi\\\/#primaryimage\"},\"image\":{\"@id\":\"https:\\\/\\\/serbia.com\\\/srpski\\\/posetite-srbiju\\\/prirodne-lepote\\\/jedinstvena-priroda\\\/dolina-jorgovana-dokaz-ljubavi\\\/#primaryimage\"},\"thumbnailUrl\":\"https:\\\/\\\/serbia.com\\\/wp-content\\\/uploads\\\/2024\\\/05\\\/Prica-o-jorgovanu-i-dolini-koja-7-vekova-simbolizuje-ljubav2.jpg\",\"datePublished\":\"2015-06-01T13:29:12+00:00\",\"dateModified\":\"2024-10-20T18:15:08+00:00\",\"breadcrumb\":{\"@id\":\"https:\\\/\\\/serbia.com\\\/srpski\\\/posetite-srbiju\\\/prirodne-lepote\\\/jedinstvena-priroda\\\/dolina-jorgovana-dokaz-ljubavi\\\/#breadcrumb\"},\"inLanguage\":\"srpski\",\"potentialAction\":[{\"@type\":\"ReadAction\",\"target\":[\"https:\\\/\\\/serbia.com\\\/srpski\\\/posetite-srbiju\\\/prirodne-lepote\\\/jedinstvena-priroda\\\/dolina-jorgovana-dokaz-ljubavi\\\/\"]}]},{\"@type\":\"ImageObject\",\"inLanguage\":\"srpski\",\"@id\":\"https:\\\/\\\/serbia.com\\\/srpski\\\/posetite-srbiju\\\/prirodne-lepote\\\/jedinstvena-priroda\\\/dolina-jorgovana-dokaz-ljubavi\\\/#primaryimage\",\"url\":\"https:\\\/\\\/serbia.com\\\/wp-content\\\/uploads\\\/2024\\\/05\\\/Prica-o-jorgovanu-i-dolini-koja-7-vekova-simbolizuje-ljubav2.jpg\",\"contentUrl\":\"https:\\\/\\\/serbia.com\\\/wp-content\\\/uploads\\\/2024\\\/05\\\/Prica-o-jorgovanu-i-dolini-koja-7-vekova-simbolizuje-ljubav2.jpg\",\"width\":1200,\"height\":843},{\"@type\":\"BreadcrumbList\",\"@id\":\"https:\\\/\\\/serbia.com\\\/srpski\\\/posetite-srbiju\\\/prirodne-lepote\\\/jedinstvena-priroda\\\/dolina-jorgovana-dokaz-ljubavi\\\/#breadcrumb\",\"itemListElement\":[{\"@type\":\"ListItem\",\"position\":1,\"name\":\"Home\",\"item\":\"https:\\\/\\\/serbia.com\\\/srpski\\\/\"},{\"@type\":\"ListItem\",\"position\":2,\"name\":\"Poseti Srbiju\",\"item\":\"https:\\\/\\\/serbia.com\\\/srpski\\\/posetite-srbiju\\\/\"},{\"@type\":\"ListItem\",\"position\":3,\"name\":\"Prirodne lepote\",\"item\":\"https:\\\/\\\/serbia.com\\\/srpski\\\/posetite-srbiju\\\/prirodne-lepote\\\/\"},{\"@type\":\"ListItem\",\"position\":4,\"name\":\"Jedinstvena priroda\",\"item\":\"https:\\\/\\\/serbia.com\\\/srpski\\\/posetite-srbiju\\\/prirodne-lepote\\\/jedinstvena-priroda\\\/\"},{\"@type\":\"ListItem\",\"position\":5,\"name\":\"Dolina jorgovana: Dokaz ljubavi\"}]},{\"@type\":\"WebSite\",\"@id\":\"https:\\\/\\\/serbia.com\\\/#website\",\"url\":\"https:\\\/\\\/serbia.com\\\/\",\"name\":\"Serbia.com\",\"description\":\"Your Gateway to Serbia\",\"potentialAction\":[{\"@type\":\"SearchAction\",\"target\":{\"@type\":\"EntryPoint\",\"urlTemplate\":\"https:\\\/\\\/serbia.com\\\/?s={search_term_string}\"},\"query-input\":{\"@type\":\"PropertyValueSpecification\",\"valueRequired\":true,\"valueName\":\"search_term_string\"}}],\"inLanguage\":\"srpski\"}]}<\/script>\n<!-- \/ Yoast SEO plugin. -->","yoast_head_json":{"title":"Dolina jorgovana: Dokaz ljubavi - Serbia.com","robots":{"index":"index","follow":"follow","max-snippet":"max-snippet:-1","max-image-preview":"max-image-preview:large","max-video-preview":"max-video-preview:-1"},"canonical":"https:\/\/serbia.com\/srpski\/posetite-srbiju\/prirodne-lepote\/jedinstvena-priroda\/dolina-jorgovana-dokaz-ljubavi\/","og_locale":"en_US","og_type":"article","og_title":"Dolina jorgovana: Dokaz ljubavi - Serbia.com","og_description":"Cvetno drve\u0107e, koje je za nezaboravan do\u010dek francuske princeze Jelene An\u017eujske posa\u0111eno dolinom Ibra, danas je poznato kao Dolina jorgovana Ve\u0107 sedam vekova Dolina jorgovana i reke Ibar ispunjena je [&hellip;]","og_url":"https:\/\/serbia.com\/srpski\/posetite-srbiju\/prirodne-lepote\/jedinstvena-priroda\/dolina-jorgovana-dokaz-ljubavi\/","og_site_name":"Serbia.com","article_modified_time":"2024-10-20T18:15:08+00:00","og_image":[{"width":1200,"height":843,"url":"https:\/\/serbia.com\/wp-content\/uploads\/2024\/05\/Prica-o-jorgovanu-i-dolini-koja-7-vekova-simbolizuje-ljubav2.jpg","type":"image\/jpeg"}],"twitter_misc":{"Est. reading time":"4 minutes"},"schema":{"@context":"https:\/\/schema.org","@graph":[{"@type":"WebPage","@id":"https:\/\/serbia.com\/srpski\/posetite-srbiju\/prirodne-lepote\/jedinstvena-priroda\/dolina-jorgovana-dokaz-ljubavi\/","url":"https:\/\/serbia.com\/srpski\/posetite-srbiju\/prirodne-lepote\/jedinstvena-priroda\/dolina-jorgovana-dokaz-ljubavi\/","name":"Dolina jorgovana: Dokaz ljubavi - Serbia.com","isPartOf":{"@id":"https:\/\/serbia.com\/#website"},"primaryImageOfPage":{"@id":"https:\/\/serbia.com\/srpski\/posetite-srbiju\/prirodne-lepote\/jedinstvena-priroda\/dolina-jorgovana-dokaz-ljubavi\/#primaryimage"},"image":{"@id":"https:\/\/serbia.com\/srpski\/posetite-srbiju\/prirodne-lepote\/jedinstvena-priroda\/dolina-jorgovana-dokaz-ljubavi\/#primaryimage"},"thumbnailUrl":"https:\/\/serbia.com\/wp-content\/uploads\/2024\/05\/Prica-o-jorgovanu-i-dolini-koja-7-vekova-simbolizuje-ljubav2.jpg","datePublished":"2015-06-01T13:29:12+00:00","dateModified":"2024-10-20T18:15:08+00:00","breadcrumb":{"@id":"https:\/\/serbia.com\/srpski\/posetite-srbiju\/prirodne-lepote\/jedinstvena-priroda\/dolina-jorgovana-dokaz-ljubavi\/#breadcrumb"},"inLanguage":"srpski","potentialAction":[{"@type":"ReadAction","target":["https:\/\/serbia.com\/srpski\/posetite-srbiju\/prirodne-lepote\/jedinstvena-priroda\/dolina-jorgovana-dokaz-ljubavi\/"]}]},{"@type":"ImageObject","inLanguage":"srpski","@id":"https:\/\/serbia.com\/srpski\/posetite-srbiju\/prirodne-lepote\/jedinstvena-priroda\/dolina-jorgovana-dokaz-ljubavi\/#primaryimage","url":"https:\/\/serbia.com\/wp-content\/uploads\/2024\/05\/Prica-o-jorgovanu-i-dolini-koja-7-vekova-simbolizuje-ljubav2.jpg","contentUrl":"https:\/\/serbia.com\/wp-content\/uploads\/2024\/05\/Prica-o-jorgovanu-i-dolini-koja-7-vekova-simbolizuje-ljubav2.jpg","width":1200,"height":843},{"@type":"BreadcrumbList","@id":"https:\/\/serbia.com\/srpski\/posetite-srbiju\/prirodne-lepote\/jedinstvena-priroda\/dolina-jorgovana-dokaz-ljubavi\/#breadcrumb","itemListElement":[{"@type":"ListItem","position":1,"name":"Home","item":"https:\/\/serbia.com\/srpski\/"},{"@type":"ListItem","position":2,"name":"Poseti Srbiju","item":"https:\/\/serbia.com\/srpski\/posetite-srbiju\/"},{"@type":"ListItem","position":3,"name":"Prirodne lepote","item":"https:\/\/serbia.com\/srpski\/posetite-srbiju\/prirodne-lepote\/"},{"@type":"ListItem","position":4,"name":"Jedinstvena priroda","item":"https:\/\/serbia.com\/srpski\/posetite-srbiju\/prirodne-lepote\/jedinstvena-priroda\/"},{"@type":"ListItem","position":5,"name":"Dolina jorgovana: Dokaz ljubavi"}]},{"@type":"WebSite","@id":"https:\/\/serbia.com\/#website","url":"https:\/\/serbia.com\/","name":"Serbia.com","description":"Your Gateway to Serbia","potentialAction":[{"@type":"SearchAction","target":{"@type":"EntryPoint","urlTemplate":"https:\/\/serbia.com\/?s={search_term_string}"},"query-input":{"@type":"PropertyValueSpecification","valueRequired":true,"valueName":"search_term_string"}}],"inLanguage":"srpski"}]}},"brizy_media":[],"_links":{"self":[{"href":"https:\/\/serbia.com\/srpski\/wp-json\/wp\/v2\/pages\/33220","targetHints":{"allow":["GET"]}}],"collection":[{"href":"https:\/\/serbia.com\/srpski\/wp-json\/wp\/v2\/pages"}],"about":[{"href":"https:\/\/serbia.com\/srpski\/wp-json\/wp\/v2\/types\/page"}],"author":[{"embeddable":true,"href":"https:\/\/serbia.com\/srpski\/wp-json\/wp\/v2\/users\/27"}],"replies":[{"embeddable":true,"href":"https:\/\/serbia.com\/srpski\/wp-json\/wp\/v2\/comments?post=33220"}],"version-history":[{"count":1,"href":"https:\/\/serbia.com\/srpski\/wp-json\/wp\/v2\/pages\/33220\/revisions"}],"predecessor-version":[{"id":55759,"href":"https:\/\/serbia.com\/srpski\/wp-json\/wp\/v2\/pages\/33220\/revisions\/55759"}],"up":[{"embeddable":true,"href":"https:\/\/serbia.com\/srpski\/wp-json\/wp\/v2\/pages\/20470"}],"wp:featuredmedia":[{"embeddable":true,"href":"https:\/\/serbia.com\/srpski\/wp-json\/wp\/v2\/media\/53004"}],"wp:attachment":[{"href":"https:\/\/serbia.com\/srpski\/wp-json\/wp\/v2\/media?parent=33220"}],"wp:term":[{"taxonomy":"category","embeddable":true,"href":"https:\/\/serbia.com\/srpski\/wp-json\/wp\/v2\/categories?post=33220"},{"taxonomy":"post_tag","embeddable":true,"href":"https:\/\/serbia.com\/srpski\/wp-json\/wp\/v2\/tags?post=33220"}],"curies":[{"name":"wp","href":"https:\/\/api.w.org\/{rel}","templated":true}]}}