{"id":33202,"date":"2015-06-01T14:53:07","date_gmt":"2015-06-01T12:53:07","guid":{"rendered":"http:\/\/www.serbia.com\/?page_id=33202"},"modified":"2024-10-20T20:12:41","modified_gmt":"2024-10-20T18:12:41","slug":"tiski-cvet","status":"publish","type":"page","link":"https:\/\/serbia.com\/srpski\/posetite-srbiju\/prirodne-lepote\/jedinstvena-priroda\/tiski-cvet\/","title":{"rendered":"Tiski cvet"},"content":{"rendered":"<h4 style=\"text-align: justify;\">Romanti\u010dna i setna igra \u017eivota i smrti koju u samo tri sata izvode insketi Palingenia longicauda u narodu prozvani Tiski cvet svakog juna okupi stotine ljudi na Tisi na izlazu iz Kanji\u017ee ka Horgo\u0161u. Ovaj jedinstveni prirodni fenomen u Evropi mo\u017ee da se vidi jo\u0161 samo na Tisi, u Srbiji i Ma\u0111araskoj.<\/h4>\n<p style=\"text-align: justify;\">U suton kada junsko popodnevno sunce zarumeni Tisu sa dna ove ravni\u010darske reke, nakon tri godine mirovanja, bele larve insekta Tiski cvet se bude i pretvaraju u graciozna bi\u0107a svilenkastih krila koja nad staklenom povr\u0161inom reke izvode ljubavni ples u kome stvaraju budu\u0107u generaciju larvi i umiru.<\/p>\n<p style=\"text-align: justify;\">Palingenia longicauda je jedinstvena vrsta vodenog cveta (Ephemeroptera) \u010dija larva tri godine \u017eivi u re\u010dnim biljkama a potom krajem prole\u0107a i po\u010detkom leta, u zavisnosti od vodostaja i temperature vode izle\u0107e na povr\u0161inu reke. U vrtlogu nespretnog letenja insekti se pare, a potom prvi ugine mu\u017eijak, dok \u017eenka \u017eivi jo\u0161 samo toliko da polo\u017ei jaja na povr\u0161inu reke.<\/p>\n<blockquote><p><em>Uzrok nestanka Tiskog cveta iz evropskih reka<\/em><\/p>\n<p><em>Pre jednog veka vodeni cvet Palingenia longicauda cvetao je u mnogim ravni\u010darskim rekama Evrope. \u0160ta je doprinelo njegovom nestanku? Ekolozi ka\u017eu da je kombinacija zaga\u0111enja vode iz te\u0161ke industrije i izgradnja na obalama reka uni\u0161tila prirodna stani\u0161ta larvi ovog insekta. Nakon zatvaranja mnogih fabrika iz komunisti\u010dkog perioda, po\u010detkom devedesetih godina 20. veka, evropske reke su se zna\u010dajno pro\u010distile, pa se \u010dak u okviru nekih ekolo\u0161kih projekata poku\u0161ava vratiti Tiski cvet u njih ubacivanjem jaja uzetih iz Tise.<\/em><\/p><\/blockquote>\n<p style=\"text-align: justify;\">Tokom svog kratkog \u017eivota Tiski cvet se ne hrani ve\u0107 ispuni vazduhom svoja creva \u0161to mu omogu\u0107ava lak\u0161e isplivavanje na povr\u0161inu i let. Krije se u ko\u0161uljici koju odbaci kada uz pomo\u0107 vazduha ispliva na povr\u0161inu, a po\u0161to nije precizan leta\u010d, njegov let je nesiguran i vezan za vodenu povr\u0161inu. To ga ujedno i razlikuje od drugih vodenih insekata.<\/p>\n<p style=\"text-align: justify;\">Duga\u010dak je 8-12 centimetara, a razmak njegovih krila od kojih su prednja znatno ve\u0107a od zadnjih, dosti\u017ee 6-7 centimetara.<\/p>\n<p style=\"text-align: justify;\">Ceo ovaj spektakl me\u0161tani su nazvali \u201cCvetanje Tise\u201d i u njemu u\u017eivaju svake godine. Stari \u017eitelji ravnice znaju da prepoznaju dan kada \u0107e najve\u0107i broj ovih vodenih cvetova prekriti povr\u0161inu Tise, pa poslednjih godina imaju i sve vi\u0161e gostiju koji \u010dak iz inostranstva dolaze da pogledaju prizor koji se jedino na Tisi i da videti.<\/p>\n<p style=\"text-align: justify;\">Ova kratka predstava \u017eivotnog ciklusa \u017eivih bi\u0107a godinama pleni veliku pa\u017enju posmatra\u010da, odu\u0161evljavaju\u0107i ih i rastu\u017eujuju\u0107i ujedno, a Vojvodina postaje prepoznatljiva po ovom ne\u017enom krilatom insektu koji od \u017eivota ima samo jedan dan.<\/p>\n<p style=\"text-align: justify;\">Foto: Wikimedia Commons, Derzsi Elekes Andor pod Creative Commons Attribution-Share Alike 3.0 Unported license.<\/p>\n","protected":false},"excerpt":{"rendered":"<p>Romanti\u010dna i setna igra \u017eivota i smrti koju u samo tri sata izvode insketi Palingenia longicauda u narodu prozvani Tiski cvet svakog juna okupi stotine ljudi na Tisi na izlazu [&hellip;]<\/p>\n","protected":false},"author":27,"featured_media":33199,"parent":20470,"menu_order":0,"comment_status":"closed","ping_status":"closed","template":"","meta":{"_acf_changed":false,"inline_featured_image":false,"_monsterinsights_skip_tracking":false,"_monsterinsights_sitenote_active":false,"_monsterinsights_sitenote_note":"","_monsterinsights_sitenote_category":0,"footnotes":""},"categories":[1661],"tags":[],"class_list":["post-33202","page","type-page","status-publish","has-post-thumbnail","hentry","category-jedinstvena-priroda-prirodne-lepote-sta-posetiti"],"acf":[],"yoast_head":"<!-- This site is optimized with the Yoast SEO plugin v23.8 - https:\/\/yoast.com\/wordpress\/plugins\/seo\/ -->\n<title>Tiski cvet - Serbia.com<\/title>\n<meta name=\"robots\" content=\"index, follow, max-snippet:-1, max-image-preview:large, max-video-preview:-1\" \/>\n<link rel=\"canonical\" href=\"https:\/\/serbia.com\/srpski\/posetite-srbiju\/prirodne-lepote\/jedinstvena-priroda\/tiski-cvet\/\" \/>\n<meta property=\"og:locale\" content=\"en_US\" \/>\n<meta property=\"og:type\" content=\"article\" \/>\n<meta property=\"og:title\" content=\"Tiski cvet - Serbia.com\" \/>\n<meta property=\"og:description\" content=\"Romanti\u010dna i setna igra \u017eivota i smrti koju u samo tri sata izvode insketi Palingenia longicauda u narodu prozvani Tiski cvet svakog juna okupi stotine ljudi na Tisi na izlazu [&hellip;]\" \/>\n<meta property=\"og:url\" content=\"https:\/\/serbia.com\/srpski\/posetite-srbiju\/prirodne-lepote\/jedinstvena-priroda\/tiski-cvet\/\" \/>\n<meta property=\"og:site_name\" content=\"Serbia.com\" \/>\n<meta property=\"article:modified_time\" content=\"2024-10-20T18:12:41+00:00\" \/>\n<meta property=\"og:image\" content=\"https:\/\/serbia.com\/wp-content\/uploads\/2015\/06\/tisa.jpg\" \/>\n\t<meta property=\"og:image:width\" content=\"1600\" \/>\n\t<meta property=\"og:image:height\" content=\"1200\" \/>\n\t<meta property=\"og:image:type\" content=\"image\/jpeg\" \/>\n<meta name=\"twitter:label1\" content=\"Est. reading time\" \/>\n\t<meta name=\"twitter:data1\" content=\"2 minutes\" \/>\n<script type=\"application\/ld+json\" class=\"yoast-schema-graph\">{\"@context\":\"https:\/\/schema.org\",\"@graph\":[{\"@type\":\"WebPage\",\"@id\":\"https:\/\/serbia.com\/srpski\/posetite-srbiju\/prirodne-lepote\/jedinstvena-priroda\/tiski-cvet\/\",\"url\":\"https:\/\/serbia.com\/srpski\/posetite-srbiju\/prirodne-lepote\/jedinstvena-priroda\/tiski-cvet\/\",\"name\":\"Tiski cvet - Serbia.com\",\"isPartOf\":{\"@id\":\"https:\/\/serbia.com\/#website\"},\"primaryImageOfPage\":{\"@id\":\"https:\/\/serbia.com\/srpski\/posetite-srbiju\/prirodne-lepote\/jedinstvena-priroda\/tiski-cvet\/#primaryimage\"},\"image\":{\"@id\":\"https:\/\/serbia.com\/srpski\/posetite-srbiju\/prirodne-lepote\/jedinstvena-priroda\/tiski-cvet\/#primaryimage\"},\"thumbnailUrl\":\"https:\/\/serbia.com\/wp-content\/uploads\/2015\/06\/tisa.jpg\",\"datePublished\":\"2015-06-01T12:53:07+00:00\",\"dateModified\":\"2024-10-20T18:12:41+00:00\",\"breadcrumb\":{\"@id\":\"https:\/\/serbia.com\/srpski\/posetite-srbiju\/prirodne-lepote\/jedinstvena-priroda\/tiski-cvet\/#breadcrumb\"},\"inLanguage\":\"srpski\",\"potentialAction\":[{\"@type\":\"ReadAction\",\"target\":[\"https:\/\/serbia.com\/srpski\/posetite-srbiju\/prirodne-lepote\/jedinstvena-priroda\/tiski-cvet\/\"]}]},{\"@type\":\"ImageObject\",\"inLanguage\":\"srpski\",\"@id\":\"https:\/\/serbia.com\/srpski\/posetite-srbiju\/prirodne-lepote\/jedinstvena-priroda\/tiski-cvet\/#primaryimage\",\"url\":\"https:\/\/serbia.com\/wp-content\/uploads\/2015\/06\/tisa.jpg\",\"contentUrl\":\"https:\/\/serbia.com\/wp-content\/uploads\/2015\/06\/tisa.jpg\",\"width\":1600,\"height\":1200},{\"@type\":\"BreadcrumbList\",\"@id\":\"https:\/\/serbia.com\/srpski\/posetite-srbiju\/prirodne-lepote\/jedinstvena-priroda\/tiski-cvet\/#breadcrumb\",\"itemListElement\":[{\"@type\":\"ListItem\",\"position\":1,\"name\":\"Home\",\"item\":\"https:\/\/serbia.com\/srpski\/\"},{\"@type\":\"ListItem\",\"position\":2,\"name\":\"Poseti Srbiju\",\"item\":\"https:\/\/serbia.com\/srpski\/posetite-srbiju\/\"},{\"@type\":\"ListItem\",\"position\":3,\"name\":\"Prirodne lepote\",\"item\":\"https:\/\/serbia.com\/srpski\/posetite-srbiju\/prirodne-lepote\/\"},{\"@type\":\"ListItem\",\"position\":4,\"name\":\"Jedinstvena priroda\",\"item\":\"https:\/\/serbia.com\/srpski\/posetite-srbiju\/prirodne-lepote\/jedinstvena-priroda\/\"},{\"@type\":\"ListItem\",\"position\":5,\"name\":\"Tiski cvet\"}]},{\"@type\":\"WebSite\",\"@id\":\"https:\/\/serbia.com\/#website\",\"url\":\"https:\/\/serbia.com\/\",\"name\":\"Serbia.com\",\"description\":\"Your Gateway to Serbia\",\"potentialAction\":[{\"@type\":\"SearchAction\",\"target\":{\"@type\":\"EntryPoint\",\"urlTemplate\":\"https:\/\/serbia.com\/?s={search_term_string}\"},\"query-input\":{\"@type\":\"PropertyValueSpecification\",\"valueRequired\":true,\"valueName\":\"search_term_string\"}}],\"inLanguage\":\"srpski\"}]}<\/script>\n<!-- \/ Yoast SEO plugin. -->","yoast_head_json":{"title":"Tiski cvet - Serbia.com","robots":{"index":"index","follow":"follow","max-snippet":"max-snippet:-1","max-image-preview":"max-image-preview:large","max-video-preview":"max-video-preview:-1"},"canonical":"https:\/\/serbia.com\/srpski\/posetite-srbiju\/prirodne-lepote\/jedinstvena-priroda\/tiski-cvet\/","og_locale":"en_US","og_type":"article","og_title":"Tiski cvet - Serbia.com","og_description":"Romanti\u010dna i setna igra \u017eivota i smrti koju u samo tri sata izvode insketi Palingenia longicauda u narodu prozvani Tiski cvet svakog juna okupi stotine ljudi na Tisi na izlazu [&hellip;]","og_url":"https:\/\/serbia.com\/srpski\/posetite-srbiju\/prirodne-lepote\/jedinstvena-priroda\/tiski-cvet\/","og_site_name":"Serbia.com","article_modified_time":"2024-10-20T18:12:41+00:00","og_image":[{"width":1600,"height":1200,"url":"https:\/\/serbia.com\/wp-content\/uploads\/2015\/06\/tisa.jpg","type":"image\/jpeg"}],"twitter_misc":{"Est. reading time":"2 minutes"},"schema":{"@context":"https:\/\/schema.org","@graph":[{"@type":"WebPage","@id":"https:\/\/serbia.com\/srpski\/posetite-srbiju\/prirodne-lepote\/jedinstvena-priroda\/tiski-cvet\/","url":"https:\/\/serbia.com\/srpski\/posetite-srbiju\/prirodne-lepote\/jedinstvena-priroda\/tiski-cvet\/","name":"Tiski cvet - Serbia.com","isPartOf":{"@id":"https:\/\/serbia.com\/#website"},"primaryImageOfPage":{"@id":"https:\/\/serbia.com\/srpski\/posetite-srbiju\/prirodne-lepote\/jedinstvena-priroda\/tiski-cvet\/#primaryimage"},"image":{"@id":"https:\/\/serbia.com\/srpski\/posetite-srbiju\/prirodne-lepote\/jedinstvena-priroda\/tiski-cvet\/#primaryimage"},"thumbnailUrl":"https:\/\/serbia.com\/wp-content\/uploads\/2015\/06\/tisa.jpg","datePublished":"2015-06-01T12:53:07+00:00","dateModified":"2024-10-20T18:12:41+00:00","breadcrumb":{"@id":"https:\/\/serbia.com\/srpski\/posetite-srbiju\/prirodne-lepote\/jedinstvena-priroda\/tiski-cvet\/#breadcrumb"},"inLanguage":"srpski","potentialAction":[{"@type":"ReadAction","target":["https:\/\/serbia.com\/srpski\/posetite-srbiju\/prirodne-lepote\/jedinstvena-priroda\/tiski-cvet\/"]}]},{"@type":"ImageObject","inLanguage":"srpski","@id":"https:\/\/serbia.com\/srpski\/posetite-srbiju\/prirodne-lepote\/jedinstvena-priroda\/tiski-cvet\/#primaryimage","url":"https:\/\/serbia.com\/wp-content\/uploads\/2015\/06\/tisa.jpg","contentUrl":"https:\/\/serbia.com\/wp-content\/uploads\/2015\/06\/tisa.jpg","width":1600,"height":1200},{"@type":"BreadcrumbList","@id":"https:\/\/serbia.com\/srpski\/posetite-srbiju\/prirodne-lepote\/jedinstvena-priroda\/tiski-cvet\/#breadcrumb","itemListElement":[{"@type":"ListItem","position":1,"name":"Home","item":"https:\/\/serbia.com\/srpski\/"},{"@type":"ListItem","position":2,"name":"Poseti Srbiju","item":"https:\/\/serbia.com\/srpski\/posetite-srbiju\/"},{"@type":"ListItem","position":3,"name":"Prirodne lepote","item":"https:\/\/serbia.com\/srpski\/posetite-srbiju\/prirodne-lepote\/"},{"@type":"ListItem","position":4,"name":"Jedinstvena priroda","item":"https:\/\/serbia.com\/srpski\/posetite-srbiju\/prirodne-lepote\/jedinstvena-priroda\/"},{"@type":"ListItem","position":5,"name":"Tiski cvet"}]},{"@type":"WebSite","@id":"https:\/\/serbia.com\/#website","url":"https:\/\/serbia.com\/","name":"Serbia.com","description":"Your Gateway to Serbia","potentialAction":[{"@type":"SearchAction","target":{"@type":"EntryPoint","urlTemplate":"https:\/\/serbia.com\/?s={search_term_string}"},"query-input":{"@type":"PropertyValueSpecification","valueRequired":true,"valueName":"search_term_string"}}],"inLanguage":"srpski"}]}},"_links":{"self":[{"href":"https:\/\/serbia.com\/srpski\/wp-json\/wp\/v2\/pages\/33202"}],"collection":[{"href":"https:\/\/serbia.com\/srpski\/wp-json\/wp\/v2\/pages"}],"about":[{"href":"https:\/\/serbia.com\/srpski\/wp-json\/wp\/v2\/types\/page"}],"author":[{"embeddable":true,"href":"https:\/\/serbia.com\/srpski\/wp-json\/wp\/v2\/users\/27"}],"replies":[{"embeddable":true,"href":"https:\/\/serbia.com\/srpski\/wp-json\/wp\/v2\/comments?post=33202"}],"version-history":[{"count":1,"href":"https:\/\/serbia.com\/srpski\/wp-json\/wp\/v2\/pages\/33202\/revisions"}],"predecessor-version":[{"id":55757,"href":"https:\/\/serbia.com\/srpski\/wp-json\/wp\/v2\/pages\/33202\/revisions\/55757"}],"up":[{"embeddable":true,"href":"https:\/\/serbia.com\/srpski\/wp-json\/wp\/v2\/pages\/20470"}],"wp:featuredmedia":[{"embeddable":true,"href":"https:\/\/serbia.com\/srpski\/wp-json\/wp\/v2\/media\/33199"}],"wp:attachment":[{"href":"https:\/\/serbia.com\/srpski\/wp-json\/wp\/v2\/media?parent=33202"}],"wp:term":[{"taxonomy":"category","embeddable":true,"href":"https:\/\/serbia.com\/srpski\/wp-json\/wp\/v2\/categories?post=33202"},{"taxonomy":"post_tag","embeddable":true,"href":"https:\/\/serbia.com\/srpski\/wp-json\/wp\/v2\/tags?post=33202"}],"curies":[{"name":"wp","href":"https:\/\/api.w.org\/{rel}","templated":true}]}}