{"id":33189,"date":"2015-06-01T14:29:39","date_gmt":"2015-06-01T12:29:39","guid":{"rendered":"http:\/\/www.serbia.com\/?page_id=33189"},"modified":"2024-10-20T20:11:28","modified_gmt":"2024-10-20T18:11:28","slug":"oplenac","status":"publish","type":"page","link":"https:\/\/serbia.com\/srpski\/posetite-srbiju\/prirodne-lepote\/jedinstvena-priroda\/oplenac\/","title":{"rendered":"Oplenac"},"content":{"rendered":"<h4 style=\"text-align: justify;\">U srcu \u0160umadije, nadomak grada Topola uzdi\u017ee se stenovito brdo Oplenac. Na raskr\u0161\u0107u \u010detiri puta, ovo mesto \u010duva tradiciju i kulturu srpskog naroda sve do dana\u0161njih dana. Svojim fascinantnim gustim \u0161umama, plodnim zemlji\u0161tem, obiljem \u017eivotinjskog sveta i opijaju\u0107i \u010distim vazduhom odi\u0161e posebnom energijom koju je nemogu\u0107e ne osetiti.<\/h4>\n<p style=\"text-align: justify;\">Me\u0161tani umeju da ka\u017eu da se na Oplencu manje spava jer je vazduh \u010dist, pa je mnogo manje sati sna potrebno da bi \u010dovek osetio odmornim.<\/p>\n<p style=\"text-align: justify;\">Rasko\u0161noj prirodi i zemlji\u0161tu, raznovrsnoj fauni i povoljnoj klimi ovog predela, nije mogao da odoli ni <strong>\u0110or\u0111e Petrovi\u0107-Kara\u0111or\u0111e<\/strong>, kada se 1762. godine doselio u podno\u017eje Oplenca. Taj trenutak \u0107e potpuno promeniti sudbinu, tada ove male varo\u0161ice od samo \u010detrdesetak ku\u0107a. Oplenac \u0107e postati mesto dono\u0161enja va\u017enih politi\u010dkih i dr\u017eavnih odluka, centar kulturnih zbivanja ali i <strong>simbol oslobo\u0111enja srpskog naroda od Turaka.<\/strong><\/p>\n<p style=\"text-align: justify;\">Ratovi, bune, ustanci ali u velikoj meri i dinasti\u010dke borbe odneli su sa sobom deli\u0107 <a href=\"http:\/\/www.serbia.com\/srpski\/o-srbiji\/kultura\/\">kulture<\/a>, <a href=\"http:\/\/www.serbia.com\/srpski\/o-srbiji\/istorija\/\">istorije<\/a> i posebnosti tada\u0161njih zdanja i grada, ali ne i duh vere i posebnosti naroda. Ova <strong>vazdu\u0161na banja<\/strong>, kako je jo\u0161 u narodu zovu, uspela je da o\u010duva svoju posebnost, tradiciju, gostoprimljivost i ljubaznost, ali i fascinantne znamenitosti koje plene svojom lepotom.<\/p>\n<p style=\"text-align: justify;\"><strong>Jedna od znamenitosti koje krase Oplenac je <a href=\"http:\/\/www.serbia.com\/srpski\/posetite-srbiju\/kulturne-atrakcije\/manastiri-i-crkve\/crkva-sv-dorda-na-oplencu\/\" target=\"_blank\" rel=\"noopener\">crkva Sv.\u0110or\u0111a<\/a><\/strong>, impozantna petokupolna gra\u0111evina \u010dija je unutra\u0161njost oslikana sa vi\u0161e od <strong>40 miliona raznobojnih staklenih kockica<\/strong>, koje sa 15.000 raznih nijansi boja oslikavaju kopije fresaka iz 60 srpskih srednjovekovnih <a href=\"http:\/\/www.serbia.com\/srpski\/posetite-srbiju\/kulturne-atrakcije\/manastiri-i-crkve\/\" target=\"_blank\" rel=\"noopener\">crkava i manastira<\/a>. O ovom hramu rafinirane lepote, mo\u017eda najbolje govore pogledi puni divljenja posetilaca iz celog sveta.<\/p>\n<p style=\"text-align: justify;\">Na samo par metara od crkve Sv.\u0110or\u0111a nalazi se <strong>ku\u0107a kralja Petra I<\/strong>, koja je danas pretvorena u jedinstveni izlo\u017ebeni prostor. Ljubitelji istorije i antikviteta mogu da u\u017eivaju u razgledanju li\u010dnih predmeta, dokumenata i slika dinastije Kara\u0111or\u0111evi\u0107 koji imaju ogroman dru\u0161tveni, istorijski i kulturni zna\u010daj i vrednost.<\/p>\n<p style=\"text-align: justify;\">Pored crkve Sv.\u0110or\u0111a, ba\u0161tinu srpske istorije na Oplencu \u010duva stara i dosta skromnija <strong>crkva Presvete Bogorodice<\/strong> ili <a href=\"http:\/\/www.serbia.com\/srpski\/posetite-srbiju\/kulturne-atrakcije\/manastiri-i-crkve\/karadordev-konak-i-crkva-na-oplencu\/\" target=\"_blank\" rel=\"noopener\"><strong>Kara\u0111or\u0111eva crkva<\/strong><\/a>. Posebnost ove crkve je upravo u tome \u0161to je u velikoj meri o\u010duvan njen autenti\u010dan izgled, pa svojom toplinom i skromno\u0161\u0107u predstavlja pravi primer stare, tradicionalne srpske crkve. Zanimljivo je to da su zvona ove rusti\u010dne crkve sa izuzetno skladnim proporcijama, <strong>prva koja su se slobodno posle vi\u0161e vekova robovanja pod Turcima oglasila u Srbiji<\/strong>.<\/p>\n<p style=\"text-align: justify;\">Nadomak Kara\u0111or\u0111eve crkve, nalazi se i njegov <a href=\"http:\/\/www.serbia.com\/srpski\/posetite-srbiju\/kulturne-atrakcije\/manastiri-i-crkve\/karadordev-konak-i-crkva-na-oplencu\/\" target=\"_blank\" rel=\"noopener\"><strong>konak<\/strong><\/a>, ta\u010dnije jedan deo koji je ostao sa\u010duvan. Konak je gra\u0111en od kamena, a istovremeno je \u010dinio i ju\u017eni zid utvr\u0111enja Kara\u0111or\u0111evog grada. Vo\u017ed je ovde \u017eiveo i radio, a ceo prostor je danas jedinstven po tome \u0161to posetioci mogu da razgledaju predmete, dokumente, relikvije i slike koje svedo\u010de o vremenu, \u017eivotu i radu Kara\u0111or\u0111a upravo na mestu gde se sve to zbivalo.<\/p>\n<p style=\"text-align: justify;\">O bogatom zemlji\u0161tu i pogodnoj klimi Oplenca, govore i poznati <a href=\"http:\/\/www.serbia.com\/srpski\/posetite-srbiju\/provedi-se\/vinski-putevi\/vinski-put-oplenac\/\" target=\"_blank\" rel=\"noopener\"><strong>Oplena\u010dki vinogradi<\/strong><\/a>. Tradiciju uzgajanja kraljevskog vina zapo\u010dinje Kara\u0111or\u0111e, a nastavljaju njegovi nasledici. Danas je pod vinogradima zasa\u0111eno skoro 12 hektara, ukupna proizvodnja je od <strong>15.000 do 20.000 litara vina najrazli\u010ditijih sorti, kvalitetnog i prefinjenog ukusa<\/strong>, koja godinama unazad osvaja zlatne medalje.<\/p>\n<p style=\"text-align: justify;\">Oplenac je poznat po dobrom i kvalitetnom vinu, ali i sada ve\u0107 \u010duvenoj <strong>Oplena\u010dkoj berbi<\/strong> ili <strong>Festivalu gro\u017e\u0111a i vina<\/strong>, koja se odr\u017eava od 1962. godine. Tokom tri dana odr\u017eavanja ove manifestacije, od centra Topole do Oplenca ulice su ispunjene \u0161tandovima gro\u017e\u0111a, vina, vo\u0107a, suvenira i proizvoda starih zanata. Tada se na ulicama mo\u017ee \u010duti samo pesma i smeh, osetiti miris prave <a href=\"http:\/\/www.serbia.com\/srpski\/o-srbiji\/tradicionalna-kuhinja\/\"><strong>srpske tradicionalne kuhinje<\/strong><\/a> i kraljevskog vina, i videti izlo\u017ebe starih rukotvorina, izvodbe narodnih igara i jo\u0161 mnogo toga.<\/p>\n<p style=\"text-align: justify;\">Zbog kulture i istorije, prirode i klime, impozantnih gra\u0111evina i spomenika, kao i posebne energije i atmosfere koju osete ljudi koji posete Oplenac, ovo mesto predstavlja <strong>jedinstvenu lokaciju za odmor i rekreaciju, upoznavanje sa kulturnim i istorijskim znamenitostima Srbije i u\u017eivanje u tradicionalnoj kuhinji i kraljevskom vinu.<\/strong><\/p>\n<h4 style=\"text-align: justify;\">Kako do\u0107i do Oplenca?<\/h4>\n<p style=\"text-align: justify;\">Oplenac se nalazi u op\u0161tini Topola, koja je udaljena oko 80 kilometara od <a href=\"http:\/\/www.serbia.com\/srpski\/posetite-srbiju\/gradovi\/beograd\/\" target=\"_blank\" rel=\"noopener\">Beograda<\/a> iz kog se na Oplenac mo\u017ee do\u0107i Ibarskom magistralom do Lazarevca, a zatim se putuje jo\u0161 15 km preko <a href=\"http:\/\/www.serbia.com\/srpski\/24-sata-u-arandelovcu\/\" target=\"_blank\" rel=\"noopener\">Aran\u0111elovca<\/a>.<\/p>\n<p style=\"text-align: justify;\">Iz pravca Isto\u010dne i Ju\u017ene Srbije bi se sa autoputa <a href=\"http:\/\/www.serbia.com\/srpski\/posetite-srbiju\/gradovi\/nis\/\" target=\"_blank\" rel=\"noopener\">Ni\u0161<\/a>-Beograd trebalo isklju\u010diti kod Lapova, a zatim i\u0107i preko Ra\u010de Kragujeva\u010dke i sela Vi\u0161evac (rodnog mesta Vo\u017eda Kara\u0111or\u0111a).<\/p>\n<h4 style=\"text-align: justify;\">Kada ste ovde, ne propustite&#8230;<\/h4>\n<p style=\"text-align: justify;\">Obilazak <a href=\"http:\/\/www.serbia.com\/srpski\/posetite-srbiju\/prirodne-lepote\/pecine\/pecina-risovaca-kuca-stara-hiljade-godina\/\" target=\"_blank\" rel=\"noopener\"><strong>pe\u0107ine Risova\u010de<\/strong><\/a>, danas poznata kao muzej paleolita, bila je dom pra\u010doveka neandertalskog tipa.<\/p>\n<p style=\"text-align: justify;\">Posetu <a href=\"http:\/\/www.serbia.com\/srpski\/posetite-srbiju\/prirodne-lepote\/banje\/bukovicka-banja\/\" target=\"_blank\" rel=\"noopener\"><strong>Bukovi\u010dkoj banji<\/strong><\/a>, rekreativnu \u0161etnju <a href=\"https:\/\/serbia.com\/srpski\/bukulja-savrsen-spoj-zivopisne-prirode-i-bogate-istorije\/\"><strong>Bukuljom<\/strong><\/a>.<\/p>\n<p style=\"text-align: justify;\">Ukoliko planirate boravak du\u017ei od jednog dana u ovom kraju, Serbia.com preporu\u010duje odsedanje u <strong>hotelu Stari Oplenac<\/strong> \u010diji je idejni tvorac bio kralj Petar I.<\/p>\n<p style=\"text-align: justify;\">www.hotelstarioplenac<\/p>\n","protected":false},"excerpt":{"rendered":"<p>U srcu \u0160umadije, nadomak grada Topola uzdi\u017ee se stenovito brdo Oplenac. Na raskr\u0161\u0107u \u010detiri puta, ovo mesto \u010duva tradiciju i kulturu srpskog naroda sve do dana\u0161njih dana. Svojim fascinantnim gustim [&hellip;]<\/p>\n","protected":false},"author":27,"featured_media":33186,"parent":20470,"menu_order":0,"comment_status":"closed","ping_status":"closed","template":"","meta":{"_acf_changed":false,"inline_featured_image":false,"_monsterinsights_skip_tracking":false,"_monsterinsights_sitenote_active":false,"_monsterinsights_sitenote_note":"","_monsterinsights_sitenote_category":0,"footnotes":""},"categories":[1661],"tags":[],"class_list":["post-33189","page","type-page","status-publish","has-post-thumbnail","hentry","category-jedinstvena-priroda-prirodne-lepote-sta-posetiti"],"acf":[],"yoast_head":"<!-- This site is optimized with the Yoast SEO plugin v27.4 - https:\/\/yoast.com\/product\/yoast-seo-wordpress\/ -->\n<title>Oplenac - Serbia.com<\/title>\n<meta name=\"robots\" content=\"index, follow, max-snippet:-1, max-image-preview:large, max-video-preview:-1\" \/>\n<link rel=\"canonical\" href=\"https:\/\/serbia.com\/srpski\/posetite-srbiju\/prirodne-lepote\/jedinstvena-priroda\/oplenac\/\" \/>\n<meta property=\"og:locale\" content=\"en_US\" \/>\n<meta property=\"og:type\" content=\"article\" \/>\n<meta property=\"og:title\" content=\"Oplenac - Serbia.com\" \/>\n<meta property=\"og:description\" content=\"U srcu \u0160umadije, nadomak grada Topola uzdi\u017ee se stenovito brdo Oplenac. Na raskr\u0161\u0107u \u010detiri puta, ovo mesto \u010duva tradiciju i kulturu srpskog naroda sve do dana\u0161njih dana. Svojim fascinantnim gustim [&hellip;]\" \/>\n<meta property=\"og:url\" content=\"https:\/\/serbia.com\/srpski\/posetite-srbiju\/prirodne-lepote\/jedinstvena-priroda\/oplenac\/\" \/>\n<meta property=\"og:site_name\" content=\"Serbia.com\" \/>\n<meta property=\"article:modified_time\" content=\"2024-10-20T18:11:28+00:00\" \/>\n<meta property=\"og:image\" content=\"https:\/\/serbia.com\/wp-content\/uploads\/2015\/06\/oplenac333.jpg\" \/>\n\t<meta property=\"og:image:width\" content=\"1600\" \/>\n\t<meta property=\"og:image:height\" content=\"806\" \/>\n\t<meta property=\"og:image:type\" content=\"image\/jpeg\" \/>\n<meta name=\"twitter:label1\" content=\"Est. reading time\" \/>\n\t<meta name=\"twitter:data1\" content=\"4 minutes\" \/>\n<script type=\"application\/ld+json\" class=\"yoast-schema-graph\">{\"@context\":\"https:\\\/\\\/schema.org\",\"@graph\":[{\"@type\":\"WebPage\",\"@id\":\"https:\\\/\\\/serbia.com\\\/srpski\\\/posetite-srbiju\\\/prirodne-lepote\\\/jedinstvena-priroda\\\/oplenac\\\/\",\"url\":\"https:\\\/\\\/serbia.com\\\/srpski\\\/posetite-srbiju\\\/prirodne-lepote\\\/jedinstvena-priroda\\\/oplenac\\\/\",\"name\":\"Oplenac - Serbia.com\",\"isPartOf\":{\"@id\":\"https:\\\/\\\/serbia.com\\\/#website\"},\"primaryImageOfPage\":{\"@id\":\"https:\\\/\\\/serbia.com\\\/srpski\\\/posetite-srbiju\\\/prirodne-lepote\\\/jedinstvena-priroda\\\/oplenac\\\/#primaryimage\"},\"image\":{\"@id\":\"https:\\\/\\\/serbia.com\\\/srpski\\\/posetite-srbiju\\\/prirodne-lepote\\\/jedinstvena-priroda\\\/oplenac\\\/#primaryimage\"},\"thumbnailUrl\":\"https:\\\/\\\/serbia.com\\\/wp-content\\\/uploads\\\/2015\\\/06\\\/oplenac333.jpg\",\"datePublished\":\"2015-06-01T12:29:39+00:00\",\"dateModified\":\"2024-10-20T18:11:28+00:00\",\"breadcrumb\":{\"@id\":\"https:\\\/\\\/serbia.com\\\/srpski\\\/posetite-srbiju\\\/prirodne-lepote\\\/jedinstvena-priroda\\\/oplenac\\\/#breadcrumb\"},\"inLanguage\":\"srpski\",\"potentialAction\":[{\"@type\":\"ReadAction\",\"target\":[\"https:\\\/\\\/serbia.com\\\/srpski\\\/posetite-srbiju\\\/prirodne-lepote\\\/jedinstvena-priroda\\\/oplenac\\\/\"]}]},{\"@type\":\"ImageObject\",\"inLanguage\":\"srpski\",\"@id\":\"https:\\\/\\\/serbia.com\\\/srpski\\\/posetite-srbiju\\\/prirodne-lepote\\\/jedinstvena-priroda\\\/oplenac\\\/#primaryimage\",\"url\":\"https:\\\/\\\/serbia.com\\\/wp-content\\\/uploads\\\/2015\\\/06\\\/oplenac333.jpg\",\"contentUrl\":\"https:\\\/\\\/serbia.com\\\/wp-content\\\/uploads\\\/2015\\\/06\\\/oplenac333.jpg\",\"width\":1600,\"height\":806},{\"@type\":\"BreadcrumbList\",\"@id\":\"https:\\\/\\\/serbia.com\\\/srpski\\\/posetite-srbiju\\\/prirodne-lepote\\\/jedinstvena-priroda\\\/oplenac\\\/#breadcrumb\",\"itemListElement\":[{\"@type\":\"ListItem\",\"position\":1,\"name\":\"Home\",\"item\":\"https:\\\/\\\/serbia.com\\\/srpski\\\/\"},{\"@type\":\"ListItem\",\"position\":2,\"name\":\"Poseti Srbiju\",\"item\":\"https:\\\/\\\/serbia.com\\\/srpski\\\/posetite-srbiju\\\/\"},{\"@type\":\"ListItem\",\"position\":3,\"name\":\"Prirodne lepote\",\"item\":\"https:\\\/\\\/serbia.com\\\/srpski\\\/posetite-srbiju\\\/prirodne-lepote\\\/\"},{\"@type\":\"ListItem\",\"position\":4,\"name\":\"Jedinstvena priroda\",\"item\":\"https:\\\/\\\/serbia.com\\\/srpski\\\/posetite-srbiju\\\/prirodne-lepote\\\/jedinstvena-priroda\\\/\"},{\"@type\":\"ListItem\",\"position\":5,\"name\":\"Oplenac\"}]},{\"@type\":\"WebSite\",\"@id\":\"https:\\\/\\\/serbia.com\\\/#website\",\"url\":\"https:\\\/\\\/serbia.com\\\/\",\"name\":\"Serbia.com\",\"description\":\"Your Gateway to Serbia\",\"potentialAction\":[{\"@type\":\"SearchAction\",\"target\":{\"@type\":\"EntryPoint\",\"urlTemplate\":\"https:\\\/\\\/serbia.com\\\/?s={search_term_string}\"},\"query-input\":{\"@type\":\"PropertyValueSpecification\",\"valueRequired\":true,\"valueName\":\"search_term_string\"}}],\"inLanguage\":\"srpski\"}]}<\/script>\n<!-- \/ Yoast SEO plugin. -->","yoast_head_json":{"title":"Oplenac - Serbia.com","robots":{"index":"index","follow":"follow","max-snippet":"max-snippet:-1","max-image-preview":"max-image-preview:large","max-video-preview":"max-video-preview:-1"},"canonical":"https:\/\/serbia.com\/srpski\/posetite-srbiju\/prirodne-lepote\/jedinstvena-priroda\/oplenac\/","og_locale":"en_US","og_type":"article","og_title":"Oplenac - Serbia.com","og_description":"U srcu \u0160umadije, nadomak grada Topola uzdi\u017ee se stenovito brdo Oplenac. Na raskr\u0161\u0107u \u010detiri puta, ovo mesto \u010duva tradiciju i kulturu srpskog naroda sve do dana\u0161njih dana. Svojim fascinantnim gustim [&hellip;]","og_url":"https:\/\/serbia.com\/srpski\/posetite-srbiju\/prirodne-lepote\/jedinstvena-priroda\/oplenac\/","og_site_name":"Serbia.com","article_modified_time":"2024-10-20T18:11:28+00:00","og_image":[{"width":1600,"height":806,"url":"https:\/\/serbia.com\/wp-content\/uploads\/2015\/06\/oplenac333.jpg","type":"image\/jpeg"}],"twitter_misc":{"Est. reading time":"4 minutes"},"schema":{"@context":"https:\/\/schema.org","@graph":[{"@type":"WebPage","@id":"https:\/\/serbia.com\/srpski\/posetite-srbiju\/prirodne-lepote\/jedinstvena-priroda\/oplenac\/","url":"https:\/\/serbia.com\/srpski\/posetite-srbiju\/prirodne-lepote\/jedinstvena-priroda\/oplenac\/","name":"Oplenac - Serbia.com","isPartOf":{"@id":"https:\/\/serbia.com\/#website"},"primaryImageOfPage":{"@id":"https:\/\/serbia.com\/srpski\/posetite-srbiju\/prirodne-lepote\/jedinstvena-priroda\/oplenac\/#primaryimage"},"image":{"@id":"https:\/\/serbia.com\/srpski\/posetite-srbiju\/prirodne-lepote\/jedinstvena-priroda\/oplenac\/#primaryimage"},"thumbnailUrl":"https:\/\/serbia.com\/wp-content\/uploads\/2015\/06\/oplenac333.jpg","datePublished":"2015-06-01T12:29:39+00:00","dateModified":"2024-10-20T18:11:28+00:00","breadcrumb":{"@id":"https:\/\/serbia.com\/srpski\/posetite-srbiju\/prirodne-lepote\/jedinstvena-priroda\/oplenac\/#breadcrumb"},"inLanguage":"srpski","potentialAction":[{"@type":"ReadAction","target":["https:\/\/serbia.com\/srpski\/posetite-srbiju\/prirodne-lepote\/jedinstvena-priroda\/oplenac\/"]}]},{"@type":"ImageObject","inLanguage":"srpski","@id":"https:\/\/serbia.com\/srpski\/posetite-srbiju\/prirodne-lepote\/jedinstvena-priroda\/oplenac\/#primaryimage","url":"https:\/\/serbia.com\/wp-content\/uploads\/2015\/06\/oplenac333.jpg","contentUrl":"https:\/\/serbia.com\/wp-content\/uploads\/2015\/06\/oplenac333.jpg","width":1600,"height":806},{"@type":"BreadcrumbList","@id":"https:\/\/serbia.com\/srpski\/posetite-srbiju\/prirodne-lepote\/jedinstvena-priroda\/oplenac\/#breadcrumb","itemListElement":[{"@type":"ListItem","position":1,"name":"Home","item":"https:\/\/serbia.com\/srpski\/"},{"@type":"ListItem","position":2,"name":"Poseti Srbiju","item":"https:\/\/serbia.com\/srpski\/posetite-srbiju\/"},{"@type":"ListItem","position":3,"name":"Prirodne lepote","item":"https:\/\/serbia.com\/srpski\/posetite-srbiju\/prirodne-lepote\/"},{"@type":"ListItem","position":4,"name":"Jedinstvena priroda","item":"https:\/\/serbia.com\/srpski\/posetite-srbiju\/prirodne-lepote\/jedinstvena-priroda\/"},{"@type":"ListItem","position":5,"name":"Oplenac"}]},{"@type":"WebSite","@id":"https:\/\/serbia.com\/#website","url":"https:\/\/serbia.com\/","name":"Serbia.com","description":"Your Gateway to Serbia","potentialAction":[{"@type":"SearchAction","target":{"@type":"EntryPoint","urlTemplate":"https:\/\/serbia.com\/?s={search_term_string}"},"query-input":{"@type":"PropertyValueSpecification","valueRequired":true,"valueName":"search_term_string"}}],"inLanguage":"srpski"}]}},"brizy_media":[],"_links":{"self":[{"href":"https:\/\/serbia.com\/srpski\/wp-json\/wp\/v2\/pages\/33189","targetHints":{"allow":["GET"]}}],"collection":[{"href":"https:\/\/serbia.com\/srpski\/wp-json\/wp\/v2\/pages"}],"about":[{"href":"https:\/\/serbia.com\/srpski\/wp-json\/wp\/v2\/types\/page"}],"author":[{"embeddable":true,"href":"https:\/\/serbia.com\/srpski\/wp-json\/wp\/v2\/users\/27"}],"replies":[{"embeddable":true,"href":"https:\/\/serbia.com\/srpski\/wp-json\/wp\/v2\/comments?post=33189"}],"version-history":[{"count":1,"href":"https:\/\/serbia.com\/srpski\/wp-json\/wp\/v2\/pages\/33189\/revisions"}],"predecessor-version":[{"id":55756,"href":"https:\/\/serbia.com\/srpski\/wp-json\/wp\/v2\/pages\/33189\/revisions\/55756"}],"up":[{"embeddable":true,"href":"https:\/\/serbia.com\/srpski\/wp-json\/wp\/v2\/pages\/20470"}],"wp:featuredmedia":[{"embeddable":true,"href":"https:\/\/serbia.com\/srpski\/wp-json\/wp\/v2\/media\/33186"}],"wp:attachment":[{"href":"https:\/\/serbia.com\/srpski\/wp-json\/wp\/v2\/media?parent=33189"}],"wp:term":[{"taxonomy":"category","embeddable":true,"href":"https:\/\/serbia.com\/srpski\/wp-json\/wp\/v2\/categories?post=33189"},{"taxonomy":"post_tag","embeddable":true,"href":"https:\/\/serbia.com\/srpski\/wp-json\/wp\/v2\/tags?post=33189"}],"curies":[{"name":"wp","href":"https:\/\/api.w.org\/{rel}","templated":true}]}}