{"id":33176,"date":"2015-06-01T13:44:40","date_gmt":"2015-06-01T11:44:40","guid":{"rendered":"http:\/\/www.serbia.com\/?page_id=33176"},"modified":"2024-10-20T20:10:22","modified_gmt":"2024-10-20T18:10:22","slug":"gostilje-oaza-netaknute-prirode-u-srcu-zlatibora","status":"publish","type":"page","link":"https:\/\/serbia.com\/srpski\/posetite-srbiju\/prirodne-lepote\/jedinstvena-priroda\/gostilje-oaza-netaknute-prirode-u-srcu-zlatibora\/","title":{"rendered":"Gostilje, oaza netaknute prirode u srcu Zlatibora"},"content":{"rendered":"<h4 style=\"text-align: justify;\">Lepota zelenih pa\u0161njaka ukra\u0161ena malim seoskim ku\u0107icama, bogatim kro\u0161njama drve\u0107a i fascinatnim bojama cve\u0107a, u kombinaciji sa najlep\u0161im zvukovima rashla\u0111uju\u0107e vode sa vodopada na Gostiljskoj reci, \u010dini ovaj kraj jednom malom oazom \u010dija priroda u isto vreme umiruje i budi sva \u010dula\u2026<\/h4>\n<p style=\"text-align: justify;\">Na samo 20 km od popularne <a href=\"http:\/\/www.serbia.com\/srpski\/posetite-srbiju\/prirodne-lepote\/planine\/zlatibor-ukras-na-1-000-metara-visine\/\" target=\"_blank\" rel=\"noopener\"><strong>planine Zlatibor<\/strong><\/a>, nalazi se malo mesto za koje mnogi posetioci ove veoma pose\u0107ene i \u201c\u017eive\u201d planine ne znaju. Me\u0111utim, ka\u017eu da kada jednom posete ovo u\u0161u\u0161kano zlatiborsko selo, i osete miris sve\u017eeg vazduha koji omamljuje, ne oklevaju da se ponovo vrate.<\/p>\n<p style=\"text-align: justify;\">Dragulj idili\u010dnog mesta, koje je prema legendi dobilo ime po gostoljubivosti svojih doma\u0107ina je vodopad fascinantne lepote. <strong>Ovaj vodopad jedan je od najve\u0107ih u Srbiji,<\/strong> sa visinom od 20 metara i okolnom prirodom koja pleni, \u010dini savr\u0161eni spoj pitome prirode i divlje, brze vode \u010dija lepota zadivljuje.<\/p>\n<blockquote><p><em>Na ovom vodopadu su se nekada prema starom predanju kupale vile, a danas posetioci imaju jedinstvenu priliku da u\u017eivaju i osete neukrotivost, mo\u0107 i snagu netaknute prirode. Stene prekrivene mahovinom iz kojih izvire voda izgledaju bajkovito, a ako stanete na odgovaraju\u0107u razdaljinu od vodopada, dobi\u0107ete prijatno, prirodno rashla\u0111enje.<\/em><\/p><\/blockquote>\n<p style=\"text-align: justify;\">Gostiljsku lepotu upotpunjuju i veliki broj manjih izvora, brzaka, slapova i virova koje \u0107ete primetiti ako nastavite du\u017e re\u010dnog toka. Dinami\u010dnom i uzbudljivom \u0161etnjom sti\u0107i\u0107ete do <strong>mosti\u0107a na reci Katu\u0161nici<\/strong>, koji \u0107e vas odvesti u potpunu druga\u010diju prirodu, i prirediti vam potpuno novo i jedinstveno iskustvo.<\/p>\n<p style=\"text-align: justify;\">Naime, prelaskom mosta do\u0107i \u0107ete do prave seoske idile, koja odi\u0161e mirom i ti\u0161inom. Bogastvo reke Katu\u0161nice se ogleda u kvalitetnoj ribi, pa \u0107ete <strong>u obli\u017enjem restoranu imati priliku da u\u017eivate u ukusnoj pastrmci na \u017earu<\/strong>. Celokupni ambijent omogu\u0107i\u0107e vam potpuno novi do\u017eivljaj ovog mesta, pru\u017eaju\u0107i vam priliku za odmor i u\u017eivanje u ti\u0161ini, koja \u0107e vam posle dinami\u010dne \u0161etnje ispunjene adrenalinom, i te kako prijati.<\/p>\n<p style=\"text-align: justify;\">Preporuka je da se u obilasku ovog zlatiborskog mesta, koje se nalazi na 1000 metara nadmorske visine, opustite i prepustite \u010darima prirodnog bogastva. Magi\u010dni spoj ti\u0161ine i zvukova, mirno\u0107e seoske reke i brzine vodopada, pru\u017ei\u0107e vam neobi\u010dno iskustvo i u\u017eitak, kome kad se jednom prepustite, ne\u0107ete odoleti da se ne vratite.<\/p>\n<h4 style=\"text-align: justify;\">Kako sti\u0107i do Gostilja?<\/h4>\n<p style=\"text-align: justify;\">Do Zlatibora se mo\u017ee do\u0107i vozom, autobusom i sopstvenim prevozom. Gostilje je udaljeno oko 20 km od centra Zlatibora, i povezano sa njim uglavnom dobrim putem, tako da u obilazak ovg sela mo\u017eete do\u0107i sami ili se pridru\u017eiti organizovanim grupama.<\/p>\n<p style=\"text-align: justify;\">Ukoliko se odlu\u010dite da putujete vozom, on \u0107e vas odvesti do U\u017eica, koje se nalazi na udaljenosti od 25 km od Zlatibora. Iz ovog grada mo\u017eete uzeti lokalni autobus do va\u0161eg odredi\u0161ta.<\/p>\n<p style=\"text-align: justify;\">Drumskim saobra\u0107ajem se iz <a href=\"http:\/\/www.serbia.com\/srpski\/posetite-srbiju\/gradovi\/beograd\/\" target=\"_blank\" rel=\"noopener\">Beograda<\/a> do Zlatibora sti\u017ee magistralnim putem za Crnu Goru, a potrebno je pre\u0107i 220 km. Iz svih ve\u0107ih gradova Srbije, postoje redovne autobuske linije ka Zlatiboru, a iz Beograda autobusi polaze na svakih pola sata do sat vremena.<\/p>\n<h4 style=\"text-align: justify;\">Kada ste ve\u0107 ovde, ne propustite\u2026<\/h4>\n<p style=\"text-align: justify;\"><strong><a href=\"http:\/\/www.serbia.com\/srpski\/etno-selo-u-sirogojnu-jedinstveni-muzej-na-otvorenom\/\" target=\"_blank\" rel=\"noopener\">Staro selo Sirogojno<\/a><\/strong> \u2013 pravi muzej na otvorenom, u kome mo\u017eete saznati kako se \u017eivelo u Srbiji krajem 19. i po\u010detkom pro\u0161log veka. Udaljeno je na pola sata lagane vo\u017enje od centra Zlatibora.<\/p>\n<p style=\"text-align: justify;\"><a href=\"http:\/\/www.serbia.com\/srpski\/posetite-srbiju\/prirodne-lepote\/pecine\/stopica-pecina-i-njen-podzemni-vodopad\/\" target=\"_blank\" rel=\"noopener\"><strong>Stopi\u0107a pe\u0107ina<\/strong><\/a> \u2013 Pe\u0107ina ima impresivni ulaz visine 18 i \u0161irine 35 metara, a nalazi se na 711,18 metara nadmorske visine. Njena glavna atrakcija je podzemni vodopad, visok 10 metara.<\/p>\n<p style=\"text-align: justify;\"><strong>Turisti\u010dki centar planine <a href=\"http:\/\/www.serbia.com\/srpski\/posetite-srbiju\/prirodne-lepote\/planine\/zlatibor-ukras-na-1-000-metara-visine\/\" target=\"_blank\" rel=\"noopener\">Zlatibor<\/a><\/strong> \u2013 Pod turisti\u010dkim pojmom Zlatibora podrazumeva se prostrana visoravan duga 30 i \u0161iroka 12 kilometara, oivi\u010dena planinskim visovima Gradinom, Crnim vrhom, \u010cigotom, Murtenicom, Tornikom, \u010cavlovcem, Vijogorom i gornjim tokom reke Su\u0161ice. Zlatibor presecaju tokovi reka Crni i Veliki Rzav, kao i <a href=\"http:\/\/www.serbia.com\/srpski\/posetite-srbiju\/prirodne-lepote\/jedinstvena-priroda\/uvac-remek-delo-prirode\/\" target=\"_blank\" rel=\"noopener\"><strong>reke Uvac<\/strong><\/a> koja te\u010de ju\u017enim delom Zlatibora usecaju\u0107i prelepe kanjone.<\/p>\n","protected":false},"excerpt":{"rendered":"<p>Lepota zelenih pa\u0161njaka ukra\u0161ena malim seoskim ku\u0107icama, bogatim kro\u0161njama drve\u0107a i fascinatnim bojama cve\u0107a, u kombinaciji sa najlep\u0161im zvukovima rashla\u0111uju\u0107e vode sa vodopada na Gostiljskoj reci, \u010dini ovaj kraj jednom [&hellip;]<\/p>\n","protected":false},"author":27,"featured_media":30225,"parent":20470,"menu_order":0,"comment_status":"closed","ping_status":"closed","template":"","meta":{"_acf_changed":false,"inline_featured_image":false,"_monsterinsights_skip_tracking":false,"_monsterinsights_sitenote_active":false,"_monsterinsights_sitenote_note":"","_monsterinsights_sitenote_category":0,"footnotes":""},"categories":[1661],"tags":[],"class_list":["post-33176","page","type-page","status-publish","has-post-thumbnail","hentry","category-jedinstvena-priroda-prirodne-lepote-sta-posetiti"],"acf":[],"yoast_head":"<!-- This site is optimized with the Yoast SEO plugin v27.4 - https:\/\/yoast.com\/product\/yoast-seo-wordpress\/ -->\n<title>Gostilje, oaza netaknute prirode u srcu Zlatibora - Serbia.com<\/title>\n<meta name=\"robots\" content=\"index, follow, max-snippet:-1, max-image-preview:large, max-video-preview:-1\" \/>\n<link rel=\"canonical\" href=\"https:\/\/serbia.com\/srpski\/posetite-srbiju\/prirodne-lepote\/jedinstvena-priroda\/gostilje-oaza-netaknute-prirode-u-srcu-zlatibora\/\" \/>\n<meta property=\"og:locale\" content=\"en_US\" \/>\n<meta property=\"og:type\" content=\"article\" \/>\n<meta property=\"og:title\" content=\"Gostilje, oaza netaknute prirode u srcu Zlatibora - Serbia.com\" \/>\n<meta property=\"og:description\" content=\"Lepota zelenih pa\u0161njaka ukra\u0161ena malim seoskim ku\u0107icama, bogatim kro\u0161njama drve\u0107a i fascinatnim bojama cve\u0107a, u kombinaciji sa najlep\u0161im zvukovima rashla\u0111uju\u0107e vode sa vodopada na Gostiljskoj reci, \u010dini ovaj kraj jednom [&hellip;]\" \/>\n<meta property=\"og:url\" content=\"https:\/\/serbia.com\/srpski\/posetite-srbiju\/prirodne-lepote\/jedinstvena-priroda\/gostilje-oaza-netaknute-prirode-u-srcu-zlatibora\/\" \/>\n<meta property=\"og:site_name\" content=\"Serbia.com\" \/>\n<meta property=\"article:modified_time\" content=\"2024-10-20T18:10:22+00:00\" \/>\n<meta property=\"og:image\" content=\"https:\/\/serbia.com\/wp-content\/uploads\/2015\/03\/Gostije-vodopad-Zlatibo_3006827633333.jpg\" \/>\n\t<meta property=\"og:image:width\" content=\"1600\" \/>\n\t<meta property=\"og:image:height\" content=\"801\" \/>\n\t<meta property=\"og:image:type\" content=\"image\/jpeg\" \/>\n<meta name=\"twitter:label1\" content=\"Est. reading time\" \/>\n\t<meta name=\"twitter:data1\" content=\"3 minutes\" \/>\n<script type=\"application\/ld+json\" class=\"yoast-schema-graph\">{\"@context\":\"https:\\\/\\\/schema.org\",\"@graph\":[{\"@type\":\"WebPage\",\"@id\":\"https:\\\/\\\/serbia.com\\\/srpski\\\/posetite-srbiju\\\/prirodne-lepote\\\/jedinstvena-priroda\\\/gostilje-oaza-netaknute-prirode-u-srcu-zlatibora\\\/\",\"url\":\"https:\\\/\\\/serbia.com\\\/srpski\\\/posetite-srbiju\\\/prirodne-lepote\\\/jedinstvena-priroda\\\/gostilje-oaza-netaknute-prirode-u-srcu-zlatibora\\\/\",\"name\":\"Gostilje, oaza netaknute prirode u srcu Zlatibora - Serbia.com\",\"isPartOf\":{\"@id\":\"https:\\\/\\\/serbia.com\\\/#website\"},\"primaryImageOfPage\":{\"@id\":\"https:\\\/\\\/serbia.com\\\/srpski\\\/posetite-srbiju\\\/prirodne-lepote\\\/jedinstvena-priroda\\\/gostilje-oaza-netaknute-prirode-u-srcu-zlatibora\\\/#primaryimage\"},\"image\":{\"@id\":\"https:\\\/\\\/serbia.com\\\/srpski\\\/posetite-srbiju\\\/prirodne-lepote\\\/jedinstvena-priroda\\\/gostilje-oaza-netaknute-prirode-u-srcu-zlatibora\\\/#primaryimage\"},\"thumbnailUrl\":\"https:\\\/\\\/serbia.com\\\/wp-content\\\/uploads\\\/2015\\\/03\\\/Gostije-vodopad-Zlatibo_3006827633333.jpg\",\"datePublished\":\"2015-06-01T11:44:40+00:00\",\"dateModified\":\"2024-10-20T18:10:22+00:00\",\"breadcrumb\":{\"@id\":\"https:\\\/\\\/serbia.com\\\/srpski\\\/posetite-srbiju\\\/prirodne-lepote\\\/jedinstvena-priroda\\\/gostilje-oaza-netaknute-prirode-u-srcu-zlatibora\\\/#breadcrumb\"},\"inLanguage\":\"srpski\",\"potentialAction\":[{\"@type\":\"ReadAction\",\"target\":[\"https:\\\/\\\/serbia.com\\\/srpski\\\/posetite-srbiju\\\/prirodne-lepote\\\/jedinstvena-priroda\\\/gostilje-oaza-netaknute-prirode-u-srcu-zlatibora\\\/\"]}]},{\"@type\":\"ImageObject\",\"inLanguage\":\"srpski\",\"@id\":\"https:\\\/\\\/serbia.com\\\/srpski\\\/posetite-srbiju\\\/prirodne-lepote\\\/jedinstvena-priroda\\\/gostilje-oaza-netaknute-prirode-u-srcu-zlatibora\\\/#primaryimage\",\"url\":\"https:\\\/\\\/serbia.com\\\/wp-content\\\/uploads\\\/2015\\\/03\\\/Gostije-vodopad-Zlatibo_3006827633333.jpg\",\"contentUrl\":\"https:\\\/\\\/serbia.com\\\/wp-content\\\/uploads\\\/2015\\\/03\\\/Gostije-vodopad-Zlatibo_3006827633333.jpg\",\"width\":1600,\"height\":801},{\"@type\":\"BreadcrumbList\",\"@id\":\"https:\\\/\\\/serbia.com\\\/srpski\\\/posetite-srbiju\\\/prirodne-lepote\\\/jedinstvena-priroda\\\/gostilje-oaza-netaknute-prirode-u-srcu-zlatibora\\\/#breadcrumb\",\"itemListElement\":[{\"@type\":\"ListItem\",\"position\":1,\"name\":\"Home\",\"item\":\"https:\\\/\\\/serbia.com\\\/srpski\\\/\"},{\"@type\":\"ListItem\",\"position\":2,\"name\":\"Poseti Srbiju\",\"item\":\"https:\\\/\\\/serbia.com\\\/srpski\\\/posetite-srbiju\\\/\"},{\"@type\":\"ListItem\",\"position\":3,\"name\":\"Prirodne lepote\",\"item\":\"https:\\\/\\\/serbia.com\\\/srpski\\\/posetite-srbiju\\\/prirodne-lepote\\\/\"},{\"@type\":\"ListItem\",\"position\":4,\"name\":\"Jedinstvena priroda\",\"item\":\"https:\\\/\\\/serbia.com\\\/srpski\\\/posetite-srbiju\\\/prirodne-lepote\\\/jedinstvena-priroda\\\/\"},{\"@type\":\"ListItem\",\"position\":5,\"name\":\"Gostilje, oaza netaknute prirode u srcu Zlatibora\"}]},{\"@type\":\"WebSite\",\"@id\":\"https:\\\/\\\/serbia.com\\\/#website\",\"url\":\"https:\\\/\\\/serbia.com\\\/\",\"name\":\"Serbia.com\",\"description\":\"Your Gateway to Serbia\",\"potentialAction\":[{\"@type\":\"SearchAction\",\"target\":{\"@type\":\"EntryPoint\",\"urlTemplate\":\"https:\\\/\\\/serbia.com\\\/?s={search_term_string}\"},\"query-input\":{\"@type\":\"PropertyValueSpecification\",\"valueRequired\":true,\"valueName\":\"search_term_string\"}}],\"inLanguage\":\"srpski\"}]}<\/script>\n<!-- \/ Yoast SEO plugin. -->","yoast_head_json":{"title":"Gostilje, oaza netaknute prirode u srcu Zlatibora - Serbia.com","robots":{"index":"index","follow":"follow","max-snippet":"max-snippet:-1","max-image-preview":"max-image-preview:large","max-video-preview":"max-video-preview:-1"},"canonical":"https:\/\/serbia.com\/srpski\/posetite-srbiju\/prirodne-lepote\/jedinstvena-priroda\/gostilje-oaza-netaknute-prirode-u-srcu-zlatibora\/","og_locale":"en_US","og_type":"article","og_title":"Gostilje, oaza netaknute prirode u srcu Zlatibora - Serbia.com","og_description":"Lepota zelenih pa\u0161njaka ukra\u0161ena malim seoskim ku\u0107icama, bogatim kro\u0161njama drve\u0107a i fascinatnim bojama cve\u0107a, u kombinaciji sa najlep\u0161im zvukovima rashla\u0111uju\u0107e vode sa vodopada na Gostiljskoj reci, \u010dini ovaj kraj jednom [&hellip;]","og_url":"https:\/\/serbia.com\/srpski\/posetite-srbiju\/prirodne-lepote\/jedinstvena-priroda\/gostilje-oaza-netaknute-prirode-u-srcu-zlatibora\/","og_site_name":"Serbia.com","article_modified_time":"2024-10-20T18:10:22+00:00","og_image":[{"width":1600,"height":801,"url":"https:\/\/serbia.com\/wp-content\/uploads\/2015\/03\/Gostije-vodopad-Zlatibo_3006827633333.jpg","type":"image\/jpeg"}],"twitter_misc":{"Est. reading time":"3 minutes"},"schema":{"@context":"https:\/\/schema.org","@graph":[{"@type":"WebPage","@id":"https:\/\/serbia.com\/srpski\/posetite-srbiju\/prirodne-lepote\/jedinstvena-priroda\/gostilje-oaza-netaknute-prirode-u-srcu-zlatibora\/","url":"https:\/\/serbia.com\/srpski\/posetite-srbiju\/prirodne-lepote\/jedinstvena-priroda\/gostilje-oaza-netaknute-prirode-u-srcu-zlatibora\/","name":"Gostilje, oaza netaknute prirode u srcu Zlatibora - Serbia.com","isPartOf":{"@id":"https:\/\/serbia.com\/#website"},"primaryImageOfPage":{"@id":"https:\/\/serbia.com\/srpski\/posetite-srbiju\/prirodne-lepote\/jedinstvena-priroda\/gostilje-oaza-netaknute-prirode-u-srcu-zlatibora\/#primaryimage"},"image":{"@id":"https:\/\/serbia.com\/srpski\/posetite-srbiju\/prirodne-lepote\/jedinstvena-priroda\/gostilje-oaza-netaknute-prirode-u-srcu-zlatibora\/#primaryimage"},"thumbnailUrl":"https:\/\/serbia.com\/wp-content\/uploads\/2015\/03\/Gostije-vodopad-Zlatibo_3006827633333.jpg","datePublished":"2015-06-01T11:44:40+00:00","dateModified":"2024-10-20T18:10:22+00:00","breadcrumb":{"@id":"https:\/\/serbia.com\/srpski\/posetite-srbiju\/prirodne-lepote\/jedinstvena-priroda\/gostilje-oaza-netaknute-prirode-u-srcu-zlatibora\/#breadcrumb"},"inLanguage":"srpski","potentialAction":[{"@type":"ReadAction","target":["https:\/\/serbia.com\/srpski\/posetite-srbiju\/prirodne-lepote\/jedinstvena-priroda\/gostilje-oaza-netaknute-prirode-u-srcu-zlatibora\/"]}]},{"@type":"ImageObject","inLanguage":"srpski","@id":"https:\/\/serbia.com\/srpski\/posetite-srbiju\/prirodne-lepote\/jedinstvena-priroda\/gostilje-oaza-netaknute-prirode-u-srcu-zlatibora\/#primaryimage","url":"https:\/\/serbia.com\/wp-content\/uploads\/2015\/03\/Gostije-vodopad-Zlatibo_3006827633333.jpg","contentUrl":"https:\/\/serbia.com\/wp-content\/uploads\/2015\/03\/Gostije-vodopad-Zlatibo_3006827633333.jpg","width":1600,"height":801},{"@type":"BreadcrumbList","@id":"https:\/\/serbia.com\/srpski\/posetite-srbiju\/prirodne-lepote\/jedinstvena-priroda\/gostilje-oaza-netaknute-prirode-u-srcu-zlatibora\/#breadcrumb","itemListElement":[{"@type":"ListItem","position":1,"name":"Home","item":"https:\/\/serbia.com\/srpski\/"},{"@type":"ListItem","position":2,"name":"Poseti Srbiju","item":"https:\/\/serbia.com\/srpski\/posetite-srbiju\/"},{"@type":"ListItem","position":3,"name":"Prirodne lepote","item":"https:\/\/serbia.com\/srpski\/posetite-srbiju\/prirodne-lepote\/"},{"@type":"ListItem","position":4,"name":"Jedinstvena priroda","item":"https:\/\/serbia.com\/srpski\/posetite-srbiju\/prirodne-lepote\/jedinstvena-priroda\/"},{"@type":"ListItem","position":5,"name":"Gostilje, oaza netaknute prirode u srcu Zlatibora"}]},{"@type":"WebSite","@id":"https:\/\/serbia.com\/#website","url":"https:\/\/serbia.com\/","name":"Serbia.com","description":"Your Gateway to Serbia","potentialAction":[{"@type":"SearchAction","target":{"@type":"EntryPoint","urlTemplate":"https:\/\/serbia.com\/?s={search_term_string}"},"query-input":{"@type":"PropertyValueSpecification","valueRequired":true,"valueName":"search_term_string"}}],"inLanguage":"srpski"}]}},"brizy_media":[],"_links":{"self":[{"href":"https:\/\/serbia.com\/srpski\/wp-json\/wp\/v2\/pages\/33176","targetHints":{"allow":["GET"]}}],"collection":[{"href":"https:\/\/serbia.com\/srpski\/wp-json\/wp\/v2\/pages"}],"about":[{"href":"https:\/\/serbia.com\/srpski\/wp-json\/wp\/v2\/types\/page"}],"author":[{"embeddable":true,"href":"https:\/\/serbia.com\/srpski\/wp-json\/wp\/v2\/users\/27"}],"replies":[{"embeddable":true,"href":"https:\/\/serbia.com\/srpski\/wp-json\/wp\/v2\/comments?post=33176"}],"version-history":[{"count":1,"href":"https:\/\/serbia.com\/srpski\/wp-json\/wp\/v2\/pages\/33176\/revisions"}],"predecessor-version":[{"id":55755,"href":"https:\/\/serbia.com\/srpski\/wp-json\/wp\/v2\/pages\/33176\/revisions\/55755"}],"up":[{"embeddable":true,"href":"https:\/\/serbia.com\/srpski\/wp-json\/wp\/v2\/pages\/20470"}],"wp:featuredmedia":[{"embeddable":true,"href":"https:\/\/serbia.com\/srpski\/wp-json\/wp\/v2\/media\/30225"}],"wp:attachment":[{"href":"https:\/\/serbia.com\/srpski\/wp-json\/wp\/v2\/media?parent=33176"}],"wp:term":[{"taxonomy":"category","embeddable":true,"href":"https:\/\/serbia.com\/srpski\/wp-json\/wp\/v2\/categories?post=33176"},{"taxonomy":"post_tag","embeddable":true,"href":"https:\/\/serbia.com\/srpski\/wp-json\/wp\/v2\/tags?post=33176"}],"curies":[{"name":"wp","href":"https:\/\/api.w.org\/{rel}","templated":true}]}}