{"id":33161,"date":"2015-06-01T12:49:52","date_gmt":"2015-06-01T10:49:52","guid":{"rendered":"http:\/\/www.serbia.com\/?page_id=33161"},"modified":"2024-10-20T20:09:35","modified_gmt":"2024-10-20T18:09:35","slug":"uvac-remek-delo-prirode","status":"publish","type":"page","link":"https:\/\/serbia.com\/srpski\/posetite-srbiju\/prirodne-lepote\/jedinstvena-priroda\/uvac-remek-delo-prirode\/","title":{"rendered":"Uvac, remek-delo prirode"},"content":{"rendered":"<h4 style=\"text-align: justify;\">Spoj nestvarnih meandara koje je priroda isklesala na naj\u010dudotvorniji na\u010din i najlep\u0161ih boja kristalno \u010diste vode jezera Uvac, brzo \u0107e vas uvesti u \u010daroliju koju ovaj specijalni rezervat nesebi\u010dno nudi. Zaboravite na probleme, oslu\u0161nite zvuke prirode i prepustite se \u010darima netaknutog prirodnog bogatstva\u2026<\/h4>\n<p style=\"text-align: justify;\">Pre nego \u0161to je postao turisti\u010dki zna\u010dajan kompleks prirodnih kurioziteta Uvac je bilo samo ime zlatiborske i zlatarske reke koju karakteri\u0161e prelepi kanjon i duboko re\u010dno korito. Reka Uvac prirodna je ju\u017ena granica <a href=\"http:\/\/www.serbia.com\/srpski\/posetite-srbiju\/prirodne-lepote\/planine\/zlatibor-ukras-na-1-000-metara-visine\/\" target=\"_blank\" rel=\"noopener\"><strong>Zlatibora<\/strong><\/a>, koja izvire jugoisto\u010dno od <strong>planine Jadovnik<\/strong> i predstavlja glavnu pritoku <strong>Lima<\/strong>. Pri kraju svog toka Uvac je i prirodna granica izme\u0111u Srbije i Bosne i Hercegovine.<\/p>\n<p style=\"text-align: justify;\">Prelepom kanjonu reke <strong>posebnu dra\u017e daju uklje\u0161teni meandri Uvca<\/strong>. To su prirodne vijuge koje reka pravi godinama probijaju\u0107i kre\u010dnja\u010dke stene. Meandri reke Uvac nalikuju lavirintu i na nekim mestima prave skretanja pod uglom od 270 stepeni. Deluju nestvarno kao i sva dela strpljivih neimara od kojih je sama priroda ponajbolji.<\/p>\n<blockquote><p><em>Specijalni rezervat prirode Uvac nalazi se na teritorijama op\u0161tina Nova Varo\u0161 i Sjenica i zauzima povr\u0161inu od 7543 hektara. Najni\u017ea ta\u010dka rezervata je na 760, a najvi\u0161a na 1322 metra nadmorske visine.<\/em><\/p><\/blockquote>\n<p style=\"text-align: justify;\">Osim reke i njenih meandara rezervat obuhvata i tri ve\u0161ta\u010dka akumulaciona jezera: <strong>Uva\u010dko<\/strong>, <strong>Zlatarsko<\/strong> i <strong>Radoinjsko<\/strong>. Ova jezera nastala su kao posledica izgradnje brana neophodnih za funkcionisanje hidroelektrana Uvac i Kokin brod \u0161to je dovelo do potapanja doline Uvca i nastanka ovih jezera.<\/p>\n<p style=\"text-align: justify;\">Nepristupa\u010dan kanjon reke bio je idealna prirodna brana koja je dovela do toga da su oko Uvca izgra\u0111eni brojni <a href=\"http:\/\/www.serbia.com\/srpski\/posetite-srbiju\/kulturne-atrakcije\/manastiri-i-crkve\/\" target=\"_blank\" rel=\"noopener\">manastiri<\/a> od velikog zna\u010daja za identitet ljudi iz ovih krajeva. Najpoznati su <strong>manastir Uvac<\/strong> i <strong>manastir Dubrava<\/strong>.<\/p>\n<p style=\"text-align: justify;\">Nekada se ovde nalazio i \u010duveni manastir Janja, opevan u narodnoj epskoj pesmi \u201eMilo\u0161 u Latinima\u201c. Njega vi\u0161e nema, iako je re\u010d o jednoj od najzna\u010dajnijih nemanji\u0107kih gra\u0111evina. Smatra se da se na njegovom mestu danas nalazi manastir Uvac.<\/p>\n<figure id=\"attachment_29262\" aria-describedby=\"caption-attachment-29262\" style=\"width: 300px\" class=\"wp-caption alignleft\"><img loading=\"lazy\" decoding=\"async\" class=\"wp-image-29262 size-medium\" src=\"http:\/\/www.serbia.com\/wp-content\/uploads\/2014\/11\/content-uvac_serbia-300x198.jpg\" alt=\"content-uvac_serbia\" width=\"300\" height=\"198\" srcset=\"https:\/\/serbia.com\/wp-content\/uploads\/2014\/11\/content-uvac_serbia-300x198.jpg 300w, https:\/\/serbia.com\/wp-content\/uploads\/2014\/11\/content-uvac_serbia.jpg 600w\" sizes=\"(max-width: 300px) 100vw, 300px\" \/><figcaption id=\"caption-attachment-29262\" class=\"wp-caption-text\">Beloglavi sup<\/figcaption><\/figure>\n<p style=\"text-align: justify;\">Status \u201especijalnog prirodnog rezervata\u201c teritorija oko reke Uvac dobila je zahvaljuju\u0107i<strong> jedinstvenim biljnim i \u017eivotinjskim vrstama<\/strong> koje se ovde mogu sresti. Najzna\u010dajniji je <strong>Beloglavi sup<\/strong>, jedna od 140 vrsta ptica koje nastanjuju oblast rezervata i za\u0161titni znak uva\u010dke doline.<\/p>\n<p style=\"text-align: justify;\">Beloglavi sup je posebna vrsta orla le\u0161inara koja je pre dvadesetak godina bila pred izumiranjem na teritoriji Srbije. Fond za za\u0161titu ptica \u201eBeloglavi sup\u201c omogu\u0107io je stvaranje hranili\u0161ta na koja se iznosi uginula stoka i time omogu\u0107ava opstanak i pove\u0107anje broja jedinki ove jedinstvene ptice kojih sada ima oko 300. Kao le\u0161inar, Beloglavi sup ima klju\u010dnu ulogu u spre\u010davanju zaraze i lancu ishrane na teritoriji koju nastanjuje.<\/p>\n<p style=\"text-align: justify;\">Osim Beloglavog supa, u klisuri reke Uvac mo\u017ee se sresti i <strong>suri orao<\/strong>, tako\u0111e retka i ugro\u017eena grabljivica, kao i <strong>planinski puzgavac<\/strong>, <strong>buljina<\/strong> i <strong>vodomar<\/strong>. U pe\u0107inama se bele\u017ei veliki broj slepih mi\u0161eva, a kuriozitet je i <strong>veliki broj vidri<\/strong>, vrste sisara koja se nalazi na Evropskoj crvenoj listi. Klisura je okru\u017eena \u0161umama omorike i breze, a na bujnim livadama mo\u017ee se na\u0107i oko 50 vrsta lekovitih biljaka.<\/p>\n<p style=\"text-align: justify;\"><strong>Naro\u010ditu dra\u017e rezervatu daje najve\u0107i kompleks pe\u0107ina na tlu Srbije.<\/strong> Pe\u0107inski sistem u dolini Uvca duga\u010dak je 6 hiljada kilometara i zajedno sa meandrima doprinosti tome da je Uvac jedan od najlep\u0161ih krajeva u zemlji. Pe\u0107inski sistem odlikuje se kanalima u nekoliko nivoa, pe\u0107inskim ukrasima, sifonima i dvoranama.<\/p>\n<p style=\"text-align: justify;\">Najpoznatije su <strong>U\u0161a\u010dka<\/strong>, <strong>Tubi\u0107a pe\u0107ina<\/strong> i <strong>Ledena pe\u0107ina<\/strong> u zaseoku U\u0161ak. Ukrasi u Ledenoj pe\u0107ini su u obliku draperija i saliva i dosti\u017eu du\u017einu do deset metara.<\/p>\n<figure id=\"attachment_29266\" aria-describedby=\"caption-attachment-29266\" style=\"width: 800px\" class=\"wp-caption aligncenter\"><img loading=\"lazy\" decoding=\"async\" class=\"wp-image-29266\" src=\"http:\/\/www.serbia.com\/wp-content\/uploads\/2014\/11\/uvac_canyon-serbia.jpg\" alt=\"__uvac_canyon serbia\" width=\"800\" height=\"529\" srcset=\"https:\/\/serbia.com\/wp-content\/uploads\/2014\/11\/uvac_canyon-serbia.jpg 600w, https:\/\/serbia.com\/wp-content\/uploads\/2014\/11\/uvac_canyon-serbia-300x198.jpg 300w\" sizes=\"(max-width: 800px) 100vw, 800px\" \/><figcaption id=\"caption-attachment-29266\" class=\"wp-caption-text\">Zalazak sunca u Specijalnom rezervatu prirode Uvac<\/figcaption><\/figure>\n<p style=\"text-align: justify;\">Ulaz u pe\u0107ine je \u010desto potopljen, ali se mo\u017ee pri\u0107i \u010damcima. Naravno, lepote ovog skrivenog sveta rezervisane su za iskusne i hrabre avanturiste jer je veliki deo pe\u0107ina neistra\u017een i nepoznat.<\/p>\n<p style=\"text-align: justify;\">Ukoliko je pri\u010da o rezervatu \u201eUvac\u201c privukla va\u0161u pa\u017enju i zagolicala vam ma\u0161tu treba znati da je <strong>najbolje vreme za posetu posle maja<\/strong>. Tek tada ve\u0107i deo rezervata, koji se mahom nalazi na visini iznad hiljadu metara, otopli i olista, pa prirodni fenomeni zablistaju u punom sjaju.<\/p>\n<p style=\"text-align: justify;\">Blagovremeni kontakt sa lokalnom turisti\u010dkom organizacijom omogu\u0107i\u0107e vam program sa vodi\u010dem, \u0161to je i jedini na\u010din da posetite sve \u0161to vredi videti u \u201eUvcu\u201c tokom jedne posete. \u010cuvarska slu\u017eba pru\u017ea mogu\u0107nost <strong>vo\u017enje \u010damcem<\/strong>, <strong>razgledanja meandara<\/strong> i<strong> posetu pe\u0107inskom sistemu<\/strong> koja ne mo\u017ee biti preduzeta na svoju ruku. Ukoliko \u017eelite ostati du\u017ee od jednog dana, sme\u0161taj mo\u017eete potra\u017eiti u nekoj od privatnih ku\u0107a u okolnim selima, a originalno re\u0161enje mo\u017ee biti i kampovanje.<\/p>\n<h4 style=\"text-align: justify;\">Kada ste ovde, ne propustite\u2026<\/h4>\n<p style=\"text-align: justify;\">Da odete do <a href=\"http:\/\/www.serbia.com\/srpski\/posetite-srbiju\/prirodne-lepote\/planine\/zlatibor-ukras-na-1-000-metara-visine\/\" target=\"_blank\" rel=\"noopener\"><strong>Zlatibora<\/strong><\/a> i dopustite da vas o\u010dara jedna od najlep\u0161ih <a href=\"http:\/\/www.serbia.com\/srpski\/posetite-srbiju\/prirodne-lepote\/planine\/\" target=\"_blank\" rel=\"noopener\">planina Srbije<\/a>. Ako odlu\u010dite da ostanete, ovde vas osim idili\u010dnih pejza\u017ea o\u010dekuje dobar no\u0107ni \u017eivot i odli\u010dna tradicionalna kuhinja u okviru koje ne smete zaobi\u0107i <strong>pr\u0161utu<\/strong>, <a href=\"http:\/\/www.serbia.com\/srpski\/kajmak-nezamenljivo-dobar-3\/\"><strong>kajmak<\/strong><\/a>, <strong>kiselo mleko<\/strong> i <strong><a href=\"http:\/\/www.serbia.com\/srpski\/njeno-visocanstvo-komplet-lepinja\/\" target=\"_blank\" rel=\"noopener\">komplet lepinju<\/a><\/strong>.<\/p>\n<p style=\"text-align: justify;\">Iz ovog kraja ne bi trebalo oti\u0107i, a ne videti mesta kao \u0161to su: muzej na otvorenom \u2013 <strong><a href=\"http:\/\/www.serbia.com\/srpski\/etno-selo-u-sirogojnu-jedinstveni-muzej-na-otvorenom\/\" target=\"_blank\" rel=\"noopener\">staro selo Sirogojno<\/a><\/strong>, <a href=\"http:\/\/www.serbia.com\/srpski\/posetite-srbiju\/prirodne-lepote\/planine\/mokra-gora-inspiracija-umetnosti-i-stvaralastva\/\" target=\"_blank\" rel=\"noopener\"><strong>Mokra Gora<\/strong><\/a> i <strong><a href=\"http:\/\/www.serbia.com\/srpski\/sarganska-osmica-romanticna-voznja-kroz-proslost\/\" target=\"_blank\" rel=\"noopener\">\u0160arganska osmica<\/a><\/strong> kojom \u0107e vas provozati stari<strong> voz \u201c\u0106ira\u201d<\/strong>.<\/p>\n<p style=\"text-align: justify;\">Ako se na\u0111ete ovde u julu, ne propustite <strong>Zlatiborski sabor truba\u010da<\/strong> koji tradicionalno okuplja najbolje truba\u010de iz zlatiborskog kraja i veliki broj gostiju iz zemlje i sveta, kao predtakmi\u010denje za <a href=\"http:\/\/www.serbia.com\/srpski\/posetite-srbiju\/kulturne-atrakcije\/festivali-i-manifestacije\/guca-festival-trube-i-dobrog-provoda\/\" target=\"_blank\" rel=\"noopener\"><strong>Sabor truba\u010da u Gu\u010di<\/strong><\/a> udaljenoj 43 km od Zlatibora. Ovaj festival trube se tako\u0111e odr\u017eava krajem jula.<\/p>\n<p style=\"text-align: justify;\">U januaru se na Mokroj Gori odr\u017eava <strong><a href=\"http:\/\/www.serbia.com\/srpski\/danas-pocinje-kustendorf\/\" target=\"_blank\" rel=\"noopener\">Kustendorf<\/a><\/strong>, festival filma i muzike koji je osmislio poznati reditelj <a href=\"http:\/\/www.serbia.com\/srpski\/emir-kusturica-umetnik-graditelj-i-antiglobalista-2\/\" target=\"_blank\" rel=\"noopener\"><strong>Emir Kusturica<\/strong><\/a>.<\/p>\n<p style=\"text-align: justify;\">Ako ste ljubitelj dobrog mesa, a u ovom kraju se na\u0111ete sredinom januara, ne propustite <strong>\u201cPr\u0161utijadu\u201c<\/strong>, koja se odr\u017eava u zlatiborskom selu Ma\u010dkat.<\/p>\n<p><strong>Ukoliko \u017eelite da obi\u0111ete Uvac, turu mo\u017eete zakazati <a href=\"https:\/\/serbia.com\/tour\/uvac-canyon-tour\/\">OVDE<\/a>.<\/strong><\/p>\n","protected":false},"excerpt":{"rendered":"<p>Spoj nestvarnih meandara koje je priroda isklesala na naj\u010dudotvorniji na\u010din i najlep\u0161ih boja kristalno \u010diste vode jezera Uvac, brzo \u0107e vas uvesti u \u010daroliju koju ovaj specijalni rezervat nesebi\u010dno nudi. [&hellip;]<\/p>\n","protected":false},"author":27,"featured_media":30273,"parent":20470,"menu_order":0,"comment_status":"closed","ping_status":"closed","template":"","meta":{"_acf_changed":false,"inline_featured_image":false,"_monsterinsights_skip_tracking":false,"_monsterinsights_sitenote_active":false,"_monsterinsights_sitenote_note":"","_monsterinsights_sitenote_category":0,"footnotes":""},"categories":[1661],"tags":[],"class_list":["post-33161","page","type-page","status-publish","has-post-thumbnail","hentry","category-jedinstvena-priroda-prirodne-lepote-sta-posetiti"],"acf":[],"yoast_head":"<!-- This site is optimized with the Yoast SEO plugin v23.8 - https:\/\/yoast.com\/wordpress\/plugins\/seo\/ -->\n<title>Uvac, remek-delo prirode - Serbia.com<\/title>\n<meta name=\"robots\" content=\"index, follow, max-snippet:-1, max-image-preview:large, max-video-preview:-1\" \/>\n<link rel=\"canonical\" href=\"https:\/\/serbia.com\/srpski\/posetite-srbiju\/prirodne-lepote\/jedinstvena-priroda\/uvac-remek-delo-prirode\/\" \/>\n<meta property=\"og:locale\" content=\"en_US\" \/>\n<meta property=\"og:type\" content=\"article\" \/>\n<meta property=\"og:title\" content=\"Uvac, remek-delo prirode - Serbia.com\" \/>\n<meta property=\"og:description\" content=\"Spoj nestvarnih meandara koje je priroda isklesala na naj\u010dudotvorniji na\u010din i najlep\u0161ih boja kristalno \u010diste vode jezera Uvac, brzo \u0107e vas uvesti u \u010daroliju koju ovaj specijalni rezervat nesebi\u010dno nudi. [&hellip;]\" \/>\n<meta property=\"og:url\" content=\"https:\/\/serbia.com\/srpski\/posetite-srbiju\/prirodne-lepote\/jedinstvena-priroda\/uvac-remek-delo-prirode\/\" \/>\n<meta property=\"og:site_name\" content=\"Serbia.com\" \/>\n<meta property=\"article:modified_time\" content=\"2024-10-20T18:09:35+00:00\" \/>\n<meta property=\"og:image\" content=\"https:\/\/serbia.com\/wp-content\/uploads\/2015\/03\/jezero-zlatar-Uvac111.jpg\" \/>\n\t<meta property=\"og:image:width\" content=\"1400\" \/>\n\t<meta property=\"og:image:height\" content=\"746\" \/>\n\t<meta property=\"og:image:type\" content=\"image\/jpeg\" \/>\n<meta name=\"twitter:label1\" content=\"Est. reading time\" \/>\n\t<meta name=\"twitter:data1\" content=\"5 minutes\" \/>\n<script type=\"application\/ld+json\" class=\"yoast-schema-graph\">{\"@context\":\"https:\/\/schema.org\",\"@graph\":[{\"@type\":\"WebPage\",\"@id\":\"https:\/\/serbia.com\/srpski\/posetite-srbiju\/prirodne-lepote\/jedinstvena-priroda\/uvac-remek-delo-prirode\/\",\"url\":\"https:\/\/serbia.com\/srpski\/posetite-srbiju\/prirodne-lepote\/jedinstvena-priroda\/uvac-remek-delo-prirode\/\",\"name\":\"Uvac, remek-delo prirode - Serbia.com\",\"isPartOf\":{\"@id\":\"https:\/\/serbia.com\/#website\"},\"primaryImageOfPage\":{\"@id\":\"https:\/\/serbia.com\/srpski\/posetite-srbiju\/prirodne-lepote\/jedinstvena-priroda\/uvac-remek-delo-prirode\/#primaryimage\"},\"image\":{\"@id\":\"https:\/\/serbia.com\/srpski\/posetite-srbiju\/prirodne-lepote\/jedinstvena-priroda\/uvac-remek-delo-prirode\/#primaryimage\"},\"thumbnailUrl\":\"https:\/\/serbia.com\/wp-content\/uploads\/2015\/03\/jezero-zlatar-Uvac111.jpg\",\"datePublished\":\"2015-06-01T10:49:52+00:00\",\"dateModified\":\"2024-10-20T18:09:35+00:00\",\"breadcrumb\":{\"@id\":\"https:\/\/serbia.com\/srpski\/posetite-srbiju\/prirodne-lepote\/jedinstvena-priroda\/uvac-remek-delo-prirode\/#breadcrumb\"},\"inLanguage\":\"srpski\",\"potentialAction\":[{\"@type\":\"ReadAction\",\"target\":[\"https:\/\/serbia.com\/srpski\/posetite-srbiju\/prirodne-lepote\/jedinstvena-priroda\/uvac-remek-delo-prirode\/\"]}]},{\"@type\":\"ImageObject\",\"inLanguage\":\"srpski\",\"@id\":\"https:\/\/serbia.com\/srpski\/posetite-srbiju\/prirodne-lepote\/jedinstvena-priroda\/uvac-remek-delo-prirode\/#primaryimage\",\"url\":\"https:\/\/serbia.com\/wp-content\/uploads\/2015\/03\/jezero-zlatar-Uvac111.jpg\",\"contentUrl\":\"https:\/\/serbia.com\/wp-content\/uploads\/2015\/03\/jezero-zlatar-Uvac111.jpg\",\"width\":1400,\"height\":746},{\"@type\":\"BreadcrumbList\",\"@id\":\"https:\/\/serbia.com\/srpski\/posetite-srbiju\/prirodne-lepote\/jedinstvena-priroda\/uvac-remek-delo-prirode\/#breadcrumb\",\"itemListElement\":[{\"@type\":\"ListItem\",\"position\":1,\"name\":\"Home\",\"item\":\"https:\/\/serbia.com\/srpski\/\"},{\"@type\":\"ListItem\",\"position\":2,\"name\":\"Poseti Srbiju\",\"item\":\"https:\/\/serbia.com\/srpski\/posetite-srbiju\/\"},{\"@type\":\"ListItem\",\"position\":3,\"name\":\"Prirodne lepote\",\"item\":\"https:\/\/serbia.com\/srpski\/posetite-srbiju\/prirodne-lepote\/\"},{\"@type\":\"ListItem\",\"position\":4,\"name\":\"Jedinstvena priroda\",\"item\":\"https:\/\/serbia.com\/srpski\/posetite-srbiju\/prirodne-lepote\/jedinstvena-priroda\/\"},{\"@type\":\"ListItem\",\"position\":5,\"name\":\"Uvac, remek-delo prirode\"}]},{\"@type\":\"WebSite\",\"@id\":\"https:\/\/serbia.com\/#website\",\"url\":\"https:\/\/serbia.com\/\",\"name\":\"Serbia.com\",\"description\":\"Your Gateway to Serbia\",\"potentialAction\":[{\"@type\":\"SearchAction\",\"target\":{\"@type\":\"EntryPoint\",\"urlTemplate\":\"https:\/\/serbia.com\/?s={search_term_string}\"},\"query-input\":{\"@type\":\"PropertyValueSpecification\",\"valueRequired\":true,\"valueName\":\"search_term_string\"}}],\"inLanguage\":\"srpski\"}]}<\/script>\n<!-- \/ Yoast SEO plugin. -->","yoast_head_json":{"title":"Uvac, remek-delo prirode - Serbia.com","robots":{"index":"index","follow":"follow","max-snippet":"max-snippet:-1","max-image-preview":"max-image-preview:large","max-video-preview":"max-video-preview:-1"},"canonical":"https:\/\/serbia.com\/srpski\/posetite-srbiju\/prirodne-lepote\/jedinstvena-priroda\/uvac-remek-delo-prirode\/","og_locale":"en_US","og_type":"article","og_title":"Uvac, remek-delo prirode - Serbia.com","og_description":"Spoj nestvarnih meandara koje je priroda isklesala na naj\u010dudotvorniji na\u010din i najlep\u0161ih boja kristalno \u010diste vode jezera Uvac, brzo \u0107e vas uvesti u \u010daroliju koju ovaj specijalni rezervat nesebi\u010dno nudi. [&hellip;]","og_url":"https:\/\/serbia.com\/srpski\/posetite-srbiju\/prirodne-lepote\/jedinstvena-priroda\/uvac-remek-delo-prirode\/","og_site_name":"Serbia.com","article_modified_time":"2024-10-20T18:09:35+00:00","og_image":[{"width":1400,"height":746,"url":"https:\/\/serbia.com\/wp-content\/uploads\/2015\/03\/jezero-zlatar-Uvac111.jpg","type":"image\/jpeg"}],"twitter_misc":{"Est. reading time":"5 minutes"},"schema":{"@context":"https:\/\/schema.org","@graph":[{"@type":"WebPage","@id":"https:\/\/serbia.com\/srpski\/posetite-srbiju\/prirodne-lepote\/jedinstvena-priroda\/uvac-remek-delo-prirode\/","url":"https:\/\/serbia.com\/srpski\/posetite-srbiju\/prirodne-lepote\/jedinstvena-priroda\/uvac-remek-delo-prirode\/","name":"Uvac, remek-delo prirode - Serbia.com","isPartOf":{"@id":"https:\/\/serbia.com\/#website"},"primaryImageOfPage":{"@id":"https:\/\/serbia.com\/srpski\/posetite-srbiju\/prirodne-lepote\/jedinstvena-priroda\/uvac-remek-delo-prirode\/#primaryimage"},"image":{"@id":"https:\/\/serbia.com\/srpski\/posetite-srbiju\/prirodne-lepote\/jedinstvena-priroda\/uvac-remek-delo-prirode\/#primaryimage"},"thumbnailUrl":"https:\/\/serbia.com\/wp-content\/uploads\/2015\/03\/jezero-zlatar-Uvac111.jpg","datePublished":"2015-06-01T10:49:52+00:00","dateModified":"2024-10-20T18:09:35+00:00","breadcrumb":{"@id":"https:\/\/serbia.com\/srpski\/posetite-srbiju\/prirodne-lepote\/jedinstvena-priroda\/uvac-remek-delo-prirode\/#breadcrumb"},"inLanguage":"srpski","potentialAction":[{"@type":"ReadAction","target":["https:\/\/serbia.com\/srpski\/posetite-srbiju\/prirodne-lepote\/jedinstvena-priroda\/uvac-remek-delo-prirode\/"]}]},{"@type":"ImageObject","inLanguage":"srpski","@id":"https:\/\/serbia.com\/srpski\/posetite-srbiju\/prirodne-lepote\/jedinstvena-priroda\/uvac-remek-delo-prirode\/#primaryimage","url":"https:\/\/serbia.com\/wp-content\/uploads\/2015\/03\/jezero-zlatar-Uvac111.jpg","contentUrl":"https:\/\/serbia.com\/wp-content\/uploads\/2015\/03\/jezero-zlatar-Uvac111.jpg","width":1400,"height":746},{"@type":"BreadcrumbList","@id":"https:\/\/serbia.com\/srpski\/posetite-srbiju\/prirodne-lepote\/jedinstvena-priroda\/uvac-remek-delo-prirode\/#breadcrumb","itemListElement":[{"@type":"ListItem","position":1,"name":"Home","item":"https:\/\/serbia.com\/srpski\/"},{"@type":"ListItem","position":2,"name":"Poseti Srbiju","item":"https:\/\/serbia.com\/srpski\/posetite-srbiju\/"},{"@type":"ListItem","position":3,"name":"Prirodne lepote","item":"https:\/\/serbia.com\/srpski\/posetite-srbiju\/prirodne-lepote\/"},{"@type":"ListItem","position":4,"name":"Jedinstvena priroda","item":"https:\/\/serbia.com\/srpski\/posetite-srbiju\/prirodne-lepote\/jedinstvena-priroda\/"},{"@type":"ListItem","position":5,"name":"Uvac, remek-delo prirode"}]},{"@type":"WebSite","@id":"https:\/\/serbia.com\/#website","url":"https:\/\/serbia.com\/","name":"Serbia.com","description":"Your Gateway to Serbia","potentialAction":[{"@type":"SearchAction","target":{"@type":"EntryPoint","urlTemplate":"https:\/\/serbia.com\/?s={search_term_string}"},"query-input":{"@type":"PropertyValueSpecification","valueRequired":true,"valueName":"search_term_string"}}],"inLanguage":"srpski"}]}},"_links":{"self":[{"href":"https:\/\/serbia.com\/srpski\/wp-json\/wp\/v2\/pages\/33161"}],"collection":[{"href":"https:\/\/serbia.com\/srpski\/wp-json\/wp\/v2\/pages"}],"about":[{"href":"https:\/\/serbia.com\/srpski\/wp-json\/wp\/v2\/types\/page"}],"author":[{"embeddable":true,"href":"https:\/\/serbia.com\/srpski\/wp-json\/wp\/v2\/users\/27"}],"replies":[{"embeddable":true,"href":"https:\/\/serbia.com\/srpski\/wp-json\/wp\/v2\/comments?post=33161"}],"version-history":[{"count":1,"href":"https:\/\/serbia.com\/srpski\/wp-json\/wp\/v2\/pages\/33161\/revisions"}],"predecessor-version":[{"id":55754,"href":"https:\/\/serbia.com\/srpski\/wp-json\/wp\/v2\/pages\/33161\/revisions\/55754"}],"up":[{"embeddable":true,"href":"https:\/\/serbia.com\/srpski\/wp-json\/wp\/v2\/pages\/20470"}],"wp:featuredmedia":[{"embeddable":true,"href":"https:\/\/serbia.com\/srpski\/wp-json\/wp\/v2\/media\/30273"}],"wp:attachment":[{"href":"https:\/\/serbia.com\/srpski\/wp-json\/wp\/v2\/media?parent=33161"}],"wp:term":[{"taxonomy":"category","embeddable":true,"href":"https:\/\/serbia.com\/srpski\/wp-json\/wp\/v2\/categories?post=33161"},{"taxonomy":"post_tag","embeddable":true,"href":"https:\/\/serbia.com\/srpski\/wp-json\/wp\/v2\/tags?post=33161"}],"curies":[{"name":"wp","href":"https:\/\/api.w.org\/{rel}","templated":true}]}}