{"id":33127,"date":"2015-06-01T11:37:02","date_gmt":"2015-06-01T09:37:02","guid":{"rendered":"http:\/\/www.serbia.com\/?page_id=33127"},"modified":"2024-10-20T20:08:17","modified_gmt":"2024-10-20T18:08:17","slug":"potpecka-pecina-remek-delo-reka-ponornica","status":"publish","type":"page","link":"https:\/\/serbia.com\/srpski\/posetite-srbiju\/prirodne-lepote\/pecine\/potpecka-pecina-remek-delo-reka-ponornica\/","title":{"rendered":"Potpe\u0107ka pe\u0107ina, remek delo reka ponornica"},"content":{"rendered":"<h4>Potpe\u0107ka pe\u0107ina bila je naseljena jo\u0161 u vreme neolita, a stvorile su je vode reka ponornica. Njeni ornamenti spadaju me\u0111u retke u kra\u0161kim pe\u0107inama<\/h4>\n<p>Ako verujete da potkovica donosi sre\u0107u, Potpe\u0107ka pe\u0107ina, <strong>spomenik prirode i najzna\u010dajniji speleolo\u0161ki lokalitet u zapadnoj Srbiji<\/strong>, predstavlja\u0107e vam posebno u\u017eivanje i to upravo zato \u0161to je ulaz u ovu pe\u0107inu, koju su sagradile vode reka ponornica, ba\u0161 u obliku potkovice.<\/p>\n<p>Potpe\u0107ka pe\u0107ina se nalazi u <strong>selu Potpe\u0107e<\/strong> nadomak <strong><a href=\"http:\/\/www.serbia.com\/srpski\/24-sata-u-uzicu\/\" target=\"_blank\" rel=\"noopener\">U\u017eica<\/a><\/strong>, sa desne strane Zapadne <a href=\"http:\/\/www.serbia.com\/srpski\/posetite-srbiju\/prirodne-lepote\/reke-i-jezera\/morava-kolevka-srpske-drzave\/\" target=\"_blank\" rel=\"noopener\">Morave<\/a>, blizu magistralnog puta, ali ipak daleko od znati\u017eeljnih pogleda. Jedna je od sedam pe\u0107ina u Srbiji koje su ure\u0111ene za turiste. Ulaz, <strong>jedan od najve\u0107ih pe\u0107inskih ulaza na Balkanu<\/strong>, <strong>visok je vi\u0161e od 50 metara, \u0161irok 12 metara pri dnu i 22 metra pri vrhu, i spada u \u010duda prirode.<\/strong><\/p>\n<p>U pe\u0107ini se nalazi 555 metara ure\u0111enih staza, do kojih se mo\u017ee do\u0107i spu\u0161tanjem niz 700 stepenika. Interesantno je da ova pe\u0107ina nema svoje pravo ime, a njen naziv \u201cPotpe\u0107ka\u201d, navodno poti\u010de od sela pokraj koga prolazi koje je, opet, dobilo naziv po pe\u0107ini \u2013 <em>\u201cselo pod pe\u0107inom\u201d<\/em>.<\/p>\n<p>Potpe\u0107ka pe\u0107ina spada u tzv. izvorske, jer su je sagradile vode reka ponornica koje poniru u <strong>Dre\u017eni\u010dkoj kotlin<\/strong>i i posle podzemnog toka izbijaju iz pe\u0107ine ili iz vrela ispred pe\u0107ine, grade\u0107i dva kilometra dugu pe\u0107insku <strong>reku Petnicu<\/strong>. Pe\u0107ina ima dva sprata kanala: stariji, nazvan <strong>Gornja pe\u0107ina<\/strong>, i mla\u0111i \u2013 <strong>Donja pe\u0107ina<\/strong>.<\/p>\n<figure id=\"attachment_33123\" aria-describedby=\"caption-attachment-33123\" style=\"width: 800px\" class=\"wp-caption aligncenter\"><img loading=\"lazy\" decoding=\"async\" class=\"wp-image-33123\" src=\"http:\/\/www.serbia.com\/wp-content\/uploads\/2015\/06\/potpece333.jpg\" alt=\"potpece333\" width=\"800\" height=\"367\" srcset=\"https:\/\/serbia.com\/wp-content\/uploads\/2015\/06\/potpece333.jpg 1025w, https:\/\/serbia.com\/wp-content\/uploads\/2015\/06\/potpece333-300x138.jpg 300w, https:\/\/serbia.com\/wp-content\/uploads\/2015\/06\/potpece333-1024x470.jpg 1024w\" sizes=\"auto, (max-width: 800px) 100vw, 800px\" \/><figcaption id=\"caption-attachment-33123\" class=\"wp-caption-text\">Ulaz u Potpe\u0107ku pe\u0107inu<\/figcaption><\/figure>\n<p>Gornjim delom je nekada proticala reka i pravila vodopad, dok je donji deo bio naseljen. Kada je taj zid izme\u0111u spratova uru\u0161en pod teretom vode, reka je potekla donjim delom, a ljudi su se, uz svakodnevnu borbu sa stenama, preselili u gornji nivo, ali su i njega, zbog te\u0161kog pristupa, ubrzo napustili.<\/p>\n<p>Postoje dokazi da je Potpe\u0107ka pe\u0107ina bila naseljena ljudima u vreme neolita, a u njoj su prona\u0111eni arheolo\u0161ki ostaci keramike, obra\u0111eni jelenski rogovi, kameno oru\u0111e i oru\u017eje. Iskopani su i urezani krstovi prekriveni kalcitom koji se stvara veoma sporo pa se smatra da su se Srbi skrivali u njoj za vreme turske vladavine. Tome u prilog idu i prona\u0111ene ljudske kosti.<\/p>\n<p>Potpe\u0107ka pe\u0107ina, u kojoj srednja godi\u0161nja temperatura iznosi oko 9 stepeni, obiluje stalaktitima i stalagmitima za koje stru\u010dnjaci ka\u017eu da spadaju me\u0111u retke u kra\u0161kim pe\u0107inama. Ovi, milenijumima vajani pe\u0107inski ukrasi, nose nazive: <strong>\u201cKalem\u201d<\/strong>, <strong>\u201cOktopod\u201d<\/strong>, <strong>\u201ePalma\u201c<\/strong>, <strong>\u201eSne\u017eana i sedam patuljaka\u201c<\/strong>, dok je jedna dvorana nazvana <strong>\u201eJovan Cviji\u0107 i speleolozi\u201c<\/strong>.<\/p>\n<p>Tako\u0111e, bela stalagmitska providna draperija je nazvana <strong>\u201eNevestinski veo<\/strong>\u201c, stub visok 3,5 metra dobio je ime <strong>\u201cDon Kihot\u201c<\/strong>, dok se u pe\u0107ini nalaze i <strong>\u201eSala makarona\u201c<\/strong>, <strong>\u201eZmajeva dvorana\u201c<\/strong>; <strong>\u201eProlaz slepih mi\u0161eva\u201c<\/strong>\u2026<\/p>\n<p>Brojni posetioci danas u udubljenju u glavnom hodniku Potpe\u0107ke pe\u0107ine ostavljaju sitan novac \u2013 ,,za sre\u0107u\u201c.<\/p>\n<h4>Gde je Potpe\u0107ka pe\u0107ina i kako do nje do\u0107i?<\/h4>\n<p>Do ove pe\u0107ine neobi\u010dnog oblika, iz pravca <a href=\"http:\/\/www.serbia.com\/srpski\/posetite-srbiju\/gradovi\/beograd\/\" target=\"_blank\" rel=\"noopener\">Beograda<\/a>, mo\u017eete do\u0107i magistralnim putem za Crnu Goru, gde na pola puta izme\u0111u <a href=\"http:\/\/www.serbia.com\/srpski\/pozega-grad-sa-jednim-od-najneobicnijih-trgova-u-evropi\/\" target=\"_blank\" rel=\"noopener\">Po\u017eege<\/a> i <a href=\"http:\/\/www.serbia.com\/srpski\/24-sata-u-uzicu\/\" target=\"_blank\" rel=\"noopener\">U\u017eica<\/a> (izme\u0111u sela Uzi\u0107i i Gorjani), u neposrednoj blizini \u017eelezni\u010dkog stajalista Uzi\u0107i skrenete sa magistrale, a odatle vas asfaltni put vodi do pe\u0107ine.<\/p>\n<p>Kroz ovaj deo zemlje prolazi i \u017eeleznica, pa je mogu\u0107e do\u0107i i vozom. Ako dolazite autobusom, preporu\u010dujemo da idete do U\u017eica ili Po\u017eege, odakle mo\u017eete uzeti lokalni autobus ili taksi.<\/p>\n<h4>Kada ste ovde, ne propustite\u2026<\/h4>\n<p>Da odete do <a href=\"http:\/\/www.serbia.com\/srpski\/posetite-srbiju\/prirodne-lepote\/planine\/zlatibor-ukras-na-1-000-metara-visine\/\" target=\"_blank\" rel=\"noopener\"><strong>Zlatibora<\/strong><\/a> i dopustite da vas o\u010dara jedna od najlep\u0161ih <a href=\"http:\/\/www.serbia.com\/srpski\/posetite-srbiju\/prirodne-lepote\/planine\/\" target=\"_blank\" rel=\"noopener\">planina Srbije<\/a>. Ako odlu\u010dite da ostanete, ovde vas osim idili\u010dnih pejza\u017ea o\u010dekuje dobar no\u0107ni \u017eivot i odli\u010dna tradicionalna kuhinja u okviru koje ne smete zaobi\u0107i <strong>pr\u0161utu<\/strong>, <a href=\"http:\/\/www.serbia.com\/srpski\/kajmak-nezamenljivo-dobar-3\/\"><strong>kajmak<\/strong><\/a>, <strong>kiselo mleko<\/strong> i <strong><a href=\"http:\/\/www.serbia.com\/srpski\/njeno-visocanstvo-komplet-lepinja\/\" target=\"_blank\" rel=\"noopener\">komplet lepinju<\/a><\/strong>.<\/p>\n<p>Iz ovog kraja ne bi trebalo oti\u0107i, a ne videti mesta kao \u0161to su: muzej na otvorenom \u2013 <strong><a href=\"http:\/\/www.serbia.com\/srpski\/etno-selo-u-sirogojnu-jedinstveni-muzej-na-otvorenom\/\" target=\"_blank\" rel=\"noopener\">staro selo Sirogojno<\/a><\/strong>, <a href=\"http:\/\/www.serbia.com\/srpski\/posetite-srbiju\/prirodne-lepote\/planine\/mokra-gora-inspiracija-umetnosti-i-stvaralastva\/\" target=\"_blank\" rel=\"noopener\"><strong>Mokra Gora<\/strong><\/a> i <strong><a href=\"http:\/\/www.serbia.com\/srpski\/sarganska-osmica-romanticna-voznja-kroz-proslost\/\" target=\"_blank\" rel=\"noopener\">\u0160arganska osmica<\/a><\/strong> kojom \u0107e vas provozati stari<strong> voz \u201c\u0106ira\u201d<\/strong>.<\/p>\n<p>Ako se na\u0111ete ovde u julu, ne propustite <strong>Zlatiborski sabor truba\u010da<\/strong> koji tradicionalno okuplja najbolje truba\u010de iz zlatiborskog kraja i veliki broj gostiju iz zemlje i sveta, kao predtakmi\u010denje za <a href=\"http:\/\/www.serbia.com\/srpski\/posetite-srbiju\/kulturne-atrakcije\/festivali-i-manifestacije\/guca-festival-trube-i-dobrog-provoda\/\" target=\"_blank\" rel=\"noopener\"><strong>Sabor truba\u010da u Gu\u010di<\/strong><\/a> udaljenoj 43 km od Zlatibora. Ovaj festival trube se tako\u0111e odr\u017eava krajem jula.<\/p>\n<p>U januaru se na Mokroj Gori odr\u017eava <strong><a href=\"http:\/\/www.serbia.com\/srpski\/danas-pocinje-kustendorf\/\" target=\"_blank\" rel=\"noopener\">Kustendorf<\/a><\/strong>, festival filma i muzike koji je osmislio poznati reditelj <a href=\"http:\/\/www.serbia.com\/srpski\/emir-kusturica-umetnik-graditelj-i-antiglobalista-2\/\" target=\"_blank\" rel=\"noopener\"><strong>Emir Kusturica<\/strong><\/a>.<\/p>\n<p>Ako ste ljubitelj dobrog mesa, a u ovom kraju se na\u0111ete sredinom januara, ne propustite <strong>\u201cPr\u0161utijadu\u201c<\/strong>, koja se odr\u017eava u zlatiborskom selu Ma\u010dkat.<\/p>\n","protected":false},"excerpt":{"rendered":"<p>Potpe\u0107ka pe\u0107ina bila je naseljena jo\u0161 u vreme neolita, a stvorile su je vode reka ponornica. Njeni ornamenti spadaju me\u0111u retke u kra\u0161kim pe\u0107inama Ako verujete da potkovica donosi sre\u0107u, [&hellip;]<\/p>\n","protected":false},"author":27,"featured_media":33121,"parent":20461,"menu_order":0,"comment_status":"closed","ping_status":"closed","template":"","meta":{"_acf_changed":false,"inline_featured_image":false,"_monsterinsights_skip_tracking":false,"_monsterinsights_sitenote_active":false,"_monsterinsights_sitenote_note":"","_monsterinsights_sitenote_category":0,"footnotes":""},"categories":[1658],"tags":[],"class_list":["post-33127","page","type-page","status-publish","has-post-thumbnail","hentry","category-pecine"],"acf":[],"yoast_head":"<!-- This site is optimized with the Yoast SEO plugin v27.4 - https:\/\/yoast.com\/product\/yoast-seo-wordpress\/ -->\n<title>Potpe\u0107ka pe\u0107ina, remek delo reka ponornica - Serbia.com<\/title>\n<meta name=\"robots\" content=\"index, follow, max-snippet:-1, max-image-preview:large, max-video-preview:-1\" \/>\n<link rel=\"canonical\" href=\"https:\/\/serbia.com\/srpski\/posetite-srbiju\/prirodne-lepote\/pecine\/potpecka-pecina-remek-delo-reka-ponornica\/\" \/>\n<meta property=\"og:locale\" content=\"en_US\" \/>\n<meta property=\"og:type\" content=\"article\" \/>\n<meta property=\"og:title\" content=\"Potpe\u0107ka pe\u0107ina, remek delo reka ponornica - Serbia.com\" \/>\n<meta property=\"og:description\" content=\"Potpe\u0107ka pe\u0107ina bila je naseljena jo\u0161 u vreme neolita, a stvorile su je vode reka ponornica. Njeni ornamenti spadaju me\u0111u retke u kra\u0161kim pe\u0107inama Ako verujete da potkovica donosi sre\u0107u, [&hellip;]\" \/>\n<meta property=\"og:url\" content=\"https:\/\/serbia.com\/srpski\/posetite-srbiju\/prirodne-lepote\/pecine\/potpecka-pecina-remek-delo-reka-ponornica\/\" \/>\n<meta property=\"og:site_name\" content=\"Serbia.com\" \/>\n<meta property=\"article:modified_time\" content=\"2024-10-20T18:08:17+00:00\" \/>\n<meta property=\"og:image\" content=\"https:\/\/serbia.com\/wp-content\/uploads\/2015\/06\/potpece222.jpg\" \/>\n\t<meta property=\"og:image:width\" content=\"1459\" \/>\n\t<meta property=\"og:image:height\" content=\"724\" \/>\n\t<meta property=\"og:image:type\" content=\"image\/jpeg\" \/>\n<meta name=\"twitter:label1\" content=\"Est. reading time\" \/>\n\t<meta name=\"twitter:data1\" content=\"4 minutes\" \/>\n<script type=\"application\/ld+json\" class=\"yoast-schema-graph\">{\"@context\":\"https:\\\/\\\/schema.org\",\"@graph\":[{\"@type\":\"WebPage\",\"@id\":\"https:\\\/\\\/serbia.com\\\/srpski\\\/posetite-srbiju\\\/prirodne-lepote\\\/pecine\\\/potpecka-pecina-remek-delo-reka-ponornica\\\/\",\"url\":\"https:\\\/\\\/serbia.com\\\/srpski\\\/posetite-srbiju\\\/prirodne-lepote\\\/pecine\\\/potpecka-pecina-remek-delo-reka-ponornica\\\/\",\"name\":\"Potpe\u0107ka pe\u0107ina, remek delo reka ponornica - Serbia.com\",\"isPartOf\":{\"@id\":\"https:\\\/\\\/serbia.com\\\/#website\"},\"primaryImageOfPage\":{\"@id\":\"https:\\\/\\\/serbia.com\\\/srpski\\\/posetite-srbiju\\\/prirodne-lepote\\\/pecine\\\/potpecka-pecina-remek-delo-reka-ponornica\\\/#primaryimage\"},\"image\":{\"@id\":\"https:\\\/\\\/serbia.com\\\/srpski\\\/posetite-srbiju\\\/prirodne-lepote\\\/pecine\\\/potpecka-pecina-remek-delo-reka-ponornica\\\/#primaryimage\"},\"thumbnailUrl\":\"https:\\\/\\\/serbia.com\\\/wp-content\\\/uploads\\\/2015\\\/06\\\/potpece222.jpg\",\"datePublished\":\"2015-06-01T09:37:02+00:00\",\"dateModified\":\"2024-10-20T18:08:17+00:00\",\"breadcrumb\":{\"@id\":\"https:\\\/\\\/serbia.com\\\/srpski\\\/posetite-srbiju\\\/prirodne-lepote\\\/pecine\\\/potpecka-pecina-remek-delo-reka-ponornica\\\/#breadcrumb\"},\"inLanguage\":\"srpski\",\"potentialAction\":[{\"@type\":\"ReadAction\",\"target\":[\"https:\\\/\\\/serbia.com\\\/srpski\\\/posetite-srbiju\\\/prirodne-lepote\\\/pecine\\\/potpecka-pecina-remek-delo-reka-ponornica\\\/\"]}]},{\"@type\":\"ImageObject\",\"inLanguage\":\"srpski\",\"@id\":\"https:\\\/\\\/serbia.com\\\/srpski\\\/posetite-srbiju\\\/prirodne-lepote\\\/pecine\\\/potpecka-pecina-remek-delo-reka-ponornica\\\/#primaryimage\",\"url\":\"https:\\\/\\\/serbia.com\\\/wp-content\\\/uploads\\\/2015\\\/06\\\/potpece222.jpg\",\"contentUrl\":\"https:\\\/\\\/serbia.com\\\/wp-content\\\/uploads\\\/2015\\\/06\\\/potpece222.jpg\",\"width\":1459,\"height\":724},{\"@type\":\"BreadcrumbList\",\"@id\":\"https:\\\/\\\/serbia.com\\\/srpski\\\/posetite-srbiju\\\/prirodne-lepote\\\/pecine\\\/potpecka-pecina-remek-delo-reka-ponornica\\\/#breadcrumb\",\"itemListElement\":[{\"@type\":\"ListItem\",\"position\":1,\"name\":\"Home\",\"item\":\"https:\\\/\\\/serbia.com\\\/srpski\\\/srbija\\\/\"},{\"@type\":\"ListItem\",\"position\":2,\"name\":\"Poseti Srbiju\",\"item\":\"https:\\\/\\\/serbia.com\\\/srpski\\\/posetite-srbiju\\\/\"},{\"@type\":\"ListItem\",\"position\":3,\"name\":\"Prirodne lepote\",\"item\":\"https:\\\/\\\/serbia.com\\\/srpski\\\/posetite-srbiju\\\/prirodne-lepote\\\/\"},{\"@type\":\"ListItem\",\"position\":4,\"name\":\"Pe\u0107ine\",\"item\":\"https:\\\/\\\/serbia.com\\\/srpski\\\/posetite-srbiju\\\/prirodne-lepote\\\/pecine\\\/\"},{\"@type\":\"ListItem\",\"position\":5,\"name\":\"Potpe\u0107ka pe\u0107ina, remek delo reka ponornica\"}]},{\"@type\":\"WebSite\",\"@id\":\"https:\\\/\\\/serbia.com\\\/#website\",\"url\":\"https:\\\/\\\/serbia.com\\\/\",\"name\":\"Serbia.com\",\"description\":\"Your Gateway to Serbia\",\"potentialAction\":[{\"@type\":\"SearchAction\",\"target\":{\"@type\":\"EntryPoint\",\"urlTemplate\":\"https:\\\/\\\/serbia.com\\\/?s={search_term_string}\"},\"query-input\":{\"@type\":\"PropertyValueSpecification\",\"valueRequired\":true,\"valueName\":\"search_term_string\"}}],\"inLanguage\":\"srpski\"}]}<\/script>\n<!-- \/ Yoast SEO plugin. -->","yoast_head_json":{"title":"Potpe\u0107ka pe\u0107ina, remek delo reka ponornica - Serbia.com","robots":{"index":"index","follow":"follow","max-snippet":"max-snippet:-1","max-image-preview":"max-image-preview:large","max-video-preview":"max-video-preview:-1"},"canonical":"https:\/\/serbia.com\/srpski\/posetite-srbiju\/prirodne-lepote\/pecine\/potpecka-pecina-remek-delo-reka-ponornica\/","og_locale":"en_US","og_type":"article","og_title":"Potpe\u0107ka pe\u0107ina, remek delo reka ponornica - Serbia.com","og_description":"Potpe\u0107ka pe\u0107ina bila je naseljena jo\u0161 u vreme neolita, a stvorile su je vode reka ponornica. Njeni ornamenti spadaju me\u0111u retke u kra\u0161kim pe\u0107inama Ako verujete da potkovica donosi sre\u0107u, [&hellip;]","og_url":"https:\/\/serbia.com\/srpski\/posetite-srbiju\/prirodne-lepote\/pecine\/potpecka-pecina-remek-delo-reka-ponornica\/","og_site_name":"Serbia.com","article_modified_time":"2024-10-20T18:08:17+00:00","og_image":[{"width":1459,"height":724,"url":"https:\/\/serbia.com\/wp-content\/uploads\/2015\/06\/potpece222.jpg","type":"image\/jpeg"}],"twitter_misc":{"Est. reading time":"4 minutes"},"schema":{"@context":"https:\/\/schema.org","@graph":[{"@type":"WebPage","@id":"https:\/\/serbia.com\/srpski\/posetite-srbiju\/prirodne-lepote\/pecine\/potpecka-pecina-remek-delo-reka-ponornica\/","url":"https:\/\/serbia.com\/srpski\/posetite-srbiju\/prirodne-lepote\/pecine\/potpecka-pecina-remek-delo-reka-ponornica\/","name":"Potpe\u0107ka pe\u0107ina, remek delo reka ponornica - Serbia.com","isPartOf":{"@id":"https:\/\/serbia.com\/#website"},"primaryImageOfPage":{"@id":"https:\/\/serbia.com\/srpski\/posetite-srbiju\/prirodne-lepote\/pecine\/potpecka-pecina-remek-delo-reka-ponornica\/#primaryimage"},"image":{"@id":"https:\/\/serbia.com\/srpski\/posetite-srbiju\/prirodne-lepote\/pecine\/potpecka-pecina-remek-delo-reka-ponornica\/#primaryimage"},"thumbnailUrl":"https:\/\/serbia.com\/wp-content\/uploads\/2015\/06\/potpece222.jpg","datePublished":"2015-06-01T09:37:02+00:00","dateModified":"2024-10-20T18:08:17+00:00","breadcrumb":{"@id":"https:\/\/serbia.com\/srpski\/posetite-srbiju\/prirodne-lepote\/pecine\/potpecka-pecina-remek-delo-reka-ponornica\/#breadcrumb"},"inLanguage":"srpski","potentialAction":[{"@type":"ReadAction","target":["https:\/\/serbia.com\/srpski\/posetite-srbiju\/prirodne-lepote\/pecine\/potpecka-pecina-remek-delo-reka-ponornica\/"]}]},{"@type":"ImageObject","inLanguage":"srpski","@id":"https:\/\/serbia.com\/srpski\/posetite-srbiju\/prirodne-lepote\/pecine\/potpecka-pecina-remek-delo-reka-ponornica\/#primaryimage","url":"https:\/\/serbia.com\/wp-content\/uploads\/2015\/06\/potpece222.jpg","contentUrl":"https:\/\/serbia.com\/wp-content\/uploads\/2015\/06\/potpece222.jpg","width":1459,"height":724},{"@type":"BreadcrumbList","@id":"https:\/\/serbia.com\/srpski\/posetite-srbiju\/prirodne-lepote\/pecine\/potpecka-pecina-remek-delo-reka-ponornica\/#breadcrumb","itemListElement":[{"@type":"ListItem","position":1,"name":"Home","item":"https:\/\/serbia.com\/srpski\/srbija\/"},{"@type":"ListItem","position":2,"name":"Poseti Srbiju","item":"https:\/\/serbia.com\/srpski\/posetite-srbiju\/"},{"@type":"ListItem","position":3,"name":"Prirodne lepote","item":"https:\/\/serbia.com\/srpski\/posetite-srbiju\/prirodne-lepote\/"},{"@type":"ListItem","position":4,"name":"Pe\u0107ine","item":"https:\/\/serbia.com\/srpski\/posetite-srbiju\/prirodne-lepote\/pecine\/"},{"@type":"ListItem","position":5,"name":"Potpe\u0107ka pe\u0107ina, remek delo reka ponornica"}]},{"@type":"WebSite","@id":"https:\/\/serbia.com\/#website","url":"https:\/\/serbia.com\/","name":"Serbia.com","description":"Your Gateway to Serbia","potentialAction":[{"@type":"SearchAction","target":{"@type":"EntryPoint","urlTemplate":"https:\/\/serbia.com\/?s={search_term_string}"},"query-input":{"@type":"PropertyValueSpecification","valueRequired":true,"valueName":"search_term_string"}}],"inLanguage":"srpski"}]}},"brizy_media":[],"_links":{"self":[{"href":"https:\/\/serbia.com\/srpski\/wp-json\/wp\/v2\/pages\/33127","targetHints":{"allow":["GET"]}}],"collection":[{"href":"https:\/\/serbia.com\/srpski\/wp-json\/wp\/v2\/pages"}],"about":[{"href":"https:\/\/serbia.com\/srpski\/wp-json\/wp\/v2\/types\/page"}],"author":[{"embeddable":true,"href":"https:\/\/serbia.com\/srpski\/wp-json\/wp\/v2\/users\/27"}],"replies":[{"embeddable":true,"href":"https:\/\/serbia.com\/srpski\/wp-json\/wp\/v2\/comments?post=33127"}],"version-history":[{"count":1,"href":"https:\/\/serbia.com\/srpski\/wp-json\/wp\/v2\/pages\/33127\/revisions"}],"predecessor-version":[{"id":55753,"href":"https:\/\/serbia.com\/srpski\/wp-json\/wp\/v2\/pages\/33127\/revisions\/55753"}],"up":[{"embeddable":true,"href":"https:\/\/serbia.com\/srpski\/wp-json\/wp\/v2\/pages\/20461"}],"wp:featuredmedia":[{"embeddable":true,"href":"https:\/\/serbia.com\/srpski\/wp-json\/wp\/v2\/media\/33121"}],"wp:attachment":[{"href":"https:\/\/serbia.com\/srpski\/wp-json\/wp\/v2\/media?parent=33127"}],"wp:term":[{"taxonomy":"category","embeddable":true,"href":"https:\/\/serbia.com\/srpski\/wp-json\/wp\/v2\/categories?post=33127"},{"taxonomy":"post_tag","embeddable":true,"href":"https:\/\/serbia.com\/srpski\/wp-json\/wp\/v2\/tags?post=33127"}],"curies":[{"name":"wp","href":"https:\/\/api.w.org\/{rel}","templated":true}]}}