{"id":33111,"date":"2015-06-01T11:09:47","date_gmt":"2015-06-01T09:09:47","guid":{"rendered":"http:\/\/www.serbia.com\/?page_id=33111"},"modified":"2024-10-20T20:07:31","modified_gmt":"2024-10-20T18:07:31","slug":"resavska-pecina-pogled-u-ledeno-doba","status":"publish","type":"page","link":"https:\/\/serbia.com\/srpski\/posetite-srbiju\/prirodne-lepote\/pecine\/resavska-pecina-pogled-u-ledeno-doba\/","title":{"rendered":"Resavska pe\u0107ina, pogled u ledeno doba"},"content":{"rendered":"<h4>Resavska pe\u0107ina, \u010dija se starost procenjuje na oko 80 miliona godina i \u010diji ukrasi va\u017ee za najlep\u0161e u regionu, bila je tajna lokalnih pastira sve do nedavno.<\/h4>\n<p>Resavska pe\u0107ina otkrivena je tek 1962. godine, kada ju je jedan lokalni pastir pokazao planinarima iz <strong>Svilajnca<\/strong>, posle \u010dega su je ve\u0107 iste godine speleolozi detaljno ispitali.\u00a0Deset godina kasnije, posle ozbiljnih priprema, njena unutra\u0161njost i <strong>pe\u0107inski nakit, star oko 45 miliona godina<\/strong>, postali su dostupni turistima.<\/p>\n<p><strong>Njeno stvaranje po\u010delo je pre Velikog ledenog doba<\/strong> hemijskim i mehani\u010dkim radom reke ponornice u kre\u010dnja\u010dkoj podlozi.<\/p>\n<p>Resavska pe\u0107ina je<strong>\u00a0jedna od najstarijih ali i najlep\u0161ih u Srbiji<\/strong>. Duga\u010dka je 4,5 kilometra, od \u010dega je detaljno istra\u017eeno 2.830 metara, a za posetioce je ure\u0111eno oko 800 metara.\u00a0Temperatura pe\u0107ine je konstantna i iznosi 7 stepeni Celzijusa, dok vla\u017enost vazduha varira od 80-100 odsto.<\/p>\n<p>Unutra\u0161njost pe\u0107ine obiluje brojnim i raznovrsnim dvoranama, kanalima, galerijama, stubovima, stalaktitima, stalagmitima, draperijama i okamenjenim vodopadima.<\/p>\n<p>Raznobojni nakit, po kome Resavska pe\u0107ina zaslu\u017eno nosi epitet pe\u0107inske lepotice, po\u010dinje od samog ulaza koji se nalazi na 485 metara nadmorske visine. Taj nakit, nastao rastvaranjem kalcijum karbonata i \u010dija boja zavisi od minerala kroz koji pro\u0111e voda, javlja se u tri boje \u2013 crvenoj, \u017eutoj i beloj.\u00a0Najdominantnijia je crvena boja koja poti\u010de od oksida gvo\u017e\u0111a, bela nastaje od kristalnog kalcijuma, a \u017euta od primesa gline.<\/p>\n<p>Resavska pe\u0107ina se nalazi na 20 kilometara od <a href=\"http:\/\/www.serbia.com\/srpski\/posetite-srbiju\/prirodne-lepote\/jedinstvena-priroda\/despotovac-grad-despota-stefana-lazarevica\/\" target=\"_blank\" rel=\"noopener\"><strong>Despotovca<\/strong><\/a>, u kre\u010dnja\u010dkom brdu Babina Glava, a prilikom prolaska kroz nju se\u00a0posetioci kre\u0107u spiralnom betonskom stazom u jednom smeru. Put prolazi kroz razli\u010dite dvorane na dva nivoa, a najni\u017ea ta\u010dka do koje dolaze posetioci nalazi se na 405 metara nadmorske visine.<\/p>\n<p>U gornjoj galeriji pe\u0107ine obilaze se \u010detiri dvorane \u2013 <strong>\u201dDvorana sraslih stubova ili kolonada\u201c<\/strong>, koja je ime dobila po stubovima koji su srasli od poda do tavanice, a sastoje se od kalcita \u017eu\u0107kaste boje, <strong>\u201cDvorana ko\u0161nica\u201c<\/strong>, nazvana po tri stalagmita koja podse\u0107aju na prvobitne ko\u0161nice trmke, koja ima tavanicu ispunjenu belim cev\u010dicama koje podse\u0107aju na poko\u0161enu livadu i koja je sa tre\u0107om dvoranom spojena kanalom crvenih bre\u010da koga u na\u0161oj zemlji ima samo u Resavskoj pe\u0107ini.<\/p>\n<p><strong>Kanjonski kanal je najsuvlji deo Resavske pe\u0107ine<\/strong> i ne sadr\u017ei pe\u0107inski nakit jer je tavanica od bre\u010dastog mermera koji ne propu\u0161ta vodu, ali vodi do tre\u0107e dvorane <strong>\u201cPredvorje istorije\u201c<\/strong>, nazvanoj po tome \u0161to je u njoj na\u0111en alat (kamena sekira, vrhovi kopalja), lobanja polarne lisice i ognji\u0161te praistorijskog \u010doveka.<\/p>\n<p>Kra\u0107im tunelima, koji su naknadno probijeni, dolazi se do <strong>\u201eStaze okamenjenih vodopada\u201c<\/strong>, <strong>sa \u201eOrguljama<\/strong>\u201c. Dvorana je veoma akusti\u010dna, a mogu se videti dva kristalno bela kipa nazvani &#8211;<strong>\u201dbaba\u201c<\/strong> i <strong>\u201cdeda\u201c<\/strong>.<\/p>\n<p>Du\u017ei ve\u0161ta\u010dki tunel vodi do \u010detvrte \u2013<strong> \u201cKoncertne dvorane\u201c<\/strong>, u kojoj se nalazi bogat pe\u0107inski nakit poznat kao <strong>\u201eObe\u0161ena ovca\u201c<\/strong> i <strong>\u201eStopalo slona<\/strong>\u201c. Veoma je akusti\u010dna i u njoj je jo\u0161 aktivna reka ponornica.<\/p>\n<p>U ovoj dvorani se nalazi <strong>kip majke sa detetom koji je ujedno i za\u0161titni znak Resavske pe\u0107ine<\/strong>. Ispred kipa je glavni nose\u0107i stub vi\u0161i od 30 metara i pre\u010dnika oko 27 metara, zatim bigrene kadice, <strong>\u201cAfrodita\u201d<\/strong>, <strong>\u201cKrivi toranj u Pizi\u201d<\/strong>, <strong>\u201cD\u017eamija\u201d<\/strong> i pregradni zid <strong>\u201c\u0106elekula\u201d<\/strong>.<\/p>\n<p>Resavska pe\u0107ina ima <strong>status za\u0161ti\u0107enog spomenika prirode<\/strong>, a od kulturno-istorijskih znamenitosti u njenoj blizini su manastiri Despotovac, <strong><a href=\"http:\/\/www.serbia.com\/srpski\/manastir-manasija-biser-srpske-srednjovekovne-kulture\/\" target=\"_blank\" rel=\"noopener\">Manasija<\/a><\/strong> i <strong>Ravanica<\/strong>, kao i izvor <strong>Veliko vrelo<\/strong> i vodopad <strong>Veliki buk<\/strong>.<\/p>\n<h4>Gde je Resavska pe\u0107ina i kako do nje do\u0107i?<\/h4>\n<p>Despotovac je udaljen od <a href=\"http:\/\/www.serbia.com\/srpski\/posetite-srbiju\/gradovi\/beograd\/\" target=\"_blank\" rel=\"noopener\">Beograda<\/a> 130 km, pa ukoliko dolazite svojim vozilom iz tog pravca najbolje je i\u0107i auto-putem E-75 do mesta Markovac, a zatim regionalnim putem ka Despotovcu i Svilajncu. Pravacem iz <a href=\"http:\/\/www.serbia.com\/srpski\/posetite-srbiju\/gradovi\/nis\/\" target=\"_blank\" rel=\"noopener\">Ni\u0161a<\/a>, tako\u0111e je najbolje i\u0107i auto-putem E-75 do isklju\u010denja kod \u0106uprije, a zatim regionalnim putem za Despotovac.<\/p>\n<p>Iz Beograda su \u010desti dnevni polasci za Despotovac, a ukoliko dolazite iz nekog drugog mesta i ukoliko nema direktnih polazaka, najlak\u0161e je do\u0107i do Jagodine, pa se nekim lokalnim autobusom odvesti do Despotovca.<\/p>\n<h4>Kada ste ve\u0107 ovde, ne propustite\u2026<\/h4>\n<p>Da se pro\u0161etate <strong>Despotova\u010dkom banjom<\/strong>. Despotovac je rudarski gradi\u0107 i zato posetite <strong>Rudarski muzej u Senjskom rudniku<\/strong>.<\/p>\n<p>U\u017eivajte na <strong>izvoru Resave<\/strong>, sa pogledom na atraktivne slapove.<\/p>\n<p>Foto 2: Wikimedia Commons, Laslovarga, Creative Commons \u0410\u0443\u0442\u043e\u0440\u0441\u0442\u0432\u043e-\u0414\u0435\u043b\u0438\u0442\u0438 \u043f\u043e\u0434 \u0438\u0441\u0442\u0438\u043c \u0443\u0441\u043b\u043e\u0432\u0438\u043c\u0430 3.0 Unported<\/p>\n","protected":false},"excerpt":{"rendered":"<p>Resavska pe\u0107ina, \u010dija se starost procenjuje na oko 80 miliona godina i \u010diji ukrasi va\u017ee za najlep\u0161e u regionu, bila je tajna lokalnih pastira sve do nedavno. Resavska pe\u0107ina otkrivena [&hellip;]<\/p>\n","protected":false},"author":27,"featured_media":33102,"parent":20461,"menu_order":0,"comment_status":"closed","ping_status":"closed","template":"","meta":{"_acf_changed":false,"inline_featured_image":false,"_monsterinsights_skip_tracking":false,"_monsterinsights_sitenote_active":false,"_monsterinsights_sitenote_note":"","_monsterinsights_sitenote_category":0,"footnotes":""},"categories":[1658],"tags":[],"class_list":["post-33111","page","type-page","status-publish","has-post-thumbnail","hentry","category-pecine"],"acf":[],"yoast_head":"<!-- This site is optimized with the Yoast SEO plugin v27.4 - https:\/\/yoast.com\/product\/yoast-seo-wordpress\/ -->\n<title>Resavska pe\u0107ina, pogled u ledeno doba - Serbia.com<\/title>\n<meta name=\"robots\" content=\"index, follow, max-snippet:-1, max-image-preview:large, max-video-preview:-1\" \/>\n<link rel=\"canonical\" href=\"https:\/\/serbia.com\/srpski\/posetite-srbiju\/prirodne-lepote\/pecine\/resavska-pecina-pogled-u-ledeno-doba\/\" \/>\n<meta property=\"og:locale\" content=\"en_US\" \/>\n<meta property=\"og:type\" content=\"article\" \/>\n<meta property=\"og:title\" content=\"Resavska pe\u0107ina, pogled u ledeno doba - Serbia.com\" \/>\n<meta property=\"og:description\" content=\"Resavska pe\u0107ina, \u010dija se starost procenjuje na oko 80 miliona godina i \u010diji ukrasi va\u017ee za najlep\u0161e u regionu, bila je tajna lokalnih pastira sve do nedavno. Resavska pe\u0107ina otkrivena [&hellip;]\" \/>\n<meta property=\"og:url\" content=\"https:\/\/serbia.com\/srpski\/posetite-srbiju\/prirodne-lepote\/pecine\/resavska-pecina-pogled-u-ledeno-doba\/\" \/>\n<meta property=\"og:site_name\" content=\"Serbia.com\" \/>\n<meta property=\"article:modified_time\" content=\"2024-10-20T18:07:31+00:00\" \/>\n<meta property=\"og:image\" content=\"https:\/\/serbia.com\/wp-content\/uploads\/2015\/06\/resavska1.jpg\" \/>\n\t<meta property=\"og:image:width\" content=\"1600\" \/>\n\t<meta property=\"og:image:height\" content=\"735\" \/>\n\t<meta property=\"og:image:type\" content=\"image\/jpeg\" \/>\n<meta name=\"twitter:label1\" content=\"Est. reading time\" \/>\n\t<meta name=\"twitter:data1\" content=\"4 minutes\" \/>\n<script type=\"application\/ld+json\" class=\"yoast-schema-graph\">{\"@context\":\"https:\\\/\\\/schema.org\",\"@graph\":[{\"@type\":\"WebPage\",\"@id\":\"https:\\\/\\\/serbia.com\\\/srpski\\\/posetite-srbiju\\\/prirodne-lepote\\\/pecine\\\/resavska-pecina-pogled-u-ledeno-doba\\\/\",\"url\":\"https:\\\/\\\/serbia.com\\\/srpski\\\/posetite-srbiju\\\/prirodne-lepote\\\/pecine\\\/resavska-pecina-pogled-u-ledeno-doba\\\/\",\"name\":\"Resavska pe\u0107ina, pogled u ledeno doba - Serbia.com\",\"isPartOf\":{\"@id\":\"https:\\\/\\\/serbia.com\\\/#website\"},\"primaryImageOfPage\":{\"@id\":\"https:\\\/\\\/serbia.com\\\/srpski\\\/posetite-srbiju\\\/prirodne-lepote\\\/pecine\\\/resavska-pecina-pogled-u-ledeno-doba\\\/#primaryimage\"},\"image\":{\"@id\":\"https:\\\/\\\/serbia.com\\\/srpski\\\/posetite-srbiju\\\/prirodne-lepote\\\/pecine\\\/resavska-pecina-pogled-u-ledeno-doba\\\/#primaryimage\"},\"thumbnailUrl\":\"https:\\\/\\\/serbia.com\\\/wp-content\\\/uploads\\\/2015\\\/06\\\/resavska1.jpg\",\"datePublished\":\"2015-06-01T09:09:47+00:00\",\"dateModified\":\"2024-10-20T18:07:31+00:00\",\"breadcrumb\":{\"@id\":\"https:\\\/\\\/serbia.com\\\/srpski\\\/posetite-srbiju\\\/prirodne-lepote\\\/pecine\\\/resavska-pecina-pogled-u-ledeno-doba\\\/#breadcrumb\"},\"inLanguage\":\"srpski\",\"potentialAction\":[{\"@type\":\"ReadAction\",\"target\":[\"https:\\\/\\\/serbia.com\\\/srpski\\\/posetite-srbiju\\\/prirodne-lepote\\\/pecine\\\/resavska-pecina-pogled-u-ledeno-doba\\\/\"]}]},{\"@type\":\"ImageObject\",\"inLanguage\":\"srpski\",\"@id\":\"https:\\\/\\\/serbia.com\\\/srpski\\\/posetite-srbiju\\\/prirodne-lepote\\\/pecine\\\/resavska-pecina-pogled-u-ledeno-doba\\\/#primaryimage\",\"url\":\"https:\\\/\\\/serbia.com\\\/wp-content\\\/uploads\\\/2015\\\/06\\\/resavska1.jpg\",\"contentUrl\":\"https:\\\/\\\/serbia.com\\\/wp-content\\\/uploads\\\/2015\\\/06\\\/resavska1.jpg\",\"width\":1600,\"height\":735},{\"@type\":\"BreadcrumbList\",\"@id\":\"https:\\\/\\\/serbia.com\\\/srpski\\\/posetite-srbiju\\\/prirodne-lepote\\\/pecine\\\/resavska-pecina-pogled-u-ledeno-doba\\\/#breadcrumb\",\"itemListElement\":[{\"@type\":\"ListItem\",\"position\":1,\"name\":\"Home\",\"item\":\"https:\\\/\\\/serbia.com\\\/srpski\\\/\"},{\"@type\":\"ListItem\",\"position\":2,\"name\":\"Poseti Srbiju\",\"item\":\"https:\\\/\\\/serbia.com\\\/srpski\\\/posetite-srbiju\\\/\"},{\"@type\":\"ListItem\",\"position\":3,\"name\":\"Prirodne lepote\",\"item\":\"https:\\\/\\\/serbia.com\\\/srpski\\\/posetite-srbiju\\\/prirodne-lepote\\\/\"},{\"@type\":\"ListItem\",\"position\":4,\"name\":\"Pe\u0107ine\",\"item\":\"https:\\\/\\\/serbia.com\\\/srpski\\\/posetite-srbiju\\\/prirodne-lepote\\\/pecine\\\/\"},{\"@type\":\"ListItem\",\"position\":5,\"name\":\"Resavska pe\u0107ina, pogled u ledeno doba\"}]},{\"@type\":\"WebSite\",\"@id\":\"https:\\\/\\\/serbia.com\\\/#website\",\"url\":\"https:\\\/\\\/serbia.com\\\/\",\"name\":\"Serbia.com\",\"description\":\"Your Gateway to Serbia\",\"potentialAction\":[{\"@type\":\"SearchAction\",\"target\":{\"@type\":\"EntryPoint\",\"urlTemplate\":\"https:\\\/\\\/serbia.com\\\/?s={search_term_string}\"},\"query-input\":{\"@type\":\"PropertyValueSpecification\",\"valueRequired\":true,\"valueName\":\"search_term_string\"}}],\"inLanguage\":\"srpski\"}]}<\/script>\n<!-- \/ Yoast SEO plugin. -->","yoast_head_json":{"title":"Resavska pe\u0107ina, pogled u ledeno doba - Serbia.com","robots":{"index":"index","follow":"follow","max-snippet":"max-snippet:-1","max-image-preview":"max-image-preview:large","max-video-preview":"max-video-preview:-1"},"canonical":"https:\/\/serbia.com\/srpski\/posetite-srbiju\/prirodne-lepote\/pecine\/resavska-pecina-pogled-u-ledeno-doba\/","og_locale":"en_US","og_type":"article","og_title":"Resavska pe\u0107ina, pogled u ledeno doba - Serbia.com","og_description":"Resavska pe\u0107ina, \u010dija se starost procenjuje na oko 80 miliona godina i \u010diji ukrasi va\u017ee za najlep\u0161e u regionu, bila je tajna lokalnih pastira sve do nedavno. Resavska pe\u0107ina otkrivena [&hellip;]","og_url":"https:\/\/serbia.com\/srpski\/posetite-srbiju\/prirodne-lepote\/pecine\/resavska-pecina-pogled-u-ledeno-doba\/","og_site_name":"Serbia.com","article_modified_time":"2024-10-20T18:07:31+00:00","og_image":[{"width":1600,"height":735,"url":"https:\/\/serbia.com\/wp-content\/uploads\/2015\/06\/resavska1.jpg","type":"image\/jpeg"}],"twitter_misc":{"Est. reading time":"4 minutes"},"schema":{"@context":"https:\/\/schema.org","@graph":[{"@type":"WebPage","@id":"https:\/\/serbia.com\/srpski\/posetite-srbiju\/prirodne-lepote\/pecine\/resavska-pecina-pogled-u-ledeno-doba\/","url":"https:\/\/serbia.com\/srpski\/posetite-srbiju\/prirodne-lepote\/pecine\/resavska-pecina-pogled-u-ledeno-doba\/","name":"Resavska pe\u0107ina, pogled u ledeno doba - Serbia.com","isPartOf":{"@id":"https:\/\/serbia.com\/#website"},"primaryImageOfPage":{"@id":"https:\/\/serbia.com\/srpski\/posetite-srbiju\/prirodne-lepote\/pecine\/resavska-pecina-pogled-u-ledeno-doba\/#primaryimage"},"image":{"@id":"https:\/\/serbia.com\/srpski\/posetite-srbiju\/prirodne-lepote\/pecine\/resavska-pecina-pogled-u-ledeno-doba\/#primaryimage"},"thumbnailUrl":"https:\/\/serbia.com\/wp-content\/uploads\/2015\/06\/resavska1.jpg","datePublished":"2015-06-01T09:09:47+00:00","dateModified":"2024-10-20T18:07:31+00:00","breadcrumb":{"@id":"https:\/\/serbia.com\/srpski\/posetite-srbiju\/prirodne-lepote\/pecine\/resavska-pecina-pogled-u-ledeno-doba\/#breadcrumb"},"inLanguage":"srpski","potentialAction":[{"@type":"ReadAction","target":["https:\/\/serbia.com\/srpski\/posetite-srbiju\/prirodne-lepote\/pecine\/resavska-pecina-pogled-u-ledeno-doba\/"]}]},{"@type":"ImageObject","inLanguage":"srpski","@id":"https:\/\/serbia.com\/srpski\/posetite-srbiju\/prirodne-lepote\/pecine\/resavska-pecina-pogled-u-ledeno-doba\/#primaryimage","url":"https:\/\/serbia.com\/wp-content\/uploads\/2015\/06\/resavska1.jpg","contentUrl":"https:\/\/serbia.com\/wp-content\/uploads\/2015\/06\/resavska1.jpg","width":1600,"height":735},{"@type":"BreadcrumbList","@id":"https:\/\/serbia.com\/srpski\/posetite-srbiju\/prirodne-lepote\/pecine\/resavska-pecina-pogled-u-ledeno-doba\/#breadcrumb","itemListElement":[{"@type":"ListItem","position":1,"name":"Home","item":"https:\/\/serbia.com\/srpski\/"},{"@type":"ListItem","position":2,"name":"Poseti Srbiju","item":"https:\/\/serbia.com\/srpski\/posetite-srbiju\/"},{"@type":"ListItem","position":3,"name":"Prirodne lepote","item":"https:\/\/serbia.com\/srpski\/posetite-srbiju\/prirodne-lepote\/"},{"@type":"ListItem","position":4,"name":"Pe\u0107ine","item":"https:\/\/serbia.com\/srpski\/posetite-srbiju\/prirodne-lepote\/pecine\/"},{"@type":"ListItem","position":5,"name":"Resavska pe\u0107ina, pogled u ledeno doba"}]},{"@type":"WebSite","@id":"https:\/\/serbia.com\/#website","url":"https:\/\/serbia.com\/","name":"Serbia.com","description":"Your Gateway to Serbia","potentialAction":[{"@type":"SearchAction","target":{"@type":"EntryPoint","urlTemplate":"https:\/\/serbia.com\/?s={search_term_string}"},"query-input":{"@type":"PropertyValueSpecification","valueRequired":true,"valueName":"search_term_string"}}],"inLanguage":"srpski"}]}},"brizy_media":[],"_links":{"self":[{"href":"https:\/\/serbia.com\/srpski\/wp-json\/wp\/v2\/pages\/33111","targetHints":{"allow":["GET"]}}],"collection":[{"href":"https:\/\/serbia.com\/srpski\/wp-json\/wp\/v2\/pages"}],"about":[{"href":"https:\/\/serbia.com\/srpski\/wp-json\/wp\/v2\/types\/page"}],"author":[{"embeddable":true,"href":"https:\/\/serbia.com\/srpski\/wp-json\/wp\/v2\/users\/27"}],"replies":[{"embeddable":true,"href":"https:\/\/serbia.com\/srpski\/wp-json\/wp\/v2\/comments?post=33111"}],"version-history":[{"count":1,"href":"https:\/\/serbia.com\/srpski\/wp-json\/wp\/v2\/pages\/33111\/revisions"}],"predecessor-version":[{"id":55752,"href":"https:\/\/serbia.com\/srpski\/wp-json\/wp\/v2\/pages\/33111\/revisions\/55752"}],"up":[{"embeddable":true,"href":"https:\/\/serbia.com\/srpski\/wp-json\/wp\/v2\/pages\/20461"}],"wp:featuredmedia":[{"embeddable":true,"href":"https:\/\/serbia.com\/srpski\/wp-json\/wp\/v2\/media\/33102"}],"wp:attachment":[{"href":"https:\/\/serbia.com\/srpski\/wp-json\/wp\/v2\/media?parent=33111"}],"wp:term":[{"taxonomy":"category","embeddable":true,"href":"https:\/\/serbia.com\/srpski\/wp-json\/wp\/v2\/categories?post=33111"},{"taxonomy":"post_tag","embeddable":true,"href":"https:\/\/serbia.com\/srpski\/wp-json\/wp\/v2\/tags?post=33111"}],"curies":[{"name":"wp","href":"https:\/\/api.w.org\/{rel}","templated":true}]}}