{"id":33094,"date":"2015-06-01T10:23:59","date_gmt":"2015-06-01T08:23:59","guid":{"rendered":"http:\/\/www.serbia.com\/?page_id=33094"},"modified":"2024-10-20T20:06:10","modified_gmt":"2024-10-20T18:06:10","slug":"pecina-risovaca-kuca-stara-hiljade-godina","status":"publish","type":"page","link":"https:\/\/serbia.com\/srpski\/posetite-srbiju\/prirodne-lepote\/pecine\/pecina-risovaca-kuca-stara-hiljade-godina\/","title":{"rendered":"Pe\u0107ina Risova\u010da, ku\u0107a stara hiljade godina"},"content":{"rendered":"<h4>Pe\u0107ina Risova\u010da, danas poznata kao muzej paleolita, bila je dom pra\u010doveka neandertalskog tipa. U njoj su prona\u0111ene su i fosilizovane kosti \u017eivotinja iz ledenog doba.<\/h4>\n<p><strong>Jedina pe\u0107ina za koju je utvr\u0111eno da su je nastanjivali praistorijski ljudi,<\/strong> Risova\u010da kod Arandjelovca otkriva svoje tajne brojnim posetiocima.<\/p>\n<p>U njoj su prona\u0111eni fosilni ostaci \u017eivotinja, koje su za vreme poslednjeg ledenog doba \u017eivele u stepama dana\u0161njeg brda Risova\u010da. Ura\u0111ene su i rekonstrukcije pra\u010doveka &#8211; praistorijskog lovca neandertalca u prirodnoj veli\u010dini, a nau\u010dnici veruju da su u pe\u0107ini Risova\u010da, uporedo sa ovom vrstom, \u017eiveli i homo sapiensi.<\/p>\n<p>Figure na pe\u0107inskim zidovima predstavljaju porodicu okupljenu oko vatre, \u010diji se \u010dlanovi bave uobi\u010dajenim poslovima u to vreme. To sve ukazuje da je pra\u010dovek neandertalskog tipa, koji je nastanjivao ovu pe\u0107inu, bio inteligentno bi\u0107e koje je izra\u0111ivalo predmete sa odre\u0111enom svrhom.<\/p>\n<p>Risova\u010da je otkrivena slu\u010dajno pre vi\u0161e od 60 godina kada je sru\u0161en ulazni deo veli\u010dine 20 metara, jer se nije znalo da u risova\u010dkom brdu postoji pe\u0107ina. Tada je i za\u0161ti\u0107ena kao <strong>arheolo\u0161ko nalazi\u0161te,<\/strong> a tri decenije kasnije postaje <strong>spomenik prirode<\/strong>.<\/p>\n<p>Duga\u010dka je 135 metara, a sa bo\u010dnim kanalima ima gotovo 190 metara. Risova\u010da je najbolje istra\u017eena od svih <a href=\"http:\/\/www.serbia.com\/srpski\/posetite-srbiju\/prirodne-lepote\/pecine\/\" target=\"_blank\" rel=\"noopener\">pe\u0107ina u Srbiji<\/a>, a nau\u010dnici smatraju da je <strong>jedna od svega pet pe\u0107ina na Balkanu u kojoj je \u017eiveo pra\u010dovek nenadertalac kao lovac<\/strong>. U njoj su prona\u0111eni artefakti &#8211; listoliki no\u017e, \u0161iljak, ko\u0161tani bode\u017e i gla\u010dalo, \u0161to se uzima kao potvrda prisustva neandertalca u ovim krajevima dana\u0161nje Srbije.<\/p>\n<p>Sa\u010duvani artefakti od kamena (kameni \u0161iljak, kamena sekira, kameni struga\u010di za obradu ko\u017ee i krzna, dleto) i kostiju (buton za povezivanje ko\u017enih delova ode\u0107e, \u0161ilo i bode\u017e) ukazuju na to da ih je izra\u0111ivao praistorijski \u010dovek, koji se bavio lovom kao osnovnim zanimanjem, odnosno da je to bilo inteligentno bi\u0107e koje je pravilo oru\u0111e sa odre\u0111enom svrhom.<\/p>\n<p>Dugogodi\u0161njim istra\u017eivanjima pe\u0107ine Risova\u010da <strong>otkrivene su fosilizovane kosti faune ledenog doba<\/strong> &#8211; pe\u0107inskog medveda, pe\u0107inskog lava i hijene, divljeg konja, divljeg gove\u010deta, d\u017einovskog jelena, runastog nosoroga, mamuta, bizona, kao i tragovi materijalne kulture neandertalskih lovaca, kamene i ko\u0161tane alatke, koje potvr\u0111uju paleolitsku starost ovog nalazi\u0161ta.\u00a0Starost ovih fosila je utvr\u0111ena na oko <strong>36.000 godina<\/strong>. Na osnovu toga se pretpostavlja da je to i vreme boravka poslednjeg neandertalca na ovim prostorima.<\/p>\n<p><img loading=\"lazy\" decoding=\"async\" class=\"aligncenter wp-image-16529 size-full\" src=\"http:\/\/www.serbia.com\/wp-content\/uploads\/2012\/11\/55-Risovaca-pecina-cave.jpg\" alt=\"55 Risovaca pecina cave\" width=\"800\" height=\"534\" srcset=\"https:\/\/serbia.com\/wp-content\/uploads\/2012\/11\/55-Risovaca-pecina-cave.jpg 800w, https:\/\/serbia.com\/wp-content\/uploads\/2012\/11\/55-Risovaca-pecina-cave-300x200.jpg 300w\" sizes=\"(max-width: 800px) 100vw, 800px\" \/><\/p>\n<p>Tako\u0111e, <strong>posebna specifi\u010dnost ove pe\u0107ine je poludragi kamen oniks<\/strong>, koji je nastao radom mineralnih voda koje su proticale ovom pe\u0107inom, a danas su poznate kao <strong>&#8220;Knjaz Milo\u0161&#8221;<\/strong>. Pre 110.000 godina, kada su stvarale pe\u0107inu, bile su hladne, a kasnije su usledile tople vode koje su se talo\u017eile i bile u fizi\u010dko-hemijskim procesima iz koga je nastao mermerni oniks. U pe\u0107ini Risova\u010da ima i aragonita, kamena koji se retko nalazi u prirodi, a karakteristi\u010dan je po tome \u0161to grupi\u0161e kristale u suprotnom smeru od sile gravitacije.<\/p>\n<p>Risova\u010da je 2009. godine dobila dekorativno osvetljenje, a za edukaciju najmla\u0111ih gostiju u njoj je postavljen aparat za kalcifikaciju koji pokazuje kako se stvaraju pe\u0107inski ukrasi, stalaktiti i stalagmiti, jer ova pe\u0107ina ne obiluje tim ukrasima i ima ih samo ponegde.<\/p>\n<p>U poslednjoj zoni pe\u0107ine nalaze se dve ni\u0161e &#8211;<strong> Koralna ili Sne\u017ena soba<\/strong>, sa ukrasima u vidu sne\u017enog korala, i druga, nazvana po <strong>Vesni Bogdanovi\u0107<\/strong>, studentu arheologije koja je radila na istra\u017eivanju pe\u0107ine.<\/p>\n<p>Pe\u0107ina Risova\u010da je stani\u0161te jedne vrste <strong>slepog mi\u0161a &#8211; potkovi\u010dara<\/strong>, koji je, kao i sve ostale vrste slepih mi\u0161eva u Evropi, ugro\u017een i zakonom za\u0161ti\u0107en.<\/p>\n<p>Pe\u0107inski nakit Risova\u010de &#8211; stalaktiti, stalagmiti, salivi, korali u tonovima od sne\u017enobelih do crvenkastih i sme\u0111ih, i zanimljivi erozioni lonci, doprinose utisku sveop\u0161te lepote ovog speleolo\u0161kog lokaliteta.<\/p>\n<h4>Gde je pe\u0107ina Risova\u010da i kako do nje do\u0107i?<\/h4>\n<p>Risova\u010da se nalazi na ulazu u <strong><a href=\"http:\/\/www.serbia.com\/srpski\/24-sata-u-arandelovcu\/\" target=\"_blank\" rel=\"noopener\">Aran\u0111elovac<\/a><\/strong> iz pravca Topole. Ako se tamo uputite iz pravca <a href=\"http:\/\/www.serbia.com\/srpski\/posetite-srbiju\/gradovi\/beograd\/\" target=\"_blank\" rel=\"noopener\">Beograda<\/a>, najbolje je da po\u0111ete magistralnim putem kroz Mladenovac i Topolu kojim \u0107ete nakon 76 km sti\u0107i u ovu jedinstvenu ku\u0107u paleolitskog \u010doveka.<\/p>\n<p>Do Aran\u0111elovca su veoma \u010desti dnevni autobuski polasci iz Beograda, a ima ih iz svih ve\u0107ih <a href=\"http:\/\/www.serbia.com\/srpski\/posetite-srbiju\/gradovi\/\" target=\"_blank\" rel=\"noopener\">gradova u Srbiji<\/a>.<\/p>\n<h4>Kada ste ve\u0107 ovde, ne propustite&#8230;<\/h4>\n<p><strong>Muzej<\/strong> koji \u010duva brojne eksponate iz arheologije, etnologije i likovne umetnosti, odnosno kulture koja se razvijala na prostorima ovog dela \u0160umadije.<\/p>\n<p>Ne propustite kulturno-istorijske spomenike: <a href=\"http:\/\/www.serbia.com\/srpski\/posetite-srbiju\/kulturne-atrakcije\/manastiri-i-crkve\/karadordev-konak-i-crkva-na-oplencu\/\" target=\"_blank\" rel=\"noopener\"><strong>\u201cKara\u0111or\u0111ev grad\u201d<\/strong><\/a> u Topoli, <strong>crkvu na <a href=\"http:\/\/www.serbia.com\/srpski\/posetite-srbiju\/prirodne-lepote\/jedinstvena-priroda\/oplenac-a-fertile-hillside-of-a-serbian-history\/\" target=\"_blank\" rel=\"noopener\">Oplencu<\/a><\/strong>, ali ni <strong>\u010da\u0161u vina iz kraljevskog vinograda<\/strong>, jer kada ste ovde potrebno je da znate da se nalazite na jednom od devet <a href=\"http:\/\/www.serbia.com\/srpski\/posetite-srbiju\/provedi-se\/vinski-putevi\/\" target=\"_blank\" rel=\"noopener\"><strong>vinskih puteva Srbije<\/strong><\/a>.<\/p>\n<p>Ne propustite gutljaj kisele vode sa prirodnog izvora kojim se di\u010di <a href=\"http:\/\/www.serbia.com\/srpski\/posetite-srbiju\/prirodne-lepote\/banje\/bukovicka-banja\/\" target=\"_blank\" rel=\"noopener\"><strong>Bukovi\u010dka banja<\/strong><\/a>\u00a0u Aran\u0111elovcu, kao ni \u0161etnju <strong>planinom <a href=\"https:\/\/serbia.com\/srpski\/bukulja-savrsen-spoj-zivopisne-prirode-i-bogate-istorije\/\">Bukuljom<\/a><\/strong>, koja ima najve\u0107u dra\u017e prilikom prvomajskog uranka.<\/p>\n<p>Po\u0161to se iznad Aran\u0111elovca uzdi\u017ee <strong>Ven\u010dac<\/strong>, planina bogata belim mermerom od koga je napravljen deo fasade Bele ku\u0107e u Va\u0161ingtonu, u ovom gradu se po\u010detkom jula u slavu mermera organizuje smotra umetnosti <strong>&#8220;Mermer i zvuci&#8221;<\/strong>.<\/p>\n<p>U <strong>Ora\u0161cu<\/strong> pored Aran\u0111elovca ve\u0107 se godinama obele\u017eava jedan od najzna\u010dajnijih datuma srpske nacionalne istorije, 15. februar, dan dogovora o podizanju <strong>Prvog srpskog ustanka<\/strong> i <strong>Dan dr\u017eavnosti Republike Srbije.<\/strong><\/p>\n","protected":false},"excerpt":{"rendered":"<p>Pe\u0107ina Risova\u010da, danas poznata kao muzej paleolita, bila je dom pra\u010doveka neandertalskog tipa. U njoj su prona\u0111ene su i fosilizovane kosti \u017eivotinja iz ledenog doba. Jedina pe\u0107ina za koju je [&hellip;]<\/p>\n","protected":false},"author":27,"featured_media":33092,"parent":20461,"menu_order":0,"comment_status":"closed","ping_status":"closed","template":"","meta":{"_acf_changed":false,"inline_featured_image":false,"_monsterinsights_skip_tracking":false,"_monsterinsights_sitenote_active":false,"_monsterinsights_sitenote_note":"","_monsterinsights_sitenote_category":0,"footnotes":""},"categories":[1658],"tags":[],"class_list":["post-33094","page","type-page","status-publish","has-post-thumbnail","hentry","category-pecine"],"acf":[],"yoast_head":"<!-- This site is optimized with the Yoast SEO plugin v23.8 - https:\/\/yoast.com\/wordpress\/plugins\/seo\/ -->\n<title>Pe\u0107ina Risova\u010da, ku\u0107a stara hiljade godina - Serbia.com<\/title>\n<meta name=\"robots\" content=\"index, follow, max-snippet:-1, max-image-preview:large, max-video-preview:-1\" \/>\n<link rel=\"canonical\" href=\"https:\/\/serbia.com\/srpski\/posetite-srbiju\/prirodne-lepote\/pecine\/pecina-risovaca-kuca-stara-hiljade-godina\/\" \/>\n<meta property=\"og:locale\" content=\"en_US\" \/>\n<meta property=\"og:type\" content=\"article\" \/>\n<meta property=\"og:title\" content=\"Pe\u0107ina Risova\u010da, ku\u0107a stara hiljade godina - Serbia.com\" \/>\n<meta property=\"og:description\" content=\"Pe\u0107ina Risova\u010da, danas poznata kao muzej paleolita, bila je dom pra\u010doveka neandertalskog tipa. U njoj su prona\u0111ene su i fosilizovane kosti \u017eivotinja iz ledenog doba. Jedina pe\u0107ina za koju je [&hellip;]\" \/>\n<meta property=\"og:url\" content=\"https:\/\/serbia.com\/srpski\/posetite-srbiju\/prirodne-lepote\/pecine\/pecina-risovaca-kuca-stara-hiljade-godina\/\" \/>\n<meta property=\"og:site_name\" content=\"Serbia.com\" \/>\n<meta property=\"article:modified_time\" content=\"2024-10-20T18:06:10+00:00\" \/>\n<meta property=\"og:image\" content=\"https:\/\/serbia.com\/wp-content\/uploads\/2015\/06\/risovaca3.jpg\" \/>\n\t<meta property=\"og:image:width\" content=\"1024\" \/>\n\t<meta property=\"og:image:height\" content=\"768\" \/>\n\t<meta property=\"og:image:type\" content=\"image\/jpeg\" \/>\n<meta name=\"twitter:label1\" content=\"Est. reading time\" \/>\n\t<meta name=\"twitter:data1\" content=\"4 minutes\" \/>\n<script type=\"application\/ld+json\" class=\"yoast-schema-graph\">{\"@context\":\"https:\/\/schema.org\",\"@graph\":[{\"@type\":\"WebPage\",\"@id\":\"https:\/\/serbia.com\/srpski\/posetite-srbiju\/prirodne-lepote\/pecine\/pecina-risovaca-kuca-stara-hiljade-godina\/\",\"url\":\"https:\/\/serbia.com\/srpski\/posetite-srbiju\/prirodne-lepote\/pecine\/pecina-risovaca-kuca-stara-hiljade-godina\/\",\"name\":\"Pe\u0107ina Risova\u010da, ku\u0107a stara hiljade godina - Serbia.com\",\"isPartOf\":{\"@id\":\"https:\/\/serbia.com\/#website\"},\"primaryImageOfPage\":{\"@id\":\"https:\/\/serbia.com\/srpski\/posetite-srbiju\/prirodne-lepote\/pecine\/pecina-risovaca-kuca-stara-hiljade-godina\/#primaryimage\"},\"image\":{\"@id\":\"https:\/\/serbia.com\/srpski\/posetite-srbiju\/prirodne-lepote\/pecine\/pecina-risovaca-kuca-stara-hiljade-godina\/#primaryimage\"},\"thumbnailUrl\":\"https:\/\/serbia.com\/wp-content\/uploads\/2015\/06\/risovaca3.jpg\",\"datePublished\":\"2015-06-01T08:23:59+00:00\",\"dateModified\":\"2024-10-20T18:06:10+00:00\",\"breadcrumb\":{\"@id\":\"https:\/\/serbia.com\/srpski\/posetite-srbiju\/prirodne-lepote\/pecine\/pecina-risovaca-kuca-stara-hiljade-godina\/#breadcrumb\"},\"inLanguage\":\"srpski\",\"potentialAction\":[{\"@type\":\"ReadAction\",\"target\":[\"https:\/\/serbia.com\/srpski\/posetite-srbiju\/prirodne-lepote\/pecine\/pecina-risovaca-kuca-stara-hiljade-godina\/\"]}]},{\"@type\":\"ImageObject\",\"inLanguage\":\"srpski\",\"@id\":\"https:\/\/serbia.com\/srpski\/posetite-srbiju\/prirodne-lepote\/pecine\/pecina-risovaca-kuca-stara-hiljade-godina\/#primaryimage\",\"url\":\"https:\/\/serbia.com\/wp-content\/uploads\/2015\/06\/risovaca3.jpg\",\"contentUrl\":\"https:\/\/serbia.com\/wp-content\/uploads\/2015\/06\/risovaca3.jpg\",\"width\":1024,\"height\":768},{\"@type\":\"BreadcrumbList\",\"@id\":\"https:\/\/serbia.com\/srpski\/posetite-srbiju\/prirodne-lepote\/pecine\/pecina-risovaca-kuca-stara-hiljade-godina\/#breadcrumb\",\"itemListElement\":[{\"@type\":\"ListItem\",\"position\":1,\"name\":\"Home\",\"item\":\"https:\/\/serbia.com\/srpski\/\"},{\"@type\":\"ListItem\",\"position\":2,\"name\":\"Poseti Srbiju\",\"item\":\"https:\/\/serbia.com\/srpski\/posetite-srbiju\/\"},{\"@type\":\"ListItem\",\"position\":3,\"name\":\"Prirodne lepote\",\"item\":\"https:\/\/serbia.com\/srpski\/posetite-srbiju\/prirodne-lepote\/\"},{\"@type\":\"ListItem\",\"position\":4,\"name\":\"Pe\u0107ine\",\"item\":\"https:\/\/serbia.com\/srpski\/posetite-srbiju\/prirodne-lepote\/pecine\/\"},{\"@type\":\"ListItem\",\"position\":5,\"name\":\"Pe\u0107ina Risova\u010da, ku\u0107a stara hiljade godina\"}]},{\"@type\":\"WebSite\",\"@id\":\"https:\/\/serbia.com\/#website\",\"url\":\"https:\/\/serbia.com\/\",\"name\":\"Serbia.com\",\"description\":\"Your Gateway to Serbia\",\"potentialAction\":[{\"@type\":\"SearchAction\",\"target\":{\"@type\":\"EntryPoint\",\"urlTemplate\":\"https:\/\/serbia.com\/?s={search_term_string}\"},\"query-input\":{\"@type\":\"PropertyValueSpecification\",\"valueRequired\":true,\"valueName\":\"search_term_string\"}}],\"inLanguage\":\"srpski\"}]}<\/script>\n<!-- \/ Yoast SEO plugin. -->","yoast_head_json":{"title":"Pe\u0107ina Risova\u010da, ku\u0107a stara hiljade godina - Serbia.com","robots":{"index":"index","follow":"follow","max-snippet":"max-snippet:-1","max-image-preview":"max-image-preview:large","max-video-preview":"max-video-preview:-1"},"canonical":"https:\/\/serbia.com\/srpski\/posetite-srbiju\/prirodne-lepote\/pecine\/pecina-risovaca-kuca-stara-hiljade-godina\/","og_locale":"en_US","og_type":"article","og_title":"Pe\u0107ina Risova\u010da, ku\u0107a stara hiljade godina - Serbia.com","og_description":"Pe\u0107ina Risova\u010da, danas poznata kao muzej paleolita, bila je dom pra\u010doveka neandertalskog tipa. U njoj su prona\u0111ene su i fosilizovane kosti \u017eivotinja iz ledenog doba. Jedina pe\u0107ina za koju je [&hellip;]","og_url":"https:\/\/serbia.com\/srpski\/posetite-srbiju\/prirodne-lepote\/pecine\/pecina-risovaca-kuca-stara-hiljade-godina\/","og_site_name":"Serbia.com","article_modified_time":"2024-10-20T18:06:10+00:00","og_image":[{"width":1024,"height":768,"url":"https:\/\/serbia.com\/wp-content\/uploads\/2015\/06\/risovaca3.jpg","type":"image\/jpeg"}],"twitter_misc":{"Est. reading time":"4 minutes"},"schema":{"@context":"https:\/\/schema.org","@graph":[{"@type":"WebPage","@id":"https:\/\/serbia.com\/srpski\/posetite-srbiju\/prirodne-lepote\/pecine\/pecina-risovaca-kuca-stara-hiljade-godina\/","url":"https:\/\/serbia.com\/srpski\/posetite-srbiju\/prirodne-lepote\/pecine\/pecina-risovaca-kuca-stara-hiljade-godina\/","name":"Pe\u0107ina Risova\u010da, ku\u0107a stara hiljade godina - Serbia.com","isPartOf":{"@id":"https:\/\/serbia.com\/#website"},"primaryImageOfPage":{"@id":"https:\/\/serbia.com\/srpski\/posetite-srbiju\/prirodne-lepote\/pecine\/pecina-risovaca-kuca-stara-hiljade-godina\/#primaryimage"},"image":{"@id":"https:\/\/serbia.com\/srpski\/posetite-srbiju\/prirodne-lepote\/pecine\/pecina-risovaca-kuca-stara-hiljade-godina\/#primaryimage"},"thumbnailUrl":"https:\/\/serbia.com\/wp-content\/uploads\/2015\/06\/risovaca3.jpg","datePublished":"2015-06-01T08:23:59+00:00","dateModified":"2024-10-20T18:06:10+00:00","breadcrumb":{"@id":"https:\/\/serbia.com\/srpski\/posetite-srbiju\/prirodne-lepote\/pecine\/pecina-risovaca-kuca-stara-hiljade-godina\/#breadcrumb"},"inLanguage":"srpski","potentialAction":[{"@type":"ReadAction","target":["https:\/\/serbia.com\/srpski\/posetite-srbiju\/prirodne-lepote\/pecine\/pecina-risovaca-kuca-stara-hiljade-godina\/"]}]},{"@type":"ImageObject","inLanguage":"srpski","@id":"https:\/\/serbia.com\/srpski\/posetite-srbiju\/prirodne-lepote\/pecine\/pecina-risovaca-kuca-stara-hiljade-godina\/#primaryimage","url":"https:\/\/serbia.com\/wp-content\/uploads\/2015\/06\/risovaca3.jpg","contentUrl":"https:\/\/serbia.com\/wp-content\/uploads\/2015\/06\/risovaca3.jpg","width":1024,"height":768},{"@type":"BreadcrumbList","@id":"https:\/\/serbia.com\/srpski\/posetite-srbiju\/prirodne-lepote\/pecine\/pecina-risovaca-kuca-stara-hiljade-godina\/#breadcrumb","itemListElement":[{"@type":"ListItem","position":1,"name":"Home","item":"https:\/\/serbia.com\/srpski\/"},{"@type":"ListItem","position":2,"name":"Poseti Srbiju","item":"https:\/\/serbia.com\/srpski\/posetite-srbiju\/"},{"@type":"ListItem","position":3,"name":"Prirodne lepote","item":"https:\/\/serbia.com\/srpski\/posetite-srbiju\/prirodne-lepote\/"},{"@type":"ListItem","position":4,"name":"Pe\u0107ine","item":"https:\/\/serbia.com\/srpski\/posetite-srbiju\/prirodne-lepote\/pecine\/"},{"@type":"ListItem","position":5,"name":"Pe\u0107ina Risova\u010da, ku\u0107a stara hiljade godina"}]},{"@type":"WebSite","@id":"https:\/\/serbia.com\/#website","url":"https:\/\/serbia.com\/","name":"Serbia.com","description":"Your Gateway to Serbia","potentialAction":[{"@type":"SearchAction","target":{"@type":"EntryPoint","urlTemplate":"https:\/\/serbia.com\/?s={search_term_string}"},"query-input":{"@type":"PropertyValueSpecification","valueRequired":true,"valueName":"search_term_string"}}],"inLanguage":"srpski"}]}},"_links":{"self":[{"href":"https:\/\/serbia.com\/srpski\/wp-json\/wp\/v2\/pages\/33094"}],"collection":[{"href":"https:\/\/serbia.com\/srpski\/wp-json\/wp\/v2\/pages"}],"about":[{"href":"https:\/\/serbia.com\/srpski\/wp-json\/wp\/v2\/types\/page"}],"author":[{"embeddable":true,"href":"https:\/\/serbia.com\/srpski\/wp-json\/wp\/v2\/users\/27"}],"replies":[{"embeddable":true,"href":"https:\/\/serbia.com\/srpski\/wp-json\/wp\/v2\/comments?post=33094"}],"version-history":[{"count":1,"href":"https:\/\/serbia.com\/srpski\/wp-json\/wp\/v2\/pages\/33094\/revisions"}],"predecessor-version":[{"id":55751,"href":"https:\/\/serbia.com\/srpski\/wp-json\/wp\/v2\/pages\/33094\/revisions\/55751"}],"up":[{"embeddable":true,"href":"https:\/\/serbia.com\/srpski\/wp-json\/wp\/v2\/pages\/20461"}],"wp:featuredmedia":[{"embeddable":true,"href":"https:\/\/serbia.com\/srpski\/wp-json\/wp\/v2\/media\/33092"}],"wp:attachment":[{"href":"https:\/\/serbia.com\/srpski\/wp-json\/wp\/v2\/media?parent=33094"}],"wp:term":[{"taxonomy":"category","embeddable":true,"href":"https:\/\/serbia.com\/srpski\/wp-json\/wp\/v2\/categories?post=33094"},{"taxonomy":"post_tag","embeddable":true,"href":"https:\/\/serbia.com\/srpski\/wp-json\/wp\/v2\/tags?post=33094"}],"curies":[{"name":"wp","href":"https:\/\/api.w.org\/{rel}","templated":true}]}}