{"id":33080,"date":"2015-06-01T09:48:51","date_gmt":"2015-06-01T07:48:51","guid":{"rendered":"http:\/\/www.serbia.com\/?page_id=33080"},"modified":"2024-10-20T20:05:12","modified_gmt":"2024-10-20T18:05:12","slug":"stopica-pecina-i-njen-podzemni-vodopad","status":"publish","type":"page","link":"https:\/\/serbia.com\/srpski\/posetite-srbiju\/prirodne-lepote\/pecine\/stopica-pecina-i-njen-podzemni-vodopad\/","title":{"rendered":"Stopi\u0107a pe\u0107ina i njen podzemni vodopad"},"content":{"rendered":"<h4>Stopi\u0107a pe\u0107ina \u010duvena je po 10 metara visokom podzemnom vodopadu, a specifi\u010dna je i njena klima: leti je u pe\u0107ini toplo a zimi hladno<\/h4>\n<p>Jedna od najve\u0107ih atrakcija u u\u017ei\u010dkom kraju na zapadu Srbije svakako je Stopi\u0107a pe\u0107ina, koja se nalazi na levoj obali reke Pri\u0161tavice, na nadmorskoj visini od 711 metara.\u00a0To je <strong>re\u010dna pe\u0107ina, kroz koju i danas proti\u010de Trnavski potok.<\/strong><\/p>\n<p>Pe\u0107ina ima impresivni ulaz visine 18 i \u0161irine 35 metara, a nalazi se na 711,18 metara nadmorske visine. Njena <strong>glavna atrakcija je podzemni vodopad, visok 10 metara.<\/strong><\/p>\n<p>Stopi\u0107a pe\u0107ina sastoji se iz pet celina. To su <strong>Svetla dvorana<\/strong>, <strong>Tamna dvorana<\/strong>, <strong>Velika sala sa kadama<\/strong>,<strong> Kanal sa kadama<\/strong> i <strong>Re\u010dni kanal<\/strong>.<\/p>\n<p>Iako nije naro\u010dito bogata pe\u0107inskim ukrasima, ona ima veoma zanimljive bigrene kade, koje se izdvajaju svojom veli\u010dinom i dubinom, koja kod nekih iznosi i do sedam metara.<\/p>\n<p>Stopi\u0107a pe\u0107ina ima klimu koja zavisi od spolja\u0161njih vremenskih uslova \u2013 zimi je u njoj hladno, leti toplo \u2013 a i voda iz Trnavskog potoka doprinosi mikroklimi pe\u0107ine. Istra\u017eeni deo pe\u0107ine je dug oko 1.600 metara, koji jednim delom \u010dini podvodni sistem kanala.<\/p>\n<p><img loading=\"lazy\" decoding=\"async\" class=\"aligncenter wp-image-16666\" src=\"http:\/\/www.serbia.com\/wp-content\/uploads\/2012\/11\/Stopica_cave1.jpg\" alt=\"Stopi\u0107a pe\u0107ina \" width=\"800\" height=\"537\" srcset=\"https:\/\/serbia.com\/wp-content\/uploads\/2012\/11\/Stopica_cave1.jpg 1024w, https:\/\/serbia.com\/wp-content\/uploads\/2012\/11\/Stopica_cave1-300x201.jpg 300w\" sizes=\"(max-width: 800px) 100vw, 800px\" \/><\/p>\n<p>Kre\u010dnja\u010dki sloj u pe\u0107ini datira iz perioda triasa i debeo je vi\u0161e od 100 metara.<\/p>\n<p>Za posetioce je ure\u0111en ulazni deo du\u017eine nekoliko stotina metara koji obuhvata Svetlu dvoranu, Tamnu dvoranu i Dvoranu sa kadama. Istra\u017eeni deo pe\u0107ine je dug oko 1.600 metara, koji je jednim delom podvodni sistem kanala.<\/p>\n<p>Merenjem protoka vode utvr\u0111eno je da kroz Stopi\u0107a pe\u0107inu isti\u010de oko tri puta manje vode nego \u0161to se uliva u Ponor, tako da je izvesno da postoji jo\u0161 neotkrivenih kanala kojima voda isti\u010de.<\/p>\n<p>Stopi\u0107a pe\u0107ina je udaljena oko 30 kilometara od <strong><a href=\"http:\/\/www.serbia.com\/srpski\/24-sata-u-uzicu\/\" target=\"_blank\" rel=\"noopener\">U\u017eica<\/a><\/strong> i 19 kilometara od turisti\u010dkog centra, planine <strong><a href=\"http:\/\/www.serbia.com\/srpski\/posetite-srbiju\/prirodne-lepote\/planine\/zlatibor-ukras-na-1-000-metara-visine\/\" target=\"_blank\" rel=\"noopener\">Zlatibor<\/a><\/strong>, na putu za <strong><a href=\"http:\/\/www.serbia.com\/srpski\/etno-selo-u-sirogojnu-jedinstveni-muzej-na-otvorenom\/\" target=\"_blank\" rel=\"noopener\">Sirogojno<\/a><\/strong>. Pe\u0107ina je vrlo blizu puta koji, u stvari, prolazi iznad nje i pristupa\u010dna je za posetioce.<\/p>\n<p>Prilaz pe\u0107ini je od nedavno potpuno ure\u0111en, za razliku od prethodnih godina kada se do nje stizalo strmim \u0161umskim stazama. Stopi\u0107a pe\u0107ina sada je dostupnija turistima jer su izgra\u0111eni: put koji dolazi blizu pe\u0107ine, veliki parking i, kamenom ozidana, pristupna staza koja vodi pravo do ulaza, a zatim preko mosti\u0107a i u unutra\u0161njost pe\u0107ine koja je ve\u0161ta\u010dki osvetljena.<\/p>\n<p>Stopi\u0107a pe\u0107ina <strong>posebna je i po velikim\u00a0bigrenim kadama\u00a0koje su stvorene naslagama rastvorenog kre\u010dnjaka i izuzetno su atraktivne<\/strong>. Veliki broj kada raznih veli\u010dina formiraju kosi zid preko koga se voda stalno preliva. Veli\u010dine kada dosti\u017eu i 12 metara du\u017eine i do sedam metara dubine.<\/p>\n<p>Od dela pe\u0107ine sa bigrenim kadama staza vodi do <strong>podzemnog vodopada nazvanog \u201cIzvor \u017eivota\u201c<\/strong>, visokog oko 10 metara, ispred koga vam ponestane dah i gde do\u017eivite potpuno odu\u0161evljenje stvarala\u010dkom mo\u0107i prirode.<\/p>\n<p>Stopi\u0107a pe\u0107ina prvi put se u pisanim izvorima pojavljuje 1901. godine u zapisniku Srpskog geolo\u0161kog dru\u0161tva, a po\u010detna istra\u017eivanja uradio je poznati <strong>srpski nau\u010dnik Jovan Cviji\u0107<\/strong> 1909. i 1913. godine.<\/p>\n<p>Prvi istra\u017eiva\u010di Stopi\u0107a pe\u0107ine bili su \u010de\u0161ki speleolozi koji su, uz pomo\u0107 posebne ronila\u010dke opreme, 1984. godine ustanovili da se pod zemljom nalaze hodnici i pet dvorana na du\u017eini od dva kilometra.<\/p>\n<h4>Gde je Stopi\u0107a pe\u0107ina i kako do nje do\u0107i?<\/h4>\n<p>Ukoliko dolazite iz pravca <a href=\"http:\/\/www.serbia.com\/srpski\/posetite-srbiju\/gradovi\/beograd\/\" target=\"_blank\" rel=\"noopener\">Beograda<\/a>, potrebno je da pre\u0111ete oko 250 km, a najbolje je da po\u0111ete magistralnim putem za Crnu Goru do Zlatibora, odakle do Stopi\u0107ke pe\u0107ine ima jo\u0161 19 km severoisto\u010dno.<\/p>\n<p>Ukoliko dolazite autobusom, do Zlatibora su \u010desti polasci iz svih ve\u0107ih gradova Srbije, a od Zlatibora do pe\u0107ine preporu\u010dujemo taksi prevoz.<\/p>\n<h4>Kada ste ovde, ne propustite\u2026<\/h4>\n<p><a href=\"http:\/\/www.serbia.com\/srpski\/posetite-srbiju\/prirodne-lepote\/etno-sela\/carobno-selo-drvengrad\/\" target=\"_blank\" rel=\"noopener\"><strong>Drvengrad<\/strong><\/a>, jedinstveno etno-selo na Me\u0107avniku, izgra\u0111eno po zamisli poznatog filmskog reditelja <a href=\"http:\/\/www.serbia.com\/srpski\/emir-kusturica-umetnik-graditelj-i-antiglobalista-2\/\" target=\"_blank\" rel=\"noopener\"><strong>Emira Kusturice<\/strong><\/a>.<\/p>\n<p>Na istom putu mo\u017eete da posetite <strong><a href=\"http:\/\/www.serbia.com\/srpski\/tarabici-iz-kremne-porodica-koja-je-predvidela-istoriju-srbije\/\" target=\"_blank\" rel=\"noopener\">Kremnu<\/a><\/strong>, legendarno selo, dom najve\u0107ih srpskih proroka \u2013 Tarabi\u0107a.<\/p>\n<p>Ako se na\u0111ete ovde u julu, ne propustite <strong>Zlatiborski sabor truba\u010da<\/strong> koji tradicionalno okuplja najbolje truba\u010de iz zlatiborskog kraja i veliki broj gostiju iz zemlje i sveta, kao pred takmi\u010denje za <a href=\"http:\/\/www.serbia.com\/srpski\/posetite-srbiju\/kulturne-atrakcije\/festivali-i-manifestacije\/guca-festival-trube-i-dobrog-provoda\/\" target=\"_blank\" rel=\"noopener\"><strong>Sabor truba\u010da u Gu\u010di<\/strong><\/a> koji se tako\u0111e odr\u017eava krajem jula. Gu\u010da je udaljena od Zlatibora 43 km.<\/p>\n<p>Obavezno probajte <a href=\"http:\/\/www.serbia.com\/srpski\/o-srbiji\/tradicionalna-kuhinja\/\"><strong>specijalitete tradicionalne kuhinje<\/strong><\/a> \u2013 <a href=\"http:\/\/www.serbia.com\/srpski\/kajmak-nezamenljivo-dobar-3\/\"><strong>kajmak<\/strong><\/a>, <strong>sir<\/strong> i <strong>pr\u0161utu<\/strong> \u2013 ali i <strong>\u201c<a href=\"http:\/\/www.serbia.com\/srpski\/njeno-visocanstvo-komplet-lepinja\/\" target=\"_blank\" rel=\"noopener\">komplet lepinju<\/a>\u201d<\/strong>,\u00a0specijalitet u\u017ei\u010dkog kraja.<\/p>\n<p>Foto: Tamburix\/Wikimedia commons<\/p>\n","protected":false},"excerpt":{"rendered":"<p>Stopi\u0107a pe\u0107ina \u010duvena je po 10 metara visokom podzemnom vodopadu, a specifi\u010dna je i njena klima: leti je u pe\u0107ini toplo a zimi hladno Jedna od najve\u0107ih atrakcija u u\u017ei\u010dkom [&hellip;]<\/p>\n","protected":false},"author":27,"featured_media":16666,"parent":20461,"menu_order":0,"comment_status":"closed","ping_status":"closed","template":"","meta":{"_acf_changed":false,"inline_featured_image":false,"_monsterinsights_skip_tracking":false,"_monsterinsights_sitenote_active":false,"_monsterinsights_sitenote_note":"","_monsterinsights_sitenote_category":0,"footnotes":""},"categories":[1658],"tags":[],"class_list":["post-33080","page","type-page","status-publish","has-post-thumbnail","hentry","category-pecine"],"acf":[],"yoast_head":"<!-- This site is optimized with the Yoast SEO plugin v23.8 - https:\/\/yoast.com\/wordpress\/plugins\/seo\/ -->\n<title>Stopi\u0107a pe\u0107ina i njen podzemni vodopad - Serbia.com<\/title>\n<meta name=\"robots\" content=\"index, follow, max-snippet:-1, max-image-preview:large, max-video-preview:-1\" \/>\n<link rel=\"canonical\" href=\"https:\/\/serbia.com\/srpski\/posetite-srbiju\/prirodne-lepote\/pecine\/stopica-pecina-i-njen-podzemni-vodopad\/\" \/>\n<meta property=\"og:locale\" content=\"en_US\" \/>\n<meta property=\"og:type\" content=\"article\" \/>\n<meta property=\"og:title\" content=\"Stopi\u0107a pe\u0107ina i njen podzemni vodopad - Serbia.com\" \/>\n<meta property=\"og:description\" content=\"Stopi\u0107a pe\u0107ina \u010duvena je po 10 metara visokom podzemnom vodopadu, a specifi\u010dna je i njena klima: leti je u pe\u0107ini toplo a zimi hladno Jedna od najve\u0107ih atrakcija u u\u017ei\u010dkom [&hellip;]\" \/>\n<meta property=\"og:url\" content=\"https:\/\/serbia.com\/srpski\/posetite-srbiju\/prirodne-lepote\/pecine\/stopica-pecina-i-njen-podzemni-vodopad\/\" \/>\n<meta property=\"og:site_name\" content=\"Serbia.com\" \/>\n<meta property=\"article:modified_time\" content=\"2024-10-20T18:05:12+00:00\" \/>\n<meta property=\"og:image\" content=\"https:\/\/serbia.com\/wp-content\/uploads\/2012\/11\/Stopica_cave1.jpg\" \/>\n\t<meta property=\"og:image:width\" content=\"1024\" \/>\n\t<meta property=\"og:image:height\" content=\"687\" \/>\n\t<meta property=\"og:image:type\" content=\"image\/jpeg\" \/>\n<meta name=\"twitter:label1\" content=\"Est. reading time\" \/>\n\t<meta name=\"twitter:data1\" content=\"4 minutes\" \/>\n<script type=\"application\/ld+json\" class=\"yoast-schema-graph\">{\"@context\":\"https:\/\/schema.org\",\"@graph\":[{\"@type\":\"WebPage\",\"@id\":\"https:\/\/serbia.com\/srpski\/posetite-srbiju\/prirodne-lepote\/pecine\/stopica-pecina-i-njen-podzemni-vodopad\/\",\"url\":\"https:\/\/serbia.com\/srpski\/posetite-srbiju\/prirodne-lepote\/pecine\/stopica-pecina-i-njen-podzemni-vodopad\/\",\"name\":\"Stopi\u0107a pe\u0107ina i njen podzemni vodopad - Serbia.com\",\"isPartOf\":{\"@id\":\"https:\/\/serbia.com\/#website\"},\"primaryImageOfPage\":{\"@id\":\"https:\/\/serbia.com\/srpski\/posetite-srbiju\/prirodne-lepote\/pecine\/stopica-pecina-i-njen-podzemni-vodopad\/#primaryimage\"},\"image\":{\"@id\":\"https:\/\/serbia.com\/srpski\/posetite-srbiju\/prirodne-lepote\/pecine\/stopica-pecina-i-njen-podzemni-vodopad\/#primaryimage\"},\"thumbnailUrl\":\"https:\/\/serbia.com\/wp-content\/uploads\/2012\/11\/Stopica_cave1.jpg\",\"datePublished\":\"2015-06-01T07:48:51+00:00\",\"dateModified\":\"2024-10-20T18:05:12+00:00\",\"breadcrumb\":{\"@id\":\"https:\/\/serbia.com\/srpski\/posetite-srbiju\/prirodne-lepote\/pecine\/stopica-pecina-i-njen-podzemni-vodopad\/#breadcrumb\"},\"inLanguage\":\"srpski\",\"potentialAction\":[{\"@type\":\"ReadAction\",\"target\":[\"https:\/\/serbia.com\/srpski\/posetite-srbiju\/prirodne-lepote\/pecine\/stopica-pecina-i-njen-podzemni-vodopad\/\"]}]},{\"@type\":\"ImageObject\",\"inLanguage\":\"srpski\",\"@id\":\"https:\/\/serbia.com\/srpski\/posetite-srbiju\/prirodne-lepote\/pecine\/stopica-pecina-i-njen-podzemni-vodopad\/#primaryimage\",\"url\":\"https:\/\/serbia.com\/wp-content\/uploads\/2012\/11\/Stopica_cave1.jpg\",\"contentUrl\":\"https:\/\/serbia.com\/wp-content\/uploads\/2012\/11\/Stopica_cave1.jpg\",\"width\":\"1024\",\"height\":\"687\",\"caption\":\"Stopi\u0107a pe\u0107ina\"},{\"@type\":\"BreadcrumbList\",\"@id\":\"https:\/\/serbia.com\/srpski\/posetite-srbiju\/prirodne-lepote\/pecine\/stopica-pecina-i-njen-podzemni-vodopad\/#breadcrumb\",\"itemListElement\":[{\"@type\":\"ListItem\",\"position\":1,\"name\":\"Home\",\"item\":\"https:\/\/serbia.com\/srpski\/\"},{\"@type\":\"ListItem\",\"position\":2,\"name\":\"Poseti Srbiju\",\"item\":\"https:\/\/serbia.com\/srpski\/posetite-srbiju\/\"},{\"@type\":\"ListItem\",\"position\":3,\"name\":\"Prirodne lepote\",\"item\":\"https:\/\/serbia.com\/srpski\/posetite-srbiju\/prirodne-lepote\/\"},{\"@type\":\"ListItem\",\"position\":4,\"name\":\"Pe\u0107ine\",\"item\":\"https:\/\/serbia.com\/srpski\/posetite-srbiju\/prirodne-lepote\/pecine\/\"},{\"@type\":\"ListItem\",\"position\":5,\"name\":\"Stopi\u0107a pe\u0107ina i njen podzemni vodopad\"}]},{\"@type\":\"WebSite\",\"@id\":\"https:\/\/serbia.com\/#website\",\"url\":\"https:\/\/serbia.com\/\",\"name\":\"Serbia.com\",\"description\":\"Your Gateway to Serbia\",\"potentialAction\":[{\"@type\":\"SearchAction\",\"target\":{\"@type\":\"EntryPoint\",\"urlTemplate\":\"https:\/\/serbia.com\/?s={search_term_string}\"},\"query-input\":{\"@type\":\"PropertyValueSpecification\",\"valueRequired\":true,\"valueName\":\"search_term_string\"}}],\"inLanguage\":\"srpski\"}]}<\/script>\n<!-- \/ Yoast SEO plugin. -->","yoast_head_json":{"title":"Stopi\u0107a pe\u0107ina i njen podzemni vodopad - Serbia.com","robots":{"index":"index","follow":"follow","max-snippet":"max-snippet:-1","max-image-preview":"max-image-preview:large","max-video-preview":"max-video-preview:-1"},"canonical":"https:\/\/serbia.com\/srpski\/posetite-srbiju\/prirodne-lepote\/pecine\/stopica-pecina-i-njen-podzemni-vodopad\/","og_locale":"en_US","og_type":"article","og_title":"Stopi\u0107a pe\u0107ina i njen podzemni vodopad - Serbia.com","og_description":"Stopi\u0107a pe\u0107ina \u010duvena je po 10 metara visokom podzemnom vodopadu, a specifi\u010dna je i njena klima: leti je u pe\u0107ini toplo a zimi hladno Jedna od najve\u0107ih atrakcija u u\u017ei\u010dkom [&hellip;]","og_url":"https:\/\/serbia.com\/srpski\/posetite-srbiju\/prirodne-lepote\/pecine\/stopica-pecina-i-njen-podzemni-vodopad\/","og_site_name":"Serbia.com","article_modified_time":"2024-10-20T18:05:12+00:00","og_image":[{"width":1024,"height":687,"url":"https:\/\/serbia.com\/wp-content\/uploads\/2012\/11\/Stopica_cave1.jpg","type":"image\/jpeg"}],"twitter_misc":{"Est. reading time":"4 minutes"},"schema":{"@context":"https:\/\/schema.org","@graph":[{"@type":"WebPage","@id":"https:\/\/serbia.com\/srpski\/posetite-srbiju\/prirodne-lepote\/pecine\/stopica-pecina-i-njen-podzemni-vodopad\/","url":"https:\/\/serbia.com\/srpski\/posetite-srbiju\/prirodne-lepote\/pecine\/stopica-pecina-i-njen-podzemni-vodopad\/","name":"Stopi\u0107a pe\u0107ina i njen podzemni vodopad - Serbia.com","isPartOf":{"@id":"https:\/\/serbia.com\/#website"},"primaryImageOfPage":{"@id":"https:\/\/serbia.com\/srpski\/posetite-srbiju\/prirodne-lepote\/pecine\/stopica-pecina-i-njen-podzemni-vodopad\/#primaryimage"},"image":{"@id":"https:\/\/serbia.com\/srpski\/posetite-srbiju\/prirodne-lepote\/pecine\/stopica-pecina-i-njen-podzemni-vodopad\/#primaryimage"},"thumbnailUrl":"https:\/\/serbia.com\/wp-content\/uploads\/2012\/11\/Stopica_cave1.jpg","datePublished":"2015-06-01T07:48:51+00:00","dateModified":"2024-10-20T18:05:12+00:00","breadcrumb":{"@id":"https:\/\/serbia.com\/srpski\/posetite-srbiju\/prirodne-lepote\/pecine\/stopica-pecina-i-njen-podzemni-vodopad\/#breadcrumb"},"inLanguage":"srpski","potentialAction":[{"@type":"ReadAction","target":["https:\/\/serbia.com\/srpski\/posetite-srbiju\/prirodne-lepote\/pecine\/stopica-pecina-i-njen-podzemni-vodopad\/"]}]},{"@type":"ImageObject","inLanguage":"srpski","@id":"https:\/\/serbia.com\/srpski\/posetite-srbiju\/prirodne-lepote\/pecine\/stopica-pecina-i-njen-podzemni-vodopad\/#primaryimage","url":"https:\/\/serbia.com\/wp-content\/uploads\/2012\/11\/Stopica_cave1.jpg","contentUrl":"https:\/\/serbia.com\/wp-content\/uploads\/2012\/11\/Stopica_cave1.jpg","width":"1024","height":"687","caption":"Stopi\u0107a pe\u0107ina"},{"@type":"BreadcrumbList","@id":"https:\/\/serbia.com\/srpski\/posetite-srbiju\/prirodne-lepote\/pecine\/stopica-pecina-i-njen-podzemni-vodopad\/#breadcrumb","itemListElement":[{"@type":"ListItem","position":1,"name":"Home","item":"https:\/\/serbia.com\/srpski\/"},{"@type":"ListItem","position":2,"name":"Poseti Srbiju","item":"https:\/\/serbia.com\/srpski\/posetite-srbiju\/"},{"@type":"ListItem","position":3,"name":"Prirodne lepote","item":"https:\/\/serbia.com\/srpski\/posetite-srbiju\/prirodne-lepote\/"},{"@type":"ListItem","position":4,"name":"Pe\u0107ine","item":"https:\/\/serbia.com\/srpski\/posetite-srbiju\/prirodne-lepote\/pecine\/"},{"@type":"ListItem","position":5,"name":"Stopi\u0107a pe\u0107ina i njen podzemni vodopad"}]},{"@type":"WebSite","@id":"https:\/\/serbia.com\/#website","url":"https:\/\/serbia.com\/","name":"Serbia.com","description":"Your Gateway to Serbia","potentialAction":[{"@type":"SearchAction","target":{"@type":"EntryPoint","urlTemplate":"https:\/\/serbia.com\/?s={search_term_string}"},"query-input":{"@type":"PropertyValueSpecification","valueRequired":true,"valueName":"search_term_string"}}],"inLanguage":"srpski"}]}},"_links":{"self":[{"href":"https:\/\/serbia.com\/srpski\/wp-json\/wp\/v2\/pages\/33080"}],"collection":[{"href":"https:\/\/serbia.com\/srpski\/wp-json\/wp\/v2\/pages"}],"about":[{"href":"https:\/\/serbia.com\/srpski\/wp-json\/wp\/v2\/types\/page"}],"author":[{"embeddable":true,"href":"https:\/\/serbia.com\/srpski\/wp-json\/wp\/v2\/users\/27"}],"replies":[{"embeddable":true,"href":"https:\/\/serbia.com\/srpski\/wp-json\/wp\/v2\/comments?post=33080"}],"version-history":[{"count":1,"href":"https:\/\/serbia.com\/srpski\/wp-json\/wp\/v2\/pages\/33080\/revisions"}],"predecessor-version":[{"id":55750,"href":"https:\/\/serbia.com\/srpski\/wp-json\/wp\/v2\/pages\/33080\/revisions\/55750"}],"up":[{"embeddable":true,"href":"https:\/\/serbia.com\/srpski\/wp-json\/wp\/v2\/pages\/20461"}],"wp:featuredmedia":[{"embeddable":true,"href":"https:\/\/serbia.com\/srpski\/wp-json\/wp\/v2\/media\/16666"}],"wp:attachment":[{"href":"https:\/\/serbia.com\/srpski\/wp-json\/wp\/v2\/media?parent=33080"}],"wp:term":[{"taxonomy":"category","embeddable":true,"href":"https:\/\/serbia.com\/srpski\/wp-json\/wp\/v2\/categories?post=33080"},{"taxonomy":"post_tag","embeddable":true,"href":"https:\/\/serbia.com\/srpski\/wp-json\/wp\/v2\/tags?post=33080"}],"curies":[{"name":"wp","href":"https:\/\/api.w.org\/{rel}","templated":true}]}}