{"id":33058,"date":"2015-05-29T16:00:43","date_gmt":"2015-05-29T14:00:43","guid":{"rendered":"http:\/\/www.serbia.com\/?page_id=33058"},"modified":"2024-10-20T19:57:02","modified_gmt":"2024-10-20T17:57:02","slug":"obedska-bara-carolija-prirode","status":"publish","type":"page","link":"https:\/\/serbia.com\/srpski\/posetite-srbiju\/prirodne-lepote\/reke-i-jezera\/obedska-bara-carolija-prirode\/","title":{"rendered":"Obedska bara, \u010darolija prirode"},"content":{"rendered":"<h4 style=\"text-align: justify;\">Napu\u0161teni meandar Save, jo\u0161 od pre dva milenijuma samostalno prkosi ovoj reci i zasenjuje njene lepote dok proti\u010de kroz jugoisto\u010dni Srem. Danas je nadaleko poznati specijalni rezervat prirode koji privla\u010di turiste, prvenstveno zaljubljenike u floru i faunu, iz \u010ditavog sveta. Mami svojom lepotom, misti\u010dno\u0161\u0107u i rajskom prirodom, a fascinira veli\u010dinom i bogatstvom.<\/h4>\n<p style=\"text-align: justify;\">Nekada deo reke, zatim mrtvaja, a danas mo\u010dvarno podru\u010dje, Obedska bara se prote\u017ee na oko 13 kilometara. Prvo \u0161to vas zadivi kada posetite ovaj \u201craj za ptice\u201d je \u010dinjenica da se prostire dokle vam dose\u017ee pogled \u2013 na nekim mestima je \u0161iroka i do 750 metara.<\/p>\n<p style=\"text-align: justify;\">Ono \u0161to je \u010dini idealnim mestom za mnogobrojne biljne i \u017eivotinjske vrste jeste \u010dinjenica da ovo plavno podru\u010dje u najki\u0161ovitijem delu godine nema ve\u0107u prosecnu dubinu od 2.5 metara.<\/p>\n<p style=\"text-align: justify;\">Obedska bara je <strong>prvi rezervat prirode na svetu nakon Jeloustouna koji je dobio specijalni nivo za\u0161tite me\u0111unarodne prirodne ba\u0161tine<\/strong> i time postao Specijalni rezervat prirode. U na\u0161oj zemlji, za\u0161ti\u0107en je zakonom jos od 1874. godine. Priznat je i kao najzna\u010dajnije stani\u0161te ptica na svetu od mnogih eminentnih organizacija i institucija.<\/p>\n<blockquote><p><em>Legenda ka\u017ee da je Angelina, majka despota \u0110ur\u0111a Brankovi\u0107a spas od Turaka na\u0161la na skeli koja je prelazila Savu. Skela se nasukala na isto\u010dni deo bare i od njenih ostataka je napravljena crkva brvnara. Kasnije je Angelina osnovala \u017eenski manastir Obed po kome je i bara nazvana Obedska bara.<\/em><\/p><\/blockquote>\n<p style=\"text-align: justify;\">Veliko bogatstvo ovog turisti\u010dkog lokaliteta le\u017ei i u raznovrsnim geografskim oblicima. Ceo kompleks Obedske bare \u010dini splet bara, mrtvaja, mo\u010dvara, vla\u017enih livada i \u0161uma. <strong>Ovakav plavni teren jedinstven je na prostoru Evroazije<\/strong>, te je privremeni ili stalni dom velikog broja ptica selica, ali i ve\u010dni muzej stoletnim \u0161umama hrasta lu\u017enjaka.<\/p>\n<h4 style=\"text-align: justify;\">Raznovrsna flora Obedske bare<\/h4>\n<p style=\"text-align: justify;\">U ovom specijalnom prirodnom rezervatu, ukupne povr\u0161ine od oko 10 000 hektara, dom su prona\u0161le na stotine biljnih panonskih, dacijskih, endemskih i mediteranskih vrsta.<\/p>\n<p style=\"text-align: justify;\"><img loading=\"lazy\" decoding=\"async\" class=\"alignleft size-medium wp-image-33052\" src=\"http:\/\/www.serbia.com\/wp-content\/uploads\/2015\/05\/obedska-mala2-300x227.jpg\" alt=\"obedska mala2\" width=\"300\" height=\"227\" srcset=\"https:\/\/serbia.com\/wp-content\/uploads\/2015\/05\/obedska-mala2-300x227.jpg 300w, https:\/\/serbia.com\/wp-content\/uploads\/2015\/05\/obedska-mala2.jpg 320w\" sizes=\"(max-width: 300px) 100vw, 300px\" \/>Broj endemskih vrsta u ovom rezervatu varira godi\u0161nje, te je Obedska bara<strong> jedno od najzanimljivijih mesta za prou\u010davanje flore na starom kontinentu.<\/strong><\/p>\n<p style=\"text-align: justify;\">Neke od najzna\u010dajnijih i najzanimljivijih endemskih vrsta koje ovde mo\u017eete videti su testerica, beli i \u017euti lokvanj, aldrovanda, barska paprat, mo\u010dvarna orhideja, i\u0111irot, barski petolist, banatski razli\u010dak\u2026<\/p>\n<p style=\"text-align: justify;\">Kao prirodni spomenik u specijalnom rezervatu prirode Obedska bara ozna\u010deno je i jedno <strong>stablo Crne topole<\/strong>. \u010cinioci flore pored ukrasne, igraju i veoma va\u017enu medicinsku ulogu. U ovom rezervatu gaji se oko <strong>50 subendemskih biljnih vrsta<\/strong> \u010dije je lekovito dejstvo prepoznato i one se danas koriste u medicinske svrhe.<\/p>\n<p style=\"text-align: justify;\">Zanimljivo je da se u Obedskoj bari mogu na\u0107i i oko <strong>180 vrsta gljiva<\/strong>, <strong>50 vrsta mahovina<\/strong> i \u010dak <strong>500 vrsta vi\u0161ih biljaka<\/strong>.<\/p>\n<h4 style=\"text-align: justify;\">Bogata fauna Obedske bare<\/h4>\n<p style=\"text-align: justify;\">Mo\u017eda najfascinantniji deo ovog raja \u010dini njegova fauna. Po\u010detkom prole\u0107a, pred kraj marta, ptice selice se vra\u0107aju u ove krajeve radi gnez\u0111enja i podizanja potomstva. Do jeseni, pre nego \u0161to krenu na jug, populacija ptica selica dosti\u017ee broj od neverovatnih nekoliko stotina hiljada jedinki, \u0161to Obedsku baru svrstava u <strong>najgu\u0161\u0107e naseljena podru\u010dja mo\u010dvarnim pticama<\/strong>. One se svrstavaju u oko <strong>220 vrsta<\/strong>, od \u010dega su najzna\u010dajnije grupe \u010daplji, komorana i orlova.<\/p>\n<p style=\"text-align: justify;\">Izuzetno su zanimljive i slede\u0107e vrste: \u010daplja ka\u0161ikara, mala bela \u010daplja, crna roda, bela roda, patka crnka, orao kliktavac, orao belorepan, crna lunja, soko lastavi\u010dar, belovrata muharica, crvenrepka i crnogrla strnadica.<br \/>\nPored ptica, koje svakako \u010dine najzna\u010dajniji i najbrojniji deo faune Specijalnog rezervata prirode, \u017eivotno stani\u0161te sanjima deli i oko <strong>50 vrsta sisara<\/strong>, <strong>13 vrsta vodozemac<\/strong><strong>a<\/strong>, <strong>11 vrsta gmizavaca<\/strong> i <strong>16 vrsta riba<\/strong>. Upravo na ovom mestu je uspe\u0161no izvr\u0161eno vra\u0107anje evropskog dabra u njegovo prirodno stani\u0161te.<\/p>\n<p style=\"text-align: justify;\">Obedska bara je tokom visokih vodostaja, prirodno mrestili\u0161te za amure i crveni i beli tolstolobik, koji ulaze u baru iz <a href=\"http:\/\/www.serbia.com\/srpski\/posetite-srbiju\/sta-videti\/prirodne-lepote\/reke-i-jezera\/reka-sava-ispomoc-zevsu\/\">Save<\/a>. Broj vrsta riba po sezonama je pribli\u017eno isti. U letnjim mesecima za vreme su\u0161e,vode ima samo u ve\u0107im oknima, dok podzemne vode u prole\u0107e i jesen uti\u010du na raspored riba po celoj Bari.<\/p>\n<p style=\"text-align: justify;\"><img loading=\"lazy\" decoding=\"async\" class=\"alignright size-medium wp-image-33050\" src=\"http:\/\/www.serbia.com\/wp-content\/uploads\/2015\/05\/obedska-mala-300x300.jpg\" alt=\"obedska mala\" width=\"300\" height=\"300\" srcset=\"https:\/\/serbia.com\/wp-content\/uploads\/2015\/05\/obedska-mala-300x300.jpg 300w, https:\/\/serbia.com\/wp-content\/uploads\/2015\/05\/obedska-mala-150x150.jpg 150w, https:\/\/serbia.com\/wp-content\/uploads\/2015\/05\/obedska-mala.jpg 640w\" sizes=\"(max-width: 300px) 100vw, 300px\" \/>Pored ptica, zvuke lepeta krila u rezervatu prirode Obedska bara svakako upotpunjuju i zvuci velikog broja insekata. Do sada je utvr\u0111eno da je Obedska bara dom za <strong>34 vrste insekata<\/strong>, ili skoro 62% od 55 vrsta poznatih u Srbiji. Vilinski konjic i osolika muva su svakako najbrojniji predstavnici populacije insekata, ali i najzna\u010dajniji, jer ne dozvoljavaju umno\u017eavanja komaraca i smanjuju njihov broj.<\/p>\n<p style=\"text-align: justify;\">Ipak, najzanimljivije i najre\u0111e vrste su jelenak, nosoro\u017eac i lastin repak. Sisari tako\u0111e \u010dine veliki deo \u017eivog sveta Obedske bare. Predstavnici sisara brojni su i poznati, mada i me\u0111u njima ima autohonih vrsta kao \u0161to su: \u0161umska i poljska rov\u010dica, \u0161umski je\u017e, mo\u010dvarna rov\u010dica, krtica, brojne vrste ljiljaka, veliki i puh le\u0161nikar, patuljasti mi\u0161, lisica, hermelin, kuna zlatica, vidre i mnogi drugi.<\/p>\n<p style=\"text-align: justify;\">Poslednja \u017eivotinjska grupa, ali ne i najmanje bitna, sa\u010dinjena je od gmizavaca i vodozemaca. Mnogi od njih mogu se jedino ovde na\u0107i na prostorima \u010ditave biv\u0161e Jugoslavije, a posebno je zanimljiva <strong>\u0161arka, kao jedina zmija otrovnica sa na\u0161eg podneblja<\/strong>, a koja se u Obedskoj bari mo\u017ee na\u0107i u velikom broju.<\/p>\n<h4 style=\"text-align: justify;\">Kada ste ve\u0107 ovde, ne propustite&#8230;<\/h4>\n<p style=\"text-align: justify;\">Ukoliko se odlu\u010dite da posetite Obedsku baru o\u010dekuje vas mnogo zanimljivih i uzbudljivih stvari koje ovde mo\u017eete da radite. Svakako najpopularnija aktivnost je <strong>posmatranje ptica<\/strong>, zatim <strong>organizovane pe\u0161a\u010dke ture sa vodi\u010dem<\/strong>, <strong>rekreativni ribolov<\/strong>, <strong>lov na krupnu divlja\u010d<\/strong>, <strong>izleti<\/strong> i <strong>obila\u017eenje kulturno istorisjkih znamenitosti<\/strong>.<\/p>\n<p style=\"text-align: justify;\">U selu Kupinovo nalaze se ostaci <strong>utvr\u0111enja Kupinik iz 1388.godine<\/strong>, ostaci <strong>grada Kupinika iz 15. veka<\/strong> i <strong>manastira Obre\u017e<\/strong> sagra\u0111enog 1501. godine. Nedaleko od ostataka utvr\u0111enja i grada, nalazi se <strong>crkva Sv. Luke<\/strong> iz 1486. godine koja je vi\u0161e puta razarana. Na velikom ostrvu nalazi se i <strong>srednjovekovna crkva Majke Angeline<\/strong>, a nedaleko od nje je i kasnije <strong>podignuta crkva Svetog Duha<\/strong>.<\/p>\n<p style=\"text-align: justify;\">Za \u0161ta god da se odlu\u010dite, dobar provod je zagarantovan!<\/p>\n","protected":false},"excerpt":{"rendered":"<p>Napu\u0161teni meandar Save, jo\u0161 od pre dva milenijuma samostalno prkosi ovoj reci i zasenjuje njene lepote dok proti\u010de kroz jugoisto\u010dni Srem. Danas je nadaleko poznati specijalni rezervat prirode koji privla\u010di [&hellip;]<\/p>\n","protected":false},"author":27,"featured_media":33044,"parent":20465,"menu_order":0,"comment_status":"closed","ping_status":"closed","template":"","meta":{"_acf_changed":false,"inline_featured_image":false,"_monsterinsights_skip_tracking":false,"_monsterinsights_sitenote_active":false,"_monsterinsights_sitenote_note":"","_monsterinsights_sitenote_category":0,"footnotes":""},"categories":[1656],"tags":[],"class_list":["post-33058","page","type-page","status-publish","has-post-thumbnail","hentry","category-reke-jezera"],"acf":[],"yoast_head":"<!-- This site is optimized with the Yoast SEO plugin v23.8 - https:\/\/yoast.com\/wordpress\/plugins\/seo\/ -->\n<title>Obedska bara, \u010darolija prirode - Serbia.com<\/title>\n<meta name=\"robots\" content=\"index, follow, max-snippet:-1, max-image-preview:large, max-video-preview:-1\" \/>\n<link rel=\"canonical\" href=\"https:\/\/serbia.com\/srpski\/posetite-srbiju\/prirodne-lepote\/reke-i-jezera\/obedska-bara-carolija-prirode\/\" \/>\n<meta property=\"og:locale\" content=\"en_US\" \/>\n<meta property=\"og:type\" content=\"article\" \/>\n<meta property=\"og:title\" content=\"Obedska bara, \u010darolija prirode - Serbia.com\" \/>\n<meta property=\"og:description\" content=\"Napu\u0161teni meandar Save, jo\u0161 od pre dva milenijuma samostalno prkosi ovoj reci i zasenjuje njene lepote dok proti\u010de kroz jugoisto\u010dni Srem. Danas je nadaleko poznati specijalni rezervat prirode koji privla\u010di [&hellip;]\" \/>\n<meta property=\"og:url\" content=\"https:\/\/serbia.com\/srpski\/posetite-srbiju\/prirodne-lepote\/reke-i-jezera\/obedska-bara-carolija-prirode\/\" \/>\n<meta property=\"og:site_name\" content=\"Serbia.com\" \/>\n<meta property=\"article:modified_time\" content=\"2024-10-20T17:57:02+00:00\" \/>\n<meta property=\"og:image\" content=\"https:\/\/serbia.com\/wp-content\/uploads\/2015\/05\/obedska222.jpg\" \/>\n\t<meta property=\"og:image:width\" content=\"1600\" \/>\n\t<meta property=\"og:image:height\" content=\"564\" \/>\n\t<meta property=\"og:image:type\" content=\"image\/jpeg\" \/>\n<meta name=\"twitter:label1\" content=\"Est. reading time\" \/>\n\t<meta name=\"twitter:data1\" content=\"5 minutes\" \/>\n<script type=\"application\/ld+json\" class=\"yoast-schema-graph\">{\"@context\":\"https:\/\/schema.org\",\"@graph\":[{\"@type\":\"WebPage\",\"@id\":\"https:\/\/serbia.com\/srpski\/posetite-srbiju\/prirodne-lepote\/reke-i-jezera\/obedska-bara-carolija-prirode\/\",\"url\":\"https:\/\/serbia.com\/srpski\/posetite-srbiju\/prirodne-lepote\/reke-i-jezera\/obedska-bara-carolija-prirode\/\",\"name\":\"Obedska bara, \u010darolija prirode - Serbia.com\",\"isPartOf\":{\"@id\":\"https:\/\/serbia.com\/#website\"},\"primaryImageOfPage\":{\"@id\":\"https:\/\/serbia.com\/srpski\/posetite-srbiju\/prirodne-lepote\/reke-i-jezera\/obedska-bara-carolija-prirode\/#primaryimage\"},\"image\":{\"@id\":\"https:\/\/serbia.com\/srpski\/posetite-srbiju\/prirodne-lepote\/reke-i-jezera\/obedska-bara-carolija-prirode\/#primaryimage\"},\"thumbnailUrl\":\"https:\/\/serbia.com\/wp-content\/uploads\/2015\/05\/obedska222.jpg\",\"datePublished\":\"2015-05-29T14:00:43+00:00\",\"dateModified\":\"2024-10-20T17:57:02+00:00\",\"breadcrumb\":{\"@id\":\"https:\/\/serbia.com\/srpski\/posetite-srbiju\/prirodne-lepote\/reke-i-jezera\/obedska-bara-carolija-prirode\/#breadcrumb\"},\"inLanguage\":\"srpski\",\"potentialAction\":[{\"@type\":\"ReadAction\",\"target\":[\"https:\/\/serbia.com\/srpski\/posetite-srbiju\/prirodne-lepote\/reke-i-jezera\/obedska-bara-carolija-prirode\/\"]}]},{\"@type\":\"ImageObject\",\"inLanguage\":\"srpski\",\"@id\":\"https:\/\/serbia.com\/srpski\/posetite-srbiju\/prirodne-lepote\/reke-i-jezera\/obedska-bara-carolija-prirode\/#primaryimage\",\"url\":\"https:\/\/serbia.com\/wp-content\/uploads\/2015\/05\/obedska222.jpg\",\"contentUrl\":\"https:\/\/serbia.com\/wp-content\/uploads\/2015\/05\/obedska222.jpg\",\"width\":1600,\"height\":564},{\"@type\":\"BreadcrumbList\",\"@id\":\"https:\/\/serbia.com\/srpski\/posetite-srbiju\/prirodne-lepote\/reke-i-jezera\/obedska-bara-carolija-prirode\/#breadcrumb\",\"itemListElement\":[{\"@type\":\"ListItem\",\"position\":1,\"name\":\"Home\",\"item\":\"https:\/\/serbia.com\/srpski\/\"},{\"@type\":\"ListItem\",\"position\":2,\"name\":\"Poseti Srbiju\",\"item\":\"https:\/\/serbia.com\/srpski\/posetite-srbiju\/\"},{\"@type\":\"ListItem\",\"position\":3,\"name\":\"Prirodne lepote\",\"item\":\"https:\/\/serbia.com\/srpski\/posetite-srbiju\/prirodne-lepote\/\"},{\"@type\":\"ListItem\",\"position\":4,\"name\":\"Reke i jezera\",\"item\":\"https:\/\/serbia.com\/srpski\/posetite-srbiju\/prirodne-lepote\/reke-i-jezera\/\"},{\"@type\":\"ListItem\",\"position\":5,\"name\":\"Obedska bara, \u010darolija prirode\"}]},{\"@type\":\"WebSite\",\"@id\":\"https:\/\/serbia.com\/#website\",\"url\":\"https:\/\/serbia.com\/\",\"name\":\"Serbia.com\",\"description\":\"Your Gateway to Serbia\",\"potentialAction\":[{\"@type\":\"SearchAction\",\"target\":{\"@type\":\"EntryPoint\",\"urlTemplate\":\"https:\/\/serbia.com\/?s={search_term_string}\"},\"query-input\":{\"@type\":\"PropertyValueSpecification\",\"valueRequired\":true,\"valueName\":\"search_term_string\"}}],\"inLanguage\":\"srpski\"}]}<\/script>\n<!-- \/ Yoast SEO plugin. -->","yoast_head_json":{"title":"Obedska bara, \u010darolija prirode - Serbia.com","robots":{"index":"index","follow":"follow","max-snippet":"max-snippet:-1","max-image-preview":"max-image-preview:large","max-video-preview":"max-video-preview:-1"},"canonical":"https:\/\/serbia.com\/srpski\/posetite-srbiju\/prirodne-lepote\/reke-i-jezera\/obedska-bara-carolija-prirode\/","og_locale":"en_US","og_type":"article","og_title":"Obedska bara, \u010darolija prirode - Serbia.com","og_description":"Napu\u0161teni meandar Save, jo\u0161 od pre dva milenijuma samostalno prkosi ovoj reci i zasenjuje njene lepote dok proti\u010de kroz jugoisto\u010dni Srem. Danas je nadaleko poznati specijalni rezervat prirode koji privla\u010di [&hellip;]","og_url":"https:\/\/serbia.com\/srpski\/posetite-srbiju\/prirodne-lepote\/reke-i-jezera\/obedska-bara-carolija-prirode\/","og_site_name":"Serbia.com","article_modified_time":"2024-10-20T17:57:02+00:00","og_image":[{"width":1600,"height":564,"url":"https:\/\/serbia.com\/wp-content\/uploads\/2015\/05\/obedska222.jpg","type":"image\/jpeg"}],"twitter_misc":{"Est. reading time":"5 minutes"},"schema":{"@context":"https:\/\/schema.org","@graph":[{"@type":"WebPage","@id":"https:\/\/serbia.com\/srpski\/posetite-srbiju\/prirodne-lepote\/reke-i-jezera\/obedska-bara-carolija-prirode\/","url":"https:\/\/serbia.com\/srpski\/posetite-srbiju\/prirodne-lepote\/reke-i-jezera\/obedska-bara-carolija-prirode\/","name":"Obedska bara, \u010darolija prirode - Serbia.com","isPartOf":{"@id":"https:\/\/serbia.com\/#website"},"primaryImageOfPage":{"@id":"https:\/\/serbia.com\/srpski\/posetite-srbiju\/prirodne-lepote\/reke-i-jezera\/obedska-bara-carolija-prirode\/#primaryimage"},"image":{"@id":"https:\/\/serbia.com\/srpski\/posetite-srbiju\/prirodne-lepote\/reke-i-jezera\/obedska-bara-carolija-prirode\/#primaryimage"},"thumbnailUrl":"https:\/\/serbia.com\/wp-content\/uploads\/2015\/05\/obedska222.jpg","datePublished":"2015-05-29T14:00:43+00:00","dateModified":"2024-10-20T17:57:02+00:00","breadcrumb":{"@id":"https:\/\/serbia.com\/srpski\/posetite-srbiju\/prirodne-lepote\/reke-i-jezera\/obedska-bara-carolija-prirode\/#breadcrumb"},"inLanguage":"srpski","potentialAction":[{"@type":"ReadAction","target":["https:\/\/serbia.com\/srpski\/posetite-srbiju\/prirodne-lepote\/reke-i-jezera\/obedska-bara-carolija-prirode\/"]}]},{"@type":"ImageObject","inLanguage":"srpski","@id":"https:\/\/serbia.com\/srpski\/posetite-srbiju\/prirodne-lepote\/reke-i-jezera\/obedska-bara-carolija-prirode\/#primaryimage","url":"https:\/\/serbia.com\/wp-content\/uploads\/2015\/05\/obedska222.jpg","contentUrl":"https:\/\/serbia.com\/wp-content\/uploads\/2015\/05\/obedska222.jpg","width":1600,"height":564},{"@type":"BreadcrumbList","@id":"https:\/\/serbia.com\/srpski\/posetite-srbiju\/prirodne-lepote\/reke-i-jezera\/obedska-bara-carolija-prirode\/#breadcrumb","itemListElement":[{"@type":"ListItem","position":1,"name":"Home","item":"https:\/\/serbia.com\/srpski\/"},{"@type":"ListItem","position":2,"name":"Poseti Srbiju","item":"https:\/\/serbia.com\/srpski\/posetite-srbiju\/"},{"@type":"ListItem","position":3,"name":"Prirodne lepote","item":"https:\/\/serbia.com\/srpski\/posetite-srbiju\/prirodne-lepote\/"},{"@type":"ListItem","position":4,"name":"Reke i jezera","item":"https:\/\/serbia.com\/srpski\/posetite-srbiju\/prirodne-lepote\/reke-i-jezera\/"},{"@type":"ListItem","position":5,"name":"Obedska bara, \u010darolija prirode"}]},{"@type":"WebSite","@id":"https:\/\/serbia.com\/#website","url":"https:\/\/serbia.com\/","name":"Serbia.com","description":"Your Gateway to Serbia","potentialAction":[{"@type":"SearchAction","target":{"@type":"EntryPoint","urlTemplate":"https:\/\/serbia.com\/?s={search_term_string}"},"query-input":{"@type":"PropertyValueSpecification","valueRequired":true,"valueName":"search_term_string"}}],"inLanguage":"srpski"}]}},"_links":{"self":[{"href":"https:\/\/serbia.com\/srpski\/wp-json\/wp\/v2\/pages\/33058"}],"collection":[{"href":"https:\/\/serbia.com\/srpski\/wp-json\/wp\/v2\/pages"}],"about":[{"href":"https:\/\/serbia.com\/srpski\/wp-json\/wp\/v2\/types\/page"}],"author":[{"embeddable":true,"href":"https:\/\/serbia.com\/srpski\/wp-json\/wp\/v2\/users\/27"}],"replies":[{"embeddable":true,"href":"https:\/\/serbia.com\/srpski\/wp-json\/wp\/v2\/comments?post=33058"}],"version-history":[{"count":1,"href":"https:\/\/serbia.com\/srpski\/wp-json\/wp\/v2\/pages\/33058\/revisions"}],"predecessor-version":[{"id":55740,"href":"https:\/\/serbia.com\/srpski\/wp-json\/wp\/v2\/pages\/33058\/revisions\/55740"}],"up":[{"embeddable":true,"href":"https:\/\/serbia.com\/srpski\/wp-json\/wp\/v2\/pages\/20465"}],"wp:featuredmedia":[{"embeddable":true,"href":"https:\/\/serbia.com\/srpski\/wp-json\/wp\/v2\/media\/33044"}],"wp:attachment":[{"href":"https:\/\/serbia.com\/srpski\/wp-json\/wp\/v2\/media?parent=33058"}],"wp:term":[{"taxonomy":"category","embeddable":true,"href":"https:\/\/serbia.com\/srpski\/wp-json\/wp\/v2\/categories?post=33058"},{"taxonomy":"post_tag","embeddable":true,"href":"https:\/\/serbia.com\/srpski\/wp-json\/wp\/v2\/tags?post=33058"}],"curies":[{"name":"wp","href":"https:\/\/api.w.org\/{rel}","templated":true}]}}