{"id":32856,"date":"2015-05-28T00:50:48","date_gmt":"2015-05-27T22:50:48","guid":{"rendered":"http:\/\/www.serbia.com\/?page_id=32856"},"modified":"2024-10-20T19:56:13","modified_gmt":"2024-10-20T17:56:13","slug":"dunav-mesto-spajanja-i-razdvajanja","status":"publish","type":"page","link":"https:\/\/serbia.com\/srpski\/posetite-srbiju\/prirodne-lepote\/reke-i-jezera\/dunav-mesto-spajanja-i-razdvajanja\/","title":{"rendered":"Dunav, mesto spajanja i razdvajanja"},"content":{"rendered":"<h4>Kao va\u017ean deo istorije Srbije, Dunav, grandiozni spomenik prirode, bio je i ostao mesto spajanja i razdvajanja dr\u017eava i naroda<\/h4>\n<p>Ne postoji reka koja bolje od Dunava oslikava svu razli\u010ditost, slo\u017eenost, ali i lepotu Srbije. Dunav je oduvek bio veoma va\u017ean deo istorije ovih prostora. <strong>Druga po veli\u010dini reka Evrope,<\/strong> on je mnogo vekova \u010dinio prirodnu granicu Srbije i Austrougarskog carstva, a i simboli\u010dno je bio linija koja je delila Istok i Zapad.<\/p>\n<p>Danas, ova reka mnogo vi\u0161e spaja nego \u0161to razdvaja ljude. Ona prolazi kroz deset zemalja, a tvr\u0111ave i utvr\u0111enja na njenoj obali ostala iz pro\u0161losti, kao i moderni gradovi, \u010dine je i najpopularnijom evropskom rekom za turisti\u010dka krstarenja. Samo u Srbiji, plove\u0107i dolinom Dunava vide\u0107ete <strong>ostatke sedam <a href=\"http:\/\/www.serbia.com\/srpski\/posetite-srbiju\/kulturne-atrakcije\/dvorci-i-tvrdave\/\" target=\"_blank\" rel=\"noopener\">tvr\u0111ava<\/a> i pro\u0107i pored nekih od najlep\u0161ih <a href=\"http:\/\/www.serbia.com\/srpski\/posetite-srbiju\/gradovi\/\" target=\"_blank\" rel=\"noopener\">gradova<\/a> ove zemlje.<\/strong><\/p>\n<p>Dunav nastaje spajanjem manjih reka Brege i Brigaha na planini \u0160varcvald u Nema\u010dkoj, a uliva se u Crno more na teritoriji Rumunije. Deo je plovnog kanala Rajna-Majna-Dunav.<\/p>\n<p>Kroz Srbiju te\u010de od granice sa Hrvatskom i Ma\u0111arskom do granice sa Rumunijom i Bugarskom du\u017einom od 588 kilometara. Plovan je celim svojim tokom kroz Srbiju i <strong>proti\u010de kroz dva najve\u0107a gradska turisti\u010dka centra ove zemlje \u2013 <a href=\"http:\/\/www.serbia.com\/srpski\/posetite-srbiju\/gradovi\/beograd\/\" target=\"_blank\" rel=\"noopener\">Beograd<\/a>\u00a0i <a href=\"http:\/\/www.serbia.com\/srpski\/posetite-srbiju\/gradovi\/novi-sad\/\" target=\"_blank\" rel=\"noopener\">Novi Sad<\/a>.<\/strong><\/p>\n<p>U Vojvodini, Dunav je deo <strong>kanala Dunav-Tisa-Dunav<\/strong> izgra\u0111enog za za\u0161titu od poplava i navodnjavanje. Ovaj kanal izuzetno je atraktivan za vo\u017enju brodom ili \u010damcem, a pravo je mesto i za ljubitelje pecanja \u017eeljne dobrog ulova.<\/p>\n<p><img loading=\"lazy\" decoding=\"async\" class=\"aligncenter wp-image-32853 size-full\" src=\"http:\/\/www.serbia.com\/wp-content\/uploads\/2015\/05\/09-dunav-danube.jpg\" alt=\"09-dunav-danube\" width=\"800\" height=\"533\" srcset=\"https:\/\/serbia.com\/wp-content\/uploads\/2015\/05\/09-dunav-danube.jpg 800w, https:\/\/serbia.com\/wp-content\/uploads\/2015\/05\/09-dunav-danube-300x200.jpg 300w\" sizes=\"(max-width: 800px) 100vw, 800px\" \/><\/p>\n<p>Svi oni koji se upute na plovidbu Dunavnom ima\u0107e priliku da u\u017eivaju u jedinstvenom spoju kulturno-istorijskih spomenika i prirodnih lepota Srbije. Od savremenih gradova do drevnih tvr\u0111ava, ova reka prolazi i kroz dva nacionalna parka \u2013 <a href=\"http:\/\/www.serbia.com\/srpski\/posetite-srbiju\/prirodne-lepote\/reke-i-jezera\/derdap-magicni-spoj-prirode-i-kulture\/\" target=\"_blank\" rel=\"noopener\"><strong>\u0110erdap<\/strong><\/a> i <a href=\"http:\/\/www.serbia.com\/srpski\/posetite-srbiju\/prirodne-lepote\/planine\/fruska-gora-nekada-ostrvo-danas-planina\/\" target=\"_blank\" rel=\"noopener\"><strong>Fru\u0161ka Gora<\/strong><\/a>, a svojim tokom useca i <strong>najve\u0107u klisuru Evrope \u2013 \u0110erdapsku klisuru<\/strong>.<\/p>\n<p>Ovaj grandiozni spomenik prirode, dom je mnogobrojnih biljnih i \u017eivotinjskih vrsta i pravo je mesto za sve koji vole miran i opu\u0161taju\u0107i odmor u prirodi daleko od velikih gradova.<\/p>\n<p>Kako je Dunav od davnina bio granica raznih carstava i naroda, na njegovim obalama je mogu\u0107e videti veliki broj utvr\u0111enja i tvr\u0111ava.<\/p>\n<p>Idu\u0107i dolinom Dunava, od njegovog ulaska u Srbiju prema istoku, mogu\u0107e je videti ostatke slede\u0107ih tvr\u0111ava: <strong>Ba\u010d<\/strong>, <a href=\"http:\/\/www.serbia.com\/srpski\/posetite-srbiju\/kulturne-atrakcije\/dvorci-i-tvrdave\/petrovaradinska-tvrdava-gibraltar-na-dunavu\/\" target=\"_blank\" rel=\"noopener\"><strong>Petrovaradin<\/strong><\/a>, <a href=\"http:\/\/www.serbia.com\/srpski\/posetite-srbiju\/kulturne-atrakcije\/dvorci-i-tvrdave\/beogradska-tvrdava-put-stopama-istorije\/\" target=\"_blank\" rel=\"noopener\"><strong>Beograd<\/strong><\/a>, <a href=\"http:\/\/www.serbia.com\/srpski\/posetite-srbiju\/kulturne-atrakcije\/dvorci-i-tvrdave\/smederevska-tvrdava-grad-proklete-jerine\/\" target=\"_blank\" rel=\"noopener\"><strong>Smederevo<\/strong><\/a>, <strong>Ram<\/strong>, <a href=\"http:\/\/www.serbia.com\/srpski\/posetite-srbiju\/kulturne-atrakcije\/dvorci-i-tvrdave\/golubac\/\" target=\"_blank\" rel=\"noopener\"><strong>Golubac<\/strong><\/a> i <strong>Fetislam<\/strong>. Obi\u0107i i \u010duti istoriju, legende i mitove ovih mesta, zna\u010di upoznati i razumeti dobar deo <a href=\"http:\/\/www.serbia.com\/srpski\/o-srbiji\/istorija\/\">srpske istorije<\/a>, pa ih zato preporu\u010dujemo kao mesta koja ne bi trebalo propustiti.<\/p>\n<p>Na Dunavu se nalaze i <strong>hidroelektrane \u201c\u0110erdap I\u201d i \u201c\u0110erdap II\u201d<\/strong> od kojih je prva izgra\u0111ena davne 1972. godine u saradnji sa Rumunijom, a obe su i danas u funkciji.<\/p>\n<h4>Kada ste ve\u0107 ovde, ne propustite\u2026<\/h4>\n<p><strong>Na Dunavu se odvijaju najve\u0107i muzi\u010dki festivali u Srbiji.<\/strong><\/p>\n<p>Na Petrovaradinskoj tvr\u0111avi, u prvoj polovini jula odr\u017eava se jedan od najve\u0107ih evropskih muzi\u010dkih festivala \u2013 <a href=\"http:\/\/www.serbia.com\/srpski\/posetite-srbiju\/kulturne-atrakcije\/festivali-i-manifestacije\/exit-festival-najbolji-u-regionu\/\" target=\"_blank\" rel=\"noopener\"><strong>EXIT festival<\/strong><\/a>, na kome mo\u017eete \u010duti najve\u0107a svetska muzi\u010dka imena.<\/p>\n<p>Na u\u0161\u0107u <a href=\"http:\/\/www.serbia.com\/srpski\/posetite-srbiju\/prirodne-lepote\/reke-i-jezera\/reka-sava-ispomoc-zevsu\/\" target=\"_blank\" rel=\"noopener\">Save<\/a> i Dunava u Beogradu, u drugoj polovini avgusta, odvija se <a href=\"http:\/\/www.serbia.com\/srpski\/posetite-srbiju\/kulturne-atrakcije\/festivali-i-manifestacije\/beer-fest-u-beogradu\/\" target=\"_blank\" rel=\"noopener\"><strong>Beer Fest<\/strong><\/a> gde \u0107ete se sigurno dobro zabaviti uz hladno pivo i dobru muziku regionalnih i doma\u0107ih bendova.<\/p>\n","protected":false},"excerpt":{"rendered":"<p>Kao va\u017ean deo istorije Srbije, Dunav, grandiozni spomenik prirode, bio je i ostao mesto spajanja i razdvajanja dr\u017eava i naroda Ne postoji reka koja bolje od Dunava oslikava svu razli\u010ditost, [&hellip;]<\/p>\n","protected":false},"author":27,"featured_media":32850,"parent":20465,"menu_order":0,"comment_status":"closed","ping_status":"closed","template":"","meta":{"_acf_changed":false,"inline_featured_image":false,"_monsterinsights_skip_tracking":false,"_monsterinsights_sitenote_active":false,"_monsterinsights_sitenote_note":"","_monsterinsights_sitenote_category":0,"footnotes":""},"categories":[1656],"tags":[],"class_list":["post-32856","page","type-page","status-publish","has-post-thumbnail","hentry","category-reke-jezera"],"acf":[],"yoast_head":"<!-- This site is optimized with the Yoast SEO plugin v23.8 - https:\/\/yoast.com\/wordpress\/plugins\/seo\/ -->\n<title>Dunav, mesto spajanja i razdvajanja - Serbia.com<\/title>\n<meta name=\"robots\" content=\"index, follow, max-snippet:-1, max-image-preview:large, max-video-preview:-1\" \/>\n<link rel=\"canonical\" href=\"https:\/\/serbia.com\/srpski\/posetite-srbiju\/prirodne-lepote\/reke-i-jezera\/dunav-mesto-spajanja-i-razdvajanja\/\" \/>\n<meta property=\"og:locale\" content=\"en_US\" \/>\n<meta property=\"og:type\" content=\"article\" \/>\n<meta property=\"og:title\" content=\"Dunav, mesto spajanja i razdvajanja - Serbia.com\" \/>\n<meta property=\"og:description\" content=\"Kao va\u017ean deo istorije Srbije, Dunav, grandiozni spomenik prirode, bio je i ostao mesto spajanja i razdvajanja dr\u017eava i naroda Ne postoji reka koja bolje od Dunava oslikava svu razli\u010ditost, [&hellip;]\" \/>\n<meta property=\"og:url\" content=\"https:\/\/serbia.com\/srpski\/posetite-srbiju\/prirodne-lepote\/reke-i-jezera\/dunav-mesto-spajanja-i-razdvajanja\/\" \/>\n<meta property=\"og:site_name\" content=\"Serbia.com\" \/>\n<meta property=\"article:modified_time\" content=\"2024-10-20T17:56:13+00:00\" \/>\n<meta property=\"og:image\" content=\"https:\/\/serbia.com\/wp-content\/uploads\/2015\/05\/dunav3.jpg\" \/>\n\t<meta property=\"og:image:width\" content=\"1600\" \/>\n\t<meta property=\"og:image:height\" content=\"595\" \/>\n\t<meta property=\"og:image:type\" content=\"image\/jpeg\" \/>\n<meta name=\"twitter:label1\" content=\"Est. reading time\" \/>\n\t<meta name=\"twitter:data1\" content=\"3 minutes\" \/>\n<script type=\"application\/ld+json\" class=\"yoast-schema-graph\">{\"@context\":\"https:\/\/schema.org\",\"@graph\":[{\"@type\":\"WebPage\",\"@id\":\"https:\/\/serbia.com\/srpski\/posetite-srbiju\/prirodne-lepote\/reke-i-jezera\/dunav-mesto-spajanja-i-razdvajanja\/\",\"url\":\"https:\/\/serbia.com\/srpski\/posetite-srbiju\/prirodne-lepote\/reke-i-jezera\/dunav-mesto-spajanja-i-razdvajanja\/\",\"name\":\"Dunav, mesto spajanja i razdvajanja - Serbia.com\",\"isPartOf\":{\"@id\":\"https:\/\/serbia.com\/#website\"},\"primaryImageOfPage\":{\"@id\":\"https:\/\/serbia.com\/srpski\/posetite-srbiju\/prirodne-lepote\/reke-i-jezera\/dunav-mesto-spajanja-i-razdvajanja\/#primaryimage\"},\"image\":{\"@id\":\"https:\/\/serbia.com\/srpski\/posetite-srbiju\/prirodne-lepote\/reke-i-jezera\/dunav-mesto-spajanja-i-razdvajanja\/#primaryimage\"},\"thumbnailUrl\":\"https:\/\/serbia.com\/wp-content\/uploads\/2015\/05\/dunav3.jpg\",\"datePublished\":\"2015-05-27T22:50:48+00:00\",\"dateModified\":\"2024-10-20T17:56:13+00:00\",\"breadcrumb\":{\"@id\":\"https:\/\/serbia.com\/srpski\/posetite-srbiju\/prirodne-lepote\/reke-i-jezera\/dunav-mesto-spajanja-i-razdvajanja\/#breadcrumb\"},\"inLanguage\":\"srpski\",\"potentialAction\":[{\"@type\":\"ReadAction\",\"target\":[\"https:\/\/serbia.com\/srpski\/posetite-srbiju\/prirodne-lepote\/reke-i-jezera\/dunav-mesto-spajanja-i-razdvajanja\/\"]}]},{\"@type\":\"ImageObject\",\"inLanguage\":\"srpski\",\"@id\":\"https:\/\/serbia.com\/srpski\/posetite-srbiju\/prirodne-lepote\/reke-i-jezera\/dunav-mesto-spajanja-i-razdvajanja\/#primaryimage\",\"url\":\"https:\/\/serbia.com\/wp-content\/uploads\/2015\/05\/dunav3.jpg\",\"contentUrl\":\"https:\/\/serbia.com\/wp-content\/uploads\/2015\/05\/dunav3.jpg\",\"width\":1600,\"height\":595},{\"@type\":\"BreadcrumbList\",\"@id\":\"https:\/\/serbia.com\/srpski\/posetite-srbiju\/prirodne-lepote\/reke-i-jezera\/dunav-mesto-spajanja-i-razdvajanja\/#breadcrumb\",\"itemListElement\":[{\"@type\":\"ListItem\",\"position\":1,\"name\":\"Home\",\"item\":\"https:\/\/serbia.com\/srpski\/\"},{\"@type\":\"ListItem\",\"position\":2,\"name\":\"Poseti Srbiju\",\"item\":\"https:\/\/serbia.com\/srpski\/posetite-srbiju\/\"},{\"@type\":\"ListItem\",\"position\":3,\"name\":\"Prirodne lepote\",\"item\":\"https:\/\/serbia.com\/srpski\/posetite-srbiju\/prirodne-lepote\/\"},{\"@type\":\"ListItem\",\"position\":4,\"name\":\"Reke i jezera\",\"item\":\"https:\/\/serbia.com\/srpski\/posetite-srbiju\/prirodne-lepote\/reke-i-jezera\/\"},{\"@type\":\"ListItem\",\"position\":5,\"name\":\"Dunav, mesto spajanja i razdvajanja\"}]},{\"@type\":\"WebSite\",\"@id\":\"https:\/\/serbia.com\/#website\",\"url\":\"https:\/\/serbia.com\/\",\"name\":\"Serbia.com\",\"description\":\"Your Gateway to Serbia\",\"potentialAction\":[{\"@type\":\"SearchAction\",\"target\":{\"@type\":\"EntryPoint\",\"urlTemplate\":\"https:\/\/serbia.com\/?s={search_term_string}\"},\"query-input\":{\"@type\":\"PropertyValueSpecification\",\"valueRequired\":true,\"valueName\":\"search_term_string\"}}],\"inLanguage\":\"srpski\"}]}<\/script>\n<!-- \/ Yoast SEO plugin. -->","yoast_head_json":{"title":"Dunav, mesto spajanja i razdvajanja - Serbia.com","robots":{"index":"index","follow":"follow","max-snippet":"max-snippet:-1","max-image-preview":"max-image-preview:large","max-video-preview":"max-video-preview:-1"},"canonical":"https:\/\/serbia.com\/srpski\/posetite-srbiju\/prirodne-lepote\/reke-i-jezera\/dunav-mesto-spajanja-i-razdvajanja\/","og_locale":"en_US","og_type":"article","og_title":"Dunav, mesto spajanja i razdvajanja - Serbia.com","og_description":"Kao va\u017ean deo istorije Srbije, Dunav, grandiozni spomenik prirode, bio je i ostao mesto spajanja i razdvajanja dr\u017eava i naroda Ne postoji reka koja bolje od Dunava oslikava svu razli\u010ditost, [&hellip;]","og_url":"https:\/\/serbia.com\/srpski\/posetite-srbiju\/prirodne-lepote\/reke-i-jezera\/dunav-mesto-spajanja-i-razdvajanja\/","og_site_name":"Serbia.com","article_modified_time":"2024-10-20T17:56:13+00:00","og_image":[{"width":1600,"height":595,"url":"https:\/\/serbia.com\/wp-content\/uploads\/2015\/05\/dunav3.jpg","type":"image\/jpeg"}],"twitter_misc":{"Est. reading time":"3 minutes"},"schema":{"@context":"https:\/\/schema.org","@graph":[{"@type":"WebPage","@id":"https:\/\/serbia.com\/srpski\/posetite-srbiju\/prirodne-lepote\/reke-i-jezera\/dunav-mesto-spajanja-i-razdvajanja\/","url":"https:\/\/serbia.com\/srpski\/posetite-srbiju\/prirodne-lepote\/reke-i-jezera\/dunav-mesto-spajanja-i-razdvajanja\/","name":"Dunav, mesto spajanja i razdvajanja - Serbia.com","isPartOf":{"@id":"https:\/\/serbia.com\/#website"},"primaryImageOfPage":{"@id":"https:\/\/serbia.com\/srpski\/posetite-srbiju\/prirodne-lepote\/reke-i-jezera\/dunav-mesto-spajanja-i-razdvajanja\/#primaryimage"},"image":{"@id":"https:\/\/serbia.com\/srpski\/posetite-srbiju\/prirodne-lepote\/reke-i-jezera\/dunav-mesto-spajanja-i-razdvajanja\/#primaryimage"},"thumbnailUrl":"https:\/\/serbia.com\/wp-content\/uploads\/2015\/05\/dunav3.jpg","datePublished":"2015-05-27T22:50:48+00:00","dateModified":"2024-10-20T17:56:13+00:00","breadcrumb":{"@id":"https:\/\/serbia.com\/srpski\/posetite-srbiju\/prirodne-lepote\/reke-i-jezera\/dunav-mesto-spajanja-i-razdvajanja\/#breadcrumb"},"inLanguage":"srpski","potentialAction":[{"@type":"ReadAction","target":["https:\/\/serbia.com\/srpski\/posetite-srbiju\/prirodne-lepote\/reke-i-jezera\/dunav-mesto-spajanja-i-razdvajanja\/"]}]},{"@type":"ImageObject","inLanguage":"srpski","@id":"https:\/\/serbia.com\/srpski\/posetite-srbiju\/prirodne-lepote\/reke-i-jezera\/dunav-mesto-spajanja-i-razdvajanja\/#primaryimage","url":"https:\/\/serbia.com\/wp-content\/uploads\/2015\/05\/dunav3.jpg","contentUrl":"https:\/\/serbia.com\/wp-content\/uploads\/2015\/05\/dunav3.jpg","width":1600,"height":595},{"@type":"BreadcrumbList","@id":"https:\/\/serbia.com\/srpski\/posetite-srbiju\/prirodne-lepote\/reke-i-jezera\/dunav-mesto-spajanja-i-razdvajanja\/#breadcrumb","itemListElement":[{"@type":"ListItem","position":1,"name":"Home","item":"https:\/\/serbia.com\/srpski\/"},{"@type":"ListItem","position":2,"name":"Poseti Srbiju","item":"https:\/\/serbia.com\/srpski\/posetite-srbiju\/"},{"@type":"ListItem","position":3,"name":"Prirodne lepote","item":"https:\/\/serbia.com\/srpski\/posetite-srbiju\/prirodne-lepote\/"},{"@type":"ListItem","position":4,"name":"Reke i jezera","item":"https:\/\/serbia.com\/srpski\/posetite-srbiju\/prirodne-lepote\/reke-i-jezera\/"},{"@type":"ListItem","position":5,"name":"Dunav, mesto spajanja i razdvajanja"}]},{"@type":"WebSite","@id":"https:\/\/serbia.com\/#website","url":"https:\/\/serbia.com\/","name":"Serbia.com","description":"Your Gateway to Serbia","potentialAction":[{"@type":"SearchAction","target":{"@type":"EntryPoint","urlTemplate":"https:\/\/serbia.com\/?s={search_term_string}"},"query-input":{"@type":"PropertyValueSpecification","valueRequired":true,"valueName":"search_term_string"}}],"inLanguage":"srpski"}]}},"_links":{"self":[{"href":"https:\/\/serbia.com\/srpski\/wp-json\/wp\/v2\/pages\/32856"}],"collection":[{"href":"https:\/\/serbia.com\/srpski\/wp-json\/wp\/v2\/pages"}],"about":[{"href":"https:\/\/serbia.com\/srpski\/wp-json\/wp\/v2\/types\/page"}],"author":[{"embeddable":true,"href":"https:\/\/serbia.com\/srpski\/wp-json\/wp\/v2\/users\/27"}],"replies":[{"embeddable":true,"href":"https:\/\/serbia.com\/srpski\/wp-json\/wp\/v2\/comments?post=32856"}],"version-history":[{"count":1,"href":"https:\/\/serbia.com\/srpski\/wp-json\/wp\/v2\/pages\/32856\/revisions"}],"predecessor-version":[{"id":55739,"href":"https:\/\/serbia.com\/srpski\/wp-json\/wp\/v2\/pages\/32856\/revisions\/55739"}],"up":[{"embeddable":true,"href":"https:\/\/serbia.com\/srpski\/wp-json\/wp\/v2\/pages\/20465"}],"wp:featuredmedia":[{"embeddable":true,"href":"https:\/\/serbia.com\/srpski\/wp-json\/wp\/v2\/media\/32850"}],"wp:attachment":[{"href":"https:\/\/serbia.com\/srpski\/wp-json\/wp\/v2\/media?parent=32856"}],"wp:term":[{"taxonomy":"category","embeddable":true,"href":"https:\/\/serbia.com\/srpski\/wp-json\/wp\/v2\/categories?post=32856"},{"taxonomy":"post_tag","embeddable":true,"href":"https:\/\/serbia.com\/srpski\/wp-json\/wp\/v2\/tags?post=32856"}],"curies":[{"name":"wp","href":"https:\/\/api.w.org\/{rel}","templated":true}]}}