{"id":32837,"date":"2015-05-27T16:41:57","date_gmt":"2015-05-27T14:41:57","guid":{"rendered":"http:\/\/www.serbia.com\/?page_id=32837"},"modified":"2024-10-20T19:55:29","modified_gmt":"2024-10-20T17:55:29","slug":"reka-sava-ispomoc-zevsu","status":"publish","type":"page","link":"https:\/\/serbia.com\/srpski\/posetite-srbiju\/prirodne-lepote\/reke-i-jezera\/reka-sava-ispomoc-zevsu\/","title":{"rendered":"Reka Sava, ispomo\u0107 Zevsu"},"content":{"rendered":"<h4>Sava je reka izuzetne lepote i snage koja pred samo spajanje sa Dunavom formira malo jezero, u Srbiji poznato kao &#8220;Beogradsko more&#8221;<\/h4>\n<p>Sava je za Srbiju veoma zna\u010dajna reka koja nedaleko od <a href=\"http:\/\/www.serbia.com\/srpski\/posetite-srbiju\/gradovi\/beograd\/\" target=\"_blank\" rel=\"noopener\">Beograda<\/a> gradi <strong>prirodni rezervat za\u0161ti\u0107en jo\u0161 od sredine 19. veka<\/strong>. I srpska prestonica je podignuta <strong>na u\u0161\u0107u Save u <a href=\"http:\/\/www.serbia.com\/srpski\/posetite-srbiju\/prirodne-lepote\/reke-i-jezera\/dunav-mesto-spajanja-i-razdvajanja\/\" target=\"_blank\" rel=\"noopener\">Dunav<\/a><\/strong>, na mestu gde se danas spajaju stari i novi deo Beograda. Pred samo u\u0161\u0107e, na njoj se nalazi i jedno &#8220;more&#8221; &#8211; beogradsko.<\/p>\n<p>Ime &#8220;Sava&#8221; vodi poreklo od gr\u010dke re\u010di &#8220;sa&#8221;, &#8220;sos&#8221; \u0161to zna\u010di &#8211; jak, sna\u017ean, siguran. Ovo i jeste glavna karakteristika ove velike reke. Sa sufiksom -ava, Sava je, mitolo\u0161ki, sna\u017ena reka koja bogu Zevsu (Dunavu) naliva nektar i hrani ga ambrozijom, da bi bio besmrtan. Od hidronima Sava vodi poreklo i ime &#8220;Sabazios&#8221;, koje u mitologiji predstavlja tra\u010dko-fri\u017eansko bo\u017eanstvo koje je slavljeno orgijama, poput gr\u010dkog Dionisa.<\/p>\n<p>Podru\u010dje Srbije sa obe strane Save dobilo je ime po njoj \u2013 <strong>Posavina<\/strong>, a ova oblast mo\u017ee biti idealna ako \u017eelite da se na kra\u0107i period izvu\u010dete iz gu\u017eve i vreve grada i provedete prijatno vreme u prirodi, u\u017eivaju\u0107i u hladovini drve\u0107a ili aktivno obilaze\u0107i neki od arheolo\u0161kih lokaliteta kao \u0161to su <strong>Sirmium<\/strong>, <strong>Gomolava<\/strong> ili <strong>Debrc<\/strong>.<\/p>\n<figure id=\"attachment_18629\" aria-describedby=\"caption-attachment-18629\" style=\"width: 800px\" class=\"wp-caption aligncenter\"><img loading=\"lazy\" decoding=\"async\" class=\"wp-image-18629\" src=\"http:\/\/www.serbia.com\/wp-content\/uploads\/2012\/11\/mala2.jpg\" alt=\"mala\" width=\"800\" height=\"531\" srcset=\"https:\/\/serbia.com\/wp-content\/uploads\/2012\/11\/mala2.jpg 640w, https:\/\/serbia.com\/wp-content\/uploads\/2012\/11\/mala2-300x199.jpg 300w\" sizes=\"auto, (max-width: 800px) 100vw, 800px\" \/><figcaption id=\"caption-attachment-18629\" class=\"wp-caption-text\">Sava u Beogradu<\/figcaption><\/figure>\n<p>Na samo \u010detiri kilometra od centra srpske prestonice, na Savi se nalazi <strong>najpopularnije izleti\u0161te svih koji posete ovaj grad<\/strong> \u2013 <a href=\"http:\/\/www.serbia.com\/srpski\/posetite-srbiju\/prirodne-lepote\/reke-i-jezera\/ada-ciganlija-beogradsko-more\/\" target=\"_blank\" rel=\"noopener\"><strong>Ada Ciganlija<\/strong><\/a> ili popularnije &#8220;beogradsko more&#8221;. Re\u010d je o nekada\u0161njem re\u010dnom ostrvu koje je ve\u0161ta\u010dkim putem pretvoreno u poluostrvo i koje sa<strong> Savskim jezerom<\/strong> \u010dini savr\u0161eno mesto za popodnevni odmor i rekreaciju u vrelim letnjim danima.<\/p>\n<p>Ako ste u Beogradu poslovno, samo prolazite, ili ste do\u0161li da u njemu provedete odmor, Ada je mesto koje ne smete propustiti \u2013 lepo ure\u0111ene pla\u017ee, restorani, staze i sprave za rekreaciju &#8230; Ima\u0107ete utisak da ste na nekom egzoti\u010dnom moru, a ne na samo 20-ak minuta od centra grada.<\/p>\n<p><strong>Reka Sava je od izuzetnog zna\u010daja zbog biljnog i \u017eivotinjskog sveta koji je nastanjuje.<\/strong> Napu\u0161teno korito ove reke postalo je prirodni rezervat izuzetne lepote i Ramsarsko podru\u010dje &#8211; <strong><a href=\"http:\/\/www.serbia.com\/srpski\/posetite-srbiju\/prirodne-lepote\/reke-i-jezera\/obedska-bara-carolija-prirode\/\" target=\"_blank\" rel=\"noopener\">Obedska bara<\/a><\/strong>.<\/p>\n<p>Na ovom mestu, udaljenom samo 40 kilometara od Beograda, \u017eivi ogroman broj ptica i riba. Ovde je mogu\u0107e videti i jedinu zmiju otrovnicu na ovim prostorima &#8211; \u0161arku, kao i retke biljne vrste &#8211; \u017euti lokvanj, mo\u010dvarnu orhideju, barsku paprat\u2026<\/p>\n<p><strong>Obedska bara je progla\u0161ena za zonu od izuzetne va\u017enosti za ptice Evrope,<\/strong> a bila je za\u0161ti\u0107ena oblast jo\u0161 od strane austrougarskog dvora, davne 1874. godine. Mesto izuzetnog mira i prirodne lepote, idealno za sve one koji vole kratke odlaske u prirodu i divljinu.<\/p>\n<p>Sava nastaje spajanjem Save Dolinke i Save Bohinjke u Sloveniji, a uliva se u Dunav kod Beograda. Proti\u010de kroz \u010detiri dr\u017eave &#8211; Sloveniju, Hrvatsku, Bosnu i Hercegovinu i Srbiju u kojoj se na ovoj reci, osim prestonice, nalaze i gradovi <strong><a href=\"http:\/\/www.serbia.com\/srpski\/sremska-mitrovica-u-top-10-gradova-buducnosti\/\" target=\"_blank\" rel=\"noopener\">Sremska Mitrovica<\/a><\/strong> i <a href=\"http:\/\/www.serbia.com\/srpski\/posetite-srbiju\/gradovi\/sabac-grad-saljivdzija-i-boema\/\" target=\"_blank\" rel=\"noopener\"><strong>\u0160abac<\/strong><\/a>.<\/p>\n<p>Sava je plovna celim svojim tokom kroz Srbiju, pa njome mo\u017eete putovati od trome\u0111e Srbije, Hrvatske i Bosne i Hercegovine, do njenog u\u0161\u0107a u Dunav kod Beograda.<\/p>\n<h4>Ne propustite na Savi&#8230;<\/h4>\n<p>Lud provod na Savi kojeg garantuju <a href=\"http:\/\/www.serbia.com\/srpski\/posetite-srbiju\/provedi-se\/nocni-zivot\/splavovi-epicentri-dobrog-provoda\/\" target=\"_blank\" rel=\"noopener\"><strong>splavovi<\/strong><\/a>, u Beogradu, ispod \u017eelezni\u010dkog mosta.<\/p>\n<p>Jedinstvenu atmosferu tradicionalnog <strong>\u0160aba\u010dkog va\u0161ara<\/strong> koji se organizuje u drugoj polovini septembra.<\/p>\n<p><a href=\"http:\/\/www.serbia.com\/srpski\/posetite-srbiju\/kulturne-atrakcije\/dvorci-i-tvrdave\/beogradska-tvrdava-put-stopama-istorije\/\" target=\"_blank\" rel=\"noopener\"><strong>Beogradsku tvr\u0111avu<\/strong><\/a>&#8211; simbol Beograda &#8211; kao ni najlep\u0161i pogled sa ove tvr\u0111ave na mesto gde se spajaju Sava i Dunav.<\/p>\n<p><a href=\"http:\/\/www.serbia.com\/srpski\/posetite-srbiju\/kulturne-atrakcije\/festivali-i-manifestacije\/beer-fest-u-beogradu\/\" target=\"_blank\" rel=\"noopener\"><strong>Beogradski Beer fest<\/strong><\/a>, koji se u prvoj polovini avgusta odvija na u\u0161\u0107u Save u Dunav i traje \u0161est dana uz najpoznatije doma\u0107e i regionalne izvo\u0111a\u010de.<\/p>\n<p><a href=\"http:\/\/www.serbia.com\/srpski\/posetite-srbiju\/kulturne-atrakcije\/festivali-i-manifestacije\/beogradski-karneval-brodova\/\" target=\"_blank\" rel=\"noopener\"><strong>Beogradski Karneval brodova<\/strong><\/a> po\u010detkom jula, na savskom pristani\u0161tu ispod Beogradske tvr\u0111ave.<\/p>\n<p><strong>Krstarenje brodi\u0107ima<\/strong> ili <a href=\"http:\/\/www.serbia.com\/srpski\/posetite-srbiju\/provedi-se\/rekreacija\/otkrijte-srbiju-u-kajak-i-kanu-avanturi\/\" target=\"_blank\" rel=\"noopener\"><strong>vo\u017enju kajaka i kanua<\/strong><\/a> oko Velikog ratnog ostrva koje se nalazi na u\u0161\u0107u ove dve reke, a do\u017eivite i <strong><a href=\"http:\/\/www.serbia.com\/srpski\/posetite-srbiju\/kulturne-atrakcije\/festivali-i-manifestacije\/beogradska-regata\/\" target=\"_blank\" rel=\"noopener\">Beogradsku regatu<\/a><\/strong> na Savi, u prvoj polovini avgusta.<\/p>\n","protected":false},"excerpt":{"rendered":"<p>Sava je reka izuzetne lepote i snage koja pred samo spajanje sa Dunavom formira malo jezero, u Srbiji poznato kao &#8220;Beogradsko more&#8221; Sava je za Srbiju veoma zna\u010dajna reka koja [&hellip;]<\/p>\n","protected":false},"author":27,"featured_media":32825,"parent":20465,"menu_order":0,"comment_status":"closed","ping_status":"closed","template":"","meta":{"_acf_changed":false,"inline_featured_image":false,"_monsterinsights_skip_tracking":false,"_monsterinsights_sitenote_active":false,"_monsterinsights_sitenote_note":"","_monsterinsights_sitenote_category":0,"footnotes":""},"categories":[1656],"tags":[],"class_list":["post-32837","page","type-page","status-publish","has-post-thumbnail","hentry","category-reke-jezera"],"acf":[],"yoast_head":"<!-- This site is optimized with the Yoast SEO plugin v27.4 - https:\/\/yoast.com\/product\/yoast-seo-wordpress\/ -->\n<title>Reka Sava, ispomo\u0107 Zevsu - Serbia.com<\/title>\n<meta name=\"robots\" content=\"index, follow, max-snippet:-1, max-image-preview:large, max-video-preview:-1\" \/>\n<link rel=\"canonical\" href=\"https:\/\/serbia.com\/srpski\/posetite-srbiju\/prirodne-lepote\/reke-i-jezera\/reka-sava-ispomoc-zevsu\/\" \/>\n<meta property=\"og:locale\" content=\"en_US\" \/>\n<meta property=\"og:type\" content=\"article\" \/>\n<meta property=\"og:title\" content=\"Reka Sava, ispomo\u0107 Zevsu - Serbia.com\" \/>\n<meta property=\"og:description\" content=\"Sava je reka izuzetne lepote i snage koja pred samo spajanje sa Dunavom formira malo jezero, u Srbiji poznato kao &#8220;Beogradsko more&#8221; Sava je za Srbiju veoma zna\u010dajna reka koja [&hellip;]\" \/>\n<meta property=\"og:url\" content=\"https:\/\/serbia.com\/srpski\/posetite-srbiju\/prirodne-lepote\/reke-i-jezera\/reka-sava-ispomoc-zevsu\/\" \/>\n<meta property=\"og:site_name\" content=\"Serbia.com\" \/>\n<meta property=\"article:modified_time\" content=\"2024-10-20T17:55:29+00:00\" \/>\n<meta property=\"og:image\" content=\"https:\/\/serbia.com\/wp-content\/uploads\/2015\/05\/sava4.jpg\" \/>\n\t<meta property=\"og:image:width\" content=\"1602\" \/>\n\t<meta property=\"og:image:height\" content=\"579\" \/>\n\t<meta property=\"og:image:type\" content=\"image\/jpeg\" \/>\n<meta name=\"twitter:label1\" content=\"Est. reading time\" \/>\n\t<meta name=\"twitter:data1\" content=\"4 minutes\" \/>\n<script type=\"application\/ld+json\" class=\"yoast-schema-graph\">{\"@context\":\"https:\\\/\\\/schema.org\",\"@graph\":[{\"@type\":\"WebPage\",\"@id\":\"https:\\\/\\\/serbia.com\\\/srpski\\\/posetite-srbiju\\\/prirodne-lepote\\\/reke-i-jezera\\\/reka-sava-ispomoc-zevsu\\\/\",\"url\":\"https:\\\/\\\/serbia.com\\\/srpski\\\/posetite-srbiju\\\/prirodne-lepote\\\/reke-i-jezera\\\/reka-sava-ispomoc-zevsu\\\/\",\"name\":\"Reka Sava, ispomo\u0107 Zevsu - Serbia.com\",\"isPartOf\":{\"@id\":\"https:\\\/\\\/serbia.com\\\/#website\"},\"primaryImageOfPage\":{\"@id\":\"https:\\\/\\\/serbia.com\\\/srpski\\\/posetite-srbiju\\\/prirodne-lepote\\\/reke-i-jezera\\\/reka-sava-ispomoc-zevsu\\\/#primaryimage\"},\"image\":{\"@id\":\"https:\\\/\\\/serbia.com\\\/srpski\\\/posetite-srbiju\\\/prirodne-lepote\\\/reke-i-jezera\\\/reka-sava-ispomoc-zevsu\\\/#primaryimage\"},\"thumbnailUrl\":\"https:\\\/\\\/serbia.com\\\/wp-content\\\/uploads\\\/2015\\\/05\\\/sava4.jpg\",\"datePublished\":\"2015-05-27T14:41:57+00:00\",\"dateModified\":\"2024-10-20T17:55:29+00:00\",\"breadcrumb\":{\"@id\":\"https:\\\/\\\/serbia.com\\\/srpski\\\/posetite-srbiju\\\/prirodne-lepote\\\/reke-i-jezera\\\/reka-sava-ispomoc-zevsu\\\/#breadcrumb\"},\"inLanguage\":\"srpski\",\"potentialAction\":[{\"@type\":\"ReadAction\",\"target\":[\"https:\\\/\\\/serbia.com\\\/srpski\\\/posetite-srbiju\\\/prirodne-lepote\\\/reke-i-jezera\\\/reka-sava-ispomoc-zevsu\\\/\"]}]},{\"@type\":\"ImageObject\",\"inLanguage\":\"srpski\",\"@id\":\"https:\\\/\\\/serbia.com\\\/srpski\\\/posetite-srbiju\\\/prirodne-lepote\\\/reke-i-jezera\\\/reka-sava-ispomoc-zevsu\\\/#primaryimage\",\"url\":\"https:\\\/\\\/serbia.com\\\/wp-content\\\/uploads\\\/2015\\\/05\\\/sava4.jpg\",\"contentUrl\":\"https:\\\/\\\/serbia.com\\\/wp-content\\\/uploads\\\/2015\\\/05\\\/sava4.jpg\",\"width\":1602,\"height\":579},{\"@type\":\"BreadcrumbList\",\"@id\":\"https:\\\/\\\/serbia.com\\\/srpski\\\/posetite-srbiju\\\/prirodne-lepote\\\/reke-i-jezera\\\/reka-sava-ispomoc-zevsu\\\/#breadcrumb\",\"itemListElement\":[{\"@type\":\"ListItem\",\"position\":1,\"name\":\"Home\",\"item\":\"https:\\\/\\\/serbia.com\\\/srpski\\\/srbija\\\/\"},{\"@type\":\"ListItem\",\"position\":2,\"name\":\"Poseti Srbiju\",\"item\":\"https:\\\/\\\/serbia.com\\\/srpski\\\/posetite-srbiju\\\/\"},{\"@type\":\"ListItem\",\"position\":3,\"name\":\"Prirodne lepote\",\"item\":\"https:\\\/\\\/serbia.com\\\/srpski\\\/posetite-srbiju\\\/prirodne-lepote\\\/\"},{\"@type\":\"ListItem\",\"position\":4,\"name\":\"Reke i jezera\",\"item\":\"https:\\\/\\\/serbia.com\\\/srpski\\\/posetite-srbiju\\\/prirodne-lepote\\\/reke-i-jezera\\\/\"},{\"@type\":\"ListItem\",\"position\":5,\"name\":\"Reka Sava, ispomo\u0107 Zevsu\"}]},{\"@type\":\"WebSite\",\"@id\":\"https:\\\/\\\/serbia.com\\\/#website\",\"url\":\"https:\\\/\\\/serbia.com\\\/\",\"name\":\"Serbia.com\",\"description\":\"Your Gateway to Serbia\",\"potentialAction\":[{\"@type\":\"SearchAction\",\"target\":{\"@type\":\"EntryPoint\",\"urlTemplate\":\"https:\\\/\\\/serbia.com\\\/?s={search_term_string}\"},\"query-input\":{\"@type\":\"PropertyValueSpecification\",\"valueRequired\":true,\"valueName\":\"search_term_string\"}}],\"inLanguage\":\"srpski\"}]}<\/script>\n<!-- \/ Yoast SEO plugin. -->","yoast_head_json":{"title":"Reka Sava, ispomo\u0107 Zevsu - Serbia.com","robots":{"index":"index","follow":"follow","max-snippet":"max-snippet:-1","max-image-preview":"max-image-preview:large","max-video-preview":"max-video-preview:-1"},"canonical":"https:\/\/serbia.com\/srpski\/posetite-srbiju\/prirodne-lepote\/reke-i-jezera\/reka-sava-ispomoc-zevsu\/","og_locale":"en_US","og_type":"article","og_title":"Reka Sava, ispomo\u0107 Zevsu - Serbia.com","og_description":"Sava je reka izuzetne lepote i snage koja pred samo spajanje sa Dunavom formira malo jezero, u Srbiji poznato kao &#8220;Beogradsko more&#8221; Sava je za Srbiju veoma zna\u010dajna reka koja [&hellip;]","og_url":"https:\/\/serbia.com\/srpski\/posetite-srbiju\/prirodne-lepote\/reke-i-jezera\/reka-sava-ispomoc-zevsu\/","og_site_name":"Serbia.com","article_modified_time":"2024-10-20T17:55:29+00:00","og_image":[{"width":1602,"height":579,"url":"https:\/\/serbia.com\/wp-content\/uploads\/2015\/05\/sava4.jpg","type":"image\/jpeg"}],"twitter_misc":{"Est. reading time":"4 minutes"},"schema":{"@context":"https:\/\/schema.org","@graph":[{"@type":"WebPage","@id":"https:\/\/serbia.com\/srpski\/posetite-srbiju\/prirodne-lepote\/reke-i-jezera\/reka-sava-ispomoc-zevsu\/","url":"https:\/\/serbia.com\/srpski\/posetite-srbiju\/prirodne-lepote\/reke-i-jezera\/reka-sava-ispomoc-zevsu\/","name":"Reka Sava, ispomo\u0107 Zevsu - Serbia.com","isPartOf":{"@id":"https:\/\/serbia.com\/#website"},"primaryImageOfPage":{"@id":"https:\/\/serbia.com\/srpski\/posetite-srbiju\/prirodne-lepote\/reke-i-jezera\/reka-sava-ispomoc-zevsu\/#primaryimage"},"image":{"@id":"https:\/\/serbia.com\/srpski\/posetite-srbiju\/prirodne-lepote\/reke-i-jezera\/reka-sava-ispomoc-zevsu\/#primaryimage"},"thumbnailUrl":"https:\/\/serbia.com\/wp-content\/uploads\/2015\/05\/sava4.jpg","datePublished":"2015-05-27T14:41:57+00:00","dateModified":"2024-10-20T17:55:29+00:00","breadcrumb":{"@id":"https:\/\/serbia.com\/srpski\/posetite-srbiju\/prirodne-lepote\/reke-i-jezera\/reka-sava-ispomoc-zevsu\/#breadcrumb"},"inLanguage":"srpski","potentialAction":[{"@type":"ReadAction","target":["https:\/\/serbia.com\/srpski\/posetite-srbiju\/prirodne-lepote\/reke-i-jezera\/reka-sava-ispomoc-zevsu\/"]}]},{"@type":"ImageObject","inLanguage":"srpski","@id":"https:\/\/serbia.com\/srpski\/posetite-srbiju\/prirodne-lepote\/reke-i-jezera\/reka-sava-ispomoc-zevsu\/#primaryimage","url":"https:\/\/serbia.com\/wp-content\/uploads\/2015\/05\/sava4.jpg","contentUrl":"https:\/\/serbia.com\/wp-content\/uploads\/2015\/05\/sava4.jpg","width":1602,"height":579},{"@type":"BreadcrumbList","@id":"https:\/\/serbia.com\/srpski\/posetite-srbiju\/prirodne-lepote\/reke-i-jezera\/reka-sava-ispomoc-zevsu\/#breadcrumb","itemListElement":[{"@type":"ListItem","position":1,"name":"Home","item":"https:\/\/serbia.com\/srpski\/srbija\/"},{"@type":"ListItem","position":2,"name":"Poseti Srbiju","item":"https:\/\/serbia.com\/srpski\/posetite-srbiju\/"},{"@type":"ListItem","position":3,"name":"Prirodne lepote","item":"https:\/\/serbia.com\/srpski\/posetite-srbiju\/prirodne-lepote\/"},{"@type":"ListItem","position":4,"name":"Reke i jezera","item":"https:\/\/serbia.com\/srpski\/posetite-srbiju\/prirodne-lepote\/reke-i-jezera\/"},{"@type":"ListItem","position":5,"name":"Reka Sava, ispomo\u0107 Zevsu"}]},{"@type":"WebSite","@id":"https:\/\/serbia.com\/#website","url":"https:\/\/serbia.com\/","name":"Serbia.com","description":"Your Gateway to Serbia","potentialAction":[{"@type":"SearchAction","target":{"@type":"EntryPoint","urlTemplate":"https:\/\/serbia.com\/?s={search_term_string}"},"query-input":{"@type":"PropertyValueSpecification","valueRequired":true,"valueName":"search_term_string"}}],"inLanguage":"srpski"}]}},"brizy_media":[],"_links":{"self":[{"href":"https:\/\/serbia.com\/srpski\/wp-json\/wp\/v2\/pages\/32837","targetHints":{"allow":["GET"]}}],"collection":[{"href":"https:\/\/serbia.com\/srpski\/wp-json\/wp\/v2\/pages"}],"about":[{"href":"https:\/\/serbia.com\/srpski\/wp-json\/wp\/v2\/types\/page"}],"author":[{"embeddable":true,"href":"https:\/\/serbia.com\/srpski\/wp-json\/wp\/v2\/users\/27"}],"replies":[{"embeddable":true,"href":"https:\/\/serbia.com\/srpski\/wp-json\/wp\/v2\/comments?post=32837"}],"version-history":[{"count":1,"href":"https:\/\/serbia.com\/srpski\/wp-json\/wp\/v2\/pages\/32837\/revisions"}],"predecessor-version":[{"id":55738,"href":"https:\/\/serbia.com\/srpski\/wp-json\/wp\/v2\/pages\/32837\/revisions\/55738"}],"up":[{"embeddable":true,"href":"https:\/\/serbia.com\/srpski\/wp-json\/wp\/v2\/pages\/20465"}],"wp:featuredmedia":[{"embeddable":true,"href":"https:\/\/serbia.com\/srpski\/wp-json\/wp\/v2\/media\/32825"}],"wp:attachment":[{"href":"https:\/\/serbia.com\/srpski\/wp-json\/wp\/v2\/media?parent=32837"}],"wp:term":[{"taxonomy":"category","embeddable":true,"href":"https:\/\/serbia.com\/srpski\/wp-json\/wp\/v2\/categories?post=32837"},{"taxonomy":"post_tag","embeddable":true,"href":"https:\/\/serbia.com\/srpski\/wp-json\/wp\/v2\/tags?post=32837"}],"curies":[{"name":"wp","href":"https:\/\/api.w.org\/{rel}","templated":true}]}}