{"id":32792,"date":"2015-05-27T11:26:43","date_gmt":"2015-05-27T09:26:43","guid":{"rendered":"http:\/\/www.serbia.com\/?page_id=32792"},"modified":"2024-10-20T19:50:02","modified_gmt":"2024-10-20T17:50:02","slug":"drina-divlja-smaragdna-lepotica","status":"publish","type":"page","link":"https:\/\/serbia.com\/srpski\/posetite-srbiju\/prirodne-lepote\/reke-i-jezera\/drina-divlja-smaragdna-lepotica\/","title":{"rendered":"Drina, divlja smaragdna lepotica"},"content":{"rendered":"<h4>Vekovima linija sudara Istoka i Zapada, neobi\u010dno zelena, bistra, krivudava i sna\u017ena reka Drina danas na svojim talasima nosi najveselije karavane regata kroz uzbudljivu prirodu, zbog \u010dega je postala omiljena destinacija boema i avanturista<\/h4>\n<p>Nekada je bila popri\u0161te istorijski va\u017enih bitaka i delila Isto\u010dno i Zapadno rimsko carstvo, pa Austrougarsku i Srbiju, <strong>danas je Drina granica izme\u0111u Srbije i Bosne i Hercegovine.<\/strong><\/p>\n<p>Skoro \u010ditavim tokom Drina useca planinske masive prave\u0107i klisure, da bi sasvim neo\u010dekivano u\u0161la u ravnicu i kao ve\u0161t glumac potpuno promenila svoj karakter. Njena \u0107udljivost uspe da prevari i najpronicljivije, ali njena lepota smek\u0161ava i najokrutnija srca.<\/p>\n<p>Prelepo jezero <a href=\"http:\/\/www.serbia.com\/srpski\/posetite-srbiju\/prirodne-lepote\/reke-i-jezera\/perucac-raj-za-pecarose\/\" target=\"_blank\" rel=\"noopener\"><strong>Peru\u0107ac<\/strong><\/a> na Drini i najprobirljiviji obo\u017eavaoci pecanja nazivaju svojim rajem, dok sa splavova i obala spokojno, u najdubljem miru, love krupnu drinsku ribu i odmaraju pogled na smaragdnoj povr\u0161ini vode kristalnog sjaja.<\/p>\n<p>Ipak, odva\u017eni u\u010desnici <a href=\"http:\/\/www.serbia.com\/srpski\/sve-drinske-regate\/\"><strong>regata<\/strong><\/a> tvrde da je upravo njima najlep\u0161e na Drini kada ih zapljuskuju njeni talasi, a brza reka nosi \u010das levo, \u010das desno niz uzane kanjone.<\/p>\n<p>Obi\u010dno im tada zastaje dah od naleta adrenalina i ose\u0107aja strahopo\u0161tovanja kada od litica visokih 1 km jedva uspeju da nazru komad plavog neba i orlove u nesputanom letu.<\/p>\n<figure id=\"attachment_18238\" aria-describedby=\"caption-attachment-18238\" style=\"width: 320px\" class=\"wp-caption alignright\"><img loading=\"lazy\" decoding=\"async\" class=\"wp-image-18238 size-full\" src=\"http:\/\/www.serbia.com\/wp-content\/uploads\/2012\/12\/www.drinskaregata.org_.rs-drinska-regata-drina-regatta-reka-rafting-splavarenje.jpg\" alt=\"www.drinskaregata.org.rs drinska regata drina regatta reka rafting splavarenje\" width=\"320\" height=\"184\" srcset=\"https:\/\/serbia.com\/wp-content\/uploads\/2012\/12\/www.drinskaregata.org_.rs-drinska-regata-drina-regatta-reka-rafting-splavarenje.jpg 320w, https:\/\/serbia.com\/wp-content\/uploads\/2012\/12\/www.drinskaregata.org_.rs-drinska-regata-drina-regatta-reka-rafting-splavarenje-300x172.jpg 300w, https:\/\/serbia.com\/wp-content\/uploads\/2012\/12\/www.drinskaregata.org_.rs-drinska-regata-drina-regatta-reka-rafting-splavarenje-290x166.jpg 290w\" sizes=\"(max-width: 320px) 100vw, 320px\" \/><figcaption id=\"caption-attachment-18238\" class=\"wp-caption-text\">Jedna od brojnih regata na Drini (foto: www.drinskaregata.org.rs)<\/figcaption><\/figure>\n<p>Nakon uzbudljivog spusta, <strong>regata\u0161i po pravilu kampuju na obalama Drine, vesele se uz ro\u0161tilj, pi\u0107e i truba\u010de, spavaju pod vedrim nebom i udi\u0161u \u010dist vazduh<\/strong> kojeg donosi vetri\u0107 iz \u0161uma planine <a href=\"http:\/\/www.serbia.com\/srpski\/posetite-srbiju\/prirodne-lepote\/planine\/tara-planinski-dom-staroslovenskih-bogova\/\" target=\"_blank\" rel=\"noopener\"><strong>Tara<\/strong><\/a>.<\/p>\n<p>Uvek uzbudljiva Drina ra\u0111a se spajanjem hladnih i brzih planinskih reka <strong>Tare<\/strong> i <strong>Pive<\/strong> kod \u0160\u0107epan Polja, u Crnoj Gori. Odatle je svom snagom probila sebi put ka Bosni i Hercegovini, a kasabama koje su nicale na njenim obalama dala posebnu istorijsku vrednost.<\/p>\n<p>Jedna od najslavnijih varo\u0161i na Drini je <strong>Vi\u0161egrad<\/strong>, u kome se na reci uzdi\u017ee poseban ukras od belog kamena &#8211; <strong>\u010duveni stari most velikog vezira Mehmed pa\u0161a Sokolovi\u0107a<\/strong>. Jo\u0161 \u010duvenijim u\u010dinio ga je knji\u017eevnik <a href=\"http:\/\/www.serbia.com\/srpski\/ivo-andric-nobelovac-2\/\"><strong>Ivo Andri\u0107<\/strong><\/a> u romanu &#8220;Na Drini \u0107uprija&#8221;, za koga je dobio Nobelovu nagradu za knji\u017eevnost.<\/p>\n<p>Drina ulazi u Srbiju poja\u010dana snagom <strong>Lima<\/strong> koji se u nju uliva pre granice i pravi <strong>Me\u0111e\u0111ansku klisuru<\/strong>, jednu od dve najve\u0107e na ovoj reci.<\/p>\n<p>Odavde ona jo\u0161 dugo vijuga grani\u010dinim predelima Srbije u kojima je priroda rasko\u0161no lepa, biljni i \u017eivotinjski svet izuzetno bogat, a sama Drina &#8211; najlep\u0161a.<\/p>\n<p>Tu se, uokvirena mrkim strmim liticama, nalazi i <strong>najve\u0107a drinska klisura, Klotijeva\u010dka<\/strong>, duga\u010dka 38km.<\/p>\n<p>Kanjon vodi dalje pravo na jezero Peru\u0107ac, nastalo kada je mo\u0107na Drina ukro\u0107ena branom. Iako ve\u0161ta\u010dko, ovo je jedno od najlep\u0161ih jezera u Srbiji. Nad njime se gotovo vertikalno izdi\u017ee planina Tara \u010dine\u0107i jezersku boju jo\u0161 intenzivnijom, a njega jo\u0161 lep\u0161im.<\/p>\n<p>Drina kroz jednako lepe predele nastavlja da vijuga sve do <strong>Loznice<\/strong>, gde se pretvara u mirnu ravni\u010darsku reku i u prozirnom magli\u010dastom isparenju nekako lenjo uranja u Savu kod <strong>Sremske Ra\u010de<\/strong>, kao da nikada nije ni bila ona divlja, neobuzdana reka.<\/p>\n<figure id=\"attachment_18239\" aria-describedby=\"caption-attachment-18239\" style=\"width: 320px\" class=\"wp-caption alignright\"><img loading=\"lazy\" decoding=\"async\" class=\"wp-image-18239 size-full\" src=\"http:\/\/www.serbia.com\/wp-content\/uploads\/2012\/12\/perucac-jezero-lake.jpg\" alt=\"perucac jezero lake\" width=\"320\" height=\"213\" srcset=\"https:\/\/serbia.com\/wp-content\/uploads\/2012\/12\/perucac-jezero-lake.jpg 320w, https:\/\/serbia.com\/wp-content\/uploads\/2012\/12\/perucac-jezero-lake-300x199.jpg 300w\" sizes=\"(max-width: 320px) 100vw, 320px\" \/><figcaption id=\"caption-attachment-18239\" class=\"wp-caption-text\">Spokoj jezera Peru\u0107ac<\/figcaption><\/figure>\n<p>Ve\u0107i gradovi kroz koje Drina proti\u010de su: <strong>Fo\u010da<\/strong> (Srbinje), <strong>Gora\u017ede<\/strong>, <strong>Vi\u0161egrad<\/strong>, <strong>Bajina Ba\u0161ta<\/strong>, <strong>Ljubovija<\/strong>, <strong>Zvornik<\/strong>, <strong>Loznica<\/strong>.<\/p>\n<p>Ve\u0107e pritoke sa leve strane Drine su: Sutjeska, Bistrica Pra\u010da, Drnja\u010da i Janja, a se desne: \u0106ehotina, Lim, Rzav, Ljubovi\u0111a i Jadar.<\/p>\n<p>Na Drini su izgra\u0111ene tri hidroroelektrane: u Vi\u0161egradu, Bajinoj Ba\u0161ti i Zvorniku.<\/p>\n<p>Danas jednu tre\u0107inu Drine \u010dine jezera, to je donekle naru\u0161ilo njen prirodni izgled, ali i sama jezera plene lepotom.<\/p>\n<p>Jezera na ovoj reci su<strong> Vi\u0161egradsko<\/strong>, <strong>Peru\u0107a\u010dko<\/strong> i <strong>Zvorni\u010dko<\/strong>.<\/p>\n<h4>Drina u narodnoj tradiciji<\/h4>\n<p><strong>Reka Drina uvek je zna\u010dajno odre\u0111ivala \u017eivote ljudi koji su se skrasili na njenim obalama.<\/strong> Uticala je na mnoge <a href=\"http:\/\/www.serbia.com\/srpski\/etno-naslede-srbije-rituali-od-pre-hrista\/\">obi\u010daje<\/a>, inspirisala nastanak brojnih pesama i drugih umetni\u010dkih dela, a kako je zbog reljefa kroz koji proti\u010de izuzetno nepredvidiva i krivudava, u narodu je ovekove\u010dena i izrekom <em><strong>\u201cKo \u0107e krivu ispraviti Drinu?!\u201d<\/strong><\/em> koji se koristi kada se ukazuje da je neki posao uzaludan.<\/p>\n<p>Narodna tradicija naglasila je jo\u0161 jednu njenu va\u017enu odliku &#8211; nestvarno zelenu boju. Nekada su je nazivali<strong> \u201cZelenika\u201d<\/strong> zbog boje koja je toliko intenzivna, kao da neki posve\u0107eni slikar neprestano u nju sipa svoje tempere.<\/p>\n<h4>Kada ste ve\u0107 ovde, ne propustite&#8230;<\/h4>\n<p><a href=\"http:\/\/www.serbia.com\/srpski\/sve-drinske-regate\/\"><strong>Drinske regate<\/strong><\/a> u letnjem periodu: krajem juna regata za osobe sa invaliditetom, prvog vikenda jula po\u010dinje <strong>Lozni\u010dka<\/strong>, druga subota jula pripada <strong>regati u Ljuboviji<\/strong>, sredinom jula na redu je <strong>Studentska regata<\/strong>, a u poslednjih deset dana jula organizuje se najmasovnija <strong>Velika Drinska regata u Bajinoj Ba\u0161ti<\/strong>.<\/p>\n<p>Tokom regate koja vodi do Peru\u0107ca, vide\u0107ete <strong>re\u010dicu Vrelo<\/strong>, jednu od najkra\u0107ih reka u svetu, duga\u010dku samo 365 m, pa se za nju ka\u017ee da je \u201cduga kao godina\u201d.<\/p>\n<p><a href=\"http:\/\/www.serbia.com\/srpski\/posetite-srbiju\/prirodne-lepote\/planine\/tara-planinski-dom-staroslovenskih-bogova\/\" target=\"_blank\" rel=\"noopener\"><strong>Planina Tara<\/strong><\/a>, odnosno, Nacionalni park u svako doba godine, ostavi\u0107e vas bez daha svojom \u010darobnom prirodom.<\/p>\n<p>Posetite <strong>manastir Ra\u010da iz 13. veka<\/strong>, zadu\u017ebinu kralja Dragutina.<\/p>\n<p>Tara se skoro dodiruje sa <a href=\"http:\/\/www.serbia.com\/srpski\/posetite-srbiju\/prirodne-lepote\/planine\/zlatibor-ukras-na-1-000-metara-visine\/\" target=\"_blank\" rel=\"noopener\"><strong>Zlatiborom<\/strong><\/a>, a na putu do njega nai\u0107i \u0107ete na <a href=\"http:\/\/www.serbia.com\/srpski\/posetite-srbiju\/prirodne-lepote\/planine\/zlatibor-ukras-na-1-000-metara-visine\/\" target=\"_blank\" rel=\"noopener\"><strong>Drvengrad<\/strong><\/a>, etno selo <a href=\"http:\/\/www.serbia.com\/srpski\/emir-kusturica-umetnik-graditelj-i-antiglobalista-2\/\"><strong>Emira Kusturice<\/strong><\/a>. U ovom kraju ne treba propustiti vo\u017enju <strong><a href=\"http:\/\/www.serbia.com\/srpski\/sarganska-osmica-romanticna-voznja-kroz-proslost\/\" target=\"_blank\" rel=\"noopener\">\u0160arganskom osmicom<\/a><\/strong> u starom vozu koga i dalje zovu kao nekada &#8211; \u0106ira.<\/p>\n<p>Na obli\u017enjim planinama u\u017eivajte u mirisima i ukusima koje \u0107e obradovati jela spremljena kako nala\u017ee <a href=\"http:\/\/www.serbia.com\/srpski\/o-srbiji\/tradicionalna-kuhinja\/\"><strong>tradicionalna kuhinja<\/strong><\/a>.<\/p>\n<p><strong>La\u017eijada<\/strong>, zaista neobi\u010dna manifestacija, koja se organizuje u Drla\u010dama kraj Ljubovije, u prvoj polovini jula i predstavlja takmi\u010denje u izgovaranju la\u017ei.<\/p>\n","protected":false},"excerpt":{"rendered":"<p>Vekovima linija sudara Istoka i Zapada, neobi\u010dno zelena, bistra, krivudava i sna\u017ena reka Drina danas na svojim talasima nosi najveselije karavane regata kroz uzbudljivu prirodu, zbog \u010dega je postala omiljena [&hellip;]<\/p>\n","protected":false},"author":27,"featured_media":30221,"parent":20465,"menu_order":0,"comment_status":"closed","ping_status":"closed","template":"","meta":{"_acf_changed":false,"inline_featured_image":false,"_monsterinsights_skip_tracking":false,"_monsterinsights_sitenote_active":false,"_monsterinsights_sitenote_note":"","_monsterinsights_sitenote_category":0,"footnotes":""},"categories":[1656],"tags":[],"class_list":["post-32792","page","type-page","status-publish","has-post-thumbnail","hentry","category-reke-jezera"],"acf":[],"yoast_head":"<!-- This site is optimized with the Yoast SEO plugin v23.8 - https:\/\/yoast.com\/wordpress\/plugins\/seo\/ -->\n<title>Drina, divlja smaragdna lepotica - Serbia.com<\/title>\n<meta name=\"robots\" content=\"index, follow, max-snippet:-1, max-image-preview:large, max-video-preview:-1\" \/>\n<link rel=\"canonical\" href=\"https:\/\/serbia.com\/srpski\/posetite-srbiju\/prirodne-lepote\/reke-i-jezera\/drina-divlja-smaragdna-lepotica\/\" \/>\n<meta property=\"og:locale\" content=\"en_US\" \/>\n<meta property=\"og:type\" content=\"article\" \/>\n<meta property=\"og:title\" content=\"Drina, divlja smaragdna lepotica - Serbia.com\" \/>\n<meta property=\"og:description\" content=\"Vekovima linija sudara Istoka i Zapada, neobi\u010dno zelena, bistra, krivudava i sna\u017ena reka Drina danas na svojim talasima nosi najveselije karavane regata kroz uzbudljivu prirodu, zbog \u010dega je postala omiljena [&hellip;]\" \/>\n<meta property=\"og:url\" content=\"https:\/\/serbia.com\/srpski\/posetite-srbiju\/prirodne-lepote\/reke-i-jezera\/drina-divlja-smaragdna-lepotica\/\" \/>\n<meta property=\"og:site_name\" content=\"Serbia.com\" \/>\n<meta property=\"article:modified_time\" content=\"2024-10-20T17:50:02+00:00\" \/>\n<meta property=\"og:image\" content=\"https:\/\/serbia.com\/wp-content\/uploads\/2015\/03\/Drinaserbia.jpg\" \/>\n\t<meta property=\"og:image:width\" content=\"1600\" \/>\n\t<meta property=\"og:image:height\" content=\"709\" \/>\n\t<meta property=\"og:image:type\" content=\"image\/jpeg\" \/>\n<meta name=\"twitter:label1\" content=\"Est. reading time\" \/>\n\t<meta name=\"twitter:data1\" content=\"5 minutes\" \/>\n<script type=\"application\/ld+json\" class=\"yoast-schema-graph\">{\"@context\":\"https:\/\/schema.org\",\"@graph\":[{\"@type\":\"WebPage\",\"@id\":\"https:\/\/serbia.com\/srpski\/posetite-srbiju\/prirodne-lepote\/reke-i-jezera\/drina-divlja-smaragdna-lepotica\/\",\"url\":\"https:\/\/serbia.com\/srpski\/posetite-srbiju\/prirodne-lepote\/reke-i-jezera\/drina-divlja-smaragdna-lepotica\/\",\"name\":\"Drina, divlja smaragdna lepotica - Serbia.com\",\"isPartOf\":{\"@id\":\"https:\/\/serbia.com\/#website\"},\"primaryImageOfPage\":{\"@id\":\"https:\/\/serbia.com\/srpski\/posetite-srbiju\/prirodne-lepote\/reke-i-jezera\/drina-divlja-smaragdna-lepotica\/#primaryimage\"},\"image\":{\"@id\":\"https:\/\/serbia.com\/srpski\/posetite-srbiju\/prirodne-lepote\/reke-i-jezera\/drina-divlja-smaragdna-lepotica\/#primaryimage\"},\"thumbnailUrl\":\"https:\/\/serbia.com\/wp-content\/uploads\/2015\/03\/Drinaserbia.jpg\",\"datePublished\":\"2015-05-27T09:26:43+00:00\",\"dateModified\":\"2024-10-20T17:50:02+00:00\",\"breadcrumb\":{\"@id\":\"https:\/\/serbia.com\/srpski\/posetite-srbiju\/prirodne-lepote\/reke-i-jezera\/drina-divlja-smaragdna-lepotica\/#breadcrumb\"},\"inLanguage\":\"srpski\",\"potentialAction\":[{\"@type\":\"ReadAction\",\"target\":[\"https:\/\/serbia.com\/srpski\/posetite-srbiju\/prirodne-lepote\/reke-i-jezera\/drina-divlja-smaragdna-lepotica\/\"]}]},{\"@type\":\"ImageObject\",\"inLanguage\":\"srpski\",\"@id\":\"https:\/\/serbia.com\/srpski\/posetite-srbiju\/prirodne-lepote\/reke-i-jezera\/drina-divlja-smaragdna-lepotica\/#primaryimage\",\"url\":\"https:\/\/serbia.com\/wp-content\/uploads\/2015\/03\/Drinaserbia.jpg\",\"contentUrl\":\"https:\/\/serbia.com\/wp-content\/uploads\/2015\/03\/Drinaserbia.jpg\",\"width\":1600,\"height\":709},{\"@type\":\"BreadcrumbList\",\"@id\":\"https:\/\/serbia.com\/srpski\/posetite-srbiju\/prirodne-lepote\/reke-i-jezera\/drina-divlja-smaragdna-lepotica\/#breadcrumb\",\"itemListElement\":[{\"@type\":\"ListItem\",\"position\":1,\"name\":\"Home\",\"item\":\"https:\/\/serbia.com\/srpski\/\"},{\"@type\":\"ListItem\",\"position\":2,\"name\":\"Poseti Srbiju\",\"item\":\"https:\/\/serbia.com\/srpski\/posetite-srbiju\/\"},{\"@type\":\"ListItem\",\"position\":3,\"name\":\"Prirodne lepote\",\"item\":\"https:\/\/serbia.com\/srpski\/posetite-srbiju\/prirodne-lepote\/\"},{\"@type\":\"ListItem\",\"position\":4,\"name\":\"Reke i jezera\",\"item\":\"https:\/\/serbia.com\/srpski\/posetite-srbiju\/prirodne-lepote\/reke-i-jezera\/\"},{\"@type\":\"ListItem\",\"position\":5,\"name\":\"Drina, divlja smaragdna lepotica\"}]},{\"@type\":\"WebSite\",\"@id\":\"https:\/\/serbia.com\/#website\",\"url\":\"https:\/\/serbia.com\/\",\"name\":\"Serbia.com\",\"description\":\"Your Gateway to Serbia\",\"potentialAction\":[{\"@type\":\"SearchAction\",\"target\":{\"@type\":\"EntryPoint\",\"urlTemplate\":\"https:\/\/serbia.com\/?s={search_term_string}\"},\"query-input\":{\"@type\":\"PropertyValueSpecification\",\"valueRequired\":true,\"valueName\":\"search_term_string\"}}],\"inLanguage\":\"srpski\"}]}<\/script>\n<!-- \/ Yoast SEO plugin. -->","yoast_head_json":{"title":"Drina, divlja smaragdna lepotica - Serbia.com","robots":{"index":"index","follow":"follow","max-snippet":"max-snippet:-1","max-image-preview":"max-image-preview:large","max-video-preview":"max-video-preview:-1"},"canonical":"https:\/\/serbia.com\/srpski\/posetite-srbiju\/prirodne-lepote\/reke-i-jezera\/drina-divlja-smaragdna-lepotica\/","og_locale":"en_US","og_type":"article","og_title":"Drina, divlja smaragdna lepotica - Serbia.com","og_description":"Vekovima linija sudara Istoka i Zapada, neobi\u010dno zelena, bistra, krivudava i sna\u017ena reka Drina danas na svojim talasima nosi najveselije karavane regata kroz uzbudljivu prirodu, zbog \u010dega je postala omiljena [&hellip;]","og_url":"https:\/\/serbia.com\/srpski\/posetite-srbiju\/prirodne-lepote\/reke-i-jezera\/drina-divlja-smaragdna-lepotica\/","og_site_name":"Serbia.com","article_modified_time":"2024-10-20T17:50:02+00:00","og_image":[{"width":1600,"height":709,"url":"https:\/\/serbia.com\/wp-content\/uploads\/2015\/03\/Drinaserbia.jpg","type":"image\/jpeg"}],"twitter_misc":{"Est. reading time":"5 minutes"},"schema":{"@context":"https:\/\/schema.org","@graph":[{"@type":"WebPage","@id":"https:\/\/serbia.com\/srpski\/posetite-srbiju\/prirodne-lepote\/reke-i-jezera\/drina-divlja-smaragdna-lepotica\/","url":"https:\/\/serbia.com\/srpski\/posetite-srbiju\/prirodne-lepote\/reke-i-jezera\/drina-divlja-smaragdna-lepotica\/","name":"Drina, divlja smaragdna lepotica - Serbia.com","isPartOf":{"@id":"https:\/\/serbia.com\/#website"},"primaryImageOfPage":{"@id":"https:\/\/serbia.com\/srpski\/posetite-srbiju\/prirodne-lepote\/reke-i-jezera\/drina-divlja-smaragdna-lepotica\/#primaryimage"},"image":{"@id":"https:\/\/serbia.com\/srpski\/posetite-srbiju\/prirodne-lepote\/reke-i-jezera\/drina-divlja-smaragdna-lepotica\/#primaryimage"},"thumbnailUrl":"https:\/\/serbia.com\/wp-content\/uploads\/2015\/03\/Drinaserbia.jpg","datePublished":"2015-05-27T09:26:43+00:00","dateModified":"2024-10-20T17:50:02+00:00","breadcrumb":{"@id":"https:\/\/serbia.com\/srpski\/posetite-srbiju\/prirodne-lepote\/reke-i-jezera\/drina-divlja-smaragdna-lepotica\/#breadcrumb"},"inLanguage":"srpski","potentialAction":[{"@type":"ReadAction","target":["https:\/\/serbia.com\/srpski\/posetite-srbiju\/prirodne-lepote\/reke-i-jezera\/drina-divlja-smaragdna-lepotica\/"]}]},{"@type":"ImageObject","inLanguage":"srpski","@id":"https:\/\/serbia.com\/srpski\/posetite-srbiju\/prirodne-lepote\/reke-i-jezera\/drina-divlja-smaragdna-lepotica\/#primaryimage","url":"https:\/\/serbia.com\/wp-content\/uploads\/2015\/03\/Drinaserbia.jpg","contentUrl":"https:\/\/serbia.com\/wp-content\/uploads\/2015\/03\/Drinaserbia.jpg","width":1600,"height":709},{"@type":"BreadcrumbList","@id":"https:\/\/serbia.com\/srpski\/posetite-srbiju\/prirodne-lepote\/reke-i-jezera\/drina-divlja-smaragdna-lepotica\/#breadcrumb","itemListElement":[{"@type":"ListItem","position":1,"name":"Home","item":"https:\/\/serbia.com\/srpski\/"},{"@type":"ListItem","position":2,"name":"Poseti Srbiju","item":"https:\/\/serbia.com\/srpski\/posetite-srbiju\/"},{"@type":"ListItem","position":3,"name":"Prirodne lepote","item":"https:\/\/serbia.com\/srpski\/posetite-srbiju\/prirodne-lepote\/"},{"@type":"ListItem","position":4,"name":"Reke i jezera","item":"https:\/\/serbia.com\/srpski\/posetite-srbiju\/prirodne-lepote\/reke-i-jezera\/"},{"@type":"ListItem","position":5,"name":"Drina, divlja smaragdna lepotica"}]},{"@type":"WebSite","@id":"https:\/\/serbia.com\/#website","url":"https:\/\/serbia.com\/","name":"Serbia.com","description":"Your Gateway to Serbia","potentialAction":[{"@type":"SearchAction","target":{"@type":"EntryPoint","urlTemplate":"https:\/\/serbia.com\/?s={search_term_string}"},"query-input":{"@type":"PropertyValueSpecification","valueRequired":true,"valueName":"search_term_string"}}],"inLanguage":"srpski"}]}},"_links":{"self":[{"href":"https:\/\/serbia.com\/srpski\/wp-json\/wp\/v2\/pages\/32792"}],"collection":[{"href":"https:\/\/serbia.com\/srpski\/wp-json\/wp\/v2\/pages"}],"about":[{"href":"https:\/\/serbia.com\/srpski\/wp-json\/wp\/v2\/types\/page"}],"author":[{"embeddable":true,"href":"https:\/\/serbia.com\/srpski\/wp-json\/wp\/v2\/users\/27"}],"replies":[{"embeddable":true,"href":"https:\/\/serbia.com\/srpski\/wp-json\/wp\/v2\/comments?post=32792"}],"version-history":[{"count":1,"href":"https:\/\/serbia.com\/srpski\/wp-json\/wp\/v2\/pages\/32792\/revisions"}],"predecessor-version":[{"id":55735,"href":"https:\/\/serbia.com\/srpski\/wp-json\/wp\/v2\/pages\/32792\/revisions\/55735"}],"up":[{"embeddable":true,"href":"https:\/\/serbia.com\/srpski\/wp-json\/wp\/v2\/pages\/20465"}],"wp:featuredmedia":[{"embeddable":true,"href":"https:\/\/serbia.com\/srpski\/wp-json\/wp\/v2\/media\/30221"}],"wp:attachment":[{"href":"https:\/\/serbia.com\/srpski\/wp-json\/wp\/v2\/media?parent=32792"}],"wp:term":[{"taxonomy":"category","embeddable":true,"href":"https:\/\/serbia.com\/srpski\/wp-json\/wp\/v2\/categories?post=32792"},{"taxonomy":"post_tag","embeddable":true,"href":"https:\/\/serbia.com\/srpski\/wp-json\/wp\/v2\/tags?post=32792"}],"curies":[{"name":"wp","href":"https:\/\/api.w.org\/{rel}","templated":true}]}}