{"id":32770,"date":"2015-05-26T14:31:12","date_gmt":"2015-05-26T12:31:12","guid":{"rendered":"http:\/\/www.serbia.com\/?page_id=32770"},"modified":"2024-10-20T19:50:50","modified_gmt":"2024-10-20T17:50:50","slug":"palic-jezero-napravljeno-od-suza","status":"publish","type":"page","link":"https:\/\/serbia.com\/srpski\/posetite-srbiju\/prirodne-lepote\/reke-i-jezera\/palic-jezero-napravljeno-od-suza\/","title":{"rendered":"Pali\u0107, jezero napravljeno od suza"},"content":{"rendered":"<h4>Bajkovito lepo jezero, prema legendi napravljeno od suza, Pali\u0107 je mesto odr\u017eavanja filmskog festivala i jedna od omiljenih lokacija u Srbiji<\/h4>\n<p>Pali\u0107 je, prema legendi koju \u0107e vam me\u0161tani rado ispri\u010dati, jezero nastalo od suza pastira Pavla koji je tu izgubio svoje stado pa je zato voda u jezeru slana. Po drugoj pri\u010di, jezero je ostatak Panonskog mora koje je u pradavna vremena postojalo na ovim prostorima.<\/p>\n<p>U svakom slu\u010daju, ako \u017eelite da odmor provedete u Srbiji u kutku prirode kao iz bajke gde \u0107ete mo\u0107i da se kupate, \u0161etate u prirodi, ali i u\u017eivate u dobrom provodu i zabavi, Pali\u0107ko jezero je pravo mesto za vas! Re\u010d je o jezeru koje je ve\u0107 godinama jedna od najpose\u0107enijih lokacija u Srbiji, pre svega, zbog svoje ure\u0111enosti, lepote i raznovrsnih mogu\u0107nosti za odmor i rekreaciju.<\/p>\n<p>Pali\u0107ko jezero se nalazi u <strong>Vojvodini<\/strong>, na 8 kilometara od <a href=\"http:\/\/www.serbia.com\/srpski\/posetite-srbiju\/gradovi\/subotica\/\" target=\"_blank\" rel=\"noopener\"><strong>Subotice<\/strong><\/a>, jednog od najlep\u0161ih <a href=\"http:\/\/www.serbia.com\/srpski\/posetite-srbiju\/gradovi\/\" target=\"_blank\" rel=\"noopener\">gradova u Srbiji<\/a>, pa svi posetioci jezera lako mogu da odu i vreme provedu i u ovom gradu. To je <strong>najve\u0107e prirodno jezero u Srbiji<\/strong>, a prvi put se pominje kao Pali u spisima iz 15. veka.<\/p>\n<figure id=\"attachment_18556\" aria-describedby=\"caption-attachment-18556\" style=\"width: 800px\" class=\"wp-caption aligncenter\"><img loading=\"lazy\" decoding=\"async\" class=\"wp-image-18556\" src=\"http:\/\/www.serbia.com\/wp-content\/uploads\/2012\/11\/Pali\u0107_13783317.jpg\" alt=\"Pali\u0107_13783317\" width=\"800\" height=\"534\" srcset=\"https:\/\/serbia.com\/wp-content\/uploads\/2012\/11\/Pali\u0107_13783317.jpg 640w, https:\/\/serbia.com\/wp-content\/uploads\/2012\/11\/Pali\u0107_13783317-300x200.jpg 300w\" sizes=\"(max-width: 800px) 100vw, 800px\" \/><figcaption id=\"caption-attachment-18556\" class=\"wp-caption-text\">Vila Lujza iz 19. veka<\/figcaption><\/figure>\n<p>Tri veka kasnije, po\u010dela su istra\u017eivanja lekovitosti vode iz ovog jezera, a to je bio i po\u010detak izgradnje kupali\u0161ta i banje koja i danas postoji. Jezero, pre\u010dnika skoro pet i najve\u0107e dubine 3,5 metra, ima <strong>tri ure\u0111ene pla\u017ee, toplu vodu i prijatan ambijent<\/strong>.<\/p>\n<p>Za vreme turisti\u010dke sezone, temperatura vode je izme\u0111u 18 i 25 stepeni, pa Pali\u0107 predstavlja <strong>idealno mesto za kupanje i beg od letnje \u017eege<\/strong>. Osim ovoga, jezero je zna\u010dajno i zbog <strong>lekovitog blata<\/strong>, pa je ovde mogu\u0107e i le\u010denje i banjski opovarak. Obala jezera je duga 17 kilometara i ure\u0111ena je celom svojom du\u017einom.<\/p>\n<p>Zbog ovoga, atraktivne su i <strong>pe\u0161a\u010dke ture<\/strong>, ali i <strong>pecanje<\/strong>, <strong>posmatranje ptica<\/strong>, kao i <strong>obilazak parka prirode oko samog jezera<\/strong>. Kada se ovome dodaju i novoizgra\u0111eni hoteli, restorani, manje vile razli\u010ditih sme\u0161tajnih kapaciteta, kao i poslovi\u010dno dobar no\u0107ni \u017eivot, Pali\u0107ko jezero postaje mesto koje ne smete propustiti, koliko god godina da imate i kakva god da su vam interesovanja!<\/p>\n<p>U letnjim mesecima, na Pali\u0107u se odr\u017eava i <strong>Festival evropskog filma<\/strong>, pa ovo mesto postaje steci\u0161te mnogih, pre svega, regionalnih filmskih stvaralaca, glumaca i kriti\u010dara. Zaljubljenici u \u201csedmu umetnost\u201d ovde mogu u\u017eivati u prijatnom ambijentu gledaju\u0107i najnovija filmska ostvarenja, a jedna od glavnih specifi\u010dnosti festivala je i \u010dinjenica da je jedan od retkih manifestacija ovog tipa sa 100 odsto evropskim sadr\u017eajem.<\/p>\n<p>U neposrednoj blizini jezera se nalazi i atraktivni <strong>ZOO vrt u kome ve\u0107ina \u017eivotinja nije sme\u0161tena u kaveze ve\u0107 slobodno \u0161eta ogra\u0111enim delovima parka<\/strong> \u0161to ovo mesto \u010dini veoma zanimljivim, pre svega za najmla\u0111e, ali i za sve ljubitelje \u017eivotinja.<\/p>\n<p>\u010cak iako ne odete u zoo, biljni i \u017eivotinjski svet oko jezera \u0107e vas o\u010darati i ostaviti bez daha. Okolina je za\u0161ti\u0107eni park prirode u Srbiji, a u njemu posetioci mogu da vide mnogobrojne vrste od kojih su mnoge svetske prirode retkosti. Tu je nastanjena i retka vrsta orhideje \u2013 <strong>mo\u010dvarni kacun<\/strong>.<\/p>\n<p><img loading=\"lazy\" decoding=\"async\" class=\"aligncenter wp-image-18557\" src=\"http:\/\/www.serbia.com\/wp-content\/uploads\/2012\/11\/mala.jpg\" alt=\"mala\" width=\"800\" height=\"600\" srcset=\"https:\/\/serbia.com\/wp-content\/uploads\/2012\/11\/mala.jpg 640w, https:\/\/serbia.com\/wp-content\/uploads\/2012\/11\/mala-300x225.jpg 300w\" sizes=\"(max-width: 800px) 100vw, 800px\" \/><\/p>\n<h4><\/h4>\n<h4>Kako do\u0107i do \u201cjezera suza\u201d?<\/h4>\n<p>Do Pali\u0107a se mo\u017ee sti\u0107i automobilom iz pravca <a href=\"http:\/\/www.serbia.com\/srpski\/posetite-srbiju\/gradovi\/beograd\/\" target=\"_blank\" rel=\"noopener\">Beograda<\/a>, <a href=\"http:\/\/www.serbia.com\/srpski\/posetite-srbiju\/gradovi\/novi-sad\/\" target=\"_blank\" rel=\"noopener\">Novog Sada<\/a> ili Budimpe\u0161te autoputem E-75. Od izlaza \u201cSubotica-sever\u201d Pali\u0107 je udaljen 3km.<\/p>\n<p>Iz svih ve\u0107ih gradova Srbije i Ma\u0111arske postoji veliki broj direktnih autobuskih linija ka Subotici. Od Novog Sada do Pali\u0107a se putuje 100 km, a od Beograda 180 km.<\/p>\n<p>Od Subotice do Pali\u0107a se mo\u017ee do\u0107i i vozom, a vo\u017enja traje 5 minuta.<\/p>\n<p>Na svakih \u010detrdeset minuta ka Pali\u0107u iz pravca Subotice saobra\u0107a linija GSP-a broj 6, ali mi preporu\u010dujemo laganu \u0161etnju lepom i osvetljenom stazom za pe\u0161ake i bicikliste.<\/p>\n<h4>Kada ste ve\u0107 ovde, ne propustite\u2026<\/h4>\n<p><strong>Gutljaj dobrog vina iz pali\u0107kih vinograda<\/strong> uz zalak sunca na jezeru, jer ovde je \u010duveni\u00a0<a href=\"http:\/\/www.serbia.com\/srpski\/posetite-srbiju\/provedi-se\/vinski-putevi\/vinski-put-palic\/\" target=\"_blank\" rel=\"noopener\"><strong>Vinski put Pali\u0107<\/strong><\/a>. A ako se na\u0111ete ovde krajem septembra, ne propustite manifestaciju <strong>\u201cBerbanski dani\u201d<\/strong> koja slavi gro\u017e\u0111e i vino.<\/p>\n<p>Neobuzdani zaljubljenici u prirodu, ne bi trebalo da propuste u\u017eivanje u <strong>specijalnom rezervatu prirode &#8211; <a href=\"http:\/\/www.serbia.com\/srpski\/posetite-srbiju\/prirodne-lepote\/reke-i-jezera\/ludasko-jezero-specijalni-rezervat-prirode-star-milion-godina\/\" target=\"_blank\" rel=\"noopener\">Luda\u0161kom jezeru<\/a><\/strong> koje se nalazi na oko 7 km isto\u010dno od Pali\u0107a.<\/p>\n<p>Ukoliko se na\u0111ete na Pali\u0107u sredinom jula, 100 km vo\u017enje do Novog Sada nije daleko da biste posetili jedan od najve\u0107ih muzi\u010dkih festivala Evrope \u2013 <a href=\"http:\/\/www.serbia.com\/srpski\/posetite-srbiju\/kulturne-atrakcije\/festivali-i-manifestacije\/exit-festival-najbolji-u-regionu\/\" target=\"_blank\" rel=\"noopener\"><strong>EXIT festival<\/strong><\/a>.<\/p>\n","protected":false},"excerpt":{"rendered":"<p>Bajkovito lepo jezero, prema legendi napravljeno od suza, Pali\u0107 je mesto odr\u017eavanja filmskog festivala i jedna od omiljenih lokacija u Srbiji Pali\u0107 je, prema legendi koju \u0107e vam me\u0161tani rado [&hellip;]<\/p>\n","protected":false},"author":27,"featured_media":32687,"parent":20465,"menu_order":0,"comment_status":"closed","ping_status":"closed","template":"","meta":{"_acf_changed":false,"inline_featured_image":false,"_monsterinsights_skip_tracking":false,"_monsterinsights_sitenote_active":false,"_monsterinsights_sitenote_note":"","_monsterinsights_sitenote_category":0,"footnotes":""},"categories":[1656],"tags":[],"class_list":["post-32770","page","type-page","status-publish","has-post-thumbnail","hentry","category-reke-jezera"],"acf":[],"yoast_head":"<!-- This site is optimized with the Yoast SEO plugin v23.8 - https:\/\/yoast.com\/wordpress\/plugins\/seo\/ -->\n<title>Pali\u0107, jezero napravljeno od suza - Serbia.com<\/title>\n<meta name=\"robots\" content=\"index, follow, max-snippet:-1, max-image-preview:large, max-video-preview:-1\" \/>\n<link rel=\"canonical\" href=\"https:\/\/serbia.com\/srpski\/posetite-srbiju\/prirodne-lepote\/reke-i-jezera\/palic-jezero-napravljeno-od-suza\/\" \/>\n<meta property=\"og:locale\" content=\"en_US\" \/>\n<meta property=\"og:type\" content=\"article\" \/>\n<meta property=\"og:title\" content=\"Pali\u0107, jezero napravljeno od suza - Serbia.com\" \/>\n<meta property=\"og:description\" content=\"Bajkovito lepo jezero, prema legendi napravljeno od suza, Pali\u0107 je mesto odr\u017eavanja filmskog festivala i jedna od omiljenih lokacija u Srbiji Pali\u0107 je, prema legendi koju \u0107e vam me\u0161tani rado [&hellip;]\" \/>\n<meta property=\"og:url\" content=\"https:\/\/serbia.com\/srpski\/posetite-srbiju\/prirodne-lepote\/reke-i-jezera\/palic-jezero-napravljeno-od-suza\/\" \/>\n<meta property=\"og:site_name\" content=\"Serbia.com\" \/>\n<meta property=\"article:modified_time\" content=\"2024-10-20T17:50:50+00:00\" \/>\n<meta property=\"og:image\" content=\"https:\/\/serbia.com\/wp-content\/uploads\/2015\/05\/palic1.jpg\" \/>\n\t<meta property=\"og:image:width\" content=\"1600\" \/>\n\t<meta property=\"og:image:height\" content=\"589\" \/>\n\t<meta property=\"og:image:type\" content=\"image\/jpeg\" \/>\n<meta name=\"twitter:label1\" content=\"Est. reading time\" \/>\n\t<meta name=\"twitter:data1\" content=\"4 minutes\" \/>\n<script type=\"application\/ld+json\" class=\"yoast-schema-graph\">{\"@context\":\"https:\/\/schema.org\",\"@graph\":[{\"@type\":\"WebPage\",\"@id\":\"https:\/\/serbia.com\/srpski\/posetite-srbiju\/prirodne-lepote\/reke-i-jezera\/palic-jezero-napravljeno-od-suza\/\",\"url\":\"https:\/\/serbia.com\/srpski\/posetite-srbiju\/prirodne-lepote\/reke-i-jezera\/palic-jezero-napravljeno-od-suza\/\",\"name\":\"Pali\u0107, jezero napravljeno od suza - Serbia.com\",\"isPartOf\":{\"@id\":\"https:\/\/serbia.com\/#website\"},\"primaryImageOfPage\":{\"@id\":\"https:\/\/serbia.com\/srpski\/posetite-srbiju\/prirodne-lepote\/reke-i-jezera\/palic-jezero-napravljeno-od-suza\/#primaryimage\"},\"image\":{\"@id\":\"https:\/\/serbia.com\/srpski\/posetite-srbiju\/prirodne-lepote\/reke-i-jezera\/palic-jezero-napravljeno-od-suza\/#primaryimage\"},\"thumbnailUrl\":\"https:\/\/serbia.com\/wp-content\/uploads\/2015\/05\/palic1.jpg\",\"datePublished\":\"2015-05-26T12:31:12+00:00\",\"dateModified\":\"2024-10-20T17:50:50+00:00\",\"breadcrumb\":{\"@id\":\"https:\/\/serbia.com\/srpski\/posetite-srbiju\/prirodne-lepote\/reke-i-jezera\/palic-jezero-napravljeno-od-suza\/#breadcrumb\"},\"inLanguage\":\"srpski\",\"potentialAction\":[{\"@type\":\"ReadAction\",\"target\":[\"https:\/\/serbia.com\/srpski\/posetite-srbiju\/prirodne-lepote\/reke-i-jezera\/palic-jezero-napravljeno-od-suza\/\"]}]},{\"@type\":\"ImageObject\",\"inLanguage\":\"srpski\",\"@id\":\"https:\/\/serbia.com\/srpski\/posetite-srbiju\/prirodne-lepote\/reke-i-jezera\/palic-jezero-napravljeno-od-suza\/#primaryimage\",\"url\":\"https:\/\/serbia.com\/wp-content\/uploads\/2015\/05\/palic1.jpg\",\"contentUrl\":\"https:\/\/serbia.com\/wp-content\/uploads\/2015\/05\/palic1.jpg\",\"width\":1600,\"height\":589},{\"@type\":\"BreadcrumbList\",\"@id\":\"https:\/\/serbia.com\/srpski\/posetite-srbiju\/prirodne-lepote\/reke-i-jezera\/palic-jezero-napravljeno-od-suza\/#breadcrumb\",\"itemListElement\":[{\"@type\":\"ListItem\",\"position\":1,\"name\":\"Home\",\"item\":\"https:\/\/serbia.com\/srpski\/\"},{\"@type\":\"ListItem\",\"position\":2,\"name\":\"Poseti Srbiju\",\"item\":\"https:\/\/serbia.com\/srpski\/posetite-srbiju\/\"},{\"@type\":\"ListItem\",\"position\":3,\"name\":\"Prirodne lepote\",\"item\":\"https:\/\/serbia.com\/srpski\/posetite-srbiju\/prirodne-lepote\/\"},{\"@type\":\"ListItem\",\"position\":4,\"name\":\"Reke i jezera\",\"item\":\"https:\/\/serbia.com\/srpski\/posetite-srbiju\/prirodne-lepote\/reke-i-jezera\/\"},{\"@type\":\"ListItem\",\"position\":5,\"name\":\"Pali\u0107, jezero napravljeno od suza\"}]},{\"@type\":\"WebSite\",\"@id\":\"https:\/\/serbia.com\/#website\",\"url\":\"https:\/\/serbia.com\/\",\"name\":\"Serbia.com\",\"description\":\"Your Gateway to Serbia\",\"potentialAction\":[{\"@type\":\"SearchAction\",\"target\":{\"@type\":\"EntryPoint\",\"urlTemplate\":\"https:\/\/serbia.com\/?s={search_term_string}\"},\"query-input\":{\"@type\":\"PropertyValueSpecification\",\"valueRequired\":true,\"valueName\":\"search_term_string\"}}],\"inLanguage\":\"srpski\"}]}<\/script>\n<!-- \/ Yoast SEO plugin. -->","yoast_head_json":{"title":"Pali\u0107, jezero napravljeno od suza - Serbia.com","robots":{"index":"index","follow":"follow","max-snippet":"max-snippet:-1","max-image-preview":"max-image-preview:large","max-video-preview":"max-video-preview:-1"},"canonical":"https:\/\/serbia.com\/srpski\/posetite-srbiju\/prirodne-lepote\/reke-i-jezera\/palic-jezero-napravljeno-od-suza\/","og_locale":"en_US","og_type":"article","og_title":"Pali\u0107, jezero napravljeno od suza - Serbia.com","og_description":"Bajkovito lepo jezero, prema legendi napravljeno od suza, Pali\u0107 je mesto odr\u017eavanja filmskog festivala i jedna od omiljenih lokacija u Srbiji Pali\u0107 je, prema legendi koju \u0107e vam me\u0161tani rado [&hellip;]","og_url":"https:\/\/serbia.com\/srpski\/posetite-srbiju\/prirodne-lepote\/reke-i-jezera\/palic-jezero-napravljeno-od-suza\/","og_site_name":"Serbia.com","article_modified_time":"2024-10-20T17:50:50+00:00","og_image":[{"width":1600,"height":589,"url":"https:\/\/serbia.com\/wp-content\/uploads\/2015\/05\/palic1.jpg","type":"image\/jpeg"}],"twitter_misc":{"Est. reading time":"4 minutes"},"schema":{"@context":"https:\/\/schema.org","@graph":[{"@type":"WebPage","@id":"https:\/\/serbia.com\/srpski\/posetite-srbiju\/prirodne-lepote\/reke-i-jezera\/palic-jezero-napravljeno-od-suza\/","url":"https:\/\/serbia.com\/srpski\/posetite-srbiju\/prirodne-lepote\/reke-i-jezera\/palic-jezero-napravljeno-od-suza\/","name":"Pali\u0107, jezero napravljeno od suza - Serbia.com","isPartOf":{"@id":"https:\/\/serbia.com\/#website"},"primaryImageOfPage":{"@id":"https:\/\/serbia.com\/srpski\/posetite-srbiju\/prirodne-lepote\/reke-i-jezera\/palic-jezero-napravljeno-od-suza\/#primaryimage"},"image":{"@id":"https:\/\/serbia.com\/srpski\/posetite-srbiju\/prirodne-lepote\/reke-i-jezera\/palic-jezero-napravljeno-od-suza\/#primaryimage"},"thumbnailUrl":"https:\/\/serbia.com\/wp-content\/uploads\/2015\/05\/palic1.jpg","datePublished":"2015-05-26T12:31:12+00:00","dateModified":"2024-10-20T17:50:50+00:00","breadcrumb":{"@id":"https:\/\/serbia.com\/srpski\/posetite-srbiju\/prirodne-lepote\/reke-i-jezera\/palic-jezero-napravljeno-od-suza\/#breadcrumb"},"inLanguage":"srpski","potentialAction":[{"@type":"ReadAction","target":["https:\/\/serbia.com\/srpski\/posetite-srbiju\/prirodne-lepote\/reke-i-jezera\/palic-jezero-napravljeno-od-suza\/"]}]},{"@type":"ImageObject","inLanguage":"srpski","@id":"https:\/\/serbia.com\/srpski\/posetite-srbiju\/prirodne-lepote\/reke-i-jezera\/palic-jezero-napravljeno-od-suza\/#primaryimage","url":"https:\/\/serbia.com\/wp-content\/uploads\/2015\/05\/palic1.jpg","contentUrl":"https:\/\/serbia.com\/wp-content\/uploads\/2015\/05\/palic1.jpg","width":1600,"height":589},{"@type":"BreadcrumbList","@id":"https:\/\/serbia.com\/srpski\/posetite-srbiju\/prirodne-lepote\/reke-i-jezera\/palic-jezero-napravljeno-od-suza\/#breadcrumb","itemListElement":[{"@type":"ListItem","position":1,"name":"Home","item":"https:\/\/serbia.com\/srpski\/"},{"@type":"ListItem","position":2,"name":"Poseti Srbiju","item":"https:\/\/serbia.com\/srpski\/posetite-srbiju\/"},{"@type":"ListItem","position":3,"name":"Prirodne lepote","item":"https:\/\/serbia.com\/srpski\/posetite-srbiju\/prirodne-lepote\/"},{"@type":"ListItem","position":4,"name":"Reke i jezera","item":"https:\/\/serbia.com\/srpski\/posetite-srbiju\/prirodne-lepote\/reke-i-jezera\/"},{"@type":"ListItem","position":5,"name":"Pali\u0107, jezero napravljeno od suza"}]},{"@type":"WebSite","@id":"https:\/\/serbia.com\/#website","url":"https:\/\/serbia.com\/","name":"Serbia.com","description":"Your Gateway to Serbia","potentialAction":[{"@type":"SearchAction","target":{"@type":"EntryPoint","urlTemplate":"https:\/\/serbia.com\/?s={search_term_string}"},"query-input":{"@type":"PropertyValueSpecification","valueRequired":true,"valueName":"search_term_string"}}],"inLanguage":"srpski"}]}},"_links":{"self":[{"href":"https:\/\/serbia.com\/srpski\/wp-json\/wp\/v2\/pages\/32770"}],"collection":[{"href":"https:\/\/serbia.com\/srpski\/wp-json\/wp\/v2\/pages"}],"about":[{"href":"https:\/\/serbia.com\/srpski\/wp-json\/wp\/v2\/types\/page"}],"author":[{"embeddable":true,"href":"https:\/\/serbia.com\/srpski\/wp-json\/wp\/v2\/users\/27"}],"replies":[{"embeddable":true,"href":"https:\/\/serbia.com\/srpski\/wp-json\/wp\/v2\/comments?post=32770"}],"version-history":[{"count":1,"href":"https:\/\/serbia.com\/srpski\/wp-json\/wp\/v2\/pages\/32770\/revisions"}],"predecessor-version":[{"id":55736,"href":"https:\/\/serbia.com\/srpski\/wp-json\/wp\/v2\/pages\/32770\/revisions\/55736"}],"up":[{"embeddable":true,"href":"https:\/\/serbia.com\/srpski\/wp-json\/wp\/v2\/pages\/20465"}],"wp:featuredmedia":[{"embeddable":true,"href":"https:\/\/serbia.com\/srpski\/wp-json\/wp\/v2\/media\/32687"}],"wp:attachment":[{"href":"https:\/\/serbia.com\/srpski\/wp-json\/wp\/v2\/media?parent=32770"}],"wp:term":[{"taxonomy":"category","embeddable":true,"href":"https:\/\/serbia.com\/srpski\/wp-json\/wp\/v2\/categories?post=32770"},{"taxonomy":"post_tag","embeddable":true,"href":"https:\/\/serbia.com\/srpski\/wp-json\/wp\/v2\/tags?post=32770"}],"curies":[{"name":"wp","href":"https:\/\/api.w.org\/{rel}","templated":true}]}}