{"id":32766,"date":"2015-05-26T13:58:47","date_gmt":"2015-05-26T11:58:47","guid":{"rendered":"http:\/\/www.serbia.com\/?page_id=32766"},"modified":"2025-10-08T15:38:09","modified_gmt":"2025-10-08T13:38:09","slug":"perucac-raj-za-pecarose","status":"publish","type":"page","link":"https:\/\/serbia.com\/srpski\/posetite-srbiju\/prirodne-lepote\/reke-i-jezera\/perucac-raj-za-pecarose\/","title":{"rendered":"Peru\u0107ac, raj za pecaro\u0161e"},"content":{"rendered":"<h4>Ve\u0161ta\u010dko jezero nastalo pregra\u0111ivanjem Drine, Peru\u0107ac je idealno mesto za odmor u netaknutoj prirodi ili u\u017eivanje u ribolovu<\/h4>\n<p>Peru\u0107ac je ve\u0161ta\u010dko jezero u zapadnoj Srbiji, na samoj granici sa Bosnom i Hercegovinom, nastalo pregra\u0111ivanjem toka <a href=\"http:\/\/www.serbia.com\/srpski\/posetite-srbiju\/prirodne-lepote\/reke-i-jezera\/drina-divlja-smaragdna-lepotica\/\" target=\"_blank\" rel=\"noopener\">Drine<\/a> za potrebe hidroelektrane \u201eBajina Ba\u0161ta\u201c. Ima povr\u0161inu oko 12 kvadratnih kilometara, duboko je do 60 metara i nalazi se na 290 metara nadmorske visine.<\/p>\n<p>Osim lepe prirode i blizine <strong>nacionalnog parka <a href=\"http:\/\/www.serbia.com\/srpski\/posetite-srbiju\/prirodne-lepote\/planine\/tara-planinski-dom-staroslovenskih-bogova\/\" target=\"_blank\" rel=\"noopener\">Tara<\/a><\/strong>, jezero je raj za pecanje a njegovo veliko ribno bogatstvo privla\u010di pecaro\u0161e iz celog sveta.<\/p>\n<p>Ovde se svake godine odr\u017eava <strong>takmi\u010denje u lovu na mladice<\/strong>, a ako u\u017eivate u ovom sportu, ovde mo\u017eete da uhvatite i zaista velike primerke. Osim nje, jezero Peru\u0107ac bogato je i klenovima, somovima i \u0161aranima, a sve \u0161to vam je potrebno je ribolova\u010dka dozvola koju lako mo\u017eete dobiti u nekom od lokalnih dru\u0161tava, \u0161tap i malo \u201cpecaro\u0161ke sre\u0107e\u201d.<\/p>\n<p>Iako niste ljubitelj ribolova, na Peru\u0107cu mo\u017eete provesti prijatan odmor. Osim nacionalnog parka, veoma blizu jezera je <a href=\"http:\/\/www.serbia.com\/srpski\/posetite-srbiju\/prirodne-lepote\/planine\/mokra-gora-inspiracija-umetnosti-i-stvaralastva\/\" target=\"_blank\" rel=\"noopener\"><strong>Mokra Gora<\/strong><\/a> sa <a href=\"http:\/\/www.serbia.com\/srpski\/posetite-srbiju\/prirodne-lepote\/planine\/zlatibor-ukras-na-1-000-metara-visine\/\" target=\"_blank\" rel=\"noopener\"><strong>Drvengradom<\/strong><\/a> \u2013 <a href=\"http:\/\/www.serbia.com\/srpski\/posetite-srbiju\/prirodne-lepote\/etno-sela\/\" target=\"_blank\" rel=\"noopener\">etno selom<\/a> proslavljenog reditelja <a href=\"http:\/\/www.serbia.com\/srpski\/emir-kusturica-umetnik-graditelj-i-antiglobalista-2\/\" target=\"_blank\" rel=\"noopener\"><strong>Emira Kusturice<\/strong><\/a>.<\/p>\n<p>Ako pose\u0107ujete ovo jedinstveno mesto, iskoristite priliku i <strong>provozajte se i \u201e<a href=\"http:\/\/www.serbia.com\/srpski\/sarganska-osmica-romanticna-voznja-kroz-proslost\/\" target=\"_blank\" rel=\"noopener\">\u0106irom<\/a>\u201d<\/strong> \u2013 starim parnim vozom koji je turisti\u010dka atrakcija ovog kraja i koji vozi po \u0161inama uskog koloseka, prugom od davnina poznatom kao <strong>\u201c<a href=\"http:\/\/www.serbia.com\/srpski\/sarganska-osmica-romanticna-voznja-kroz-proslost\/\" target=\"_blank\" rel=\"noopener\">\u0160arganska osmica<\/a>\u201c<\/strong>.<\/p>\n<p>Kao posebnost ovog kraja izdvaja se <strong>reka Vrelo<\/strong>, <strong>verovatno najkra\u0107a reka na svetu<\/strong>, koja se posle kra\u0107eg toka i prelepog vodopada uliva u Drinu. Duga je ta\u010dno 365 metara, pa me\u0161tani ka\u017eu da je <em>\u201cbistra kao oko, a duga \u2013 godinu dana\u201d<\/em>.<\/p>\n<p>U neposrednoj blizini jezera, na oko 25 kilometara, sa strane koja pripada Bosni i Hercegovini, nalazi se i stari <strong>most velikog vezira Mehmed pa\u0161a Sokolovi\u0107a<\/strong>\u00a0\u2013 proslavljen u romanu\u00a0\u201cNa Drini \u0107uprija\u201d\u00a0srpskog nobelovca <a href=\"http:\/\/www.serbia.com\/srpski\/ivo-andric-nobelovac-2\/\" target=\"_blank\" rel=\"noopener\"><strong>Iva Andri\u0107a<\/strong><\/a>.<\/p>\n<p>Za sve koji vole kada im adrenalin poja\u010dano struju kroz krv, koji u\u017eivaju u uzbu\u0111enju i napetosti, jezero Peru\u0107ac je pravo mesto! Ovde se u julu svake godine odr\u017eava sada ve\u0107 \u010duvena <a href=\"http:\/\/www.serbia.com\/srpski\/sve-drinske-regate\/\" target=\"_blank\" rel=\"noopener\"><strong>Drinska regata<\/strong><\/a>.<\/p>\n<p>Mo\u017eete je posmatrati ili u\u010destvovati u spu\u0161tanju kroz strme kanjone Drine. Spust je dug oko 25 kilometara, a u\u010desnika je iz godine u godinu sve vi\u0161e, pa ovo postaje jedna od najzna\u010dajnijih regata u Srbiji. Svi koji u\u017eivaju u ovom sportu mogu da budu sigurni da \u0107e ovde ste\u0107i nova poznanstva i do\u017eiveti neponovljivu avanturu koju \u0107e pamtiti.<\/p>\n<p>Na <strong>lokalitetu \u201cMramorje\u201d<\/strong> u jezeru Peru\u0107ac postoji srednjovekovna nekropola na kojoj su na\u0111eni nadgrobni spomenici \u2013 <strong>ste\u0107ci<\/strong>, od kojih najstariji <strong>datiraju iz 14. i 15. veka<\/strong>. Razlikuju se po veli\u010dini i na\u010dinu obrade \u2013 od kre\u010dnja\u010dkih sarkofaga du\u017eine 2, \u0161irine i visine 1 metar, do polo\u017eenih nadgrobnih plo\u010da. Samo nekoliko primeraka je ukra\u0161eno klesanjem \u2013 ma\u010d, \u0161tit, krug i polumesec.<\/p>\n<p>Zbog svoga istorijskog i kulturnog zna\u010daja, lokalitet Mramorje je za\u0161ti\u0107en kao spomenik kulture od izuzetnog zna\u010daja za Srbiju.<\/p>\n<h4>Kako do\u0107i do smaragdnog jezera Peru\u0107ac?<\/h4>\n<p>Ako dolazite iz pravca <a href=\"http:\/\/www.serbia.com\/srpski\/posetite-srbiju\/gradovi\/beograd\/\" target=\"_blank\" rel=\"noopener\">Beograda<\/a> sopstvenim prevozom, najbli\u017ee je i\u0107i putem Beograd \u2013 <a href=\"http:\/\/www.serbia.com\/srpski\/posetite-srbiju\/gradovi\/valjevo-grad-sa-dve-carsije\/\" target=\"_blank\" rel=\"noopener\">Valjevo<\/a> \u2013 Bajina ba\u0161ta (150km), mada je mogu\u0107e i\u0107i i preko <a href=\"http:\/\/www.serbia.com\/srpski\/24-sata-u-uzicu\/\" target=\"_blank\" rel=\"noopener\">U\u017eica<\/a> (180km).<\/p>\n<p>Autobusi do Peru\u0107ca polaze tri puta dnevno iz Beograda, a ako dolazite iz nekog drugog grada odakle nema direktnog autobusa, onda je najbolje do\u0107i do Bajine Ba\u0161te, odakle preporu\u010dujemo lokalne autobuse i taksi prevoznike.<\/p>\n<h4>Kada ste ovde, ne propustite\u2026<\/h4>\n<p>Brojne <a href=\"http:\/\/www.serbia.com\/srpski\/sve-drinske-regate\/\" target=\"_blank\" rel=\"noopener\"><strong>drinske regate<\/strong><\/a>, <a href=\"http:\/\/www.serbia.com\/srpski\/posetite-srbiju\/provedi-se\/ekstremni-sport\/rafting-spust-niz-divlje-reke\/\" target=\"_blank\" rel=\"noopener\"><strong>raftinge<\/strong><\/a> i <a href=\"http:\/\/www.serbia.com\/srpski\/posetite-srbiju\/provedi-se\/rekreacija\/otkrijte-srbiju-u-kajak-i-kanu-avanturi\/\" target=\"_blank\" rel=\"noopener\"><strong>kajak-kanu avanture<\/strong><\/a> na samom jezeru i reci Drini koje ne mo\u017eete izbe\u0107i tokom celog leta.<\/p>\n<p>Najve\u0107a regata organizuje se u poslednjih desetak dana jula, a nju prati <strong>Most fest<\/strong> na kome nastupaju najpoznatiji bendovi i izvo\u0111a\u010di iz Srbije i regiona.<\/p>\n<p>Ne propustite \u0161etnju <a href=\"http:\/\/www.serbia.com\/srpski\/posetite-srbiju\/prirodne-lepote\/planine\/tara-planinski-dom-staroslovenskih-bogova\/\" target=\"_blank\" rel=\"noopener\"><strong>nacionalnim parkom Tara<\/strong><\/a> i u\u017eivanje u svim \u010darima ove planine i njene divlje pririrode, uz nezaobilazne <a href=\"http:\/\/www.serbia.com\/srpski\/o-srbiji\/tradicionalna-kuhinja\/\" target=\"_blank\" rel=\"noopener\">kulinarske specijalitete<\/a> ovog kraja.<\/p>\n<p>U prvoj polovini avgusta na stotinak kilometara od ovog kraja i jezera Peru\u0107ac de\u0161ava se ne\u0161to \u0161to se u Srbiji ne propu\u0161ta \u2013 <a href=\"http:\/\/www.serbia.com\/srpski\/posetite-srbiju\/kulturne-atrakcije\/festivali-i-manifestacije\/guca-festival-trube-i-dobrog-provoda\/\" target=\"_blank\" rel=\"noopener\"><strong>Sabor truba\u010da u Gu\u010di<\/strong><\/a>.<\/p>\n","protected":false},"excerpt":{"rendered":"<p>Ve\u0161ta\u010dko jezero nastalo pregra\u0111ivanjem Drine, Peru\u0107ac je idealno mesto za odmor u netaknutoj prirodi ili u\u017eivanje u ribolovu Peru\u0107ac je ve\u0161ta\u010dko jezero u zapadnoj Srbiji, na samoj granici sa Bosnom [&hellip;]<\/p>\n","protected":false},"author":27,"featured_media":62841,"parent":20465,"menu_order":0,"comment_status":"closed","ping_status":"closed","template":"","meta":{"_acf_changed":false,"inline_featured_image":false,"_monsterinsights_skip_tracking":false,"_monsterinsights_sitenote_active":false,"_monsterinsights_sitenote_note":"","_monsterinsights_sitenote_category":0,"footnotes":""},"categories":[1656],"tags":[],"class_list":["post-32766","page","type-page","status-publish","has-post-thumbnail","hentry","category-reke-jezera"],"acf":[],"yoast_head":"<!-- This site is optimized with the Yoast SEO plugin v23.8 - https:\/\/yoast.com\/wordpress\/plugins\/seo\/ -->\n<title>Peru\u0107ac, raj za pecaro\u0161e - Serbia.com<\/title>\n<meta name=\"robots\" content=\"index, follow, max-snippet:-1, max-image-preview:large, max-video-preview:-1\" \/>\n<link rel=\"canonical\" href=\"https:\/\/serbia.com\/srpski\/posetite-srbiju\/prirodne-lepote\/reke-i-jezera\/perucac-raj-za-pecarose\/\" \/>\n<meta property=\"og:locale\" content=\"en_US\" \/>\n<meta property=\"og:type\" content=\"article\" \/>\n<meta property=\"og:title\" content=\"Peru\u0107ac, raj za pecaro\u0161e - Serbia.com\" \/>\n<meta property=\"og:description\" content=\"Ve\u0161ta\u010dko jezero nastalo pregra\u0111ivanjem Drine, Peru\u0107ac je idealno mesto za odmor u netaknutoj prirodi ili u\u017eivanje u ribolovu Peru\u0107ac je ve\u0161ta\u010dko jezero u zapadnoj Srbiji, na samoj granici sa Bosnom [&hellip;]\" \/>\n<meta property=\"og:url\" content=\"https:\/\/serbia.com\/srpski\/posetite-srbiju\/prirodne-lepote\/reke-i-jezera\/perucac-raj-za-pecarose\/\" \/>\n<meta property=\"og:site_name\" content=\"Serbia.com\" \/>\n<meta property=\"article:modified_time\" content=\"2025-10-08T13:38:09+00:00\" \/>\n<meta property=\"og:image\" content=\"https:\/\/serbia.com\/wp-content\/uploads\/2025\/10\/eastern-serbia-5.jpg\" \/>\n\t<meta property=\"og:image:width\" content=\"1366\" \/>\n\t<meta property=\"og:image:height\" content=\"768\" \/>\n\t<meta property=\"og:image:type\" content=\"image\/jpeg\" \/>\n<meta name=\"twitter:label1\" content=\"Est. reading time\" \/>\n\t<meta name=\"twitter:data1\" content=\"3 minutes\" \/>\n<script type=\"application\/ld+json\" class=\"yoast-schema-graph\">{\"@context\":\"https:\/\/schema.org\",\"@graph\":[{\"@type\":\"WebPage\",\"@id\":\"https:\/\/serbia.com\/srpski\/posetite-srbiju\/prirodne-lepote\/reke-i-jezera\/perucac-raj-za-pecarose\/\",\"url\":\"https:\/\/serbia.com\/srpski\/posetite-srbiju\/prirodne-lepote\/reke-i-jezera\/perucac-raj-za-pecarose\/\",\"name\":\"Peru\u0107ac, raj za pecaro\u0161e - Serbia.com\",\"isPartOf\":{\"@id\":\"https:\/\/serbia.com\/#website\"},\"primaryImageOfPage\":{\"@id\":\"https:\/\/serbia.com\/srpski\/posetite-srbiju\/prirodne-lepote\/reke-i-jezera\/perucac-raj-za-pecarose\/#primaryimage\"},\"image\":{\"@id\":\"https:\/\/serbia.com\/srpski\/posetite-srbiju\/prirodne-lepote\/reke-i-jezera\/perucac-raj-za-pecarose\/#primaryimage\"},\"thumbnailUrl\":\"https:\/\/serbia.com\/wp-content\/uploads\/2025\/10\/eastern-serbia-5.jpg\",\"datePublished\":\"2015-05-26T11:58:47+00:00\",\"dateModified\":\"2025-10-08T13:38:09+00:00\",\"breadcrumb\":{\"@id\":\"https:\/\/serbia.com\/srpski\/posetite-srbiju\/prirodne-lepote\/reke-i-jezera\/perucac-raj-za-pecarose\/#breadcrumb\"},\"inLanguage\":\"srpski\",\"potentialAction\":[{\"@type\":\"ReadAction\",\"target\":[\"https:\/\/serbia.com\/srpski\/posetite-srbiju\/prirodne-lepote\/reke-i-jezera\/perucac-raj-za-pecarose\/\"]}]},{\"@type\":\"ImageObject\",\"inLanguage\":\"srpski\",\"@id\":\"https:\/\/serbia.com\/srpski\/posetite-srbiju\/prirodne-lepote\/reke-i-jezera\/perucac-raj-za-pecarose\/#primaryimage\",\"url\":\"https:\/\/serbia.com\/wp-content\/uploads\/2025\/10\/eastern-serbia-5.jpg\",\"contentUrl\":\"https:\/\/serbia.com\/wp-content\/uploads\/2025\/10\/eastern-serbia-5.jpg\",\"width\":1366,\"height\":768},{\"@type\":\"BreadcrumbList\",\"@id\":\"https:\/\/serbia.com\/srpski\/posetite-srbiju\/prirodne-lepote\/reke-i-jezera\/perucac-raj-za-pecarose\/#breadcrumb\",\"itemListElement\":[{\"@type\":\"ListItem\",\"position\":1,\"name\":\"Home\",\"item\":\"https:\/\/serbia.com\/srpski\/\"},{\"@type\":\"ListItem\",\"position\":2,\"name\":\"Poseti Srbiju\",\"item\":\"https:\/\/serbia.com\/srpski\/posetite-srbiju\/\"},{\"@type\":\"ListItem\",\"position\":3,\"name\":\"Prirodne lepote\",\"item\":\"https:\/\/serbia.com\/srpski\/posetite-srbiju\/prirodne-lepote\/\"},{\"@type\":\"ListItem\",\"position\":4,\"name\":\"Reke i jezera\",\"item\":\"https:\/\/serbia.com\/srpski\/posetite-srbiju\/prirodne-lepote\/reke-i-jezera\/\"},{\"@type\":\"ListItem\",\"position\":5,\"name\":\"Peru\u0107ac, raj za pecaro\u0161e\"}]},{\"@type\":\"WebSite\",\"@id\":\"https:\/\/serbia.com\/#website\",\"url\":\"https:\/\/serbia.com\/\",\"name\":\"Serbia.com\",\"description\":\"Your Gateway to Serbia\",\"potentialAction\":[{\"@type\":\"SearchAction\",\"target\":{\"@type\":\"EntryPoint\",\"urlTemplate\":\"https:\/\/serbia.com\/?s={search_term_string}\"},\"query-input\":{\"@type\":\"PropertyValueSpecification\",\"valueRequired\":true,\"valueName\":\"search_term_string\"}}],\"inLanguage\":\"srpski\"}]}<\/script>\n<!-- \/ Yoast SEO plugin. -->","yoast_head_json":{"title":"Peru\u0107ac, raj za pecaro\u0161e - Serbia.com","robots":{"index":"index","follow":"follow","max-snippet":"max-snippet:-1","max-image-preview":"max-image-preview:large","max-video-preview":"max-video-preview:-1"},"canonical":"https:\/\/serbia.com\/srpski\/posetite-srbiju\/prirodne-lepote\/reke-i-jezera\/perucac-raj-za-pecarose\/","og_locale":"en_US","og_type":"article","og_title":"Peru\u0107ac, raj za pecaro\u0161e - Serbia.com","og_description":"Ve\u0161ta\u010dko jezero nastalo pregra\u0111ivanjem Drine, Peru\u0107ac je idealno mesto za odmor u netaknutoj prirodi ili u\u017eivanje u ribolovu Peru\u0107ac je ve\u0161ta\u010dko jezero u zapadnoj Srbiji, na samoj granici sa Bosnom [&hellip;]","og_url":"https:\/\/serbia.com\/srpski\/posetite-srbiju\/prirodne-lepote\/reke-i-jezera\/perucac-raj-za-pecarose\/","og_site_name":"Serbia.com","article_modified_time":"2025-10-08T13:38:09+00:00","og_image":[{"width":1366,"height":768,"url":"https:\/\/serbia.com\/wp-content\/uploads\/2025\/10\/eastern-serbia-5.jpg","type":"image\/jpeg"}],"twitter_misc":{"Est. reading time":"3 minutes"},"schema":{"@context":"https:\/\/schema.org","@graph":[{"@type":"WebPage","@id":"https:\/\/serbia.com\/srpski\/posetite-srbiju\/prirodne-lepote\/reke-i-jezera\/perucac-raj-za-pecarose\/","url":"https:\/\/serbia.com\/srpski\/posetite-srbiju\/prirodne-lepote\/reke-i-jezera\/perucac-raj-za-pecarose\/","name":"Peru\u0107ac, raj za pecaro\u0161e - Serbia.com","isPartOf":{"@id":"https:\/\/serbia.com\/#website"},"primaryImageOfPage":{"@id":"https:\/\/serbia.com\/srpski\/posetite-srbiju\/prirodne-lepote\/reke-i-jezera\/perucac-raj-za-pecarose\/#primaryimage"},"image":{"@id":"https:\/\/serbia.com\/srpski\/posetite-srbiju\/prirodne-lepote\/reke-i-jezera\/perucac-raj-za-pecarose\/#primaryimage"},"thumbnailUrl":"https:\/\/serbia.com\/wp-content\/uploads\/2025\/10\/eastern-serbia-5.jpg","datePublished":"2015-05-26T11:58:47+00:00","dateModified":"2025-10-08T13:38:09+00:00","breadcrumb":{"@id":"https:\/\/serbia.com\/srpski\/posetite-srbiju\/prirodne-lepote\/reke-i-jezera\/perucac-raj-za-pecarose\/#breadcrumb"},"inLanguage":"srpski","potentialAction":[{"@type":"ReadAction","target":["https:\/\/serbia.com\/srpski\/posetite-srbiju\/prirodne-lepote\/reke-i-jezera\/perucac-raj-za-pecarose\/"]}]},{"@type":"ImageObject","inLanguage":"srpski","@id":"https:\/\/serbia.com\/srpski\/posetite-srbiju\/prirodne-lepote\/reke-i-jezera\/perucac-raj-za-pecarose\/#primaryimage","url":"https:\/\/serbia.com\/wp-content\/uploads\/2025\/10\/eastern-serbia-5.jpg","contentUrl":"https:\/\/serbia.com\/wp-content\/uploads\/2025\/10\/eastern-serbia-5.jpg","width":1366,"height":768},{"@type":"BreadcrumbList","@id":"https:\/\/serbia.com\/srpski\/posetite-srbiju\/prirodne-lepote\/reke-i-jezera\/perucac-raj-za-pecarose\/#breadcrumb","itemListElement":[{"@type":"ListItem","position":1,"name":"Home","item":"https:\/\/serbia.com\/srpski\/"},{"@type":"ListItem","position":2,"name":"Poseti Srbiju","item":"https:\/\/serbia.com\/srpski\/posetite-srbiju\/"},{"@type":"ListItem","position":3,"name":"Prirodne lepote","item":"https:\/\/serbia.com\/srpski\/posetite-srbiju\/prirodne-lepote\/"},{"@type":"ListItem","position":4,"name":"Reke i jezera","item":"https:\/\/serbia.com\/srpski\/posetite-srbiju\/prirodne-lepote\/reke-i-jezera\/"},{"@type":"ListItem","position":5,"name":"Peru\u0107ac, raj za pecaro\u0161e"}]},{"@type":"WebSite","@id":"https:\/\/serbia.com\/#website","url":"https:\/\/serbia.com\/","name":"Serbia.com","description":"Your Gateway to Serbia","potentialAction":[{"@type":"SearchAction","target":{"@type":"EntryPoint","urlTemplate":"https:\/\/serbia.com\/?s={search_term_string}"},"query-input":{"@type":"PropertyValueSpecification","valueRequired":true,"valueName":"search_term_string"}}],"inLanguage":"srpski"}]}},"_links":{"self":[{"href":"https:\/\/serbia.com\/srpski\/wp-json\/wp\/v2\/pages\/32766"}],"collection":[{"href":"https:\/\/serbia.com\/srpski\/wp-json\/wp\/v2\/pages"}],"about":[{"href":"https:\/\/serbia.com\/srpski\/wp-json\/wp\/v2\/types\/page"}],"author":[{"embeddable":true,"href":"https:\/\/serbia.com\/srpski\/wp-json\/wp\/v2\/users\/27"}],"replies":[{"embeddable":true,"href":"https:\/\/serbia.com\/srpski\/wp-json\/wp\/v2\/comments?post=32766"}],"version-history":[{"count":2,"href":"https:\/\/serbia.com\/srpski\/wp-json\/wp\/v2\/pages\/32766\/revisions"}],"predecessor-version":[{"id":62896,"href":"https:\/\/serbia.com\/srpski\/wp-json\/wp\/v2\/pages\/32766\/revisions\/62896"}],"up":[{"embeddable":true,"href":"https:\/\/serbia.com\/srpski\/wp-json\/wp\/v2\/pages\/20465"}],"wp:featuredmedia":[{"embeddable":true,"href":"https:\/\/serbia.com\/srpski\/wp-json\/wp\/v2\/media\/62841"}],"wp:attachment":[{"href":"https:\/\/serbia.com\/srpski\/wp-json\/wp\/v2\/media?parent=32766"}],"wp:term":[{"taxonomy":"category","embeddable":true,"href":"https:\/\/serbia.com\/srpski\/wp-json\/wp\/v2\/categories?post=32766"},{"taxonomy":"post_tag","embeddable":true,"href":"https:\/\/serbia.com\/srpski\/wp-json\/wp\/v2\/tags?post=32766"}],"curies":[{"name":"wp","href":"https:\/\/api.w.org\/{rel}","templated":true}]}}