{"id":32741,"date":"2015-05-26T14:06:24","date_gmt":"2015-05-26T12:06:24","guid":{"rendered":"http:\/\/www.serbia.com\/?page_id=32741"},"modified":"2024-10-20T19:46:24","modified_gmt":"2024-10-20T17:46:24","slug":"vlasinsko-jezero-otkrijte-plutajuca-ostrva","status":"publish","type":"page","link":"https:\/\/serbia.com\/srpski\/posetite-srbiju\/prirodne-lepote\/reke-i-jezera\/vlasinsko-jezero-otkrijte-plutajuca-ostrva\/","title":{"rendered":"Vlasinsko jezero, otkrijte plutaju\u0107a ostrva"},"content":{"rendered":"<h4>Vlasinsko jezero, pravi neotkriveni dragulj po kojem plutaju tresetna ostrva, odli\u010dno je mesto za miran odmor daleko od gradske vreve<\/h4>\n<p>Plutaju\u0107a ostrva od treseta, ra\u0161trkana po vodenoj povr\u0161ini \u010dije se boje razlivaju od svetlo sive do tamno plave, pru\u017eaju neponovljiv do\u017eivljaj.\u00a0Ovaj prirodni raritet nalazi se na Vlasinskom jezeru, <strong>najvi\u0161em i najve\u0107em ve\u0161ta\u010dkom jezeru u Srbiji<\/strong>, poznatom po \u010distoj vodi u kojoj se ogledaju nepregledne \u0161ume i planine koje ga okru\u017euju.<\/p>\n<p>Zapisi o lepoti ovog jezera, nastalog ulivanjem reka <strong>Vlasine<\/strong> i <strong>Vrle<\/strong>, postoje jo\u0161 iz 18. veka, a u neposrednoj blizini jezera nalaze se i zna\u010dajne kulturno-istorijski spomenici.<\/p>\n<p>Vlasinsko jezero, kao jo\u0161 uvek nedovoljno turisti\u010dki poznato, predstavlja <strong>neotkriveni dragulj &#8211; pravo mesto za sve koji \u017eele da odmor provedu u miru, daleko od galame i u\u017eurbanosti velikih turisti\u010dkih centara<\/strong>. A ako do\u0111ete ovde, mo\u0107i \u0107ete da pri\u010date da ste, osim divne prirode i kulturnih spomenika, videli i ne\u0161to zaista neobi\u010dno \u2013 <strong>prava \u201eplutaju\u0107a ostrva\u201c<\/strong>.<\/p>\n<p><img loading=\"lazy\" decoding=\"async\" class=\"aligncenter wp-image-32734\" src=\"http:\/\/www.serbia.com\/wp-content\/uploads\/2015\/05\/vlasinsko-jezero.jpg\" alt=\"vlasinsko jezero\" width=\"800\" height=\"600\" srcset=\"https:\/\/serbia.com\/wp-content\/uploads\/2015\/05\/vlasinsko-jezero.jpg 640w, https:\/\/serbia.com\/wp-content\/uploads\/2015\/05\/vlasinsko-jezero-300x225.jpg 300w\" sizes=\"(max-width: 800px) 100vw, 800px\" \/><\/p>\n<p>U jezero svakog minuta priti\u010de dva kubika vode prvog kvaliteta iz reka &#8211; Vlasina, Vrla, Jerma, Bo\u017ei\u010dka reka, Lisinska reka, Ljubotenska reka, Strvna, \u010cemer\u010dica, sa svojim pritokama kojih ima oko 110.<\/p>\n<p>Vlasinsko jezero, du\u017eine 12 kilometara i dubine 35 metara, mesto je izuzetne lepote i zanimljivog biljnog i \u017eivotinjskog sveta.<\/p>\n<p>Nalazi se u jugoisto\u010dnoj Srbiji, na Vlasinskoj visoravni, na 1.213 metara nadmorske visine. Ve\u0161ta\u010dkog je porekla i nastalo je izgradnjom brane pedesetih godina 20. veka, na mestu gde je nekada bilo veliko tresi\u0161te.<strong> Brze planinske reke koje danas \u010dine njegove pritoke, pune jezero vodom najboljeg kvaliteta<\/strong>, pa je ono idealno za kupanje, sportove na vodi i ribolov.<\/p>\n<p>Vlasinsko jezero je bogato ribom raznih vrsta, a najvi\u0161e je somova, \u0161arana, grge\u010da i pastrmki.<\/p>\n<p>Na jezeru postoje dva ostrva &#8211; <strong>Stratorija<\/strong> (koje se tu uzdizalo i pre izgradnje jezera) i<strong> Dugi del<\/strong> (koji je nekada bio poluostrvo). Ipak, ovo nije ono \u0161to je neobi\u010dno kada je ovo jezero u pitanju!<\/p>\n<p>Najve\u0107a atrakcija ovog mesta su \u201eplutaju\u0107a ostrva\u201d &#8211; <strong>delovi kopna koji menjaju svoj polo\u017eaj i \u201eplutaju\u201c po jezeru nepri\u010dvr\u0161\u0107ena za dno.<\/strong> Ve\u0107a su ukra\u0161ena mno\u0161tvom vrba i breza i predstavljaju prave male pokretne oaze u sred plave jezerske vode. Neobi\u010dno, zar ne?<\/p>\n<p>Jezero je okru\u017eeno divnim planinskim predelima<strong> \u010cemernika<\/strong> i <strong>Vardenika<\/strong>, a osim pravog raja za pecanje i rekreaciju svih vrsta, ovde mogu u\u017eivati i svi zaljubljenici u prirodu, posmatranje ptica i izu\u010davanje \u017eivotinja. \u010citav kraj pro\u0161aran je prostranim livadama, pa\u0161njacima, \u0161umama i potocima, izme\u0111u kojih su se ugnezdila mala naselja kao stvorena za odmor i opu\u0161tanje u prirodi.<\/p>\n<p>Kako okolne planine pru\u017eaju mogu\u0107nost bavljenja raznim zimskim sportovima, a samo jezero odmor uz kupanje i u\u017eivanje u hladovini drve\u0107a, Vlasinsko jezero mo\u017eete posetiti u bilo koje doba godine i uveriti se u njegovu lepotu i potencijal.<\/p>\n<p>U neposrednoj blizini je veliki broj crkava u <strong>Bo\u017eici<\/strong>, <strong>Klisuri<\/strong> i <strong>Crnoj Travi<\/strong>, i <strong>manastir u Palji<\/strong>, pa svi oni koji osim odmora \u017eele i da duhovno i kulturno upoznaju Srbiju, ovde imaju \u0161ta da vide.<\/p>\n<h4>Kako do\u0107i do jezera plutaju\u0107ih ostrva?<\/h4>\n<p>Do Vlasinskog jezera iz pravca <a href=\"http:\/\/www.serbia.com\/srpski\/posetite-srbiju\/gradovi\/beograd\/\" target=\"_blank\" rel=\"noopener\">Beograda<\/a> autoputem E-75 mogu\u0107e je do\u0107i do <a href=\"http:\/\/www.serbia.com\/srpski\/posetite-srbiju\/gradovi\/nis\/\" target=\"_blank\" rel=\"noopener\">Ni\u0161a<\/a>, pa potom preko Babu\u0161nice i Crne Trave sti\u0107i na Vlasinsko jezero. Od Beograda do ovog jezera potrebno je pre\u0107i 350 km, ako dolazite iz pravca Ni\u0161a 119 km, iz Skoplja 143 km, a iz Sofije 157km.<\/p>\n<p>Direktno do jezera postoji jedan autobuski polazak iz Beograda u toku dana, a iz drugih gradova se mo\u017ee do\u0107i do Vlasotinca, pa lokalnim prevozom do jezera.<\/p>\n<h4>Kada ste ovde, ne propustite&#8230;<\/h4>\n<p><strong>Da se provozate jezerom na nekom od plutaju\u0107ih ostrva<\/strong> i da obi\u0111ete <strong>manastir Palja<\/strong> kao i <strong>crkvu u selu Bo\u017eica<\/strong>.<\/p>\n<p>Letnji period pruza najvi\u0161e mogu\u0107nosti za kvalitetan odmor.<strong> \u0160etnje<\/strong>, <strong>biciklizam<\/strong>, <strong>boravak na vodi<\/strong>, <strong>vo\u017enja \u010damcem<\/strong>, <strong>kupanje<\/strong>, <strong>ribolov<\/strong>, <strong>branje \u0161umskih plodova i bilja<\/strong>, <strong>upoznavanje planinskih vrhova<\/strong> koji okru\u017euju jezero su aktivnosti koje ne bi trebalo propustiti.<\/p>\n<p>U zimskom periodu, pored \u0161etnje po zale\u0111enom jezeru iskusite i terene okolnih planina <strong>\u010cemernika<\/strong> i <strong>Besne kobile<\/strong> koji su pogodni za <strong>d\u017eet ski<\/strong> &#8211; motorne sanke, <strong>skijanje<\/strong>, <strong>sankanje<\/strong>.<\/p>\n<p>Foto: Marbella82\/Wikimedia commons<\/p>\n","protected":false},"excerpt":{"rendered":"<p>Vlasinsko jezero, pravi neotkriveni dragulj po kojem plutaju tresetna ostrva, odli\u010dno je mesto za miran odmor daleko od gradske vreve Plutaju\u0107a ostrva od treseta, ra\u0161trkana po vodenoj povr\u0161ini \u010dije se [&hellip;]<\/p>\n","protected":false},"author":27,"featured_media":32732,"parent":20465,"menu_order":0,"comment_status":"closed","ping_status":"closed","template":"","meta":{"_acf_changed":false,"inline_featured_image":false,"_monsterinsights_skip_tracking":false,"_monsterinsights_sitenote_active":false,"_monsterinsights_sitenote_note":"","_monsterinsights_sitenote_category":0,"footnotes":""},"categories":[1656],"tags":[2520],"class_list":["post-32741","page","type-page","status-publish","has-post-thumbnail","hentry","category-reke-jezera","tag-barovi"],"acf":[],"yoast_head":"<!-- This site is optimized with the Yoast SEO plugin v23.8 - https:\/\/yoast.com\/wordpress\/plugins\/seo\/ -->\n<title>Vlasinsko jezero, otkrijte plutaju\u0107a ostrva - Serbia.com<\/title>\n<meta name=\"robots\" content=\"index, follow, max-snippet:-1, max-image-preview:large, max-video-preview:-1\" \/>\n<link rel=\"canonical\" href=\"https:\/\/serbia.com\/srpski\/posetite-srbiju\/prirodne-lepote\/reke-i-jezera\/vlasinsko-jezero-otkrijte-plutajuca-ostrva\/\" \/>\n<meta property=\"og:locale\" content=\"en_US\" \/>\n<meta property=\"og:type\" content=\"article\" \/>\n<meta property=\"og:title\" content=\"Vlasinsko jezero, otkrijte plutaju\u0107a ostrva - Serbia.com\" \/>\n<meta property=\"og:description\" content=\"Vlasinsko jezero, pravi neotkriveni dragulj po kojem plutaju tresetna ostrva, odli\u010dno je mesto za miran odmor daleko od gradske vreve Plutaju\u0107a ostrva od treseta, ra\u0161trkana po vodenoj povr\u0161ini \u010dije se [&hellip;]\" \/>\n<meta property=\"og:url\" content=\"https:\/\/serbia.com\/srpski\/posetite-srbiju\/prirodne-lepote\/reke-i-jezera\/vlasinsko-jezero-otkrijte-plutajuca-ostrva\/\" \/>\n<meta property=\"og:site_name\" content=\"Serbia.com\" \/>\n<meta property=\"article:modified_time\" content=\"2024-10-20T17:46:24+00:00\" \/>\n<meta property=\"og:image\" content=\"https:\/\/serbia.com\/wp-content\/uploads\/2015\/05\/vlasina6.jpg\" \/>\n\t<meta property=\"og:image:width\" content=\"1832\" \/>\n\t<meta property=\"og:image:height\" content=\"578\" \/>\n\t<meta property=\"og:image:type\" content=\"image\/jpeg\" \/>\n<meta name=\"twitter:label1\" content=\"Est. reading time\" \/>\n\t<meta name=\"twitter:data1\" content=\"4 minutes\" \/>\n<script type=\"application\/ld+json\" class=\"yoast-schema-graph\">{\"@context\":\"https:\/\/schema.org\",\"@graph\":[{\"@type\":\"WebPage\",\"@id\":\"https:\/\/serbia.com\/srpski\/posetite-srbiju\/prirodne-lepote\/reke-i-jezera\/vlasinsko-jezero-otkrijte-plutajuca-ostrva\/\",\"url\":\"https:\/\/serbia.com\/srpski\/posetite-srbiju\/prirodne-lepote\/reke-i-jezera\/vlasinsko-jezero-otkrijte-plutajuca-ostrva\/\",\"name\":\"Vlasinsko jezero, otkrijte plutaju\u0107a ostrva - Serbia.com\",\"isPartOf\":{\"@id\":\"https:\/\/serbia.com\/#website\"},\"primaryImageOfPage\":{\"@id\":\"https:\/\/serbia.com\/srpski\/posetite-srbiju\/prirodne-lepote\/reke-i-jezera\/vlasinsko-jezero-otkrijte-plutajuca-ostrva\/#primaryimage\"},\"image\":{\"@id\":\"https:\/\/serbia.com\/srpski\/posetite-srbiju\/prirodne-lepote\/reke-i-jezera\/vlasinsko-jezero-otkrijte-plutajuca-ostrva\/#primaryimage\"},\"thumbnailUrl\":\"https:\/\/serbia.com\/wp-content\/uploads\/2015\/05\/vlasina6.jpg\",\"datePublished\":\"2015-05-26T12:06:24+00:00\",\"dateModified\":\"2024-10-20T17:46:24+00:00\",\"breadcrumb\":{\"@id\":\"https:\/\/serbia.com\/srpski\/posetite-srbiju\/prirodne-lepote\/reke-i-jezera\/vlasinsko-jezero-otkrijte-plutajuca-ostrva\/#breadcrumb\"},\"inLanguage\":\"srpski\",\"potentialAction\":[{\"@type\":\"ReadAction\",\"target\":[\"https:\/\/serbia.com\/srpski\/posetite-srbiju\/prirodne-lepote\/reke-i-jezera\/vlasinsko-jezero-otkrijte-plutajuca-ostrva\/\"]}]},{\"@type\":\"ImageObject\",\"inLanguage\":\"srpski\",\"@id\":\"https:\/\/serbia.com\/srpski\/posetite-srbiju\/prirodne-lepote\/reke-i-jezera\/vlasinsko-jezero-otkrijte-plutajuca-ostrva\/#primaryimage\",\"url\":\"https:\/\/serbia.com\/wp-content\/uploads\/2015\/05\/vlasina6.jpg\",\"contentUrl\":\"https:\/\/serbia.com\/wp-content\/uploads\/2015\/05\/vlasina6.jpg\",\"width\":1832,\"height\":578},{\"@type\":\"BreadcrumbList\",\"@id\":\"https:\/\/serbia.com\/srpski\/posetite-srbiju\/prirodne-lepote\/reke-i-jezera\/vlasinsko-jezero-otkrijte-plutajuca-ostrva\/#breadcrumb\",\"itemListElement\":[{\"@type\":\"ListItem\",\"position\":1,\"name\":\"Home\",\"item\":\"https:\/\/serbia.com\/srpski\/\"},{\"@type\":\"ListItem\",\"position\":2,\"name\":\"Poseti Srbiju\",\"item\":\"https:\/\/serbia.com\/srpski\/posetite-srbiju\/\"},{\"@type\":\"ListItem\",\"position\":3,\"name\":\"Prirodne lepote\",\"item\":\"https:\/\/serbia.com\/srpski\/posetite-srbiju\/prirodne-lepote\/\"},{\"@type\":\"ListItem\",\"position\":4,\"name\":\"Reke i jezera\",\"item\":\"https:\/\/serbia.com\/srpski\/posetite-srbiju\/prirodne-lepote\/reke-i-jezera\/\"},{\"@type\":\"ListItem\",\"position\":5,\"name\":\"Vlasinsko jezero, otkrijte plutaju\u0107a ostrva\"}]},{\"@type\":\"WebSite\",\"@id\":\"https:\/\/serbia.com\/#website\",\"url\":\"https:\/\/serbia.com\/\",\"name\":\"Serbia.com\",\"description\":\"Your Gateway to Serbia\",\"potentialAction\":[{\"@type\":\"SearchAction\",\"target\":{\"@type\":\"EntryPoint\",\"urlTemplate\":\"https:\/\/serbia.com\/?s={search_term_string}\"},\"query-input\":{\"@type\":\"PropertyValueSpecification\",\"valueRequired\":true,\"valueName\":\"search_term_string\"}}],\"inLanguage\":\"srpski\"}]}<\/script>\n<!-- \/ Yoast SEO plugin. -->","yoast_head_json":{"title":"Vlasinsko jezero, otkrijte plutaju\u0107a ostrva - Serbia.com","robots":{"index":"index","follow":"follow","max-snippet":"max-snippet:-1","max-image-preview":"max-image-preview:large","max-video-preview":"max-video-preview:-1"},"canonical":"https:\/\/serbia.com\/srpski\/posetite-srbiju\/prirodne-lepote\/reke-i-jezera\/vlasinsko-jezero-otkrijte-plutajuca-ostrva\/","og_locale":"en_US","og_type":"article","og_title":"Vlasinsko jezero, otkrijte plutaju\u0107a ostrva - Serbia.com","og_description":"Vlasinsko jezero, pravi neotkriveni dragulj po kojem plutaju tresetna ostrva, odli\u010dno je mesto za miran odmor daleko od gradske vreve Plutaju\u0107a ostrva od treseta, ra\u0161trkana po vodenoj povr\u0161ini \u010dije se [&hellip;]","og_url":"https:\/\/serbia.com\/srpski\/posetite-srbiju\/prirodne-lepote\/reke-i-jezera\/vlasinsko-jezero-otkrijte-plutajuca-ostrva\/","og_site_name":"Serbia.com","article_modified_time":"2024-10-20T17:46:24+00:00","og_image":[{"width":1832,"height":578,"url":"https:\/\/serbia.com\/wp-content\/uploads\/2015\/05\/vlasina6.jpg","type":"image\/jpeg"}],"twitter_misc":{"Est. reading time":"4 minutes"},"schema":{"@context":"https:\/\/schema.org","@graph":[{"@type":"WebPage","@id":"https:\/\/serbia.com\/srpski\/posetite-srbiju\/prirodne-lepote\/reke-i-jezera\/vlasinsko-jezero-otkrijte-plutajuca-ostrva\/","url":"https:\/\/serbia.com\/srpski\/posetite-srbiju\/prirodne-lepote\/reke-i-jezera\/vlasinsko-jezero-otkrijte-plutajuca-ostrva\/","name":"Vlasinsko jezero, otkrijte plutaju\u0107a ostrva - Serbia.com","isPartOf":{"@id":"https:\/\/serbia.com\/#website"},"primaryImageOfPage":{"@id":"https:\/\/serbia.com\/srpski\/posetite-srbiju\/prirodne-lepote\/reke-i-jezera\/vlasinsko-jezero-otkrijte-plutajuca-ostrva\/#primaryimage"},"image":{"@id":"https:\/\/serbia.com\/srpski\/posetite-srbiju\/prirodne-lepote\/reke-i-jezera\/vlasinsko-jezero-otkrijte-plutajuca-ostrva\/#primaryimage"},"thumbnailUrl":"https:\/\/serbia.com\/wp-content\/uploads\/2015\/05\/vlasina6.jpg","datePublished":"2015-05-26T12:06:24+00:00","dateModified":"2024-10-20T17:46:24+00:00","breadcrumb":{"@id":"https:\/\/serbia.com\/srpski\/posetite-srbiju\/prirodne-lepote\/reke-i-jezera\/vlasinsko-jezero-otkrijte-plutajuca-ostrva\/#breadcrumb"},"inLanguage":"srpski","potentialAction":[{"@type":"ReadAction","target":["https:\/\/serbia.com\/srpski\/posetite-srbiju\/prirodne-lepote\/reke-i-jezera\/vlasinsko-jezero-otkrijte-plutajuca-ostrva\/"]}]},{"@type":"ImageObject","inLanguage":"srpski","@id":"https:\/\/serbia.com\/srpski\/posetite-srbiju\/prirodne-lepote\/reke-i-jezera\/vlasinsko-jezero-otkrijte-plutajuca-ostrva\/#primaryimage","url":"https:\/\/serbia.com\/wp-content\/uploads\/2015\/05\/vlasina6.jpg","contentUrl":"https:\/\/serbia.com\/wp-content\/uploads\/2015\/05\/vlasina6.jpg","width":1832,"height":578},{"@type":"BreadcrumbList","@id":"https:\/\/serbia.com\/srpski\/posetite-srbiju\/prirodne-lepote\/reke-i-jezera\/vlasinsko-jezero-otkrijte-plutajuca-ostrva\/#breadcrumb","itemListElement":[{"@type":"ListItem","position":1,"name":"Home","item":"https:\/\/serbia.com\/srpski\/"},{"@type":"ListItem","position":2,"name":"Poseti Srbiju","item":"https:\/\/serbia.com\/srpski\/posetite-srbiju\/"},{"@type":"ListItem","position":3,"name":"Prirodne lepote","item":"https:\/\/serbia.com\/srpski\/posetite-srbiju\/prirodne-lepote\/"},{"@type":"ListItem","position":4,"name":"Reke i jezera","item":"https:\/\/serbia.com\/srpski\/posetite-srbiju\/prirodne-lepote\/reke-i-jezera\/"},{"@type":"ListItem","position":5,"name":"Vlasinsko jezero, otkrijte plutaju\u0107a ostrva"}]},{"@type":"WebSite","@id":"https:\/\/serbia.com\/#website","url":"https:\/\/serbia.com\/","name":"Serbia.com","description":"Your Gateway to Serbia","potentialAction":[{"@type":"SearchAction","target":{"@type":"EntryPoint","urlTemplate":"https:\/\/serbia.com\/?s={search_term_string}"},"query-input":{"@type":"PropertyValueSpecification","valueRequired":true,"valueName":"search_term_string"}}],"inLanguage":"srpski"}]}},"_links":{"self":[{"href":"https:\/\/serbia.com\/srpski\/wp-json\/wp\/v2\/pages\/32741"}],"collection":[{"href":"https:\/\/serbia.com\/srpski\/wp-json\/wp\/v2\/pages"}],"about":[{"href":"https:\/\/serbia.com\/srpski\/wp-json\/wp\/v2\/types\/page"}],"author":[{"embeddable":true,"href":"https:\/\/serbia.com\/srpski\/wp-json\/wp\/v2\/users\/27"}],"replies":[{"embeddable":true,"href":"https:\/\/serbia.com\/srpski\/wp-json\/wp\/v2\/comments?post=32741"}],"version-history":[{"count":1,"href":"https:\/\/serbia.com\/srpski\/wp-json\/wp\/v2\/pages\/32741\/revisions"}],"predecessor-version":[{"id":55731,"href":"https:\/\/serbia.com\/srpski\/wp-json\/wp\/v2\/pages\/32741\/revisions\/55731"}],"up":[{"embeddable":true,"href":"https:\/\/serbia.com\/srpski\/wp-json\/wp\/v2\/pages\/20465"}],"wp:featuredmedia":[{"embeddable":true,"href":"https:\/\/serbia.com\/srpski\/wp-json\/wp\/v2\/media\/32732"}],"wp:attachment":[{"href":"https:\/\/serbia.com\/srpski\/wp-json\/wp\/v2\/media?parent=32741"}],"wp:term":[{"taxonomy":"category","embeddable":true,"href":"https:\/\/serbia.com\/srpski\/wp-json\/wp\/v2\/categories?post=32741"},{"taxonomy":"post_tag","embeddable":true,"href":"https:\/\/serbia.com\/srpski\/wp-json\/wp\/v2\/tags?post=32741"}],"curies":[{"name":"wp","href":"https:\/\/api.w.org\/{rel}","templated":true}]}}