{"id":32657,"date":"2015-05-25T14:06:59","date_gmt":"2015-05-25T12:06:59","guid":{"rendered":"http:\/\/www.serbia.com\/?page_id=32657"},"modified":"2025-10-11T11:00:23","modified_gmt":"2025-10-11T09:00:23","slug":"ada-ciganlija-beogradsko-more","status":"publish","type":"page","link":"https:\/\/serbia.com\/srpski\/posetite-srbiju\/prirodne-lepote\/reke-i-jezera\/ada-ciganlija-beogradsko-more\/","title":{"rendered":"Ada Ciganlija, beogradsko more"},"content":{"rendered":"<h4 style=\"text-align: justify;\">Poluostrvo bogato hrastovim i brestovim \u0161umama, mnogobrojnim \u017eivotinjskim vrstama i specifi\u010dnom mikroklimom, predstavlja pravu malu oazu na samo \u010detiri kilometara od centra Beograda. Svojim prirodnim bogatstvima, raznovrsnim mogu\u0107nostima za sport, ali i velikim brojem kafi\u0107a i restorana, Ada Ciganlija je postala omiljeno mesto za u\u017eivanje, odmor, rekreaciju i provod mnogobrojnih doma\u0107ih i stranih posetioca.<\/h4>\n<p style=\"text-align: justify;\">U toplim letnjim danima, na hiljade Beogra\u0111ana dolaze da se rashlade, okupaju i zabave na poluostrvu okru\u017eenom rekom <a title=\"Reka Sava, ispomo\u0107 Zevsu\" href=\"http:\/\/www.serbia.com\/srpski\/posetite-srbiju\/prirodne-lepote\/reke-i-jezera\/reka-sava-ispomoc-zevsu\/\" target=\"_blank\" rel=\"noopener\">Savom<\/a> i Savskim jezerom. Nadimak \u201cbeogradsko more\u201d je upravo tako i nastao, svakodnevnim pose\u0107ivanjem ure\u0111enih i lepih pla\u017ea koje krase <strong>najve\u0107e i najlep\u0161e kupali\u0161te, izleti\u0161te i odmarili\u0161te glavnog grada.<\/strong><\/p>\n<blockquote><p><em>Neki hroni\u010dari naziv ovog ostrva pronalaze u slo\u017eenici keltskih re\u010di singa (ostrvo) i lia (podvodno zemlji\u0161te), pa se tako do\u0161lo do re\u010di singalija od koje \u0107e u kasnijoj transkripciji nastati re\u010d ciganlija. Ada je kao retko prirodno bogatstvo bila zapa\u017eena jo\u0161 od Kara\u0111or\u0111a i kneza Milo\u0161a Obrenovi\u0107a, pa je 1821. progla\u0161ena za dr\u017eavno dobro, \u0161to je i danas.<\/em><\/p><\/blockquote>\n<p style=\"text-align: justify;\">Ovde \u0107ete uz sjajnu atmosferu, dobru muziku i sportove na vodi, imati priliku da u\u017eivate u letu, koktelima, kupanju i sun\u010danju. Zahvaljuju\u0107i specifi\u010dnoj mikroklimi ovog ostrva, temperature su uvek ne\u0161to ni\u017ee nego u ostalim delovima grada, pa predstavalja <strong>idealno mesto za rashla\u0111ivanje i beg od gradske vreline i gu\u017eve.<\/strong><\/p>\n<h4 style=\"text-align: justify;\">Prirodna oaza nadomak grada<\/h4>\n<p style=\"text-align: justify;\">Posebnu specifi\u010dnost ovog poluostrva koje zajedno sa <strong>Adom Me\u0111icom<\/strong>, <strong>Jezerom<\/strong> i delom <strong>Maki\u0161kog polja<\/strong> zauzima povr\u0161inu od 800 hektara, \u010dini o\u010duvanost prirodnih bogastava. Blagotvorna kombinacija \u0161umskih kompleksa i vodenih povr\u0161ina, u\u010dinila je Adu Ciganliju<strong> svojevrsnim ekolo\u0161kim punktom sa bogatom florom i faunom.<\/strong><\/p>\n<p style=\"text-align: justify;\"><img loading=\"lazy\" decoding=\"async\" class=\"alignnone size-full wp-image-32651\" src=\"https:\/\/serbia.com\/wp-content\/uploads\/2015\/05\/ada222.jpg\" alt=\"\" width=\"1600\" height=\"672\" srcset=\"https:\/\/serbia.com\/wp-content\/uploads\/2015\/05\/ada222.jpg 1600w, https:\/\/serbia.com\/wp-content\/uploads\/2015\/05\/ada222-300x126.jpg 300w, https:\/\/serbia.com\/wp-content\/uploads\/2015\/05\/ada222-1024x430.jpg 1024w\" sizes=\"auto, (max-width: 1600px) 100vw, 1600px\" \/><\/p>\n<p style=\"text-align: justify;\">Zato se nemojte iznenaditi ukoliko ugledate srnda\u0107a, zeca ili lisicu. U gustim i bogatim \u0161umama koje okru\u017euju ovo ostrvo, i dalje <strong>postoje delovi netaknute i divlje prirode<\/strong> koja u svom miri\u0161ljavom zelenilu krije mnogobrojne neobi\u010dne i retke biljne i \u017eivotinjske vrste, \u010dije prisustvo iz dana u dan iznena\u0111uje i privla\u010di veliki broj radoznalih turista.<\/p>\n<h4 style=\"text-align: justify;\">U zdravom telu, zdrav duh<\/h4>\n<p style=\"text-align: justify;\">Za one koji vole sport, rekreaciju i adrenalin, Ada Ciganlija tako\u0111e ima mnogo toga da ponudi. <strong>Preko 50 razli\u010ditih sportskih terena na otvorenom<\/strong> koji omogu\u0107avaju u\u017eivanje u fudbalu, tenisu, golfu, odbojci na pesku, ko\u0161arci, bejzbolu, ragbiju i hokeju na travi\u2026 A za one \u017eeljne adrenalina i uzbu\u0111enja ovo poluostrvo nudi band\u017ei d\u017eamp, ve\u0161ta\u010dku stenu i peintbol.<\/p>\n<figure id=\"attachment_17300\" aria-describedby=\"caption-attachment-17300\" style=\"width: 2020px\" class=\"wp-caption alignnone\"><img loading=\"lazy\" decoding=\"async\" class=\"wp-image-17300 size-full\" src=\"https:\/\/serbia.com\/wp-content\/uploads\/2012\/11\/ada-ciganlija.jpg\" alt=\"\" width=\"2020\" height=\"1346\" srcset=\"https:\/\/serbia.com\/wp-content\/uploads\/2012\/11\/ada-ciganlija.jpg 2020w, https:\/\/serbia.com\/wp-content\/uploads\/2012\/11\/ada-ciganlija-300x199.jpg 300w, https:\/\/serbia.com\/wp-content\/uploads\/2012\/11\/ada-ciganlija-1024x682.jpg 1024w\" sizes=\"auto, (max-width: 2020px) 100vw, 2020px\" \/><figcaption id=\"caption-attachment-17300\" class=\"wp-caption-text\">Water skiing &#8211; Ada Ciganlija<\/figcaption><\/figure>\n<p style=\"text-align: justify;\">Lepo ure\u0111ene pla\u017ee pored u\u017eivanja u sportskim aktivnostima, omogu\u0107avaju kupanje i sun\u010danje, ali i <strong>zanimljive vodene sportove i atrakcije.<\/strong> Veslanje, kajak, jedrenje na dasci, skakanje i skijanje na vodi, zabava u gumenim loptama i vo\u017enja pedalini su samo neki od njih. Zbog tople i \u010diste vode ali i ostalih blagodeti jezera, ovde su se odr\u017eavala brojna doma\u0107a i svetska prvenstva, razna takmi\u010denja i doga\u0111aji.<\/p>\n<h4 style=\"text-align: justify;\">\u017durke do ranih jutarnjih \u010dasova<\/h4>\n<p style=\"text-align: justify;\">A kada pade mrak <strong>ova gradska oaza bogata prirodom, pretvara se u jezero okru\u017eeno kafi\u0107ima i no\u0107nim klubovima,<\/strong> na kojima se provodi i lumpuje do kasno u no\u0107. Kao i danju, ovi objekti su prepuni mladih ljudi \u017eeljnih dobre muzike i zabave.<\/p>\n<p style=\"text-align: justify;\">U velikom broju barova i diskoteka koji rade gotovo svakim danom u nedelji, odr\u017eavaju se <strong>najbolje \u017eurke u gradu<\/strong>. Bilo da ste ljubitelj pop, R\u2019N\u2019B, house ili narodne muzike, zasigurno \u0107ete na\u0107i odgovaraju\u0107e mesto za vas. A onda se mo\u017eete prepustiti ritmu, i u\u017eivati u zabavi na ovom jedinstvenom jezeru.<\/p>\n<p><strong>Ukoliko \u017eelite da obi\u0111ete Adu Ciganliju, turu mo\u017eete zakazati <a href=\"https:\/\/serbia.com\/tour\/ada-ciganlija-lake-tour\/\">OVDE<\/a>.<\/strong><\/p>\n","protected":false},"excerpt":{"rendered":"<p>Poluostrvo bogato hrastovim i brestovim \u0161umama, mnogobrojnim \u017eivotinjskim vrstama i specifi\u010dnom mikroklimom, predstavlja pravu malu oazu na samo \u010detiri kilometara od centra Beograda. Svojim prirodnim bogatstvima, raznovrsnim mogu\u0107nostima za sport, [&hellip;]<\/p>\n","protected":false},"author":27,"featured_media":52915,"parent":20465,"menu_order":0,"comment_status":"closed","ping_status":"closed","template":"","meta":{"_acf_changed":false,"inline_featured_image":false,"_monsterinsights_skip_tracking":false,"_monsterinsights_sitenote_active":false,"_monsterinsights_sitenote_note":"","_monsterinsights_sitenote_category":0,"footnotes":""},"categories":[2497,1656],"tags":[],"class_list":["post-32657","page","type-page","status-publish","has-post-thumbnail","hentry","category-beograd-gradovi","category-reke-jezera"],"acf":[],"yoast_head":"<!-- This site is optimized with the Yoast SEO plugin v27.4 - https:\/\/yoast.com\/product\/yoast-seo-wordpress\/ -->\n<title>Ada Ciganlija, beogradsko more - Serbia.com<\/title>\n<meta name=\"robots\" content=\"index, follow, max-snippet:-1, max-image-preview:large, max-video-preview:-1\" \/>\n<link rel=\"canonical\" href=\"https:\/\/serbia.com\/srpski\/posetite-srbiju\/prirodne-lepote\/reke-i-jezera\/ada-ciganlija-beogradsko-more\/\" \/>\n<meta property=\"og:locale\" content=\"en_US\" \/>\n<meta property=\"og:type\" content=\"article\" \/>\n<meta property=\"og:title\" content=\"Ada Ciganlija, beogradsko more - Serbia.com\" \/>\n<meta property=\"og:description\" content=\"Poluostrvo bogato hrastovim i brestovim \u0161umama, mnogobrojnim \u017eivotinjskim vrstama i specifi\u010dnom mikroklimom, predstavlja pravu malu oazu na samo \u010detiri kilometara od centra Beograda. Svojim prirodnim bogatstvima, raznovrsnim mogu\u0107nostima za sport, [&hellip;]\" \/>\n<meta property=\"og:url\" content=\"https:\/\/serbia.com\/srpski\/posetite-srbiju\/prirodne-lepote\/reke-i-jezera\/ada-ciganlija-beogradsko-more\/\" \/>\n<meta property=\"og:site_name\" content=\"Serbia.com\" \/>\n<meta property=\"article:modified_time\" content=\"2025-10-11T09:00:23+00:00\" \/>\n<meta property=\"og:image\" content=\"https:\/\/serbia.com\/wp-content\/uploads\/2024\/05\/pexels-borishamer-18912622-scaled.jpg\" \/>\n\t<meta property=\"og:image:width\" content=\"2560\" \/>\n\t<meta property=\"og:image:height\" content=\"1707\" \/>\n\t<meta property=\"og:image:type\" content=\"image\/jpeg\" \/>\n<meta name=\"twitter:label1\" content=\"Est. reading time\" \/>\n\t<meta name=\"twitter:data1\" content=\"3 minutes\" \/>\n<script type=\"application\/ld+json\" class=\"yoast-schema-graph\">{\"@context\":\"https:\\\/\\\/schema.org\",\"@graph\":[{\"@type\":\"WebPage\",\"@id\":\"https:\\\/\\\/serbia.com\\\/srpski\\\/posetite-srbiju\\\/prirodne-lepote\\\/reke-i-jezera\\\/ada-ciganlija-beogradsko-more\\\/\",\"url\":\"https:\\\/\\\/serbia.com\\\/srpski\\\/posetite-srbiju\\\/prirodne-lepote\\\/reke-i-jezera\\\/ada-ciganlija-beogradsko-more\\\/\",\"name\":\"Ada Ciganlija, beogradsko more - Serbia.com\",\"isPartOf\":{\"@id\":\"https:\\\/\\\/serbia.com\\\/#website\"},\"primaryImageOfPage\":{\"@id\":\"https:\\\/\\\/serbia.com\\\/srpski\\\/posetite-srbiju\\\/prirodne-lepote\\\/reke-i-jezera\\\/ada-ciganlija-beogradsko-more\\\/#primaryimage\"},\"image\":{\"@id\":\"https:\\\/\\\/serbia.com\\\/srpski\\\/posetite-srbiju\\\/prirodne-lepote\\\/reke-i-jezera\\\/ada-ciganlija-beogradsko-more\\\/#primaryimage\"},\"thumbnailUrl\":\"https:\\\/\\\/serbia.com\\\/wp-content\\\/uploads\\\/2024\\\/05\\\/pexels-borishamer-18912622-scaled.jpg\",\"datePublished\":\"2015-05-25T12:06:59+00:00\",\"dateModified\":\"2025-10-11T09:00:23+00:00\",\"breadcrumb\":{\"@id\":\"https:\\\/\\\/serbia.com\\\/srpski\\\/posetite-srbiju\\\/prirodne-lepote\\\/reke-i-jezera\\\/ada-ciganlija-beogradsko-more\\\/#breadcrumb\"},\"inLanguage\":\"srpski\",\"potentialAction\":[{\"@type\":\"ReadAction\",\"target\":[\"https:\\\/\\\/serbia.com\\\/srpski\\\/posetite-srbiju\\\/prirodne-lepote\\\/reke-i-jezera\\\/ada-ciganlija-beogradsko-more\\\/\"]}]},{\"@type\":\"ImageObject\",\"inLanguage\":\"srpski\",\"@id\":\"https:\\\/\\\/serbia.com\\\/srpski\\\/posetite-srbiju\\\/prirodne-lepote\\\/reke-i-jezera\\\/ada-ciganlija-beogradsko-more\\\/#primaryimage\",\"url\":\"https:\\\/\\\/serbia.com\\\/wp-content\\\/uploads\\\/2024\\\/05\\\/pexels-borishamer-18912622-scaled.jpg\",\"contentUrl\":\"https:\\\/\\\/serbia.com\\\/wp-content\\\/uploads\\\/2024\\\/05\\\/pexels-borishamer-18912622-scaled.jpg\",\"width\":2560,\"height\":1707},{\"@type\":\"BreadcrumbList\",\"@id\":\"https:\\\/\\\/serbia.com\\\/srpski\\\/posetite-srbiju\\\/prirodne-lepote\\\/reke-i-jezera\\\/ada-ciganlija-beogradsko-more\\\/#breadcrumb\",\"itemListElement\":[{\"@type\":\"ListItem\",\"position\":1,\"name\":\"Home\",\"item\":\"https:\\\/\\\/serbia.com\\\/srpski\\\/srbija\\\/\"},{\"@type\":\"ListItem\",\"position\":2,\"name\":\"Poseti Srbiju\",\"item\":\"https:\\\/\\\/serbia.com\\\/srpski\\\/posetite-srbiju\\\/\"},{\"@type\":\"ListItem\",\"position\":3,\"name\":\"Prirodne lepote\",\"item\":\"https:\\\/\\\/serbia.com\\\/srpski\\\/posetite-srbiju\\\/prirodne-lepote\\\/\"},{\"@type\":\"ListItem\",\"position\":4,\"name\":\"Reke i jezera\",\"item\":\"https:\\\/\\\/serbia.com\\\/srpski\\\/posetite-srbiju\\\/prirodne-lepote\\\/reke-i-jezera\\\/\"},{\"@type\":\"ListItem\",\"position\":5,\"name\":\"Ada Ciganlija, beogradsko more\"}]},{\"@type\":\"WebSite\",\"@id\":\"https:\\\/\\\/serbia.com\\\/#website\",\"url\":\"https:\\\/\\\/serbia.com\\\/\",\"name\":\"Serbia.com\",\"description\":\"Your Gateway to Serbia\",\"potentialAction\":[{\"@type\":\"SearchAction\",\"target\":{\"@type\":\"EntryPoint\",\"urlTemplate\":\"https:\\\/\\\/serbia.com\\\/?s={search_term_string}\"},\"query-input\":{\"@type\":\"PropertyValueSpecification\",\"valueRequired\":true,\"valueName\":\"search_term_string\"}}],\"inLanguage\":\"srpski\"}]}<\/script>\n<!-- \/ Yoast SEO plugin. -->","yoast_head_json":{"title":"Ada Ciganlija, beogradsko more - Serbia.com","robots":{"index":"index","follow":"follow","max-snippet":"max-snippet:-1","max-image-preview":"max-image-preview:large","max-video-preview":"max-video-preview:-1"},"canonical":"https:\/\/serbia.com\/srpski\/posetite-srbiju\/prirodne-lepote\/reke-i-jezera\/ada-ciganlija-beogradsko-more\/","og_locale":"en_US","og_type":"article","og_title":"Ada Ciganlija, beogradsko more - Serbia.com","og_description":"Poluostrvo bogato hrastovim i brestovim \u0161umama, mnogobrojnim \u017eivotinjskim vrstama i specifi\u010dnom mikroklimom, predstavlja pravu malu oazu na samo \u010detiri kilometara od centra Beograda. Svojim prirodnim bogatstvima, raznovrsnim mogu\u0107nostima za sport, [&hellip;]","og_url":"https:\/\/serbia.com\/srpski\/posetite-srbiju\/prirodne-lepote\/reke-i-jezera\/ada-ciganlija-beogradsko-more\/","og_site_name":"Serbia.com","article_modified_time":"2025-10-11T09:00:23+00:00","og_image":[{"width":2560,"height":1707,"url":"https:\/\/serbia.com\/wp-content\/uploads\/2024\/05\/pexels-borishamer-18912622-scaled.jpg","type":"image\/jpeg"}],"twitter_misc":{"Est. reading time":"3 minutes"},"schema":{"@context":"https:\/\/schema.org","@graph":[{"@type":"WebPage","@id":"https:\/\/serbia.com\/srpski\/posetite-srbiju\/prirodne-lepote\/reke-i-jezera\/ada-ciganlija-beogradsko-more\/","url":"https:\/\/serbia.com\/srpski\/posetite-srbiju\/prirodne-lepote\/reke-i-jezera\/ada-ciganlija-beogradsko-more\/","name":"Ada Ciganlija, beogradsko more - Serbia.com","isPartOf":{"@id":"https:\/\/serbia.com\/#website"},"primaryImageOfPage":{"@id":"https:\/\/serbia.com\/srpski\/posetite-srbiju\/prirodne-lepote\/reke-i-jezera\/ada-ciganlija-beogradsko-more\/#primaryimage"},"image":{"@id":"https:\/\/serbia.com\/srpski\/posetite-srbiju\/prirodne-lepote\/reke-i-jezera\/ada-ciganlija-beogradsko-more\/#primaryimage"},"thumbnailUrl":"https:\/\/serbia.com\/wp-content\/uploads\/2024\/05\/pexels-borishamer-18912622-scaled.jpg","datePublished":"2015-05-25T12:06:59+00:00","dateModified":"2025-10-11T09:00:23+00:00","breadcrumb":{"@id":"https:\/\/serbia.com\/srpski\/posetite-srbiju\/prirodne-lepote\/reke-i-jezera\/ada-ciganlija-beogradsko-more\/#breadcrumb"},"inLanguage":"srpski","potentialAction":[{"@type":"ReadAction","target":["https:\/\/serbia.com\/srpski\/posetite-srbiju\/prirodne-lepote\/reke-i-jezera\/ada-ciganlija-beogradsko-more\/"]}]},{"@type":"ImageObject","inLanguage":"srpski","@id":"https:\/\/serbia.com\/srpski\/posetite-srbiju\/prirodne-lepote\/reke-i-jezera\/ada-ciganlija-beogradsko-more\/#primaryimage","url":"https:\/\/serbia.com\/wp-content\/uploads\/2024\/05\/pexels-borishamer-18912622-scaled.jpg","contentUrl":"https:\/\/serbia.com\/wp-content\/uploads\/2024\/05\/pexels-borishamer-18912622-scaled.jpg","width":2560,"height":1707},{"@type":"BreadcrumbList","@id":"https:\/\/serbia.com\/srpski\/posetite-srbiju\/prirodne-lepote\/reke-i-jezera\/ada-ciganlija-beogradsko-more\/#breadcrumb","itemListElement":[{"@type":"ListItem","position":1,"name":"Home","item":"https:\/\/serbia.com\/srpski\/srbija\/"},{"@type":"ListItem","position":2,"name":"Poseti Srbiju","item":"https:\/\/serbia.com\/srpski\/posetite-srbiju\/"},{"@type":"ListItem","position":3,"name":"Prirodne lepote","item":"https:\/\/serbia.com\/srpski\/posetite-srbiju\/prirodne-lepote\/"},{"@type":"ListItem","position":4,"name":"Reke i jezera","item":"https:\/\/serbia.com\/srpski\/posetite-srbiju\/prirodne-lepote\/reke-i-jezera\/"},{"@type":"ListItem","position":5,"name":"Ada Ciganlija, beogradsko more"}]},{"@type":"WebSite","@id":"https:\/\/serbia.com\/#website","url":"https:\/\/serbia.com\/","name":"Serbia.com","description":"Your Gateway to Serbia","potentialAction":[{"@type":"SearchAction","target":{"@type":"EntryPoint","urlTemplate":"https:\/\/serbia.com\/?s={search_term_string}"},"query-input":{"@type":"PropertyValueSpecification","valueRequired":true,"valueName":"search_term_string"}}],"inLanguage":"srpski"}]}},"brizy_media":[],"_links":{"self":[{"href":"https:\/\/serbia.com\/srpski\/wp-json\/wp\/v2\/pages\/32657","targetHints":{"allow":["GET"]}}],"collection":[{"href":"https:\/\/serbia.com\/srpski\/wp-json\/wp\/v2\/pages"}],"about":[{"href":"https:\/\/serbia.com\/srpski\/wp-json\/wp\/v2\/types\/page"}],"author":[{"embeddable":true,"href":"https:\/\/serbia.com\/srpski\/wp-json\/wp\/v2\/users\/27"}],"replies":[{"embeddable":true,"href":"https:\/\/serbia.com\/srpski\/wp-json\/wp\/v2\/comments?post=32657"}],"version-history":[{"count":2,"href":"https:\/\/serbia.com\/srpski\/wp-json\/wp\/v2\/pages\/32657\/revisions"}],"predecessor-version":[{"id":63046,"href":"https:\/\/serbia.com\/srpski\/wp-json\/wp\/v2\/pages\/32657\/revisions\/63046"}],"up":[{"embeddable":true,"href":"https:\/\/serbia.com\/srpski\/wp-json\/wp\/v2\/pages\/20465"}],"wp:featuredmedia":[{"embeddable":true,"href":"https:\/\/serbia.com\/srpski\/wp-json\/wp\/v2\/media\/52915"}],"wp:attachment":[{"href":"https:\/\/serbia.com\/srpski\/wp-json\/wp\/v2\/media?parent=32657"}],"wp:term":[{"taxonomy":"category","embeddable":true,"href":"https:\/\/serbia.com\/srpski\/wp-json\/wp\/v2\/categories?post=32657"},{"taxonomy":"post_tag","embeddable":true,"href":"https:\/\/serbia.com\/srpski\/wp-json\/wp\/v2\/tags?post=32657"}],"curies":[{"name":"wp","href":"https:\/\/api.w.org\/{rel}","templated":true}]}}