{"id":32640,"date":"2015-05-25T13:01:10","date_gmt":"2015-05-25T11:01:10","guid":{"rendered":"http:\/\/www.serbia.com\/?page_id=32640"},"modified":"2024-10-20T14:37:06","modified_gmt":"2024-10-20T12:37:06","slug":"ludasko-jezero-specijalni-rezervat-prirode-star-milion-godina","status":"publish","type":"page","link":"https:\/\/serbia.com\/srpski\/posetite-srbiju\/prirodne-lepote\/reke-i-jezera\/ludasko-jezero-specijalni-rezervat-prirode-star-milion-godina\/","title":{"rendered":"Luda\u0161ko jezero, specijalni rezervat prirode star milion godina"},"content":{"rendered":"<h4 style=\"text-align: justify;\">Na krajnjem severu Vojvodine nalazi se jezero neobi\u010dnog izgleda i lepote. Bogata flora i fauna, retke, za\u0161ti\u0107ene vrste i nesvakida\u0161nje prostranstvo koje ga okru\u017euje, u\u010dinili su da Luda\u0161ko jezero postane Specijalni rezervat prirode, ali i svojevrsni muzej na otvorenom \u010dija raznolikost budi ma\u0161tu.<\/h4>\n<p style=\"text-align: justify;\">U dalekom kamenom dobu priroda je po\u010dela da stvara obrise dana\u0161njeg Luda\u0161kog jezera. Vetar je godinama dubio jezersko okno, koje je zahvaljuju\u0107i pe\u0161\u010danim dinama spre\u010davalo dalje oticanje vode. Tako je vremenom nastajao prostor na kome su arheolo\u0161kim istra\u017eivanjima prona\u0111eni i ostaci najstarijeg naselja u ovom kraju. Danas Luda\u0161ko jezero okru\u017euju naselja Luda\u0161, Hajdukovo i Nosa.<\/p>\n<p style=\"text-align: justify;\">Kompleks vla\u017enih stani\u0161ta prostire se na oko 800 hektara i sadr\u017ei otvorene vodene povr\u0161ine, stepske, slatinske i vla\u017ene livade, kao i tr\u0161\u0107ake. Specifi\u010dnost ovog jezera je njegovo plitko korito, a polo\u017eaj centralnog stani\u0161ta dobio je zahvaljuju\u0107i povezanosti sa okolnim staja\u0107im vodama. Ipak, <strong>ono \u0161to Luda\u0161ko jezero \u010dini zaista jedinstvenim, jeste raznovrsnost biljnog i \u017eivotinjskog sveta koji su ovde nastanjeni.<\/strong><\/p>\n<p style=\"text-align: justify;\"><img loading=\"lazy\" decoding=\"async\" class=\"alignleft size-medium wp-image-29509\" src=\"http:\/\/www.serbia.com\/wp-content\/uploads\/2015\/02\/ludas1-300x225.jpg\" alt=\"ludas1\" width=\"300\" height=\"225\" srcset=\"https:\/\/serbia.com\/wp-content\/uploads\/2015\/02\/ludas1-300x225.jpg 300w, https:\/\/serbia.com\/wp-content\/uploads\/2015\/02\/ludas1.jpg 600w\" sizes=\"(max-width: 300px) 100vw, 300px\" \/>Zbog razli\u010ditih tipova stani\u0161ta, ovde su dom prona\u0161le mnogobrojne vrste ptica. Upravo ovo mesto je zna\u010dajno gnezdili\u0161te ptica vodenih stani\u0161ta, a broj gnezdarica dosti\u017ee neverovatnih 40 vrsta. Mnoge od njih su retke i ugro\u017eene vrste, a neke od najpoznatijih su <strong>plavokljuna patka<\/strong>, <strong>brkata senica<\/strong>, <strong>\u0161evarski cvr\u010di\u0107<\/strong>, kao i <strong>veliki broj mo\u010dvarica i grabljivica<\/strong>.<\/p>\n<p style=\"text-align: justify;\">Vla\u017ene poplavljene livade, kao i samo jezero idealno su mesto za razmno\u017eavanje brojnih vodozemca. Tu su mali i veliki mrmoljak, barska \u017eaba, obi\u010dna \u010de\u0161ljarka, zelene \u017eabe i <strong>za\u0161ti\u0107ena barska kornja\u010da<\/strong>. Pored veoma popularnog zlatnog kara\u0161a koga je danas skoro potpuno potisnuo srebrni kara\u0161, u jezeru \u017eivi jo\u0161 oko 20 vrsta riba, od kojih je najpoznatiji za\u0161ti\u0107eni \u010dikov. Ovde se mogu sresti i lasica, krtica, hermelin\u2026<\/p>\n<p style=\"text-align: justify;\"><img loading=\"lazy\" decoding=\"async\" class=\"alignright size-medium wp-image-29512\" src=\"http:\/\/www.serbia.com\/wp-content\/uploads\/2015\/02\/ludas-biljka1-300x225.jpg\" alt=\"ludas biljka1\" width=\"300\" height=\"225\" srcset=\"https:\/\/serbia.com\/wp-content\/uploads\/2015\/02\/ludas-biljka1-300x225.jpg 300w, https:\/\/serbia.com\/wp-content\/uploads\/2015\/02\/ludas-biljka1.jpg 600w\" sizes=\"(max-width: 300px) 100vw, 300px\" \/>Pored bogatog \u017eivotinjskog sveta, <strong>lepotu Luda\u0161kog jezera krase i mnogobrojne biljne vrste<\/strong>. Prirodne retkosti su veliki ka\u0107un, \u0161varcenbergova bokvica, panonski zvezdan, a najve\u0107a vrednost priobalnih slatina je retki zeleni morski trozubac koji je upisan u Crvenu knjigu flore Srbije. Izuzetan je do\u017eivljaj kada na prole\u0107e jezero ukrasi blistavo \u017euta perunika, a na leto \u0161arene vrb\u010dice i konoplju\u0161e.<\/p>\n<p style=\"text-align: justify;\">U skladu sa stepenom za\u0161ti\u0107enosti pojedinih zona, ograni\u010davaju se i ljudske aktivnosti, pa je rezervat\u00a0 podeljen na tri dela. Severoisto\u010dni delovi jezera su najstro\u017ee za\u0161ti\u0107eni, i ovde se boravak ljudi dozvoljava isklju\u010divo u cilju nau\u010dnih istra\u017eivanja. Druga zona je predvi\u0111ena za odmor i sportski ribolov, a tre\u0107a za rekreaciju u kojoj se u budu\u0107nosti predvi\u0111a razvijanje ekolo\u0161kog i seoskog turizma.<\/p>\n<blockquote><p><em>Luda\u0161ko jezero je prvi put za\u0161ti\u0107eno zakonom 1955. godine, a od 1994. godine Uredbom Vlade Republike Srbije progla\u0161eno je Specijalnim rezervatom prirode. Jezero je uvedeno i na spisak Ramsarskih podru\u010dja 1977. godine, a zbog me\u0111unarodnog zna\u010daja koji ima pripada I kategoriji za\u0161tite.<\/em><\/p><\/blockquote>\n<p style=\"text-align: justify;\">Pored<strong> \u0161etnje<\/strong>, <strong>odmora<\/strong> i <strong>razgledanja prirodnih blagodeti<\/strong> Luda\u0161kog jezera, ovde mo\u017eete u\u017eivati i u razli\u010ditim aktivnostima i organizovanim turama. Najatraktivnije je svakako <strong>posmatranje ptic<\/strong>a koje se organizuje od aprila do septembra meseca. Tu je i restoran na obali jezera u kome mo\u017eete probati ukusne riblje specijalitete, a u blizini se nalazi i konji\u010dki centar.<\/p>\n<p style=\"text-align: justify;\">Zanimljivo je obi\u0107i i <strong>Rokin sala\u0161<\/strong>, odnosno veoma staru seosku ku\u0107u koja ima interesantnu etnografsku, prirodnu i arheolo\u0161ku kolekciju predmeta na\u0111enih u blizini jezera. Postoje i \u010detiri edukativne staze, koje kre\u0107u od modernog Vizitorskog centra, a nalaze se na severnoj obali jezera.<\/p>\n<p style=\"text-align: justify;\">Na Luda\u0161kom \u0161oru nalaze se <strong>katoli\u010dka crkva i Parohija<\/strong>, koji predstavljaju vredne kulturne spomenike koje tako\u0111e vredi obi\u0107i. Jezero je okru\u017eeno i starim sala\u0161ima, vo\u0107njacima, vinogradima i starim vinskim podrumima, pa ukoliko odlu\u010dite da obi\u0111ete okolinu zasigurno ne\u0107ete pogre\u0161iti.\u00a0 Ako jezero posetite na leto, nemojte propustiti tradicionalni <strong>eko-kamp<\/strong>, koji je ustanovljen jo\u0161 1987. godine.<\/p>\n<h4 style=\"text-align: justify;\">Kako sti\u0107i do Luda\u0161kog jezera?<\/h4>\n<p style=\"text-align: justify;\">Luda\u0161ko jezero (centar Luda\u0161 u Hajdukovu) udaljeno je od Subotice 14 km, a od <a title=\"Beograd\" href=\"http:\/\/www.serbia.com\/srpski\/posetite-srbiju\/gradovi\/beograd\/\" target=\"_blank\" rel=\"noopener\">Beograda<\/a> oko 180 km. Prilaz kroz naselje Hajdukovo asfaltnim putem je pogodan za sva vozila (automobile, autobuse, bicikle). Mogu\u0107e je do\u0107i i vozom do Subotice, zatim prigradskim autobusom do naselja.<\/p>\n<h4 style=\"text-align: justify;\">Kada ste ve\u0107 ovde, ne propustite&#8230;<\/h4>\n<p style=\"text-align: justify;\"><a title=\"Pali\u0107, jezero napravljeno od suza\" href=\"http:\/\/www.serbia.com\/srpski\/posetite-srbiju\/prirodne-lepote\/reke-i-jezera\/palic-jezero-napravljeno-od-suza\/\" target=\"_blank\" rel=\"noopener\"><strong>Pali\u0107ko jezero<\/strong><\/a> \u2013 zna\u010dajni turisti\u010dki centar Vojvodine, koji je posebno atraktivan u letnjim mesecima. Pali\u0107 je bogat ribom, a jezersko blato va\u017enim mineralima sa lekovitim osobinama. Jezero je idealno mesto za odmor, rekreaciju, le\u010denje, rekreativni ribolov i mnoge druge aktivnosti.<\/p>\n<p style=\"text-align: justify;\"><a title=\"Subotica\" href=\"http:\/\/www.serbia.com\/srpski\/posetite-srbiju\/gradovi\/subotica\/\" target=\"_blank\" rel=\"noopener\"><strong>Subotica<\/strong><\/a> \u2013 najseverniji grad u Srbiji sa bogatom istorijom, kulturom i tradicijom, ne smete zaobi\u0107i ukoliko se na\u0111ete u Vojvodini. Grad sa preko 20 nacionalnih manjina i prelepim gra\u0111evinama, \u010dini kulturni centar Vojvodine.<\/p>\n","protected":false},"excerpt":{"rendered":"<p>Na krajnjem severu Vojvodine nalazi se jezero neobi\u010dnog izgleda i lepote. Bogata flora i fauna, retke, za\u0161ti\u0107ene vrste i nesvakida\u0161nje prostranstvo koje ga okru\u017euje, u\u010dinili su da Luda\u0161ko jezero postane [&hellip;]<\/p>\n","protected":false},"author":27,"featured_media":32639,"parent":20465,"menu_order":0,"comment_status":"closed","ping_status":"closed","template":"","meta":{"_acf_changed":false,"inline_featured_image":false,"_monsterinsights_skip_tracking":false,"_monsterinsights_sitenote_active":false,"_monsterinsights_sitenote_note":"","_monsterinsights_sitenote_category":0,"footnotes":""},"categories":[1656],"tags":[],"class_list":["post-32640","page","type-page","status-publish","has-post-thumbnail","hentry","category-reke-jezera"],"acf":[],"yoast_head":"<!-- This site is optimized with the Yoast SEO plugin v23.8 - https:\/\/yoast.com\/wordpress\/plugins\/seo\/ -->\n<title>Luda\u0161ko jezero, specijalni rezervat prirode star milion godina - Serbia.com<\/title>\n<meta name=\"robots\" content=\"index, follow, max-snippet:-1, max-image-preview:large, max-video-preview:-1\" \/>\n<link rel=\"canonical\" href=\"https:\/\/serbia.com\/srpski\/posetite-srbiju\/prirodne-lepote\/reke-i-jezera\/ludasko-jezero-specijalni-rezervat-prirode-star-milion-godina\/\" \/>\n<meta property=\"og:locale\" content=\"en_US\" \/>\n<meta property=\"og:type\" content=\"article\" \/>\n<meta property=\"og:title\" content=\"Luda\u0161ko jezero, specijalni rezervat prirode star milion godina - Serbia.com\" \/>\n<meta property=\"og:description\" content=\"Na krajnjem severu Vojvodine nalazi se jezero neobi\u010dnog izgleda i lepote. Bogata flora i fauna, retke, za\u0161ti\u0107ene vrste i nesvakida\u0161nje prostranstvo koje ga okru\u017euje, u\u010dinili su da Luda\u0161ko jezero postane [&hellip;]\" \/>\n<meta property=\"og:url\" content=\"https:\/\/serbia.com\/srpski\/posetite-srbiju\/prirodne-lepote\/reke-i-jezera\/ludasko-jezero-specijalni-rezervat-prirode-star-milion-godina\/\" \/>\n<meta property=\"og:site_name\" content=\"Serbia.com\" \/>\n<meta property=\"article:modified_time\" content=\"2024-10-20T12:37:06+00:00\" \/>\n<meta property=\"og:image\" content=\"https:\/\/serbia.com\/wp-content\/uploads\/2015\/05\/ludasko-jezero1.jpg\" \/>\n\t<meta property=\"og:image:width\" content=\"1600\" \/>\n\t<meta property=\"og:image:height\" content=\"713\" \/>\n\t<meta property=\"og:image:type\" content=\"image\/jpeg\" \/>\n<meta name=\"twitter:label1\" content=\"Est. reading time\" \/>\n\t<meta name=\"twitter:data1\" content=\"4 minutes\" \/>\n<script type=\"application\/ld+json\" class=\"yoast-schema-graph\">{\"@context\":\"https:\/\/schema.org\",\"@graph\":[{\"@type\":\"WebPage\",\"@id\":\"https:\/\/serbia.com\/srpski\/posetite-srbiju\/prirodne-lepote\/reke-i-jezera\/ludasko-jezero-specijalni-rezervat-prirode-star-milion-godina\/\",\"url\":\"https:\/\/serbia.com\/srpski\/posetite-srbiju\/prirodne-lepote\/reke-i-jezera\/ludasko-jezero-specijalni-rezervat-prirode-star-milion-godina\/\",\"name\":\"Luda\u0161ko jezero, specijalni rezervat prirode star milion godina - Serbia.com\",\"isPartOf\":{\"@id\":\"https:\/\/serbia.com\/#website\"},\"primaryImageOfPage\":{\"@id\":\"https:\/\/serbia.com\/srpski\/posetite-srbiju\/prirodne-lepote\/reke-i-jezera\/ludasko-jezero-specijalni-rezervat-prirode-star-milion-godina\/#primaryimage\"},\"image\":{\"@id\":\"https:\/\/serbia.com\/srpski\/posetite-srbiju\/prirodne-lepote\/reke-i-jezera\/ludasko-jezero-specijalni-rezervat-prirode-star-milion-godina\/#primaryimage\"},\"thumbnailUrl\":\"https:\/\/serbia.com\/wp-content\/uploads\/2015\/05\/ludasko-jezero1.jpg\",\"datePublished\":\"2015-05-25T11:01:10+00:00\",\"dateModified\":\"2024-10-20T12:37:06+00:00\",\"breadcrumb\":{\"@id\":\"https:\/\/serbia.com\/srpski\/posetite-srbiju\/prirodne-lepote\/reke-i-jezera\/ludasko-jezero-specijalni-rezervat-prirode-star-milion-godina\/#breadcrumb\"},\"inLanguage\":\"srpski\",\"potentialAction\":[{\"@type\":\"ReadAction\",\"target\":[\"https:\/\/serbia.com\/srpski\/posetite-srbiju\/prirodne-lepote\/reke-i-jezera\/ludasko-jezero-specijalni-rezervat-prirode-star-milion-godina\/\"]}]},{\"@type\":\"ImageObject\",\"inLanguage\":\"srpski\",\"@id\":\"https:\/\/serbia.com\/srpski\/posetite-srbiju\/prirodne-lepote\/reke-i-jezera\/ludasko-jezero-specijalni-rezervat-prirode-star-milion-godina\/#primaryimage\",\"url\":\"https:\/\/serbia.com\/wp-content\/uploads\/2015\/05\/ludasko-jezero1.jpg\",\"contentUrl\":\"https:\/\/serbia.com\/wp-content\/uploads\/2015\/05\/ludasko-jezero1.jpg\",\"width\":1600,\"height\":713},{\"@type\":\"BreadcrumbList\",\"@id\":\"https:\/\/serbia.com\/srpski\/posetite-srbiju\/prirodne-lepote\/reke-i-jezera\/ludasko-jezero-specijalni-rezervat-prirode-star-milion-godina\/#breadcrumb\",\"itemListElement\":[{\"@type\":\"ListItem\",\"position\":1,\"name\":\"Home\",\"item\":\"https:\/\/serbia.com\/srpski\/\"},{\"@type\":\"ListItem\",\"position\":2,\"name\":\"Poseti Srbiju\",\"item\":\"https:\/\/serbia.com\/srpski\/posetite-srbiju\/\"},{\"@type\":\"ListItem\",\"position\":3,\"name\":\"Prirodne lepote\",\"item\":\"https:\/\/serbia.com\/srpski\/posetite-srbiju\/prirodne-lepote\/\"},{\"@type\":\"ListItem\",\"position\":4,\"name\":\"Reke i jezera\",\"item\":\"https:\/\/serbia.com\/srpski\/posetite-srbiju\/prirodne-lepote\/reke-i-jezera\/\"},{\"@type\":\"ListItem\",\"position\":5,\"name\":\"Luda\u0161ko jezero, specijalni rezervat prirode star milion godina\"}]},{\"@type\":\"WebSite\",\"@id\":\"https:\/\/serbia.com\/#website\",\"url\":\"https:\/\/serbia.com\/\",\"name\":\"Serbia.com\",\"description\":\"Your Gateway to Serbia\",\"potentialAction\":[{\"@type\":\"SearchAction\",\"target\":{\"@type\":\"EntryPoint\",\"urlTemplate\":\"https:\/\/serbia.com\/?s={search_term_string}\"},\"query-input\":{\"@type\":\"PropertyValueSpecification\",\"valueRequired\":true,\"valueName\":\"search_term_string\"}}],\"inLanguage\":\"srpski\"}]}<\/script>\n<!-- \/ Yoast SEO plugin. -->","yoast_head_json":{"title":"Luda\u0161ko jezero, specijalni rezervat prirode star milion godina - Serbia.com","robots":{"index":"index","follow":"follow","max-snippet":"max-snippet:-1","max-image-preview":"max-image-preview:large","max-video-preview":"max-video-preview:-1"},"canonical":"https:\/\/serbia.com\/srpski\/posetite-srbiju\/prirodne-lepote\/reke-i-jezera\/ludasko-jezero-specijalni-rezervat-prirode-star-milion-godina\/","og_locale":"en_US","og_type":"article","og_title":"Luda\u0161ko jezero, specijalni rezervat prirode star milion godina - Serbia.com","og_description":"Na krajnjem severu Vojvodine nalazi se jezero neobi\u010dnog izgleda i lepote. Bogata flora i fauna, retke, za\u0161ti\u0107ene vrste i nesvakida\u0161nje prostranstvo koje ga okru\u017euje, u\u010dinili su da Luda\u0161ko jezero postane [&hellip;]","og_url":"https:\/\/serbia.com\/srpski\/posetite-srbiju\/prirodne-lepote\/reke-i-jezera\/ludasko-jezero-specijalni-rezervat-prirode-star-milion-godina\/","og_site_name":"Serbia.com","article_modified_time":"2024-10-20T12:37:06+00:00","og_image":[{"width":1600,"height":713,"url":"https:\/\/serbia.com\/wp-content\/uploads\/2015\/05\/ludasko-jezero1.jpg","type":"image\/jpeg"}],"twitter_misc":{"Est. reading time":"4 minutes"},"schema":{"@context":"https:\/\/schema.org","@graph":[{"@type":"WebPage","@id":"https:\/\/serbia.com\/srpski\/posetite-srbiju\/prirodne-lepote\/reke-i-jezera\/ludasko-jezero-specijalni-rezervat-prirode-star-milion-godina\/","url":"https:\/\/serbia.com\/srpski\/posetite-srbiju\/prirodne-lepote\/reke-i-jezera\/ludasko-jezero-specijalni-rezervat-prirode-star-milion-godina\/","name":"Luda\u0161ko jezero, specijalni rezervat prirode star milion godina - Serbia.com","isPartOf":{"@id":"https:\/\/serbia.com\/#website"},"primaryImageOfPage":{"@id":"https:\/\/serbia.com\/srpski\/posetite-srbiju\/prirodne-lepote\/reke-i-jezera\/ludasko-jezero-specijalni-rezervat-prirode-star-milion-godina\/#primaryimage"},"image":{"@id":"https:\/\/serbia.com\/srpski\/posetite-srbiju\/prirodne-lepote\/reke-i-jezera\/ludasko-jezero-specijalni-rezervat-prirode-star-milion-godina\/#primaryimage"},"thumbnailUrl":"https:\/\/serbia.com\/wp-content\/uploads\/2015\/05\/ludasko-jezero1.jpg","datePublished":"2015-05-25T11:01:10+00:00","dateModified":"2024-10-20T12:37:06+00:00","breadcrumb":{"@id":"https:\/\/serbia.com\/srpski\/posetite-srbiju\/prirodne-lepote\/reke-i-jezera\/ludasko-jezero-specijalni-rezervat-prirode-star-milion-godina\/#breadcrumb"},"inLanguage":"srpski","potentialAction":[{"@type":"ReadAction","target":["https:\/\/serbia.com\/srpski\/posetite-srbiju\/prirodne-lepote\/reke-i-jezera\/ludasko-jezero-specijalni-rezervat-prirode-star-milion-godina\/"]}]},{"@type":"ImageObject","inLanguage":"srpski","@id":"https:\/\/serbia.com\/srpski\/posetite-srbiju\/prirodne-lepote\/reke-i-jezera\/ludasko-jezero-specijalni-rezervat-prirode-star-milion-godina\/#primaryimage","url":"https:\/\/serbia.com\/wp-content\/uploads\/2015\/05\/ludasko-jezero1.jpg","contentUrl":"https:\/\/serbia.com\/wp-content\/uploads\/2015\/05\/ludasko-jezero1.jpg","width":1600,"height":713},{"@type":"BreadcrumbList","@id":"https:\/\/serbia.com\/srpski\/posetite-srbiju\/prirodne-lepote\/reke-i-jezera\/ludasko-jezero-specijalni-rezervat-prirode-star-milion-godina\/#breadcrumb","itemListElement":[{"@type":"ListItem","position":1,"name":"Home","item":"https:\/\/serbia.com\/srpski\/"},{"@type":"ListItem","position":2,"name":"Poseti Srbiju","item":"https:\/\/serbia.com\/srpski\/posetite-srbiju\/"},{"@type":"ListItem","position":3,"name":"Prirodne lepote","item":"https:\/\/serbia.com\/srpski\/posetite-srbiju\/prirodne-lepote\/"},{"@type":"ListItem","position":4,"name":"Reke i jezera","item":"https:\/\/serbia.com\/srpski\/posetite-srbiju\/prirodne-lepote\/reke-i-jezera\/"},{"@type":"ListItem","position":5,"name":"Luda\u0161ko jezero, specijalni rezervat prirode star milion godina"}]},{"@type":"WebSite","@id":"https:\/\/serbia.com\/#website","url":"https:\/\/serbia.com\/","name":"Serbia.com","description":"Your Gateway to Serbia","potentialAction":[{"@type":"SearchAction","target":{"@type":"EntryPoint","urlTemplate":"https:\/\/serbia.com\/?s={search_term_string}"},"query-input":{"@type":"PropertyValueSpecification","valueRequired":true,"valueName":"search_term_string"}}],"inLanguage":"srpski"}]}},"_links":{"self":[{"href":"https:\/\/serbia.com\/srpski\/wp-json\/wp\/v2\/pages\/32640"}],"collection":[{"href":"https:\/\/serbia.com\/srpski\/wp-json\/wp\/v2\/pages"}],"about":[{"href":"https:\/\/serbia.com\/srpski\/wp-json\/wp\/v2\/types\/page"}],"author":[{"embeddable":true,"href":"https:\/\/serbia.com\/srpski\/wp-json\/wp\/v2\/users\/27"}],"replies":[{"embeddable":true,"href":"https:\/\/serbia.com\/srpski\/wp-json\/wp\/v2\/comments?post=32640"}],"version-history":[{"count":1,"href":"https:\/\/serbia.com\/srpski\/wp-json\/wp\/v2\/pages\/32640\/revisions"}],"predecessor-version":[{"id":55726,"href":"https:\/\/serbia.com\/srpski\/wp-json\/wp\/v2\/pages\/32640\/revisions\/55726"}],"up":[{"embeddable":true,"href":"https:\/\/serbia.com\/srpski\/wp-json\/wp\/v2\/pages\/20465"}],"wp:featuredmedia":[{"embeddable":true,"href":"https:\/\/serbia.com\/srpski\/wp-json\/wp\/v2\/media\/32639"}],"wp:attachment":[{"href":"https:\/\/serbia.com\/srpski\/wp-json\/wp\/v2\/media?parent=32640"}],"wp:term":[{"taxonomy":"category","embeddable":true,"href":"https:\/\/serbia.com\/srpski\/wp-json\/wp\/v2\/categories?post=32640"},{"taxonomy":"post_tag","embeddable":true,"href":"https:\/\/serbia.com\/srpski\/wp-json\/wp\/v2\/tags?post=32640"}],"curies":[{"name":"wp","href":"https:\/\/api.w.org\/{rel}","templated":true}]}}