{"id":32630,"date":"2015-05-25T11:23:53","date_gmt":"2015-05-25T09:23:53","guid":{"rendered":"http:\/\/www.serbia.com\/?page_id=32630"},"modified":"2024-10-20T14:36:15","modified_gmt":"2024-10-20T12:36:15","slug":"zasavica-neobican-dom-retkih-biljnih-i-zivotinjskih-vrsta","status":"publish","type":"page","link":"https:\/\/serbia.com\/srpski\/posetite-srbiju\/prirodne-lepote\/reke-i-jezera\/zasavica-neobican-dom-retkih-biljnih-i-zivotinjskih-vrsta\/","title":{"rendered":"Zasavica, neobi\u010dan dom retkih biljnih i \u017eivotinjskih vrsta"},"content":{"rendered":"<h4 style=\"text-align: justify;\">Specijani rezervat prirode, jedno od poslednjih izvorno o\u010duvanih mo\u010dvarnih podru\u010dja, i jedino mesto u Srbiji gde se \u010duvaju stare rase doma\u0107ih \u017eivotinja. Sve su to odlike istog mesta &#8211; Zasavice, \u010dudesnog tla kome je priroda podarila lepotu, plodnost i snagu. Taj fascinantan sklop i darovitost prirode, prepoznali su i na hiljade retkih, ugro\u017eenih i za\u0161ti\u0107enih biljnih i \u017eivotinjskih vrsta, kojima je Zasavica godinama unazad dom.<\/h4>\n<p style=\"text-align: justify;\">U zapadno-centralnoj\u00a0Srbiji, na podru\u010dju ju\u017ene Vojvodine i severne Ma\u010dve, isto\u010dno od <a title=\"Drina, divlja smaragdna lepotica\" href=\"http:\/\/www.serbia.com\/srpski\/posetite-srbiju\/prirodne-lepote\/reke-i-jezera\/drina-divlja-smaragdna-lepotica\/\" target=\"_blank\" rel=\"noopener\">Drine<\/a> i ju\u017eno od <a title=\"Reka Sava, ispomo\u0107 Zevsu\" href=\"http:\/\/www.serbia.com\/srpski\/posetite-srbiju\/prirodne-lepote\/reke-i-jezera\/reka-sava-ispomoc-zevsu\/\" target=\"_blank\" rel=\"noopener\">Save<\/a>, nalazi se Zasavica, veli\u010danstveni rezervat prirode koji se prostire na 1825 hektara o\u010duvane i plodne zemlje. Zahvaljuju\u0107i bogatom zemlji\u0161tu, ali i pitomoj i mirnoj re\u010dici Zasavici koja je celim tokom prekrivena bujnim biljnim pokriva\u010dem, ovo mesto danas je dom neobi\u010dnih i veoma za\u0161ti\u0107enih vrsta.<\/p>\n<p style=\"text-align: justify;\"><img loading=\"lazy\" decoding=\"async\" class=\"aligncenter size-full wp-image-32624\" src=\"http:\/\/www.serbia.com\/wp-content\/uploads\/2015\/05\/zasavica5.jpg\" alt=\"zasavica5\" width=\"800\" height=\"215\" srcset=\"https:\/\/serbia.com\/wp-content\/uploads\/2015\/05\/zasavica5.jpg 800w, https:\/\/serbia.com\/wp-content\/uploads\/2015\/05\/zasavica5-300x81.jpg 300w\" sizes=\"(max-width: 800px) 100vw, 800px\" \/><\/p>\n<p style=\"text-align: justify;\">Kao jedno od retkih mesta u svetu gde se mo\u017ee videti o\u010duvano mo\u010dvarno podru\u010dje sa raznovrsnom florom i faunom, Zasavica predstvalja jedinstveni prirodni fenomen od velikog zna\u010daja i lepote.<\/p>\n<h4 style=\"text-align: justify;\">1. \u010cudesna raznovrsnost biljnog sveta<\/h4>\n<p style=\"text-align: justify;\">Neobi\u010dnu lepotu ovog mesta danas krasi <strong>veliki broj retkih i za\u0161ti\u0107enih biljnih vrsta<\/strong> od kojih najve\u0107i broj pripada grupi taksona. Posebno su zna\u010dajni i zanimljivi beli i \u017euti lokvanj, mo\u010dvarne koprive, testerice, ljuti\u0107 i\u00a0 i\u0111irot.<\/p>\n<p style=\"text-align: justify;\"><strong>Interesantno je da se ovde mogu videti i na\u0107i i krajnje ugro\u017eeni taksoni, ujedno uvr\u0161\u0107eni u prvi tom \u201cCrvene knjige flore Srbije\u201d<\/strong>. U takve vrste spadaju borak, rebratica i jezi\u010dasti ljuti\u0107, a ponovo je prona\u0111ena i vrsta za koju se dugo godina smatralo da je i\u0161\u010dezla sa prostora Srbije \u2013<em>Aldrovanda vesiculosa L<\/em>.<\/p>\n<blockquote><p><em>Legende i mitovi Zasavice<\/em><\/p>\n<p><em>Ako je verovati starim pri\u010dama i predanjima, d\u017einovi ili zmajevi stvarali su d\u017einovska dela koja su ovoj zemlji davali snagu i plodnost. Prema keltskim kartama na Balkanu zmajevi su \u017eiveli na osam mesta, me\u0111u kojima je upravo i ovo. Veruje se da su oni svojom snagom o\u010duvali prirodu. O neobi\u010dnosti i specifi\u010dnosti ovog podru\u010dja govori i to da je ovde posle mnogo godina ponovo vi\u0111ena vidra.<\/em><\/p><\/blockquote>\n<p style=\"text-align: justify;\">Zasavica je trenutno jedino stani\u0161te ove vrste u Srbiji, i jedno od malobrojnih u Evropi. Aldrovanda je reliktna vrsta, poreklom iz terciara i naseljava prete\u017eno tople staja\u0107e vode tropskog pojasa, pa je njena ponovna pojava u ovom prirodnom rezervatu prava atrakcija.<\/p>\n<h4 style=\"text-align: justify;\">2. Fascinantno bogatstvo \u017eivotinjskog sveta<\/h4>\n<p style=\"text-align: justify;\"><img loading=\"lazy\" decoding=\"async\" class=\"alignright size-full wp-image-32627\" src=\"http:\/\/www.serbia.com\/wp-content\/uploads\/2015\/05\/thecla_betulae_zasavica_2010serbia-300x225.jpg\" alt=\"thecla_betulae_zasavica_2010serbia-300x225\" width=\"300\" height=\"225\" \/>O posebnosti i lepoti Zasavice govori i ogroman broj raznovrsnih \u017eivotinjskih vrsta koje naseljavaju prostor rezervata. Ovde je dom prona\u0161lo oko <strong>25 vrsta riba<\/strong>, me\u0111u kojima je najpoznatija <em>Umbra kameri<\/em> \u00a0koja se nalazi na listi ugro\u017eenih vrsta u svetu. Ova riba jedinstvena je po tome \u0161to mo\u017ee i do 10 sati da izdr\u017ei bez vode.<\/p>\n<p style=\"text-align: justify;\">Zasavica je ugodno mesto za boravak i za oko<strong> 180 vrsta ptica<\/strong>, me\u0111u kojima su najzna\u010dajnije vrste gak i barski petlic, koje ovo mesto ubrajaju na listu podru\u010dja va\u017enih za ptice. Svet rezervata \u010dine i veliki broj vodozemaca, sisara, gljiva i beski\u010dmenjaka.<\/p>\n<p style=\"text-align: justify;\">O nezaga\u0111enosti i \u010disto\u0107i reke Zasavice govori prisustvo jo\u0161 jednog neobi\u010dnog stanovnika \u2013 <strong>evropskog dabra<\/strong>.<\/p>\n<p style=\"text-align: justify;\">Pored ove ugro\u017eene vrste, mahom istrebljene prekomernim lovom, Zavisicu naseljuje i podolsko gove\u010de, mangulice, balkanske koze, bivoli, bu\u0161e i karaka\u010danske ovce.<\/p>\n<p style=\"text-align: justify;\">Ukoliko se na\u0111ete u ovom rezervatu prirode, ne propustite da probate doma\u0107e <strong>\u010dvarke<\/strong>,<strong> kobasice<\/strong> i <strong>gula\u0161 od mangulice<\/strong>, kao i <strong>sir<\/strong>, <strong>kulen<\/strong> i <strong>kobasice od magare\u0107eg mleka.<\/strong><\/p>\n<h4>3.\u00a0Magare\u0107i sir iz Zasavice<\/h4>\n<p>Najve\u0107a farma muznih magaraca u Jugoisto\u010dnoj Evropi jo\u0161 jedno je bogastvo i obele\u017eje Zasavice.\u00a0 Od mleka magaraca kojih u ovom rezervatu prirode ima oko 120, prave se kreme za lice, sapuni i \u010duveni <a href=\"http:\/\/www.serbia.com\/srpski\/gde-se-pravi-najskuplji-sir-na-svetu-u-srbiji\/\" target=\"_blank\" rel=\"noopener\"><strong>magare\u0107i<\/strong> <\/a><strong>sir za \u010diji kilogram je potrebno \u010dak 25 litara mleka.<\/strong>\u00a0 Za jedan kilogram ovog specijaliteta\u00a0 potrebno je izdvojiti i do 1000 evra, a nalazi se na jelovniku najekskluzivnijih restorana sveta.<\/p>\n<p><img loading=\"lazy\" decoding=\"async\" class=\"aligncenter size-full wp-image-46186\" src=\"http:\/\/www.serbia.com\/wp-content\/uploads\/2016\/02\/donkey-cheese.jpg\" alt=\"donkey-cheese\" width=\"800\" height=\"534\" srcset=\"https:\/\/serbia.com\/wp-content\/uploads\/2016\/02\/donkey-cheese.jpg 800w, https:\/\/serbia.com\/wp-content\/uploads\/2016\/02\/donkey-cheese-300x200.jpg 300w, https:\/\/serbia.com\/wp-content\/uploads\/2016\/02\/donkey-cheese-768x513.jpg 768w\" sizes=\"(max-width: 800px) 100vw, 800px\" \/><\/p>\n<p style=\"text-align: justify;\">Ukoliko ste ljubitelj kampovanja u prirodi, Zasavica je idealno mesto za vas! Ovde \u0107ete imati priliku da u\u017eivate u razgledanju najinstan\u010dajnijih primeraka umetnosti koju priroda ume da napravi.<\/p>\n<p style=\"text-align: justify;\">Ti\u0161ina, mir i nenaru\u0161en sklad koji vam nudi auto kamp pod nazivom <strong>\u201eCAMPING ZASAVICA\u201c<\/strong>, uve\u0161\u0107e vam u magi\u010dni svet netaknute prirode koji \u0107ete zasigurno zavoleti.<\/p>\n<h4 style=\"text-align: justify;\">Turisti\u010dki brod Umbra<\/h4>\n<p style=\"text-align: justify;\">Plovidba ovim brodom omogu\u0107i\u0107e vam uvid u najlep\u0161i deo rezervata od Valjevca ka \u0161umarevoj \u0107upriji u du\u017eini od 7 km. Pored u\u017eivanja u pogledu sa prelepe reke Zasavice, posetioci \u010desto mogu da vide i preletanje ptica mo\u010dvarica i raznih drugih vrsta \u0161umskih ptica, \u0161to predstavlja pravi do\u017eivljaj koji se pamti.<\/p>\n<h4 style=\"text-align: justify;\">Kako sti\u0107i do Specijalnog rezervata \u201eZasavica\u201c?<\/h4>\n<p style=\"text-align: justify;\">Zasavica je udaljena dvadesetak kilometara od Sremske Mitrovice, \u0161to zna\u010di da vam od Beograda kolima treba ne\u0161to malo vi\u0161e od sat vremena. Ide se auto-putem, i nakon nepunih 70 km od <a title=\"Beograd\" href=\"http:\/\/www.serbia.com\/srpski\/posetite-srbiju\/gradovi\/beograd\/\" target=\"_blank\" rel=\"noopener\">Beograda<\/a>, malo pre Sremske Mitrovice, odvajate se ka Ma\u010dvi i Zasavici. Jo\u0161 na 50 km od Zasavice po\u010dinju table i putokazi ka rezervatu, a samo skretanje sa auto-puta obele\u017eeno je upadljivom crvenom tablom, da bi vas zatim jo\u0161 par bilborda otpratilo tamo gde treba.<\/p>\n","protected":false},"excerpt":{"rendered":"<p>Specijani rezervat prirode, jedno od poslednjih izvorno o\u010duvanih mo\u010dvarnih podru\u010dja, i jedino mesto u Srbiji gde se \u010duvaju stare rase doma\u0107ih \u017eivotinja. Sve su to odlike istog mesta &#8211; Zasavice, [&hellip;]<\/p>\n","protected":false},"author":27,"featured_media":32614,"parent":20465,"menu_order":0,"comment_status":"closed","ping_status":"closed","template":"","meta":{"_acf_changed":false,"inline_featured_image":false,"_monsterinsights_skip_tracking":false,"_monsterinsights_sitenote_active":false,"_monsterinsights_sitenote_note":"","_monsterinsights_sitenote_category":0,"footnotes":""},"categories":[1656],"tags":[],"class_list":["post-32630","page","type-page","status-publish","has-post-thumbnail","hentry","category-reke-jezera"],"acf":[],"yoast_head":"<!-- This site is optimized with the Yoast SEO plugin v23.8 - https:\/\/yoast.com\/wordpress\/plugins\/seo\/ -->\n<title>Zasavica, neobi\u010dan dom retkih biljnih i \u017eivotinjskih vrsta - Serbia.com<\/title>\n<meta name=\"robots\" content=\"index, follow, max-snippet:-1, max-image-preview:large, max-video-preview:-1\" \/>\n<link rel=\"canonical\" href=\"https:\/\/serbia.com\/srpski\/posetite-srbiju\/prirodne-lepote\/reke-i-jezera\/zasavica-neobican-dom-retkih-biljnih-i-zivotinjskih-vrsta\/\" \/>\n<meta property=\"og:locale\" content=\"en_US\" \/>\n<meta property=\"og:type\" content=\"article\" \/>\n<meta property=\"og:title\" content=\"Zasavica, neobi\u010dan dom retkih biljnih i \u017eivotinjskih vrsta - Serbia.com\" \/>\n<meta property=\"og:description\" content=\"Specijani rezervat prirode, jedno od poslednjih izvorno o\u010duvanih mo\u010dvarnih podru\u010dja, i jedino mesto u Srbiji gde se \u010duvaju stare rase doma\u0107ih \u017eivotinja. Sve su to odlike istog mesta &#8211; Zasavice, [&hellip;]\" \/>\n<meta property=\"og:url\" content=\"https:\/\/serbia.com\/srpski\/posetite-srbiju\/prirodne-lepote\/reke-i-jezera\/zasavica-neobican-dom-retkih-biljnih-i-zivotinjskih-vrsta\/\" \/>\n<meta property=\"og:site_name\" content=\"Serbia.com\" \/>\n<meta property=\"article:modified_time\" content=\"2024-10-20T12:36:15+00:00\" \/>\n<meta property=\"og:image\" content=\"https:\/\/serbia.com\/wp-content\/uploads\/2015\/05\/zasavica.jpg\" \/>\n\t<meta property=\"og:image:width\" content=\"1600\" \/>\n\t<meta property=\"og:image:height\" content=\"429\" \/>\n\t<meta property=\"og:image:type\" content=\"image\/jpeg\" \/>\n<meta name=\"twitter:label1\" content=\"Est. reading time\" \/>\n\t<meta name=\"twitter:data1\" content=\"4 minutes\" \/>\n<script type=\"application\/ld+json\" class=\"yoast-schema-graph\">{\"@context\":\"https:\/\/schema.org\",\"@graph\":[{\"@type\":\"WebPage\",\"@id\":\"https:\/\/serbia.com\/srpski\/posetite-srbiju\/prirodne-lepote\/reke-i-jezera\/zasavica-neobican-dom-retkih-biljnih-i-zivotinjskih-vrsta\/\",\"url\":\"https:\/\/serbia.com\/srpski\/posetite-srbiju\/prirodne-lepote\/reke-i-jezera\/zasavica-neobican-dom-retkih-biljnih-i-zivotinjskih-vrsta\/\",\"name\":\"Zasavica, neobi\u010dan dom retkih biljnih i \u017eivotinjskih vrsta - Serbia.com\",\"isPartOf\":{\"@id\":\"https:\/\/serbia.com\/#website\"},\"primaryImageOfPage\":{\"@id\":\"https:\/\/serbia.com\/srpski\/posetite-srbiju\/prirodne-lepote\/reke-i-jezera\/zasavica-neobican-dom-retkih-biljnih-i-zivotinjskih-vrsta\/#primaryimage\"},\"image\":{\"@id\":\"https:\/\/serbia.com\/srpski\/posetite-srbiju\/prirodne-lepote\/reke-i-jezera\/zasavica-neobican-dom-retkih-biljnih-i-zivotinjskih-vrsta\/#primaryimage\"},\"thumbnailUrl\":\"https:\/\/serbia.com\/wp-content\/uploads\/2015\/05\/zasavica.jpg\",\"datePublished\":\"2015-05-25T09:23:53+00:00\",\"dateModified\":\"2024-10-20T12:36:15+00:00\",\"breadcrumb\":{\"@id\":\"https:\/\/serbia.com\/srpski\/posetite-srbiju\/prirodne-lepote\/reke-i-jezera\/zasavica-neobican-dom-retkih-biljnih-i-zivotinjskih-vrsta\/#breadcrumb\"},\"inLanguage\":\"srpski\",\"potentialAction\":[{\"@type\":\"ReadAction\",\"target\":[\"https:\/\/serbia.com\/srpski\/posetite-srbiju\/prirodne-lepote\/reke-i-jezera\/zasavica-neobican-dom-retkih-biljnih-i-zivotinjskih-vrsta\/\"]}]},{\"@type\":\"ImageObject\",\"inLanguage\":\"srpski\",\"@id\":\"https:\/\/serbia.com\/srpski\/posetite-srbiju\/prirodne-lepote\/reke-i-jezera\/zasavica-neobican-dom-retkih-biljnih-i-zivotinjskih-vrsta\/#primaryimage\",\"url\":\"https:\/\/serbia.com\/wp-content\/uploads\/2015\/05\/zasavica.jpg\",\"contentUrl\":\"https:\/\/serbia.com\/wp-content\/uploads\/2015\/05\/zasavica.jpg\",\"width\":1600,\"height\":429},{\"@type\":\"BreadcrumbList\",\"@id\":\"https:\/\/serbia.com\/srpski\/posetite-srbiju\/prirodne-lepote\/reke-i-jezera\/zasavica-neobican-dom-retkih-biljnih-i-zivotinjskih-vrsta\/#breadcrumb\",\"itemListElement\":[{\"@type\":\"ListItem\",\"position\":1,\"name\":\"Home\",\"item\":\"https:\/\/serbia.com\/srpski\/\"},{\"@type\":\"ListItem\",\"position\":2,\"name\":\"Poseti Srbiju\",\"item\":\"https:\/\/serbia.com\/srpski\/posetite-srbiju\/\"},{\"@type\":\"ListItem\",\"position\":3,\"name\":\"Prirodne lepote\",\"item\":\"https:\/\/serbia.com\/srpski\/posetite-srbiju\/prirodne-lepote\/\"},{\"@type\":\"ListItem\",\"position\":4,\"name\":\"Reke i jezera\",\"item\":\"https:\/\/serbia.com\/srpski\/posetite-srbiju\/prirodne-lepote\/reke-i-jezera\/\"},{\"@type\":\"ListItem\",\"position\":5,\"name\":\"Zasavica, neobi\u010dan dom retkih biljnih i \u017eivotinjskih vrsta\"}]},{\"@type\":\"WebSite\",\"@id\":\"https:\/\/serbia.com\/#website\",\"url\":\"https:\/\/serbia.com\/\",\"name\":\"Serbia.com\",\"description\":\"Your Gateway to Serbia\",\"potentialAction\":[{\"@type\":\"SearchAction\",\"target\":{\"@type\":\"EntryPoint\",\"urlTemplate\":\"https:\/\/serbia.com\/?s={search_term_string}\"},\"query-input\":{\"@type\":\"PropertyValueSpecification\",\"valueRequired\":true,\"valueName\":\"search_term_string\"}}],\"inLanguage\":\"srpski\"}]}<\/script>\n<!-- \/ Yoast SEO plugin. -->","yoast_head_json":{"title":"Zasavica, neobi\u010dan dom retkih biljnih i \u017eivotinjskih vrsta - Serbia.com","robots":{"index":"index","follow":"follow","max-snippet":"max-snippet:-1","max-image-preview":"max-image-preview:large","max-video-preview":"max-video-preview:-1"},"canonical":"https:\/\/serbia.com\/srpski\/posetite-srbiju\/prirodne-lepote\/reke-i-jezera\/zasavica-neobican-dom-retkih-biljnih-i-zivotinjskih-vrsta\/","og_locale":"en_US","og_type":"article","og_title":"Zasavica, neobi\u010dan dom retkih biljnih i \u017eivotinjskih vrsta - Serbia.com","og_description":"Specijani rezervat prirode, jedno od poslednjih izvorno o\u010duvanih mo\u010dvarnih podru\u010dja, i jedino mesto u Srbiji gde se \u010duvaju stare rase doma\u0107ih \u017eivotinja. Sve su to odlike istog mesta &#8211; Zasavice, [&hellip;]","og_url":"https:\/\/serbia.com\/srpski\/posetite-srbiju\/prirodne-lepote\/reke-i-jezera\/zasavica-neobican-dom-retkih-biljnih-i-zivotinjskih-vrsta\/","og_site_name":"Serbia.com","article_modified_time":"2024-10-20T12:36:15+00:00","og_image":[{"width":1600,"height":429,"url":"https:\/\/serbia.com\/wp-content\/uploads\/2015\/05\/zasavica.jpg","type":"image\/jpeg"}],"twitter_misc":{"Est. reading time":"4 minutes"},"schema":{"@context":"https:\/\/schema.org","@graph":[{"@type":"WebPage","@id":"https:\/\/serbia.com\/srpski\/posetite-srbiju\/prirodne-lepote\/reke-i-jezera\/zasavica-neobican-dom-retkih-biljnih-i-zivotinjskih-vrsta\/","url":"https:\/\/serbia.com\/srpski\/posetite-srbiju\/prirodne-lepote\/reke-i-jezera\/zasavica-neobican-dom-retkih-biljnih-i-zivotinjskih-vrsta\/","name":"Zasavica, neobi\u010dan dom retkih biljnih i \u017eivotinjskih vrsta - Serbia.com","isPartOf":{"@id":"https:\/\/serbia.com\/#website"},"primaryImageOfPage":{"@id":"https:\/\/serbia.com\/srpski\/posetite-srbiju\/prirodne-lepote\/reke-i-jezera\/zasavica-neobican-dom-retkih-biljnih-i-zivotinjskih-vrsta\/#primaryimage"},"image":{"@id":"https:\/\/serbia.com\/srpski\/posetite-srbiju\/prirodne-lepote\/reke-i-jezera\/zasavica-neobican-dom-retkih-biljnih-i-zivotinjskih-vrsta\/#primaryimage"},"thumbnailUrl":"https:\/\/serbia.com\/wp-content\/uploads\/2015\/05\/zasavica.jpg","datePublished":"2015-05-25T09:23:53+00:00","dateModified":"2024-10-20T12:36:15+00:00","breadcrumb":{"@id":"https:\/\/serbia.com\/srpski\/posetite-srbiju\/prirodne-lepote\/reke-i-jezera\/zasavica-neobican-dom-retkih-biljnih-i-zivotinjskih-vrsta\/#breadcrumb"},"inLanguage":"srpski","potentialAction":[{"@type":"ReadAction","target":["https:\/\/serbia.com\/srpski\/posetite-srbiju\/prirodne-lepote\/reke-i-jezera\/zasavica-neobican-dom-retkih-biljnih-i-zivotinjskih-vrsta\/"]}]},{"@type":"ImageObject","inLanguage":"srpski","@id":"https:\/\/serbia.com\/srpski\/posetite-srbiju\/prirodne-lepote\/reke-i-jezera\/zasavica-neobican-dom-retkih-biljnih-i-zivotinjskih-vrsta\/#primaryimage","url":"https:\/\/serbia.com\/wp-content\/uploads\/2015\/05\/zasavica.jpg","contentUrl":"https:\/\/serbia.com\/wp-content\/uploads\/2015\/05\/zasavica.jpg","width":1600,"height":429},{"@type":"BreadcrumbList","@id":"https:\/\/serbia.com\/srpski\/posetite-srbiju\/prirodne-lepote\/reke-i-jezera\/zasavica-neobican-dom-retkih-biljnih-i-zivotinjskih-vrsta\/#breadcrumb","itemListElement":[{"@type":"ListItem","position":1,"name":"Home","item":"https:\/\/serbia.com\/srpski\/"},{"@type":"ListItem","position":2,"name":"Poseti Srbiju","item":"https:\/\/serbia.com\/srpski\/posetite-srbiju\/"},{"@type":"ListItem","position":3,"name":"Prirodne lepote","item":"https:\/\/serbia.com\/srpski\/posetite-srbiju\/prirodne-lepote\/"},{"@type":"ListItem","position":4,"name":"Reke i jezera","item":"https:\/\/serbia.com\/srpski\/posetite-srbiju\/prirodne-lepote\/reke-i-jezera\/"},{"@type":"ListItem","position":5,"name":"Zasavica, neobi\u010dan dom retkih biljnih i \u017eivotinjskih vrsta"}]},{"@type":"WebSite","@id":"https:\/\/serbia.com\/#website","url":"https:\/\/serbia.com\/","name":"Serbia.com","description":"Your Gateway to Serbia","potentialAction":[{"@type":"SearchAction","target":{"@type":"EntryPoint","urlTemplate":"https:\/\/serbia.com\/?s={search_term_string}"},"query-input":{"@type":"PropertyValueSpecification","valueRequired":true,"valueName":"search_term_string"}}],"inLanguage":"srpski"}]}},"_links":{"self":[{"href":"https:\/\/serbia.com\/srpski\/wp-json\/wp\/v2\/pages\/32630"}],"collection":[{"href":"https:\/\/serbia.com\/srpski\/wp-json\/wp\/v2\/pages"}],"about":[{"href":"https:\/\/serbia.com\/srpski\/wp-json\/wp\/v2\/types\/page"}],"author":[{"embeddable":true,"href":"https:\/\/serbia.com\/srpski\/wp-json\/wp\/v2\/users\/27"}],"replies":[{"embeddable":true,"href":"https:\/\/serbia.com\/srpski\/wp-json\/wp\/v2\/comments?post=32630"}],"version-history":[{"count":1,"href":"https:\/\/serbia.com\/srpski\/wp-json\/wp\/v2\/pages\/32630\/revisions"}],"predecessor-version":[{"id":55725,"href":"https:\/\/serbia.com\/srpski\/wp-json\/wp\/v2\/pages\/32630\/revisions\/55725"}],"up":[{"embeddable":true,"href":"https:\/\/serbia.com\/srpski\/wp-json\/wp\/v2\/pages\/20465"}],"wp:featuredmedia":[{"embeddable":true,"href":"https:\/\/serbia.com\/srpski\/wp-json\/wp\/v2\/media\/32614"}],"wp:attachment":[{"href":"https:\/\/serbia.com\/srpski\/wp-json\/wp\/v2\/media?parent=32630"}],"wp:term":[{"taxonomy":"category","embeddable":true,"href":"https:\/\/serbia.com\/srpski\/wp-json\/wp\/v2\/categories?post=32630"},{"taxonomy":"post_tag","embeddable":true,"href":"https:\/\/serbia.com\/srpski\/wp-json\/wp\/v2\/tags?post=32630"}],"curies":[{"name":"wp","href":"https:\/\/api.w.org\/{rel}","templated":true}]}}