{"id":32568,"date":"2015-05-22T20:00:55","date_gmt":"2015-05-22T18:00:55","guid":{"rendered":"http:\/\/www.serbia.com\/?page_id=32568"},"modified":"2024-10-20T14:34:34","modified_gmt":"2024-10-20T12:34:34","slug":"kopaonik-suncana-planina-puna-srebra","status":"publish","type":"page","link":"https:\/\/serbia.com\/srpski\/posetite-srbiju\/prirodne-lepote\/planine\/kopaonik-suncana-planina-puna-srebra\/","title":{"rendered":"Kopaonik, sun\u010dana planina puna srebra"},"content":{"rendered":"<h4>Za\u0161ti\u0107eni nacionalni park, poznat i kao &#8220;Sun\u010dana planina&#8221;, Kopaonik je najpoznatije skijali\u0161te u regionu i stani\u0161te brojnih retkih vrsta.<\/h4>\n<p>Kopaonik, udaljen 230 kilometara od <a title=\"Beograd\" href=\"http:\/\/www.serbia.com\/srpski\/posetite-srbiju\/gradovi\/beograd\/\" target=\"_blank\" rel=\"noopener\">Beograda<\/a>, <strong>najve\u0107i je planinski masiv u Srbiji<\/strong> koji se pru\u017ea od severozapada ka jugoistoku du\u017einom od oko 75 kilometara, a u srednjem delu dosti\u017ee \u0161irinu i do 40 kilometara.<\/p>\n<p>Jedan njegov deo je za\u0161ti\u0107ena zona <strong>&#8220;Nacionalni park Kopaonik&#8221;<\/strong>, koji po broju endemi\u010dnih vrsta predstavlja<strong> jedan od najzna\u010dajnijih centara biodiverziteta endemi\u010dne flore Srbije<\/strong>, a poseduje i najve\u0107i ski centar u zemlji.<\/p>\n<p>Ceo masiv je dobio naziv po velikom rudnom bogatstvu koje je na ovoj planini kopano jo\u0161 pre dolaska Rimljana. Naro\u010dito su bili poznati rudnici u kojima je kopana ruda iz koje se dobijalo srebro, a u srednjevekovnoj Srbiji taj plemeniti metal je smatran najdragocenijim. U pisanim dokumentima Kopaonik se pominje kao: Caponi, Coponich, Coparenich, Copono&#8230;<\/p>\n<p>Zahvaljuju\u0107i razvijenom turisti\u010dkom centru sa savremenim hotelima i prate\u0107im objektima, <strong>Kopaonik predstavlja jedan od najve\u0107ih i najpose\u0107enijih planinskih turisti\u010dkih centara u zemlji.<\/strong><\/p>\n<p>Ovu masivnu planinu odlikuje subalpska klima a ima i oko 200 sun\u010danih dana u godini zbog \u010dega zaslu\u017euje ime <strong>\u201cSun\u010dana planina\u201d<\/strong>. S druge strane, pokriven je snegom od po\u010detka novembra do maja. Njegovi skija\u0161ki tereni pripadaju stazama prve klase, a poseduje i staze za alpsko i nordijsko skijanje koje su namenjene i prilago\u0111ene kako iskusnim skija\u0161ima tako i po\u010detnicima.<\/p>\n<p>Iako je pokriven snegom vi\u0161e od pola godine, ve\u0107ina staza je opremljena i savremenim sistemom ve\u0161ta\u010dkog osne\u017eavanja.<\/p>\n<p>Za ljubitelje no\u0107nog skijanja ure\u0111ena je i posebna staza namenjena ovoj aktivnosti.<\/p>\n<p>Centar poseduje jedinstveni sistem \u017ei\u010dara i ski liftova. Posetiocima se na raspolaganju nalazi i mogu\u0107nost iznajmljivanja ski opreme i ski servisa.<\/p>\n<p>Najvi\u0161i vrh na Kopaoniku je <strong>Pan\u010di\u0107ev vrh<\/strong> sa 2.017 metara nadmorske visine na kome se nalazi <strong>mauzolej \u010duvenog srpskog prirodnjaka Josifa Pan\u010di\u0107a<\/strong> po kome je i dobio ime.<\/p>\n<p>Neposredno ispod Pan\u010di\u0107evog vrha prostire se arheolo\u0161ki lokalitet <strong>Nebeske stolice<\/strong> na kojem se nalazila stara hri\u0161\u0107anska bazilika.<\/p>\n<p>Turisti\u010dki centar Kopaonik aktivan je i van zimske sezone i predstavlja jednu od omiljenih destinacija za rekreaciju i odmor tokom toplijeg perioda godine. Uglavnom se u\u017eiva u aktivnostima kao \u0161to su <strong>\u0161etnja<\/strong>, <a title=\"Planinarenje i pe\u0161a\u010denje\" href=\"http:\/\/www.serbia.com\/srpski\/posetite-srbiju\/provedi-se\/rekreacija\/planinarenje-i-pesacenje\/\" target=\"_blank\" rel=\"noopener\"><strong>planinarenje<\/strong><\/a>, <a title=\"Biciklizam: mali napor za veliki u\u017eitak\" href=\"http:\/\/www.serbia.com\/srpski\/posetite-srbiju\/provedi-se\/rekreacija\/biciklizam-mali-napor-za-veliki-uzitak\/\" target=\"_blank\" rel=\"noopener\"><strong>biciklizam<\/strong><\/a>, a u ponudi su i \u0161kole tenisa, ko\u0161arke i jahanja. Brojni tereni vrhunskih kvaliteta dostupni su za sportske pripreme pa se tako i vi mo\u017eete rekreirati na mestima gde se pripremaju srpski reprezentativci.<\/p>\n<p>Na Kopaoniku se nalaze i <strong>dva hladna mineralna izvora vode<\/strong> &#8211; <strong>Kr\u010dmar<\/strong> i <strong>Marine vode<\/strong>. Podgorje Kopaonika obiluje termomineralnim izvorima i tu se nalaze poznata le\u010dili\u0161ta u <strong>Jo\u0161ani\u010dkoj Banji<\/strong>, <strong>Lukovskoj Banji<\/strong> i <strong>Kur\u0161umlijskoj Banji<\/strong>.<\/p>\n<p>Kopaonik upotpunjuje i kulturnu ponudu Srbije jer je na njegovom \u0161irem prostoru sme\u0161ten \u010ditav niz kulturno-istorijskih spomenika iz perioda od 12. do 15. veka &#8211; <a title=\"Manastiri i crkve\" href=\"http:\/\/www.serbia.com\/srpski\/posetite-srbiju\/kulturne-atrakcije\/manastiri-i-crkve\/\" target=\"_blank\" rel=\"noopener\">manastiri i crkve<\/a> <strong>Gradac<\/strong>, <strong>Pavica<\/strong>, <a title=\"Studenica, manastir dragocenih fresaka\" href=\"http:\/\/www.serbia.com\/srpski\/posetite-srbiju\/kulturne-atrakcije\/manastiri-i-crkve\/studenica-manastir-dragocenih-fresaka\/\" target=\"_blank\" rel=\"noopener\"><strong>Studenica<\/strong><\/a>, <strong><a href=\"http:\/\/www.serbia.com\/srpski\/manastir-zica-pet-dobrih-razloga-zbog-kojih-je-treba-posetiti\/\" target=\"_blank\" rel=\"noopener\">\u017di\u010da<\/a><\/strong> i <a title=\"Manastir Sopo\u0107ani\" href=\"http:\/\/www.serbia.com\/srpski\/posetite-srbiju\/kulturne-atrakcije\/manastiri-i-crkve\/manastir-sopocani\/\" target=\"_blank\" rel=\"noopener\"><strong>Sopo\u0107ani<\/strong><\/a>. U podno\u017eju planine nalazi se i veli\u010danstveni <strong>srednjovekovni grad Ras<\/strong>, kao i utvr\u0111eni gradovi <strong>Zve\u010dan<\/strong>, <strong>Koznik<\/strong> i <strong>Magli\u010d<\/strong>.<\/p>\n<p>Sam Kopaonik je <strong>progla\u0161en za nacionalni park 1981. godine<\/strong> i jedno je od najva\u017enijih centara biodiverziteta i faune.<\/p>\n<h4>Kako do\u0107i na &#8220;sun\u010danu planinu&#8221;?<\/h4>\n<p>Do ove planine je mogu\u0107e sti\u0107i iz vi\u0161e putnih pravaca.<\/p>\n<p>Ukoliko dolazite autobusom, iz svih ve\u0107ih <a title=\"Gradovi\" href=\"http:\/\/www.serbia.com\/srpski\/posetite-srbiju\/gradovi\/\" target=\"_blank\" rel=\"noopener\">gradova Srbije<\/a>, postoje polasci ka Kopaoniku.<\/p>\n<p>Ukoliko idete na Kopaonik svojim automobilom, mi vam preporu\u010dujemo put <a href=\"http:\/\/www.serbia.com\/srpski\/posetite-srbiju\/gradovi\/beograd\/\" target=\"_blank\" rel=\"noopener\">Beograd<\/a>&#8211;<a href=\"http:\/\/www.serbia.com\/srpski\/posetite-srbiju\/gradovi\/kraljevo-grad-sedam-kraljeva\/\" target=\"_blank\" rel=\"noopener\">Kraljevo<\/a>-Jo\u0161anicka banja-Kopaonik koji je dug oko 259 km (preko Ibarske magistrale).<\/p>\n<h4>Kada ste ve\u0107 ovde, ne propustite&#8230;<\/h4>\n<p>U zimskom periodu, osim skijanja na stazama za po\u010detnike i iskusne skija\u0161e, probajte <strong>kombinaciju <a href=\"http:\/\/www.serbia.com\/srpski\/posetite-srbiju\/provedi-se\/ekstremni-sport\/padobranstvo-bezbednije-od-svakodnevnice\/\" target=\"_blank\" rel=\"noopener\">padobranstva<\/a> i <a href=\"http:\/\/www.serbia.com\/srpski\/posetite-srbiju\/provedi-se\/rekreacija\/skijanje-u-srbiji\/\" target=\"_blank\" rel=\"noopener\">skijanja<\/a><\/strong>, kuvano vino u nekoj planinkskoj brvnari u zimskoj no\u0107i, a posle toga lud provod u kafi\u0107ima.<\/p>\n<p>Ako na Kopaonik do\u0111ete u letnjem periodu ne propustite <strong>pe\u0161a\u010dke ture<\/strong>, <strong>manastirske ture<\/strong>, <strong>vinske ture<\/strong> \u2013 obilazak <strong>\u017dupe Aleksandrova\u010dke<\/strong>, <strong>splavarenje rekom Ibar<\/strong>, <a title=\"Paraglajding: tako blizu sna o letenju\" href=\"http:\/\/www.serbia.com\/srpski\/posetite-srbiju\/provedi-se\/ekstremni-sport\/paraglajding-tako-blizu-sna-o-letenju\/\" target=\"_blank\" rel=\"noopener\"><strong>paraglajding<\/strong><\/a>, <strong>planinarenje<\/strong> i<strong> jahanje<\/strong>.<\/p>\n<p>U martu se odr\u017eava <strong>Open Ski Feast<\/strong>, manifestacija koja obuhvata nezaboravne igre, izazove, takmi\u010denja i dru\u017eenje, a u julu ne propustite <strong>&#8220;Dane borovnice&#8221;<\/strong>.<\/p>\n","protected":false},"excerpt":{"rendered":"<p>Za\u0161ti\u0107eni nacionalni park, poznat i kao &#8220;Sun\u010dana planina&#8221;, Kopaonik je najpoznatije skijali\u0161te u regionu i stani\u0161te brojnih retkih vrsta. Kopaonik, udaljen 230 kilometara od Beograda, najve\u0107i je planinski masiv u [&hellip;]<\/p>\n","protected":false},"author":27,"featured_media":51321,"parent":20463,"menu_order":0,"comment_status":"closed","ping_status":"closed","template":"","meta":{"_acf_changed":false,"inline_featured_image":false,"_monsterinsights_skip_tracking":false,"_monsterinsights_sitenote_active":false,"_monsterinsights_sitenote_note":"","_monsterinsights_sitenote_category":0,"footnotes":""},"categories":[1655],"tags":[],"class_list":["post-32568","page","type-page","status-publish","has-post-thumbnail","hentry","category-planine"],"acf":[],"yoast_head":"<!-- This site is optimized with the Yoast SEO plugin v23.8 - https:\/\/yoast.com\/wordpress\/plugins\/seo\/ -->\n<title>Kopaonik, sun\u010dana planina puna srebra - Serbia.com<\/title>\n<meta name=\"robots\" content=\"index, follow, max-snippet:-1, max-image-preview:large, max-video-preview:-1\" \/>\n<link rel=\"canonical\" href=\"https:\/\/serbia.com\/srpski\/posetite-srbiju\/prirodne-lepote\/planine\/kopaonik-suncana-planina-puna-srebra\/\" \/>\n<meta property=\"og:locale\" content=\"en_US\" \/>\n<meta property=\"og:type\" content=\"article\" \/>\n<meta property=\"og:title\" content=\"Kopaonik, sun\u010dana planina puna srebra - Serbia.com\" \/>\n<meta property=\"og:description\" content=\"Za\u0161ti\u0107eni nacionalni park, poznat i kao &#8220;Sun\u010dana planina&#8221;, Kopaonik je najpoznatije skijali\u0161te u regionu i stani\u0161te brojnih retkih vrsta. Kopaonik, udaljen 230 kilometara od Beograda, najve\u0107i je planinski masiv u [&hellip;]\" \/>\n<meta property=\"og:url\" content=\"https:\/\/serbia.com\/srpski\/posetite-srbiju\/prirodne-lepote\/planine\/kopaonik-suncana-planina-puna-srebra\/\" \/>\n<meta property=\"og:site_name\" content=\"Serbia.com\" \/>\n<meta property=\"article:modified_time\" content=\"2024-10-20T12:34:34+00:00\" \/>\n<meta property=\"og:image\" content=\"https:\/\/serbia.com\/wp-content\/uploads\/2016\/05\/Kopaonik-national-park-Serbia.jpg\" \/>\n\t<meta property=\"og:image:width\" content=\"1600\" \/>\n\t<meta property=\"og:image:height\" content=\"956\" \/>\n\t<meta property=\"og:image:type\" content=\"image\/jpeg\" \/>\n<meta name=\"twitter:label1\" content=\"Est. reading time\" \/>\n\t<meta name=\"twitter:data1\" content=\"3 minutes\" \/>\n<script type=\"application\/ld+json\" class=\"yoast-schema-graph\">{\"@context\":\"https:\/\/schema.org\",\"@graph\":[{\"@type\":\"WebPage\",\"@id\":\"https:\/\/serbia.com\/srpski\/posetite-srbiju\/prirodne-lepote\/planine\/kopaonik-suncana-planina-puna-srebra\/\",\"url\":\"https:\/\/serbia.com\/srpski\/posetite-srbiju\/prirodne-lepote\/planine\/kopaonik-suncana-planina-puna-srebra\/\",\"name\":\"Kopaonik, sun\u010dana planina puna srebra - Serbia.com\",\"isPartOf\":{\"@id\":\"https:\/\/serbia.com\/#website\"},\"primaryImageOfPage\":{\"@id\":\"https:\/\/serbia.com\/srpski\/posetite-srbiju\/prirodne-lepote\/planine\/kopaonik-suncana-planina-puna-srebra\/#primaryimage\"},\"image\":{\"@id\":\"https:\/\/serbia.com\/srpski\/posetite-srbiju\/prirodne-lepote\/planine\/kopaonik-suncana-planina-puna-srebra\/#primaryimage\"},\"thumbnailUrl\":\"https:\/\/serbia.com\/wp-content\/uploads\/2016\/05\/Kopaonik-national-park-Serbia.jpg\",\"datePublished\":\"2015-05-22T18:00:55+00:00\",\"dateModified\":\"2024-10-20T12:34:34+00:00\",\"breadcrumb\":{\"@id\":\"https:\/\/serbia.com\/srpski\/posetite-srbiju\/prirodne-lepote\/planine\/kopaonik-suncana-planina-puna-srebra\/#breadcrumb\"},\"inLanguage\":\"srpski\",\"potentialAction\":[{\"@type\":\"ReadAction\",\"target\":[\"https:\/\/serbia.com\/srpski\/posetite-srbiju\/prirodne-lepote\/planine\/kopaonik-suncana-planina-puna-srebra\/\"]}]},{\"@type\":\"ImageObject\",\"inLanguage\":\"srpski\",\"@id\":\"https:\/\/serbia.com\/srpski\/posetite-srbiju\/prirodne-lepote\/planine\/kopaonik-suncana-planina-puna-srebra\/#primaryimage\",\"url\":\"https:\/\/serbia.com\/wp-content\/uploads\/2016\/05\/Kopaonik-national-park-Serbia.jpg\",\"contentUrl\":\"https:\/\/serbia.com\/wp-content\/uploads\/2016\/05\/Kopaonik-national-park-Serbia.jpg\",\"width\":1600,\"height\":956},{\"@type\":\"BreadcrumbList\",\"@id\":\"https:\/\/serbia.com\/srpski\/posetite-srbiju\/prirodne-lepote\/planine\/kopaonik-suncana-planina-puna-srebra\/#breadcrumb\",\"itemListElement\":[{\"@type\":\"ListItem\",\"position\":1,\"name\":\"Home\",\"item\":\"https:\/\/serbia.com\/srpski\/\"},{\"@type\":\"ListItem\",\"position\":2,\"name\":\"Poseti Srbiju\",\"item\":\"https:\/\/serbia.com\/srpski\/posetite-srbiju\/\"},{\"@type\":\"ListItem\",\"position\":3,\"name\":\"Prirodne lepote\",\"item\":\"https:\/\/serbia.com\/srpski\/posetite-srbiju\/prirodne-lepote\/\"},{\"@type\":\"ListItem\",\"position\":4,\"name\":\"Planine\",\"item\":\"https:\/\/serbia.com\/srpski\/posetite-srbiju\/prirodne-lepote\/planine\/\"},{\"@type\":\"ListItem\",\"position\":5,\"name\":\"Kopaonik, sun\u010dana planina puna srebra\"}]},{\"@type\":\"WebSite\",\"@id\":\"https:\/\/serbia.com\/#website\",\"url\":\"https:\/\/serbia.com\/\",\"name\":\"Serbia.com\",\"description\":\"Your Gateway to Serbia\",\"potentialAction\":[{\"@type\":\"SearchAction\",\"target\":{\"@type\":\"EntryPoint\",\"urlTemplate\":\"https:\/\/serbia.com\/?s={search_term_string}\"},\"query-input\":{\"@type\":\"PropertyValueSpecification\",\"valueRequired\":true,\"valueName\":\"search_term_string\"}}],\"inLanguage\":\"srpski\"}]}<\/script>\n<!-- \/ Yoast SEO plugin. -->","yoast_head_json":{"title":"Kopaonik, sun\u010dana planina puna srebra - Serbia.com","robots":{"index":"index","follow":"follow","max-snippet":"max-snippet:-1","max-image-preview":"max-image-preview:large","max-video-preview":"max-video-preview:-1"},"canonical":"https:\/\/serbia.com\/srpski\/posetite-srbiju\/prirodne-lepote\/planine\/kopaonik-suncana-planina-puna-srebra\/","og_locale":"en_US","og_type":"article","og_title":"Kopaonik, sun\u010dana planina puna srebra - Serbia.com","og_description":"Za\u0161ti\u0107eni nacionalni park, poznat i kao &#8220;Sun\u010dana planina&#8221;, Kopaonik je najpoznatije skijali\u0161te u regionu i stani\u0161te brojnih retkih vrsta. Kopaonik, udaljen 230 kilometara od Beograda, najve\u0107i je planinski masiv u [&hellip;]","og_url":"https:\/\/serbia.com\/srpski\/posetite-srbiju\/prirodne-lepote\/planine\/kopaonik-suncana-planina-puna-srebra\/","og_site_name":"Serbia.com","article_modified_time":"2024-10-20T12:34:34+00:00","og_image":[{"width":1600,"height":956,"url":"https:\/\/serbia.com\/wp-content\/uploads\/2016\/05\/Kopaonik-national-park-Serbia.jpg","type":"image\/jpeg"}],"twitter_misc":{"Est. reading time":"3 minutes"},"schema":{"@context":"https:\/\/schema.org","@graph":[{"@type":"WebPage","@id":"https:\/\/serbia.com\/srpski\/posetite-srbiju\/prirodne-lepote\/planine\/kopaonik-suncana-planina-puna-srebra\/","url":"https:\/\/serbia.com\/srpski\/posetite-srbiju\/prirodne-lepote\/planine\/kopaonik-suncana-planina-puna-srebra\/","name":"Kopaonik, sun\u010dana planina puna srebra - Serbia.com","isPartOf":{"@id":"https:\/\/serbia.com\/#website"},"primaryImageOfPage":{"@id":"https:\/\/serbia.com\/srpski\/posetite-srbiju\/prirodne-lepote\/planine\/kopaonik-suncana-planina-puna-srebra\/#primaryimage"},"image":{"@id":"https:\/\/serbia.com\/srpski\/posetite-srbiju\/prirodne-lepote\/planine\/kopaonik-suncana-planina-puna-srebra\/#primaryimage"},"thumbnailUrl":"https:\/\/serbia.com\/wp-content\/uploads\/2016\/05\/Kopaonik-national-park-Serbia.jpg","datePublished":"2015-05-22T18:00:55+00:00","dateModified":"2024-10-20T12:34:34+00:00","breadcrumb":{"@id":"https:\/\/serbia.com\/srpski\/posetite-srbiju\/prirodne-lepote\/planine\/kopaonik-suncana-planina-puna-srebra\/#breadcrumb"},"inLanguage":"srpski","potentialAction":[{"@type":"ReadAction","target":["https:\/\/serbia.com\/srpski\/posetite-srbiju\/prirodne-lepote\/planine\/kopaonik-suncana-planina-puna-srebra\/"]}]},{"@type":"ImageObject","inLanguage":"srpski","@id":"https:\/\/serbia.com\/srpski\/posetite-srbiju\/prirodne-lepote\/planine\/kopaonik-suncana-planina-puna-srebra\/#primaryimage","url":"https:\/\/serbia.com\/wp-content\/uploads\/2016\/05\/Kopaonik-national-park-Serbia.jpg","contentUrl":"https:\/\/serbia.com\/wp-content\/uploads\/2016\/05\/Kopaonik-national-park-Serbia.jpg","width":1600,"height":956},{"@type":"BreadcrumbList","@id":"https:\/\/serbia.com\/srpski\/posetite-srbiju\/prirodne-lepote\/planine\/kopaonik-suncana-planina-puna-srebra\/#breadcrumb","itemListElement":[{"@type":"ListItem","position":1,"name":"Home","item":"https:\/\/serbia.com\/srpski\/"},{"@type":"ListItem","position":2,"name":"Poseti Srbiju","item":"https:\/\/serbia.com\/srpski\/posetite-srbiju\/"},{"@type":"ListItem","position":3,"name":"Prirodne lepote","item":"https:\/\/serbia.com\/srpski\/posetite-srbiju\/prirodne-lepote\/"},{"@type":"ListItem","position":4,"name":"Planine","item":"https:\/\/serbia.com\/srpski\/posetite-srbiju\/prirodne-lepote\/planine\/"},{"@type":"ListItem","position":5,"name":"Kopaonik, sun\u010dana planina puna srebra"}]},{"@type":"WebSite","@id":"https:\/\/serbia.com\/#website","url":"https:\/\/serbia.com\/","name":"Serbia.com","description":"Your Gateway to Serbia","potentialAction":[{"@type":"SearchAction","target":{"@type":"EntryPoint","urlTemplate":"https:\/\/serbia.com\/?s={search_term_string}"},"query-input":{"@type":"PropertyValueSpecification","valueRequired":true,"valueName":"search_term_string"}}],"inLanguage":"srpski"}]}},"_links":{"self":[{"href":"https:\/\/serbia.com\/srpski\/wp-json\/wp\/v2\/pages\/32568"}],"collection":[{"href":"https:\/\/serbia.com\/srpski\/wp-json\/wp\/v2\/pages"}],"about":[{"href":"https:\/\/serbia.com\/srpski\/wp-json\/wp\/v2\/types\/page"}],"author":[{"embeddable":true,"href":"https:\/\/serbia.com\/srpski\/wp-json\/wp\/v2\/users\/27"}],"replies":[{"embeddable":true,"href":"https:\/\/serbia.com\/srpski\/wp-json\/wp\/v2\/comments?post=32568"}],"version-history":[{"count":1,"href":"https:\/\/serbia.com\/srpski\/wp-json\/wp\/v2\/pages\/32568\/revisions"}],"predecessor-version":[{"id":55724,"href":"https:\/\/serbia.com\/srpski\/wp-json\/wp\/v2\/pages\/32568\/revisions\/55724"}],"up":[{"embeddable":true,"href":"https:\/\/serbia.com\/srpski\/wp-json\/wp\/v2\/pages\/20463"}],"wp:featuredmedia":[{"embeddable":true,"href":"https:\/\/serbia.com\/srpski\/wp-json\/wp\/v2\/media\/51321"}],"wp:attachment":[{"href":"https:\/\/serbia.com\/srpski\/wp-json\/wp\/v2\/media?parent=32568"}],"wp:term":[{"taxonomy":"category","embeddable":true,"href":"https:\/\/serbia.com\/srpski\/wp-json\/wp\/v2\/categories?post=32568"},{"taxonomy":"post_tag","embeddable":true,"href":"https:\/\/serbia.com\/srpski\/wp-json\/wp\/v2\/tags?post=32568"}],"curies":[{"name":"wp","href":"https:\/\/api.w.org\/{rel}","templated":true}]}}