{"id":32552,"date":"2015-05-22T14:34:29","date_gmt":"2015-05-22T12:34:29","guid":{"rendered":"http:\/\/www.serbia.com\/?page_id=32552"},"modified":"2024-10-20T14:33:36","modified_gmt":"2024-10-20T12:33:36","slug":"zlatibor-ukras-na-1-000-metara-visine","status":"publish","type":"page","link":"https:\/\/serbia.com\/srpski\/posetite-srbiju\/prirodne-lepote\/planine\/zlatibor-ukras-na-1-000-metara-visine\/","title":{"rendered":"Zlatibor, ukras na 1.000 metara visine"},"content":{"rendered":"<h4>Pored seoskog i sportskog turizma, Zlatibor se svojim prirodnim resursima nametnuo i kao jedan od centara zdravstvenog turizma<\/h4>\n<p>Legenda ka\u017ee da su za naziv Zlatibor zaslu\u017eni beli borovi sa \u017eutom \u010detinom, boje starog zlata, koji su nekada prekrivali prelepe talasaste padine. Od tih borova ostao je samo jedan primerak u selu Negbini kome je dato nau\u010dno ime &#8220;Pinus silvestris variegata Zlatiborika&#8221;.<\/p>\n<p><strong>Prvi stanovnici zlatiborskog kraja bili su Iliri tj. pleme Partini.<\/strong> Ostaci njihove kulture &#8211; ornamentalna keramika ukra\u0161ena karakteristi\u010dnim \u0161arama utisnutim u glinu pomo\u0107u nokta, prona\u0111eni su u pe\u0107inama i na strmim visovima gde su \u017eiveli. Tako\u0111e, ilirske grobnice na Zlatiboru otkrivene su na raznim lokacijama &#8211; <strong>Krivore\u010dka gradina<\/strong>, <strong>Kremna<\/strong>, <strong>Brane\u0161ko Polje<\/strong>&#8230;<\/p>\n<p>Posle Ilira, po\u010detkom na\u0161e ere, ovde dolaze Rimljani koji grade nova utvr\u0111enja i puteve, a ve\u0107ina nadgrobnih spomenika, koji datiraju iz 2. i 3. veka, nalazi se u selu <strong><a href=\"http:\/\/www.serbia.com\/srpski\/tarabici-iz-kremne-porodica-koja-je-predvidela-istoriju-srbije\/\" target=\"_blank\" rel=\"noopener\">Kremna<\/a><\/strong>. Posle 9. veka ove krajeve naseljavaju Sloveni, koji na Gradcu u Dobroselici grade utvr\u0111enje, \u010diji se ostaci bedema i danas vide. Oko 1180. godine <a title=\"Kako su se sreli Fridrih I Barbarosa i Stefan Nemanja?\" href=\"http:\/\/www.serbia.com\/srpski\/pomoc-nemackom-caru-2\/\">Stefan Nemanja<\/a> priklju\u010duje Zlatibor i <a href=\"http:\/\/www.serbia.com\/srpski\/24-sata-u-uzicu\/\" target=\"_blank\" rel=\"noopener\">U\u017eice<\/a> samostalnoj srpskoj dr\u017eavi.<\/p>\n<p><img loading=\"lazy\" decoding=\"async\" class=\"aligncenter wp-image-18925\" src=\"http:\/\/www.serbia.com\/wp-content\/uploads\/2012\/11\/Zlatibor_xxl_21376787.jpg\" alt=\"Zlatibor_xxl_21376787\" width=\"800\" height=\"534\" srcset=\"https:\/\/serbia.com\/wp-content\/uploads\/2012\/11\/Zlatibor_xxl_21376787.jpg 640w, https:\/\/serbia.com\/wp-content\/uploads\/2012\/11\/Zlatibor_xxl_21376787-300x200.jpg 300w\" sizes=\"(max-width: 800px) 100vw, 800px\" \/><\/p>\n<p>Zlatibor, koji sa svojih 1.000 metara nadmorske visine krasi zapadnu Srbiju, <strong>danas je jedan od najpose\u0107enijih planinskih centara.<\/strong> Prijatna klima obezbe\u0111uje da bude pose\u0107en tokom cele godine.<\/p>\n<p>Pored sportskog i seoskog turizma, podru\u010dje Zlatibora je posebno povoljno za <strong>zdravstveni turizam<\/strong>. Tokom zime ova planina postaje popularna destinacija za sve ljubitelje zimskih sportova.<\/p>\n<p>Pod turisti\u010dkim pojmom Zlatibora podrazumeva se prostrana visoravan duga 30 i \u0161iroka 12 kilometara, oivi\u010dena planinskim visovima <strong>Gradinom<\/strong>,<strong> Crnim vrhom<\/strong>, <strong>\u010cigotom<\/strong>, <strong>Murtenicom<\/strong>, <strong>Tornikom<\/strong>, <strong>\u010cavlovcem<\/strong>, <strong>Vijogorom<\/strong> i gornjim tokom reke Su\u0161ice.<\/p>\n<p>Zlatibor presecaju tokovi reka <strong>Crni i Veliki Rzav<\/strong>, kao i <a title=\"Uvac, remek-delo prirode\" href=\"http:\/\/www.serbia.com\/srpski\/posetite-srbiju\/prirodne-lepote\/jedinstvena-priroda\/uvac-remek-delo-prirode\/\" target=\"_blank\" rel=\"noopener\"><strong>reke Uvac<\/strong><\/a> koja te\u010de ju\u017enim delom Zlatibora usecaju\u0107i prelepe kanjone. Ove reke i dva ve\u0161ta\u010dka jezera bogata su ribom tako da je ovde razvijen i ribolov. Zlatibor je bogat i izvorima prirodne mineralne vode, a jedan od njih je <strong>banja Vapa<\/strong> kod sela Rozanstva.<\/p>\n<p>Tokom toplijeg perioda godine organizuju se \u0161kole paraglajdinga i letenja zmajem, \u0161kola tenisa i ko\u0161arke. Pri poseti Zlatiboru nezaobilazna je i vo\u017enja vozom, <strong>\u010duvenom &#8220;<a href=\"http:\/\/www.serbia.com\/srpski\/sarganska-osmica-romanticna-voznja-kroz-proslost\/\" target=\"_blank\" rel=\"noopener\">\u0160arganskom osmicom<\/a>&#8220;<\/strong>.<\/p>\n<p>Danas ova trasa obuhvata obnovljeni deo \u017eeleznice izme\u0111u \u0160argana i <a title=\"Mokra Gora, inspiracija umetnosti i stvarala\u0161tva\" href=\"http:\/\/www.serbia.com\/srpski\/posetite-srbiju\/prirodne-lepote\/planine\/mokra-gora-inspiracija-umetnosti-i-stvaralastva\/\" target=\"_blank\" rel=\"noopener\"><strong>Mokre Gore<\/strong><\/a>. Trasa pravi oblik osmice, pa otuda i ime &#8220;\u0160arganska osmica&#8221;. Stoga ukoliko se na\u0111ete u blizini ne smete propustiti vo\u017enju starom parnom lokomotivom.<\/p>\n<p>Na Zlatiboru se odr\u017eavaju i brojne manifestacije. <strong>Sabor truba\u010da<\/strong> i <strong>smotra narodnog stvarala\u0161tva<\/strong> najpose\u0107eniji je doga\u0111aj, odr\u017eava se krajem jula i okuplja orkestre i kulturno-umetni\u010dka dru\u0161tva koja neguju izvorno narodno stvarala\u0161tvo. Ovde se organizuje i godi\u0161nji <strong>Sabor lovaca<\/strong>, a <strong>&#8220;hajka na vuka&#8221;<\/strong> je najzna\u010dajniji deo te manifestacije koja se odr\u017eava krajem februara i na koju dolaze ljubitelji lova iz celog regiona.<\/p>\n<p>Tako\u0111e, omiljena zlatiborska manifestacija je i <strong>&#8220;Pr\u0161utijada&#8221;<\/strong> koju organizuju proizvo\u0111a\u010di suhomesnatih proizvoda iz Zlatiborskog regiona, koji \u010duvaju autenti\u010dnu tehnologiju proizvodnje mesa.<\/p>\n<p>Kada se na\u0111ete na Zlatiboru, ne propustite priliku da odsednete u hotelu &#8220;Palisad&#8221; koji \u0107e svojom svestranom ponudom zadovoljiti i najzahtevnije posetioce.<\/p>\n<figure id=\"attachment_18926\" aria-describedby=\"caption-attachment-18926\" style=\"width: 800px\" class=\"wp-caption aligncenter\"><img loading=\"lazy\" decoding=\"async\" class=\"wp-image-18926\" src=\"http:\/\/www.serbia.com\/wp-content\/uploads\/2012\/11\/Gostije-vodopad-Zlatibo_30068276.jpg\" alt=\"Gostije vodopad, Zlatibo_30068276\" width=\"800\" height=\"531\" srcset=\"https:\/\/serbia.com\/wp-content\/uploads\/2012\/11\/Gostije-vodopad-Zlatibo_30068276.jpg 640w, https:\/\/serbia.com\/wp-content\/uploads\/2012\/11\/Gostije-vodopad-Zlatibo_30068276-300x199.jpg 300w\" sizes=\"(max-width: 800px) 100vw, 800px\" \/><figcaption id=\"caption-attachment-18926\" class=\"wp-caption-text\">Vodopad Gostilje na Zlatiboru<\/figcaption><\/figure>\n<h4>Kako do\u0107i na planinu zlatnih borova?<\/h4>\n<p>Do Zlatibora se mo\u017ee do\u0107i vozom, autobusom i sopstvenim prevozom.<\/p>\n<p>Ukoliko se odlu\u010dite da putujete vozom, on \u0107e vas odvesti do <strong><a href=\"http:\/\/www.serbia.com\/srpski\/24-sata-u-uzicu\/\" target=\"_blank\" rel=\"noopener\">U\u017eica<\/a><\/strong>, koje se nalazi na udaljenosti od 25 km od Zlatibora. Iz ovog grada mo\u017eete uzeti lokalni autobus do va\u0161eg odredi\u0161ta.<\/p>\n<p>Drumskim saobra\u0107ajem se iz <a title=\"Beograd\" href=\"http:\/\/www.serbia.com\/srpski\/posetite-srbiju\/gradovi\/beograd\/\">Beograda<\/a> do Zlatibora sti\u017ee magistralnim putem za Crnu Goru, a potrebno je pre\u0107i 220 km. Iz svih ve\u0107ih gradova Srbije, postoje redovne autobuske linije ka Zlatiboru, a iz Beograda autobusi polaze na svakih pola sata do sat vremena.<\/p>\n<h4>Kada ste ve\u0107 ovde, ne propustite&#8230;<\/h4>\n<p><a title=\"\u010carobno selo Drvengrad\" href=\"http:\/\/www.serbia.com\/srpski\/posetite-srbiju\/prirodne-lepote\/etno-sela\/carobno-selo-drvengrad\/\" target=\"_blank\" rel=\"noopener\"><strong>Drvengrad<\/strong><\/a>\u00a0&#8211; jedinstveno etno-selo na<strong> Me\u0107avniku<\/strong>, izgra\u0111eno po zamisli poznatog filmskog reditelja <a title=\"Emir Kusturica, umetnik, graditelj i antiglobalista\" href=\"http:\/\/www.serbia.com\/srpski\/emir-kusturica-umetnik-graditelj-i-antiglobalista-2\/\"><strong>Emira Kusturice<\/strong><\/a>.<\/p>\n<p>Ukoliko planinu posetite u prvoj polovini avgusta, ne propustite <a title=\"Gu\u010da, festival trube i dobrog provoda\" href=\"http:\/\/www.serbia.com\/srpski\/posetite-srbiju\/kulturne-atrakcije\/festivali-i-manifestacije\/guca-festival-trube-i-dobrog-provoda\/\" target=\"_blank\" rel=\"noopener\"><strong>Sabor truba\u010da u Gu\u010di<\/strong><\/a>, udaljenoj 43 km od ove planine. Ovo je jedan od najve\u0107ih festivala Srbije, posve\u0107en trubi.<\/p>\n<p>Obavezno probajte <a title=\"Kajmak, nezamenljivo dobar\" href=\"http:\/\/www.serbia.com\/srpski\/kajmak-nezamenljivo-dobar-3\/\"><strong>kajmak<\/strong><\/a>, <strong>sir<\/strong> i <strong>pr\u0161utu<\/strong>, ali i specijalitet <a title=\"Tradicionalna kuhinja\" href=\"http:\/\/www.serbia.com\/srpski\/o-srbiji\/tradicionalna-kuhinja\/\" target=\"_blank\" rel=\"noopener\"><strong>srpske tradicionalne kuhinje<\/strong><\/a> i u\u017ei\u010dkog kraja <strong>&#8220;<a href=\"http:\/\/www.serbia.com\/srpski\/njeno-visocanstvo-komplet-lepinja\/\" target=\"_blank\" rel=\"noopener\">komplet lepinju<\/a>&#8220;<\/strong>.<\/p>\n<p>zlatibor.org.rs<\/p>\n","protected":false},"excerpt":{"rendered":"<p>Pored seoskog i sportskog turizma, Zlatibor se svojim prirodnim resursima nametnuo i kao jedan od centara zdravstvenog turizma Legenda ka\u017ee da su za naziv Zlatibor zaslu\u017eni beli borovi sa \u017eutom [&hellip;]<\/p>\n","protected":false},"author":27,"featured_media":32548,"parent":20463,"menu_order":0,"comment_status":"closed","ping_status":"closed","template":"","meta":{"_acf_changed":false,"inline_featured_image":false,"_monsterinsights_skip_tracking":false,"_monsterinsights_sitenote_active":false,"_monsterinsights_sitenote_note":"","_monsterinsights_sitenote_category":0,"footnotes":""},"categories":[1655],"tags":[],"class_list":["post-32552","page","type-page","status-publish","has-post-thumbnail","hentry","category-planine"],"acf":[],"yoast_head":"<!-- This site is optimized with the Yoast SEO plugin v23.8 - https:\/\/yoast.com\/wordpress\/plugins\/seo\/ -->\n<title>Zlatibor, ukras na 1.000 metara visine - Serbia.com<\/title>\n<meta name=\"robots\" content=\"index, follow, max-snippet:-1, max-image-preview:large, max-video-preview:-1\" \/>\n<link rel=\"canonical\" href=\"https:\/\/serbia.com\/srpski\/posetite-srbiju\/prirodne-lepote\/planine\/zlatibor-ukras-na-1-000-metara-visine\/\" \/>\n<meta property=\"og:locale\" content=\"en_US\" \/>\n<meta property=\"og:type\" content=\"article\" \/>\n<meta property=\"og:title\" content=\"Zlatibor, ukras na 1.000 metara visine - Serbia.com\" \/>\n<meta property=\"og:description\" content=\"Pored seoskog i sportskog turizma, Zlatibor se svojim prirodnim resursima nametnuo i kao jedan od centara zdravstvenog turizma Legenda ka\u017ee da su za naziv Zlatibor zaslu\u017eni beli borovi sa \u017eutom [&hellip;]\" \/>\n<meta property=\"og:url\" content=\"https:\/\/serbia.com\/srpski\/posetite-srbiju\/prirodne-lepote\/planine\/zlatibor-ukras-na-1-000-metara-visine\/\" \/>\n<meta property=\"og:site_name\" content=\"Serbia.com\" \/>\n<meta property=\"article:modified_time\" content=\"2024-10-20T12:33:36+00:00\" \/>\n<meta property=\"og:image\" content=\"https:\/\/serbia.com\/wp-content\/uploads\/2015\/05\/zlatibor333.jpg\" \/>\n\t<meta property=\"og:image:width\" content=\"1600\" \/>\n\t<meta property=\"og:image:height\" content=\"615\" \/>\n\t<meta property=\"og:image:type\" content=\"image\/jpeg\" \/>\n<meta name=\"twitter:label1\" content=\"Est. reading time\" \/>\n\t<meta name=\"twitter:data1\" content=\"4 minutes\" \/>\n<script type=\"application\/ld+json\" class=\"yoast-schema-graph\">{\"@context\":\"https:\/\/schema.org\",\"@graph\":[{\"@type\":\"WebPage\",\"@id\":\"https:\/\/serbia.com\/srpski\/posetite-srbiju\/prirodne-lepote\/planine\/zlatibor-ukras-na-1-000-metara-visine\/\",\"url\":\"https:\/\/serbia.com\/srpski\/posetite-srbiju\/prirodne-lepote\/planine\/zlatibor-ukras-na-1-000-metara-visine\/\",\"name\":\"Zlatibor, ukras na 1.000 metara visine - Serbia.com\",\"isPartOf\":{\"@id\":\"https:\/\/serbia.com\/#website\"},\"primaryImageOfPage\":{\"@id\":\"https:\/\/serbia.com\/srpski\/posetite-srbiju\/prirodne-lepote\/planine\/zlatibor-ukras-na-1-000-metara-visine\/#primaryimage\"},\"image\":{\"@id\":\"https:\/\/serbia.com\/srpski\/posetite-srbiju\/prirodne-lepote\/planine\/zlatibor-ukras-na-1-000-metara-visine\/#primaryimage\"},\"thumbnailUrl\":\"https:\/\/serbia.com\/wp-content\/uploads\/2015\/05\/zlatibor333.jpg\",\"datePublished\":\"2015-05-22T12:34:29+00:00\",\"dateModified\":\"2024-10-20T12:33:36+00:00\",\"breadcrumb\":{\"@id\":\"https:\/\/serbia.com\/srpski\/posetite-srbiju\/prirodne-lepote\/planine\/zlatibor-ukras-na-1-000-metara-visine\/#breadcrumb\"},\"inLanguage\":\"srpski\",\"potentialAction\":[{\"@type\":\"ReadAction\",\"target\":[\"https:\/\/serbia.com\/srpski\/posetite-srbiju\/prirodne-lepote\/planine\/zlatibor-ukras-na-1-000-metara-visine\/\"]}]},{\"@type\":\"ImageObject\",\"inLanguage\":\"srpski\",\"@id\":\"https:\/\/serbia.com\/srpski\/posetite-srbiju\/prirodne-lepote\/planine\/zlatibor-ukras-na-1-000-metara-visine\/#primaryimage\",\"url\":\"https:\/\/serbia.com\/wp-content\/uploads\/2015\/05\/zlatibor333.jpg\",\"contentUrl\":\"https:\/\/serbia.com\/wp-content\/uploads\/2015\/05\/zlatibor333.jpg\",\"width\":1600,\"height\":615},{\"@type\":\"BreadcrumbList\",\"@id\":\"https:\/\/serbia.com\/srpski\/posetite-srbiju\/prirodne-lepote\/planine\/zlatibor-ukras-na-1-000-metara-visine\/#breadcrumb\",\"itemListElement\":[{\"@type\":\"ListItem\",\"position\":1,\"name\":\"Home\",\"item\":\"https:\/\/serbia.com\/srpski\/\"},{\"@type\":\"ListItem\",\"position\":2,\"name\":\"Poseti Srbiju\",\"item\":\"https:\/\/serbia.com\/srpski\/posetite-srbiju\/\"},{\"@type\":\"ListItem\",\"position\":3,\"name\":\"Prirodne lepote\",\"item\":\"https:\/\/serbia.com\/srpski\/posetite-srbiju\/prirodne-lepote\/\"},{\"@type\":\"ListItem\",\"position\":4,\"name\":\"Planine\",\"item\":\"https:\/\/serbia.com\/srpski\/posetite-srbiju\/prirodne-lepote\/planine\/\"},{\"@type\":\"ListItem\",\"position\":5,\"name\":\"Zlatibor, ukras na 1.000 metara visine\"}]},{\"@type\":\"WebSite\",\"@id\":\"https:\/\/serbia.com\/#website\",\"url\":\"https:\/\/serbia.com\/\",\"name\":\"Serbia.com\",\"description\":\"Your Gateway to Serbia\",\"potentialAction\":[{\"@type\":\"SearchAction\",\"target\":{\"@type\":\"EntryPoint\",\"urlTemplate\":\"https:\/\/serbia.com\/?s={search_term_string}\"},\"query-input\":{\"@type\":\"PropertyValueSpecification\",\"valueRequired\":true,\"valueName\":\"search_term_string\"}}],\"inLanguage\":\"srpski\"}]}<\/script>\n<!-- \/ Yoast SEO plugin. -->","yoast_head_json":{"title":"Zlatibor, ukras na 1.000 metara visine - Serbia.com","robots":{"index":"index","follow":"follow","max-snippet":"max-snippet:-1","max-image-preview":"max-image-preview:large","max-video-preview":"max-video-preview:-1"},"canonical":"https:\/\/serbia.com\/srpski\/posetite-srbiju\/prirodne-lepote\/planine\/zlatibor-ukras-na-1-000-metara-visine\/","og_locale":"en_US","og_type":"article","og_title":"Zlatibor, ukras na 1.000 metara visine - Serbia.com","og_description":"Pored seoskog i sportskog turizma, Zlatibor se svojim prirodnim resursima nametnuo i kao jedan od centara zdravstvenog turizma Legenda ka\u017ee da su za naziv Zlatibor zaslu\u017eni beli borovi sa \u017eutom [&hellip;]","og_url":"https:\/\/serbia.com\/srpski\/posetite-srbiju\/prirodne-lepote\/planine\/zlatibor-ukras-na-1-000-metara-visine\/","og_site_name":"Serbia.com","article_modified_time":"2024-10-20T12:33:36+00:00","og_image":[{"width":1600,"height":615,"url":"https:\/\/serbia.com\/wp-content\/uploads\/2015\/05\/zlatibor333.jpg","type":"image\/jpeg"}],"twitter_misc":{"Est. reading time":"4 minutes"},"schema":{"@context":"https:\/\/schema.org","@graph":[{"@type":"WebPage","@id":"https:\/\/serbia.com\/srpski\/posetite-srbiju\/prirodne-lepote\/planine\/zlatibor-ukras-na-1-000-metara-visine\/","url":"https:\/\/serbia.com\/srpski\/posetite-srbiju\/prirodne-lepote\/planine\/zlatibor-ukras-na-1-000-metara-visine\/","name":"Zlatibor, ukras na 1.000 metara visine - Serbia.com","isPartOf":{"@id":"https:\/\/serbia.com\/#website"},"primaryImageOfPage":{"@id":"https:\/\/serbia.com\/srpski\/posetite-srbiju\/prirodne-lepote\/planine\/zlatibor-ukras-na-1-000-metara-visine\/#primaryimage"},"image":{"@id":"https:\/\/serbia.com\/srpski\/posetite-srbiju\/prirodne-lepote\/planine\/zlatibor-ukras-na-1-000-metara-visine\/#primaryimage"},"thumbnailUrl":"https:\/\/serbia.com\/wp-content\/uploads\/2015\/05\/zlatibor333.jpg","datePublished":"2015-05-22T12:34:29+00:00","dateModified":"2024-10-20T12:33:36+00:00","breadcrumb":{"@id":"https:\/\/serbia.com\/srpski\/posetite-srbiju\/prirodne-lepote\/planine\/zlatibor-ukras-na-1-000-metara-visine\/#breadcrumb"},"inLanguage":"srpski","potentialAction":[{"@type":"ReadAction","target":["https:\/\/serbia.com\/srpski\/posetite-srbiju\/prirodne-lepote\/planine\/zlatibor-ukras-na-1-000-metara-visine\/"]}]},{"@type":"ImageObject","inLanguage":"srpski","@id":"https:\/\/serbia.com\/srpski\/posetite-srbiju\/prirodne-lepote\/planine\/zlatibor-ukras-na-1-000-metara-visine\/#primaryimage","url":"https:\/\/serbia.com\/wp-content\/uploads\/2015\/05\/zlatibor333.jpg","contentUrl":"https:\/\/serbia.com\/wp-content\/uploads\/2015\/05\/zlatibor333.jpg","width":1600,"height":615},{"@type":"BreadcrumbList","@id":"https:\/\/serbia.com\/srpski\/posetite-srbiju\/prirodne-lepote\/planine\/zlatibor-ukras-na-1-000-metara-visine\/#breadcrumb","itemListElement":[{"@type":"ListItem","position":1,"name":"Home","item":"https:\/\/serbia.com\/srpski\/"},{"@type":"ListItem","position":2,"name":"Poseti Srbiju","item":"https:\/\/serbia.com\/srpski\/posetite-srbiju\/"},{"@type":"ListItem","position":3,"name":"Prirodne lepote","item":"https:\/\/serbia.com\/srpski\/posetite-srbiju\/prirodne-lepote\/"},{"@type":"ListItem","position":4,"name":"Planine","item":"https:\/\/serbia.com\/srpski\/posetite-srbiju\/prirodne-lepote\/planine\/"},{"@type":"ListItem","position":5,"name":"Zlatibor, ukras na 1.000 metara visine"}]},{"@type":"WebSite","@id":"https:\/\/serbia.com\/#website","url":"https:\/\/serbia.com\/","name":"Serbia.com","description":"Your Gateway to Serbia","potentialAction":[{"@type":"SearchAction","target":{"@type":"EntryPoint","urlTemplate":"https:\/\/serbia.com\/?s={search_term_string}"},"query-input":{"@type":"PropertyValueSpecification","valueRequired":true,"valueName":"search_term_string"}}],"inLanguage":"srpski"}]}},"_links":{"self":[{"href":"https:\/\/serbia.com\/srpski\/wp-json\/wp\/v2\/pages\/32552"}],"collection":[{"href":"https:\/\/serbia.com\/srpski\/wp-json\/wp\/v2\/pages"}],"about":[{"href":"https:\/\/serbia.com\/srpski\/wp-json\/wp\/v2\/types\/page"}],"author":[{"embeddable":true,"href":"https:\/\/serbia.com\/srpski\/wp-json\/wp\/v2\/users\/27"}],"replies":[{"embeddable":true,"href":"https:\/\/serbia.com\/srpski\/wp-json\/wp\/v2\/comments?post=32552"}],"version-history":[{"count":1,"href":"https:\/\/serbia.com\/srpski\/wp-json\/wp\/v2\/pages\/32552\/revisions"}],"predecessor-version":[{"id":55723,"href":"https:\/\/serbia.com\/srpski\/wp-json\/wp\/v2\/pages\/32552\/revisions\/55723"}],"up":[{"embeddable":true,"href":"https:\/\/serbia.com\/srpski\/wp-json\/wp\/v2\/pages\/20463"}],"wp:featuredmedia":[{"embeddable":true,"href":"https:\/\/serbia.com\/srpski\/wp-json\/wp\/v2\/media\/32548"}],"wp:attachment":[{"href":"https:\/\/serbia.com\/srpski\/wp-json\/wp\/v2\/media?parent=32552"}],"wp:term":[{"taxonomy":"category","embeddable":true,"href":"https:\/\/serbia.com\/srpski\/wp-json\/wp\/v2\/categories?post=32552"},{"taxonomy":"post_tag","embeddable":true,"href":"https:\/\/serbia.com\/srpski\/wp-json\/wp\/v2\/tags?post=32552"}],"curies":[{"name":"wp","href":"https:\/\/api.w.org\/{rel}","templated":true}]}}