{"id":32531,"date":"2015-05-22T13:28:15","date_gmt":"2015-05-22T11:28:15","guid":{"rendered":"http:\/\/www.serbia.com\/?page_id=32531"},"modified":"2025-10-08T16:16:21","modified_gmt":"2025-10-08T14:16:21","slug":"latkovac-magija-u-srcu-srbije","status":"publish","type":"page","link":"https:\/\/serbia.com\/srpski\/posetite-srbiju\/prirodne-lepote\/etno-sela\/latkovac-magija-u-srcu-srbije\/","title":{"rendered":"Latkovac, magija u srcu Srbije"},"content":{"rendered":"<h4>Bajkovito etno selo Latkovac \u010dine \u010detiri stare ku\u0107e, izgra\u0111ene od blata, slame i greda, od kojih najstarija ima oko 200 godina i nekada je bila sudnica.<\/h4>\n<p>Priliku da u\u017eivate u nekada\u0161njoj sudnici ili u zatvoru imate retko gde na planeti. Zato iskoristite ponudu i priu\u0161tite sebi takav do\u017eivljaj u bajkovito lepom etno selu Latkovac kod <strong>Aleksandrovca<\/strong>.<\/p>\n<p>Takvo selo izniklo je na vi\u0161e od dva veka starom ognji\u0161tu predaka porodice Kne\u017eevi\u0107, a sastoji se od <strong>\u010detiri ku\u0107e stare vi\u0161e od jednog veka koje su izgra\u0111ene od blata, slame i greda.<\/strong> Jedna od tih ku\u0107a, stara oko 200 godina, upravo je sudnica s po\u010detka pri\u010de, koja je po\u010detkom 20. veka pre\u0161la u privatno vlasni\u0161tvo.<\/p>\n<p>Samo selo Latkovac bilo je poznato pre skoro 500 godina, u vreme vladavine Turaka na ovim prostorima i zapisano u turskim defterima iz 16. veka gde se pominje kao Vlatkovac.<\/p>\n<p>U to vreme bilo je toliko malo da je ogra\u0111eno jednom ogradom, ali su dobar geografski polo\u017eaj i udaljenost od puteva uticali da bude neprestano naseljeno.<\/p>\n<p>Njegovi me\u0161tani bili su veoma cenjeni i poznati vinari, poljoprivrednici i zanatlije, a taj kraj Srbije i danas je poznat po proizvodnji vrhunskih vina. Veliki broj vinarija i vinskih podruma nude i danas svim posetiocima posebnu<strong> &#8220;vinsku avanturu&#8221;<\/strong> uz degustaciju vina i <a title=\"Mitovi i legende: Me\u0161avina tradicija\" href=\"http:\/\/www.serbia.com\/srpski\/mitovi-i-legende-mesavina-tradicija-2\/\">mitove i legende<\/a> o vilama i slovenskim bogovima.<\/p>\n<p>Etno selo Latkovac se nalazi u samom srcu Srbije, na udaljenosti od 220 kilometara od <a title=\"Beograd\" href=\"http:\/\/www.serbia.com\/srpski\/posetite-srbiju\/gradovi\/beograd\/\" target=\"_blank\" rel=\"noopener\">Beograda<\/a>, u podno\u017eju planina <a title=\"Kopaonik, sun\u010dana planina puna srebra\" href=\"http:\/\/www.serbia.com\/srpski\/posetite-srbiju\/prirodne-lepote\/planine\/kopaonik-suncana-planina-puna-srebra\/\" target=\"_blank\" rel=\"noopener\"><strong>Kopaonik<\/strong><\/a>, <strong><a href=\"http:\/\/www.serbia.com\/srpski\/37789\/\" target=\"_blank\" rel=\"noopener\">Go\u010d<\/a><\/strong> i <strong>\u017deljin<\/strong> na nadmorskoj visini od 430 metara.<\/p>\n<p>Pored \u010detiri ku\u0107e, stare sudnice i jo\u0161 tri zgrade izgra\u0111ene po\u010detkom 20. veka, u njemu se nalaze jo\u0161 i \u0161tala i stari ambar. Tri ku\u0107e okre\u010dene su jarkim bojama: plavom, crvenom i zelenom, a u nekada\u0161njem <strong>vinskom podrumu<\/strong>, a potom zgradi suda i zatvora nalazi se prostrana trpezarija.<\/p>\n<p>Osim bogatom istorijom i mno\u0161tvom legendi, selo se kao jedinstveno mesto name\u0107e i svojom <strong>netaknutom prirodom, \u010distom planinskom vodom, sve\u017eim vazduhom, doma\u0107om hranom i vinima<\/strong>. U blizini se nalaze \u010detiri arheolo\u0161ka nalazi\u0161ta <a href=\"https:\/\/serbia.com\/srpski\/tvrdava-koznik-slikovito-putovanje-kroz-srpsku-proslost\/\"><strong>starog grada Koznika<\/strong><\/a>, koja boravak mogu da u\u010dine jo\u0161 zanimljivijim.<\/p>\n<p>Posetioci etno sela Latkovac mogu da se oprobaju i u nekim od <a title=\"Stari zanati, ve\u0161tine majstora iz davnina\" href=\"http:\/\/www.serbia.com\/srpski\/stari-zanati-vestine-majstora-iz-davnina-2\/\"><strong>starih zanata<\/strong><\/a> ili da, na zadovoljstvo doma\u0107ina, u\u010destvuju u seoskim poslovima. Tako\u0111e, u tom selu se organizuju i razne radionice slikarstva, etno muzike, kaligrafije, keramike, istorije, arheologije i starih zanata (tkanja, vezenja, \u0161trikanja, \u0161ivenja, predenja vune, korparstva, kova\u0161tva, stolarstva, kazand\u017eijstva \u2026)<\/p>\n<p>U etno du\u0107anu sela Latkovac, kao uspomenu na \u010darobne do\u017eivljaje, posetioci mogu kupiti <a title=\"Suveniri iz Srbije, poklon od srca\" href=\"http:\/\/www.serbia.com\/srpski\/suveniri-iz-srbije-poklon-od-srca\/\"><strong>suvenire<\/strong><\/a> \u010diji je prihod namenjen projektima i aktivnostima Dru\u0161tva za mentalno nedovoljno razvijene osobe iz Aleksandrovca, a koje izra\u0111uju deca iz tog udru\u017eenja.<\/p>\n<p>Tako\u0111e, mogu pazariti i rukotvorine \u017eena iz etno mre\u017ee &#8220;Rasina&#8221; iz Kru\u0161evca, kao i proizvode <a title=\"Tradicionalna kuhinja\" href=\"http:\/\/www.serbia.com\/srpski\/o-srbiji\/tradicionalna-kuhinja\/\"><strong>srpske tradicionalne kuhinje<\/strong><\/a> etno sela Latkovac (slatko, d\u017eem, pekmez, ajvar, tur\u0161iju &#8230;)<\/p>\n<h4>Gde se nalazi etno selo Latkovac i kako do njega sti\u0107i?<\/h4>\n<p>Ako se uputite pravac etno sela Latkovac u op\u0161tini Aleksandrovac mo\u017eete se opredeliti za udobnost sopstvenog prevoza ili za autobuski prevoz ukoliko \u017eelite da se opustite tokom putovanja.<\/p>\n<p>Iz pravca Beograda do Aleksandrovca i Latkovca najbr\u017ee se dolazi putem preko <a href=\"http:\/\/www.serbia.com\/srpski\/24h-u-jagodini\/\" target=\"_blank\" rel=\"noopener\">Jagodine<\/a>, <a href=\"https:\/\/serbia.com\/srpski\/cuprija-gde-mostovi-spajaju-istoriju-prirodu-i-kulturu\/\">\u0106uprije<\/a>, <a href=\"https:\/\/serbia.com\/srpski\/otkrijte-paracin-skriveni-dragulj-srbije\/\">Para\u0107ina<\/a> i <a href=\"http:\/\/www.serbia.com\/srpski\/posetite-srbiju\/gradovi\/krusevac-grad-kneza-lazara-okruzen-drevnim-manastirima\/\" target=\"_blank\" rel=\"noopener\">Kru\u0161evca<\/a>.<\/p>\n<p>Tako\u0111e, do Latkovca je mogu\u0107e do\u0107i i regionalnim putevima iz pravca <a title=\"Ni\u0161\" href=\"http:\/\/www.serbia.com\/srpski\/posetite-srbiju\/gradovi\/nis\/\" target=\"_blank\" rel=\"noopener\">Ni\u0161a<\/a> i Prokuplja, Brusa i Kopaonika, <a title=\"Kraljevo, grad sedam kraljeva\" href=\"http:\/\/www.serbia.com\/srpski\/posetite-srbiju\/gradovi\/kraljevo-grad-sedam-kraljeva\/\" target=\"_blank\" rel=\"noopener\">Kraljeva<\/a>\u2026<\/p>\n<p>Etno selo nalazi se na putu koji vodi iz Aleksandrovca u pravcu Ko\u017eetina.<\/p>\n<h4>Kada ste ve\u0107 ovde, ne propustite&#8230;<\/h4>\n<p>\u010ca\u0161icu najboljeg \u0161to vinari<strong> \u017dupe<\/strong> mogu da ponude iz suncem okupanih <strong>\u017eupskih vinograda<\/strong>. Ukoliko se na\u0111ete u Latkovcu polovinom septembra meseca nezaobilazna je manifestacija<strong> \u201e\u017dupska Berba\u201f<\/strong>, a tom prilikom se u selu odr\u017eava i poseban program.<\/p>\n<p>Nakon odmora i u\u017eivanja u specijalitetima doma\u0107e kuhinje u etno selu uputite se pravac <strong><a href=\"http:\/\/www.serbia.com\/srpski\/posetite-srbiju\/prirodne-lepote\/planine\/kopaonik-suncana-planina-puna-srebra\/\" target=\"_blank\" rel=\"noopener\">Kopaonika<\/a><\/strong>, <strong><a href=\"http:\/\/www.serbia.com\/srpski\/37789\/\" target=\"_blank\" rel=\"noopener\">Go\u010da<\/a><\/strong> ili <strong>\u017deljina<\/strong> gde vas o\u010dekuje prava planinska idila.<\/p>\n<p>Ako pak \u017eelite da u\u017eivate u blagodetima mineralnih izvora i lekovitim kurama posetite <strong>Jo\u0161ani\u010dku banju<\/strong> koja se nalazi na svega 42 kilometra od Latkovca.<\/p>\n","protected":false},"excerpt":{"rendered":"<p>Bajkovito etno selo Latkovac \u010dine \u010detiri stare ku\u0107e, izgra\u0111ene od blata, slame i greda, od kojih najstarija ima oko 200 godina i nekada je bila sudnica. Priliku da u\u017eivate u [&hellip;]<\/p>\n","protected":false},"author":27,"featured_media":32363,"parent":20929,"menu_order":0,"comment_status":"closed","ping_status":"closed","template":"","meta":{"_acf_changed":false,"inline_featured_image":false,"_monsterinsights_skip_tracking":false,"_monsterinsights_sitenote_active":false,"_monsterinsights_sitenote_note":"","_monsterinsights_sitenote_category":0,"footnotes":""},"categories":[1673],"tags":[],"class_list":["post-32531","page","type-page","status-publish","has-post-thumbnail","hentry","category-etno-sela"],"acf":[],"yoast_head":"<!-- This site is optimized with the Yoast SEO plugin v23.8 - https:\/\/yoast.com\/wordpress\/plugins\/seo\/ -->\n<title>Latkovac, magija u srcu Srbije - Serbia.com<\/title>\n<meta name=\"robots\" content=\"index, follow, max-snippet:-1, max-image-preview:large, max-video-preview:-1\" \/>\n<link rel=\"canonical\" href=\"https:\/\/serbia.com\/srpski\/posetite-srbiju\/prirodne-lepote\/etno-sela\/latkovac-magija-u-srcu-srbije\/\" \/>\n<meta property=\"og:locale\" content=\"en_US\" \/>\n<meta property=\"og:type\" content=\"article\" \/>\n<meta property=\"og:title\" content=\"Latkovac, magija u srcu Srbije - Serbia.com\" \/>\n<meta property=\"og:description\" content=\"Bajkovito etno selo Latkovac \u010dine \u010detiri stare ku\u0107e, izgra\u0111ene od blata, slame i greda, od kojih najstarija ima oko 200 godina i nekada je bila sudnica. Priliku da u\u017eivate u [&hellip;]\" \/>\n<meta property=\"og:url\" content=\"https:\/\/serbia.com\/srpski\/posetite-srbiju\/prirodne-lepote\/etno-sela\/latkovac-magija-u-srcu-srbije\/\" \/>\n<meta property=\"og:site_name\" content=\"Serbia.com\" \/>\n<meta property=\"article:modified_time\" content=\"2025-10-08T14:16:21+00:00\" \/>\n<meta property=\"og:image\" content=\"https:\/\/serbia.com\/wp-content\/uploads\/2015\/05\/latkovac222-e1716974912776.jpg\" \/>\n\t<meta property=\"og:image:width\" content=\"1022\" \/>\n\t<meta property=\"og:image:height\" content=\"747\" \/>\n\t<meta property=\"og:image:type\" content=\"image\/jpeg\" \/>\n<meta name=\"twitter:label1\" content=\"Est. reading time\" \/>\n\t<meta name=\"twitter:data1\" content=\"3 minutes\" \/>\n<script type=\"application\/ld+json\" class=\"yoast-schema-graph\">{\"@context\":\"https:\/\/schema.org\",\"@graph\":[{\"@type\":\"WebPage\",\"@id\":\"https:\/\/serbia.com\/srpski\/posetite-srbiju\/prirodne-lepote\/etno-sela\/latkovac-magija-u-srcu-srbije\/\",\"url\":\"https:\/\/serbia.com\/srpski\/posetite-srbiju\/prirodne-lepote\/etno-sela\/latkovac-magija-u-srcu-srbije\/\",\"name\":\"Latkovac, magija u srcu Srbije - Serbia.com\",\"isPartOf\":{\"@id\":\"https:\/\/serbia.com\/#website\"},\"primaryImageOfPage\":{\"@id\":\"https:\/\/serbia.com\/srpski\/posetite-srbiju\/prirodne-lepote\/etno-sela\/latkovac-magija-u-srcu-srbije\/#primaryimage\"},\"image\":{\"@id\":\"https:\/\/serbia.com\/srpski\/posetite-srbiju\/prirodne-lepote\/etno-sela\/latkovac-magija-u-srcu-srbije\/#primaryimage\"},\"thumbnailUrl\":\"https:\/\/serbia.com\/wp-content\/uploads\/2015\/05\/latkovac222-e1716974912776.jpg\",\"datePublished\":\"2015-05-22T11:28:15+00:00\",\"dateModified\":\"2025-10-08T14:16:21+00:00\",\"breadcrumb\":{\"@id\":\"https:\/\/serbia.com\/srpski\/posetite-srbiju\/prirodne-lepote\/etno-sela\/latkovac-magija-u-srcu-srbije\/#breadcrumb\"},\"inLanguage\":\"srpski\",\"potentialAction\":[{\"@type\":\"ReadAction\",\"target\":[\"https:\/\/serbia.com\/srpski\/posetite-srbiju\/prirodne-lepote\/etno-sela\/latkovac-magija-u-srcu-srbije\/\"]}]},{\"@type\":\"ImageObject\",\"inLanguage\":\"srpski\",\"@id\":\"https:\/\/serbia.com\/srpski\/posetite-srbiju\/prirodne-lepote\/etno-sela\/latkovac-magija-u-srcu-srbije\/#primaryimage\",\"url\":\"https:\/\/serbia.com\/wp-content\/uploads\/2015\/05\/latkovac222-e1716974912776.jpg\",\"contentUrl\":\"https:\/\/serbia.com\/wp-content\/uploads\/2015\/05\/latkovac222-e1716974912776.jpg\",\"width\":1022,\"height\":747},{\"@type\":\"BreadcrumbList\",\"@id\":\"https:\/\/serbia.com\/srpski\/posetite-srbiju\/prirodne-lepote\/etno-sela\/latkovac-magija-u-srcu-srbije\/#breadcrumb\",\"itemListElement\":[{\"@type\":\"ListItem\",\"position\":1,\"name\":\"Home\",\"item\":\"https:\/\/serbia.com\/srpski\/\"},{\"@type\":\"ListItem\",\"position\":2,\"name\":\"Poseti Srbiju\",\"item\":\"https:\/\/serbia.com\/srpski\/posetite-srbiju\/\"},{\"@type\":\"ListItem\",\"position\":3,\"name\":\"Prirodne lepote\",\"item\":\"https:\/\/serbia.com\/srpski\/posetite-srbiju\/prirodne-lepote\/\"},{\"@type\":\"ListItem\",\"position\":4,\"name\":\"Etno sela\",\"item\":\"https:\/\/serbia.com\/srpski\/posetite-srbiju\/prirodne-lepote\/etno-sela\/\"},{\"@type\":\"ListItem\",\"position\":5,\"name\":\"Latkovac, magija u srcu Srbije\"}]},{\"@type\":\"WebSite\",\"@id\":\"https:\/\/serbia.com\/#website\",\"url\":\"https:\/\/serbia.com\/\",\"name\":\"Serbia.com\",\"description\":\"Your Gateway to Serbia\",\"potentialAction\":[{\"@type\":\"SearchAction\",\"target\":{\"@type\":\"EntryPoint\",\"urlTemplate\":\"https:\/\/serbia.com\/?s={search_term_string}\"},\"query-input\":{\"@type\":\"PropertyValueSpecification\",\"valueRequired\":true,\"valueName\":\"search_term_string\"}}],\"inLanguage\":\"srpski\"}]}<\/script>\n<!-- \/ Yoast SEO plugin. -->","yoast_head_json":{"title":"Latkovac, magija u srcu Srbije - Serbia.com","robots":{"index":"index","follow":"follow","max-snippet":"max-snippet:-1","max-image-preview":"max-image-preview:large","max-video-preview":"max-video-preview:-1"},"canonical":"https:\/\/serbia.com\/srpski\/posetite-srbiju\/prirodne-lepote\/etno-sela\/latkovac-magija-u-srcu-srbije\/","og_locale":"en_US","og_type":"article","og_title":"Latkovac, magija u srcu Srbije - Serbia.com","og_description":"Bajkovito etno selo Latkovac \u010dine \u010detiri stare ku\u0107e, izgra\u0111ene od blata, slame i greda, od kojih najstarija ima oko 200 godina i nekada je bila sudnica. Priliku da u\u017eivate u [&hellip;]","og_url":"https:\/\/serbia.com\/srpski\/posetite-srbiju\/prirodne-lepote\/etno-sela\/latkovac-magija-u-srcu-srbije\/","og_site_name":"Serbia.com","article_modified_time":"2025-10-08T14:16:21+00:00","og_image":[{"width":1022,"height":747,"url":"https:\/\/serbia.com\/wp-content\/uploads\/2015\/05\/latkovac222-e1716974912776.jpg","type":"image\/jpeg"}],"twitter_misc":{"Est. reading time":"3 minutes"},"schema":{"@context":"https:\/\/schema.org","@graph":[{"@type":"WebPage","@id":"https:\/\/serbia.com\/srpski\/posetite-srbiju\/prirodne-lepote\/etno-sela\/latkovac-magija-u-srcu-srbije\/","url":"https:\/\/serbia.com\/srpski\/posetite-srbiju\/prirodne-lepote\/etno-sela\/latkovac-magija-u-srcu-srbije\/","name":"Latkovac, magija u srcu Srbije - Serbia.com","isPartOf":{"@id":"https:\/\/serbia.com\/#website"},"primaryImageOfPage":{"@id":"https:\/\/serbia.com\/srpski\/posetite-srbiju\/prirodne-lepote\/etno-sela\/latkovac-magija-u-srcu-srbije\/#primaryimage"},"image":{"@id":"https:\/\/serbia.com\/srpski\/posetite-srbiju\/prirodne-lepote\/etno-sela\/latkovac-magija-u-srcu-srbije\/#primaryimage"},"thumbnailUrl":"https:\/\/serbia.com\/wp-content\/uploads\/2015\/05\/latkovac222-e1716974912776.jpg","datePublished":"2015-05-22T11:28:15+00:00","dateModified":"2025-10-08T14:16:21+00:00","breadcrumb":{"@id":"https:\/\/serbia.com\/srpski\/posetite-srbiju\/prirodne-lepote\/etno-sela\/latkovac-magija-u-srcu-srbije\/#breadcrumb"},"inLanguage":"srpski","potentialAction":[{"@type":"ReadAction","target":["https:\/\/serbia.com\/srpski\/posetite-srbiju\/prirodne-lepote\/etno-sela\/latkovac-magija-u-srcu-srbije\/"]}]},{"@type":"ImageObject","inLanguage":"srpski","@id":"https:\/\/serbia.com\/srpski\/posetite-srbiju\/prirodne-lepote\/etno-sela\/latkovac-magija-u-srcu-srbije\/#primaryimage","url":"https:\/\/serbia.com\/wp-content\/uploads\/2015\/05\/latkovac222-e1716974912776.jpg","contentUrl":"https:\/\/serbia.com\/wp-content\/uploads\/2015\/05\/latkovac222-e1716974912776.jpg","width":1022,"height":747},{"@type":"BreadcrumbList","@id":"https:\/\/serbia.com\/srpski\/posetite-srbiju\/prirodne-lepote\/etno-sela\/latkovac-magija-u-srcu-srbije\/#breadcrumb","itemListElement":[{"@type":"ListItem","position":1,"name":"Home","item":"https:\/\/serbia.com\/srpski\/"},{"@type":"ListItem","position":2,"name":"Poseti Srbiju","item":"https:\/\/serbia.com\/srpski\/posetite-srbiju\/"},{"@type":"ListItem","position":3,"name":"Prirodne lepote","item":"https:\/\/serbia.com\/srpski\/posetite-srbiju\/prirodne-lepote\/"},{"@type":"ListItem","position":4,"name":"Etno sela","item":"https:\/\/serbia.com\/srpski\/posetite-srbiju\/prirodne-lepote\/etno-sela\/"},{"@type":"ListItem","position":5,"name":"Latkovac, magija u srcu Srbije"}]},{"@type":"WebSite","@id":"https:\/\/serbia.com\/#website","url":"https:\/\/serbia.com\/","name":"Serbia.com","description":"Your Gateway to Serbia","potentialAction":[{"@type":"SearchAction","target":{"@type":"EntryPoint","urlTemplate":"https:\/\/serbia.com\/?s={search_term_string}"},"query-input":{"@type":"PropertyValueSpecification","valueRequired":true,"valueName":"search_term_string"}}],"inLanguage":"srpski"}]}},"_links":{"self":[{"href":"https:\/\/serbia.com\/srpski\/wp-json\/wp\/v2\/pages\/32531"}],"collection":[{"href":"https:\/\/serbia.com\/srpski\/wp-json\/wp\/v2\/pages"}],"about":[{"href":"https:\/\/serbia.com\/srpski\/wp-json\/wp\/v2\/types\/page"}],"author":[{"embeddable":true,"href":"https:\/\/serbia.com\/srpski\/wp-json\/wp\/v2\/users\/27"}],"replies":[{"embeddable":true,"href":"https:\/\/serbia.com\/srpski\/wp-json\/wp\/v2\/comments?post=32531"}],"version-history":[{"count":1,"href":"https:\/\/serbia.com\/srpski\/wp-json\/wp\/v2\/pages\/32531\/revisions"}],"predecessor-version":[{"id":62913,"href":"https:\/\/serbia.com\/srpski\/wp-json\/wp\/v2\/pages\/32531\/revisions\/62913"}],"up":[{"embeddable":true,"href":"https:\/\/serbia.com\/srpski\/wp-json\/wp\/v2\/pages\/20929"}],"wp:featuredmedia":[{"embeddable":true,"href":"https:\/\/serbia.com\/srpski\/wp-json\/wp\/v2\/media\/32363"}],"wp:attachment":[{"href":"https:\/\/serbia.com\/srpski\/wp-json\/wp\/v2\/media?parent=32531"}],"wp:term":[{"taxonomy":"category","embeddable":true,"href":"https:\/\/serbia.com\/srpski\/wp-json\/wp\/v2\/categories?post=32531"},{"taxonomy":"post_tag","embeddable":true,"href":"https:\/\/serbia.com\/srpski\/wp-json\/wp\/v2\/tags?post=32531"}],"curies":[{"name":"wp","href":"https:\/\/api.w.org\/{rel}","templated":true}]}}