{"id":32523,"date":"2015-05-22T12:19:00","date_gmt":"2015-05-22T10:19:00","guid":{"rendered":"http:\/\/www.serbia.com\/?page_id=32523"},"modified":"2024-10-20T14:32:26","modified_gmt":"2024-10-20T12:32:26","slug":"tara-planinski-dom-staroslovenskih-bogova","status":"publish","type":"page","link":"https:\/\/serbia.com\/srpski\/posetite-srbiju\/prirodne-lepote\/planine\/tara-planinski-dom-staroslovenskih-bogova\/","title":{"rendered":"Tara, planinski dom staroslovenskih bogova"},"content":{"rendered":"<h4>Tara je planina \u010duvena po\u00a0velikoj raznovrsnosti biljnog i \u017eivotinjskog sveta, a njeni aduti su i netaknuta priroda, skijali\u0161ta i arheolo\u0161ka nalazi\u0161ta.<\/h4>\n<p>Staroslovenski bog Tar je, prema predanju, zbog lepote predela izabrao upravo ovu planinu za svoj dom. Tako je Tara, sme\u0161tena u jedan od najprivla\u010dnijih delova Srbije sa gustim \u010detinarskim i listopadnim \u0161umama, bujnim pa\u0161njacima i prostranim livadama, i dobila ime.<\/p>\n<p>Tara se nalazi u zapadnoj Srbiji, oslanjaju\u0107i se na <a title=\"Zlatibor, ukras na 1.000 metara visine\" href=\"http:\/\/www.serbia.com\/srpski\/posetite-srbiju\/prirodne-lepote\/planine\/zlatibor-ukras-na-1-000-metara-visine\/\" target=\"_blank\" rel=\"noopener\"><strong>Zlatibor<\/strong><\/a> i <a title=\"Mokra Gora, inspiracija umetnosti i stvarala\u0161tva\" href=\"http:\/\/www.serbia.com\/srpski\/posetite-srbiju\/prirodne-lepote\/planine\/mokra-gora-inspiracija-umetnosti-i-stvaralastva\/\" target=\"_blank\" rel=\"noopener\"><strong>Mokru Goru<\/strong><\/a>, i predstavlja podru\u010dje netaknutih prirodnih bogatstava \u010dime postaje idealna destinacija za odmor i <a title=\"Rekreacija\" href=\"http:\/\/www.serbia.com\/srpski\/posetite-srbiju\/provedi-se\/rekreacija\/\" target=\"_blank\" rel=\"noopener\">rekreaciju<\/a>.<\/p>\n<p>Prirodnom bogatstvu Tare doprinosi i reka <a title=\"Drina, divlja smaragdna lepotica\" href=\"http:\/\/www.serbia.com\/srpski\/posetite-srbiju\/prirodne-lepote\/reke-i-jezera\/drina-divlja-smaragdna-lepotica\/\" target=\"_blank\" rel=\"noopener\">Drina<\/a> sa svojim kanjonom koji uokviruje severne obronke ovog planinskog masiva. Na obodima Tare nalaze se jezero <a title=\"Peru\u0107ac, raj za pecaro\u0161e\" href=\"http:\/\/www.serbia.com\/srpski\/posetite-srbiju\/prirodne-lepote\/reke-i-jezera\/perucac-raj-za-pecarose\/\" target=\"_blank\" rel=\"noopener\"><strong>Peru\u0107ac<\/strong><\/a> na Drini i <strong>Zaovinsko jezero<\/strong>. Upravo zbog ovakvih izuzetnih prirodnih uslova i jedinstvenog ambijenta, Tara je jedan od bisera Srbije.<\/p>\n<p><img loading=\"lazy\" decoding=\"async\" class=\"aligncenter wp-image-32520\" src=\"http:\/\/www.serbia.com\/wp-content\/uploads\/2015\/05\/tarica.jpg\" alt=\"Zaovine Lake \/ \u0417\u0430\u043e\u0432\u0438\u043d\u0441\u043a\u043e \u0458\u0435\u0437\u0435\u0440\u043e\" width=\"800\" height=\"532\" srcset=\"https:\/\/serbia.com\/wp-content\/uploads\/2015\/05\/tarica.jpg 750w, https:\/\/serbia.com\/wp-content\/uploads\/2015\/05\/tarica-300x200.jpg 300w\" sizes=\"auto, (max-width: 800px) 100vw, 800px\" \/><\/p>\n<p>U zimskom periodu Tara postaje popularna destinacija probirljivih skija\u0161a jer poseduje nekoliko manjih skijali\u0161ta: <strong>Beli bor<\/strong>, <strong>Nagramak<\/strong>, <strong>\u0160ljivovica<\/strong> i <strong>Mitrovac na Tari<\/strong>. Najkvalitetniji skija\u0161ki tereni se nalaze u rejonu <strong>Predovog krsta<\/strong> i poseduju staze za alpsko i nordijsko skijanje, a povezani su sistemom ski liftova.<\/p>\n<p>Van zimske sezone, Tara je izuzetno pose\u0107ena zbog povoljnih klimatskih uslova. Najpose\u0107eniji turisti\u010dki lokaliteti su: <strong>Zaovine sa jezerima<\/strong>, <strong>Kalu\u0111erske Bare<\/strong>, <strong>Mitrovac<\/strong>, <strong>Sokolina<\/strong> i <strong>Predov krst<\/strong>. Tokom letnje sezone aktuelne su <a title=\"Biciklizam: mali napor za veliki u\u017eitak\" href=\"http:\/\/www.serbia.com\/srpski\/posetite-srbiju\/provedi-se\/rekreacija\/biciklizam-mali-napor-za-veliki-uzitak\/\" target=\"_blank\" rel=\"noopener\">biciklisti\u010dke<\/a> i planinarske ture. Za ljubitelje ekstremnih sportova organizovane su ture planinskog biciklizma.<\/p>\n<p>Ukoliko pak \u017eelite da u\u017eivate u blagorodnoj prirodi Tare kroz manje naporne aktivnosti, \u0161etnja i <a title=\"Planinarenje i pe\u0161a\u010denje\" href=\"http:\/\/www.serbia.com\/srpski\/posetite-srbiju\/provedi-se\/rekreacija\/planinarenje-i-pesacenje\/\" target=\"_blank\" rel=\"noopener\">planinarenje<\/a> po nekoj od planinarskih staza zadovolji\u0107e sva va\u0161a o\u010dekivanja. Tako\u0111e, mogu\u0107e je obi\u0107i i neke od brojnih kulturnih i turisti\u010dkih atrakcija.<\/p>\n<p>U \u0161irem podno\u017eju Tare nalaze se <strong>Bajina Ba\u0161ta<\/strong>, <strong>Vi\u0161egrad<\/strong>, <strong>etno selo <a title=\"\u010carobno selo Drvengrad\" href=\"http:\/\/www.serbia.com\/srpski\/posetite-srbiju\/prirodne-lepote\/etno-sela\/carobno-selo-drvengrad\/\" target=\"_blank\" rel=\"noopener\">Drvengrad<\/a><\/strong>, kao i <strong>jedinstvena <a href=\"http:\/\/www.serbia.com\/srpski\/sarganska-osmica-romanticna-voznja-kroz-proslost\/\" target=\"_blank\" rel=\"noopener\">\u0160arganska osmica<\/a><\/strong>. Ova veli\u010danstvena turisti\u010dka atrakcija nudi neverovatan do\u017eivljaj vo\u017enje starim vozom po nepristupa\u010dnom terenu preko Mokre Gore i \u0160argana.<\/p>\n<p>Na prostoru Tare nalaze se i arheolo\u0161ka nalazi\u0161ta, gde je mogu\u0107e posetiti ste\u0107ke kod jezera Peru\u0107ac, srednjovekovno utvr\u0111enje Solotnik, kao i manastir Ra\u010du iz 13. veka. Za one \u017eeljne avanture tu je splavarenje i rafting na Tari i Drini.<\/p>\n<p>Zbog svojih jedinstvenih prirodnih bogatstava i obilja flore i faune, <strong>planinski masiv Tare progla\u0161en je za Nacionalni park 1981. godine.<\/strong> Na Tari je registrovano 53 vrsta sisara i 153 vrsta ptica, a pod posebnom za\u0161titom su medved, divokoza i srna.<\/p>\n<p>Posebna atrakcija na Tari je <strong>&#8220;Tepih livada&#8221;<\/strong>, koja je deo prirodnog rezervata<strong> &#8220;Crveni potok&#8221;<\/strong>. Naziv je dobila po tome \u0161to se ugiba pod nogama posetioca kao mek tepih, a nastala je zadr\u017eavanjem povr\u0161inske vode usled vodonepropusnog zemlji\u0161ta na kome se nalazi.<\/p>\n<p>Zbog nedostatka kiseonika, kisele podloge, vi\u0161ka vode i niske temperature, onemogu\u0107eno je raspadanje i istovremeno gomilanje biljnih ostataka. Klima u ovom stani\u0161tu je vla\u017ena i hladna, pa uspevaju mahovine koje odumiranjem stvaraju naslage belog treseta.<\/p>\n<p>Ovo treseti\u0161te se formira od ledenog doba, staro je vi\u0161e hiljada godina i raste tempom od 1 milimetar svake godine.<\/p>\n<h4>Kako do\u0107i do ovog rezervata prirodnih lepota?<\/h4>\n<p>Ako se na planinu staroslovenskih bogova zaputite iz <a title=\"Beograd\" href=\"http:\/\/www.serbia.com\/srpski\/posetite-srbiju\/gradovi\/beograd\/\" target=\"_blank\" rel=\"noopener\">Beograda<\/a>, onda je najkra\u0107e i\u0107i putem Beograd-<a title=\"Valjevo, grad sa dve \u010dar\u0161ije\" href=\"http:\/\/www.serbia.com\/srpski\/posetite-srbiju\/gradovi\/valjevo-grad-sa-dve-carsije\/\" target=\"_blank\" rel=\"noopener\">Valjevo<\/a>-Roga\u010dica-Bajina Ba\u0161ta-Tara koji je duga\u010dak 180 km, dok je od <a title=\"Novi Sad\" href=\"http:\/\/www.serbia.com\/srpski\/posetite-srbiju\/gradovi\/novi-sad\/\" target=\"_blank\" rel=\"noopener\">Novog Sada<\/a> Tara udaljena 246 km.<\/p>\n<p>Do Tare iz Beograda postoje dva autobuska polaska dnevno. Me\u0111utim, do Bajine Ba\u0161te su polasci \u010de\u0161\u0107i, a odatle postoje lokalni autobusi do Tare.<\/p>\n<p>Najbli\u017ea \u017eelezni\u010dka stanica planini Tari je u Brane\u0161kom polju koja se nalazi na pruzi Beograd \u2013 Bar i koja je udaljena 15 km od planine. Brane\u0161ko polje je od Bajine Ba\u0161te udaljeno je 16 kilometara, koliko ima i do \u010duvene Mokre Gore.<\/p>\n<p><strong>Ukoliko \u017eelite da obi\u0111ete Nacionalni park Tara, turu mo\u017eete zakazati <a href=\"https:\/\/serbia.com\/tour\/the-sargan-eight-tara-national-park\/\">OVDE<\/a>.<\/strong><\/p>\n","protected":false},"excerpt":{"rendered":"<p>Tara je planina \u010duvena po\u00a0velikoj raznovrsnosti biljnog i \u017eivotinjskog sveta, a njeni aduti su i netaknuta priroda, skijali\u0161ta i arheolo\u0161ka nalazi\u0161ta. Staroslovenski bog Tar je, prema predanju, zbog lepote predela [&hellip;]<\/p>\n","protected":false},"author":27,"featured_media":52894,"parent":20463,"menu_order":0,"comment_status":"closed","ping_status":"closed","template":"","meta":{"_acf_changed":false,"inline_featured_image":false,"_monsterinsights_skip_tracking":false,"_monsterinsights_sitenote_active":false,"_monsterinsights_sitenote_note":"","_monsterinsights_sitenote_category":0,"footnotes":""},"categories":[1655],"tags":[],"class_list":["post-32523","page","type-page","status-publish","has-post-thumbnail","hentry","category-planine"],"acf":[],"yoast_head":"<!-- This site is optimized with the Yoast SEO plugin v27.4 - https:\/\/yoast.com\/product\/yoast-seo-wordpress\/ -->\n<title>Tara, planinski dom staroslovenskih bogova - Serbia.com<\/title>\n<meta name=\"robots\" content=\"index, follow, max-snippet:-1, max-image-preview:large, max-video-preview:-1\" \/>\n<link rel=\"canonical\" href=\"https:\/\/serbia.com\/srpski\/posetite-srbiju\/prirodne-lepote\/planine\/tara-planinski-dom-staroslovenskih-bogova\/\" \/>\n<meta property=\"og:locale\" content=\"en_US\" \/>\n<meta property=\"og:type\" content=\"article\" \/>\n<meta property=\"og:title\" content=\"Tara, planinski dom staroslovenskih bogova - Serbia.com\" \/>\n<meta property=\"og:description\" content=\"Tara je planina \u010duvena po\u00a0velikoj raznovrsnosti biljnog i \u017eivotinjskog sveta, a njeni aduti su i netaknuta priroda, skijali\u0161ta i arheolo\u0161ka nalazi\u0161ta. Staroslovenski bog Tar je, prema predanju, zbog lepote predela [&hellip;]\" \/>\n<meta property=\"og:url\" content=\"https:\/\/serbia.com\/srpski\/posetite-srbiju\/prirodne-lepote\/planine\/tara-planinski-dom-staroslovenskih-bogova\/\" \/>\n<meta property=\"og:site_name\" content=\"Serbia.com\" \/>\n<meta property=\"article:modified_time\" content=\"2024-10-20T12:32:26+00:00\" \/>\n<meta property=\"og:image\" content=\"https:\/\/serbia.com\/wp-content\/uploads\/2024\/05\/valentin-salja-BQfDI5KRCrs-unsplash-scaled.jpg\" \/>\n\t<meta property=\"og:image:width\" content=\"2560\" \/>\n\t<meta property=\"og:image:height\" content=\"1707\" \/>\n\t<meta property=\"og:image:type\" content=\"image\/jpeg\" \/>\n<meta name=\"twitter:label1\" content=\"Est. reading time\" \/>\n\t<meta name=\"twitter:data1\" content=\"3 minutes\" \/>\n<script type=\"application\/ld+json\" class=\"yoast-schema-graph\">{\"@context\":\"https:\\\/\\\/schema.org\",\"@graph\":[{\"@type\":\"WebPage\",\"@id\":\"https:\\\/\\\/serbia.com\\\/srpski\\\/posetite-srbiju\\\/prirodne-lepote\\\/planine\\\/tara-planinski-dom-staroslovenskih-bogova\\\/\",\"url\":\"https:\\\/\\\/serbia.com\\\/srpski\\\/posetite-srbiju\\\/prirodne-lepote\\\/planine\\\/tara-planinski-dom-staroslovenskih-bogova\\\/\",\"name\":\"Tara, planinski dom staroslovenskih bogova - Serbia.com\",\"isPartOf\":{\"@id\":\"https:\\\/\\\/serbia.com\\\/#website\"},\"primaryImageOfPage\":{\"@id\":\"https:\\\/\\\/serbia.com\\\/srpski\\\/posetite-srbiju\\\/prirodne-lepote\\\/planine\\\/tara-planinski-dom-staroslovenskih-bogova\\\/#primaryimage\"},\"image\":{\"@id\":\"https:\\\/\\\/serbia.com\\\/srpski\\\/posetite-srbiju\\\/prirodne-lepote\\\/planine\\\/tara-planinski-dom-staroslovenskih-bogova\\\/#primaryimage\"},\"thumbnailUrl\":\"https:\\\/\\\/serbia.com\\\/wp-content\\\/uploads\\\/2024\\\/05\\\/valentin-salja-BQfDI5KRCrs-unsplash-scaled.jpg\",\"datePublished\":\"2015-05-22T10:19:00+00:00\",\"dateModified\":\"2024-10-20T12:32:26+00:00\",\"breadcrumb\":{\"@id\":\"https:\\\/\\\/serbia.com\\\/srpski\\\/posetite-srbiju\\\/prirodne-lepote\\\/planine\\\/tara-planinski-dom-staroslovenskih-bogova\\\/#breadcrumb\"},\"inLanguage\":\"srpski\",\"potentialAction\":[{\"@type\":\"ReadAction\",\"target\":[\"https:\\\/\\\/serbia.com\\\/srpski\\\/posetite-srbiju\\\/prirodne-lepote\\\/planine\\\/tara-planinski-dom-staroslovenskih-bogova\\\/\"]}]},{\"@type\":\"ImageObject\",\"inLanguage\":\"srpski\",\"@id\":\"https:\\\/\\\/serbia.com\\\/srpski\\\/posetite-srbiju\\\/prirodne-lepote\\\/planine\\\/tara-planinski-dom-staroslovenskih-bogova\\\/#primaryimage\",\"url\":\"https:\\\/\\\/serbia.com\\\/wp-content\\\/uploads\\\/2024\\\/05\\\/valentin-salja-BQfDI5KRCrs-unsplash-scaled.jpg\",\"contentUrl\":\"https:\\\/\\\/serbia.com\\\/wp-content\\\/uploads\\\/2024\\\/05\\\/valentin-salja-BQfDI5KRCrs-unsplash-scaled.jpg\",\"width\":2560,\"height\":1707},{\"@type\":\"BreadcrumbList\",\"@id\":\"https:\\\/\\\/serbia.com\\\/srpski\\\/posetite-srbiju\\\/prirodne-lepote\\\/planine\\\/tara-planinski-dom-staroslovenskih-bogova\\\/#breadcrumb\",\"itemListElement\":[{\"@type\":\"ListItem\",\"position\":1,\"name\":\"Home\",\"item\":\"https:\\\/\\\/serbia.com\\\/srpski\\\/srbija\\\/\"},{\"@type\":\"ListItem\",\"position\":2,\"name\":\"Poseti Srbiju\",\"item\":\"https:\\\/\\\/serbia.com\\\/srpski\\\/posetite-srbiju\\\/\"},{\"@type\":\"ListItem\",\"position\":3,\"name\":\"Prirodne lepote\",\"item\":\"https:\\\/\\\/serbia.com\\\/srpski\\\/posetite-srbiju\\\/prirodne-lepote\\\/\"},{\"@type\":\"ListItem\",\"position\":4,\"name\":\"Planine\",\"item\":\"https:\\\/\\\/serbia.com\\\/srpski\\\/posetite-srbiju\\\/prirodne-lepote\\\/planine\\\/\"},{\"@type\":\"ListItem\",\"position\":5,\"name\":\"Tara, planinski dom staroslovenskih bogova\"}]},{\"@type\":\"WebSite\",\"@id\":\"https:\\\/\\\/serbia.com\\\/#website\",\"url\":\"https:\\\/\\\/serbia.com\\\/\",\"name\":\"Serbia.com\",\"description\":\"Your Gateway to Serbia\",\"potentialAction\":[{\"@type\":\"SearchAction\",\"target\":{\"@type\":\"EntryPoint\",\"urlTemplate\":\"https:\\\/\\\/serbia.com\\\/?s={search_term_string}\"},\"query-input\":{\"@type\":\"PropertyValueSpecification\",\"valueRequired\":true,\"valueName\":\"search_term_string\"}}],\"inLanguage\":\"srpski\"}]}<\/script>\n<!-- \/ Yoast SEO plugin. -->","yoast_head_json":{"title":"Tara, planinski dom staroslovenskih bogova - Serbia.com","robots":{"index":"index","follow":"follow","max-snippet":"max-snippet:-1","max-image-preview":"max-image-preview:large","max-video-preview":"max-video-preview:-1"},"canonical":"https:\/\/serbia.com\/srpski\/posetite-srbiju\/prirodne-lepote\/planine\/tara-planinski-dom-staroslovenskih-bogova\/","og_locale":"en_US","og_type":"article","og_title":"Tara, planinski dom staroslovenskih bogova - Serbia.com","og_description":"Tara je planina \u010duvena po\u00a0velikoj raznovrsnosti biljnog i \u017eivotinjskog sveta, a njeni aduti su i netaknuta priroda, skijali\u0161ta i arheolo\u0161ka nalazi\u0161ta. Staroslovenski bog Tar je, prema predanju, zbog lepote predela [&hellip;]","og_url":"https:\/\/serbia.com\/srpski\/posetite-srbiju\/prirodne-lepote\/planine\/tara-planinski-dom-staroslovenskih-bogova\/","og_site_name":"Serbia.com","article_modified_time":"2024-10-20T12:32:26+00:00","og_image":[{"width":2560,"height":1707,"url":"https:\/\/serbia.com\/wp-content\/uploads\/2024\/05\/valentin-salja-BQfDI5KRCrs-unsplash-scaled.jpg","type":"image\/jpeg"}],"twitter_misc":{"Est. reading time":"3 minutes"},"schema":{"@context":"https:\/\/schema.org","@graph":[{"@type":"WebPage","@id":"https:\/\/serbia.com\/srpski\/posetite-srbiju\/prirodne-lepote\/planine\/tara-planinski-dom-staroslovenskih-bogova\/","url":"https:\/\/serbia.com\/srpski\/posetite-srbiju\/prirodne-lepote\/planine\/tara-planinski-dom-staroslovenskih-bogova\/","name":"Tara, planinski dom staroslovenskih bogova - Serbia.com","isPartOf":{"@id":"https:\/\/serbia.com\/#website"},"primaryImageOfPage":{"@id":"https:\/\/serbia.com\/srpski\/posetite-srbiju\/prirodne-lepote\/planine\/tara-planinski-dom-staroslovenskih-bogova\/#primaryimage"},"image":{"@id":"https:\/\/serbia.com\/srpski\/posetite-srbiju\/prirodne-lepote\/planine\/tara-planinski-dom-staroslovenskih-bogova\/#primaryimage"},"thumbnailUrl":"https:\/\/serbia.com\/wp-content\/uploads\/2024\/05\/valentin-salja-BQfDI5KRCrs-unsplash-scaled.jpg","datePublished":"2015-05-22T10:19:00+00:00","dateModified":"2024-10-20T12:32:26+00:00","breadcrumb":{"@id":"https:\/\/serbia.com\/srpski\/posetite-srbiju\/prirodne-lepote\/planine\/tara-planinski-dom-staroslovenskih-bogova\/#breadcrumb"},"inLanguage":"srpski","potentialAction":[{"@type":"ReadAction","target":["https:\/\/serbia.com\/srpski\/posetite-srbiju\/prirodne-lepote\/planine\/tara-planinski-dom-staroslovenskih-bogova\/"]}]},{"@type":"ImageObject","inLanguage":"srpski","@id":"https:\/\/serbia.com\/srpski\/posetite-srbiju\/prirodne-lepote\/planine\/tara-planinski-dom-staroslovenskih-bogova\/#primaryimage","url":"https:\/\/serbia.com\/wp-content\/uploads\/2024\/05\/valentin-salja-BQfDI5KRCrs-unsplash-scaled.jpg","contentUrl":"https:\/\/serbia.com\/wp-content\/uploads\/2024\/05\/valentin-salja-BQfDI5KRCrs-unsplash-scaled.jpg","width":2560,"height":1707},{"@type":"BreadcrumbList","@id":"https:\/\/serbia.com\/srpski\/posetite-srbiju\/prirodne-lepote\/planine\/tara-planinski-dom-staroslovenskih-bogova\/#breadcrumb","itemListElement":[{"@type":"ListItem","position":1,"name":"Home","item":"https:\/\/serbia.com\/srpski\/srbija\/"},{"@type":"ListItem","position":2,"name":"Poseti Srbiju","item":"https:\/\/serbia.com\/srpski\/posetite-srbiju\/"},{"@type":"ListItem","position":3,"name":"Prirodne lepote","item":"https:\/\/serbia.com\/srpski\/posetite-srbiju\/prirodne-lepote\/"},{"@type":"ListItem","position":4,"name":"Planine","item":"https:\/\/serbia.com\/srpski\/posetite-srbiju\/prirodne-lepote\/planine\/"},{"@type":"ListItem","position":5,"name":"Tara, planinski dom staroslovenskih bogova"}]},{"@type":"WebSite","@id":"https:\/\/serbia.com\/#website","url":"https:\/\/serbia.com\/","name":"Serbia.com","description":"Your Gateway to Serbia","potentialAction":[{"@type":"SearchAction","target":{"@type":"EntryPoint","urlTemplate":"https:\/\/serbia.com\/?s={search_term_string}"},"query-input":{"@type":"PropertyValueSpecification","valueRequired":true,"valueName":"search_term_string"}}],"inLanguage":"srpski"}]}},"brizy_media":[],"_links":{"self":[{"href":"https:\/\/serbia.com\/srpski\/wp-json\/wp\/v2\/pages\/32523","targetHints":{"allow":["GET"]}}],"collection":[{"href":"https:\/\/serbia.com\/srpski\/wp-json\/wp\/v2\/pages"}],"about":[{"href":"https:\/\/serbia.com\/srpski\/wp-json\/wp\/v2\/types\/page"}],"author":[{"embeddable":true,"href":"https:\/\/serbia.com\/srpski\/wp-json\/wp\/v2\/users\/27"}],"replies":[{"embeddable":true,"href":"https:\/\/serbia.com\/srpski\/wp-json\/wp\/v2\/comments?post=32523"}],"version-history":[{"count":1,"href":"https:\/\/serbia.com\/srpski\/wp-json\/wp\/v2\/pages\/32523\/revisions"}],"predecessor-version":[{"id":55722,"href":"https:\/\/serbia.com\/srpski\/wp-json\/wp\/v2\/pages\/32523\/revisions\/55722"}],"up":[{"embeddable":true,"href":"https:\/\/serbia.com\/srpski\/wp-json\/wp\/v2\/pages\/20463"}],"wp:featuredmedia":[{"embeddable":true,"href":"https:\/\/serbia.com\/srpski\/wp-json\/wp\/v2\/media\/52894"}],"wp:attachment":[{"href":"https:\/\/serbia.com\/srpski\/wp-json\/wp\/v2\/media?parent=32523"}],"wp:term":[{"taxonomy":"category","embeddable":true,"href":"https:\/\/serbia.com\/srpski\/wp-json\/wp\/v2\/categories?post=32523"},{"taxonomy":"post_tag","embeddable":true,"href":"https:\/\/serbia.com\/srpski\/wp-json\/wp\/v2\/tags?post=32523"}],"curies":[{"name":"wp","href":"https:\/\/api.w.org\/{rel}","templated":true}]}}