{"id":32507,"date":"2015-05-22T11:28:57","date_gmt":"2015-05-22T09:28:57","guid":{"rendered":"http:\/\/www.serbia.com\/?page_id=32507"},"modified":"2024-10-20T14:30:47","modified_gmt":"2024-10-20T12:30:47","slug":"stara-planina-prirodni-rezervat-u-dve-drzave","status":"publish","type":"page","link":"https:\/\/serbia.com\/srpski\/posetite-srbiju\/prirodne-lepote\/planine\/stara-planina-prirodni-rezervat-u-dve-drzave\/","title":{"rendered":"Stara planina, prirodni rezervat u dve dr\u017eave"},"content":{"rendered":"<h4>Stara planina, venac koji se prote\u017ee u dve dr\u017eave, karakteristi\u010dna je po svojim nepreglednim prostranstvima, \u010distom vazduhu i toplim mineralnim izvorima.<\/h4>\n<p>Stara planina &#8211; masiv po kojem je Balkansko poluostrvo dobilo ime. Sa svojih 550 kilometara du\u017eine spaja dve dr\u017eave &#8211; Srbiju i Bugarsku gde je stanovnici zovi Balkan planina. Nalazi se u centralnom delu Balkanskog poluostrva, a prostire u du\u017e granice Srbije i Bugarske od <a title=\"Zaje\u010dar, doma\u0107in najstarijeg rok festivala u Srbiji\" href=\"http:\/\/www.serbia.com\/srpski\/posetite-srbiju\/gradovi\/zajecar-domacin-najstarijeg-rok-festivala-u-srbiji-2\/\" target=\"_blank\" rel=\"noopener\">Zaje\u010dara<\/a> do Crnog mora.<\/p>\n<p>U vreme Rimljana, masiv se zvao <strong>Haemus<\/strong>. Istori\u010dari ka\u017eu da taj naziv poti\u010de od tra\u010dke re\u010di &#8220;saimon&#8221; \u0161to zna\u010di &#8220;planinski lanac&#8221;. Posle toga, Sloveni su je nazivali <strong>Matorni gori<\/strong>, a Turci <strong>Kod\u017eabalkan<\/strong> i <strong>Balkan<\/strong>. Naziv &#8220;Balkan&#8221; je persijskog porekla i zna\u010di &#8220;brdoviti kraj&#8221;.<\/p>\n<p>Beskona\u010dni krajolici netaknute prirode, prostrani planinski pa\u0161njaci i guste \u0161ume bogate plodovima i lekovitim biljem, slikovita sela i zanimljiv folklor &#8211; to je slika Stare planine, <strong>jednog od najlep\u0161ih i najautenti\u010dnijih prirodnih rezervata Srbije, u kojem se nalazi i najvi\u0161i planinski vrh ove zemlje, Mid\u017eor<\/strong> na 2.169 metara nadmorske visine.<\/p>\n<p>Planina je skoro pet meseci godi\u0161nje je pod snegom na visini izme\u0111u 1.100 i 1.900 metara. Vrh <strong>\u201cBabin zub\u201d<\/strong> sa 1.758 metara visine je <strong>jedan od najlep\u0161ih predela Stare planine i predstavlja za\u0161ti\u0107eni prirodni rezervat.<\/strong> Tu se nalazi ski centar koji ima \u010detvorosednu \u017ei\u010daru <strong>\u201cKonjarnik\u201d<\/strong> sa pokretnom trakom za ukrcavanje skija\u0161a, a poseduje i sistem za ve\u0161ta\u010dko osne\u017eavanje.<\/p>\n<p>Babin Zub je specifi\u010dan morfolo\u0161ki oblik gde je zapadna strana karakteristi\u010dna po vertikalnim odsecima stena, gde se jedan odstenjak izdvaja oblikom koji podse\u0107a na stari zub, po \u010demu je vrh i dobio naziv. Visina ovog &#8220;zuba&#8221; iznosi oko 200 metara i pristupa\u010dna je samo alpinistima.<\/p>\n<p>Bajkovita planinska lepota, udaljena 330 kilometara od <a title=\"Beograd\" href=\"http:\/\/www.serbia.com\/srpski\/posetite-srbiju\/gradovi\/beograd\/\" target=\"_blank\" rel=\"noopener\">Beograda<\/a>, \u010dini Staru planinu najlep\u0161im krajolikom isto\u010dne Srbije. Ona je uvr\u0161\u0107ena u prirodno bogatstvo izvanrednog zna\u010daja. Poznata je po blagoj klimi, \u010distom planinskom vazduhu, toplim mineralnim izvorima, a park prirode &#8220;Stara planina&#8221; zauzima 142.000 hektara.<\/p>\n<p>Stara planina \u0107e vas iznenaditi i tokom toplijeg perioda godine. Zaljubljenicima u prirodu i rekreativcima, ova planina nudi neke od najlep\u0161ih krajolika i nepregledna zelena prostranstva.<\/p>\n<p>Zahvaljuju\u0107i izrazitim prirodnim bogatstvima, <strong>Stara planina je progla\u0161ena parkom prirode 1997. godine.<\/strong> Ukoliko se na\u0111ete u blizini, ne propustite priliku da odete na <a title=\"Planinarenje i pe\u0161a\u010denje\" href=\"http:\/\/www.serbia.com\/srpski\/posetite-srbiju\/provedi-se\/rekreacija\/planinarenje-i-pesacenje\/\" target=\"_blank\" rel=\"noopener\"><strong>planinarenje<\/strong><\/a>, <strong>izlet<\/strong> ili <strong>\u0161etnju<\/strong> njenim planinskim stazama.<\/p>\n<p>Ispod Stare planine nalazi se i jedan od najlep\u0161ih planinskih bisera &#8211; <strong>Zavojsko jezero<\/strong>. Ovo je jedno od najlep\u0161ih i naj\u010distijih <a href=\"http:\/\/www.serbia.com\/srpski\/posetite-srbiju\/prirodne-lepote\/reke-i-jezera\/\" target=\"_blank\" rel=\"noopener\">jezera u Srbiji<\/a>. Bogato je ribom i ukoliko odlu\u010dite da posetite obalu jezera vide\u0107ete pasionirane ribolovce koji \u0107e vam rado ispri\u010dati ribolova\u010dke dogodov\u0161tine, a sazna\u0107ete i da najbolje &#8220;grizu&#8221; \u0161tuka, som i \u0161aran.<\/p>\n<p>Biljni i \u017eivotinjiski svet na Staroj planini je karakteristi\u010dan, pa se u podno\u017eju Babinog zuba nalazi stani\u0161te subalpske bukve, a u potocima i rekama ima poto\u010dne pastrmke. Stara planina obiluje lekovitim biljem i pe\u010durkama, a stani\u0161te je i mnogim vrstama retkih biljaka.<\/p>\n<p>Po obroncima planine rasuta su brojna planinska sela koja neguju zanimljiv <a title=\"Folklor, vekovna narodna umetnost\" href=\"http:\/\/www.serbia.com\/srpski\/folklor-vekovna-narodna-umetnost-2\/\">folklor<\/a> i <a title=\"Obi\u010daji u Srbiji: rituali od pre Hrista\" href=\"http:\/\/www.serbia.com\/srpski\/etno-naslede-srbije-rituali-od-pre-hrista\/\">obi\u010daje<\/a>.<\/p>\n<p>Ljubazni doma\u0107ini \u0107e vas rado do\u010dekati s bogatom trpezom prirodnih specijaliteta i po kojom \u010da\u0161icom <a title=\"\u0160ljivovica, kraljica srpskih rakija\" href=\"http:\/\/www.serbia.com\/srpski\/sljivovica-kraljica-srpskih-rakija\/\"><strong>&#8220;doma\u0107e&#8221; (rakije)<\/strong><\/a>. Mora\u0107ete da probate nadaleko \u010duveno <strong>&#8220;staroplaninsko jagnje&#8221;<\/strong> uz jedinstveni sir sa Stare planine.<\/p>\n<h4>Kako do\u0107i do planine po kojoj je Balkan dobio ime?<\/h4>\n<p>Stara planina je od Beograda udaljena 330 km, od <a title=\"Novi Sad\" href=\"http:\/\/www.serbia.com\/srpski\/posetite-srbiju\/sta-videti\/gradovi\/novi-sad\/\">Novog Sada<\/a> 410 km, a od <a title=\"Ni\u0161\" href=\"http:\/\/www.serbia.com\/srpski\/posetite-srbiju\/sta-videti\/gradovi\/nis\/\">Ni\u0161a<\/a> 70 km. Najbolje je ako na planinu dolazite spopstvenim prevozom, ali ako odlu\u010dite da do\u0111ete autobusom, mora\u0107ete do Knja\u017eevca, pa odatle lokalnim prevozom do odredi\u0161ta.<\/p>\n<h4>Kada ste ovde, ne propustite&#8230;<\/h4>\n<p>Odli\u010dno <strong>jagnje\u0107e pe\u010denje<\/strong> po kojem je ovaj kraj poznat. Bilo da je spremano u furuni, na ra\u017enju ili kamenoj plo\u010di, nemogu\u0107e mu je odoleti.<\/p>\n<p>Uz pe\u010denje obavezno probajte <strong>senoko\u0161ki ka\u010dkavalj<\/strong>, specijalitet ovog kraja i srpske tradicionalne kuhinje koji je za vreme Jugoslavije bio na meniju \u010dak i u Beloj ku\u0107i.<\/p>\n<p>Predahnite pored brzih planinskih reka: <strong>Viso\u010dice<\/strong>,<strong> Rsoma\u010dke<\/strong> i <strong>Senoko\u0161ke reke<\/strong> i <strong>Tem\u0161tice<\/strong> koje su samo neke od brojnih koje svojim bistrim vodama \u201c\u0161araju\u201d ovu planinu.<\/p>\n<p>Ako se ovde na\u0111ete u avgustu, ne propustite lokalne tradicionalne manifestacije: <strong>sabor narodne izvorne muzike &#8220;Panad\u017eur&#8221;<\/strong> kao ni <strong>Me\u0111unarodno takmi\u010denje u ribolovu na Zavojskom jezeru<\/strong>.<\/p>\n","protected":false},"excerpt":{"rendered":"<p>Stara planina, venac koji se prote\u017ee u dve dr\u017eave, karakteristi\u010dna je po svojim nepreglednim prostranstvima, \u010distom vazduhu i toplim mineralnim izvorima. Stara planina &#8211; masiv po kojem je Balkansko poluostrvo [&hellip;]<\/p>\n","protected":false},"author":27,"featured_media":32498,"parent":20463,"menu_order":0,"comment_status":"closed","ping_status":"closed","template":"","meta":{"_acf_changed":false,"inline_featured_image":false,"_monsterinsights_skip_tracking":false,"_monsterinsights_sitenote_active":false,"_monsterinsights_sitenote_note":"","_monsterinsights_sitenote_category":0,"footnotes":""},"categories":[1655],"tags":[],"class_list":["post-32507","page","type-page","status-publish","has-post-thumbnail","hentry","category-planine"],"acf":[],"yoast_head":"<!-- This site is optimized with the Yoast SEO plugin v27.4 - https:\/\/yoast.com\/product\/yoast-seo-wordpress\/ -->\n<title>Stara planina, prirodni rezervat u dve dr\u017eave - Serbia.com<\/title>\n<meta name=\"robots\" content=\"index, follow, max-snippet:-1, max-image-preview:large, max-video-preview:-1\" \/>\n<link rel=\"canonical\" href=\"https:\/\/serbia.com\/srpski\/posetite-srbiju\/prirodne-lepote\/planine\/stara-planina-prirodni-rezervat-u-dve-drzave\/\" \/>\n<meta property=\"og:locale\" content=\"en_US\" \/>\n<meta property=\"og:type\" content=\"article\" \/>\n<meta property=\"og:title\" content=\"Stara planina, prirodni rezervat u dve dr\u017eave - Serbia.com\" \/>\n<meta property=\"og:description\" content=\"Stara planina, venac koji se prote\u017ee u dve dr\u017eave, karakteristi\u010dna je po svojim nepreglednim prostranstvima, \u010distom vazduhu i toplim mineralnim izvorima. Stara planina &#8211; masiv po kojem je Balkansko poluostrvo [&hellip;]\" \/>\n<meta property=\"og:url\" content=\"https:\/\/serbia.com\/srpski\/posetite-srbiju\/prirodne-lepote\/planine\/stara-planina-prirodni-rezervat-u-dve-drzave\/\" \/>\n<meta property=\"og:site_name\" content=\"Serbia.com\" \/>\n<meta property=\"article:modified_time\" content=\"2024-10-20T12:30:47+00:00\" \/>\n<meta property=\"og:image\" content=\"https:\/\/serbia.com\/wp-content\/uploads\/2015\/05\/stara1.jpg\" \/>\n\t<meta property=\"og:image:width\" content=\"1600\" \/>\n\t<meta property=\"og:image:height\" content=\"767\" \/>\n\t<meta property=\"og:image:type\" content=\"image\/jpeg\" \/>\n<meta name=\"twitter:label1\" content=\"Est. reading time\" \/>\n\t<meta name=\"twitter:data1\" content=\"4 minutes\" \/>\n<script type=\"application\/ld+json\" class=\"yoast-schema-graph\">{\"@context\":\"https:\\\/\\\/schema.org\",\"@graph\":[{\"@type\":\"WebPage\",\"@id\":\"https:\\\/\\\/serbia.com\\\/srpski\\\/posetite-srbiju\\\/prirodne-lepote\\\/planine\\\/stara-planina-prirodni-rezervat-u-dve-drzave\\\/\",\"url\":\"https:\\\/\\\/serbia.com\\\/srpski\\\/posetite-srbiju\\\/prirodne-lepote\\\/planine\\\/stara-planina-prirodni-rezervat-u-dve-drzave\\\/\",\"name\":\"Stara planina, prirodni rezervat u dve dr\u017eave - Serbia.com\",\"isPartOf\":{\"@id\":\"https:\\\/\\\/serbia.com\\\/#website\"},\"primaryImageOfPage\":{\"@id\":\"https:\\\/\\\/serbia.com\\\/srpski\\\/posetite-srbiju\\\/prirodne-lepote\\\/planine\\\/stara-planina-prirodni-rezervat-u-dve-drzave\\\/#primaryimage\"},\"image\":{\"@id\":\"https:\\\/\\\/serbia.com\\\/srpski\\\/posetite-srbiju\\\/prirodne-lepote\\\/planine\\\/stara-planina-prirodni-rezervat-u-dve-drzave\\\/#primaryimage\"},\"thumbnailUrl\":\"https:\\\/\\\/serbia.com\\\/wp-content\\\/uploads\\\/2015\\\/05\\\/stara1.jpg\",\"datePublished\":\"2015-05-22T09:28:57+00:00\",\"dateModified\":\"2024-10-20T12:30:47+00:00\",\"breadcrumb\":{\"@id\":\"https:\\\/\\\/serbia.com\\\/srpski\\\/posetite-srbiju\\\/prirodne-lepote\\\/planine\\\/stara-planina-prirodni-rezervat-u-dve-drzave\\\/#breadcrumb\"},\"inLanguage\":\"srpski\",\"potentialAction\":[{\"@type\":\"ReadAction\",\"target\":[\"https:\\\/\\\/serbia.com\\\/srpski\\\/posetite-srbiju\\\/prirodne-lepote\\\/planine\\\/stara-planina-prirodni-rezervat-u-dve-drzave\\\/\"]}]},{\"@type\":\"ImageObject\",\"inLanguage\":\"srpski\",\"@id\":\"https:\\\/\\\/serbia.com\\\/srpski\\\/posetite-srbiju\\\/prirodne-lepote\\\/planine\\\/stara-planina-prirodni-rezervat-u-dve-drzave\\\/#primaryimage\",\"url\":\"https:\\\/\\\/serbia.com\\\/wp-content\\\/uploads\\\/2015\\\/05\\\/stara1.jpg\",\"contentUrl\":\"https:\\\/\\\/serbia.com\\\/wp-content\\\/uploads\\\/2015\\\/05\\\/stara1.jpg\",\"width\":1600,\"height\":767},{\"@type\":\"BreadcrumbList\",\"@id\":\"https:\\\/\\\/serbia.com\\\/srpski\\\/posetite-srbiju\\\/prirodne-lepote\\\/planine\\\/stara-planina-prirodni-rezervat-u-dve-drzave\\\/#breadcrumb\",\"itemListElement\":[{\"@type\":\"ListItem\",\"position\":1,\"name\":\"Home\",\"item\":\"https:\\\/\\\/serbia.com\\\/srpski\\\/\"},{\"@type\":\"ListItem\",\"position\":2,\"name\":\"Poseti Srbiju\",\"item\":\"https:\\\/\\\/serbia.com\\\/srpski\\\/posetite-srbiju\\\/\"},{\"@type\":\"ListItem\",\"position\":3,\"name\":\"Prirodne lepote\",\"item\":\"https:\\\/\\\/serbia.com\\\/srpski\\\/posetite-srbiju\\\/prirodne-lepote\\\/\"},{\"@type\":\"ListItem\",\"position\":4,\"name\":\"Planine\",\"item\":\"https:\\\/\\\/serbia.com\\\/srpski\\\/posetite-srbiju\\\/prirodne-lepote\\\/planine\\\/\"},{\"@type\":\"ListItem\",\"position\":5,\"name\":\"Stara planina, prirodni rezervat u dve dr\u017eave\"}]},{\"@type\":\"WebSite\",\"@id\":\"https:\\\/\\\/serbia.com\\\/#website\",\"url\":\"https:\\\/\\\/serbia.com\\\/\",\"name\":\"Serbia.com\",\"description\":\"Your Gateway to Serbia\",\"potentialAction\":[{\"@type\":\"SearchAction\",\"target\":{\"@type\":\"EntryPoint\",\"urlTemplate\":\"https:\\\/\\\/serbia.com\\\/?s={search_term_string}\"},\"query-input\":{\"@type\":\"PropertyValueSpecification\",\"valueRequired\":true,\"valueName\":\"search_term_string\"}}],\"inLanguage\":\"srpski\"}]}<\/script>\n<!-- \/ Yoast SEO plugin. -->","yoast_head_json":{"title":"Stara planina, prirodni rezervat u dve dr\u017eave - Serbia.com","robots":{"index":"index","follow":"follow","max-snippet":"max-snippet:-1","max-image-preview":"max-image-preview:large","max-video-preview":"max-video-preview:-1"},"canonical":"https:\/\/serbia.com\/srpski\/posetite-srbiju\/prirodne-lepote\/planine\/stara-planina-prirodni-rezervat-u-dve-drzave\/","og_locale":"en_US","og_type":"article","og_title":"Stara planina, prirodni rezervat u dve dr\u017eave - Serbia.com","og_description":"Stara planina, venac koji se prote\u017ee u dve dr\u017eave, karakteristi\u010dna je po svojim nepreglednim prostranstvima, \u010distom vazduhu i toplim mineralnim izvorima. Stara planina &#8211; masiv po kojem je Balkansko poluostrvo [&hellip;]","og_url":"https:\/\/serbia.com\/srpski\/posetite-srbiju\/prirodne-lepote\/planine\/stara-planina-prirodni-rezervat-u-dve-drzave\/","og_site_name":"Serbia.com","article_modified_time":"2024-10-20T12:30:47+00:00","og_image":[{"width":1600,"height":767,"url":"https:\/\/serbia.com\/wp-content\/uploads\/2015\/05\/stara1.jpg","type":"image\/jpeg"}],"twitter_misc":{"Est. reading time":"4 minutes"},"schema":{"@context":"https:\/\/schema.org","@graph":[{"@type":"WebPage","@id":"https:\/\/serbia.com\/srpski\/posetite-srbiju\/prirodne-lepote\/planine\/stara-planina-prirodni-rezervat-u-dve-drzave\/","url":"https:\/\/serbia.com\/srpski\/posetite-srbiju\/prirodne-lepote\/planine\/stara-planina-prirodni-rezervat-u-dve-drzave\/","name":"Stara planina, prirodni rezervat u dve dr\u017eave - Serbia.com","isPartOf":{"@id":"https:\/\/serbia.com\/#website"},"primaryImageOfPage":{"@id":"https:\/\/serbia.com\/srpski\/posetite-srbiju\/prirodne-lepote\/planine\/stara-planina-prirodni-rezervat-u-dve-drzave\/#primaryimage"},"image":{"@id":"https:\/\/serbia.com\/srpski\/posetite-srbiju\/prirodne-lepote\/planine\/stara-planina-prirodni-rezervat-u-dve-drzave\/#primaryimage"},"thumbnailUrl":"https:\/\/serbia.com\/wp-content\/uploads\/2015\/05\/stara1.jpg","datePublished":"2015-05-22T09:28:57+00:00","dateModified":"2024-10-20T12:30:47+00:00","breadcrumb":{"@id":"https:\/\/serbia.com\/srpski\/posetite-srbiju\/prirodne-lepote\/planine\/stara-planina-prirodni-rezervat-u-dve-drzave\/#breadcrumb"},"inLanguage":"srpski","potentialAction":[{"@type":"ReadAction","target":["https:\/\/serbia.com\/srpski\/posetite-srbiju\/prirodne-lepote\/planine\/stara-planina-prirodni-rezervat-u-dve-drzave\/"]}]},{"@type":"ImageObject","inLanguage":"srpski","@id":"https:\/\/serbia.com\/srpski\/posetite-srbiju\/prirodne-lepote\/planine\/stara-planina-prirodni-rezervat-u-dve-drzave\/#primaryimage","url":"https:\/\/serbia.com\/wp-content\/uploads\/2015\/05\/stara1.jpg","contentUrl":"https:\/\/serbia.com\/wp-content\/uploads\/2015\/05\/stara1.jpg","width":1600,"height":767},{"@type":"BreadcrumbList","@id":"https:\/\/serbia.com\/srpski\/posetite-srbiju\/prirodne-lepote\/planine\/stara-planina-prirodni-rezervat-u-dve-drzave\/#breadcrumb","itemListElement":[{"@type":"ListItem","position":1,"name":"Home","item":"https:\/\/serbia.com\/srpski\/"},{"@type":"ListItem","position":2,"name":"Poseti Srbiju","item":"https:\/\/serbia.com\/srpski\/posetite-srbiju\/"},{"@type":"ListItem","position":3,"name":"Prirodne lepote","item":"https:\/\/serbia.com\/srpski\/posetite-srbiju\/prirodne-lepote\/"},{"@type":"ListItem","position":4,"name":"Planine","item":"https:\/\/serbia.com\/srpski\/posetite-srbiju\/prirodne-lepote\/planine\/"},{"@type":"ListItem","position":5,"name":"Stara planina, prirodni rezervat u dve dr\u017eave"}]},{"@type":"WebSite","@id":"https:\/\/serbia.com\/#website","url":"https:\/\/serbia.com\/","name":"Serbia.com","description":"Your Gateway to Serbia","potentialAction":[{"@type":"SearchAction","target":{"@type":"EntryPoint","urlTemplate":"https:\/\/serbia.com\/?s={search_term_string}"},"query-input":{"@type":"PropertyValueSpecification","valueRequired":true,"valueName":"search_term_string"}}],"inLanguage":"srpski"}]}},"brizy_media":[],"_links":{"self":[{"href":"https:\/\/serbia.com\/srpski\/wp-json\/wp\/v2\/pages\/32507","targetHints":{"allow":["GET"]}}],"collection":[{"href":"https:\/\/serbia.com\/srpski\/wp-json\/wp\/v2\/pages"}],"about":[{"href":"https:\/\/serbia.com\/srpski\/wp-json\/wp\/v2\/types\/page"}],"author":[{"embeddable":true,"href":"https:\/\/serbia.com\/srpski\/wp-json\/wp\/v2\/users\/27"}],"replies":[{"embeddable":true,"href":"https:\/\/serbia.com\/srpski\/wp-json\/wp\/v2\/comments?post=32507"}],"version-history":[{"count":1,"href":"https:\/\/serbia.com\/srpski\/wp-json\/wp\/v2\/pages\/32507\/revisions"}],"predecessor-version":[{"id":55720,"href":"https:\/\/serbia.com\/srpski\/wp-json\/wp\/v2\/pages\/32507\/revisions\/55720"}],"up":[{"embeddable":true,"href":"https:\/\/serbia.com\/srpski\/wp-json\/wp\/v2\/pages\/20463"}],"wp:featuredmedia":[{"embeddable":true,"href":"https:\/\/serbia.com\/srpski\/wp-json\/wp\/v2\/media\/32498"}],"wp:attachment":[{"href":"https:\/\/serbia.com\/srpski\/wp-json\/wp\/v2\/media?parent=32507"}],"wp:term":[{"taxonomy":"category","embeddable":true,"href":"https:\/\/serbia.com\/srpski\/wp-json\/wp\/v2\/categories?post=32507"},{"taxonomy":"post_tag","embeddable":true,"href":"https:\/\/serbia.com\/srpski\/wp-json\/wp\/v2\/tags?post=32507"}],"curies":[{"name":"wp","href":"https:\/\/api.w.org\/{rel}","templated":true}]}}