{"id":32487,"date":"2015-05-21T18:56:18","date_gmt":"2015-05-21T16:56:18","guid":{"rendered":"http:\/\/www.serbia.com\/?page_id=32487"},"modified":"2024-10-20T14:29:47","modified_gmt":"2024-10-20T12:29:47","slug":"planina-avala-pogled-na-beograd-iz-oblaka","status":"publish","type":"page","link":"https:\/\/serbia.com\/srpski\/posetite-srbiju\/prirodne-lepote\/planine\/planina-avala-pogled-na-beograd-iz-oblaka\/","title":{"rendered":"Planina Avala, pogled na Beograd iz oblaka"},"content":{"rendered":"<h4 style=\"text-align: justify;\">Poput kule stra\u017earnice s visokim tornjem uzdi\u017ee se nad Beogradom Avala, neveliki planinski div u \u010diju utrobu duboko se\u017eu hodnici drevnih rudara, dok pod kupolom grandioznog spomenika le\u017ei sudbina tvr\u0111ave brojnih vladara<\/h4>\n<p style=\"text-align: justify;\">Na svega desetak kilometara od <a title=\"Beograd\" href=\"http:\/\/www.serbia.com\/srpski\/posetite-srbiju\/gradovi\/beograd\/\" target=\"_blank\" rel=\"noopener\">Beograda<\/a> uzdi\u017ee se iz ravnice Avala, <strong>kupasta planina obavijena velom misterije i legendi<\/strong>. Danas <strong>omiljeno izleti\u0161te Beogra\u0111ana<\/strong> a nekada mo\u0107no upori\u0161te civilizacija koje su se smenjivale na ovom tlu, Avala je oduvek budila znati\u017eelju ljudi koji su u njenom podno\u017eju \u017eiveli, kao i brojnih istra\u017eiva\u010da.<\/p>\n<p style=\"text-align: justify;\"><strong>Listopadna i borova park-\u0161uma sa 8 izvora \u010diste planinske vode<\/strong> danas je zakonom za\u0161ti\u0107eno prirodno bogatstvo Srbije i idealna destinacija za izlet ili piknik koja do\u010dekuje ljubitelje rekreacije svakog vikenda, kao i sve one koji \u017eele da provedu aktivan vikend.<\/p>\n<p style=\"text-align: justify;\">Nakon odmora neka vas put povede ka samom vrhu Avale kako biste u\u017eivali u jedinstvenom pogledu sa prelepog vidikovca.<\/p>\n<p style=\"text-align: justify;\"><img loading=\"lazy\" decoding=\"async\" class=\"aligncenter wp-image-32468\" src=\"http:\/\/www.serbia.com\/wp-content\/uploads\/2015\/05\/avala-1024x387.jpg\" alt=\"avala\" width=\"800\" height=\"302\" srcset=\"https:\/\/serbia.com\/wp-content\/uploads\/2015\/05\/avala.jpg 1024w, https:\/\/serbia.com\/wp-content\/uploads\/2015\/05\/avala-300x113.jpg 300w\" sizes=\"auto, (max-width: 800px) 100vw, 800px\" \/><\/p>\n<p style=\"text-align: justify;\">Do\u010deka\u0107e vas <strong>jedan od simbola Beograda i njegove okoline \u2013 Avalski toranj.<\/strong><\/p>\n<p style=\"text-align: justify;\">Dana\u0161nji Toranj visine 204,8 m je, poput svog prethodinika, <strong>najvi\u0161a gra\u0111evina na Balkanu<\/strong>, a otvoren je 21. aprila 2010. godine, ne\u0161to ni\u017ee od lokacije tornja sru\u0161enog <a title=\"15 godina od NATO bombardovanja\" href=\"http:\/\/www.serbia.com\/srpski\/15-godina-od-nato-bombardovanja\/\">1999. god. u NATO bombardovanju<\/a>.<\/p>\n<p style=\"text-align: justify;\">Posetioci mogu u\u017eivati u pogledu koji se pru\u017ea na \u010ditav Beograd i okolinu iz kafe restorana na vrhu do kojeg voze dva lifta svakog dana osim ponedeljka.<\/p>\n<p style=\"text-align: justify;\">Samo par minuta hoda odatle nalazi se sami vrh planine Avala, a aleja okru\u017eena bogatim zelenilom odve\u0161\u0107e vas do njega i <strong>Spomenika neznanom junaku<\/strong>. To je monumentalni kompleks na \u010dijem ulazu vas do\u010dekuje 8 karijatida u narodnim no\u0161njama, koje simboli\u0161u ujedinjenje svih nacionalnosti u Kraljevini Jugoslaviji.<\/p>\n<p style=\"text-align: justify;\">Spomen-kompleks, rad \u010duvenog vajara <strong>Ivana Me\u0161trovi\u0107a<\/strong>, otvoren je na Vidovdan, 28. juna 1938. god. a nalazi se na mestu gde je nekada bio <strong>srednjovekovni <a href=\"http:\/\/www.serbia.com\/srpski\/zrnov-jedna-od-najvecih-neresenih-misterija-srbije\/\">grad \u017drnov<\/a><\/strong> \u010diji su poslednji tragovi dinamitom uni\u0161teni za svega dva dana. Ovaj \u010din naredio je kralj Aleksandar I Kara\u0111or\u0111evi\u0107 1934. god kako bi se oslobodio plato za spomenik toliko va\u017ean za Jugoslaviju, zemlju koja je formirana svega nekoliko godina ranije.<\/p>\n<figure id=\"attachment_32474\" aria-describedby=\"caption-attachment-32474\" style=\"width: 300px\" class=\"wp-caption alignleft\"><img loading=\"lazy\" decoding=\"async\" class=\"wp-image-32474 size-medium\" src=\"http:\/\/www.serbia.com\/wp-content\/uploads\/2015\/05\/avala3-300x137.jpg\" alt=\"avala3\" width=\"300\" height=\"137\" srcset=\"https:\/\/serbia.com\/wp-content\/uploads\/2015\/05\/avala3-300x137.jpg 300w, https:\/\/serbia.com\/wp-content\/uploads\/2015\/05\/avala3-1024x468.jpg 1024w, https:\/\/serbia.com\/wp-content\/uploads\/2015\/05\/avala3.jpg 1052w\" sizes=\"auto, (max-width: 300px) 100vw, 300px\" \/><figcaption id=\"caption-attachment-32474\" class=\"wp-caption-text\">Spomenik neznanom junaku<\/figcaption><\/figure>\n<p style=\"text-align: justify;\">Iako se obrisi nekada\u0161njeg utvr\u0111enja mogu samo naslutiti, \u017drnov je nekada predstavljao zna\u010dajan strate\u0161ki lokalitet, opevan i u srpskoj epskoj poeziji. Slovensko ime tvr\u0111ave Turci su promenili u Havala \u0161to je zna\u010dilo \u201cmesto, uzvi\u0161enje koje dominira okolinom\u201d, i po kojem cela planina bi nazvana Avala.<\/p>\n<p style=\"text-align: justify;\">Svojim jedinstvenim izgledom i zna\u010dajem koji je imala u \u017eivotima civilizacija koje su ovde osnovala prva naselja, Avala je od davnina inspirisala brojne legende koje su se ispredale oko njenih tajnih rudarskih okova, drevnih utvr\u0111enja i misti\u010dnih mo\u0107i u koje su \u017eitelji ove zasigurno jedinstvene planine verovali.<\/p>\n<p style=\"text-align: justify;\">Upravo najskriveniji hodnici koji se\u017eu duboko u utrobu planine otkrivaju njenu magi\u010dnu prirodu.<\/p>\n<p style=\"text-align: justify;\">Avala je planina vulkanskog porekla, a kao zave\u0161tanje te mo\u0107ne prirodne sile ovo kupasto uzvi\u0161enje danas obiluje rudama koje su se iskopavale od davnina.<\/p>\n<p style=\"text-align: justify;\">Kao prvi poznati rudari spominju se <strong>Skordisci u 3. veku p.n.e<\/strong>, ve\u0161ti u obradi metala i kovanju, koji su otvorili prva rudarska okna a veruje se da su ovde postavili temelje i prve tvr\u0111ave o kojoj se danas malo zna.<\/p>\n<figure id=\"attachment_32484\" aria-describedby=\"caption-attachment-32484\" style=\"width: 300px\" class=\"wp-caption alignright\"><img loading=\"lazy\" decoding=\"async\" class=\"wp-image-32484 size-medium\" src=\"http:\/\/www.serbia.com\/wp-content\/uploads\/2015\/05\/avala-mala1-300x183.jpg\" alt=\"avala mala1\" width=\"300\" height=\"183\" srcset=\"https:\/\/serbia.com\/wp-content\/uploads\/2015\/05\/avala-mala1-300x183.jpg 300w, https:\/\/serbia.com\/wp-content\/uploads\/2015\/05\/avala-mala1.jpg 800w\" sizes=\"auto, (max-width: 300px) 100vw, 300px\" \/><figcaption id=\"caption-attachment-32484\" class=\"wp-caption-text\">Zalazak sunca na planini Avali<\/figcaption><\/figure>\n<p style=\"text-align: justify;\">S dolaskom Rimskog carstva Avala kao zna\u010dajan rudarski lokalitet dobija na zna\u010daju, te su se za potrebe carstva iskopavale rude olova, srebra, gvo\u017e\u0111a, kao i \u017eiva na lokalitetu <strong>\u0160uplja stena<\/strong>.<\/p>\n<p style=\"text-align: justify;\">Danas planina i dalje obiluje svojim mineralnim blagom iako su drevna nalazi\u0161ta zatvorena, te poput onih rudarskih pionira i dana\u0161nji nas iznena\u0111uju novim otkri\u0107ima.<\/p>\n<p style=\"text-align: justify;\">Nedaleko od \u0160uplje stene otkriven je jedan sasvim nov mineral koji je po planini dobio naziv avalit, i samo mo\u017eemo naslutiti kakva jo\u0161 otkri\u0107a kriju milenijumima stari rudnici Avale.<\/p>\n<blockquote>\n<p><em>Avalska voda u prvom pivu u Srbiji<\/em><\/p>\n<p><em>Avala obiluje izvorima \u010diste vode koju su lokalni stanovnici koristili od davnina.\u00a0<\/em><em>Od 8 planinskih izvora koliko ih na Avali ima, zasigurno najpoznatiji je izvor Sakinac, izvor sa kojeg je voda kori\u0161\u0107ena u fabrici piva \u0110or\u0111a Vajferta. Izvor je dobio ime po sakama \u2013 buradima za vodu postavljenim na osnovu sa dva to\u010dka koje su se konjskim zapregama dopremale do naselja.<\/em><\/p>\n<\/blockquote>\n<h4 style=\"text-align: justify;\">Jesu li Argonauti pose\u0107ivali Avalu?<\/h4>\n<p style=\"text-align: justify;\">Prema jednoj od pri\u010da Avalu pohodili i legendarni <strong>Argonauti u potrazi za Zlatnim runom.<\/strong><\/p>\n<p style=\"text-align: justify;\">Ako je verovati ovakvim tuma\u010denjima epa Argonautika, koji je u 3. veku p.n.e. spevao Apolonije sa Rodosa, starogr\u010dki pesnik i glavni bibliotekar Aleksandrijske biblioteke, Argonauti su pod komandom Jasona na la\u0111i Argo plove\u0107i rekom Istar (Dunav) doplovili do velike pustinje Laurion (Deliblatska pe\u0161\u010dara) i planine Angurion (Avala) u potrazi za zlatnim runom.<\/p>\n<p style=\"text-align: justify;\">Ove pretpostavke jo\u0161 nisu istorijski dokazane, ali daju zadatak nekim budu\u0107im istra\u017eiva\u010dima.<\/p>\n<h4 style=\"text-align: justify;\">Kako do\u0107i do Avale?<\/h4>\n<p style=\"text-align: justify;\">Na samo 14 km od centra Beograda, do Avale mo\u017eete do\u0107i sopstvenim prevozom ili gradskim prevozom linijama 401, 402, 403, 404, 405 i 406 koji sa Banjice voze do samog podno\u017eja Avale. Odatle pa do vrha Avale mora\u0107ete da pro\u0161etate, dok se vikendima i praznicima autobusi do vrha Avale saobra\u0107aju na svakih pola sata.<\/p>\n<h4 style=\"text-align: justify;\">Kada ste ve\u0107 ovde, ne propustite&#8230;<\/h4>\n<p style=\"text-align: justify;\">Ne propustite i \u0161etnju do <strong>rasadnika<\/strong>, jednog od prvih rasadnika u Srbiji, gde u neverovatnom ambijentu cvetnih aleja i rasko\u0161nog rastinja mo\u017eete u\u017eivati u pravom malom parku prirode.<\/p>\n<p style=\"text-align: justify;\">Na Avali se nalaze dva planinska doma \u2013 <strong>Mitrovi\u0107ev dom<\/strong> i <strong>\u010carapi\u0107ev brest<\/strong>, kao i <strong>hotel Avala<\/strong> gde mo\u017eete u\u017eivati u na primer u nedeljnom ru\u010dku s porodicom i prijateljima, a ukoliko \u017eelite ovde mo\u017eete i preno\u0107iti i sutradan nastaviti otkrivanje ove zaista spektakularne planine.<\/p>\n<p style=\"text-align: justify;\">Za one koji \u017eele da provedu dan u prirodi i organizuju ro\u0161tilj to je mogu\u0107e na obele\u017eenim mestima koja su za to predvi\u0111ena.<\/p>\n<p style=\"text-align: justify;\">Nakon ru\u010dka i odmora posetite <strong>rodnu ku\u0107u <a title=\"Srpske vojvode iz Prvog svetskog rata\" href=\"http:\/\/www.serbia.com\/srpski\/srpske-vojvode-iz-prvog-svetskog-rata\/\">vojvode Stepe Stepanovi\u0107a<\/a><\/strong>, poznatog srpskog vojskovo\u0111e iz Prvog svetskog rata, u naselju <strong>Kumodra\u017e<\/strong>, u podno\u017eju Avale, gde mo\u017eete pogledati stalnu postavku <strong>Vojnog muzeja<\/strong> koja uklju\u010duje eksponate iz Prvog svetskog rata, kao i li\u010dne predmete vojvode Stepe.<\/p>\n<p style=\"text-align: justify;\">Ne treba zaobi\u0107i ni dva spomenika posve\u0107ena Kara\u0111or\u0111evom vojvodi<strong> Vasi \u010carapi\u0107u<\/strong>, jedan u bronzi, drugi u drvetu sa prizorima iz Prvog srpskog ustanka, koji se nalaze u blizini Planinarskog doma \u010carapi\u0107ev brest.<\/p>\n<p style=\"text-align: justify;\">Na Avali se nalazi i <strong>Spomenik sovjetskim vojnim veteranima<\/strong> posve\u0107en sovjetskoj delegaciji zvani\u010dnika na \u010delu sa mar\u0161alom Birjuzovim, koji su u\u010destvovali u osloba\u0111anju Beograda, i koji su tragi\u010dno nastradali 1964. Godine upravo tu na Avali u avionskoj nesre\u0107i.<\/p>\n<p style=\"text-align: justify;\">Jo\u0161 jedan istorijski spomenik nalazi se u podno\u017eju Avale, u selu Jajinci. <strong>Spomen-park Jajinci<\/strong> posve\u0107en je 80.000 zato\u010denika Banji\u010dkog logora koje su Nemci streljali tokom Drugog svetskog rata.<\/p>\n<p style=\"text-align: justify;\">U naselju Ripanj nalazi se <strong>Crkva Sv. Trojice<\/strong>, podignuta 1820. godine kao zadu\u017ebina kneza Milo\u0161a Obrenovi\u0107a. Crkva je podignuta na mestu sa kojeg je Kara\u0111or\u0111e 1804. god. pokrenuo osloba\u0111anje Beograda od Turaka.<\/p>\n<p><strong>Ukoliko \u017eelite da obi\u0111ete planinu Avalu, turu mo\u017eete zakzati <a href=\"https:\/\/serbia.com\/tour\/avala-kosmaj-full-day-tour\/\">OVDE<\/a>.<\/strong><\/p>\n<p style=\"text-align: justify;\">Foto: Attawayjl\/Flickr<\/p>\n\n\n<p><\/p>\n","protected":false},"excerpt":{"rendered":"<p>Poput kule stra\u017earnice s visokim tornjem uzdi\u017ee se nad Beogradom Avala, neveliki planinski div u \u010diju utrobu duboko se\u017eu hodnici drevnih rudara, dok pod kupolom grandioznog spomenika le\u017ei sudbina tvr\u0111ave [&hellip;]<\/p>\n","protected":false},"author":27,"featured_media":52577,"parent":20463,"menu_order":0,"comment_status":"closed","ping_status":"closed","template":"","meta":{"_acf_changed":false,"inline_featured_image":false,"_monsterinsights_skip_tracking":false,"_monsterinsights_sitenote_active":false,"_monsterinsights_sitenote_note":"","_monsterinsights_sitenote_category":0,"footnotes":""},"categories":[1655],"tags":[],"class_list":["post-32487","page","type-page","status-publish","has-post-thumbnail","hentry","category-planine"],"acf":[],"yoast_head":"<!-- This site is optimized with the Yoast SEO plugin v27.4 - https:\/\/yoast.com\/product\/yoast-seo-wordpress\/ -->\n<title>Planina Avala, pogled na Beograd iz oblaka - Serbia.com<\/title>\n<meta name=\"robots\" content=\"index, follow, max-snippet:-1, max-image-preview:large, max-video-preview:-1\" \/>\n<link rel=\"canonical\" href=\"https:\/\/serbia.com\/srpski\/posetite-srbiju\/prirodne-lepote\/planine\/planina-avala-pogled-na-beograd-iz-oblaka\/\" \/>\n<meta property=\"og:locale\" content=\"en_US\" \/>\n<meta property=\"og:type\" content=\"article\" \/>\n<meta property=\"og:title\" content=\"Planina Avala, pogled na Beograd iz oblaka - Serbia.com\" \/>\n<meta property=\"og:description\" content=\"Poput kule stra\u017earnice s visokim tornjem uzdi\u017ee se nad Beogradom Avala, neveliki planinski div u \u010diju utrobu duboko se\u017eu hodnici drevnih rudara, dok pod kupolom grandioznog spomenika le\u017ei sudbina tvr\u0111ave [&hellip;]\" \/>\n<meta property=\"og:url\" content=\"https:\/\/serbia.com\/srpski\/posetite-srbiju\/prirodne-lepote\/planine\/planina-avala-pogled-na-beograd-iz-oblaka\/\" \/>\n<meta property=\"og:site_name\" content=\"Serbia.com\" \/>\n<meta property=\"article:modified_time\" content=\"2024-10-20T12:29:47+00:00\" \/>\n<meta property=\"og:image\" content=\"https:\/\/serbia.com\/wp-content\/uploads\/2024\/05\/ljubomir-zarkovic-2FAli3slbAw-unsplash-scaled.jpg\" \/>\n\t<meta property=\"og:image:width\" content=\"2560\" \/>\n\t<meta property=\"og:image:height\" content=\"1707\" \/>\n\t<meta property=\"og:image:type\" content=\"image\/jpeg\" \/>\n<meta name=\"twitter:label1\" content=\"Est. reading time\" \/>\n\t<meta name=\"twitter:data1\" content=\"6 minutes\" \/>\n<script type=\"application\/ld+json\" class=\"yoast-schema-graph\">{\"@context\":\"https:\\\/\\\/schema.org\",\"@graph\":[{\"@type\":\"WebPage\",\"@id\":\"https:\\\/\\\/serbia.com\\\/srpski\\\/posetite-srbiju\\\/prirodne-lepote\\\/planine\\\/planina-avala-pogled-na-beograd-iz-oblaka\\\/\",\"url\":\"https:\\\/\\\/serbia.com\\\/srpski\\\/posetite-srbiju\\\/prirodne-lepote\\\/planine\\\/planina-avala-pogled-na-beograd-iz-oblaka\\\/\",\"name\":\"Planina Avala, pogled na Beograd iz oblaka - Serbia.com\",\"isPartOf\":{\"@id\":\"https:\\\/\\\/serbia.com\\\/#website\"},\"primaryImageOfPage\":{\"@id\":\"https:\\\/\\\/serbia.com\\\/srpski\\\/posetite-srbiju\\\/prirodne-lepote\\\/planine\\\/planina-avala-pogled-na-beograd-iz-oblaka\\\/#primaryimage\"},\"image\":{\"@id\":\"https:\\\/\\\/serbia.com\\\/srpski\\\/posetite-srbiju\\\/prirodne-lepote\\\/planine\\\/planina-avala-pogled-na-beograd-iz-oblaka\\\/#primaryimage\"},\"thumbnailUrl\":\"https:\\\/\\\/serbia.com\\\/wp-content\\\/uploads\\\/2024\\\/05\\\/ljubomir-zarkovic-2FAli3slbAw-unsplash-scaled.jpg\",\"datePublished\":\"2015-05-21T16:56:18+00:00\",\"dateModified\":\"2024-10-20T12:29:47+00:00\",\"breadcrumb\":{\"@id\":\"https:\\\/\\\/serbia.com\\\/srpski\\\/posetite-srbiju\\\/prirodne-lepote\\\/planine\\\/planina-avala-pogled-na-beograd-iz-oblaka\\\/#breadcrumb\"},\"inLanguage\":\"srpski\",\"potentialAction\":[{\"@type\":\"ReadAction\",\"target\":[\"https:\\\/\\\/serbia.com\\\/srpski\\\/posetite-srbiju\\\/prirodne-lepote\\\/planine\\\/planina-avala-pogled-na-beograd-iz-oblaka\\\/\"]}]},{\"@type\":\"ImageObject\",\"inLanguage\":\"srpski\",\"@id\":\"https:\\\/\\\/serbia.com\\\/srpski\\\/posetite-srbiju\\\/prirodne-lepote\\\/planine\\\/planina-avala-pogled-na-beograd-iz-oblaka\\\/#primaryimage\",\"url\":\"https:\\\/\\\/serbia.com\\\/wp-content\\\/uploads\\\/2024\\\/05\\\/ljubomir-zarkovic-2FAli3slbAw-unsplash-scaled.jpg\",\"contentUrl\":\"https:\\\/\\\/serbia.com\\\/wp-content\\\/uploads\\\/2024\\\/05\\\/ljubomir-zarkovic-2FAli3slbAw-unsplash-scaled.jpg\",\"width\":2560,\"height\":1707},{\"@type\":\"BreadcrumbList\",\"@id\":\"https:\\\/\\\/serbia.com\\\/srpski\\\/posetite-srbiju\\\/prirodne-lepote\\\/planine\\\/planina-avala-pogled-na-beograd-iz-oblaka\\\/#breadcrumb\",\"itemListElement\":[{\"@type\":\"ListItem\",\"position\":1,\"name\":\"Home\",\"item\":\"https:\\\/\\\/serbia.com\\\/srpski\\\/\"},{\"@type\":\"ListItem\",\"position\":2,\"name\":\"Poseti Srbiju\",\"item\":\"https:\\\/\\\/serbia.com\\\/srpski\\\/posetite-srbiju\\\/\"},{\"@type\":\"ListItem\",\"position\":3,\"name\":\"Prirodne lepote\",\"item\":\"https:\\\/\\\/serbia.com\\\/srpski\\\/posetite-srbiju\\\/prirodne-lepote\\\/\"},{\"@type\":\"ListItem\",\"position\":4,\"name\":\"Planine\",\"item\":\"https:\\\/\\\/serbia.com\\\/srpski\\\/posetite-srbiju\\\/prirodne-lepote\\\/planine\\\/\"},{\"@type\":\"ListItem\",\"position\":5,\"name\":\"Planina Avala, pogled na Beograd iz oblaka\"}]},{\"@type\":\"WebSite\",\"@id\":\"https:\\\/\\\/serbia.com\\\/#website\",\"url\":\"https:\\\/\\\/serbia.com\\\/\",\"name\":\"Serbia.com\",\"description\":\"Your Gateway to Serbia\",\"potentialAction\":[{\"@type\":\"SearchAction\",\"target\":{\"@type\":\"EntryPoint\",\"urlTemplate\":\"https:\\\/\\\/serbia.com\\\/?s={search_term_string}\"},\"query-input\":{\"@type\":\"PropertyValueSpecification\",\"valueRequired\":true,\"valueName\":\"search_term_string\"}}],\"inLanguage\":\"srpski\"}]}<\/script>\n<!-- \/ Yoast SEO plugin. -->","yoast_head_json":{"title":"Planina Avala, pogled na Beograd iz oblaka - Serbia.com","robots":{"index":"index","follow":"follow","max-snippet":"max-snippet:-1","max-image-preview":"max-image-preview:large","max-video-preview":"max-video-preview:-1"},"canonical":"https:\/\/serbia.com\/srpski\/posetite-srbiju\/prirodne-lepote\/planine\/planina-avala-pogled-na-beograd-iz-oblaka\/","og_locale":"en_US","og_type":"article","og_title":"Planina Avala, pogled na Beograd iz oblaka - Serbia.com","og_description":"Poput kule stra\u017earnice s visokim tornjem uzdi\u017ee se nad Beogradom Avala, neveliki planinski div u \u010diju utrobu duboko se\u017eu hodnici drevnih rudara, dok pod kupolom grandioznog spomenika le\u017ei sudbina tvr\u0111ave [&hellip;]","og_url":"https:\/\/serbia.com\/srpski\/posetite-srbiju\/prirodne-lepote\/planine\/planina-avala-pogled-na-beograd-iz-oblaka\/","og_site_name":"Serbia.com","article_modified_time":"2024-10-20T12:29:47+00:00","og_image":[{"width":2560,"height":1707,"url":"https:\/\/serbia.com\/wp-content\/uploads\/2024\/05\/ljubomir-zarkovic-2FAli3slbAw-unsplash-scaled.jpg","type":"image\/jpeg"}],"twitter_misc":{"Est. reading time":"6 minutes"},"schema":{"@context":"https:\/\/schema.org","@graph":[{"@type":"WebPage","@id":"https:\/\/serbia.com\/srpski\/posetite-srbiju\/prirodne-lepote\/planine\/planina-avala-pogled-na-beograd-iz-oblaka\/","url":"https:\/\/serbia.com\/srpski\/posetite-srbiju\/prirodne-lepote\/planine\/planina-avala-pogled-na-beograd-iz-oblaka\/","name":"Planina Avala, pogled na Beograd iz oblaka - Serbia.com","isPartOf":{"@id":"https:\/\/serbia.com\/#website"},"primaryImageOfPage":{"@id":"https:\/\/serbia.com\/srpski\/posetite-srbiju\/prirodne-lepote\/planine\/planina-avala-pogled-na-beograd-iz-oblaka\/#primaryimage"},"image":{"@id":"https:\/\/serbia.com\/srpski\/posetite-srbiju\/prirodne-lepote\/planine\/planina-avala-pogled-na-beograd-iz-oblaka\/#primaryimage"},"thumbnailUrl":"https:\/\/serbia.com\/wp-content\/uploads\/2024\/05\/ljubomir-zarkovic-2FAli3slbAw-unsplash-scaled.jpg","datePublished":"2015-05-21T16:56:18+00:00","dateModified":"2024-10-20T12:29:47+00:00","breadcrumb":{"@id":"https:\/\/serbia.com\/srpski\/posetite-srbiju\/prirodne-lepote\/planine\/planina-avala-pogled-na-beograd-iz-oblaka\/#breadcrumb"},"inLanguage":"srpski","potentialAction":[{"@type":"ReadAction","target":["https:\/\/serbia.com\/srpski\/posetite-srbiju\/prirodne-lepote\/planine\/planina-avala-pogled-na-beograd-iz-oblaka\/"]}]},{"@type":"ImageObject","inLanguage":"srpski","@id":"https:\/\/serbia.com\/srpski\/posetite-srbiju\/prirodne-lepote\/planine\/planina-avala-pogled-na-beograd-iz-oblaka\/#primaryimage","url":"https:\/\/serbia.com\/wp-content\/uploads\/2024\/05\/ljubomir-zarkovic-2FAli3slbAw-unsplash-scaled.jpg","contentUrl":"https:\/\/serbia.com\/wp-content\/uploads\/2024\/05\/ljubomir-zarkovic-2FAli3slbAw-unsplash-scaled.jpg","width":2560,"height":1707},{"@type":"BreadcrumbList","@id":"https:\/\/serbia.com\/srpski\/posetite-srbiju\/prirodne-lepote\/planine\/planina-avala-pogled-na-beograd-iz-oblaka\/#breadcrumb","itemListElement":[{"@type":"ListItem","position":1,"name":"Home","item":"https:\/\/serbia.com\/srpski\/"},{"@type":"ListItem","position":2,"name":"Poseti Srbiju","item":"https:\/\/serbia.com\/srpski\/posetite-srbiju\/"},{"@type":"ListItem","position":3,"name":"Prirodne lepote","item":"https:\/\/serbia.com\/srpski\/posetite-srbiju\/prirodne-lepote\/"},{"@type":"ListItem","position":4,"name":"Planine","item":"https:\/\/serbia.com\/srpski\/posetite-srbiju\/prirodne-lepote\/planine\/"},{"@type":"ListItem","position":5,"name":"Planina Avala, pogled na Beograd iz oblaka"}]},{"@type":"WebSite","@id":"https:\/\/serbia.com\/#website","url":"https:\/\/serbia.com\/","name":"Serbia.com","description":"Your Gateway to Serbia","potentialAction":[{"@type":"SearchAction","target":{"@type":"EntryPoint","urlTemplate":"https:\/\/serbia.com\/?s={search_term_string}"},"query-input":{"@type":"PropertyValueSpecification","valueRequired":true,"valueName":"search_term_string"}}],"inLanguage":"srpski"}]}},"brizy_media":[],"_links":{"self":[{"href":"https:\/\/serbia.com\/srpski\/wp-json\/wp\/v2\/pages\/32487","targetHints":{"allow":["GET"]}}],"collection":[{"href":"https:\/\/serbia.com\/srpski\/wp-json\/wp\/v2\/pages"}],"about":[{"href":"https:\/\/serbia.com\/srpski\/wp-json\/wp\/v2\/types\/page"}],"author":[{"embeddable":true,"href":"https:\/\/serbia.com\/srpski\/wp-json\/wp\/v2\/users\/27"}],"replies":[{"embeddable":true,"href":"https:\/\/serbia.com\/srpski\/wp-json\/wp\/v2\/comments?post=32487"}],"version-history":[{"count":1,"href":"https:\/\/serbia.com\/srpski\/wp-json\/wp\/v2\/pages\/32487\/revisions"}],"predecessor-version":[{"id":55719,"href":"https:\/\/serbia.com\/srpski\/wp-json\/wp\/v2\/pages\/32487\/revisions\/55719"}],"up":[{"embeddable":true,"href":"https:\/\/serbia.com\/srpski\/wp-json\/wp\/v2\/pages\/20463"}],"wp:featuredmedia":[{"embeddable":true,"href":"https:\/\/serbia.com\/srpski\/wp-json\/wp\/v2\/media\/52577"}],"wp:attachment":[{"href":"https:\/\/serbia.com\/srpski\/wp-json\/wp\/v2\/media?parent=32487"}],"wp:term":[{"taxonomy":"category","embeddable":true,"href":"https:\/\/serbia.com\/srpski\/wp-json\/wp\/v2\/categories?post=32487"},{"taxonomy":"post_tag","embeddable":true,"href":"https:\/\/serbia.com\/srpski\/wp-json\/wp\/v2\/tags?post=32487"}],"curies":[{"name":"wp","href":"https:\/\/api.w.org\/{rel}","templated":true}]}}