{"id":32459,"date":"2015-05-21T14:59:19","date_gmt":"2015-05-21T12:59:19","guid":{"rendered":"http:\/\/www.serbia.com\/?page_id=32459"},"modified":"2024-10-20T14:28:46","modified_gmt":"2024-10-20T12:28:46","slug":"mokra-gora-inspiracija-umetnosti-i-stvaralastva","status":"publish","type":"page","link":"https:\/\/serbia.com\/srpski\/posetite-srbiju\/prirodne-lepote\/planine\/mokra-gora-inspiracija-umetnosti-i-stvaralastva\/","title":{"rendered":"Mokra Gora, inspiracija umetnosti i stvarala\u0161tva"},"content":{"rendered":"<h4>Mokra Gora u svojoj bujnoj prirodi spaja duh prohujanlih vremena i modernog doba: staru prugu &#8220;\u0160argansku osmicu&#8221;, etno selo Drvengrad Emira Kusturice i savremeni ski centar sa topovima za ve\u0161ta\u010dki sneg.<\/h4>\n<p>Strmi, uzbudljivi reljef obrastao gustim borovim \u0161umama izme\u0111u <a title=\"Tara, planinski dom staroslovenskih bogova\" href=\"http:\/\/www.serbia.com\/srpski\/posetite-srbiju\/prirodne-lepote\/planine\/tara-planinski-dom-staroslovenskih-bogova\/\" target=\"_blank\" rel=\"noopener\">Tare<\/a> i <a title=\"Zlatibor, ukras na 1.000 metara visine\" href=\"http:\/\/www.serbia.com\/srpski\/posetite-srbiju\/prirodne-lepote\/planine\/zlatibor-ukras-na-1-000-metara-visine\/\" target=\"_blank\" rel=\"noopener\">Zlatibora<\/a> nekada je bio poznat kao <strong>Markovo polje<\/strong>, mesto gde je srpski vitez i junak epske poezije Marko Kraljevi\u0107 po predanju prebacivao topuze sa jednog brda na drugo.\u00a0Ipak, Mokra Gora je danas poznatija po svojim turisti\u010dkim atrakcijama i impresivnoj prirodi uokvirenoj dolinama i klisurama Belog i Crnog Rzava i Kami\u0161ke reke.<\/p>\n<p>Stare o\u010duvane planinske brvnare razbacane su po pa\u0161njacima koje \u0161araju potoci i bogati lekoviti izvori. Nasuprot njima, na brdu <strong>Me\u0107avnik<\/strong> koje dominira Mokrom Gorom, sagra\u0111ene su nove ku\u0107ice u starom stilu. Pore\u0111ane u nizu u kaldrmisanim uli\u010dicama, one \u010dine <a title=\"\u010carobno selo Drvengrad\" href=\"http:\/\/www.serbia.com\/srpski\/posetite-srbiju\/prirodne-lepote\/etno-sela\/carobno-selo-drvengrad\/\" target=\"_blank\" rel=\"noopener\"><strong>&#8220;Drvengrad&#8221;<\/strong><\/a>, poznato <a title=\"Etno sela\" href=\"http:\/\/www.serbia.com\/srpski\/posetite-srbiju\/prirodne-lepote\/etno-sela\/\" target=\"_blank\" rel=\"noopener\">etno selo<\/a> koga je izgradio filmski reditelj <a title=\"Emir Kusturica, umetnik, graditelj i antiglobalista\" href=\"http:\/\/www.serbia.com\/srpski\/emir-kusturica-umetnik-graditelj-i-antiglobalista-2\/\"><strong>Emir Kusturica<\/strong><\/a>.<\/p>\n<figure id=\"attachment_18231\" aria-describedby=\"caption-attachment-18231\" style=\"width: 300px\" class=\"wp-caption alignright\"><img loading=\"lazy\" decoding=\"async\" class=\"wp-image-18231 size-medium\" src=\"http:\/\/www.serbia.com\/wp-content\/uploads\/2013\/01\/commons.wikimedia.org-White-Writer-drvengrad-kustendorf-mecavnik-mokra-gora-emir-kusturica1-300x225.jpg\" alt=\"commons.wikimedia.org - White Writer - drvengrad kustendorf mecavnik mokra gora emir kusturica\" width=\"300\" height=\"225\" srcset=\"https:\/\/serbia.com\/wp-content\/uploads\/2013\/01\/commons.wikimedia.org-White-Writer-drvengrad-kustendorf-mecavnik-mokra-gora-emir-kusturica1-300x225.jpg 300w, https:\/\/serbia.com\/wp-content\/uploads\/2013\/01\/commons.wikimedia.org-White-Writer-drvengrad-kustendorf-mecavnik-mokra-gora-emir-kusturica1.jpg 800w\" sizes=\"auto, (max-width: 300px) 100vw, 300px\" \/><figcaption id=\"caption-attachment-18231\" class=\"wp-caption-text\">Glavna ulica u Drvengradu (Foto: White Writer\/Wikipedia)<\/figcaption><\/figure>\n<p>Dok je snimao film &#8220;\u017divot je \u010dudo&#8221;, reditelja je toliko o\u010darala lepota Mokre Gore, da je je odlu\u010dio da se nastani na njoj, napravi jedinstveno selo i osnuje filmski festival <strong>&#8220;<a href=\"http:\/\/www.serbia.com\/srpski\/danas-pocinje-kustendorf\/\" target=\"_blank\" rel=\"noopener\">Kustendorf<\/a>&#8220;<\/strong>, koji se odr\u017eava u januaru.<\/p>\n<p>Ba\u0161 u to doba godine, Mokra Gora je <strong>savr\u0161eno mesto za skija\u0161e jer se putem od Drvengrada uzbrdo, nakon 10 km sti\u017ee se do skijali\u0161ta &#8220;Iver&#8221;<\/strong>. Novi modeni ski centar poseduje sve uslove za savr\u0161eni dan na snegu: \u010detiri staze, \u017ei\u010dare kao i topove za ve\u0161ta\u010dki sneg.<\/p>\n<p>Ipak, <strong>najlep\u0161i na\u010din da se do\u017eivi ovaj rasko\u0161ni krajolik je da se ukrcate na stari voz &#8220;\u0106iru&#8221; i provozate jedinstvenom &#8220;<a href=\"http:\/\/www.serbia.com\/srpski\/sarganska-osmica-romanticna-voznja-kroz-proslost\/\" target=\"_blank\" rel=\"noopener\">\u0160arganskom osmicom<\/a>&#8220;<\/strong>, prugom uskog koloseka koja je prava retkost.<\/p>\n<p>Ona u obliku broja osam se\u010de strme i stenovite predele i prolazi kroz 22 tunela i vi\u0161e od desetak mostova, tako da putnici u prvi mah i ne shvate da su pro\u0161li \u010ditavu neobi\u010dnu vijugavu putanju od Mokre Gore do \u0160argana.<\/p>\n<figure id=\"attachment_18302\" aria-describedby=\"caption-attachment-18302\" style=\"width: 300px\" class=\"wp-caption alignright\"><img loading=\"lazy\" decoding=\"async\" class=\"wp-image-18302 size-medium\" src=\"http:\/\/www.serbia.com\/wp-content\/uploads\/2012\/11\/15-Mokra-Gora-Voz-Train-Cira2-300x200.jpg\" alt=\"15 Mokra Gora Voz Train Cira\" width=\"300\" height=\"200\" srcset=\"https:\/\/serbia.com\/wp-content\/uploads\/2012\/11\/15-Mokra-Gora-Voz-Train-Cira2-300x200.jpg 300w, https:\/\/serbia.com\/wp-content\/uploads\/2012\/11\/15-Mokra-Gora-Voz-Train-Cira2.jpg 800w\" sizes=\"auto, (max-width: 300px) 100vw, 300px\" \/><figcaption id=\"caption-attachment-18302\" class=\"wp-caption-text\">Stari voz &#8220;\u0106ira&#8221;, dobri duh Mokre gore<\/figcaption><\/figure>\n<p>Na stanicama na kojima ovaj turisti\u010dki voz pauzira, od gordosti zelenih borova i predivnih vidikovaca zastaje dah, dok se sa brda \u0161ume\u0107i spu\u0161taju vodopadi.<\/p>\n<p>Duboko u \u0161umama izviru lekovite vode, a najpoznatiji izvor zove se<strong> &#8220;Bele vode&#8221;<\/strong>. Za njegovu \u010dudotvornu vodu ka\u017eu da le\u010di o\u010dne bolesti, pa zbog toga mnogi posetioci Mokre Gore ovde dolaze kako bi osve\u017eili svoje o\u010di.<\/p>\n<p>Obrasle planiskim travama, <strong>\u201cHajdu\u010dka\u201d<\/strong> i <strong>\u201cCrvena\u201d pe\u0107ina<\/strong> \u010duvaju tajne hajduka dok ostaci rimske kaldrme i groblja ukazuju na to da je u vreme Rimskog carstva ovuda prolazio va\u017ean put.<\/p>\n<p>Mokra Gora i \u010ditav ovaj kraj ne dopadaju samo ljudima, ve\u0107 i mnogobrojnim retkim vrstama \u017eivotinja koje su u njegovim \u0161umama prona\u0161le svoj dom. <strong>Veliki tetreb<\/strong>, <strong>orao zmijar<\/strong>, <strong>mrki medved<\/strong>,<strong> vuk<\/strong> i <strong>divlja ma\u010dka<\/strong>, samo su neki od njih.<\/p>\n<p>Sve lepote koje ima Mokra Gora nikoga ne ostave ravnodu\u0161nim jer predeo koji vezuje dva prirodna savr\u0161enstva, Taru i Zlatibor, zaista mora biti poseban.<\/p>\n<h4>Kako do\u0107i na Goru vijugave <a href=\"http:\/\/www.serbia.com\/srpski\/sarganska-osmica-romanticna-voznja-kroz-proslost\/\" target=\"_blank\" rel=\"noopener\">\u0160arganske pruge<\/a>?<\/h4>\n<p>Park prirode Mokra Gora se nalazi na oko 210 km od <a title=\"Beograd\" href=\"http:\/\/www.serbia.com\/srpski\/posetite-srbiju\/gradovi\/beograd\/\" target=\"_blank\" rel=\"noopener\">Beograda<\/a> i 290 kilometara od <a title=\"Ni\u0161\" href=\"http:\/\/www.serbia.com\/srpski\/posetite-srbiju\/gradovi\/nis\/\" target=\"_blank\" rel=\"noopener\">Ni\u0161a<\/a>, i do nje mo\u017eete sti\u0107i sopstvenim prevozom, autobusom i vozom.<\/p>\n<p>Ukoliko na put kre\u0107ete sopstvenim vozilom, iz pravca Beograda najbolje je po\u0107i magistralnim putem za Crnu Goru. Iz pravca Ni\u0161a ka Mokroj Gori vas vodi put preko <a title=\"Kru\u0161evac, grad kneza Lazara okru\u017een drevnim manastirima\" href=\"http:\/\/www.serbia.com\/srpski\/posetite-srbiju\/gradovi\/krusevac-grad-kneza-lazara-okruzen-drevnim-manastirima\/\" target=\"_blank\" rel=\"noopener\">Kru\u0161evca<\/a>, <a title=\"Kraljevo, grad sedam kraljeva\" href=\"http:\/\/www.serbia.com\/srpski\/posetite-srbiju\/gradovi\/kraljevo-grad-sedam-kraljeva\/\" target=\"_blank\" rel=\"noopener\">Kraljeva<\/a>, <a title=\"\u010ca\u010dak, grad u pokretu\" href=\"http:\/\/www.serbia.com\/srpski\/posetite-srbiju\/gradovi\/cacak-grad-u-pokretu\/\" target=\"_blank\" rel=\"noopener\">\u010ca\u010dka<\/a>, <a href=\"http:\/\/www.serbia.com\/srpski\/pozega-grad-sa-jednim-od-najneobicnijih-trgova-u-evropi\/\" target=\"_blank\" rel=\"noopener\">Po\u017eege<\/a>, <a href=\"http:\/\/www.serbia.com\/srpski\/24-sata-u-uzicu\/\" target=\"_blank\" rel=\"noopener\">U\u017eica<\/a> i <a href=\"http:\/\/www.serbia.com\/srpski\/posetite-srbiju\/prirodne-lepote\/planine\/zlatibor-ukras-na-1-000-metara-visine\/\" target=\"_blank\" rel=\"noopener\">Zlatibora<\/a>. Na Zlatiboru se ra\u010dva put ka Novoj Varo\u0161i i ka Vi\u0161egradu. Za Mokru Goru, skre\u0107ete na put ka Vi\u0161egradu.<\/p>\n<p>Ukoliko se odlu\u010dite za autobuski prevoz, iz svih ve\u0107ih gradova Srbije postoje redovne linije koje voze do U\u017eica i Zlatibora odakle \u0107ete morati da presedate na lokalni autobus ili taksi do Mokre Gore.<\/p>\n<p>Vozom mo\u017eete do\u0107i do U\u017eica a zatim autobusom do <a href=\"http:\/\/www.serbia.com\/srpski\/posetite-srbiju\/prirodne-lepote\/etno-sela\/carobno-selo-drvengrad\/\" target=\"_blank\" rel=\"noopener\">Drvengrada<\/a>.<\/p>\n<h4>Kada ste ve\u0107 ovde, ne propustite&#8230;<\/h4>\n<p>Posetu <a title=\"Zlatibor, ukras na 1.000 metara visine\" href=\"http:\/\/www.serbia.com\/srpski\/posetite-srbiju\/prirodne-lepote\/planine\/zlatibor-ukras-na-1-000-metara-visine\/\" target=\"_blank\" rel=\"noopener\"><strong>Zlatiboru<\/strong><\/a> i zlatiborskom kraju, kao i mestu <strong>\u010cajetina<\/strong> gde mo\u017eete prisustvovati tradicionalnoj manifestaciji <strong>\u201ePr\u0161utijada\u201c<\/strong> i probati neke od doma\u0107ih specijaliteta pripremanih po dobro \u010duvanim receptima.<\/p>\n<p>Pro\u0161etajte nacionalnim parkom<a title=\"Tara, planinski dom staroslovenskih bogova\" href=\"http:\/\/www.serbia.com\/srpski\/posetite-srbiju\/prirodne-lepote\/planine\/tara-planinski-dom-staroslovenskih-bogova\/\" target=\"_blank\" rel=\"noopener\"><strong> Tara<\/strong><\/a> i u\u017eivajte u lepotama <strong>jezera <a href=\"https:\/\/serbia.com\/srpski\/planinsko-selo-zaovine-tamo-gde-bajka-pocinje\/\">Zaovine<\/a><\/strong> i <a title=\"Peru\u0107ac, raj za pecaro\u0161e\" href=\"http:\/\/www.serbia.com\/srpski\/posetite-srbiju\/prirodne-lepote\/reke-i-jezera\/perucac-raj-za-pecarose\/\" target=\"_blank\" rel=\"noopener\"><strong>Peru\u0107ca<\/strong><\/a>.<\/p>\n<p>Ukoliko se na\u0111ete u ovom kraju u letnjem periodu, ne propustite splavarenje <a title=\"Drina, divlja smaragdna lepotica\" href=\"http:\/\/www.serbia.com\/srpski\/posetite-srbiju\/prirodne-lepote\/reke-i-jezera\/drina-divlja-smaragdna-lepotica\/\" target=\"_blank\" rel=\"noopener\">Drinom<\/a> na nekoj od poznatih <a title=\"Sve drinske regate\" href=\"http:\/\/www.serbia.com\/srpski\/sve-drinske-regate\/\"><strong>Drinskih regata<\/strong><\/a>.<\/p>\n\n\n<p><strong>Ukoliko \u017eelite da obi\u0111ete Mokru Goru, turu mo\u017eete zakazati <a href=\"https:\/\/serbia.com\/srpski\/tour\/the-sargan-eight-tara-national-park\/\">OVDE<\/a>.<\/strong><\/p>\n","protected":false},"excerpt":{"rendered":"<p>Mokra Gora u svojoj bujnoj prirodi spaja duh prohujanlih vremena i modernog doba: staru prugu &#8220;\u0160argansku osmicu&#8221;, etno selo Drvengrad Emira Kusturice i savremeni ski centar sa topovima za ve\u0161ta\u010dki [&hellip;]<\/p>\n","protected":false},"author":27,"featured_media":32446,"parent":20463,"menu_order":0,"comment_status":"closed","ping_status":"closed","template":"","meta":{"_acf_changed":false,"inline_featured_image":false,"_monsterinsights_skip_tracking":false,"_monsterinsights_sitenote_active":false,"_monsterinsights_sitenote_note":"","_monsterinsights_sitenote_category":0,"footnotes":""},"categories":[1655],"tags":[],"class_list":["post-32459","page","type-page","status-publish","has-post-thumbnail","hentry","category-planine"],"acf":[],"yoast_head":"<!-- This site is optimized with the Yoast SEO plugin v27.4 - https:\/\/yoast.com\/product\/yoast-seo-wordpress\/ -->\n<title>Mokra Gora, inspiracija umetnosti i stvarala\u0161tva - Serbia.com<\/title>\n<meta name=\"robots\" content=\"index, follow, max-snippet:-1, max-image-preview:large, max-video-preview:-1\" \/>\n<link rel=\"canonical\" href=\"https:\/\/serbia.com\/srpski\/posetite-srbiju\/prirodne-lepote\/planine\/mokra-gora-inspiracija-umetnosti-i-stvaralastva\/\" \/>\n<meta property=\"og:locale\" content=\"en_US\" \/>\n<meta property=\"og:type\" content=\"article\" \/>\n<meta property=\"og:title\" content=\"Mokra Gora, inspiracija umetnosti i stvarala\u0161tva - Serbia.com\" \/>\n<meta property=\"og:description\" content=\"Mokra Gora u svojoj bujnoj prirodi spaja duh prohujanlih vremena i modernog doba: staru prugu &#8220;\u0160argansku osmicu&#8221;, etno selo Drvengrad Emira Kusturice i savremeni ski centar sa topovima za ve\u0161ta\u010dki [&hellip;]\" \/>\n<meta property=\"og:url\" content=\"https:\/\/serbia.com\/srpski\/posetite-srbiju\/prirodne-lepote\/planine\/mokra-gora-inspiracija-umetnosti-i-stvaralastva\/\" \/>\n<meta property=\"og:site_name\" content=\"Serbia.com\" \/>\n<meta property=\"article:modified_time\" content=\"2024-10-20T12:28:46+00:00\" \/>\n<meta property=\"og:image\" content=\"https:\/\/serbia.com\/wp-content\/uploads\/2015\/05\/mokra111.jpg\" \/>\n\t<meta property=\"og:image:width\" content=\"1024\" \/>\n\t<meta property=\"og:image:height\" content=\"414\" \/>\n\t<meta property=\"og:image:type\" content=\"image\/jpeg\" \/>\n<meta name=\"twitter:label1\" content=\"Est. reading time\" \/>\n\t<meta name=\"twitter:data1\" content=\"4 minutes\" \/>\n<script type=\"application\/ld+json\" class=\"yoast-schema-graph\">{\"@context\":\"https:\\\/\\\/schema.org\",\"@graph\":[{\"@type\":\"WebPage\",\"@id\":\"https:\\\/\\\/serbia.com\\\/srpski\\\/posetite-srbiju\\\/prirodne-lepote\\\/planine\\\/mokra-gora-inspiracija-umetnosti-i-stvaralastva\\\/\",\"url\":\"https:\\\/\\\/serbia.com\\\/srpski\\\/posetite-srbiju\\\/prirodne-lepote\\\/planine\\\/mokra-gora-inspiracija-umetnosti-i-stvaralastva\\\/\",\"name\":\"Mokra Gora, inspiracija umetnosti i stvarala\u0161tva - Serbia.com\",\"isPartOf\":{\"@id\":\"https:\\\/\\\/serbia.com\\\/#website\"},\"primaryImageOfPage\":{\"@id\":\"https:\\\/\\\/serbia.com\\\/srpski\\\/posetite-srbiju\\\/prirodne-lepote\\\/planine\\\/mokra-gora-inspiracija-umetnosti-i-stvaralastva\\\/#primaryimage\"},\"image\":{\"@id\":\"https:\\\/\\\/serbia.com\\\/srpski\\\/posetite-srbiju\\\/prirodne-lepote\\\/planine\\\/mokra-gora-inspiracija-umetnosti-i-stvaralastva\\\/#primaryimage\"},\"thumbnailUrl\":\"https:\\\/\\\/serbia.com\\\/wp-content\\\/uploads\\\/2015\\\/05\\\/mokra111.jpg\",\"datePublished\":\"2015-05-21T12:59:19+00:00\",\"dateModified\":\"2024-10-20T12:28:46+00:00\",\"breadcrumb\":{\"@id\":\"https:\\\/\\\/serbia.com\\\/srpski\\\/posetite-srbiju\\\/prirodne-lepote\\\/planine\\\/mokra-gora-inspiracija-umetnosti-i-stvaralastva\\\/#breadcrumb\"},\"inLanguage\":\"srpski\",\"potentialAction\":[{\"@type\":\"ReadAction\",\"target\":[\"https:\\\/\\\/serbia.com\\\/srpski\\\/posetite-srbiju\\\/prirodne-lepote\\\/planine\\\/mokra-gora-inspiracija-umetnosti-i-stvaralastva\\\/\"]}]},{\"@type\":\"ImageObject\",\"inLanguage\":\"srpski\",\"@id\":\"https:\\\/\\\/serbia.com\\\/srpski\\\/posetite-srbiju\\\/prirodne-lepote\\\/planine\\\/mokra-gora-inspiracija-umetnosti-i-stvaralastva\\\/#primaryimage\",\"url\":\"https:\\\/\\\/serbia.com\\\/wp-content\\\/uploads\\\/2015\\\/05\\\/mokra111.jpg\",\"contentUrl\":\"https:\\\/\\\/serbia.com\\\/wp-content\\\/uploads\\\/2015\\\/05\\\/mokra111.jpg\",\"width\":1024,\"height\":414},{\"@type\":\"BreadcrumbList\",\"@id\":\"https:\\\/\\\/serbia.com\\\/srpski\\\/posetite-srbiju\\\/prirodne-lepote\\\/planine\\\/mokra-gora-inspiracija-umetnosti-i-stvaralastva\\\/#breadcrumb\",\"itemListElement\":[{\"@type\":\"ListItem\",\"position\":1,\"name\":\"Home\",\"item\":\"https:\\\/\\\/serbia.com\\\/srpski\\\/\"},{\"@type\":\"ListItem\",\"position\":2,\"name\":\"Poseti Srbiju\",\"item\":\"https:\\\/\\\/serbia.com\\\/srpski\\\/posetite-srbiju\\\/\"},{\"@type\":\"ListItem\",\"position\":3,\"name\":\"Prirodne lepote\",\"item\":\"https:\\\/\\\/serbia.com\\\/srpski\\\/posetite-srbiju\\\/prirodne-lepote\\\/\"},{\"@type\":\"ListItem\",\"position\":4,\"name\":\"Planine\",\"item\":\"https:\\\/\\\/serbia.com\\\/srpski\\\/posetite-srbiju\\\/prirodne-lepote\\\/planine\\\/\"},{\"@type\":\"ListItem\",\"position\":5,\"name\":\"Mokra Gora, inspiracija umetnosti i stvarala\u0161tva\"}]},{\"@type\":\"WebSite\",\"@id\":\"https:\\\/\\\/serbia.com\\\/#website\",\"url\":\"https:\\\/\\\/serbia.com\\\/\",\"name\":\"Serbia.com\",\"description\":\"Your Gateway to Serbia\",\"potentialAction\":[{\"@type\":\"SearchAction\",\"target\":{\"@type\":\"EntryPoint\",\"urlTemplate\":\"https:\\\/\\\/serbia.com\\\/?s={search_term_string}\"},\"query-input\":{\"@type\":\"PropertyValueSpecification\",\"valueRequired\":true,\"valueName\":\"search_term_string\"}}],\"inLanguage\":\"srpski\"}]}<\/script>\n<!-- \/ Yoast SEO plugin. -->","yoast_head_json":{"title":"Mokra Gora, inspiracija umetnosti i stvarala\u0161tva - Serbia.com","robots":{"index":"index","follow":"follow","max-snippet":"max-snippet:-1","max-image-preview":"max-image-preview:large","max-video-preview":"max-video-preview:-1"},"canonical":"https:\/\/serbia.com\/srpski\/posetite-srbiju\/prirodne-lepote\/planine\/mokra-gora-inspiracija-umetnosti-i-stvaralastva\/","og_locale":"en_US","og_type":"article","og_title":"Mokra Gora, inspiracija umetnosti i stvarala\u0161tva - Serbia.com","og_description":"Mokra Gora u svojoj bujnoj prirodi spaja duh prohujanlih vremena i modernog doba: staru prugu &#8220;\u0160argansku osmicu&#8221;, etno selo Drvengrad Emira Kusturice i savremeni ski centar sa topovima za ve\u0161ta\u010dki [&hellip;]","og_url":"https:\/\/serbia.com\/srpski\/posetite-srbiju\/prirodne-lepote\/planine\/mokra-gora-inspiracija-umetnosti-i-stvaralastva\/","og_site_name":"Serbia.com","article_modified_time":"2024-10-20T12:28:46+00:00","og_image":[{"width":1024,"height":414,"url":"https:\/\/serbia.com\/wp-content\/uploads\/2015\/05\/mokra111.jpg","type":"image\/jpeg"}],"twitter_misc":{"Est. reading time":"4 minutes"},"schema":{"@context":"https:\/\/schema.org","@graph":[{"@type":"WebPage","@id":"https:\/\/serbia.com\/srpski\/posetite-srbiju\/prirodne-lepote\/planine\/mokra-gora-inspiracija-umetnosti-i-stvaralastva\/","url":"https:\/\/serbia.com\/srpski\/posetite-srbiju\/prirodne-lepote\/planine\/mokra-gora-inspiracija-umetnosti-i-stvaralastva\/","name":"Mokra Gora, inspiracija umetnosti i stvarala\u0161tva - Serbia.com","isPartOf":{"@id":"https:\/\/serbia.com\/#website"},"primaryImageOfPage":{"@id":"https:\/\/serbia.com\/srpski\/posetite-srbiju\/prirodne-lepote\/planine\/mokra-gora-inspiracija-umetnosti-i-stvaralastva\/#primaryimage"},"image":{"@id":"https:\/\/serbia.com\/srpski\/posetite-srbiju\/prirodne-lepote\/planine\/mokra-gora-inspiracija-umetnosti-i-stvaralastva\/#primaryimage"},"thumbnailUrl":"https:\/\/serbia.com\/wp-content\/uploads\/2015\/05\/mokra111.jpg","datePublished":"2015-05-21T12:59:19+00:00","dateModified":"2024-10-20T12:28:46+00:00","breadcrumb":{"@id":"https:\/\/serbia.com\/srpski\/posetite-srbiju\/prirodne-lepote\/planine\/mokra-gora-inspiracija-umetnosti-i-stvaralastva\/#breadcrumb"},"inLanguage":"srpski","potentialAction":[{"@type":"ReadAction","target":["https:\/\/serbia.com\/srpski\/posetite-srbiju\/prirodne-lepote\/planine\/mokra-gora-inspiracija-umetnosti-i-stvaralastva\/"]}]},{"@type":"ImageObject","inLanguage":"srpski","@id":"https:\/\/serbia.com\/srpski\/posetite-srbiju\/prirodne-lepote\/planine\/mokra-gora-inspiracija-umetnosti-i-stvaralastva\/#primaryimage","url":"https:\/\/serbia.com\/wp-content\/uploads\/2015\/05\/mokra111.jpg","contentUrl":"https:\/\/serbia.com\/wp-content\/uploads\/2015\/05\/mokra111.jpg","width":1024,"height":414},{"@type":"BreadcrumbList","@id":"https:\/\/serbia.com\/srpski\/posetite-srbiju\/prirodne-lepote\/planine\/mokra-gora-inspiracija-umetnosti-i-stvaralastva\/#breadcrumb","itemListElement":[{"@type":"ListItem","position":1,"name":"Home","item":"https:\/\/serbia.com\/srpski\/"},{"@type":"ListItem","position":2,"name":"Poseti Srbiju","item":"https:\/\/serbia.com\/srpski\/posetite-srbiju\/"},{"@type":"ListItem","position":3,"name":"Prirodne lepote","item":"https:\/\/serbia.com\/srpski\/posetite-srbiju\/prirodne-lepote\/"},{"@type":"ListItem","position":4,"name":"Planine","item":"https:\/\/serbia.com\/srpski\/posetite-srbiju\/prirodne-lepote\/planine\/"},{"@type":"ListItem","position":5,"name":"Mokra Gora, inspiracija umetnosti i stvarala\u0161tva"}]},{"@type":"WebSite","@id":"https:\/\/serbia.com\/#website","url":"https:\/\/serbia.com\/","name":"Serbia.com","description":"Your Gateway to Serbia","potentialAction":[{"@type":"SearchAction","target":{"@type":"EntryPoint","urlTemplate":"https:\/\/serbia.com\/?s={search_term_string}"},"query-input":{"@type":"PropertyValueSpecification","valueRequired":true,"valueName":"search_term_string"}}],"inLanguage":"srpski"}]}},"brizy_media":[],"_links":{"self":[{"href":"https:\/\/serbia.com\/srpski\/wp-json\/wp\/v2\/pages\/32459","targetHints":{"allow":["GET"]}}],"collection":[{"href":"https:\/\/serbia.com\/srpski\/wp-json\/wp\/v2\/pages"}],"about":[{"href":"https:\/\/serbia.com\/srpski\/wp-json\/wp\/v2\/types\/page"}],"author":[{"embeddable":true,"href":"https:\/\/serbia.com\/srpski\/wp-json\/wp\/v2\/users\/27"}],"replies":[{"embeddable":true,"href":"https:\/\/serbia.com\/srpski\/wp-json\/wp\/v2\/comments?post=32459"}],"version-history":[{"count":1,"href":"https:\/\/serbia.com\/srpski\/wp-json\/wp\/v2\/pages\/32459\/revisions"}],"predecessor-version":[{"id":55718,"href":"https:\/\/serbia.com\/srpski\/wp-json\/wp\/v2\/pages\/32459\/revisions\/55718"}],"up":[{"embeddable":true,"href":"https:\/\/serbia.com\/srpski\/wp-json\/wp\/v2\/pages\/20463"}],"wp:featuredmedia":[{"embeddable":true,"href":"https:\/\/serbia.com\/srpski\/wp-json\/wp\/v2\/media\/32446"}],"wp:attachment":[{"href":"https:\/\/serbia.com\/srpski\/wp-json\/wp\/v2\/media?parent=32459"}],"wp:term":[{"taxonomy":"category","embeddable":true,"href":"https:\/\/serbia.com\/srpski\/wp-json\/wp\/v2\/categories?post=32459"},{"taxonomy":"post_tag","embeddable":true,"href":"https:\/\/serbia.com\/srpski\/wp-json\/wp\/v2\/tags?post=32459"}],"curies":[{"name":"wp","href":"https:\/\/api.w.org\/{rel}","templated":true}]}}